{"id":3731,"date":"2019-05-22T05:14:08","date_gmt":"2019-05-21T21:14:08","guid":{"rendered":"https:\/\/www.agriculture-machine.com\/?p=3731"},"modified":"2024-09-23T11:16:59","modified_gmt":"2024-09-23T03:16:59","slug":"animal-feed-cutting-grass-machine-straw-cutter-grass-cutter-with-great-capacity","status":"publish","type":"product","link":"https:\/\/www.agriculture-machine.com\/pt\/animal-feed-cutting-grass-machine-straw-cutter-grass-cutter-with-great-capacity\/","title":{"rendered":"M\u00e1quina de cortar relva para ra\u00e7\u00e3o animal | cortador de palha | cortador de relva com grande capacidade"},"content":{"rendered":"<p class=\"translation-block\">M\u00e1quina de corte de grama do tipo disco  \u00e9 usada para cortar grama seca ou molhada, palha de colheita, talos, etc., e possui tr\u00eas modelos, ou seja, 9Z-1.2, 9Z-1.5 e 9Z-1.8. Diferentes modelos de cortadores de grama para animais t\u00eam capacidades diferentes. Pode ser combinado com um motor de 2.2-3kw, motor a gasolina e motor a diesel, e o tamanho do corte pode ser 5mm, 11mm ou 15mm. A grama triturada pode alimentar diferentes animais, como vacas, ovelhas, gansos, frangos, etc.<\/p>   <p><iframe loading=\"lazy\" title=\"m\u00e1quina de corte de forragem e tritura\u00e7\u00e3o de gr\u00e3os a um pre\u00e7o muito baixo, cortador de forragem\" width=\"500\" height=\"281\" src=\"https:\/\/www.youtube.com\/embed\/WTOfgH9OdSs?feature=oembed\" frameborder=\"0\" allow=\"accelerometer; autoplay; clipboard-write; encrypted-media; gyroscope; picture-in-picture; web-share\" referrerpolicy=\"strict-origin-when-cross-origin\" allowfullscreen><\/iframe><\/p>    <figure class=\"wp-block-image aligncenter wp-image-3736\"><img loading=\"lazy\" decoding=\"async\" width=\"750\" height=\"775\" src=\"https:\/\/www.agriculture-machine.com\/wp-content\/uploads\/2019\/05\/\u672a\u6807\u9898-1_01.jpg\" alt=\"M\u00e1quina de cortar relva\" class=\"wp-image-3736\" srcset=\"https:\/\/www.agriculture-machine.com\/wp-content\/uploads\/2019\/05\/\u672a\u6807\u9898-1_01.jpg 750w, https:\/\/www.agriculture-machine.com\/wp-content\/uploads\/2019\/05\/\u672a\u6807\u9898-1_01-261x270.jpg 261w, https:\/\/www.agriculture-machine.com\/wp-content\/uploads\/2019\/05\/\u672a\u6807\u9898-1_01-523x540.jpg 523w\" sizes=\"auto, (max-width: 750px) 100vw, 750px\" \/><figcaption class=\"wp-element-caption\">M\u00e1quina de cortar relva<\/figcaption><\/figure>    <figure class=\"wp-block-image aligncenter wp-image-3735\"><img loading=\"lazy\" decoding=\"async\" width=\"750\" height=\"750\" src=\"https:\/\/www.agriculture-machine.com\/wp-content\/uploads\/2019\/05\/\u672a\u6807\u9898-1.jpg\" alt=\"estrutura do cortador de grama\" class=\"wp-image-3735\" srcset=\"https:\/\/www.agriculture-machine.com\/wp-content\/uploads\/2019\/05\/\u672a\u6807\u9898-1.jpg 750w, https:\/\/www.agriculture-machine.com\/wp-content\/uploads\/2019\/05\/\u672a\u6807\u9898-1-270x270.jpg 270w, https:\/\/www.agriculture-machine.com\/wp-content\/uploads\/2019\/05\/\u672a\u6807\u9898-1-540x540.jpg 540w\" sizes=\"auto, (max-width: 750px) 100vw, 750px\" \/><figcaption class=\"wp-element-caption\">estrutura do cortador de grama<\/figcaption><\/figure>    <h2 class=\"wp-block-heading\">Par\u00e2metros t\u00e9cnicos do corte de grama<\/h2>    <figure class=\"wp-block-table is-style-stripes\"><table><tbody><tr><td>Modelo<\/td><td>9Z-1.2<\/td><td>9Z-1.5<\/td><td>9Z-1.8<\/td><\/tr><tr><td>Tipo de Estrutura<\/td><td>Tipo Disco<\/td><td>Tipo Disco<\/td><td>Tipo Disco<\/td><\/tr><tr><td>Pot\u00eancia<\/td><td>2.2kw-3kw<\/td><td>2.2kw-3kw<\/td><td>2.2kw-3kw<\/td><\/tr><tr><td>Peso<\/td><td>80kg<\/td><td>90kg<\/td><td>100kg<\/td><\/tr><tr><td>Dimens\u00e3o<\/td><td>660*995*1840mm<\/td><td>770*1010*1870mm<\/td><td>800*1010*1900mm<\/td><\/tr><tr><td>Capacidade<\/td><td>1200kg\/h<\/td><td>1500kg\/h<\/td><td>1800kg\/h<\/td><\/tr><tr><td>Velocidade do Eixo Principal<\/td><td>950r\/min<\/td><td>950r\/min<\/td><td>950r\/min<\/td><\/tr><tr><td>Di\u00e2metro do Rotor<\/td><td>470mm<\/td><td>510mm<\/td><td>560mm<\/td><\/tr><tr><td>Quantidade de L\u00e2minas<\/td><td>6pcs<\/td><td>6pcs<\/td><td>6pcs<\/td><\/tr><tr><td>Forma da L\u00e2mina<\/td><td>Ret\u00e2ngulo<\/td><td>Ret\u00e2ngulo<\/td><td>Ret\u00e2ngulo<\/td><\/tr><tr><td>Velocidade do rolo alimentador<\/td><td>360r\/min<\/td><td>360r\/min<\/td><td>360r\/min<\/td><\/tr><tr><td>Modo de Alimenta\u00e7\u00e3o<\/td><td>Manual<\/td><td>Manual<\/td><td>Manual<\/td><\/tr><tr><td>Tamanho do Corte<\/td><td>5mm, 11mm, 15mm<\/td><td>5mm, 11mm, 15mm<\/td><td>5mm, 11mm, 15mm<\/td><\/tr><tr><td>Largura da Entrada de Alimenta\u00e7\u00e3o<\/td><td>170mm<\/td><td>180mm<\/td><td>220mm<\/td><\/tr><\/tbody><\/table><figcaption class=\"wp-element-caption\">dados t\u00e9cnicos da m\u00e1quina de corte de grama<\/figcaption><\/figure>    <h2 class=\"wp-block-heading\">A vantagem da m\u00e1quina de corte de grama<\/h2>    <ol class=\"wp-block-list\"> <li>Estrutura razo\u00e1vel. A longa sa\u00edda torna conveniente descarregar a grama e tr\u00eas marchas podem controlar o comprimento da grama. Al\u00e9m disso, a prateleira abaixo da entrada pode suportar o peso de um motor a gasolina.<\/li>    <li>Quatro rodas facilitam o deslocamento.<\/li>    <li>\u00d3timo desempenho de trabalho e \u00e9 leve. O peso da m\u00e1quina \u00e9 de apenas cerca de 90kg, mas sua capacidade \u00e9 de 1.5t\/h.<\/li>    <li>O tamanho do corte pode ser ajustado conforme sua necessidade, ou seja, 5mm, 11mm, 15mm.<\/li>    <li>O efeito de tritura\u00e7\u00e3o do cortador de grama para animais \u00e9 muito bom, e a sa\u00edda final pode ser usada para alimentar animais.<\/li>    <li>Voc\u00ea pode escolher diferentes modelos de acordo com suas necessidades.<\/li>    <li>A l\u00e2mina dentro da m\u00e1quina \u00e9 muito afiada, com longa vida \u00fatil, e pode cortar completamente a grama.<\/li>    <li>A m\u00e1quina de corte de grama \u00e9 f\u00e1cil de operar e apenas uma pessoa pode concluir o processo.<\/li> <\/ol>    <figure class=\"wp-block-image aligncenter wp-image-3732\"><img decoding=\"async\" src=\"https:\/\/www.agriculture-machine.com\/wp-content\/uploads\/2019\/05\/DSC_3842.jpg\" alt=\"local de teste do cortador de talos de milho\" class=\"wp-image-3732\"\/><figcaption class=\"wp-element-caption\">local de teste do cortador de talos de milho<\/figcaption><\/figure>    <figure class=\"wp-block-image aligncenter wp-image-3733\"><img decoding=\"async\" src=\"https:\/\/www.agriculture-machine.com\/wp-content\/uploads\/2019\/05\/DSC_3848.jpg\" alt=\"m\u00e1quina de corte de forragem\" class=\"wp-image-3733\"\/><figcaption class=\"wp-element-caption\">m\u00e1quina de corte de forragem<\/figcaption><\/figure>    <h2 class=\"wp-block-heading\">Princ\u00edpio de funcionamento da m\u00e1quina de corte de grama<\/h2>    <ol class=\"wp-block-list\"> <li>Primeiro, coloque a grama no funil de alimenta\u00e7\u00e3o.<\/li>    <li>Existem tr\u00eas marchas, incluindo marcha longa, marcha m\u00e9dia e marcha curta, que podem controlar o comprimento da grama. 6 l\u00e2minas e os martelos cortam e esmagam completamente a grama neste momento.<\/li>    <li>Ap\u00f3s alguns segundos, a grama ser\u00e1 descarregada pela sa\u00edda.<\/li> <\/ol>    <figure class=\"wp-block-image aligncenter wp-image-3734\"><img decoding=\"async\" src=\"https:\/\/www.agriculture-machine.com\/wp-content\/uploads\/2019\/05\/DSC_3851.jpg\" alt=\"efeito de corte do cortador de forragem\" class=\"wp-image-3734\"\/><figcaption class=\"wp-element-caption\">efeito de corte do cortador de forragem<\/figcaption><\/figure>    <h2 class=\"wp-block-heading\"><span style=\"color: #ff0000;\">A preocupa\u00e7\u00e3o com o corte de grama<\/span><\/h2>    <ol class=\"wp-block-list\"> <li>Remova objetos duros, como paus, ferros, pedras, etc. na m\u00e1quina de corte de grama.<\/li>    <li>Instale a engrenagem de controle de velocidade de acordo com o comprimento da grama que voc\u00ea precisa.<\/li>    <li>Ligue a fonte de energia e deixe a m\u00e1quina funcionar em vazio por alguns minutos. Em seguida, coloque a quantidade apropriada de grama na entrada de alimenta\u00e7\u00e3o de maneira uniforme para que n\u00e3o haja situa\u00e7\u00e3o anormal. Muita grama causar\u00e1 uma parada por sobrecarga, caso contr\u00e1rio, afetar\u00e1 a efici\u00eancia do corte.<\/li>    <li>Ao parar, deixe a m\u00e1quina funcionar em vazio por dois minutos. Sopre a poeira e as ervas daninhas dentro da m\u00e1quina de corte de grama, depois desligue a m\u00e1quina e ajuste a alavanca para a posi\u00e7\u00e3o \u201cparar\u201d.<\/li>    <li>Ao usar um motor a diesel ou pot\u00eancia de trator, o acelerador do motor a diesel deve ser controlado adequadamente (geralmente usa-se o acelerador m\u00e9dio). Se for muito grande, causar\u00e1 um gasto excessivo da m\u00e1quina. Caso contr\u00e1rio, afetar\u00e1 a efici\u00eancia do trabalho.<\/li>    <li>The gearbox handle of this machine has 3 gear positions, push the handle to the (in) position during normal use. When the feeding is too blocked, push the handle to the \u201cstop\u201d position, wait for a moment, and then push To the &#8220;return&#8221; position. You shall reduce the feeding amount and re-work. When the operation stops, the handle is adjusted to the &#8220;stop&#8221; position; when the handle is pushed, the pushing force should be appropriate.<\/li> <\/ol>    <h2 class=\"wp-block-heading\">FAQ da m\u00e1quina de corte de grama<\/h2>   <div id=\"rank-math-faq\" class=\"rank-math-block\"> <div class=\"rank-math-list\"> <div id=\"faq-question-1707040336268\" class=\"rank-math-list-item\"> <h3 class=\"rank-math-question\">Quantas l\u00e2minas est\u00e3o dentro da m\u00e1quina? e qual \u00e9 a forma da l\u00e2mina?<\/h3> <div class=\"rank-math-answer\">  <p>Existem 6 l\u00e2minas.<\/p>  <\/div> <\/div> <div id=\"faq-question-1707040349705\" class=\"rank-math-list-item\"> <h3 class=\"rank-math-question\">Qual \u00e9 a forma das l\u00e2minas?<\/h3> <div class=\"rank-math-answer\">  <p>Elas parecem ret\u00e2ngulos.<\/p>  <\/div> <\/div> <div id=\"faq-question-1707040362057\" class=\"rank-math-list-item\"> <h3 class=\"rank-math-question\">Qual \u00e9 o tamanho do corte da grama final?<\/h3> <div class=\"rank-math-answer\">  <p>5mm, 11mm e 15mm.<\/p>  <\/div> <\/div> <div id=\"faq-question-1707040375585\" class=\"rank-math-list-item\"> <h3 class=\"rank-math-question\">Voc\u00ea tem outras m\u00e1quinas com capacidades diferentes?<\/h3> <div class=\"rank-math-answer\">  <p class=\"translation-block\">Sim, temos. A capacidade desta <strong><a href=\"https:\/\/www.agriculture-machine.com\/pt\/small-chaff-cutter\/\"><em>m\u00e1quina cortadora de forragem<\/em><\/a><\/strong> \u00e9 1.5t\/h. Tamb\u00e9m temos m\u00e1quinas de 2t\/h a 10t\/h.<\/p>  <\/div> <\/div> <div id=\"faq-question-1707040389913\" class=\"rank-math-list-item\"> <h3 class=\"rank-math-question\">Para que a grama triturada pode ser usada?<\/h3> <div class=\"rank-math-answer\">  <p>A grama triturada pode ser usada para alimentar animais.<\/p>  <\/div> <\/div> <\/div> <\/div>","protected":false},"excerpt":{"rendered":"<p>Esta m\u00e1quina de corte de grama pode ser combinada com motor de 2.2kw, motor a gasolina e motor a diesel, e o tamanho do corte pode ser 5mm, 11mm, 15mm. A grama triturada pode alimentar diferentes animais, como vaca, ovelha, ganso, frango, etc.\u00a0<\/p>","protected":false},"author":1,"featured_media":14626,"parent":0,"comment_status":"closed","ping_status":"closed","template":"","tags":[2609,2630],"product-type":[912,876],"class_list":["post-3731","product","type-product","status-publish","has-post-thumbnail","hentry","tag-cutter","tag-feed","product-type-chaff-cutter","product-type-silage-machine"],"_links":{"self":[{"href":"https:\/\/www.agriculture-machine.com\/pt\/wp-json\/wp\/v2\/product\/3731","targetHints":{"allow":["GET"]}}],"collection":[{"href":"https:\/\/www.agriculture-machine.com\/pt\/wp-json\/wp\/v2\/product"}],"about":[{"href":"https:\/\/www.agriculture-machine.com\/pt\/wp-json\/wp\/v2\/types\/product"}],"author":[{"embeddable":true,"href":"https:\/\/www.agriculture-machine.com\/pt\/wp-json\/wp\/v2\/users\/1"}],"replies":[{"embeddable":true,"href":"https:\/\/www.agriculture-machine.com\/pt\/wp-json\/wp\/v2\/comments?post=3731"}],"wp:featuredmedia":[{"embeddable":true,"href":"https:\/\/www.agriculture-machine.com\/pt\/wp-json\/wp\/v2\/media\/14626"}],"wp:attachment":[{"href":"https:\/\/www.agriculture-machine.com\/pt\/wp-json\/wp\/v2\/media?parent=3731"}],"wp:term":[{"taxonomy":"post_tag","embeddable":true,"href":"https:\/\/www.agriculture-machine.com\/pt\/wp-json\/wp\/v2\/tags?post=3731"},{"taxonomy":"product-type","embeddable":true,"href":"https:\/\/www.agriculture-machine.com\/pt\/wp-json\/wp\/v2\/product-type?post=3731"}],"curies":[{"name":"wp","href":"https:\/\/api.w.org\/{rel}","templated":true}]}}