{"id":3747,"date":"2019-05-23T05:13:35","date_gmt":"2019-05-22T21:13:35","guid":{"rendered":"https:\/\/www.agriculture-machine.com\/?p=3747"},"modified":"2024-08-20T17:43:04","modified_gmt":"2024-08-20T09:43:04","slug":"stainless-steel-cocoa-beans-peeling-machine-with-long-service-life","status":"publish","type":"product","link":"https:\/\/www.agriculture-machine.com\/pt\/stainless-steel-cocoa-beans-peeling-machine-with-long-service-life\/","title":{"rendered":"M\u00e1quina de descascamento de gr\u00e3os de cacau em a\u00e7o inox com longa vida \u00fatil"},"content":{"rendered":"<p class=\"translation-block\">Usually, people will process cocoa beans into a variety of cocoa powder, chocolate and other foods. And because of the hardness of the cocoa bean&#8217;s shell. People can use the <a href=\"https:\/\/www.agriculture-machine.com\/pt\/cocoa-pod-breaker-cocoa-pod-splitter-cocoa-pod-opener\/\">cocoa pod breaker<\/a> to break the shell. So that it is convenient for the further process of the cocoa bean. After opening the pod of the cocoa bean, we can use the cocoa beans peeling machine.<strong> The cocoa beans peeling machine<\/strong>\u00a0includes peeling roller, fan and gravity sorting part. This machine has simple and compact structure and stable performance. What\u2019s more, it is safe and reliable during operation. Peeled cocoa beans boasts great aroma, widely applying to produce chocolate, candy and other industries.<\/p> <div id='gallery-1' class='gallery galleryid-3747 gallery-columns-2 gallery-size-full'><figure class='gallery-item'> \t\t\t<div class='gallery-icon portrait'> \t\t\t\t<a href='https:\/\/www.agriculture-machine.com\/pt\/stainless-steel-cocoa-beans-peeling-machine-with-long-service-life\/attachment\/cocoa-beans-peeling-delivery-1\/'><img loading=\"lazy\" decoding=\"async\" width=\"400\" height=\"500\" src=\"https:\/\/www.agriculture-machine.com\/wp-content\/uploads\/2019\/05\/cocoa-beans-peeling-delivery-1.jpg\" class=\"attachment-full size-full\" alt=\"entrega de descascamento de gr\u00e3os de cacau (1)\" srcset=\"https:\/\/www.agriculture-machine.com\/wp-content\/uploads\/2019\/05\/cocoa-beans-peeling-delivery-1.jpg 400w, https:\/\/www.agriculture-machine.com\/wp-content\/uploads\/2019\/05\/cocoa-beans-peeling-delivery-1-216x270.jpg 216w\" sizes=\"auto, (max-width: 400px) 100vw, 400px\" \/><\/a> \t\t\t<\/div><\/figure><figure class='gallery-item'> \t\t\t<div class='gallery-icon portrait'> \t\t\t\t<a href='https:\/\/www.agriculture-machine.com\/pt\/stainless-steel-cocoa-beans-peeling-machine-with-long-service-life\/attachment\/cocoa-beans-peeling-2\/'><img loading=\"lazy\" decoding=\"async\" width=\"400\" height=\"500\" src=\"https:\/\/www.agriculture-machine.com\/wp-content\/uploads\/2019\/05\/cocoa-beans-peeling-2.jpg\" class=\"attachment-full size-full\" alt=\"descascamento de gr\u00e3os de cacau (2)\" srcset=\"https:\/\/www.agriculture-machine.com\/wp-content\/uploads\/2019\/05\/cocoa-beans-peeling-2.jpg 400w, https:\/\/www.agriculture-machine.com\/wp-content\/uploads\/2019\/05\/cocoa-beans-peeling-2-216x270.jpg 216w\" sizes=\"auto, (max-width: 400px) 100vw, 400px\" \/><\/a> \t\t\t<\/div><\/figure> \t\t<\/div>  <h2>Princ\u00edpio de funcionamento da m\u00e1quina de descascamento de gr\u00e3os de cacau<\/h2> <ol> <li>Despeje os gr\u00e3os de cacau uniformemente na cuba de alimenta\u00e7\u00e3o.<\/li> <li>Os gr\u00e3os de cacau s\u00e3o continuamente rolados pelos rolos dentro da m\u00e1quina, e a pele dos gr\u00e3os de cacau \u00e9 removida posteriormente.<\/li> <li>O vento do ventilador ir\u00e1 absorver a pele para o ciclone.<\/li> <li>Por fim, os gr\u00e3os de cacau descascados s\u00e3o descarregados do outro lado da m\u00e1quina.<\/li> <\/ol> <div id='gallery-2' class='gallery galleryid-3747 gallery-columns-2 gallery-size-full'><figure class='gallery-item'> \t\t\t<div class='gallery-icon portrait'> \t\t\t\t<a href='https:\/\/www.agriculture-machine.com\/pt\/stainless-steel-cocoa-beans-peeling-machine-with-long-service-life\/attachment\/cocoa-beans-peeling-delivery-6\/'><img loading=\"lazy\" decoding=\"async\" width=\"400\" height=\"500\" src=\"https:\/\/www.agriculture-machine.com\/wp-content\/uploads\/2019\/05\/cocoa-beans-peeling-delivery-6.jpg\" class=\"attachment-full size-full\" alt=\"entrega de descascamento de gr\u00e3os de cacau (6)\" srcset=\"https:\/\/www.agriculture-machine.com\/wp-content\/uploads\/2019\/05\/cocoa-beans-peeling-delivery-6.jpg 400w, https:\/\/www.agriculture-machine.com\/wp-content\/uploads\/2019\/05\/cocoa-beans-peeling-delivery-6-216x270.jpg 216w\" sizes=\"auto, (max-width: 400px) 100vw, 400px\" \/><\/a> \t\t\t<\/div><\/figure><figure class='gallery-item'> \t\t\t<div class='gallery-icon portrait'> \t\t\t\t<a href='https:\/\/www.agriculture-machine.com\/pt\/stainless-steel-cocoa-beans-peeling-machine-with-long-service-life\/attachment\/cocoa-beans-peeling-2\/'><img loading=\"lazy\" decoding=\"async\" width=\"400\" height=\"500\" src=\"https:\/\/www.agriculture-machine.com\/wp-content\/uploads\/2019\/05\/cocoa-beans-peeling-2.jpg\" class=\"attachment-full size-full\" alt=\"descascamento de gr\u00e3os de cacau (2)\" srcset=\"https:\/\/www.agriculture-machine.com\/wp-content\/uploads\/2019\/05\/cocoa-beans-peeling-2.jpg 400w, https:\/\/www.agriculture-machine.com\/wp-content\/uploads\/2019\/05\/cocoa-beans-peeling-2-216x270.jpg 216w\" sizes=\"auto, (max-width: 400px) 100vw, 400px\" \/><\/a> \t\t\t<\/div><\/figure> \t\t<\/div>  <h2>Aplica\u00e7\u00e3o do equipamento de descascamento de gr\u00e3os de cacau<\/h2> <p>O p\u00f3 de cacau tem um aroma forte e pode ser usado em chocolates de alta qualidade, gelados, doces e pastelaria. Tamb\u00e9m pode ser aplicado em outras ind\u00fastrias, como medicamentos e produtos de sa\u00fade.<\/p> <div id='gallery-3' class='gallery galleryid-3747 gallery-columns-2 gallery-size-full'><figure class='gallery-item'> \t\t\t<div class='gallery-icon portrait'> \t\t\t\t<a href='https:\/\/www.agriculture-machine.com\/pt\/stainless-steel-cocoa-beans-peeling-machine-with-long-service-life\/attachment\/cocoa-beans-peeling-5\/'><img loading=\"lazy\" decoding=\"async\" width=\"400\" height=\"500\" src=\"https:\/\/www.agriculture-machine.com\/wp-content\/uploads\/2019\/05\/cocoa-beans-peeling-5.jpg\" class=\"attachment-full size-full\" alt=\"descascamento de gr\u00e3os de cacau (5)\" srcset=\"https:\/\/www.agriculture-machine.com\/wp-content\/uploads\/2019\/05\/cocoa-beans-peeling-5.jpg 400w, https:\/\/www.agriculture-machine.com\/wp-content\/uploads\/2019\/05\/cocoa-beans-peeling-5-216x270.jpg 216w\" sizes=\"auto, (max-width: 400px) 100vw, 400px\" \/><\/a> \t\t\t<\/div><\/figure><figure class='gallery-item'> \t\t\t<div class='gallery-icon portrait'> \t\t\t\t<a href='https:\/\/www.agriculture-machine.com\/pt\/stainless-steel-cocoa-beans-peeling-machine-with-long-service-life\/attachment\/cocoa-beans-peeling-delivery-2\/'><img loading=\"lazy\" decoding=\"async\" width=\"400\" height=\"500\" src=\"https:\/\/www.agriculture-machine.com\/wp-content\/uploads\/2019\/05\/cocoa-beans-peeling-delivery-2.jpg\" class=\"attachment-full size-full\" alt=\"entrega de descascamento de gr\u00e3os de cacau (2)\" srcset=\"https:\/\/www.agriculture-machine.com\/wp-content\/uploads\/2019\/05\/cocoa-beans-peeling-delivery-2.jpg 400w, https:\/\/www.agriculture-machine.com\/wp-content\/uploads\/2019\/05\/cocoa-beans-peeling-delivery-2-216x270.jpg 216w\" sizes=\"auto, (max-width: 400px) 100vw, 400px\" \/><\/a> \t\t\t<\/div><\/figure> \t\t<\/div>  <h2>Vantagens da m\u00e1quina de descascamento de gr\u00e3os de cacau<\/h2> <ol> <li>Ajustando o tamanho do vento e a folga do espa\u00e7o de descascamento, todas as peles e gr\u00e3os podem ser totalmente separados ajustando a pot\u00eancia do vento e a folga do rolo de descascamento.<\/li> <li>O grande ciclone ao lado da m\u00e1quina de descascamento de cacau pode absorver completamente a pele dos gr\u00e3os de cacau, melhorando a taxa de limpeza.<\/li> <li>A taxa de descascamento pode atingir 99% ou mais, e os gr\u00e3os de cacau descascados ainda mant\u00eam o aroma original.<\/li> <li>\u00c9 feito de a\u00e7o inoxid\u00e1vel e possui longa durabilidade e forte resist\u00eancia \u00e0 corros\u00e3o.<\/li> <\/ol> <h2>Par\u00e2metro t\u00e9cnico da m\u00e1quina de descascamento de gr\u00e3os de cacau<\/h2> <table> <tbody> <tr> <td width=\"284\">Capacidade<\/td> <td width=\"284\">400KG\/H<\/td> <\/tr> <tr> <td width=\"284\">Motor<\/td> <td width=\"284\">\u00a00,75KW<\/td> <\/tr> <tr> <td width=\"284\">Tens\u00e3o<\/td> <td width=\"284\">380V<\/td> <\/tr> <tr> <td width=\"284\">Taxa de descasque<\/td> <td width=\"284\">\u00a0&gt;99%<\/td> <\/tr> <tr> <td width=\"284\">Dimens\u00e3o<\/td> <td width=\"284\">130*80* 130cm<\/td> <\/tr> <tr> <td width=\"284\">Peso<\/td> <td width=\"284\">140kg<\/td> <\/tr> <\/tbody> <\/table> <h2>Caso de sucesso do equipamento de descascamento de gr\u00e3os de cacau<\/h2> <p>Como ingrediente de chocolate, gelados, doces e pastelaria, esta m\u00e1quina \u00e9 muito popular na maioria dos pa\u00edses. Vendemos ontem 5 conjuntos de m\u00e1quinas de descascamento de gr\u00e3os de cacau para o Camar\u00f5es, e este cliente j\u00e1 encomendou v\u00e1rias vezes uma m\u00e1quina semelhante. A seguir, os detalhes da embalagem.<\/p> <p>O ciclone precisa ser descarregado devido ao seu grande tamanho.<\/p> <div id='gallery-4' class='gallery galleryid-3747 gallery-columns-2 gallery-size-full'><figure class='gallery-item'> \t\t\t<div class='gallery-icon portrait'> \t\t\t\t<a href='https:\/\/www.agriculture-machine.com\/pt\/stainless-steel-cocoa-beans-peeling-machine-with-long-service-life\/attachment\/cocoa-beans-peeling-delivery-5\/'><img loading=\"lazy\" decoding=\"async\" width=\"400\" height=\"500\" src=\"https:\/\/www.agriculture-machine.com\/wp-content\/uploads\/2019\/05\/cocoa-beans-peeling-delivery-5.jpg\" class=\"attachment-full size-full\" alt=\"entrega de descascamento de gr\u00e3os de cacau (5)\" srcset=\"https:\/\/www.agriculture-machine.com\/wp-content\/uploads\/2019\/05\/cocoa-beans-peeling-delivery-5.jpg 400w, https:\/\/www.agriculture-machine.com\/wp-content\/uploads\/2019\/05\/cocoa-beans-peeling-delivery-5-216x270.jpg 216w\" sizes=\"auto, (max-width: 400px) 100vw, 400px\" \/><\/a> \t\t\t<\/div><\/figure><figure class='gallery-item'> \t\t\t<div class='gallery-icon portrait'> \t\t\t\t<a href='https:\/\/www.agriculture-machine.com\/pt\/stainless-steel-cocoa-beans-peeling-machine-with-long-service-life\/attachment\/cocoa-beans-peeling-delivery-7\/'><img loading=\"lazy\" decoding=\"async\" width=\"400\" height=\"500\" src=\"https:\/\/www.agriculture-machine.com\/wp-content\/uploads\/2019\/05\/cocoa-beans-peeling-delivery-7.jpg\" class=\"attachment-full size-full\" alt=\"entrega de descascamento de gr\u00e3os de cacau (7)\" srcset=\"https:\/\/www.agriculture-machine.com\/wp-content\/uploads\/2019\/05\/cocoa-beans-peeling-delivery-7.jpg 400w, https:\/\/www.agriculture-machine.com\/wp-content\/uploads\/2019\/05\/cocoa-beans-peeling-delivery-7-216x270.jpg 216w\" sizes=\"auto, (max-width: 400px) 100vw, 400px\" \/><\/a> \t\t\t<\/div><\/figure> \t\t<\/div>  <div id='gallery-5' class='gallery galleryid-3747 gallery-columns-2 gallery-size-full'><figure class='gallery-item'> \t\t\t<div class='gallery-icon portrait'> \t\t\t\t<a href='https:\/\/www.agriculture-machine.com\/pt\/stainless-steel-cocoa-beans-peeling-machine-with-long-service-life\/attachment\/cocoa-beans-peeling-delivery-2\/'><img loading=\"lazy\" decoding=\"async\" width=\"400\" height=\"500\" src=\"https:\/\/www.agriculture-machine.com\/wp-content\/uploads\/2019\/05\/cocoa-beans-peeling-delivery-2.jpg\" class=\"attachment-full size-full\" alt=\"entrega de descascamento de gr\u00e3os de cacau (2)\" srcset=\"https:\/\/www.agriculture-machine.com\/wp-content\/uploads\/2019\/05\/cocoa-beans-peeling-delivery-2.jpg 400w, https:\/\/www.agriculture-machine.com\/wp-content\/uploads\/2019\/05\/cocoa-beans-peeling-delivery-2-216x270.jpg 216w\" sizes=\"auto, (max-width: 400px) 100vw, 400px\" \/><\/a> \t\t\t<\/div><\/figure><figure class='gallery-item'> \t\t\t<div class='gallery-icon portrait'> \t\t\t\t<a href='https:\/\/www.agriculture-machine.com\/pt\/stainless-steel-cocoa-beans-peeling-machine-with-long-service-life\/attachment\/cocoa-beans-peeling-delivery-3\/'><img loading=\"lazy\" decoding=\"async\" width=\"400\" height=\"500\" src=\"https:\/\/www.agriculture-machine.com\/wp-content\/uploads\/2019\/05\/cocoa-beans-peeling-delivery-3.jpg\" class=\"attachment-full size-full\" alt=\"entrega de descascamento de gr\u00e3os de cacau (3)\" srcset=\"https:\/\/www.agriculture-machine.com\/wp-content\/uploads\/2019\/05\/cocoa-beans-peeling-delivery-3.jpg 400w, https:\/\/www.agriculture-machine.com\/wp-content\/uploads\/2019\/05\/cocoa-beans-peeling-delivery-3-216x270.jpg 216w\" sizes=\"auto, (max-width: 400px) 100vw, 400px\" \/><\/a> \t\t\t<\/div><\/figure> \t\t<\/div>  <h2>Perguntas frequentes sobre a m\u00e1quina de descascamento de gr\u00e3os de cacau<\/h2> <ol> <li>Qual \u00e9 a taxa de descascamento desta m\u00e1quina?<\/li> <\/ol> <p>Mais de 99%.<\/p> <ol start=\"2\"> <li>Posso ajustar a folga do rolo?<\/li> <\/ol> <p>Sim, claro, a folga do rolo \u00e9 ajust\u00e1vel, pois diferentes gr\u00e3os de cacau t\u00eam tamanhos diferentes.<\/p> <ol start=\"3\"> <li>Para que s\u00e3o utilizados os gr\u00e3os de cacau descascados?<\/li> <\/ol> <p>Pode ser usado para fazer chocolate, gelados, doces e pastelaria, etc.<\/p>","protected":false},"excerpt":{"rendered":"<p>Usually, people will process cocoa beans into a variety of cocoa powder, chocolate and other foods. And because of the hardness of the cocoa bean&#8217;s shell. People can use the cocoa pod breaker to break the shell. So that it is convenient for the further process of the cocoa bean. After opening the pod of [&hellip;]<\/p>\n","protected":false},"author":1,"featured_media":3748,"parent":0,"comment_status":"open","ping_status":"open","template":"","tags":[],"product-type":[904],"class_list":["post-3747","product","type-product","status-publish","has-post-thumbnail","hentry","product-type-cocao-beans-dehuller-machine"],"_links":{"self":[{"href":"https:\/\/www.agriculture-machine.com\/pt\/wp-json\/wp\/v2\/product\/3747","targetHints":{"allow":["GET"]}}],"collection":[{"href":"https:\/\/www.agriculture-machine.com\/pt\/wp-json\/wp\/v2\/product"}],"about":[{"href":"https:\/\/www.agriculture-machine.com\/pt\/wp-json\/wp\/v2\/types\/product"}],"author":[{"embeddable":true,"href":"https:\/\/www.agriculture-machine.com\/pt\/wp-json\/wp\/v2\/users\/1"}],"replies":[{"embeddable":true,"href":"https:\/\/www.agriculture-machine.com\/pt\/wp-json\/wp\/v2\/comments?post=3747"}],"wp:featuredmedia":[{"embeddable":true,"href":"https:\/\/www.agriculture-machine.com\/pt\/wp-json\/wp\/v2\/media\/3748"}],"wp:attachment":[{"href":"https:\/\/www.agriculture-machine.com\/pt\/wp-json\/wp\/v2\/media?parent=3747"}],"wp:term":[{"taxonomy":"post_tag","embeddable":true,"href":"https:\/\/www.agriculture-machine.com\/pt\/wp-json\/wp\/v2\/tags?post=3747"},{"taxonomy":"product-type","embeddable":true,"href":"https:\/\/www.agriculture-machine.com\/pt\/wp-json\/wp\/v2\/product-type?post=3747"}],"curies":[{"name":"wp","href":"https:\/\/api.w.org\/{rel}","templated":true}]}}