{"id":3771,"date":"2019-05-27T04:04:16","date_gmt":"2019-05-26T20:04:16","guid":{"rendered":"https:\/\/www.agriculture-machine.com\/?p=3771"},"modified":"2026-02-25T17:41:02","modified_gmt":"2026-02-25T09:41:02","slug":"wheat-thresher-for-sale-sorghum-rice-thresher-beans-millet-threshing-machine","status":"publish","type":"product","link":"https:\/\/www.agriculture-machine.com\/pt\/wheat-thresher-for-sale-sorghum-rice-thresher-beans-millet-threshing-machine\/","title":{"rendered":"Despedeira de trigo | Despedeira de arroz \u00e0 venda"},"content":{"rendered":"<p class=\"translation-block\">Esta \u00e9 uma nova <strong>m\u00e1quina de debulhar arroz<\/strong> com alta efici\u00eancia de trabalho, amplamente utilizada para debulhar trigo, arroz e millet, e a sua capacidade \u00e9 de 400-500kg\/h. Pode ser equipada com motor, motor a gasolina e motor a diesel, sendo conveniente para \u00e1reas onde a eletricidade \u00e9 insuficiente.<\/p>    <figure class=\"wp-block-image aligncenter wp-image-3775 size-full\"><img loading=\"lazy\" decoding=\"async\" width=\"600\" height=\"500\" src=\"https:\/\/www.agriculture-machine.com\/wp-content\/uploads\/2019\/05\/wheat-thresher-13.jpg\" alt=\"debulhador de arroz\" class=\"wp-image-3775\" srcset=\"https:\/\/www.agriculture-machine.com\/wp-content\/uploads\/2019\/05\/wheat-thresher-13.jpg 600w, https:\/\/www.agriculture-machine.com\/wp-content\/uploads\/2019\/05\/wheat-thresher-13-324x270.jpg 324w\" sizes=\"auto, (max-width: 600px) 100vw, 600px\" \/><figcaption class=\"wp-element-caption\">debulhador de arroz<\/figcaption><\/figure>    <p>A debulhadora de trigo tem duas rodas, uma estrutura ajust\u00e1vel, uma cuba de alimenta\u00e7\u00e3o, uma sa\u00edda de impurezas, uma sa\u00edda de palha e uma sa\u00edda de gr\u00e3os, etc.<\/p>    <figure class=\"wp-block-image aligncenter wp-image-3774 size-full\"><img loading=\"lazy\" decoding=\"async\" width=\"600\" height=\"500\" src=\"https:\/\/www.agriculture-machine.com\/wp-content\/uploads\/2019\/05\/wheat-thresher-12.jpg\" alt=\"debulhador de arroz\" class=\"wp-image-3774\" srcset=\"https:\/\/www.agriculture-machine.com\/wp-content\/uploads\/2019\/05\/wheat-thresher-12.jpg 600w, https:\/\/www.agriculture-machine.com\/wp-content\/uploads\/2019\/05\/wheat-thresher-12-324x270.jpg 324w\" sizes=\"auto, (max-width: 600px) 100vw, 600px\" \/><figcaption class=\"wp-element-caption\">debulhador de arroz<\/figcaption><\/figure>    <h2 class=\"wp-block-heading\">Par\u00e2metro t\u00e9cnico do debulhador de arroz<\/h2>    <figure class=\"wp-block-table\"><table class=\"has-fixed-layout\"><tbody><tr><td><strong><b>Modelo<\/b><\/strong><\/td><td><strong><b>TZ-50<\/b><\/strong><\/td><\/tr><tr><td><strong><b>Capacidade<\/b><\/strong><\/td><td>400-500kg\/h<\/td><\/tr><tr><td><strong><b>Pot\u00eancia<\/b><\/strong><\/td><td>Motor de 3kw<br><p>Motor a diesel de 8hp, motor a gasolina 170F<\/p><\/td><\/tr><tr><td><strong><b>Peso<\/b><\/strong><\/td><td>85kg<\/td><\/tr><tr><td><strong><b>Tamanho<\/b><\/strong><\/td><td>1260*1320*1120mm<\/td><\/tr><\/tbody><\/table><\/figure>    <h2 class=\"wp-block-heading\">Vantagem do debulhador de arroz<\/h2>    <ol class=\"wp-block-list\"> <li>Uma sa\u00edda grande pode melhorar a taxa de limpeza.<\/li>    <li>Combina com motor, motor a diesel e motor a gasolina de acordo com as necessidades<\/li>    <li>Duas rodas facilitam o deslocamento.<\/li>    <li>Alta taxa de debulha. Pode atingir 98%, e os gr\u00e3os finais s\u00e3o muito limpos.<\/li>    <li>M\u00faltiplas fun\u00e7\u00f5es. Ao trocar diferentes telas, este <a href=\"https:\/\/www.agriculture-machine.com\/pt\/small-thresher-for-rice-wheat-beans-sorghum-millet\/\"><strong>m\u00e1quina de debulhar trigo<\/strong><\/a> pode debulhar muitas culturas como arroz, trigo, feij\u00e3o, etc.<\/li> <\/ol>    <figure class=\"wp-block-image aligncenter wp-image-3773 size-full\"><img loading=\"lazy\" decoding=\"async\" width=\"600\" height=\"500\" src=\"https:\/\/www.agriculture-machine.com\/wp-content\/uploads\/2019\/05\/wheat-thresher-11.jpg\" alt=\"m\u00e1quina de debulhar trigo\" class=\"wp-image-3773\" srcset=\"https:\/\/www.agriculture-machine.com\/wp-content\/uploads\/2019\/05\/wheat-thresher-11.jpg 600w, https:\/\/www.agriculture-machine.com\/wp-content\/uploads\/2019\/05\/wheat-thresher-11-324x270.jpg 324w\" sizes=\"auto, (max-width: 600px) 100vw, 600px\" \/><figcaption class=\"wp-element-caption\">m\u00e1quina de debulhar trigo<\/figcaption><\/figure>    <p>&nbsp;<\/p>    <h2 class=\"wp-block-heading\">Princ\u00edpio de funcionamento do debulhador de arroz<\/h2>    <ol class=\"wp-block-list\"> <li>O usu\u00e1rio coloca o arroz na entrada gradualmente<\/li>    <li>Sob a for\u00e7a dos rolos, os gr\u00e3os de arroz s\u00e3o separados do palha e caem no recipiente.<\/li>    <li>3. E os palha s\u00e3o soprados atrav\u00e9s de outra sa\u00edda.<\/li>    <li>Para evitar que os palha bloqueiem a sa\u00edda, \u00e9 melhor usar uma p\u00e1 para remov\u00ea-los a tempo.<\/li> <\/ol>    <figure class=\"wp-block-image aligncenter wp-image-3772 size-full\"><img loading=\"lazy\" decoding=\"async\" width=\"600\" height=\"500\" src=\"https:\/\/www.agriculture-machine.com\/wp-content\/uploads\/2019\/05\/wheat-thresher-10.jpg\" alt=\"Entrada da m\u00e1quina de debulhar trigo\" class=\"wp-image-3772\" srcset=\"https:\/\/www.agriculture-machine.com\/wp-content\/uploads\/2019\/05\/wheat-thresher-10.jpg 600w, https:\/\/www.agriculture-machine.com\/wp-content\/uploads\/2019\/05\/wheat-thresher-10-324x270.jpg 324w\" sizes=\"auto, (max-width: 600px) 100vw, 600px\" \/><figcaption class=\"wp-element-caption\">Entrada da m\u00e1quina de debulhar trigo<\/figcaption><\/figure>    <h2 class=\"wp-block-heading\">Caso de sucesso do debulhador de arroz<\/h2>    <p class=\"translation-block\">Em fevereiro de 2019, 79 conjuntos <strong>m\u00e1quina de debulhar trigo<\/strong> foram exportados para o Peru. Alta taxa de debulha, alta taxa de limpeza e excelente efici\u00eancia de trabalho fazem dela extremamente popular no mercado, e a seguir est\u00e3o os detalhes de embalagem.<\/p>    <figure class=\"wp-block-image aligncenter wp-image-3344 size-full\"><img loading=\"lazy\" decoding=\"async\" width=\"600\" height=\"500\" src=\"https:\/\/www.agriculture-machine.com\/wp-content\/uploads\/2019\/04\/wheat-thresher-4.jpg\" alt=\"local de entrega do debulhador de arroz\" class=\"wp-image-3344\" srcset=\"https:\/\/www.agriculture-machine.com\/wp-content\/uploads\/2019\/04\/wheat-thresher-4.jpg 600w, https:\/\/www.agriculture-machine.com\/wp-content\/uploads\/2019\/04\/wheat-thresher-4-324x270.jpg 324w\" sizes=\"auto, (max-width: 600px) 100vw, 600px\" \/><figcaption class=\"wp-element-caption\">local de entrega do debulhador de arroz<\/figcaption><\/figure>    <figure class=\"wp-block-image aligncenter wp-image-3345 size-full\"><img loading=\"lazy\" decoding=\"async\" width=\"600\" height=\"500\" src=\"https:\/\/www.agriculture-machine.com\/wp-content\/uploads\/2019\/04\/wheat-thresher-5.jpg\" alt=\"local de entrega do debulhador de feij\u00e3o\" class=\"wp-image-3345\" srcset=\"https:\/\/www.agriculture-machine.com\/wp-content\/uploads\/2019\/04\/wheat-thresher-5.jpg 600w, https:\/\/www.agriculture-machine.com\/wp-content\/uploads\/2019\/04\/wheat-thresher-5-324x270.jpg 324w\" sizes=\"auto, (max-width: 600px) 100vw, 600px\" \/><figcaption class=\"wp-element-caption\">local de entrega do debulhador de feij\u00e3o<\/figcaption><\/figure>    <h2 class=\"wp-block-heading\">Perguntas frequentes sobre a debulhadora de arroz<\/h2>   <div id=\"rank-math-faq\" class=\"rank-math-block\"> <div class=\"rank-math-list\"> <div id=\"faq-question-1772012282082\" class=\"rank-math-list-item\"> <h3 class=\"rank-math-question\">What&#8217;s the capacity of the rice thresher machine?<\/h3> <div class=\"rank-math-answer\">  <p>400-500kg\/h.<\/p>  <\/div> <\/div> <div id=\"faq-question-1772012303332\" class=\"rank-math-list-item\"> <h3 class=\"rank-math-question\">Para que pa\u00eds j\u00e1 exportou anteriormente?<\/h3> <div class=\"rank-math-answer\">  <p>Esta m\u00e1quina de debulhar trigo foi exportada para as Filipinas, Tail\u00e2ndia, Nig\u00e9ria, Paquist\u00e3o, etc.<\/p>  <\/div> <\/div> <div id=\"faq-question-1772012313786\" class=\"rank-math-list-item\"> <h3 class=\"rank-math-question\">Qual \u00e9 a taxa de debulha?<\/h3> <div class=\"rank-math-answer\">  <p>A taxa de debulha \u00e9 superior a 98%.<\/p>  <\/div> <\/div> <div id=\"faq-question-1772012317685\" class=\"rank-math-list-item\"> <h3 class=\"rank-math-question\">Qual \u00e9 a mat\u00e9ria-prima?<\/h3> <div class=\"rank-math-answer\">  <p>O material principal \u00e9 arroz e trigo.<\/p>  <\/div> <\/div> <\/div> <\/div>","protected":false},"excerpt":{"rendered":"<p>This rice wheat thresher\u00a0machine with high working efficiency, widely applying to thresh wheat, rice and millet, and its capacity is 400-500kg\/h.<\/p>","protected":false},"author":1,"featured_media":3780,"parent":0,"comment_status":"closed","ping_status":"closed","template":"","tags":[2614],"product-type":[894],"class_list":["post-3771","product","type-product","status-publish","has-post-thumbnail","hentry","tag-thresher","product-type-rice-and-wheat-thresher"],"_links":{"self":[{"href":"https:\/\/www.agriculture-machine.com\/pt\/wp-json\/wp\/v2\/product\/3771","targetHints":{"allow":["GET"]}}],"collection":[{"href":"https:\/\/www.agriculture-machine.com\/pt\/wp-json\/wp\/v2\/product"}],"about":[{"href":"https:\/\/www.agriculture-machine.com\/pt\/wp-json\/wp\/v2\/types\/product"}],"author":[{"embeddable":true,"href":"https:\/\/www.agriculture-machine.com\/pt\/wp-json\/wp\/v2\/users\/1"}],"replies":[{"embeddable":true,"href":"https:\/\/www.agriculture-machine.com\/pt\/wp-json\/wp\/v2\/comments?post=3771"}],"wp:featuredmedia":[{"embeddable":true,"href":"https:\/\/www.agriculture-machine.com\/pt\/wp-json\/wp\/v2\/media\/3780"}],"wp:attachment":[{"href":"https:\/\/www.agriculture-machine.com\/pt\/wp-json\/wp\/v2\/media?parent=3771"}],"wp:term":[{"taxonomy":"post_tag","embeddable":true,"href":"https:\/\/www.agriculture-machine.com\/pt\/wp-json\/wp\/v2\/tags?post=3771"},{"taxonomy":"product-type","embeddable":true,"href":"https:\/\/www.agriculture-machine.com\/pt\/wp-json\/wp\/v2\/product-type?post=3771"}],"curies":[{"name":"wp","href":"https:\/\/api.w.org\/{rel}","templated":true}]}}