{"id":3818,"date":"2019-06-03T05:42:18","date_gmt":"2019-06-02T21:42:18","guid":{"rendered":"https:\/\/www.agriculture-machine.com\/?p=3818"},"modified":"2024-09-18T16:04:28","modified_gmt":"2024-09-18T08:04:28","slug":"hand-operated-maize-corn-planter-machine-peanut-plant","status":"publish","type":"product","link":"https:\/\/www.agriculture-machine.com\/pt\/hand-operated-maize-corn-planter-machine-peanut-plant\/","title":{"rendered":"M\u00e1quina manual de plantador de milho \/ amendoim"},"content":{"rendered":"<p class=\"translation-block\"><strong>M\u00e1quina de planta\u00e7\u00e3o de milho<\/strong> \u00e9 usada para plantar v\u00e1rias culturas, como milho, amendoim, e temos diferentes tipos de plantadeiras manuais com capacidades variadas. S\u00e3o leves e acess\u00edveis a todos os agricultores.<\/p> <h2><span style=\"color: #ff0000;\">Tipo um<\/span><\/h2> <h2><strong><b>Breve introdu\u00e7\u00e3o da plantadeira de milho<\/b><\/strong><\/h2> <p class=\"translation-block\">\u00c9 uma m\u00e1quina de planta\u00e7\u00e3o manual  com dois dep\u00f3sitos, e sua capacidade \u00e9 de 0,5 acres\/h, amplamente utilizada para semear milho, amendoim, soja, trigo, sorgo, etc. Esta plantadeira \u00e9 composta principalmente por um funil de alimenta\u00e7\u00e3o, uma roda grande, duas alavancas, um escavador de solo, uma parte de cobertura de solo e uma parte de semeadura.<\/p> <figure id=\"attachment_3827\" aria-describedby=\"caption-attachment-3827\" style=\"width: 600px\" class=\"wp-caption aligncenter\"><img loading=\"lazy\" decoding=\"async\" class=\"wp-image-3827 size-full\" src=\"https:\/\/www.agriculture-machine.com\/wp-content\/uploads\/2019\/06\/corn-planting-9.jpg\" alt=\"Plantador de milho\" width=\"600\" height=\"410\" srcset=\"https:\/\/www.agriculture-machine.com\/wp-content\/uploads\/2019\/06\/corn-planting-9.jpg 600w, https:\/\/www.agriculture-machine.com\/wp-content\/uploads\/2019\/06\/corn-planting-9-360x246.jpg 360w\" sizes=\"auto, (max-width: 600px) 100vw, 600px\" \/><figcaption id=\"caption-attachment-3827\" class=\"wp-caption-text\">Plantador de milho<\/figcaption><\/figure> <p>S\u00e3o necess\u00e1rias duas pessoas durante a opera\u00e7\u00e3o, e \u00e9 f\u00e1cil de usar e operar. O eixo verde fora do dep\u00f3sito do semeador controla a queda das sementes, e os parafusos do eixo verde podem trocar o dep\u00f3sito. O espa\u00e7amento da semeadura depende da velocidade do operador.<\/p> <figure id=\"attachment_3823\" aria-describedby=\"caption-attachment-3823\" style=\"width: 600px\" class=\"wp-caption aligncenter\"><img loading=\"lazy\" decoding=\"async\" class=\"wp-image-3823 size-full\" src=\"https:\/\/www.agriculture-machine.com\/wp-content\/uploads\/2019\/06\/corn-planting-5.jpg\" alt=\"M\u00e1quina de planta\u00e7\u00e3o de milho\" width=\"600\" height=\"476\" srcset=\"https:\/\/www.agriculture-machine.com\/wp-content\/uploads\/2019\/06\/corn-planting-5.jpg 600w, https:\/\/www.agriculture-machine.com\/wp-content\/uploads\/2019\/06\/corn-planting-5-340x270.jpg 340w\" sizes=\"auto, (max-width: 600px) 100vw, 600px\" \/><figcaption id=\"caption-attachment-3823\" class=\"wp-caption-text\">M\u00e1quina de planta\u00e7\u00e3o de milho<\/figcaption><\/figure> <figure id=\"attachment_3822\" aria-describedby=\"caption-attachment-3822\" style=\"width: 600px\" class=\"wp-caption aligncenter\"><img loading=\"lazy\" decoding=\"async\" class=\"wp-image-3822 size-full\" src=\"https:\/\/www.agriculture-machine.com\/wp-content\/uploads\/2019\/06\/corn-planting-4.jpg\" alt=\"Plantadeira de milho\" width=\"600\" height=\"476\" srcset=\"https:\/\/www.agriculture-machine.com\/wp-content\/uploads\/2019\/06\/corn-planting-4.jpg 600w, https:\/\/www.agriculture-machine.com\/wp-content\/uploads\/2019\/06\/corn-planting-4-340x270.jpg 340w\" sizes=\"auto, (max-width: 600px) 100vw, 600px\" \/><figcaption id=\"caption-attachment-3822\" class=\"wp-caption-text\">Plantadeira de milho<\/figcaption><\/figure> <h2><strong><b>Par\u00e2metro t\u00e9cnico<\/b><\/strong><strong><b> de TZY-100<\/b><\/strong><\/h2> <table> <tbody> <tr> <td width=\"284\">Nome<\/td> <td width=\"284\">M\u00e1quina de semear<\/td> <\/tr> <tr> <td width=\"284\">Modelo<\/td> <td width=\"284\">TZY-100<\/td> <\/tr> <tr> <td width=\"284\">Capacidade<\/td> <td width=\"284\">0,5 acres\/h<\/td> <\/tr> <tr> <td width=\"284\">Tamanho<\/td> <td width=\"284\">1370*420*900<\/td> <\/tr> <tr> <td width=\"284\">Peso<\/td> <td width=\"284\">12kg<\/td> <\/tr> <\/tbody> <\/table> <h2><strong><b>Princ\u00edpio de funcionamento da m\u00e1quina de planta\u00e7\u00e3o de milho<br \/> <\/b><\/strong><\/h2> <ol> <li>A pessoa da frente puxa a correia da roda dianteira, e a pessoa de tr\u00e1s empurra a m\u00e1quina para controlar a dire\u00e7\u00e3o.<\/li> <li>O escavador de solo primeiramente cava o solo a uma certa profundidade.<\/li> <li>Depois, as sementes dentro do dispositivo de semeadura caem no ch\u00e3o gradualmente, seguindo o movimento de dois operadores.<\/li> <li>Por fim, a pequena roda traseira cobre as sementes com solo.<\/li> <\/ol> <figure id=\"attachment_3821\" aria-describedby=\"caption-attachment-3821\" style=\"width: 600px\" class=\"wp-caption aligncenter\"><img loading=\"lazy\" decoding=\"async\" class=\"wp-image-3821 size-full\" src=\"https:\/\/www.agriculture-machine.com\/wp-content\/uploads\/2019\/06\/corn-planting-3.jpg\" alt=\"Plantador de milho\" width=\"600\" height=\"476\" srcset=\"https:\/\/www.agriculture-machine.com\/wp-content\/uploads\/2019\/06\/corn-planting-3.jpg 600w, https:\/\/www.agriculture-machine.com\/wp-content\/uploads\/2019\/06\/corn-planting-3-340x270.jpg 340w\" sizes=\"auto, (max-width: 600px) 100vw, 600px\" \/><figcaption id=\"caption-attachment-3821\" class=\"wp-caption-text\">Plantador de milho<\/figcaption><\/figure> <figure id=\"attachment_3820\" aria-describedby=\"caption-attachment-3820\" style=\"width: 600px\" class=\"wp-caption aligncenter\"><img loading=\"lazy\" decoding=\"async\" class=\"wp-image-3820 size-full\" src=\"https:\/\/www.agriculture-machine.com\/wp-content\/uploads\/2019\/06\/corn-planting-2.jpg\" alt=\"Imagem do interior da m\u00e1quina\" width=\"600\" height=\"476\" srcset=\"https:\/\/www.agriculture-machine.com\/wp-content\/uploads\/2019\/06\/corn-planting-2.jpg 600w, https:\/\/www.agriculture-machine.com\/wp-content\/uploads\/2019\/06\/corn-planting-2-340x270.jpg 340w\" sizes=\"auto, (max-width: 600px) 100vw, 600px\" \/><figcaption id=\"caption-attachment-3820\" class=\"wp-caption-text\">Imagem do interior da m\u00e1quina<\/figcaption><\/figure> <h2><strong><b>Vantagem da nossa m\u00e1quina<br \/> <\/b><\/strong><\/h2> <ol> <li>A m\u00e1quina de planta\u00e7\u00e3o de milho pode plantar muitas culturas, como milho, feij\u00e3o, amendoim, trigo.<\/li> <li><strong>Plantadeira de milho \u00e0 venda<\/strong> \u00e9 leve em peso e f\u00e1cil de operar.<\/li> <li>As sementes caem uniformemente no campo e t\u00eam alta taxa de sobreviv\u00eancia.<\/li> <li>\u00c9 f\u00e1cil trocar os dep\u00f3sitos de sementes para plantar diferentes culturas.<\/li> <li>Sua estrutura \u00e9 simples, o que permite f\u00e1cil instala\u00e7\u00e3o e desmontagem.<\/li> <li>Mais importante, esta m\u00e1quina manual de planta\u00e7\u00e3o de milho tem um pre\u00e7o baixo, e todos podem compr\u00e1-la.<\/li> <\/ol> <figure id=\"attachment_3824\" aria-describedby=\"caption-attachment-3824\" style=\"width: 600px\" class=\"wp-caption aligncenter\"><img loading=\"lazy\" decoding=\"async\" class=\"wp-image-3824 size-full\" src=\"https:\/\/www.agriculture-machine.com\/wp-content\/uploads\/2019\/06\/corn-planting-6.jpg\" alt=\"Acess\u00f3rios da m\u00e1quina\" width=\"600\" height=\"476\" srcset=\"https:\/\/www.agriculture-machine.com\/wp-content\/uploads\/2019\/06\/corn-planting-6.jpg 600w, https:\/\/www.agriculture-machine.com\/wp-content\/uploads\/2019\/06\/corn-planting-6-340x270.jpg 340w\" sizes=\"auto, (max-width: 600px) 100vw, 600px\" \/><figcaption id=\"caption-attachment-3824\" class=\"wp-caption-text\">Acess\u00f3rios da m\u00e1quina<\/figcaption><\/figure> <h2><span style=\"color: #ff0000;\">Tipo dois: M\u00e1quina de planta\u00e7\u00e3o de milho de empurrar manualmente com roda<\/span><\/h2> <p>Estilo do produto: 6 modelos (opcional)<br \/> Seeding depth: 3.5&#8211;7.8 cm.<br \/> Quantidade de semeadura: 1-3 sementes de milho (ajust\u00e1vel)<\/p> <figure id=\"attachment_4242\" aria-describedby=\"caption-attachment-4242\" style=\"width: 581px\" class=\"wp-caption aligncenter\"><img loading=\"lazy\" decoding=\"async\" class=\"wp-image-4242\" src=\"https:\/\/www.agriculture-machine.com\/wp-content\/uploads\/2019\/06\/corn-planter-5.jpg\" alt=\"detalhe da m\u00e1quina\" width=\"581\" height=\"581\" srcset=\"https:\/\/www.agriculture-machine.com\/wp-content\/uploads\/2019\/06\/corn-planter-5.jpg 500w, https:\/\/www.agriculture-machine.com\/wp-content\/uploads\/2019\/06\/corn-planter-5-270x270.jpg 270w\" sizes=\"auto, (max-width: 581px) 100vw, 581px\" \/><figcaption id=\"caption-attachment-4242\" class=\"wp-caption-text\">detalhe da m\u00e1quina<\/figcaption><\/figure> <p>Aplica\u00e7\u00e3o: Esta plantadeira de milho abandona os modos tradicionais de plantio, e a m\u00e1quina pode injetar as sementes diretamente no solo. Uma pessoa pode plantar de 6 a 8 acres por dia com uma m\u00e1quina, e a efici\u00eancia de semeadura \u00e9 aumentada em tr\u00eas vezes. Possui as caracter\u00edsticas de semeadura precisa, muda de sementes organizada. Al\u00e9m disso, \u00e9 f\u00e1cil de operar com alta efici\u00eancia de trabalho.<\/p> <figure id=\"attachment_4241\" aria-describedby=\"caption-attachment-4241\" style=\"width: 583px\" class=\"wp-caption aligncenter\"><img loading=\"lazy\" decoding=\"async\" class=\"wp-image-4241\" src=\"https:\/\/www.agriculture-machine.com\/wp-content\/uploads\/2019\/06\/corn-planter-4.jpg\" alt=\"Plantador de milho \u00e0 venda\" width=\"583\" height=\"583\" srcset=\"https:\/\/www.agriculture-machine.com\/wp-content\/uploads\/2019\/06\/corn-planter-4.jpg 500w, https:\/\/www.agriculture-machine.com\/wp-content\/uploads\/2019\/06\/corn-planter-4-270x270.jpg 270w\" sizes=\"auto, (max-width: 583px) 100vw, 583px\" \/><figcaption id=\"caption-attachment-4241\" class=\"wp-caption-text\">Plantador de milho \u00e0 venda<\/figcaption><\/figure> <p>Caracter\u00edsticas:<br \/> 1. Este tipo de m\u00e1quina de planta\u00e7\u00e3o de milho tem dentes especiais que facilitam o movimento no campo devido ao peso leve.<br \/> 2. Opera\u00e7\u00e3o conveniente. Uma pessoa pode concluir todos os processos.<br \/> 3. \u00c9 adequada para diferentes \u00e1reas, como montanhas, encostas e terra\u00e7os, etc.<br \/> 4. Semeadura de precis\u00e3o. A muda tem alta taxa de sobreviv\u00eancia.<br \/> 5. Ampla aplica\u00e7\u00e3o: pode plantar milho, soja, etc., e o di\u00e2metro da semente varia de 3mm a 15mm.<br \/> 6. Baixo pre\u00e7o. Esta plantadeira de milho \u00e9 muito barata, e todos os agricultores podem compr\u00e1-la.<\/p> <figure id=\"attachment_4240\" aria-describedby=\"caption-attachment-4240\" style=\"width: 585px\" class=\"wp-caption aligncenter\"><img loading=\"lazy\" decoding=\"async\" class=\"wp-image-4240\" src=\"https:\/\/www.agriculture-machine.com\/wp-content\/uploads\/2019\/06\/corn-planter-3.jpg\" alt=\"Um caso de sucesso de plantadeira de milho\" width=\"585\" height=\"585\" srcset=\"https:\/\/www.agriculture-machine.com\/wp-content\/uploads\/2019\/06\/corn-planter-3.jpg 500w, https:\/\/www.agriculture-machine.com\/wp-content\/uploads\/2019\/06\/corn-planter-3-270x270.jpg 270w\" sizes=\"auto, (max-width: 585px) 100vw, 585px\" \/><figcaption id=\"caption-attachment-4240\" class=\"wp-caption-text\">Um caso de sucesso de plantadeira de milho<\/figcaption><\/figure> <figure id=\"attachment_4239\" aria-describedby=\"caption-attachment-4239\" style=\"width: 583px\" class=\"wp-caption aligncenter\"><img loading=\"lazy\" decoding=\"async\" class=\"wp-image-4239\" src=\"https:\/\/www.agriculture-machine.com\/wp-content\/uploads\/2019\/06\/corn-planter-2.jpg\" alt=\"Plantador de milho\" width=\"583\" height=\"583\" srcset=\"https:\/\/www.agriculture-machine.com\/wp-content\/uploads\/2019\/06\/corn-planter-2.jpg 500w, https:\/\/www.agriculture-machine.com\/wp-content\/uploads\/2019\/06\/corn-planter-2-270x270.jpg 270w\" sizes=\"auto, (max-width: 583px) 100vw, 583px\" \/><figcaption id=\"caption-attachment-4239\" class=\"wp-caption-text\">Plantador de milho<\/figcaption><\/figure> <h2>Not\u00edcias de entrega da plantadeira de milho<\/h2> <p class=\"translation-block\">Em mar\u00e7o de 2019, 1100 conjuntos <strong>m\u00e1quinas de amendoim<\/strong> foram entregues \u00e0 Nig\u00e9ria, e voc\u00ea pode clicar no link abaixo para ver mais informa\u00e7\u00f5es sobre a not\u00edcia de entrega.<\/p> <h2 class=\"post-title entry-title\"><a href=\"https:\/\/www.agriculture-machine.com\/pt\/1100-sets-hand-operated-corn-peanut-planter-machine-have-been-delivered-to-nigeria\/\">1100 conjuntos de plantadoras manuais de milho e amendoim foram entregues \u00e0 Nig\u00e9ria<\/a><\/h2> <figure id=\"attachment_3819\" aria-describedby=\"caption-attachment-3819\" style=\"width: 600px\" class=\"wp-caption aligncenter\"><img loading=\"lazy\" decoding=\"async\" class=\"wp-image-3819 size-full\" src=\"https:\/\/www.agriculture-machine.com\/wp-content\/uploads\/2019\/06\/corn-planting-1.jpg\" alt=\"Perguntas frequentes sobre a plantadeira de milho \" width=\"600\" height=\"476\" srcset=\"https:\/\/www.agriculture-machine.com\/wp-content\/uploads\/2019\/06\/corn-planting-1.jpg 600w, https:\/\/www.agriculture-machine.com\/wp-content\/uploads\/2019\/06\/corn-planting-1-340x270.jpg 340w\" sizes=\"auto, (max-width: 600px) 100vw, 600px\" \/><figcaption id=\"caption-attachment-3819\" class=\"wp-caption-text\">Perguntas frequentes sobre a plantadeira de milho<\/figcaption><\/figure> <h2>As sementes de milho podem ser misturadas com fertilizante?<\/h2> <ol> <li>N\u00e3o, voc\u00ea n\u00e3o pode, o fertilizante danificar\u00e1 as mudas de milho.<\/li> <\/ol> <p>Para que serve esta m\u00e1quina de planta\u00e7\u00e3o de milho?<\/p> <ol start=\"2\"> <li>Milho, feij\u00e3o, amendoim, trigo.<\/li> <\/ol> <p>Quantas pessoas s\u00e3o necess\u00e1rias durante a opera\u00e7\u00e3o?<\/p> <ol start=\"3\"> <li>2 pessoas.<\/li> <\/ol> <p>Por que uma plantadeira pode plantar diferentes culturas?<\/p> <ol start=\"4\"> <li>Porque o dispositivo de semeadura de sementes pode ser alterado de acordo com o tamanho de diferentes culturas.<\/li> <\/ol> <p>Posso controlar a velocidade de semeadura?<\/p> <ol start=\"5\"> <li>Par\u00e2metro t\u00e9cnico do TZY-100<\/li> <\/ol> <p>Sim, claro.<\/p>","protected":false},"excerpt":{"rendered":"<p>Corn planter machine is used to plant various of crops such as corn, peanut, and we have different kinds of hand-operated planter with different capacities. They are light in weight and light in weight, and every farmer can afford it. type one Brief introduction of corn planter It is hand-operated corn planter\u00a0machine with double bins, [&hellip;]<\/p>\n","protected":false},"author":1,"featured_media":4246,"parent":0,"comment_status":"closed","ping_status":"closed","template":"","tags":[491,492],"product-type":[882],"class_list":["post-3818","product","type-product","status-publish","has-post-thumbnail","hentry","tag-corn","tag-planter","product-type-corn-planter"],"_links":{"self":[{"href":"https:\/\/www.agriculture-machine.com\/pt\/wp-json\/wp\/v2\/product\/3818","targetHints":{"allow":["GET"]}}],"collection":[{"href":"https:\/\/www.agriculture-machine.com\/pt\/wp-json\/wp\/v2\/product"}],"about":[{"href":"https:\/\/www.agriculture-machine.com\/pt\/wp-json\/wp\/v2\/types\/product"}],"author":[{"embeddable":true,"href":"https:\/\/www.agriculture-machine.com\/pt\/wp-json\/wp\/v2\/users\/1"}],"replies":[{"embeddable":true,"href":"https:\/\/www.agriculture-machine.com\/pt\/wp-json\/wp\/v2\/comments?post=3818"}],"wp:featuredmedia":[{"embeddable":true,"href":"https:\/\/www.agriculture-machine.com\/pt\/wp-json\/wp\/v2\/media\/4246"}],"wp:attachment":[{"href":"https:\/\/www.agriculture-machine.com\/pt\/wp-json\/wp\/v2\/media?parent=3818"}],"wp:term":[{"taxonomy":"post_tag","embeddable":true,"href":"https:\/\/www.agriculture-machine.com\/pt\/wp-json\/wp\/v2\/tags?post=3818"},{"taxonomy":"product-type","embeddable":true,"href":"https:\/\/www.agriculture-machine.com\/pt\/wp-json\/wp\/v2\/product-type?post=3818"}],"curies":[{"name":"wp","href":"https:\/\/api.w.org\/{rel}","templated":true}]}}