{"id":3912,"date":"2019-06-16T23:43:24","date_gmt":"2019-06-16T15:43:24","guid":{"rendered":"https:\/\/www.agriculture-machine.com\/?p=3912"},"modified":"2024-09-18T16:12:11","modified_gmt":"2024-09-18T08:12:11","slug":"rope-braiding-machine","status":"publish","type":"product","link":"https:\/\/www.agriculture-machine.com\/pt\/rope-braiding-machine\/","title":{"rendered":"M\u00e1quina de fazer corda \/ m\u00e1quina de tran\u00e7ar corda 2020 NOVO DESIGN"},"content":{"rendered":"<p class=\"translation-block\"><strong>M\u00e1quina de fazer corda<\/strong> \u00e9 uma boa ferramenta para tran\u00e7ar cordas, incluindo placa de corda, motor, chassis, uma roda grande com uma correia, e a mat\u00e9ria-prima pode ser palha de trigo, palha de arroz e outras grasses. Voc\u00ea pode ajustar o di\u00e2metro da corda trocando os diferentes inlets que parecem uma trombeta. A corda final pode ser amplamente aplicada na prote\u00e7\u00e3o de \u00e1rvores e tijolos, feixes de vegetais, etc.<\/p> <p><img loading=\"lazy\" decoding=\"async\" class=\"alignnone size-full wp-image-3921\" src=\"https:\/\/www.agriculture-machine.com\/wp-content\/uploads\/2019\/06\/rope-making-machine-9.jpg\" alt=\"\" width=\"600\" height=\"500\" srcset=\"https:\/\/www.agriculture-machine.com\/wp-content\/uploads\/2019\/06\/rope-making-machine-9.jpg 600w, https:\/\/www.agriculture-machine.com\/wp-content\/uploads\/2019\/06\/rope-making-machine-9-324x270.jpg 324w\" sizes=\"auto, (max-width: 600px) 100vw, 600px\" \/><\/p> <h2>Par\u00e2metro t\u00e9cnico da m\u00e1quina de fazer corda<\/h2> <table> <tbody> <tr> <td width=\"284\">Modelo<\/td> <td width=\"284\">\u00a0\u00a0SL-450<\/td> <\/tr> <tr> <td width=\"284\">Pot\u00eancia<\/td> <td width=\"284\">120w,220v,50HZ<\/td> <\/tr> <tr> <td width=\"284\">Di\u00e2metro<\/td> <td width=\"284\">\u00a04-30mm<\/td> <\/tr> <tr> <td width=\"284\">Peso L\u00edquido<\/td> <td width=\"284\">\u00a040kg<\/td> <\/tr> <tr> <td width=\"284\">Capacidade<\/td> <td width=\"284\">\u00a05m\/s<\/td> <\/tr> <tr> <td width=\"284\">Tamanho<\/td> <td width=\"284\">\u00a097*40*60mm<\/td> <\/tr> <\/tbody> <\/table> <h2>Vantagens da m\u00e1quina de fazer corda<\/h2> <p class=\"translation-block\">1. <strong>M\u00e1quina de fazer corda<\/strong> para venda \u00e9 f\u00e1cil de operar e uma pessoa pode termin\u00e1-la.<\/p> <ol start=\"2\"> <li>Este<strong> m\u00e1quina de tran\u00e7ar corda<\/strong> feito em casa, aproveitando ao m\u00e1ximo as palhas ou grasses desperdi\u00e7adas, evitando que poluam o ambiente.<\/li> <li>Ampla aplica\u00e7\u00e3o. A corda acabada pode ser usada para proteger \u00e1rvores, agrupar vegetais e decorar trabalhos artesanais, etc.<\/li> <li><strong>M\u00e1quina de torcer corda<\/strong> \u00e9 muito pequena e adequada para uso dom\u00e9stico.<\/li> <\/ol> <p><img loading=\"lazy\" decoding=\"async\" class=\"alignnone size-full wp-image-3922\" src=\"https:\/\/www.agriculture-machine.com\/wp-content\/uploads\/2019\/06\/rope-making-machine-10.jpg\" alt=\"\" width=\"600\" height=\"500\" srcset=\"https:\/\/www.agriculture-machine.com\/wp-content\/uploads\/2019\/06\/rope-making-machine-10.jpg 600w, https:\/\/www.agriculture-machine.com\/wp-content\/uploads\/2019\/06\/rope-making-machine-10-324x270.jpg 324w\" sizes=\"auto, (max-width: 600px) 100vw, 600px\" \/><\/p> <h2>Princ\u00edpio de funcionamento da m\u00e1quina de fazer corda<\/h2> <ol> <li>O usu\u00e1rio coloca a palha em dois inlets ao mesmo tempo,<\/li> <li>Sob a rota\u00e7\u00e3o constante da m\u00e1quina de tran\u00e7ar corda, e as duas cordas grossas s\u00e3o torcidas em uma s\u00f3 corda.<\/li> <li>O comprimento da corda aumenta durante a opera\u00e7\u00e3o.<\/li> <li>Os utilizadores podem parar a opera\u00e7\u00e3o quando o di\u00e2metro estiver quase igual aos dois inlets.<\/li> <\/ol> <p>5. Por fim, o operador gira o parafuso, afastando-se das duas placas, e ent\u00e3o a corda pode ser retirada do eixo central.<\/p> <p><img loading=\"lazy\" decoding=\"async\" class=\"alignnone size-full wp-image-3915\" src=\"https:\/\/www.agriculture-machine.com\/wp-content\/uploads\/2019\/06\/rope-making-machine-3.jpg\" alt=\"\" width=\"600\" height=\"500\" srcset=\"https:\/\/www.agriculture-machine.com\/wp-content\/uploads\/2019\/06\/rope-making-machine-3.jpg 600w, https:\/\/www.agriculture-machine.com\/wp-content\/uploads\/2019\/06\/rope-making-machine-3-324x270.jpg 324w\" sizes=\"auto, (max-width: 600px) 100vw, 600px\" \/><\/p> <h2>Caso de sucesso da m\u00e1quina de fazer corda<\/h2> <p class=\"translation-block\">No in\u00edcio de abril, export\u00e1mos 20GP<strong> m\u00e1quina de fazer corda torcedora<\/strong> para a \u00c1frica do Sul e os detalhes da embalagem s\u00e3o os seguintes.<\/p> <p><img loading=\"lazy\" decoding=\"async\" class=\"alignnone size-full wp-image-3916\" src=\"https:\/\/www.agriculture-machine.com\/wp-content\/uploads\/2019\/06\/rope-making-machine-4.jpg\" alt=\"\" width=\"600\" height=\"500\" srcset=\"https:\/\/www.agriculture-machine.com\/wp-content\/uploads\/2019\/06\/rope-making-machine-4.jpg 600w, https:\/\/www.agriculture-machine.com\/wp-content\/uploads\/2019\/06\/rope-making-machine-4-324x270.jpg 324w\" sizes=\"auto, (max-width: 600px) 100vw, 600px\" \/><\/p> <p><img loading=\"lazy\" decoding=\"async\" class=\"alignnone size-full wp-image-3917\" src=\"https:\/\/www.agriculture-machine.com\/wp-content\/uploads\/2019\/06\/rope-making-machine-5.jpg\" alt=\"\" width=\"600\" height=\"500\" srcset=\"https:\/\/www.agriculture-machine.com\/wp-content\/uploads\/2019\/06\/rope-making-machine-5.jpg 600w, https:\/\/www.agriculture-machine.com\/wp-content\/uploads\/2019\/06\/rope-making-machine-5-324x270.jpg 324w\" sizes=\"auto, (max-width: 600px) 100vw, 600px\" \/><\/p> <p><img loading=\"lazy\" decoding=\"async\" class=\"alignnone size-full wp-image-3918\" src=\"https:\/\/www.agriculture-machine.com\/wp-content\/uploads\/2019\/06\/rope-making-machine-6.jpg\" alt=\"\" width=\"600\" height=\"500\" srcset=\"https:\/\/www.agriculture-machine.com\/wp-content\/uploads\/2019\/06\/rope-making-machine-6.jpg 600w, https:\/\/www.agriculture-machine.com\/wp-content\/uploads\/2019\/06\/rope-making-machine-6-324x270.jpg 324w\" sizes=\"auto, (max-width: 600px) 100vw, 600px\" \/><\/p> <h2>Perguntas frequentes sobre a m\u00e1quina de fazer corda<\/h2> <ol> <li>Posso ajustar o di\u00e2metro do <strong>m\u00e1quina de tran\u00e7ar corda<\/strong>?<\/li> <\/ol> <p>Sim, pode ser ajustado trocando os diferentes inlets, e o di\u00e2metro varia de 4 a 30mm.<\/p> <ol start=\"2\"> <li>Quantos inlets diferentes voc\u00ea tem?<\/li> <\/ol> <p>Temos de 6mm, 7mm, 7,5mm, 8mm, 9mm, 10mm, 11mm, 13mm, 15mm, 20mm e 2,5cm. Voc\u00ea pode escolher diferentes de acordo com suas necessidades.<\/p> <p><img loading=\"lazy\" decoding=\"async\" class=\"alignnone size-full wp-image-3919\" src=\"https:\/\/www.agriculture-machine.com\/wp-content\/uploads\/2019\/06\/rope-making-machine-7.jpg\" alt=\"\" width=\"600\" height=\"500\" srcset=\"https:\/\/www.agriculture-machine.com\/wp-content\/uploads\/2019\/06\/rope-making-machine-7.jpg 600w, https:\/\/www.agriculture-machine.com\/wp-content\/uploads\/2019\/06\/rope-making-machine-7-324x270.jpg 324w\" sizes=\"auto, (max-width: 600px) 100vw, 600px\" \/><\/p> <ol start=\"3\"> <li>Qual \u00e9 a mat\u00e9ria-prima?<\/li> <\/ol> <p>A mat\u00e9ria-prima pode ser palha de trigo, palha de arroz e outras grasses.<\/p> <ol start=\"4\"> <li>Quantos inlets tem a m\u00e1quina?<\/li> <\/ol> <p>Existem dois inlets, o que significa que a mat\u00e9ria-prima ser\u00e1 colocada em ambos os lados dos inlets.<\/p> <p>&nbsp;<\/p> <p>&nbsp;<\/p> <p>&nbsp;<\/p> <p>&nbsp;<\/p>","protected":false},"excerpt":{"rendered":"<p>Rope making machine is a good tool to braid ropes including rope plate, motor, chassis, a big wheel with a belt, and the raw material can be wheat straw, rice straw and other grasses. You can adjust the diameter of the rope by changing different inlets that looks like a trumpet. The final rope can [&hellip;]<\/p>\n","protected":false},"author":1,"featured_media":3921,"parent":0,"comment_status":"closed","ping_status":"closed","template":"","tags":[2620],"product-type":[1,919],"class_list":["post-3912","product","type-product","status-publish","has-post-thumbnail","hentry","tag-rope","product-type-other","product-type-rice-straw-rope-machine"],"_links":{"self":[{"href":"https:\/\/www.agriculture-machine.com\/pt\/wp-json\/wp\/v2\/product\/3912","targetHints":{"allow":["GET"]}}],"collection":[{"href":"https:\/\/www.agriculture-machine.com\/pt\/wp-json\/wp\/v2\/product"}],"about":[{"href":"https:\/\/www.agriculture-machine.com\/pt\/wp-json\/wp\/v2\/types\/product"}],"author":[{"embeddable":true,"href":"https:\/\/www.agriculture-machine.com\/pt\/wp-json\/wp\/v2\/users\/1"}],"replies":[{"embeddable":true,"href":"https:\/\/www.agriculture-machine.com\/pt\/wp-json\/wp\/v2\/comments?post=3912"}],"wp:featuredmedia":[{"embeddable":true,"href":"https:\/\/www.agriculture-machine.com\/pt\/wp-json\/wp\/v2\/media\/3921"}],"wp:attachment":[{"href":"https:\/\/www.agriculture-machine.com\/pt\/wp-json\/wp\/v2\/media?parent=3912"}],"wp:term":[{"taxonomy":"post_tag","embeddable":true,"href":"https:\/\/www.agriculture-machine.com\/pt\/wp-json\/wp\/v2\/tags?post=3912"},{"taxonomy":"product-type","embeddable":true,"href":"https:\/\/www.agriculture-machine.com\/pt\/wp-json\/wp\/v2\/product-type?post=3912"}],"curies":[{"name":"wp","href":"https:\/\/api.w.org\/{rel}","templated":true}]}}