{"id":4647,"date":"2019-09-06T05:48:10","date_gmt":"2019-09-05T21:48:10","guid":{"rendered":"https:\/\/www.agriculture-machine.com\/?p=4647"},"modified":"2024-09-23T11:20:42","modified_gmt":"2024-09-23T03:20:42","slug":"garri-production-line-garri-flour-making-machine","status":"publish","type":"product","link":"https:\/\/www.agriculture-machine.com\/pt\/garri-production-line-garri-flour-making-machine\/","title":{"rendered":"Linha de produ\u00e7\u00e3o de garri \/ m\u00e1quina de fazer farinha de garri"},"content":{"rendered":"<p class=\"translation-block\"><strong>Linha de produ\u00e7\u00e3o de farinha de mandioca<\/strong> \u00e9 muito famosa no mercado africano, pois h\u00e1 muitas fazendas de mandioca, e as pessoas l\u00e1 tamb\u00e9m gostam de com\u00ea-la. A linha de processamento de farinha de mandioca pode produzir farinha de mandioca a partir da mandioca, o que exige um processo bastante complicado. No entanto, como alimento comum na \u00c1frica, especialmente na Nig\u00e9ria, um n\u00famero crescente de comerciantes compra esta linha de produ\u00e7\u00e3o na nossa f\u00e1brica, e vendem a farinha de mandioca por atacado ap\u00f3s o processamento. Como transformar a mandioca em farinha de mandioca? Vou fornecer uma vis\u00e3o geral agora.<\/p> <p><img loading=\"lazy\" decoding=\"async\" class=\"alignnone size-full wp-image-4661\" src=\"https:\/\/www.agriculture-machine.com\/wp-content\/uploads\/2019\/09\/cassava-production-line-13.jpg\" alt=\"\" width=\"720\" height=\"540\" srcset=\"https:\/\/www.agriculture-machine.com\/wp-content\/uploads\/2019\/09\/cassava-production-line-13.jpg 720w, https:\/\/www.agriculture-machine.com\/wp-content\/uploads\/2019\/09\/cassava-production-line-13-360x270.jpg 360w, https:\/\/www.agriculture-machine.com\/wp-content\/uploads\/2019\/09\/cassava-production-line-13-240x180.jpg 240w\" sizes=\"auto, (max-width: 720px) 100vw, 720px\" \/><\/p> <p>Durante a linha de produ\u00e7\u00e3o de farinha de mandioca, \u00e9 necess\u00e1rio uma m\u00e1quina de descasque e lavagem de mandioca, uma m\u00e1quina de triturar mandioca, uma m\u00e1quina de prensagem hidr\u00e1ulica, uma m\u00e1quina de moagem de mandioca e uma m\u00e1quina de triagem. Claro, se desejar embalar a farinha de mandioca em sacos, \u00e9 necess\u00e1rio adquirir uma m\u00e1quina de embalagem.<\/p> <p>&nbsp;<\/p> <h2>M\u00e1quina de lavagem e descasque de mandioca<\/h2> <p>Pode remover a lama, areia e outras impurezas na superf\u00edcie da mandioca, e a \u00e1gua deve estar limpa, sem qualquer contamina\u00e7\u00e3o. Depois, s\u00e3o descascadas e transportadas por parafuso. A taxa de descasque \u00e9 de 70%-80%.<\/p> <p><img loading=\"lazy\" decoding=\"async\" class=\"alignnone size-full wp-image-4649\" src=\"https:\/\/www.agriculture-machine.com\/wp-content\/uploads\/2019\/09\/cassava-production-line-1.jpg\" alt=\"\" width=\"720\" height=\"540\" srcset=\"https:\/\/www.agriculture-machine.com\/wp-content\/uploads\/2019\/09\/cassava-production-line-1.jpg 720w, https:\/\/www.agriculture-machine.com\/wp-content\/uploads\/2019\/09\/cassava-production-line-1-360x270.jpg 360w, https:\/\/www.agriculture-machine.com\/wp-content\/uploads\/2019\/09\/cassava-production-line-1-240x180.jpg 240w\" sizes=\"auto, (max-width: 720px) 100vw, 720px\" \/><\/p> <h2>M\u00e1quina de tritura\u00e7\u00e3o de mandioca<\/h2> <p>Sob a for\u00e7a dos rolos rotativos, a mandioca \u00e9 triturada em pequenos peda\u00e7os. O orif\u00edcio de descarga fica na parte inferior da m\u00e1quina, e deve-se colocar um recipiente para coletar o produto.<\/p> <p><img loading=\"lazy\" decoding=\"async\" class=\"alignnone size-full wp-image-4651\" src=\"https:\/\/www.agriculture-machine.com\/wp-content\/uploads\/2019\/09\/cassava-production-line-3.jpg\" alt=\"\" width=\"720\" height=\"540\" srcset=\"https:\/\/www.agriculture-machine.com\/wp-content\/uploads\/2019\/09\/cassava-production-line-3.jpg 720w, https:\/\/www.agriculture-machine.com\/wp-content\/uploads\/2019\/09\/cassava-production-line-3-360x270.jpg 360w, https:\/\/www.agriculture-machine.com\/wp-content\/uploads\/2019\/09\/cassava-production-line-3-240x180.jpg 240w\" sizes=\"auto, (max-width: 720px) 100vw, 720px\" \/><\/p> <h2>M\u00e1quina de prensagem hidr\u00e1ulica de mandioca<\/h2> <p>Antes de trabalhar, deve colocar os peda\u00e7os de mandioca na sacola e depois coloc\u00e1-los na m\u00e1quina. O dispositivo hidr\u00e1ulico pode prensar completamente a mandioca, e h\u00e1 duas sa\u00eddas, uma para a \u00e1gua prensada e outra para a malha de mandioca. A \u00e1gua pode ser usada para extrair o amido.<\/p> <p><img loading=\"lazy\" decoding=\"async\" class=\"alignnone size-full wp-image-4653\" src=\"https:\/\/www.agriculture-machine.com\/wp-content\/uploads\/2019\/09\/cassava-production-line-5.jpg\" alt=\"\" width=\"720\" height=\"540\" srcset=\"https:\/\/www.agriculture-machine.com\/wp-content\/uploads\/2019\/09\/cassava-production-line-5.jpg 720w, https:\/\/www.agriculture-machine.com\/wp-content\/uploads\/2019\/09\/cassava-production-line-5-360x270.jpg 360w, https:\/\/www.agriculture-machine.com\/wp-content\/uploads\/2019\/09\/cassava-production-line-5-240x180.jpg 240w\" sizes=\"auto, (max-width: 720px) 100vw, 720px\" \/><\/p> <p>O pr\u00f3ximo passo \u00e9 fermentar a mandioca prensada ao ar livre por 24 horas.<\/p> <h2>M\u00e1quina de moagem de mandioca<\/h2> <p>A m\u00e1quina de moagem serve para triturar a polpa de mandioca at\u00e9 um p\u00f3 fino com tamanho uniforme. A m\u00e1quina possui martelos que podem esmagar completamente a mandioca.<\/p> <p><img loading=\"lazy\" decoding=\"async\" class=\"alignnone size-full wp-image-4655\" src=\"https:\/\/www.agriculture-machine.com\/wp-content\/uploads\/2019\/09\/cassava-production-line-7.jpg\" alt=\"\" width=\"720\" height=\"540\" srcset=\"https:\/\/www.agriculture-machine.com\/wp-content\/uploads\/2019\/09\/cassava-production-line-7.jpg 720w, https:\/\/www.agriculture-machine.com\/wp-content\/uploads\/2019\/09\/cassava-production-line-7-360x270.jpg 360w, https:\/\/www.agriculture-machine.com\/wp-content\/uploads\/2019\/09\/cassava-production-line-7-240x180.jpg 240w\" sizes=\"auto, (max-width: 720px) 100vw, 720px\" \/><\/p> <h2>M\u00e1quina de fritar mandioca<\/h2> <p>Fritar a mandioca \u00e9 uma etapa muito importante, pois pode remover subst\u00e2ncias t\u00f3xicas durante o aquecimento. A temperatura de aquecimento \u00e9 cerca de 40-50 graus Celsius, e o tempo de aquecimento tamb\u00e9m \u00e9 curto. A farinha de mandioca pode ser aquecida de forma uniforme devido \u00e0 agita\u00e7\u00e3o constante do misturador.<\/p> <p><img loading=\"lazy\" decoding=\"async\" class=\"alignnone size-full wp-image-4658\" src=\"https:\/\/www.agriculture-machine.com\/wp-content\/uploads\/2019\/09\/cassava-production-line-10.jpg\" alt=\"\" width=\"720\" height=\"540\" srcset=\"https:\/\/www.agriculture-machine.com\/wp-content\/uploads\/2019\/09\/cassava-production-line-10.jpg 720w, https:\/\/www.agriculture-machine.com\/wp-content\/uploads\/2019\/09\/cassava-production-line-10-360x270.jpg 360w, https:\/\/www.agriculture-machine.com\/wp-content\/uploads\/2019\/09\/cassava-production-line-10-240x180.jpg 240w\" sizes=\"auto, (max-width: 720px) 100vw, 720px\" \/><\/p> <h2>M\u00e1quina de triagem<\/h2> <p>Serve para separar a farinha grossa da farinha fina, pois a farinha fina tem melhor sabor e \u00e9 vendida no mercado. Al\u00e9m disso, a m\u00e1quina de triagem possui telas de tr\u00eas camadas, garantindo um excelente efeito de triagem.<\/p> <p><img loading=\"lazy\" decoding=\"async\" class=\"alignnone size-full wp-image-4660\" src=\"https:\/\/www.agriculture-machine.com\/wp-content\/uploads\/2019\/09\/cassava-production-line-12.jpg\" alt=\"\" width=\"720\" height=\"540\" srcset=\"https:\/\/www.agriculture-machine.com\/wp-content\/uploads\/2019\/09\/cassava-production-line-12.jpg 720w, https:\/\/www.agriculture-machine.com\/wp-content\/uploads\/2019\/09\/cassava-production-line-12-360x270.jpg 360w, https:\/\/www.agriculture-machine.com\/wp-content\/uploads\/2019\/09\/cassava-production-line-12-240x180.jpg 240w\" sizes=\"auto, (max-width: 720px) 100vw, 720px\" \/><\/p> <h2>Caso de sucesso<\/h2> <p class=\"translation-block\">Ou<strong>a nossa m\u00e1quina de processamento de farinha de mandioca<\/strong> \u00e9 apreciada pelos clientes nigerianos, at\u00e9 agora, vendemos in\u00fameras dessas linhas l\u00e1. Ao mesmo tempo, gra\u00e7as \u00e0 alta qualidade da m\u00e1quina de fazer farinha de mandioca e ao profissionalismo do vendedor, os clientes que adquiriram esta linha de produ\u00e7\u00e3o recomendam-nos aos seus amigos. No in\u00edcio de agosto, uma de nossas clientes, Nancy, recomendou seus amigos Victor a comprar uma m\u00e1quina de fazer farinha de mandioca. Victor tinha receio da qualidade da farinha de mandioca, ent\u00e3o enviou uma amostra de farinha de mandioca \u00e0 minha f\u00e1brica primeiro, para confirmar se poder\u00edamos produzir a farinha que ele desejava. Tamb\u00e9m entreg\u00e1mos a amostra de farinha produzida anteriormente para ganhar a sua confian\u00e7a, e ele fez um pedido imediatamente ap\u00f3s verific\u00e1-la.<\/p> <p><img loading=\"lazy\" decoding=\"async\" class=\"alignnone size-full wp-image-4648\" src=\"https:\/\/www.agriculture-machine.com\/wp-content\/uploads\/2019\/09\/cassava-garri.jpg\" alt=\"\" width=\"720\" height=\"312\" srcset=\"https:\/\/www.agriculture-machine.com\/wp-content\/uploads\/2019\/09\/cassava-garri.jpg 720w, https:\/\/www.agriculture-machine.com\/wp-content\/uploads\/2019\/09\/cassava-garri-360x156.jpg 360w\" sizes=\"auto, (max-width: 720px) 100vw, 720px\" \/><\/p> <h2>Perguntas Frequentes<\/h2> <ol> <li>Posso lavar e descascar a mandioca sozinho?<\/li> <\/ol> <p>Na verdade, pode fazer isso, mas realmente desperdi\u00e7a tempo e energia.<\/p> <ol start=\"2\"> <li>Existe alguma subst\u00e2ncia t\u00f3xica ap\u00f3s lavar e descascar a mandioca?<\/li> <\/ol> <p>Sim, ainda h\u00e1 um pouco de subst\u00e2ncia t\u00f3xica, por isso \u00e9 necess\u00e1rio fritar a farinha de mandioca.<\/p> <ol start=\"3\"> <li>Como devo tratar a farinha de mandioca grossa?<\/li> <\/ol> <p>Pode ser usada para alimentar animais.<\/p> <ol start=\"4\"> <li>Qual a diferen\u00e7a entre a primeira e a segunda moagem?<\/li> <\/ol> <p>A primeira m\u00e1quina de tritura\u00e7\u00e3o serve para triturar a mandioca em pequenos peda\u00e7os, mas a segunda m\u00e1quina de tritura\u00e7\u00e3o serve para triturar esses pequenos peda\u00e7os em p\u00f3 fino.<\/p> <p>&nbsp;<\/p>","protected":false},"excerpt":{"rendered":"<p>Garri production line is very famous in the African market, for there are many garri farmlands, and people there also like to eat it. Garri processing line can produce garri from cassava, which needs a rather complicated process. However, as the common food in Africa, especially in Nigeria, a growing number of dealers purchases this [&hellip;]<\/p>\n","protected":false},"author":1,"featured_media":4661,"parent":0,"comment_status":"closed","ping_status":"closed","template":"","tags":[924,2634],"product-type":[1],"class_list":["post-4647","product","type-product","status-publish","has-post-thumbnail","hentry","tag-flour","tag-garri","product-type-other"],"_links":{"self":[{"href":"https:\/\/www.agriculture-machine.com\/pt\/wp-json\/wp\/v2\/product\/4647","targetHints":{"allow":["GET"]}}],"collection":[{"href":"https:\/\/www.agriculture-machine.com\/pt\/wp-json\/wp\/v2\/product"}],"about":[{"href":"https:\/\/www.agriculture-machine.com\/pt\/wp-json\/wp\/v2\/types\/product"}],"author":[{"embeddable":true,"href":"https:\/\/www.agriculture-machine.com\/pt\/wp-json\/wp\/v2\/users\/1"}],"replies":[{"embeddable":true,"href":"https:\/\/www.agriculture-machine.com\/pt\/wp-json\/wp\/v2\/comments?post=4647"}],"wp:featuredmedia":[{"embeddable":true,"href":"https:\/\/www.agriculture-machine.com\/pt\/wp-json\/wp\/v2\/media\/4661"}],"wp:attachment":[{"href":"https:\/\/www.agriculture-machine.com\/pt\/wp-json\/wp\/v2\/media?parent=4647"}],"wp:term":[{"taxonomy":"post_tag","embeddable":true,"href":"https:\/\/www.agriculture-machine.com\/pt\/wp-json\/wp\/v2\/tags?post=4647"},{"taxonomy":"product-type","embeddable":true,"href":"https:\/\/www.agriculture-machine.com\/pt\/wp-json\/wp\/v2\/product-type?post=4647"}],"curies":[{"name":"wp","href":"https:\/\/api.w.org\/{rel}","templated":true}]}}