{"id":6613,"date":"2020-04-26T17:17:44","date_gmt":"2020-04-26T09:17:44","guid":{"rendered":"https:\/\/www.agriculture-machine.com\/?p=6613"},"modified":"2025-11-28T17:12:35","modified_gmt":"2025-11-28T09:12:35","slug":"bean-peeling-machine-green-bean-peeler","status":"publish","type":"product","link":"https:\/\/www.agriculture-machine.com\/pt\/bean-peeling-machine-green-bean-peeler\/","title":{"rendered":"M\u00e1quina de descasque de soja, feij\u00e3o de gr\u00e3o, feij\u00e3o vermelho, descascador de pele"},"content":{"rendered":"<p>A m\u00e1quina de descascar feij\u00e3o \u00e9 adequada para descasque e processamento de soja, feij\u00e3o mungo, feij\u00e3o vermelho, gr\u00e3o-de-bico, lentilhas, ervilhas, favas, feij\u00e3o verde, etc. Sua taxa de descasque \u00e9 de at\u00e9 98% ou mais e a taxa de esmagamento \u00e9 inferior a 2%, sendo a escolha ideal para desodoriza\u00e7\u00e3o de feij\u00f5es e melhoria da qualidade do produto.<\/p>    <p>A capacidade de processamento de uma \u00fanica m\u00e1quina \u00e9 de at\u00e9 500kg-12 toneladas por hora, sendo amplamente utilizada em f\u00e1bricas de processamento de alimentos, f\u00e1bricas de gr\u00e3os e \u00f3leos, hot\u00e9is, cantinas e outros locais. <\/p>    <p>Neste artigo, apresentaremos em detalhes tr\u00eas tipos diferentes de m\u00e1quinas de descascar feij\u00e3o produzidas por nossa f\u00e1brica, o que ajudar\u00e1 voc\u00ea a encontrar a solu\u00e7\u00e3o mais adequada.<\/p>    <figure class=\"wp-block-embed aligncenter is-type-video is-provider-youtube wp-block-embed-youtube wp-embed-aspect-16-9 wp-has-aspect-ratio\"><div class=\"wp-block-embed__wrapper\"> <iframe loading=\"lazy\" title=\"M\u00e1quina eficiente de descascar soja: revelando a magia da remo\u00e7\u00e3o da casca do feij\u00e3o!#feij\u00e3o #m\u00e1quina de descascar\" width=\"500\" height=\"281\" src=\"https:\/\/www.youtube.com\/embed\/riTJ58a5sVI?feature=oembed\" frameborder=\"0\" allow=\"accelerometer; autoplay; clipboard-write; encrypted-media; gyroscope; picture-in-picture; web-share\" referrerpolicy=\"strict-origin-when-cross-origin\" allowfullscreen><\/iframe> <\/div><figcaption class=\"wp-element-caption\">V\u00eddeo de funcionamento da m\u00e1quina de descascar feij\u00e3o<\/figcaption><\/figure>    <h2 class=\"wp-block-heading\">Cenas de aplica\u00e7\u00e3o da m\u00e1quina de descascar feij\u00e3o<\/h2>    <ul class=\"wp-block-list\"> <li>F\u00e1brica de processamento de alimentos: usada na produ\u00e7\u00e3o de produtos de soja, como tofu, leite de soja, feij\u00f5es secos, etc., para melhorar o sabor e a qualidade dos produtos.<\/li>    <li>Planta de processamento de gr\u00e3os e \u00f3leos: como equipamento de pr\u00e9-tratamento para feij\u00f5es, para melhorar a efici\u00eancia da extra\u00e7\u00e3o de \u00f3leo subsequente, moagem e outros processos.<\/li>    <li>Ind\u00fastria de catering (como hot\u00e9is, cantinas, restaurantes): usada para descasque de grandes quantidades de feij\u00f5es, facilitando o cozimento e processamento r\u00e1pidos.<\/li>    <li>Empresas de processamento agr\u00edcola de processamento profundo: usado para processamento profundo de alimentos de soja exportados para aumentar o valor agregado.<\/li>    <li>Indiv\u00edduos ou pequenas oficinas: para produ\u00e7\u00e3o em pequena escala de produtos de soja no local, o equipamento \u00e9 f\u00e1cil de operar.<\/li> <\/ul>    <figure class=\"wp-block-gallery has-nested-images columns-2 is-cropped wp-block-gallery-2 is-layout-flex wp-block-gallery-is-layout-flex\"> <figure class=\"wp-block-image size-full\"><img loading=\"lazy\" decoding=\"async\" width=\"720\" height=\"540\" data-id=\"17298\" src=\"https:\/\/www.agriculture-machine.com\/wp-content\/uploads\/2020\/04\/soybean-peeling-machine.webp\" alt=\"m\u00e1quina de descasque de soja\" class=\"wp-image-17298\" title=\"Descascador de soja\" srcset=\"https:\/\/www.agriculture-machine.com\/wp-content\/uploads\/2020\/04\/soybean-peeling-machine.webp 720w, https:\/\/www.agriculture-machine.com\/wp-content\/uploads\/2020\/04\/soybean-peeling-machine-360x270.webp 360w, https:\/\/www.agriculture-machine.com\/wp-content\/uploads\/2020\/04\/soybean-peeling-machine-240x180.webp 240w, https:\/\/www.agriculture-machine.com\/wp-content\/uploads\/2020\/04\/soybean-peeling-machine-16x12.webp 16w\" sizes=\"auto, (max-width: 720px) 100vw, 720px\" \/><figcaption class=\"wp-element-caption\">m\u00e1quina de descasque de soja<\/figcaption><\/figure>    <figure class=\"wp-block-image size-large\"><img loading=\"lazy\" decoding=\"async\" width=\"720\" height=\"540\" data-id=\"12911\" src=\"https:\/\/www.agriculture-machine.com\/wp-content\/uploads\/2022\/04\/red-bean-peeling-machine1.jpg\" alt=\"M\u00e1quina de descascar feij\u00e3o vermelho\" class=\"wp-image-12911\" title=\"M\u00e1quina de descascar feij\u00e3o vermelho\" srcset=\"https:\/\/www.agriculture-machine.com\/wp-content\/uploads\/2022\/04\/red-bean-peeling-machine1.jpg 720w, https:\/\/www.agriculture-machine.com\/wp-content\/uploads\/2022\/04\/red-bean-peeling-machine1-360x270.jpg 360w, https:\/\/www.agriculture-machine.com\/wp-content\/uploads\/2022\/04\/red-bean-peeling-machine1-240x180.jpg 240w\" sizes=\"auto, (max-width: 720px) 100vw, 720px\" \/><figcaption class=\"wp-element-caption\">M\u00e1quina de descascar feij\u00e3o vermelho<\/figcaption><\/figure>    <figure class=\"wp-block-image size-large\"><img loading=\"lazy\" decoding=\"async\" width=\"720\" height=\"540\" data-id=\"12912\" src=\"https:\/\/www.agriculture-machine.com\/wp-content\/uploads\/2022\/04\/broad-bean-peeler1.jpg\" alt=\"\" class=\"wp-image-12912\" srcset=\"https:\/\/www.agriculture-machine.com\/wp-content\/uploads\/2022\/04\/broad-bean-peeler1.jpg 720w, https:\/\/www.agriculture-machine.com\/wp-content\/uploads\/2022\/04\/broad-bean-peeler1-360x270.jpg 360w, https:\/\/www.agriculture-machine.com\/wp-content\/uploads\/2022\/04\/broad-bean-peeler1-240x180.jpg 240w\" sizes=\"auto, (max-width: 720px) 100vw, 720px\" \/><figcaption class=\"wp-element-caption\">descascador de fava<\/figcaption><\/figure>    <figure class=\"wp-block-image size-large\"><img loading=\"lazy\" decoding=\"async\" width=\"720\" height=\"540\" data-id=\"12913\" src=\"https:\/\/www.agriculture-machine.com\/wp-content\/uploads\/2022\/04\/bean-peel-removing-machine1.jpg\" alt=\"M\u00e1quina de remo\u00e7\u00e3o de pele de feij\u00e3o\" class=\"wp-image-12913\" title=\"M\u00e1quina de remo\u00e7\u00e3o de pele de feij\u00e3o\" srcset=\"https:\/\/www.agriculture-machine.com\/wp-content\/uploads\/2022\/04\/bean-peel-removing-machine1.jpg 720w, https:\/\/www.agriculture-machine.com\/wp-content\/uploads\/2022\/04\/bean-peel-removing-machine1-360x270.jpg 360w, https:\/\/www.agriculture-machine.com\/wp-content\/uploads\/2022\/04\/bean-peel-removing-machine1-240x180.jpg 240w\" sizes=\"auto, (max-width: 720px) 100vw, 720px\" \/><figcaption class=\"wp-element-caption\">M\u00e1quina de remo\u00e7\u00e3o de pele de feij\u00e3o<\/figcaption><\/figure> <figcaption class=\"blocks-gallery-caption wp-element-caption\">M\u00e1quinas de descascar soja<\/figcaption><\/figure>    <h2 class=\"wp-block-heading\">Tipo 1: M\u00e1quina de remo\u00e7\u00e3o de pele de soja<\/h2>    <p>Este tipo de m\u00e1quina de remo\u00e7\u00e3o de pele de soja \u00e9 composta principalmente por alimentador, estrutura, caixa de engrenagens, c\u00e2mara de descasque, ventilador, caixa de distribui\u00e7\u00e3o, alimentador de descarga e outras partes.<\/p>    <p>Esta m\u00e1quina \u00e9 adequada para feij\u00f5es redondos e regulares, como soja, feij\u00e3o de corda e ervilhas.<\/p>    <figure class=\"wp-block-image aligncenter size-full\"><img loading=\"lazy\" decoding=\"async\" width=\"720\" height=\"540\" src=\"https:\/\/www.agriculture-machine.com\/wp-content\/uploads\/2022\/04\/green-pea-peeling-machine1.jpg\" alt=\"M\u00e1quina de descascar ervilha verde\" class=\"wp-image-12916\" title=\"M\u00e1quina de descascar ervilha verde\" srcset=\"https:\/\/www.agriculture-machine.com\/wp-content\/uploads\/2022\/04\/green-pea-peeling-machine1.jpg 720w, https:\/\/www.agriculture-machine.com\/wp-content\/uploads\/2022\/04\/green-pea-peeling-machine1-360x270.jpg 360w, https:\/\/www.agriculture-machine.com\/wp-content\/uploads\/2022\/04\/green-pea-peeling-machine1-240x180.jpg 240w\" sizes=\"auto, (max-width: 720px) 100vw, 720px\" \/><figcaption class=\"wp-element-caption\">M\u00e1quina de descascar ervilha verde<\/figcaption><\/figure>    <h3 class=\"wp-block-heading\" id=\"h-technical-specifications-of-mung-bean-peeler\">Especifica\u00e7\u00f5es t\u00e9cnicas do descascador de feij\u00e3o mungo<\/h3>    <figure class=\"wp-block-table is-style-stripes\"><table><tbody><tr><td>Modelo<\/td><td>TZ-10<\/td><\/tr><tr><td>Peso<\/td><td>200kg<\/td><\/tr><tr><td>Tamanho<\/td><td>190*140*75cm<\/td><\/tr><tr><td>Capacidade<\/td><td>300-400kg\/h<\/td><\/tr><tr><td>Pot\u00eancia<\/td><td>5.5kw 1.5kw<\/td><\/tr><\/tbody><\/table><figcaption class=\"wp-element-caption\">Dados t\u00e9cnicos da m\u00e1quina de remo\u00e7\u00e3o de pele de soja<\/figcaption><\/figure>    <h2 class=\"wp-block-heading\">Tipo 2: M\u00e1quina de descascar feij\u00e3o de rim<\/h2>    <p>Este descascador de feij\u00e3o de rim possui principalmente um alimentador, coletor de p\u00f3, dispositivo de descasque, sistema de ajuste de press\u00e3o de descasque, sa\u00edda, motor, etc.  <\/p>    <p>Esta m\u00e1quina \u00e9 um descascador multifuncional. Pode remover feij\u00f5es redondos e planos.<\/p>    <figure class=\"wp-block-image aligncenter size-full\"><img loading=\"lazy\" decoding=\"async\" width=\"720\" height=\"540\" src=\"https:\/\/www.agriculture-machine.com\/wp-content\/uploads\/2022\/04\/mung-bean-peeling-machine-2.jpg\" alt=\"M\u00e1quina de descascar feij\u00e3o mungo \" class=\"wp-image-12917\" title=\"M\u00e1quina de descascar feij\u00e3o mungo \" srcset=\"https:\/\/www.agriculture-machine.com\/wp-content\/uploads\/2022\/04\/mung-bean-peeling-machine-2.jpg 720w, https:\/\/www.agriculture-machine.com\/wp-content\/uploads\/2022\/04\/mung-bean-peeling-machine-2-360x270.jpg 360w, https:\/\/www.agriculture-machine.com\/wp-content\/uploads\/2022\/04\/mung-bean-peeling-machine-2-240x180.jpg 240w\" sizes=\"auto, (max-width: 720px) 100vw, 720px\" \/><figcaption class=\"wp-element-caption\">M\u00e1quina de descascar feij\u00e3o mungo <\/figcaption><\/figure>    <h3 class=\"wp-block-heading\">Informa\u00e7\u00f5es detalhadas sobre a m\u00e1quina de descascar fava<\/h3>    <figure class=\"wp-block-table is-style-stripes\"><table><tbody><tr><td>Modelo<\/td><td>S18<\/td><\/tr><tr><td>Pot\u00eancia<\/td><td>15KW<\/td><\/tr><tr><td>Capacidade<\/td><td>500KG\/H<\/td><\/tr><tr><td>Tamanho<\/td><td>1800*1200*2150mm<\/td><\/tr><\/tbody><\/table><figcaption class=\"wp-element-caption\">broad bean peeler&#8217;s information<\/figcaption><\/figure>    <h2 class=\"wp-block-heading\">Tipo 3: m\u00e1quina de descascar fava<\/h2>    <p>A estrutura desta m\u00e1quina \u00e9 muito diferente do Tipo 1 e Tipo 2. Possui uma estrutura relativamente simples, que inclui um alimentador, c\u00e2mara de descasque, sa\u00eddas, etc. Este descascador \u00e9 usado principalmente para descascar gr\u00e3os de fava. Al\u00e9m disso, \u00e9 chamado de descascador de pele de fava. <\/p>    <p>Esta m\u00e1quina tamb\u00e9m remove casca de feij\u00f5es oleaginosos, feij\u00e3o-lima, sementes de c\u00e2nhamo, sementes de ostra e outros feij\u00f5es mais achatados, resultando em uma taxa de remo\u00e7\u00e3o de casca mais alta.<\/p>    <figure class=\"wp-block-image aligncenter size-large\"><img loading=\"lazy\" decoding=\"async\" width=\"717\" height=\"540\" src=\"https:\/\/www.agriculture-machine.com\/wp-content\/uploads\/2022\/04\/Fava-beans-skin-peeler-2-717x540.png\" alt=\"Descascador de pele de fava \" class=\"wp-image-12920\" title=\"Descascador de pele de fava \" srcset=\"https:\/\/www.agriculture-machine.com\/wp-content\/uploads\/2022\/04\/Fava-beans-skin-peeler-2-717x540.png 717w, https:\/\/www.agriculture-machine.com\/wp-content\/uploads\/2022\/04\/Fava-beans-skin-peeler-2-360x270.png 360w, https:\/\/www.agriculture-machine.com\/wp-content\/uploads\/2022\/04\/Fava-beans-skin-peeler-2-240x180.png 240w, https:\/\/www.agriculture-machine.com\/wp-content\/uploads\/2022\/04\/Fava-beans-skin-peeler-2.png 720w\" sizes=\"auto, (max-width: 717px) 100vw, 717px\" \/><figcaption class=\"wp-element-caption\">Descascador de pele de fava<\/figcaption><\/figure>    <h3 class=\"wp-block-heading\">Par\u00e2metros do descascador de pele de fava<\/h3>    <figure class=\"wp-block-table is-style-stripes\"><table><tbody><tr><td>Tamanho<\/td><td>1000*1150*1400mm<\/td><\/tr><tr><td>Pot\u00eancia<\/td><td>5KW<\/td><\/tr><tr><td>Capacidade<\/td><td>200KG\/H<\/td><\/tr><tr><td>Peso<\/td><td>400KG<\/td><\/tr><\/tbody><\/table><figcaption class=\"wp-element-caption\">fava beans skin peeler&#8217;s parameter<\/figcaption><\/figure>    <h2 class=\"wp-block-heading\">Princ\u00edpio de funcionamento da m\u00e1quina de descascar feij\u00e3o<\/h2>    <p>Primeiro, a soja entra na m\u00e1quina e, sob a rota\u00e7\u00e3o de dois discos de moagem, ela consegue atingir o objetivo de descasque. <\/p>    <p>Quando os feij\u00f5es s\u00e3o descascados e passam pela c\u00e2mara de separa\u00e7\u00e3o, os feij\u00f5es descascados s\u00e3o descarregados atrav\u00e9s da sa\u00edda sob a a\u00e7\u00e3o do vento. Ao mesmo tempo, a pele e outros p\u00f3s s\u00e3o descarregados pela sa\u00edda com o ar.<\/p>    <figure class=\"wp-block-embed aligncenter is-type-video is-provider-youtube wp-block-embed-youtube wp-embed-aspect-16-9 wp-has-aspect-ratio\"><div class=\"wp-block-embed__wrapper\"> <iframe loading=\"lazy\" title=\"M\u00e1quina de descascar feij\u00e3o seco \/ descascador de feij\u00e3o mungo \/ descascador de feij\u00e3o verde ou fava\" width=\"500\" height=\"281\" src=\"https:\/\/www.youtube.com\/embed\/7pt3S2lx6eE?feature=oembed\" frameborder=\"0\" allow=\"accelerometer; autoplay; clipboard-write; encrypted-media; gyroscope; picture-in-picture; web-share\" referrerpolicy=\"strict-origin-when-cross-origin\" allowfullscreen><\/iframe> <\/div><figcaption class=\"wp-element-caption\">V\u00eddeo de funcionamento da m\u00e1quina de descascar soja<\/figcaption><\/figure>    <h2 class=\"wp-block-heading\" id=\"h-why-peel-beans-before-deep-processing\">Por que descascar feij\u00f5es antes do processamento profundo?<\/h2>    <ul class=\"wp-block-list\"> <li>O tratamento t\u00e9rmico adequado antes do descasque pode desnaturar moderadamente a prote\u00edna de soja, inibir a gera\u00e7\u00e3o de subst\u00e2ncias de sabor estranho e ajudar a melhorar a absor\u00e7\u00e3o de nutrientes.<\/li>    <li>A pele de soja frequentemente cont\u00e9m bact\u00e9rias resistentes ao calor do solo, a descascagem ajuda a reduzir esse tipo de bact\u00e9ria e melhorar a seguran\u00e7a alimentar.<\/li>    <li>O descasque favorece a passiva\u00e7\u00e3o da lipoxigenase, o que pode reduzir o tempo de aquecimento, diminuir a desnatura\u00e7\u00e3o t\u00e9rmica dos nutrientes e prevenir o escurecimento enzim\u00e1tico.<\/li> <\/ul>    <figure class=\"wp-block-image aligncenter size-large\"><img loading=\"lazy\" decoding=\"async\" width=\"720\" height=\"540\" src=\"https:\/\/www.agriculture-machine.com\/wp-content\/uploads\/2020\/04\/peeling-soybean.jpg\" alt=\"descascamento-soja\" class=\"wp-image-10921\" srcset=\"https:\/\/www.agriculture-machine.com\/wp-content\/uploads\/2020\/04\/peeling-soybean.jpg 720w, https:\/\/www.agriculture-machine.com\/wp-content\/uploads\/2020\/04\/peeling-soybean-360x270.jpg 360w, https:\/\/www.agriculture-machine.com\/wp-content\/uploads\/2020\/04\/peeling-soybean-240x180.jpg 240w\" sizes=\"auto, (max-width: 720px) 100vw, 720px\" \/><figcaption class=\"wp-element-caption\">descascamento-soja<\/figcaption><\/figure>    <h2 class=\"wp-block-heading\" id=\"h-why-choose-taizy-bean-peeling-machine\">Vantagens da m\u00e1quina de remo\u00e7\u00e3o de pele de feij\u00e3o Taizy<\/h2>    <ul class=\"wp-block-list\"> <li>Alta efici\u00eancia e descasque uniforme: o equipamento possui alta efici\u00eancia de trabalho e pode realizar um efeito de descasque uniforme, evitando problemas de descasque desigual e feij\u00f5es quebrados.<\/li>    <li>Melhore o sabor e a qualidade: remova efetivamente o cheiro dos feij\u00f5es, melhore o sabor dos produtos de soja, aumente significativamente a qualidade geral e o valor de mercado do produto.<\/li>    <li>Multiuso, fun\u00e7\u00f5es completas: com fun\u00e7\u00f5es de descasque e separa\u00e7\u00e3o, f\u00e1cil de operar, desempenho est\u00e1vel, adequado para diversos processamentos de feij\u00e3o.<\/li>    <li>Atender \u00e0s necessidades da produ\u00e7\u00e3o moderna: projetada para produtos de feij\u00e3o de alta qualidade, especialmente adequada para processamento de alimentos de alta gama.<\/li> <\/ul>    <figure class=\"wp-block-image aligncenter size-full\"><img loading=\"lazy\" decoding=\"async\" width=\"720\" height=\"540\" src=\"https:\/\/www.agriculture-machine.com\/wp-content\/uploads\/2020\/04\/beans-peeler-for-sale.webp\" alt=\"Feij\u00e3o descascador \u00e0 venda\" class=\"wp-image-15519\" srcset=\"https:\/\/www.agriculture-machine.com\/wp-content\/uploads\/2020\/04\/beans-peeler-for-sale.webp 720w, https:\/\/www.agriculture-machine.com\/wp-content\/uploads\/2020\/04\/beans-peeler-for-sale-360x270.webp 360w, https:\/\/www.agriculture-machine.com\/wp-content\/uploads\/2020\/04\/beans-peeler-for-sale-240x180.webp 240w\" sizes=\"auto, (max-width: 720px) 100vw, 720px\" \/><figcaption class=\"wp-element-caption\">Feij\u00e3o descascador \u00e0 venda<\/figcaption><\/figure>    <h2 class=\"wp-block-heading\">Soja descascada vendida para o Canad\u00e1<\/h2>    <p>Um de nossos clientes \u00e9 do Canad\u00e1. Ele entrou em contato conosco atrav\u00e9s de um v\u00eddeo postado em nosso canal do YouTube. Entende-se que o cliente deseja descascar feij\u00e3o preto, soja e feij\u00e3o vermelho. <\/p>    <p>According to the customer&#8217;s desired output and budget, we recommend Type 1 and Type 2. The final customer places an order from us. Below is the packaging and shipping diagram of the machine.<\/p>    <figure class=\"wp-block-gallery has-nested-images columns-default is-cropped wp-block-gallery-3 is-layout-flex wp-block-gallery-is-layout-flex\"> <figure class=\"wp-block-image size-large\"><img loading=\"lazy\" decoding=\"async\" width=\"720\" height=\"540\" data-id=\"12929\" src=\"https:\/\/www.agriculture-machine.com\/wp-content\/uploads\/2022\/04\/wooden-case-packing1.jpg\" alt=\"embalagem em caixa de madeira\" class=\"wp-image-12929\" title=\"embalagem em caixa de madeira\" srcset=\"https:\/\/www.agriculture-machine.com\/wp-content\/uploads\/2022\/04\/wooden-case-packing1.jpg 720w, https:\/\/www.agriculture-machine.com\/wp-content\/uploads\/2022\/04\/wooden-case-packing1-360x270.jpg 360w, https:\/\/www.agriculture-machine.com\/wp-content\/uploads\/2022\/04\/wooden-case-packing1-240x180.jpg 240w\" sizes=\"auto, (max-width: 720px) 100vw, 720px\" \/><figcaption class=\"wp-element-caption\">embalagem em caixa de madeira<\/figcaption><\/figure>    <figure class=\"wp-block-image size-large\"><img loading=\"lazy\" decoding=\"async\" width=\"720\" height=\"540\" data-id=\"12930\" src=\"https:\/\/www.agriculture-machine.com\/wp-content\/uploads\/2022\/04\/shipping-of-soybean-peeler1.jpg\" alt=\"Envio da soja descascada\" class=\"wp-image-12930\" title=\"Envio da soja descascada\" srcset=\"https:\/\/www.agriculture-machine.com\/wp-content\/uploads\/2022\/04\/shipping-of-soybean-peeler1.jpg 720w, https:\/\/www.agriculture-machine.com\/wp-content\/uploads\/2022\/04\/shipping-of-soybean-peeler1-360x270.jpg 360w, https:\/\/www.agriculture-machine.com\/wp-content\/uploads\/2022\/04\/shipping-of-soybean-peeler1-240x180.jpg 240w\" sizes=\"auto, (max-width: 720px) 100vw, 720px\" \/><figcaption class=\"wp-element-caption\">Envio da soja descascada<\/figcaption><\/figure> <\/figure>    <p class=\"translation-block\">Nossas m\u00e1quinas foram exportadas para Nig\u00e9ria, Vietname, Camar\u00f5es, Holanda e outros pa\u00edses. Al\u00e9m da m\u00e1quina de descascar feij\u00e3o, tamb\u00e9m temos <strong><em><a href=\"https:\/\/www.agriculture-machine.com\/pt\/corn-grits-making-machine\/\">m\u00e1quina de gr\u00e3os de milho<\/a> <\/em><\/strong> e <a href=\"https:\/\/www.agriculture-machine.com\/pt\/hammer-mill-machine\/\"><strong><em>moedor de gr\u00e3os<\/em><\/strong><\/a>. Elas podem processar gr\u00e3os em v\u00e1rias granula\u00e7\u00f5es e p\u00f3s.<\/p>    <p>Se estiver interessado em nossos produtos ou tiver alguma d\u00favida, n\u00e3o hesite em contactar-nos. Nossa equipe profissional est\u00e1 sempre pronta para fornecer informa\u00e7\u00f5es detalhadas sobre nossas m\u00e1quinas e convidamos voc\u00ea a visitar nossa f\u00e1brica, esperando poder oferecer o melhor servi\u00e7o!<\/p>","protected":false},"excerpt":{"rendered":"<p>The bean peeling machine has a wide range of applications and is designed for removing the outer skin of all kinds of beans. Its advanced technology and reliable performance make it ideal for bean processing.<\/p>","protected":false},"author":1,"featured_media":12906,"parent":0,"comment_status":"closed","ping_status":"closed","template":"","tags":[489,2600],"product-type":[902],"class_list":["post-6613","product","type-product","status-publish","has-post-thumbnail","hentry","tag-bean","tag-soybean","product-type-soybean-peeling-machine"],"_links":{"self":[{"href":"https:\/\/www.agriculture-machine.com\/pt\/wp-json\/wp\/v2\/product\/6613","targetHints":{"allow":["GET"]}}],"collection":[{"href":"https:\/\/www.agriculture-machine.com\/pt\/wp-json\/wp\/v2\/product"}],"about":[{"href":"https:\/\/www.agriculture-machine.com\/pt\/wp-json\/wp\/v2\/types\/product"}],"author":[{"embeddable":true,"href":"https:\/\/www.agriculture-machine.com\/pt\/wp-json\/wp\/v2\/users\/1"}],"replies":[{"embeddable":true,"href":"https:\/\/www.agriculture-machine.com\/pt\/wp-json\/wp\/v2\/comments?post=6613"}],"wp:featuredmedia":[{"embeddable":true,"href":"https:\/\/www.agriculture-machine.com\/pt\/wp-json\/wp\/v2\/media\/12906"}],"wp:attachment":[{"href":"https:\/\/www.agriculture-machine.com\/pt\/wp-json\/wp\/v2\/media?parent=6613"}],"wp:term":[{"taxonomy":"post_tag","embeddable":true,"href":"https:\/\/www.agriculture-machine.com\/pt\/wp-json\/wp\/v2\/tags?post=6613"},{"taxonomy":"product-type","embeddable":true,"href":"https:\/\/www.agriculture-machine.com\/pt\/wp-json\/wp\/v2\/product-type?post=6613"}],"curies":[{"name":"wp","href":"https:\/\/api.w.org\/{rel}","templated":true}]}}