{"id":7114,"date":"2020-07-14T10:36:12","date_gmt":"2020-07-14T02:36:12","guid":{"rendered":"https:\/\/www.agriculture-machine.com\/?p=7114"},"modified":"2024-10-24T14:11:31","modified_gmt":"2024-10-24T06:11:31","slug":"tzy-79-nursery-seeding-machine","status":"publish","type":"product","link":"https:\/\/www.agriculture-machine.com\/pt\/tzy-79-nursery-seeding-machine\/","title":{"rendered":"M\u00e1quina de muda de viveiro\u4e28m\u00e1quina autom\u00e1tica de semeadura de viveiro"},"content":{"rendered":"<p class=\"translation-block\">A <strong>m\u00e1quina de mudas de viveiro<\/strong> \u00e9 um dispositivo que pode plantar v\u00e1rias sementes de legumes e flores em uma bandeja de plugues. Existem v\u00e1rios tipos de m\u00e1quinas de viveiro de mudas dispon\u00edveis no mercado, como semi-autom\u00e1ticas e totalmente autom\u00e1ticas. O m\u00e9todo manual de semear \u00e9 demorado e exige muito trabalho.<\/p>    <p>Assim, as pessoas podem melhorar muito a efici\u00eancia e economizar energia usando uma m\u00e1quina de viveiro. Al\u00e9m disso, a m\u00e1quina de viveiro suga sementes e semeia com precis\u00e3o. Portanto, esta m\u00e1quina pode economizar sementes e tem uma taxa de sobreviv\u00eancia mais alta. Assim, as m\u00e1quinas de viveiro s\u00e3o agora amplamente usadas para ajudar a cultivar mudas.<\/p>    <figure class=\"wp-block-embed is-type-video is-provider-youtube wp-block-embed-youtube wp-embed-aspect-16-9 wp-has-aspect-ratio\"><div class=\"wp-block-embed__wrapper\"> <iframe loading=\"lazy\" title=\"M\u00e1quina de viveiro de sementes de legumes totalmente autom\u00e1tica \u00e0 venda!\" width=\"500\" height=\"281\" src=\"https:\/\/www.youtube.com\/embed\/oeNMbovVJbo?start=17&#038;feature=oembed\" frameborder=\"0\" allow=\"accelerometer; autoplay; clipboard-write; encrypted-media; gyroscope; picture-in-picture; web-share\" referrerpolicy=\"strict-origin-when-cross-origin\" allowfullscreen><\/iframe> <\/div><figcaption class=\"wp-element-caption\">V\u00eddeo de funcionamento da m\u00e1quina de viveiro de mudas KMR-78-2<\/figcaption><\/figure>    <p>The above shows our factory&#8217;s more popular fully-automatic models.<\/p>    <h2 class=\"wp-block-heading\">Introdu\u00e7\u00e3o \u00e0 m\u00e1quina de viveiro de mudas<\/h2>    <p class=\"translation-block\">Produzimos v\u00e1rios tipos de m\u00e1quinas de viveiro para atender diferentes necessidades. Uma das m\u00e1quinas de viveiro totalmente autom\u00e1ticas pode tamb\u00e9m incluir aspersores de \u00e1gua. Al\u00e9m disso, projet\u00e1mos e produzimos uma semeadora de m\u00faltiplas linhas para ajudar as pessoas a alcan\u00e7ar a necessidade de v\u00e1rias sementes em um buraco. Este artigo foca na <strong>m\u00e1quina autom\u00e1tica de semear em viveiro KMR78-2<\/strong>. Este modelo pode realizar cobertura, perfura\u00e7\u00e3o de buracos, semeadura e cobertura secund\u00e1ria em uma \u00fanica opera\u00e7\u00e3o.<\/p>    <p class=\"translation-block\">What&#8217;s more watering and multi-row seeding are additional functions. And customers can choose according to their needs. We also produce semi-automatic seedling nursery machines, <a href=\"https:\/\/www.agriculture-machine.com\/pt\/peony-transplant-cucumber-transplant-factory-direct\/\">vegetable transplants<\/a>, and <a href=\"https:\/\/www.agriculture-machine.com\/pt\/walk-behind-rice-transplanter-rice-planting-machine\/\">rice transplanters<\/a>. The combination of a seedling machine and a transplanter can save a lot of seedling sowing time.<\/p>    <figure class=\"wp-block-gallery has-nested-images columns-default is-cropped wp-block-gallery-2 is-layout-flex wp-block-gallery-is-layout-flex\"> <figure class=\"wp-block-image size-large\"><img loading=\"lazy\" decoding=\"async\" width=\"720\" height=\"540\" data-id=\"13592\" src=\"https:\/\/www.agriculture-machine.com\/wp-content\/uploads\/2022\/05\/nursery-seedling-machine1.jpg\" alt=\"m\u00e1quina de viveiro de mudas\" class=\"wp-image-13592\" title=\"m\u00e1quina de viveiro de mudas\" srcset=\"https:\/\/www.agriculture-machine.com\/wp-content\/uploads\/2022\/05\/nursery-seedling-machine1.jpg 720w, https:\/\/www.agriculture-machine.com\/wp-content\/uploads\/2022\/05\/nursery-seedling-machine1-360x270.jpg 360w, https:\/\/www.agriculture-machine.com\/wp-content\/uploads\/2022\/05\/nursery-seedling-machine1-240x180.jpg 240w\" sizes=\"auto, (max-width: 720px) 100vw, 720px\" \/><figcaption class=\"wp-element-caption\">m\u00e1quina de viveiro de mudas<\/figcaption><\/figure>    <figure class=\"wp-block-image size-large\"><img loading=\"lazy\" decoding=\"async\" width=\"720\" height=\"540\" data-id=\"13593\" src=\"https:\/\/www.agriculture-machine.com\/wp-content\/uploads\/2022\/05\/automatic-nursery-sowing-machine-.jpg\" alt=\"m\u00e1quina autom\u00e1tica de semear em viveiro\" class=\"wp-image-13593\" title=\"m\u00e1quina autom\u00e1tica de semear em viveiro\" srcset=\"https:\/\/www.agriculture-machine.com\/wp-content\/uploads\/2022\/05\/automatic-nursery-sowing-machine-.jpg 720w, https:\/\/www.agriculture-machine.com\/wp-content\/uploads\/2022\/05\/automatic-nursery-sowing-machine--360x270.jpg 360w, https:\/\/www.agriculture-machine.com\/wp-content\/uploads\/2022\/05\/automatic-nursery-sowing-machine--240x180.jpg 240w\" sizes=\"auto, (max-width: 720px) 100vw, 720px\" \/><figcaption class=\"wp-element-caption\">m\u00e1quina autom\u00e1tica de semear em viveiro<\/figcaption><\/figure> <\/figure>    <h2 class=\"wp-block-heading\">Que tipos de sementes a m\u00e1quina de plantio de viveiro pode semear?<\/h2>    <p>A m\u00e1quina de plantio de viveiro pode semear v\u00e1rias sementes de legumes e flores. Por exemplo, tomate, alface, repolho chin\u00eas, couve, milho doce, ab\u00f3bora, semente de c\u00e2nhamo, quiabo, pepino, beringela, mel\u00e3o, melancia, pimenta, piri-piri, repolho, repolho taiwan\u00eas, prato de peixe, luz seca, alho-porro, beterraba, hortali\u00e7as, aipo, c\u00e2nhamo, etc.<\/p>    <figure class=\"wp-block-gallery has-nested-images columns-default is-cropped wp-block-gallery-3 is-layout-flex wp-block-gallery-is-layout-flex\"> <figure class=\"wp-block-image size-large\"><img loading=\"lazy\" decoding=\"async\" width=\"720\" height=\"541\" data-id=\"13606\" src=\"https:\/\/www.agriculture-machine.com\/wp-content\/uploads\/2022\/05\/vegetable-seeds-.jpg\" alt=\"sementes de legumes\" class=\"wp-image-13606\" title=\"sementes de legumes\" srcset=\"https:\/\/www.agriculture-machine.com\/wp-content\/uploads\/2022\/05\/vegetable-seeds-.jpg 720w, https:\/\/www.agriculture-machine.com\/wp-content\/uploads\/2022\/05\/vegetable-seeds--360x270.jpg 360w, https:\/\/www.agriculture-machine.com\/wp-content\/uploads\/2022\/05\/vegetable-seeds--240x180.jpg 240w\" sizes=\"auto, (max-width: 720px) 100vw, 720px\" \/><figcaption class=\"wp-element-caption\">sementes de legumes<\/figcaption><\/figure>    <figure class=\"wp-block-image size-large\"><img loading=\"lazy\" decoding=\"async\" width=\"720\" height=\"540\" data-id=\"13607\" src=\"https:\/\/www.agriculture-machine.com\/wp-content\/uploads\/2022\/05\/flower-seeds-.jpg\" alt=\"sementes de flores\" class=\"wp-image-13607\" title=\"sementes de flores\" srcset=\"https:\/\/www.agriculture-machine.com\/wp-content\/uploads\/2022\/05\/flower-seeds-.jpg 720w, https:\/\/www.agriculture-machine.com\/wp-content\/uploads\/2022\/05\/flower-seeds--360x270.jpg 360w, https:\/\/www.agriculture-machine.com\/wp-content\/uploads\/2022\/05\/flower-seeds--240x180.jpg 240w\" sizes=\"auto, (max-width: 720px) 100vw, 720px\" \/><figcaption class=\"wp-element-caption\">sementes de flores<\/figcaption><\/figure> <\/figure>    <h2 class=\"wp-block-heading\">Estrutura da m\u00e1quina autom\u00e1tica de semear em viveiro<\/h2>    <p>Este modelo de m\u00e1quina de semear em viveiro inclui principalmente dispositivos de cobertura, escovas, escava\u00e7\u00e3o, semeadura, caixas de solo, etc. Esta \u00e9 a estrutura b\u00e1sica da m\u00e1quina, podendo tamb\u00e9m optar pelas fun\u00e7\u00f5es de irriga\u00e7\u00e3o por \u00e1gua e semeio em m\u00faltiplas linhas.<\/p>    <figure class=\"wp-block-image aligncenter size-full\"><img loading=\"lazy\" decoding=\"async\" width=\"720\" height=\"540\" src=\"https:\/\/www.agriculture-machine.com\/wp-content\/uploads\/2022\/05\/plug-seedling-machine\u2018s-structure0.jpg\" alt=\"Estrutura da m\u00e1quina de mudas de plugue\" class=\"wp-image-13594\" title=\"Estrutura da m\u00e1quina de mudas de plugue\" srcset=\"https:\/\/www.agriculture-machine.com\/wp-content\/uploads\/2022\/05\/plug-seedling-machine\u2018s-structure0.jpg 720w, https:\/\/www.agriculture-machine.com\/wp-content\/uploads\/2022\/05\/plug-seedling-machine\u2018s-structure0-360x270.jpg 360w, https:\/\/www.agriculture-machine.com\/wp-content\/uploads\/2022\/05\/plug-seedling-machine\u2018s-structure0-240x180.jpg 240w\" sizes=\"auto, (max-width: 720px) 100vw, 720px\" \/><figcaption class=\"wp-element-caption\">plug seedling machine&#8217;s structure<\/figcaption><\/figure>    <h3 class=\"wp-block-heading\">Fun\u00e7\u00e3o de cada parte<\/h3>    <ol class=\"wp-block-list\" id=\"block-b0620b7d-e759-448e-aefe-02f00d44eaf2\"> <li>Dispositivo de cobertura de semeadura: esta parte pode colocar solo nutritivo na bandeja de enchimento.<\/li>    <li>Escova de rota\u00e7\u00e3o de solo semeado: esta parte possui uma escova de cabelo, que alisa o solo nutritivo e a bandeja de enchimento.<\/li>    <li>Cavou um buraco: possui fun\u00e7\u00e3o de press\u00e3o e cavou um buraco.<\/li>    <li>Dispositivo de semeadura: esta \u00e9 a parte mais importante da m\u00e1quina. Ap\u00f3s cavar um buraco, a semente cair\u00e1 nele, uma semente por buraco.<\/li>    <li>Funil de cobertura de terra: coloca o solo nutritivo na bandeja de semeadura novamente.<\/li> <\/ol>    <h2 class=\"wp-block-heading\" id=\"h-specification-of-the-nursery-seedling-machine\">Especifica\u00e7\u00e3o da m\u00e1quina de viveiro de mudas<\/h2>    <figure class=\"wp-block-table is-style-stripes\"><table><tbody><tr><td>Modelo<\/td><td>KMR-78-2<\/td><\/tr><tr><td>Precis\u00e3o<\/td><td>&gt;97-98%<\/td><\/tr><tr><td>Princ\u00edpio<\/td><td>Compressores el\u00e9tricos e de ar<\/td><\/tr><tr><td>Capacidade<\/td><td>500-600 bandejas\/hora&nbsp;<\/td><\/tr><tr><td>Tamanho<\/td><td>4800*800*1600mm<\/td><\/tr><tr><td>Peso<\/td><td>400kg<\/td><\/tr><tr><td>Tens\u00e3o<\/td><td>220V \/110V 600w<\/td><\/tr><tr><td>Tamanho para sementes<\/td><td>0,3-12mm<\/td><\/tr><tr><td>Largura da bandeja<\/td><td>\u2264540mm<\/td><\/tr><tr><td>Material<\/td><td>A\u00e7o inoxid\u00e1vel<\/td><\/tr><\/tbody><\/table><figcaption class=\"wp-element-caption\">nursery seedling machine&#8217;s parameter<\/figcaption><\/figure>    <h2 class=\"wp-block-heading\" id=\"h-features-of-the-pumpkin-nursery-seedling-machine\">Caracter\u00edsticas da m\u00e1quina de viveiro de ab\u00f3bora<\/h2>    <ul class=\"wp-block-list\"> <li>M\u00e1quina autom\u00e1tica de semear em viveiro integra espalhamento autom\u00e1tico de solo, rega, semeadura e cobertura de terra em uma s\u00f3. Assim, pode concluir todos os procedimentos operacionais de uma s\u00f3 vez.<\/li>    <li>A m\u00e1quina de mudas de ab\u00f3bora pode trabalhar com discos de pl\u00e1stico r\u00edgido e discos macios. E a efici\u00eancia de trabalho da m\u00e1quina \u00e9 de 500-600 bandejas por hora. Permite a produ\u00e7\u00e3o mecanizada de todo o ciclo de gr\u00e3os.<\/li>    <li>Brota\u00e7\u00f5es cultivadas por disco na m\u00e1quina de viveiro t\u00eam mudas finas, arrumadas e fortes.<\/li> <\/ul>    <h2 class=\"wp-block-heading\" id=\"h-what-advantages-does-the-onion-transplanting-machine-has\">Quais vantagens tem uma m\u00e1quina de mudas de cebola?<\/h2>    <ul class=\"wp-block-list\"> <li>A regulagem da quantidade de semeadura \u00e9 conveniente e confi\u00e1vel. Assim, esta m\u00e1quina aumenta muito a semeadura de precis\u00e3o em volume pequeno. Al\u00e9m disso, pode atingir uma semente por buraco, independentemente do tamanho da semente.<\/li>    <li>Redu\u00e7\u00e3o da taxa de preenchimento vazio em 20%, inferior \u00e0 planta\u00e7\u00e3o manual. Assim, garante o aumento da produ\u00e7\u00e3o e da renda. O bom efeito das mudas, aumento da produ\u00e7\u00e3o e poupan\u00e7a de custos.<\/li>    <li>A m\u00e1quina de semear em viveiro \u00e9 um componente necess\u00e1rio que garante uma produ\u00e7\u00e3o est\u00e1vel e elevada. E tamb\u00e9m uma escolha para aumentar a produ\u00e7\u00e3o e poupar custos.<\/li> <\/ul>    <figure class=\"wp-block-gallery has-nested-images columns-default is-cropped wp-block-gallery-4 is-layout-flex wp-block-gallery-is-layout-flex\"> <figure class=\"wp-block-image size-large\"><img loading=\"lazy\" decoding=\"async\" width=\"720\" height=\"540\" data-id=\"13597\" src=\"https:\/\/www.agriculture-machine.com\/wp-content\/uploads\/2022\/05\/automatic-tomato-nursery-seedling-machine-.jpg\" alt=\"m\u00e1quina autom\u00e1tica de viveiro de tomates\" class=\"wp-image-13597\" title=\"m\u00e1quina autom\u00e1tica de viveiro de tomates\" srcset=\"https:\/\/www.agriculture-machine.com\/wp-content\/uploads\/2022\/05\/automatic-tomato-nursery-seedling-machine-.jpg 720w, https:\/\/www.agriculture-machine.com\/wp-content\/uploads\/2022\/05\/automatic-tomato-nursery-seedling-machine--360x270.jpg 360w, https:\/\/www.agriculture-machine.com\/wp-content\/uploads\/2022\/05\/automatic-tomato-nursery-seedling-machine--240x180.jpg 240w\" sizes=\"auto, (max-width: 720px) 100vw, 720px\" \/><figcaption class=\"wp-element-caption\">m\u00e1quina autom\u00e1tica de viveiro de tomates<\/figcaption><\/figure>    <figure class=\"wp-block-image size-large\"><img loading=\"lazy\" decoding=\"async\" width=\"720\" height=\"540\" data-id=\"13598\" src=\"https:\/\/www.agriculture-machine.com\/wp-content\/uploads\/2022\/05\/automatic-tray-seeder-.jpg\" alt=\"semear em bandeja autom\u00e1tica\" class=\"wp-image-13598\" title=\"semear em bandeja autom\u00e1tica\" srcset=\"https:\/\/www.agriculture-machine.com\/wp-content\/uploads\/2022\/05\/automatic-tray-seeder-.jpg 720w, https:\/\/www.agriculture-machine.com\/wp-content\/uploads\/2022\/05\/automatic-tray-seeder--360x270.jpg 360w, https:\/\/www.agriculture-machine.com\/wp-content\/uploads\/2022\/05\/automatic-tray-seeder--240x180.jpg 240w\" sizes=\"auto, (max-width: 720px) 100vw, 720px\" \/><figcaption class=\"wp-element-caption\">semear em bandeja autom\u00e1tica<\/figcaption><\/figure> <\/figure>    <h2 class=\"wp-block-heading\">M\u00e1quina autom\u00e1tica de viveiro enviada para Singapura<\/h2>    <p>Nosso cliente \u00e9 de Singapura. E entrou em contacto connosco atrav\u00e9s do Alibaba. Depois, o nosso gestor de vendas comunicou com o cliente por email sobre a m\u00e1quina. Aprendemos atrav\u00e9s da comunica\u00e7\u00e3o que o cliente possui estufas para cultivar v\u00e1rios legumes. Al\u00e9m disso, o cliente conhecia mais sobre a m\u00e1quina de viveiro de mudas. <\/p>    <p>And he wants to buy a fully automatic vegetable seedling machine. According to the customer&#8217;s specific needs and budget, we recommended the KMR78-2 seedling machine. The customer finally decided to buy one set of automatic nursery sowing machines. Below is the packing and shipping picture of the machine.<\/p>    <figure class=\"wp-block-gallery has-nested-images columns-default is-cropped wp-block-gallery-5 is-layout-flex wp-block-gallery-is-layout-flex\"> <figure class=\"wp-block-image size-large\"><img loading=\"lazy\" decoding=\"async\" width=\"720\" height=\"540\" data-id=\"13603\" src=\"https:\/\/www.agriculture-machine.com\/wp-content\/uploads\/2022\/05\/greenhouse-seeder-machine.jpg\" alt=\"M\u00e1quina de semear em estufa\" class=\"wp-image-13603\" title=\"M\u00e1quina de semear em estufa\" srcset=\"https:\/\/www.agriculture-machine.com\/wp-content\/uploads\/2022\/05\/greenhouse-seeder-machine.jpg 720w, https:\/\/www.agriculture-machine.com\/wp-content\/uploads\/2022\/05\/greenhouse-seeder-machine-360x270.jpg 360w, https:\/\/www.agriculture-machine.com\/wp-content\/uploads\/2022\/05\/greenhouse-seeder-machine-240x180.jpg 240w\" sizes=\"auto, (max-width: 720px) 100vw, 720px\" \/><figcaption class=\"wp-element-caption\">M\u00e1quina de semear em estufa<\/figcaption><\/figure>    <figure class=\"wp-block-image size-large\"><img loading=\"lazy\" decoding=\"async\" width=\"720\" height=\"540\" data-id=\"13604\" src=\"https:\/\/www.agriculture-machine.com\/wp-content\/uploads\/2022\/05\/automatic-seedling-raising-machine.jpg\" alt=\"M\u00e1quina autom\u00e1tica de semear mudas\" class=\"wp-image-13604\" title=\"M\u00e1quina autom\u00e1tica de semear mudas\" srcset=\"https:\/\/www.agriculture-machine.com\/wp-content\/uploads\/2022\/05\/automatic-seedling-raising-machine.jpg 720w, https:\/\/www.agriculture-machine.com\/wp-content\/uploads\/2022\/05\/automatic-seedling-raising-machine-360x270.jpg 360w, https:\/\/www.agriculture-machine.com\/wp-content\/uploads\/2022\/05\/automatic-seedling-raising-machine-240x180.jpg 240w\" sizes=\"auto, (max-width: 720px) 100vw, 720px\" \/><figcaption class=\"wp-element-caption\">M\u00e1quina autom\u00e1tica de semear mudas<\/figcaption><\/figure>    <figure class=\"wp-block-image size-large\"><img loading=\"lazy\" decoding=\"async\" width=\"720\" height=\"540\" data-id=\"13605\" src=\"https:\/\/www.agriculture-machine.com\/wp-content\/uploads\/2022\/05\/nursery-planting-machine-.jpg\" alt=\"m\u00e1quina de planta\u00e7\u00e3o de viveiro\" class=\"wp-image-13605\" title=\"m\u00e1quina de planta\u00e7\u00e3o de viveiro\" srcset=\"https:\/\/www.agriculture-machine.com\/wp-content\/uploads\/2022\/05\/nursery-planting-machine-.jpg 720w, https:\/\/www.agriculture-machine.com\/wp-content\/uploads\/2022\/05\/nursery-planting-machine--360x270.jpg 360w, https:\/\/www.agriculture-machine.com\/wp-content\/uploads\/2022\/05\/nursery-planting-machine--240x180.jpg 240w\" sizes=\"auto, (max-width: 720px) 100vw, 720px\" \/><figcaption class=\"wp-element-caption\">m\u00e1quina de planta\u00e7\u00e3o de viveiro<\/figcaption><\/figure> <\/figure>    <h2 class=\"wp-block-heading\">Exibi\u00e7\u00e3o do efeito do viveiro<\/h2>    <p>All over the world, many customers have achieved remarkable nursery results with our nursery machines. We have received a large number of positive feedback from our customers, and their success stories fully demonstrate the efficient performance and excellent quality of our seedling breeders. Below are some of our customers&#8217; actual results after using our seedling nurseries:<\/p>    <figure class=\"wp-block-gallery has-nested-images columns-2 is-cropped wp-block-gallery-6 is-layout-flex wp-block-gallery-is-layout-flex\"> <figure class=\"wp-block-image size-large\"><img loading=\"lazy\" decoding=\"async\" width=\"720\" height=\"540\" data-id=\"16045\" src=\"https:\/\/www.agriculture-machine.com\/wp-content\/uploads\/2020\/07\/nursery-seeder-use-effect.webp\" alt=\"Efeito de uso do semeador de viveiro\" class=\"wp-image-16045\" srcset=\"https:\/\/www.agriculture-machine.com\/wp-content\/uploads\/2020\/07\/nursery-seeder-use-effect.webp 720w, https:\/\/www.agriculture-machine.com\/wp-content\/uploads\/2020\/07\/nursery-seeder-use-effect-360x270.webp 360w, https:\/\/www.agriculture-machine.com\/wp-content\/uploads\/2020\/07\/nursery-seeder-use-effect-240x180.webp 240w, https:\/\/www.agriculture-machine.com\/wp-content\/uploads\/2020\/07\/nursery-seeder-use-effect-16x12.webp 16w\" sizes=\"auto, (max-width: 720px) 100vw, 720px\" \/><figcaption class=\"wp-element-caption\">Efeito de uso do semeador de viveiro<\/figcaption><\/figure>    <figure class=\"wp-block-image size-large\"><img loading=\"lazy\" decoding=\"async\" width=\"720\" height=\"540\" data-id=\"16046\" src=\"https:\/\/www.agriculture-machine.com\/wp-content\/uploads\/2020\/07\/seedling-machine-customer-feedback.webp\" alt=\"feedback do cliente da m\u00e1quina de viveiro\" class=\"wp-image-16046\" srcset=\"https:\/\/www.agriculture-machine.com\/wp-content\/uploads\/2020\/07\/seedling-machine-customer-feedback.webp 720w, https:\/\/www.agriculture-machine.com\/wp-content\/uploads\/2020\/07\/seedling-machine-customer-feedback-360x270.webp 360w, https:\/\/www.agriculture-machine.com\/wp-content\/uploads\/2020\/07\/seedling-machine-customer-feedback-240x180.webp 240w, https:\/\/www.agriculture-machine.com\/wp-content\/uploads\/2020\/07\/seedling-machine-customer-feedback-16x12.webp 16w\" sizes=\"auto, (max-width: 720px) 100vw, 720px\" \/><figcaption class=\"wp-element-caption\">feedback do cliente da m\u00e1quina de viveiro<\/figcaption><\/figure>    <figure class=\"wp-block-image size-large\"><img loading=\"lazy\" decoding=\"async\" width=\"405\" height=\"540\" data-id=\"16044\" src=\"https:\/\/www.agriculture-machine.com\/wp-content\/uploads\/2020\/07\/automatic-nursery-tray-seeding-machine-feedback-405x540.webp\" alt=\"feedback da m\u00e1quina autom\u00e1tica de semear em bandeja\" class=\"wp-image-16044\" srcset=\"https:\/\/www.agriculture-machine.com\/wp-content\/uploads\/2020\/07\/automatic-nursery-tray-seeding-machine-feedback-405x540.webp 405w, https:\/\/www.agriculture-machine.com\/wp-content\/uploads\/2020\/07\/automatic-nursery-tray-seeding-machine-feedback-203x270.webp 203w, https:\/\/www.agriculture-machine.com\/wp-content\/uploads\/2020\/07\/automatic-nursery-tray-seeding-machine-feedback-9x12.webp 9w, https:\/\/www.agriculture-machine.com\/wp-content\/uploads\/2020\/07\/automatic-nursery-tray-seeding-machine-feedback.webp 540w\" sizes=\"auto, (max-width: 405px) 100vw, 405px\" \/><figcaption class=\"wp-element-caption\">feedback da m\u00e1quina autom\u00e1tica de semear em bandeja<\/figcaption><\/figure>    <figure class=\"wp-block-image size-large\"><img loading=\"lazy\" decoding=\"async\" width=\"405\" height=\"540\" data-id=\"16047\" src=\"https:\/\/www.agriculture-machine.com\/wp-content\/uploads\/2020\/07\/vegetable-seedlings-machine-405x540.webp\" alt=\"m\u00e1quina de mudas de legumes\" class=\"wp-image-16047\" srcset=\"https:\/\/www.agriculture-machine.com\/wp-content\/uploads\/2020\/07\/vegetable-seedlings-machine-405x540.webp 405w, https:\/\/www.agriculture-machine.com\/wp-content\/uploads\/2020\/07\/vegetable-seedlings-machine-203x270.webp 203w, https:\/\/www.agriculture-machine.com\/wp-content\/uploads\/2020\/07\/vegetable-seedlings-machine-9x12.webp 9w, https:\/\/www.agriculture-machine.com\/wp-content\/uploads\/2020\/07\/vegetable-seedlings-machine.webp 540w\" sizes=\"auto, (max-width: 405px) 100vw, 405px\" \/><figcaption class=\"wp-element-caption\">m\u00e1quina de mudas de legumes<\/figcaption><\/figure> <\/figure>    <p class=\"translation-block\">Nossa empresa tamb\u00e9m possui outros tipos de m\u00e1quinas de viveiro para personaliza\u00e7\u00e3o e sele\u00e7\u00e3o, voc\u00ea pode visualiz\u00e1-los clicando: <strong><em><a href=\"https:\/\/www.agriculture-machine.com\/pt\/nursery-seeding-machine-seeder-machine-vegetable-seeder-machine\/\">M\u00e1quina de semear em viveiro | M\u00e1quina de semear | M\u00e1quina de semear legumes<\/a><\/em><\/strong>, sinta-se \u00e0 vontade para nos contactar para mais informa\u00e7\u00f5es detalhadas.<\/p>","protected":false},"excerpt":{"rendered":"<p>A m\u00e1quina de viveiro de mudas pode plantar v\u00e1rias sementes de legumes e flores em uma bandeja de plugues. Pode realizar diferentes fun\u00e7\u00f5es em uma \u00fanica opera\u00e7\u00e3o. Este artigo trata das m\u00e1quinas de viveiro autom\u00e1ticas de venda quente. <\/p>","protected":false},"author":1,"featured_media":13595,"parent":0,"comment_status":"closed","ping_status":"closed","template":"","tags":[2618,2607],"product-type":[915],"class_list":["post-7114","product","type-product","status-publish","has-post-thumbnail","hentry","tag-hemp","tag-nursery","product-type-nursery-seedlings-machine"],"_links":{"self":[{"href":"https:\/\/www.agriculture-machine.com\/pt\/wp-json\/wp\/v2\/product\/7114","targetHints":{"allow":["GET"]}}],"collection":[{"href":"https:\/\/www.agriculture-machine.com\/pt\/wp-json\/wp\/v2\/product"}],"about":[{"href":"https:\/\/www.agriculture-machine.com\/pt\/wp-json\/wp\/v2\/types\/product"}],"author":[{"embeddable":true,"href":"https:\/\/www.agriculture-machine.com\/pt\/wp-json\/wp\/v2\/users\/1"}],"replies":[{"embeddable":true,"href":"https:\/\/www.agriculture-machine.com\/pt\/wp-json\/wp\/v2\/comments?post=7114"}],"wp:featuredmedia":[{"embeddable":true,"href":"https:\/\/www.agriculture-machine.com\/pt\/wp-json\/wp\/v2\/media\/13595"}],"wp:attachment":[{"href":"https:\/\/www.agriculture-machine.com\/pt\/wp-json\/wp\/v2\/media?parent=7114"}],"wp:term":[{"taxonomy":"post_tag","embeddable":true,"href":"https:\/\/www.agriculture-machine.com\/pt\/wp-json\/wp\/v2\/tags?post=7114"},{"taxonomy":"product-type","embeddable":true,"href":"https:\/\/www.agriculture-machine.com\/pt\/wp-json\/wp\/v2\/product-type?post=7114"}],"curies":[{"name":"wp","href":"https:\/\/api.w.org\/{rel}","templated":true}]}}