{"id":7676,"date":"2020-09-17T18:12:42","date_gmt":"2020-09-17T10:12:42","guid":{"rendered":"https:\/\/www.agriculture-machine.com\/?p=7676"},"modified":"2024-09-18T16:13:40","modified_gmt":"2024-09-18T08:13:40","slug":"sprinkler-irrigation","status":"publish","type":"product","link":"https:\/\/www.agriculture-machine.com\/pt\/sprinkler-irrigation\/","title":{"rendered":"M\u00e1quina de irriga\u00e7\u00e3o por aspers\u00e3o | Sistema de irriga\u00e7\u00e3o | Irrigador"},"content":{"rendered":"<p>M\u00e1quina de irriga\u00e7\u00e3o por aspers\u00e3o refere-se ao equipamento usado para pulverizar \u00e1gua de irriga\u00e7\u00e3o. Geralmente, o sistema completo inclui uma unidade de bomba de \u00e1gua, tubula\u00e7\u00e3o, aspersor e estrutura de caminhada. O equipamento de irriga\u00e7\u00e3o por aspers\u00e3o pulveriza \u00e1gua com uma certa press\u00e3o no ar atrav\u00e9s de uma m\u00e1quina e equipamento especiais do bocal, dispersando-se em gotas finas, que s\u00e3o pulverizadas de forma uniforme no campo como chuva, fornecendo \u00e1gua suficiente \u00e0s culturas, flores, mudas e outras plantas. Este tipo de aspersor irriga de forma natural. Conectando a pressuriza\u00e7\u00e3o, entrega de \u00e1gua, aspersor de \u00e1gua, caminhada e outros dispositivos em um todo m\u00f3vel, chamado m\u00e1quina de irriga\u00e7\u00e3o por aspers\u00e3o.<\/p>    <h2 class=\"wp-block-heading\">Tipos de Sistemas de Aspers\u00e3o<\/h2>    <p>Existem muitos tipos de m\u00e1quinas de irriga\u00e7\u00e3o por aspers\u00e3o, e o sistema de irriga\u00e7\u00e3o por aspers\u00e3o de unidade inclui dois tipos: unidade de pulveriza\u00e7\u00e3o fixa e unidade de pulveriza\u00e7\u00e3o m\u00f3vel.<\/p>    <p>A unidade de pulveriza\u00e7\u00e3o fixa inclui um aspersor manual (de eleva\u00e7\u00e3o), um aspersor montado em trator, um aspersor de tra\u00e7\u00e3o de trator, <span style=\"color: #000000;\">um aspersor de rolo<\/span>, e um aspersor de duplo garfo para tratores.<\/p>    <p>A unidade m\u00f3vel de aspersor inclui um aspersor de piv\u00f4 central, um aspersor translacional e um aspersor de bobina. Entre eles, o tipo de bobina inclui dois tipos: aspersor de irriga\u00e7\u00e3o por bobina de cabo de a\u00e7o e aspersor de irriga\u00e7\u00e3o por bobina de mangueira.<\/p>    <p class=\"translation-block\">S\u00e9rie JP <strong> aspersor de bobina <\/strong> \u00e9 uma m\u00e1quina de irriga\u00e7\u00e3o que enrola o tubo de PE na bobina, usa a press\u00e3o do aspersor para acionar a turbina de \u00e1gua para girar, faz a bobina girar atrav\u00e9s do dispositivo de velocidade vari\u00e1vel, e puxa o carrinho do aspersor para se mover automaticamente e pulverizar. A m\u00e1quina de aspersor de bobina da s\u00e9rie JP pode irrigar uma grande \u00e1rea de terra agr\u00edcola, al\u00e9m de poder controlar o volume de \u00e1gua de acordo com o tamanho da \u00e1gua de pulveriza\u00e7\u00e3o para atender \u00e0s diferentes necessidades do volume de \u00e1gua de irriga\u00e7\u00e3o por aspers\u00e3o. \u00c9 a melhor escolha para irriga\u00e7\u00e3o de poupan\u00e7a de \u00e1gua em terras agr\u00edcolas.<\/p>    <figure class=\"wp-block-image alignnone size-full wp-image-8700\"><img loading=\"lazy\" decoding=\"async\" width=\"720\" height=\"540\" src=\"https:\/\/www.agriculture-machine.com\/wp-content\/uploads\/2020\/09\/reel-irrigation-system.jpg\" alt=\"sistema de irriga\u00e7\u00e3o por bobina\" class=\"wp-image-8700\" srcset=\"https:\/\/www.agriculture-machine.com\/wp-content\/uploads\/2020\/09\/reel-irrigation-system.jpg 720w, https:\/\/www.agriculture-machine.com\/wp-content\/uploads\/2020\/09\/reel-irrigation-system-360x270.jpg 360w, https:\/\/www.agriculture-machine.com\/wp-content\/uploads\/2020\/09\/reel-irrigation-system-240x180.jpg 240w\" sizes=\"auto, (max-width: 720px) 100vw, 720px\" \/><figcaption class=\"wp-element-caption\">sistema de irriga\u00e7\u00e3o por bobina<\/figcaption><\/figure>    <p class=\"translation-block\">Al\u00e9m das fun\u00e7\u00f5es gerais de um aspersor de bobina, o <strong>aspersor de bobina de estrutura horizontal<\/strong> possui as seguintes caracter\u00edsticas \u00fanicas: baixa press\u00e3o de trabalho, economia de energia, m\u00faltiplos bicos, gotas de \u00e1gua pequenas, e alta uniformidade de distribui\u00e7\u00e3o de \u00e1gua. O impacto nas culturas e no solo \u00e9 pequeno, e \u00e9 menos afetado pelo vento. Pode ser instalado e desmontado no local.<\/p>    <figure class=\"wp-block-embed is-type-video is-provider-youtube wp-block-embed-youtube wp-embed-aspect-16-9 wp-has-aspect-ratio\"><div class=\"wp-block-embed__wrapper\"> <iframe loading=\"lazy\" title=\"aspersor de bobina de estrutura horizontal\/m\u00e1quina de aspersor de bobina\/sistema de irriga\u00e7\u00e3o\" width=\"500\" height=\"281\" src=\"https:\/\/www.youtube.com\/embed\/_rTfLXyjg-0?feature=oembed\" frameborder=\"0\" allow=\"accelerometer; autoplay; clipboard-write; encrypted-media; gyroscope; picture-in-picture; web-share\" referrerpolicy=\"strict-origin-when-cross-origin\" allowfullscreen><\/iframe> <\/div><\/figure>    <p class=\"translation-block\">Entre as m\u00e1quinas de irriga\u00e7\u00e3o por aspers\u00e3o acima mencionadas  , os tipos manuais e de eleva\u00e7\u00e3o manual s\u00e3o unidades pequenas. Devido \u00e0 sua estrutura simples, tamanho compacto, uso flex\u00edvel e pre\u00e7o baixo, \u00e9 o modelo mais utilizado no campo da irriga\u00e7\u00e3o por aspers\u00e3o em v\u00e1rios pa\u00edses. Com o desenvolvimento da produ\u00e7\u00e3o agr\u00edcola intensiva, \u00e9 necess\u00e1rio melhorar a efici\u00eancia do trabalho, e v\u00e1rios aspersores de grande e m\u00e9dio porte ter\u00e3o amplas perspectivas de aplica\u00e7\u00e3o.<\/p>    <h2 class=\"wp-block-heading\">Aplica\u00e7\u00e3o do Sistema de Irriga\u00e7\u00e3o<\/h2>    <p>V\u00e1rios tipos de m\u00e1quinas de irriga\u00e7\u00e3o por aspers\u00e3o podem ser aplicados na irriga\u00e7\u00e3o de culturas grandes, m\u00e9dias e pequenas, aspersor de jardim, (aspersor de relva) paisagismo urbano, frutas e hort\u00edcolas, planta\u00e7\u00e3o de ch\u00e1, pastagem, tabaco, cana-de-a\u00e7\u00facar, centrais el\u00e9tricas, docas, canteiros de obras, minas de carv\u00e3o, preven\u00e7\u00e3o de poeira em centrais el\u00e9tricas, e outros campos.<\/p>    <h2 class=\"wp-block-heading\">Let&#8217;s Know about the More Reel Sprinkler System<\/h2>    <p>Modelos de m\u00e1quinas de irriga\u00e7\u00e3o por aspers\u00e3o de tipo bobina s\u00e3o completos, temos uma m\u00e1quina de aspersor de bobina grande, uma m\u00e1quina de aspersor de bobina m\u00e9dia, uma m\u00e1quina de aspersor de bobina leve, uma mini m\u00e1quina de aspersor de bobina, entre outras. Al\u00e9m disso, personalizaremos de acordo com as necessidades do cliente.<\/p>    <figure class=\"wp-block-image alignnone size-full wp-image-7678\"><img loading=\"lazy\" decoding=\"async\" width=\"720\" height=\"540\" src=\"https:\/\/www.agriculture-machine.com\/wp-content\/uploads\/2020\/09\/All-Kinds-of-Sprinkler.jpg\" alt=\"Todo Tipo de Aspersor\" class=\"wp-image-7678\" srcset=\"https:\/\/www.agriculture-machine.com\/wp-content\/uploads\/2020\/09\/All-Kinds-of-Sprinkler.jpg 720w, https:\/\/www.agriculture-machine.com\/wp-content\/uploads\/2020\/09\/All-Kinds-of-Sprinkler-360x270.jpg 360w, https:\/\/www.agriculture-machine.com\/wp-content\/uploads\/2020\/09\/All-Kinds-of-Sprinkler-240x180.jpg 240w\" sizes=\"auto, (max-width: 720px) 100vw, 720px\" \/><figcaption class=\"wp-element-caption\">Todo Tipo de Aspersor<\/figcaption><\/figure>    <h3 class=\"wp-block-heading\">Modo de Condu\u00e7\u00e3o<\/h3>    <p>Acionamento por turbina de \u00e1gua, acionamento hidr\u00e1ulico, acionamento el\u00e9trico, acionamento por motor de combust\u00e3o interna.<\/p>    <figure class=\"wp-block-image alignnone size-full wp-image-7682\"><img loading=\"lazy\" decoding=\"async\" width=\"720\" height=\"540\" src=\"https:\/\/www.agriculture-machine.com\/wp-content\/uploads\/2020\/09\/Water-Turbine-and-Gearbox.jpg\" alt=\"Turbina de \u00c1gua e Caixa de Engrenagens\" class=\"wp-image-7682\" srcset=\"https:\/\/www.agriculture-machine.com\/wp-content\/uploads\/2020\/09\/Water-Turbine-and-Gearbox.jpg 720w, https:\/\/www.agriculture-machine.com\/wp-content\/uploads\/2020\/09\/Water-Turbine-and-Gearbox-360x270.jpg 360w, https:\/\/www.agriculture-machine.com\/wp-content\/uploads\/2020\/09\/Water-Turbine-and-Gearbox-240x180.jpg 240w\" sizes=\"auto, (max-width: 720px) 100vw, 720px\" \/><figcaption class=\"wp-element-caption\">Turbina de \u00c1gua e Caixa de Engrenagens<\/figcaption><\/figure>    <h3 class=\"wp-block-heading\">M\u00e9todo de Pulveriza\u00e7\u00e3o<\/h3>    <p>pulveriza\u00e7\u00e3o com uma s\u00f3 pistola, pulveriza\u00e7\u00e3o com duas pistolas, pulveriza\u00e7\u00e3o por chama.<\/p>    <figure class=\"wp-block-image alignnone size-full wp-image-7683\"><img loading=\"lazy\" decoding=\"async\" width=\"2560\" height=\"1920\" src=\"https:\/\/www.agriculture-machine.com\/wp-content\/uploads\/2020\/09\/gun-spray.png\" alt=\"aspersor de pistola\" class=\"wp-image-7683\" srcset=\"https:\/\/www.agriculture-machine.com\/wp-content\/uploads\/2020\/09\/gun-spray.png 2560w, https:\/\/www.agriculture-machine.com\/wp-content\/uploads\/2020\/09\/gun-spray-360x270.png 360w, https:\/\/www.agriculture-machine.com\/wp-content\/uploads\/2020\/09\/gun-spray-720x540.png 720w, https:\/\/www.agriculture-machine.com\/wp-content\/uploads\/2020\/09\/gun-spray-240x180.png 240w, https:\/\/www.agriculture-machine.com\/wp-content\/uploads\/2020\/09\/gun-spray-768x576.png 768w, https:\/\/www.agriculture-machine.com\/wp-content\/uploads\/2020\/09\/gun-spray-1536x1152.png 1536w, https:\/\/www.agriculture-machine.com\/wp-content\/uploads\/2020\/09\/gun-spray-2048x1536.png 2048w\" sizes=\"auto, (max-width: 2560px) 100vw, 2560px\" \/><figcaption class=\"wp-element-caption\">aspersor de pistola<\/figcaption><\/figure>    <h3 class=\"wp-block-heading\">Configura\u00e7\u00e3o de Pe\u00e7as<\/h3>    <p class=\"translation-block\"><strong>Tubo de aspersor:<\/strong> utiliza material de tubo HDPE ecol\u00f3gico e saud\u00e1vel e resina de polietileno. O produto tem boa soldabilidade e resist\u00eancia a fissuras ambientais. Seu desempenho atingiu padr\u00f5es internacionais.<\/p>    <figure class=\"wp-block-image alignnone wp-image-7680 size-full\"><img loading=\"lazy\" decoding=\"async\" width=\"720\" height=\"540\" src=\"https:\/\/www.agriculture-machine.com\/wp-content\/uploads\/2020\/09\/Water-Pipe.jpg\" alt=\"Tubo de aspersor\" class=\"wp-image-7680\" srcset=\"https:\/\/www.agriculture-machine.com\/wp-content\/uploads\/2020\/09\/Water-Pipe.jpg 720w, https:\/\/www.agriculture-machine.com\/wp-content\/uploads\/2020\/09\/Water-Pipe-360x270.jpg 360w, https:\/\/www.agriculture-machine.com\/wp-content\/uploads\/2020\/09\/Water-Pipe-240x180.jpg 240w\" sizes=\"auto, (max-width: 720px) 100vw, 720px\" \/><figcaption class=\"wp-element-caption\">Tubo de aspersor<\/figcaption><\/figure>    <p class=\"translation-block\"><strong>S\u00e9rie de geradores:<\/strong> Conjunto gerador a diesel composto por motores a diesel e geradores. Qualidade confi\u00e1vel, f\u00e1cil de operar, f\u00e1cil de manter. Existem at\u00e9 20 tipos de conjuntos geradores, que certamente atender\u00e3o \u00e0s suas necessidades.<\/p>    <figure class=\"wp-block-image alignnone wp-image-7679 size-full\"><img loading=\"lazy\" decoding=\"async\" width=\"720\" height=\"540\" src=\"https:\/\/www.agriculture-machine.com\/wp-content\/uploads\/2020\/09\/diesel-engine.jpg\" alt=\"S\u00e9rie de conjuntos geradores\" class=\"wp-image-7679\" srcset=\"https:\/\/www.agriculture-machine.com\/wp-content\/uploads\/2020\/09\/diesel-engine.jpg 720w, https:\/\/www.agriculture-machine.com\/wp-content\/uploads\/2020\/09\/diesel-engine-360x270.jpg 360w, https:\/\/www.agriculture-machine.com\/wp-content\/uploads\/2020\/09\/diesel-engine-240x180.jpg 240w\" sizes=\"auto, (max-width: 720px) 100vw, 720px\" \/><figcaption class=\"wp-element-caption\">S\u00e9rie de conjuntos geradores<\/figcaption><\/figure>    <p class=\"translation-block\"><strong>S\u00e9rie de bombas submers\u00edveis:<\/strong> a bomba submers\u00edvel \u00e9 um tipo de equipamento de eleva\u00e7\u00e3o de \u00e1gua em que um motor vertical e uma bomba de \u00e1gua est\u00e3o ligados diretamente. Est\u00e1 completamente imerso na \u00e1gua durante o funcionamento, e seu modo de opera\u00e7\u00e3o \u00e9 cont\u00ednuo. A bomba de \u00e1gua \u00e9 pequena, leve, de estrutura simples e compacta. \u00c9 f\u00e1cil de instalar e usar, e possui forte adaptabilidade. \u00c9 um produto de economia de energia, alta efici\u00eancia e mais avan\u00e7ado, com indicadores de desempenho avan\u00e7ados. Tamb\u00e9m podemos personalizar a bomba submers\u00edvel de acordo com o di\u00e2metro da sua sa\u00edda de \u00e1gua.<\/p>    <figure class=\"wp-block-image alignnone size-full wp-image-7681\"><img loading=\"lazy\" decoding=\"async\" width=\"720\" height=\"540\" src=\"https:\/\/www.agriculture-machine.com\/wp-content\/uploads\/2020\/09\/submersible-pump.jpg\" alt=\"bomba submers\u00edvel\" class=\"wp-image-7681\" srcset=\"https:\/\/www.agriculture-machine.com\/wp-content\/uploads\/2020\/09\/submersible-pump.jpg 720w, https:\/\/www.agriculture-machine.com\/wp-content\/uploads\/2020\/09\/submersible-pump-360x270.jpg 360w, https:\/\/www.agriculture-machine.com\/wp-content\/uploads\/2020\/09\/submersible-pump-240x180.jpg 240w\" sizes=\"auto, (max-width: 720px) 100vw, 720px\" \/><figcaption class=\"wp-element-caption\">bomba submers\u00edvel<\/figcaption><\/figure>    <p class=\"translation-block\"><strong>V\u00e1lvula de aspersor<\/strong><\/p>    <figure class=\"wp-block-image alignnone size-full wp-image-7684\"><img loading=\"lazy\" decoding=\"async\" width=\"380\" height=\"380\" src=\"https:\/\/www.agriculture-machine.com\/wp-content\/uploads\/2020\/09\/sprinkler-valve.jpg\" alt=\"v\u00e1lvula de aspersor\" class=\"wp-image-7684\" srcset=\"https:\/\/www.agriculture-machine.com\/wp-content\/uploads\/2020\/09\/sprinkler-valve.jpg 380w, https:\/\/www.agriculture-machine.com\/wp-content\/uploads\/2020\/09\/sprinkler-valve-270x270.jpg 270w\" sizes=\"auto, (max-width: 380px) 100vw, 380px\" \/><figcaption class=\"wp-element-caption\">v\u00e1lvula de aspersor<\/figcaption><\/figure>    <h3 class=\"wp-block-heading\"><a href=\"https:\/\/www.agriculture-machine.com\/pt\/reel-sprinkler-irrigation-makes-crops-grow-greener\/\">Quais s\u00e3o as Vantagens do Aspersor de Bobina<\/a><\/h3>    <p class=\"translation-block\"><strong>Poupa \u00c1gua:<\/strong> A irriga\u00e7\u00e3o por aspers\u00e3o pode controlar a quantidade de \u00e1gua pulverizada e a uniformidade da \u00e1gua de irriga\u00e7\u00e3o, evitando perdas por escoamento superficial e infiltra\u00e7\u00e3o profunda.<\/p>    <p class=\"translation-block\"><strong>Aumentar a Produ\u00e7\u00e3o:<\/strong> A irriga\u00e7\u00e3o por aspers\u00e3o pode usar uma quota de irriga\u00e7\u00e3o pequena para irriga\u00e7\u00e3o superficial de culturas, o que \u00e9 conveniente para um controlo rigoroso da humidade do solo para soltar o solo. Produz muitas lacunas, tem boas condi\u00e7\u00f5es de arejamento e promove a decomposi\u00e7\u00e3o de nutrientes.<\/p>    <p class=\"translation-block\"><strong>Economia de M\u00e3o-de-Obra:<\/strong> A irriga\u00e7\u00e3o por aspers\u00e3o elimina os canais de entrega de \u00e1gua no campo e reduz o crescimento de ervas daninhas. Economiza muita m\u00e3o-de-obra na aplica\u00e7\u00e3o de fertilizantes qu\u00edmicos e pesticidas.<\/p>    <h3 class=\"wp-block-heading\"><a href=\"https:\/\/www.agriculture-machine.com\/pt\/reel-sprinkler-irrigation-machine-and-mobile-sprinkler-irrigation\/\">Aplica\u00e7\u00e3o do Aspersor de Bobina<\/a><\/h3>    <p>Os aspersores de bobina pequenos s\u00e3o adequados para irriga\u00e7\u00e3o de pastagens, terras agr\u00edcolas, parques, campos esportivos, relvados urbanos, remo\u00e7\u00e3o de poeira de f\u00e1bricas e minas, e docas.<\/p>    <h4 class=\"wp-block-heading\">Pot\u00eancia de Apoio<\/h4>    <p>A pot\u00eancia pode escolher uma bomba el\u00e9trica submers\u00edvel, bomba centr\u00edfuga el\u00e9trica, unidade de bomba de \u00e1gua a diesel.<\/p>    <h3 class=\"wp-block-heading\">Exibi\u00e7\u00e3o de Detalhes da M\u00e1quina de Irriga\u00e7\u00e3o por Aspers\u00e3o<\/h3>    <figure class=\"wp-block-image alignnone size-full wp-image-7706\"><img loading=\"lazy\" decoding=\"async\" width=\"720\" height=\"540\" src=\"https:\/\/www.agriculture-machine.com\/wp-content\/uploads\/2020\/09\/\u672a\u6807\u9898-1.jpg\" alt=\"M\u00e1quina de irriga\u00e7\u00e3o e drenagem\" class=\"wp-image-7706\" srcset=\"https:\/\/www.agriculture-machine.com\/wp-content\/uploads\/2020\/09\/\u672a\u6807\u9898-1.jpg 720w, https:\/\/www.agriculture-machine.com\/wp-content\/uploads\/2020\/09\/\u672a\u6807\u9898-1-360x270.jpg 360w, https:\/\/www.agriculture-machine.com\/wp-content\/uploads\/2020\/09\/\u672a\u6807\u9898-1-240x180.jpg 240w\" sizes=\"auto, (max-width: 720px) 100vw, 720px\" \/><figcaption class=\"wp-element-caption\">M\u00e1quina de irriga\u00e7\u00e3o e drenagem<\/figcaption><\/figure>    <ol class=\"wp-block-list\"> <li>Bobina 2. Placa dent\u00e1ria 3. Tubo de PE 4. Corrente de acionamento da bobina 5. Suporte frontal 6. Chassis 7. Pino de posicionamento do suporte de rota\u00e7\u00e3o 8. Suporte de rota\u00e7\u00e3o 9. Eixo da roda 10. Tubo de entrada 13. Suporte de equil\u00edbrio 15. Barra de reboque 19. Vara de indu\u00e7\u00e3o<\/li> <\/ol>    <h2 class=\"wp-block-heading\">Qual \u00e9 a Diferen\u00e7a Entre Irriga\u00e7\u00e3o por Aspers\u00e3o e Irriga\u00e7\u00e3o por Gotejamento<\/h2>    <p class=\"translation-block\"><strong>A irriga\u00e7\u00e3o por aspers\u00e3o<\/strong> \u00e9 um m\u00e9todo de irriga\u00e7\u00e3o que usa uma bomba para pressurizar a \u00e1gua de irriga\u00e7\u00e3o no ar atrav\u00e9s de um aspersor. Depois dispersa em gotas finas. Finalmente, as gotas caem uniformemente como chuva para complementar a falta de humidade do solo.<\/p>    <p>A irriga\u00e7\u00e3o por aspers\u00e3o tem vantagens de poupan\u00e7a de \u00e1gua, poupan\u00e7a de m\u00e3o-de-obra, aumento do rendimento das culturas, forte adaptabilidade ao terreno e \u00e0 qualidade do solo, e a capacidade de manter a \u00e1gua e o solo. \u00c9 amplamente utilizada para irrigar culturas como hort\u00edcolas, relvados e trigo.<\/p>    <figure class=\"wp-block-image alignnone size-full wp-image-7709\"><img loading=\"lazy\" decoding=\"async\" width=\"720\" height=\"540\" src=\"https:\/\/www.agriculture-machine.com\/wp-content\/uploads\/2020\/09\/12.jpg\" alt=\"aspersor\" class=\"wp-image-7709\" srcset=\"https:\/\/www.agriculture-machine.com\/wp-content\/uploads\/2020\/09\/12.jpg 720w, https:\/\/www.agriculture-machine.com\/wp-content\/uploads\/2020\/09\/12-360x270.jpg 360w, https:\/\/www.agriculture-machine.com\/wp-content\/uploads\/2020\/09\/12-240x180.jpg 240w\" sizes=\"auto, (max-width: 720px) 100vw, 720px\" \/><figcaption class=\"wp-element-caption\">aspersor<\/figcaption><\/figure>    <p>A irriga\u00e7\u00e3o por gotejamento usa tubos de pl\u00e1stico para levar \u00e1gua \u00e0s ra\u00edzes das culturas para irriga\u00e7\u00e3o local. A irriga\u00e7\u00e3o por gotejamento \u00e9 amplamente utilizada em estufas, culturas de campo. Especialmente adequada para hort\u00edcolas, frutas, flores, viveiros, paisagismo e outras culturas. A irriga\u00e7\u00e3o por gotejamento \u00e9 muito adequada para estufas em \u00e1reas onde os recursos h\u00eddricos e a m\u00e3o-de-obra s\u00e3o relativamente escassos, irriga\u00e7\u00e3o de culturas de campo, irriga\u00e7\u00e3o de \u00e1rvores de jardim, e outras situa\u00e7\u00f5es.<\/p>    <figure class=\"wp-block-image alignnone size-full wp-image-7711\"><img loading=\"lazy\" decoding=\"async\" width=\"720\" height=\"540\" src=\"https:\/\/www.agriculture-machine.com\/wp-content\/uploads\/2020\/09\/24.jpg\" alt=\"Irriga\u00e7\u00e3o por Gotejamento\" class=\"wp-image-7711\" srcset=\"https:\/\/www.agriculture-machine.com\/wp-content\/uploads\/2020\/09\/24.jpg 720w, https:\/\/www.agriculture-machine.com\/wp-content\/uploads\/2020\/09\/24-360x270.jpg 360w, https:\/\/www.agriculture-machine.com\/wp-content\/uploads\/2020\/09\/24-240x180.jpg 240w\" sizes=\"auto, (max-width: 720px) 100vw, 720px\" \/><figcaption class=\"wp-element-caption\">Irriga\u00e7\u00e3o por Gotejamento<\/figcaption><\/figure>","protected":false},"excerpt":{"rendered":"<p>Sprinkler irrigation machine refers to the equipment used to spray irrigation water. The whole sprinkler system generally includes a water pump unit, pipeline, sprinkler, and walking frame. The sprinkler irrigation equipment sprays water with a certain pressure into the air through a special machine and equipment from the nozzle and then disperses into fine droplets, [&hellip;]<\/p>\n","protected":false},"author":1,"featured_media":7717,"parent":0,"comment_status":"closed","ping_status":"closed","template":"","tags":[811],"product-type":[880],"class_list":["post-7676","product","type-product","status-publish","has-post-thumbnail","hentry","tag-irrigator","product-type-irrigation-system"],"_links":{"self":[{"href":"https:\/\/www.agriculture-machine.com\/pt\/wp-json\/wp\/v2\/product\/7676","targetHints":{"allow":["GET"]}}],"collection":[{"href":"https:\/\/www.agriculture-machine.com\/pt\/wp-json\/wp\/v2\/product"}],"about":[{"href":"https:\/\/www.agriculture-machine.com\/pt\/wp-json\/wp\/v2\/types\/product"}],"author":[{"embeddable":true,"href":"https:\/\/www.agriculture-machine.com\/pt\/wp-json\/wp\/v2\/users\/1"}],"replies":[{"embeddable":true,"href":"https:\/\/www.agriculture-machine.com\/pt\/wp-json\/wp\/v2\/comments?post=7676"}],"wp:featuredmedia":[{"embeddable":true,"href":"https:\/\/www.agriculture-machine.com\/pt\/wp-json\/wp\/v2\/media\/7717"}],"wp:attachment":[{"href":"https:\/\/www.agriculture-machine.com\/pt\/wp-json\/wp\/v2\/media?parent=7676"}],"wp:term":[{"taxonomy":"post_tag","embeddable":true,"href":"https:\/\/www.agriculture-machine.com\/pt\/wp-json\/wp\/v2\/tags?post=7676"},{"taxonomy":"product-type","embeddable":true,"href":"https:\/\/www.agriculture-machine.com\/pt\/wp-json\/wp\/v2\/product-type?post=7676"}],"curies":[{"name":"wp","href":"https:\/\/api.w.org\/{rel}","templated":true}]}}