{"id":7979,"date":"2020-11-06T11:28:21","date_gmt":"2020-11-06T03:28:21","guid":{"rendered":"https:\/\/www.agriculture-machine.com\/?p=7979"},"modified":"2025-05-14T17:45:16","modified_gmt":"2025-05-14T09:45:16","slug":"sesame-seed-peeling-machine","status":"publish","type":"product","link":"https:\/\/www.agriculture-machine.com\/pt\/sesame-seed-peeling-machine\/","title":{"rendered":"M\u00e1quina de Descascamento de Sementes de S\u00e9samo\u4e28Despolpadeira Autom\u00e1tica de S\u00e9samo Preto"},"content":{"rendered":"<p>A m\u00e1quina de descasque de sementes de s\u00e9samo \u00e9 um equipamento de alta efici\u00eancia que integra imers\u00e3o, agita\u00e7\u00e3o, descasque e separa\u00e7\u00e3o, amplamente utilizado na \u00e1rea de processamento de alimentos, como s\u00e9samo preto, s\u00e9samo branco, entre outros. <\/p>    <p>Com design compacto e opera\u00e7\u00e3o conveniente, este equipamento garante que a cor das part\u00edculas de s\u00e9samo seja branca e a taxa de integridade superior a 95%. Pode alcan\u00e7ar uma taxa de descasque de 80%-85%, sendo o equipamento ideal para f\u00e1bricas de processamento de alimentos, f\u00e1bricas de alimentos fritos, entre outros.<\/p>    <figure class=\"wp-block-embed aligncenter is-type-video is-provider-youtube wp-block-embed-youtube wp-embed-aspect-16-9 wp-has-aspect-ratio\"><div class=\"wp-block-embed__wrapper\"> <iframe loading=\"lazy\" title=\"M\u00e1quina automatizada de lavagem e descasque de s\u00e9samo, opera\u00e7\u00e3o f\u00e1cil!#s\u00e9samo\" width=\"500\" height=\"281\" src=\"https:\/\/www.youtube.com\/embed\/-b8T08_WaI8?feature=oembed\" frameborder=\"0\" allow=\"accelerometer; autoplay; clipboard-write; encrypted-media; gyroscope; picture-in-picture; web-share\" referrerpolicy=\"strict-origin-when-cross-origin\" allowfullscreen><\/iframe> <\/div><figcaption class=\"wp-element-caption\">V\u00eddeo de opera\u00e7\u00e3o da m\u00e1quina de descasque de sementes de s\u00e9samo<\/figcaption><\/figure>    <h2 class=\"wp-block-heading\">Destaques da m\u00e1quina de descasque de sementes de s\u00e9samo<\/h2>    <ul class=\"wp-block-list\"> <li>Design de cilindro vertical, estrutura interna composta em camadas (caixa de descasque   caixa de limpeza), ocupa apenas 1\/3 da \u00e1rea do equipamento tradicional.<\/li>    <li>Misturador composto que, por propuls\u00e3o axial   dispers\u00e3o radial   rota\u00e7\u00e3o em anel, garante for\u00e7a uniforme \u00e0s sementes de s\u00e9samo durante o descasque, sem pontos mortos residuais, com taxa de descasque est\u00e1vel de at\u00e9 80% ou mais.<\/li>    <li>Painel de controle PLC integrado, tempo de imers\u00e3o ajust\u00e1vel (10-30min), intensidade do fluxo de \u00e1gua e outros par\u00e2metros.<\/li>    <li>O n\u00facleo de s\u00e9samo acabado \u00e9 branco e brilhante, adequado para pasta de s\u00e9samo, \u00f3leo de s\u00e9samo, ingredientes de panifica\u00e7\u00e3o e outras linhas de produtos de alto valor agregado.<\/li>    <li>Equipado com sistema de filtra\u00e7\u00e3o de \u00e1gua circulante e dispositivo de remo\u00e7\u00e3o de poeira por press\u00e3o negativa, o consumo de \u00e1gua \u00e9 reduzido em 60%, emiss\u00e3o de poeira \u2264 10mg\/m\u00b3.<\/li> <\/ul>    <figure class=\"wp-block-gallery has-nested-images columns-default is-cropped wp-block-gallery-2 is-layout-flex wp-block-gallery-is-layout-flex\"> <figure class=\"wp-block-image size-large\"><img loading=\"lazy\" decoding=\"async\" width=\"720\" height=\"540\" data-id=\"12942\" src=\"https:\/\/www.agriculture-machine.com\/wp-content\/uploads\/2022\/04\/seame-washing-and-peeling-machine-1.jpg\" alt=\"m\u00e1quina de lavagem e descasque de s\u00e9samo \" class=\"wp-image-12942\" title=\"m\u00e1quina de lavagem e descasque de s\u00e9samo \" srcset=\"https:\/\/www.agriculture-machine.com\/wp-content\/uploads\/2022\/04\/seame-washing-and-peeling-machine-1.jpg 720w, https:\/\/www.agriculture-machine.com\/wp-content\/uploads\/2022\/04\/seame-washing-and-peeling-machine-1-360x270.jpg 360w, https:\/\/www.agriculture-machine.com\/wp-content\/uploads\/2022\/04\/seame-washing-and-peeling-machine-1-240x180.jpg 240w\" sizes=\"auto, (max-width: 720px) 100vw, 720px\" \/><figcaption class=\"wp-element-caption\">m\u00e1quina de lavagem e descasque de s\u00e9samo <\/figcaption><\/figure>    <figure class=\"wp-block-image size-large\"><img loading=\"lazy\" decoding=\"async\" width=\"720\" height=\"540\" data-id=\"12943\" src=\"https:\/\/www.agriculture-machine.com\/wp-content\/uploads\/2022\/04\/sesame-dehuller0.jpg\" alt=\"descascador de s\u00e9samo\" class=\"wp-image-12943\" title=\"descascador de s\u00e9samo\" srcset=\"https:\/\/www.agriculture-machine.com\/wp-content\/uploads\/2022\/04\/sesame-dehuller0.jpg 720w, https:\/\/www.agriculture-machine.com\/wp-content\/uploads\/2022\/04\/sesame-dehuller0-360x270.jpg 360w, https:\/\/www.agriculture-machine.com\/wp-content\/uploads\/2022\/04\/sesame-dehuller0-240x180.jpg 240w\" sizes=\"auto, (max-width: 720px) 100vw, 720px\" \/><figcaption class=\"wp-element-caption\">descascador de s\u00e9samo<\/figcaption><\/figure> <\/figure>    <h2 class=\"wp-block-heading\" id=\"h-what-is-the-working-principle-of-black-sesame-dehuller\">Estrutura e princ\u00edpio do descascador de s\u00e9samo preto<\/h2>    <ul class=\"wp-block-list\"> <li>Redutor: impulsiona o agitador composto a girar.<\/li>    <li>Cuba de agita\u00e7\u00e3o dupla: completa o processo de imers\u00e3o, agita\u00e7\u00e3o e descasque de sementes de s\u00e9samo.<\/li>    <li>Agitador composto: produz rota\u00e7\u00e3o axial, radial e circular, melhora a efici\u00eancia do descasque.<\/li>    <li>Tela de separa\u00e7\u00e3o: para realizar a separa\u00e7\u00e3o da casca de s\u00e9samo e do n\u00facleo da semente.<\/li>    <li>Entrada e sa\u00edda: para facilitar a circula\u00e7\u00e3o e descarte de s\u00e9samo, casca e \u00e1gua.<\/li>    <li>Sistema de tubula\u00e7\u00e3o de enchimento de \u00e1gua: usado para controlar a quantidade de \u00e1gua no processo de imers\u00e3o e limpeza.<\/li> <\/ul>    <figure class=\"wp-block-gallery has-nested-images columns-2 is-cropped wp-block-gallery-3 is-layout-flex wp-block-gallery-is-layout-flex\"> <figure class=\"wp-block-image size-large\"><img loading=\"lazy\" decoding=\"async\" width=\"720\" height=\"540\" data-id=\"12947\" src=\"https:\/\/www.agriculture-machine.com\/wp-content\/uploads\/2022\/04\/seame-washing-and-peeling-machine1-2.jpg\" alt=\"m\u00e1quina de lavagem e descasque de s\u00e9samo \" class=\"wp-image-12947\" title=\"m\u00e1quina de lavagem e descasque de s\u00e9samo \" srcset=\"https:\/\/www.agriculture-machine.com\/wp-content\/uploads\/2022\/04\/seame-washing-and-peeling-machine1-2.jpg 720w, https:\/\/www.agriculture-machine.com\/wp-content\/uploads\/2022\/04\/seame-washing-and-peeling-machine1-2-360x270.jpg 360w, https:\/\/www.agriculture-machine.com\/wp-content\/uploads\/2022\/04\/seame-washing-and-peeling-machine1-2-240x180.jpg 240w\" sizes=\"auto, (max-width: 720px) 100vw, 720px\" \/><figcaption class=\"wp-element-caption\">m\u00e1quina de lavagem e descasque de s\u00e9samo<\/figcaption><\/figure>    <figure class=\"wp-block-image size-large\"><img loading=\"lazy\" decoding=\"async\" width=\"720\" height=\"540\" data-id=\"12948\" src=\"https:\/\/www.agriculture-machine.com\/wp-content\/uploads\/2022\/04\/sesame-hulling-machine0.jpg\" alt=\"m\u00e1quina de descasque de s\u00e9samo\" class=\"wp-image-12948\" title=\"m\u00e1quina de descasque de s\u00e9samo\" srcset=\"https:\/\/www.agriculture-machine.com\/wp-content\/uploads\/2022\/04\/sesame-hulling-machine0.jpg 720w, https:\/\/www.agriculture-machine.com\/wp-content\/uploads\/2022\/04\/sesame-hulling-machine0-360x270.jpg 360w, https:\/\/www.agriculture-machine.com\/wp-content\/uploads\/2022\/04\/sesame-hulling-machine0-240x180.jpg 240w\" sizes=\"auto, (max-width: 720px) 100vw, 720px\" \/><figcaption class=\"wp-element-caption\">m\u00e1quina de descasque de s\u00e9samo<\/figcaption><\/figure>    <figure class=\"wp-block-image size-large\"><img loading=\"lazy\" decoding=\"async\" width=\"720\" height=\"540\" data-id=\"12949\" src=\"https:\/\/www.agriculture-machine.com\/wp-content\/uploads\/2022\/04\/automatic-sesame-peeling-machine1.jpg\" alt=\"m\u00e1quina autom\u00e1tica de descasque de s\u00e9samo\" class=\"wp-image-12949\" title=\"m\u00e1quina autom\u00e1tica de descasque de s\u00e9samo\" srcset=\"https:\/\/www.agriculture-machine.com\/wp-content\/uploads\/2022\/04\/automatic-sesame-peeling-machine1.jpg 720w, https:\/\/www.agriculture-machine.com\/wp-content\/uploads\/2022\/04\/automatic-sesame-peeling-machine1-360x270.jpg 360w, https:\/\/www.agriculture-machine.com\/wp-content\/uploads\/2022\/04\/automatic-sesame-peeling-machine1-240x180.jpg 240w\" sizes=\"auto, (max-width: 720px) 100vw, 720px\" \/><figcaption class=\"wp-element-caption\">m\u00e1quina autom\u00e1tica de descasque de s\u00e9samo<\/figcaption><\/figure>    <figure class=\"wp-block-image size-large\"><img loading=\"lazy\" decoding=\"async\" width=\"720\" height=\"540\" data-id=\"12950\" src=\"https:\/\/www.agriculture-machine.com\/wp-content\/uploads\/2022\/04\/sesame-cleaning-and-peeling-machine1.jpg\" alt=\"m\u00e1quina de limpeza e descasque de s\u00e9samo\" class=\"wp-image-12950\" title=\"m\u00e1quina de limpeza e descasque de s\u00e9samo\" srcset=\"https:\/\/www.agriculture-machine.com\/wp-content\/uploads\/2022\/04\/sesame-cleaning-and-peeling-machine1.jpg 720w, https:\/\/www.agriculture-machine.com\/wp-content\/uploads\/2022\/04\/sesame-cleaning-and-peeling-machine1-360x270.jpg 360w, https:\/\/www.agriculture-machine.com\/wp-content\/uploads\/2022\/04\/sesame-cleaning-and-peeling-machine1-240x180.jpg 240w\" sizes=\"auto, (max-width: 720px) 100vw, 720px\" \/><figcaption class=\"wp-element-caption\">m\u00e1quina de limpeza e descasque de s\u00e9samo<\/figcaption><\/figure> <figcaption class=\"blocks-gallery-caption wp-element-caption\">black sesame dehuller&#8217;s working principle<\/figcaption><\/figure>    <h2 class=\"wp-block-heading\" id=\"h-working-steps-of-sesame-peeler-machine\">Etapas de trabalho da m\u00e1quina de descasque de sementes de s\u00e9samo<\/h2>    <ol class=\"wp-block-list\"> <li>Pr\u00e9-tratamento de imers\u00e3o: mergulhar sementes de s\u00e9samo misturadas com quantidade adequada de \u00e1gua alcalina (ou \u00e1gua quente) por 10-13 minutos.<\/li>    <li>Descasque por agita\u00e7\u00e3o: coloque as sementes de s\u00e9samo imersas na cuba de descasque, inicie o agitador por 3-5 minutos de descasque em alta velocidade.<\/li>    <li>Separe a casca do n\u00facleo: use a peneira de separa\u00e7\u00e3o para reter o n\u00facleo da semente e remover as sementes de s\u00e9samo descascadas.<\/li>    <li>Para o tambor de lavagem: sementes de s\u00e9samo entram no tambor de lavagem atrav\u00e9s da v\u00e1lvula, adicionando cerca de 1\/3 de \u00e1gua (sementes de s\u00e9samo: \u00e1gua = 3:1), agitando por 5-10 minutos.<\/li>    <li>Limpeza e drenagem da casca: abrir a v\u00e1lvula de drenagem inferior, drenar a casca enquanto alimenta a \u00e1gua para garantir que o n\u00facleo de s\u00e9samo esteja limpo.<\/li>    <li>Coleta de descarte: abrir a v\u00e1lvula de descarga ap\u00f3s drenagem, coletar o n\u00facleo de s\u00e9samo processado.<\/li> <\/ol>    <figure class=\"wp-block-embed aligncenter is-type-video is-provider-youtube wp-block-embed-youtube wp-embed-aspect-16-9 wp-has-aspect-ratio\"><div class=\"wp-block-embed__wrapper\"> <iframe loading=\"lazy\" title=\"m\u00e1quina de descasque de sementes de s\u00e9samo\/preparador de sementes de s\u00e9samo\/processo de limpeza de sementes de s\u00e9samo\/descascador de s\u00e9samo\" width=\"500\" height=\"281\" src=\"https:\/\/www.youtube.com\/embed\/nry_H53-UTE?feature=oembed\" frameborder=\"0\" allow=\"accelerometer; autoplay; clipboard-write; encrypted-media; gyroscope; picture-in-picture; web-share\" referrerpolicy=\"strict-origin-when-cross-origin\" allowfullscreen><\/iframe> <\/div><figcaption class=\"wp-element-caption\">v\u00eddeo de trabalho de uma m\u00e1quina de descasque de sementes de s\u00e9samo<\/figcaption><\/figure>    <p>Sementes de s\u00e9samo n\u00e3o precisam ser descascadas ao moer molho ou extrair \u00f3leo, e ao serem usadas na ind\u00fastria aliment\u00edcia devem ser descascadas.<\/p>    <h2 class=\"wp-block-heading\">Par\u00e2metros t\u00e9cnicos da m\u00e1quina de descasque de s\u00e9samo<\/h2>    <figure class=\"wp-block-table is-style-stripes\"><table class=\"has-fixed-layout\"><tbody><tr><td>Nome da m\u00e1quina<\/td><td>M\u00e1quina de descasque de s\u00e9samo<\/td><\/tr><tr><td>Pot\u00eancia<\/td><td>Motor de descasque 2,2kw,<br>Motor de separa\u00e7\u00e3o 1,5 kw<\/td><\/tr><tr><td>Capacidade<\/td><td>400-500kg\/h<br>30-50kg\/frasco<\/td><\/tr><tr><td>Taxa de descasque<\/td><td>80%-85%<\/td><\/tr><tr><td>Peso<\/td><td>500kg<\/td><\/tr><tr><td>Tamanho<\/td><td>1400*700*2000mm<\/td><\/tr><tr><td>Material da m\u00e1quina<\/td><td>Feito de a\u00e7o inoxid\u00e1vel<\/td><\/tr><\/tbody><\/table><figcaption class=\"wp-element-caption\">Informa\u00e7\u00f5es detalhadas dos par\u00e2metros da m\u00e1quina de descasque de s\u00e9samo<\/figcaption><\/figure>    <h2 class=\"wp-block-heading\" id=\"h-the-purpose-of-peeling-sesame\"><a href=\"https:\/\/www.agriculture-machine.com\/pt\/why-sesame-seeds-need-to-peel\/\">Prop\u00f3sito do descasque de s\u00e9samo<\/a><\/h2>    <p>O s\u00e9samo pode n\u00e3o ser descascado na produ\u00e7\u00e3o de \u00f3leo em geral, mas se for consumido diretamente ou usado para processamento adicional, o descasque \u00e9 particularmente importante. As raz\u00f5es s\u00e3o as seguintes:<\/p>    <ul class=\"wp-block-list\"> <li>A casca externa das sementes de s\u00e9samo cont\u00e9m alto teor de fibra e oxalato (cerca de 2%-3% de oxalato de c\u00e1lcio), que n\u00e3o s\u00e3o facilmente absorvidos pelo corpo.<\/li>    <li>Sementes de s\u00e9samo descascadas s\u00e3o mais facilmente digeridas e absorvidas pelo corpo, com maior aproveitamento de prote\u00ednas e minerais.<\/li>    <li>Sementes de s\u00e9samo descascadas s\u00e3o de cor branca, textura fina, melhor sabor e mais adequadas para molho de s\u00e9samo, pasta de s\u00e9samo, pastelaria e outros produtos alimentares.<\/li> <\/ul>    <h2 class=\"wp-block-heading\" id=\"h-the-wide-application-of-peeled-sesame\"><a href=\"https:\/\/www.agriculture-machine.com\/pt\/sesame-seeds-peeling-machine-are-widely-used-in-food-processing\/\">Ampla aplica\u00e7\u00e3o do s\u00e9samo descascado<\/a><\/h2>    <p>Sementes de s\u00e9samo descascadas t\u00eam ampla aplica\u00e7\u00e3o, principalmente na ind\u00fastria aliment\u00edcia e de catering. Como p\u00e3o, hamb\u00fargueres, biscoitos, Shaqima, tahine, \u00f3leo de s\u00e9samo, bolos de farinha, etc.<\/p>    <figure class=\"wp-block-image aligncenter size-full wp-image-7981\"><img loading=\"lazy\" decoding=\"async\" width=\"720\" height=\"540\" src=\"https:\/\/www.agriculture-machine.com\/wp-content\/uploads\/2020\/11\/The-Application-of-peeled-sesame.jpg\" alt=\"Aplica\u00e7\u00e3o do s\u00e9samo descascado\" class=\"wp-image-7981\" srcset=\"https:\/\/www.agriculture-machine.com\/wp-content\/uploads\/2020\/11\/The-Application-of-peeled-sesame.jpg 720w, https:\/\/www.agriculture-machine.com\/wp-content\/uploads\/2020\/11\/The-Application-of-peeled-sesame-360x270.jpg 360w, https:\/\/www.agriculture-machine.com\/wp-content\/uploads\/2020\/11\/The-Application-of-peeled-sesame-240x180.jpg 240w\" sizes=\"auto, (max-width: 720px) 100vw, 720px\" \/><figcaption class=\"wp-element-caption\">Aplica\u00e7\u00e3o do s\u00e9samo descascado<\/figcaption><\/figure>    <h2 class=\"wp-block-heading\" id=\"h-installation-and-maintenance-of-the-sesame-seed-peeling-machine\">Instala\u00e7\u00e3o e manuten\u00e7\u00e3o da m\u00e1quina de descasque de s\u00e9samo<\/h2>    <p class=\"translation-block\"><strong>Requisitos de instala\u00e7\u00e3o:<\/strong><\/p>    <ul class=\"wp-block-list\"> <li>Para instala\u00e7\u00e3o inicial, a m\u00e1quina de descasque de sementes de s\u00e9samo deve estar pr\u00f3xima de uma fonte de \u00e1gua, uma fonte de energia e boas instala\u00e7\u00f5es de drenagem.<\/li>    <li>Conecte a tubula\u00e7\u00e3o de entrada \u00e0 fonte de \u00e1gua. Se a press\u00e3o da \u00e1gua n\u00e3o for suficiente, deve ser equipado com uma bomba de refor\u00e7o.<\/li>    <li>Ap\u00f3s conectar a fonte de energia, verificar se o equipamento funciona normalmente.<\/li> <\/ul>    <p class=\"translation-block\"><strong>Manuten\u00e7\u00e3o di\u00e1ria:<\/strong><\/p>    <ul class=\"wp-block-list\"> <li>Limpe os res\u00edduos da m\u00e1quina de descasque de sementes de s\u00e9samo ap\u00f3s cada uso e mantenha o corpo da m\u00e1quina organizado.<\/li>    <li>Enxague a superf\u00edcie da tela de separa\u00e7\u00e3o com \u00e1gua, se houver obstru\u00e7\u00e3o, use uma mangueira de alta press\u00e3o para enxaguar.<\/li>    <li>O redutor de velocidade precisa de troca regular do \u00f3leo lubrificante para garantir opera\u00e7\u00e3o suave.<\/li>    <li>Verifique regularmente se as pe\u00e7as est\u00e3o gastas e substitua consum\u00edveis (como l\u00e2minas, malhas, etc.) em tempo.<\/li> <\/ul>    <figure class=\"wp-block-gallery has-nested-images columns-default is-cropped wp-block-gallery-4 is-layout-flex wp-block-gallery-is-layout-flex\"> <figure class=\"wp-block-image size-large\"><img loading=\"lazy\" decoding=\"async\" width=\"720\" height=\"540\" data-id=\"16411\" src=\"https:\/\/www.agriculture-machine.com\/wp-content\/uploads\/2020\/11\/sesame-seed-washer-and-peeler.webp\" alt=\"m\u00e1quina de lavagem e descasque de sementes de s\u00e9samo\" class=\"wp-image-16411\" srcset=\"https:\/\/www.agriculture-machine.com\/wp-content\/uploads\/2020\/11\/sesame-seed-washer-and-peeler.webp 720w, https:\/\/www.agriculture-machine.com\/wp-content\/uploads\/2020\/11\/sesame-seed-washer-and-peeler-360x270.webp 360w, https:\/\/www.agriculture-machine.com\/wp-content\/uploads\/2020\/11\/sesame-seed-washer-and-peeler-240x180.webp 240w, https:\/\/www.agriculture-machine.com\/wp-content\/uploads\/2020\/11\/sesame-seed-washer-and-peeler-16x12.webp 16w\" sizes=\"auto, (max-width: 720px) 100vw, 720px\" \/><figcaption class=\"wp-element-caption\">m\u00e1quina de lavagem e descasque de sementes de s\u00e9samo<\/figcaption><\/figure>    <figure class=\"wp-block-image size-full\"><img loading=\"lazy\" decoding=\"async\" width=\"720\" height=\"540\" data-id=\"16412\" src=\"https:\/\/www.agriculture-machine.com\/wp-content\/uploads\/2020\/11\/sesame-washing-and-peeling-machine.webp\" alt=\"m\u00e1quina de lavagem e descasque de s\u00e9samo\" class=\"wp-image-16412\" srcset=\"https:\/\/www.agriculture-machine.com\/wp-content\/uploads\/2020\/11\/sesame-washing-and-peeling-machine.webp 720w, https:\/\/www.agriculture-machine.com\/wp-content\/uploads\/2020\/11\/sesame-washing-and-peeling-machine-360x270.webp 360w, https:\/\/www.agriculture-machine.com\/wp-content\/uploads\/2020\/11\/sesame-washing-and-peeling-machine-240x180.webp 240w, https:\/\/www.agriculture-machine.com\/wp-content\/uploads\/2020\/11\/sesame-washing-and-peeling-machine-16x12.webp 16w\" sizes=\"auto, (max-width: 720px) 100vw, 720px\" \/><figcaption class=\"wp-element-caption\">m\u00e1quina de lavagem e descasque de s\u00e9samo<\/figcaption><\/figure> <\/figure>    <h2 class=\"wp-block-heading\" id=\"h-other-applications-of-sesame-cleaning-and-peeling-machine\">Outras aplica\u00e7\u00f5es da m\u00e1quina de limpeza e descasque de s\u00e9samo<\/h2>    <p>Uma m\u00e1quina de descasque de sementes de s\u00e9samo tamb\u00e9m pode ser usada para descascar sementes de ab\u00f3bora. O princ\u00edpio do descasque de ab\u00f3bora \u00e9 o mesmo que o do descasque de s\u00e9samo, usando a mesma m\u00e1quina. <\/p>    <p>It&#8217;s just that different people will call different names. Some people will specifically call him a pumpkin seeds dehulling machine. So let&#8217;s take a look at how the pumpkin is peeled, and the effect of peeling.<\/p>    <figure class=\"wp-block-embed aligncenter is-type-video is-provider-youtube wp-block-embed-youtube wp-embed-aspect-16-9 wp-has-aspect-ratio\"><div class=\"wp-block-embed__wrapper\"> <iframe loading=\"lazy\" title=\"Descasque de sementes de ab\u00f3bora \/ m\u00e1quina de descasque de sementes de ab\u00f3bora \/ como descascar sementes de ab\u00f3bora.\" width=\"500\" height=\"281\" src=\"https:\/\/www.youtube.com\/embed\/0y8TtwI3woc?feature=oembed\" frameborder=\"0\" allow=\"accelerometer; autoplay; clipboard-write; encrypted-media; gyroscope; picture-in-picture; web-share\" referrerpolicy=\"strict-origin-when-cross-origin\" allowfullscreen><\/iframe> <\/div><\/figure>    <h2 class=\"wp-block-heading\">M\u00e1quina de descasque de casca de s\u00e9samo vendida para a Tanz\u00e2nia<\/h2>    <p>Um dos nossos clientes vem da Tanz\u00e2nia. Ele opera uma f\u00e1brica de processamento de s\u00e9samo, que vende sementes de s\u00e9samo descascadas para v\u00e1rios processadores de alimentos.<\/p>    <p>De acordo com as necessidades de capacidade, sugerimos 5 unidades da m\u00e1quina de descasque de sementes de s\u00e9samo a trabalhar simultaneamente. Abaixo, fotos de embalagem e envio.<\/p>    <figure class=\"wp-block-gallery has-nested-images columns-2 is-cropped wp-block-gallery-5 is-layout-flex wp-block-gallery-is-layout-flex\"> <figure class=\"wp-block-image size-large\"><img loading=\"lazy\" decoding=\"async\" width=\"720\" height=\"540\" data-id=\"12961\" src=\"https:\/\/www.agriculture-machine.com\/wp-content\/uploads\/2022\/04\/high-quality-sesame-peeling-machine0.jpg\" alt=\"m\u00e1quina de descasque de s\u00e9samo de alta qualidade\" class=\"wp-image-12961\" title=\"m\u00e1quina de descasque de s\u00e9samo de alta qualidade\" srcset=\"https:\/\/www.agriculture-machine.com\/wp-content\/uploads\/2022\/04\/high-quality-sesame-peeling-machine0.jpg 720w, https:\/\/www.agriculture-machine.com\/wp-content\/uploads\/2022\/04\/high-quality-sesame-peeling-machine0-360x270.jpg 360w, https:\/\/www.agriculture-machine.com\/wp-content\/uploads\/2022\/04\/high-quality-sesame-peeling-machine0-240x180.jpg 240w\" sizes=\"auto, (max-width: 720px) 100vw, 720px\" \/><figcaption class=\"wp-element-caption\">m\u00e1quina de descasque de s\u00e9samo de alta qualidade<\/figcaption><\/figure>    <figure class=\"wp-block-image size-large\"><img loading=\"lazy\" decoding=\"async\" width=\"720\" height=\"540\" data-id=\"12962\" src=\"https:\/\/www.agriculture-machine.com\/wp-content\/uploads\/2022\/04\/packing-of-the-sesame-peeling-machine0.jpg\" alt=\"embalagem da m\u00e1quina de descasque de s\u00e9samo\" class=\"wp-image-12962\" title=\"embalagem da m\u00e1quina de descasque de s\u00e9samo\" srcset=\"https:\/\/www.agriculture-machine.com\/wp-content\/uploads\/2022\/04\/packing-of-the-sesame-peeling-machine0.jpg 720w, https:\/\/www.agriculture-machine.com\/wp-content\/uploads\/2022\/04\/packing-of-the-sesame-peeling-machine0-360x270.jpg 360w, https:\/\/www.agriculture-machine.com\/wp-content\/uploads\/2022\/04\/packing-of-the-sesame-peeling-machine0-240x180.jpg 240w\" sizes=\"auto, (max-width: 720px) 100vw, 720px\" \/><figcaption class=\"wp-element-caption\">embalagem da m\u00e1quina de descasque de s\u00e9samo<\/figcaption><\/figure>    <figure class=\"wp-block-image size-large\"><img loading=\"lazy\" decoding=\"async\" width=\"720\" height=\"540\" data-id=\"12963\" src=\"https:\/\/www.agriculture-machine.com\/wp-content\/uploads\/2022\/04\/wooden-case-packing-of-sesame-peeler1.jpg\" alt=\"embalagem em caixa de madeira de descasque de s\u00e9samo\" class=\"wp-image-12963\" title=\"embalagem em caixa de madeira de descasque de s\u00e9samo\" srcset=\"https:\/\/www.agriculture-machine.com\/wp-content\/uploads\/2022\/04\/wooden-case-packing-of-sesame-peeler1.jpg 720w, https:\/\/www.agriculture-machine.com\/wp-content\/uploads\/2022\/04\/wooden-case-packing-of-sesame-peeler1-360x270.jpg 360w, https:\/\/www.agriculture-machine.com\/wp-content\/uploads\/2022\/04\/wooden-case-packing-of-sesame-peeler1-240x180.jpg 240w\" sizes=\"auto, (max-width: 720px) 100vw, 720px\" \/><figcaption class=\"wp-element-caption\">embalagem em caixa de madeira de descasque de s\u00e9samo<\/figcaption><\/figure>    <figure class=\"wp-block-image size-large\"><img loading=\"lazy\" decoding=\"async\" width=\"720\" height=\"540\" data-id=\"12965\" src=\"https:\/\/www.agriculture-machine.com\/wp-content\/uploads\/2022\/04\/shipping-of-sesame-seed-washing-peeling-machine-tuya_720_540.jpg\" alt=\"envio de m\u00e1quina de lavagem e descasque de sementes de s\u00e9samo \" class=\"wp-image-12965\" title=\"envio de m\u00e1quina de lavagem e descasque de sementes de s\u00e9samo \" srcset=\"https:\/\/www.agriculture-machine.com\/wp-content\/uploads\/2022\/04\/shipping-of-sesame-seed-washing-peeling-machine-tuya_720_540.jpg 720w, https:\/\/www.agriculture-machine.com\/wp-content\/uploads\/2022\/04\/shipping-of-sesame-seed-washing-peeling-machine-tuya_720_540-360x270.jpg 360w, https:\/\/www.agriculture-machine.com\/wp-content\/uploads\/2022\/04\/shipping-of-sesame-seed-washing-peeling-machine-tuya_720_540-240x180.jpg 240w\" sizes=\"auto, (max-width: 720px) 100vw, 720px\" \/><figcaption class=\"wp-element-caption\">envio de m\u00e1quina de lavagem e descasque de sementes de s\u00e9samo<\/figcaption><\/figure> <\/figure>    <p>Se tiver alguma d\u00favida ou necessidade sobre esta m\u00e1quina de descasque de sementes de s\u00e9samo, n\u00e3o hesite em contactar-nos. Prometemos responder rapidamente e responder a todas as suas perguntas com paci\u00eancia, dedicando-nos a fornecer suporte e servi\u00e7o profissionais. Esperamos colaborar consigo!<\/p>","protected":false},"excerpt":{"rendered":"<p>A m\u00e1quina de lavagem e descascamento de s\u00e9samo \u00e9 um equipamento profissional no processo de descascamento de s\u00e9samo. E o seu principal objetivo \u00e9 demolhar, descascar e separar a pele e o gr\u00e3o. <\/p>","protected":false},"author":1,"featured_media":12934,"parent":0,"comment_status":"closed","ping_status":"closed","template":"","tags":[788,785],"product-type":[874,903],"class_list":["post-7979","product","type-product","status-publish","has-post-thumbnail","hentry","tag-pumpkin-seed","tag-sesame","product-type-grains-peeling-machine","product-type-sesame-washing-and-peeling-machine"],"_links":{"self":[{"href":"https:\/\/www.agriculture-machine.com\/pt\/wp-json\/wp\/v2\/product\/7979","targetHints":{"allow":["GET"]}}],"collection":[{"href":"https:\/\/www.agriculture-machine.com\/pt\/wp-json\/wp\/v2\/product"}],"about":[{"href":"https:\/\/www.agriculture-machine.com\/pt\/wp-json\/wp\/v2\/types\/product"}],"author":[{"embeddable":true,"href":"https:\/\/www.agriculture-machine.com\/pt\/wp-json\/wp\/v2\/users\/1"}],"replies":[{"embeddable":true,"href":"https:\/\/www.agriculture-machine.com\/pt\/wp-json\/wp\/v2\/comments?post=7979"}],"wp:featuredmedia":[{"embeddable":true,"href":"https:\/\/www.agriculture-machine.com\/pt\/wp-json\/wp\/v2\/media\/12934"}],"wp:attachment":[{"href":"https:\/\/www.agriculture-machine.com\/pt\/wp-json\/wp\/v2\/media?parent=7979"}],"wp:term":[{"taxonomy":"post_tag","embeddable":true,"href":"https:\/\/www.agriculture-machine.com\/pt\/wp-json\/wp\/v2\/tags?post=7979"},{"taxonomy":"product-type","embeddable":true,"href":"https:\/\/www.agriculture-machine.com\/pt\/wp-json\/wp\/v2\/product-type?post=7979"}],"curies":[{"name":"wp","href":"https:\/\/api.w.org\/{rel}","templated":true}]}}