{"id":7987,"date":"2020-11-06T16:25:30","date_gmt":"2020-11-06T08:25:30","guid":{"rendered":"https:\/\/www.agriculture-machine.com\/?p=7987"},"modified":"2025-04-14T16:45:48","modified_gmt":"2025-04-14T08:45:48","slug":"rice-nursery-seedling-machine","status":"publish","type":"product","link":"https:\/\/www.agriculture-machine.com\/pt\/rice-nursery-seedling-machine\/","title":{"rendered":"M\u00e1quina autom\u00e1tica de viveiro de arroz | Equipamento de semeadura de arroz"},"content":{"rendered":"<p>A m\u00e1quina de mudas de arroz totalmente autom\u00e1tica integra espalhamento de solo, semeadura, irriga\u00e7\u00e3o por aspers\u00e3o, cobertura de solo, etc. Pode completar todos os procedimentos de opera\u00e7\u00e3o de semeadura de mudas de uma s\u00f3 vez. O uso desta semeadora de mudas de arroz melhora muito a semeadura de precis\u00e3o em pequenos lotes. Economiza 20% na taxa de semeadura vazia em rela\u00e7\u00e3o ao semeio manual.<\/p>    <p>Ao mesmo tempo, a m\u00e1quina tem um bom efeito nas mudas, aumentando a produ\u00e7\u00e3o e economizando custos. A linha de plantio de brotos de cultivo de disco tem as caracter\u00edsticas de fino, organizado e forte. A m\u00e1quina pode usar discos r\u00edgidos de pl\u00e1stico e discos flex\u00edveis, e sua efici\u00eancia \u00e9 superior a 900 discos por hora.<\/p>    <figure class=\"wp-block-embed aligncenter is-type-video is-provider-youtube wp-block-embed-youtube wp-embed-aspect-16-9 wp-has-aspect-ratio\"><div class=\"wp-block-embed__wrapper\"> <iframe loading=\"lazy\" title=\"M\u00e1quina autom\u00e1tica de semeadura de viveiro \/ Linha de viveiro de arroz de baixo custo \/ M\u00e1quina de mudas de arroz \/\" width=\"500\" height=\"281\" src=\"https:\/\/www.youtube.com\/embed\/XYGRaffTC6I?feature=oembed\" frameborder=\"0\" allow=\"accelerometer; autoplay; clipboard-write; encrypted-media; gyroscope; picture-in-picture; web-share\" referrerpolicy=\"strict-origin-when-cross-origin\" allowfullscreen><\/iframe> <\/div><figcaption class=\"wp-element-caption\">V\u00eddeo do princ\u00edpio de funcionamento da m\u00e1quina de mudas de viveiro de arroz<\/figcaption><\/figure>    <p class=\"translation-block\">O medidor de semeadura em espiral atende \u00e0s necessidades de semeadura de precis\u00e3o. Pode realizar o n\u00famero ajust\u00e1vel de sementes e melhorar a uniformidade. Este semeador de arroz usa os principais campos t\u00e9cnicos da ind\u00fastria de transplante de mudas para <a href=\"https:\/\/www.agriculture-machine.com\/pt\/the-advantages-of-rice-nursery-seedlings-and-rice-transplanting\/\">melhorar a tecnologia autom\u00e1tica<\/a>.<\/p>    <figure class=\"wp-block-image aligncenter size-full\"><img loading=\"lazy\" decoding=\"async\" width=\"720\" height=\"540\" src=\"https:\/\/www.agriculture-machine.com\/wp-content\/uploads\/2022\/05\/Rice-Nursery-Seedling-Machine-.jpg\" alt=\"M\u00e1quina de mudas de viveiro de arroz\" class=\"wp-image-13579\" title=\"M\u00e1quina de mudas de viveiro de arroz\" srcset=\"https:\/\/www.agriculture-machine.com\/wp-content\/uploads\/2022\/05\/Rice-Nursery-Seedling-Machine-.jpg 720w, https:\/\/www.agriculture-machine.com\/wp-content\/uploads\/2022\/05\/Rice-Nursery-Seedling-Machine--360x270.jpg 360w, https:\/\/www.agriculture-machine.com\/wp-content\/uploads\/2022\/05\/Rice-Nursery-Seedling-Machine--240x180.jpg 240w\" sizes=\"auto, (max-width: 720px) 100vw, 720px\" \/><figcaption class=\"wp-element-caption\">M\u00e1quina de mudas de viveiro de arroz<\/figcaption><\/figure>    <h2 class=\"wp-block-heading\" id=\"h-the-structure-of-the-rice-seedling-machine\">Estrutura da m\u00e1quina de mudas de arroz<\/h2>    <p>A m\u00e1quina completa de cultivo de mudas de arroz pode incluir um dispositivo de bandeja pendurada, dispositivo de cobertura de bandeja, escova de revolvimento do solo, configura\u00e7\u00e3o de pulveriza\u00e7\u00e3o, funil de sementes, funil auxiliar de cobertura de solo, escova de remo\u00e7\u00e3o de cobertura, m\u00e1quina de coleta de placas, etc.<\/p>    <figure class=\"wp-block-image aligncenter size-full\"><img loading=\"lazy\" decoding=\"async\" width=\"720\" height=\"540\" src=\"https:\/\/www.agriculture-machine.com\/wp-content\/uploads\/2022\/05\/rice-seedling-machine-.jpg\" alt=\"Estrutura da m\u00e1quina de mudas de arroz \" class=\"wp-image-13581\" title=\"Estrutura da m\u00e1quina de mudas de arroz \" srcset=\"https:\/\/www.agriculture-machine.com\/wp-content\/uploads\/2022\/05\/rice-seedling-machine-.jpg 720w, https:\/\/www.agriculture-machine.com\/wp-content\/uploads\/2022\/05\/rice-seedling-machine--360x270.jpg 360w, https:\/\/www.agriculture-machine.com\/wp-content\/uploads\/2022\/05\/rice-seedling-machine--240x180.jpg 240w\" sizes=\"auto, (max-width: 720px) 100vw, 720px\" \/><figcaption class=\"wp-element-caption\">Estrutura da m\u00e1quina de mudas de arroz <\/figcaption><\/figure>    <h2 class=\"wp-block-heading\">Par\u00e2metros t\u00e9cnicos da m\u00e1quina de semeadura de viveiro de arroz<\/h2>    <figure class=\"wp-block-table is-style-stripes\"><table><tbody><tr><td>Modelo<strong><\/strong><\/td><td>TZY-280A<strong><\/strong><\/td><\/tr><tr><td>Tamanho<\/td><td>6830*460*1020mm<strong><\/strong><\/td><\/tr><tr><td>Peso<\/td><td>190kg<strong><\/strong><\/td><\/tr><tr><td>Pot\u00eancia<\/td><td>240W para entrega<br>120W para semear<\/td><\/tr><tr><td>Funil auxiliar de solo para sementeira<\/td><td>45L<strong><\/strong><\/td><\/tr><tr><td>Funil de sementes<\/td><td>30L<strong><\/strong><\/td><\/tr><tr><td>Quantidade de semeadura de arroz h\u00edbrido<\/td><td>95-304,5g\/camada<\/td><\/tr><tr><td>Capacidade<\/td><td>969-1017 bandejas\/hora<\/td><\/tr><tr><td>Espessura do subsolo<\/td><td>18-25mm<\/td><\/tr><tr><td>Espessura do solo superficial<\/td><td>3-9mm<\/td><\/tr><\/tbody><\/table><figcaption class=\"wp-element-caption\">Par\u00e2metros da m\u00e1quina de semeadura de viveiro de arroz<\/figcaption><\/figure>    <h2 class=\"wp-block-heading\" id=\"h-tips-and-attention-when-use-rice-seedling-machine\">Dicas e cuidados ao usar uma m\u00e1quina de semear de arroz<\/h2>    <h3 class=\"wp-block-heading\" id=\"h-tips\">Dicas<\/h3>    <ol class=\"wp-block-list\"> <li>Solo do viveiro: escolha solo de hortali\u00e7as, solo seco maduro ou solo de arroz para o solo do viveiro. Triture e peneire o solo. Depois, adicione fertilizante bacteriano ou fertilizante especial para arroz.<\/li>    <li>Semente de arroz: escolha variedades de alta qualidade, alto rendimento e resist\u00eancia ao estresse que sejam adequadas para o plantio local como mudas. Antes das mudas, exponha o sementes ao sol por 1 dia e depois mergulhe na medica\u00e7\u00e3o por 72 horas para desinfetar as sementes e matar os germes.<\/li>    <li>Prepara\u00e7\u00e3o do viveiro: preste aten\u00e7\u00e3o na escolha de campos de mudas que sejam convenientes para irriga\u00e7\u00e3o, drenagem e transporte de mudas, al\u00e9m de f\u00e1cil manejo. Claro, voc\u00ea tamb\u00e9m pode optar por usar a estrutura do viveiro, que possui sistema de pulveriza\u00e7\u00e3o de \u00e1gua, sendo mais conveniente.<\/li>    <li>Preste aten\u00e7\u00e3o \u00e0 quantidade de sementes: geralmente, uma bandeja de mudas usa uma x\u00edcara de papel de sementes para semear. A semeadura deve ser precisa, uniforme, n\u00e3o pesada e sem vazamentos. A m\u00e1quina autom\u00e1tica de cultivo de mudas pode realizar uma semeadura precisa.<\/li> <\/ol>    <figure class=\"wp-block-gallery has-nested-images columns-default is-cropped wp-block-gallery-2 is-layout-flex wp-block-gallery-is-layout-flex\"> <figure class=\"wp-block-image size-large\"><img loading=\"lazy\" decoding=\"async\" width=\"720\" height=\"540\" data-id=\"13582\" src=\"https:\/\/www.agriculture-machine.com\/wp-content\/uploads\/2022\/05\/Rice-Nursery-Sowing-Machine-.jpg\" alt=\"M\u00e1quina de semeadura de viveiro de arroz\" class=\"wp-image-13582\" title=\"M\u00e1quina de semeadura de viveiro de arroz\" srcset=\"https:\/\/www.agriculture-machine.com\/wp-content\/uploads\/2022\/05\/Rice-Nursery-Sowing-Machine-.jpg 720w, https:\/\/www.agriculture-machine.com\/wp-content\/uploads\/2022\/05\/Rice-Nursery-Sowing-Machine--360x270.jpg 360w, https:\/\/www.agriculture-machine.com\/wp-content\/uploads\/2022\/05\/Rice-Nursery-Sowing-Machine--240x180.jpg 240w\" sizes=\"auto, (max-width: 720px) 100vw, 720px\" \/><figcaption class=\"wp-element-caption\">M\u00e1quina de semeadura de viveiro de arroz<\/figcaption><\/figure>    <figure class=\"wp-block-image size-large\"><img loading=\"lazy\" decoding=\"async\" width=\"720\" height=\"540\" data-id=\"13583\" src=\"https:\/\/www.agriculture-machine.com\/wp-content\/uploads\/2022\/05\/factory-.jpg\" alt=\"f\u00e1brica\" class=\"wp-image-13583\" title=\"f\u00e1brica\" srcset=\"https:\/\/www.agriculture-machine.com\/wp-content\/uploads\/2022\/05\/factory-.jpg 720w, https:\/\/www.agriculture-machine.com\/wp-content\/uploads\/2022\/05\/factory--360x270.jpg 360w, https:\/\/www.agriculture-machine.com\/wp-content\/uploads\/2022\/05\/factory--240x180.jpg 240w\" sizes=\"auto, (max-width: 720px) 100vw, 720px\" \/><figcaption class=\"wp-element-caption\">f\u00e1brica<\/figcaption><\/figure> <\/figure>    <h3 class=\"wp-block-heading\" id=\"h-attentions\">Aten\u00e7\u00e3o<\/h3>    <ol class=\"wp-block-list\"> <li>Ao cobrir o solo, preste aten\u00e7\u00e3o \u00e0 espessura do solo de cobertura, que geralmente \u00e9 de cerca de 0,3 cm-0,5 cm, e \u00e9 melhor n\u00e3o ver as sementes de arroz.<\/li>    <li>Preste aten\u00e7\u00e3o \u00e0 preserva\u00e7\u00e3o do calor e \u00e0 umidade durante o per\u00edodo de emerg\u00eancia das mudas. Geralmente, devemos controlar a temperatura em 30\u00b0C. E, quando exceder 35\u00b0C, deve-se ventilar e resfriar. Al\u00e9m disso, manter a umidade acima de 80% e drenar a \u00e1gua a tempo em caso de chuvas intensas para evitar ac\u00famulo de \u00e1gua na sementeira.<\/li>    <li>Gest\u00e3o de fertilizantes e \u00e1gua. Preste aten\u00e7\u00e3o ao molhado primeiro e depois ao seco. Antes que as mudas tenham apenas tr\u00eas folhas, o solo ou o solo do viveiro deve estar \u00famido. Controle a \u00e1gua antes do transplante para promover ra\u00edzes saud\u00e1veis. Aplique fertilizante a tempo de acordo com a situa\u00e7\u00e3o das mudas. Ao fertilizar, deve-se regar com \u00e1gua para evitar a aplica\u00e7\u00e3o direta de fertilizante seco.<\/li>    <li>Preven\u00e7\u00e3o \u00e9 a primeira e combina preven\u00e7\u00e3o e controle. Ao mesmo tempo, remova mudas ruins e ervas daninhas com frequ\u00eancia para garantir pureza.<\/li> <\/ol>    <h2 class=\"wp-block-heading\">M\u00e1quina de viveiro de arroz econ\u00f4mica 2BZP-800<\/h2>    <p>No caso de equipamentos tradicionais de viveiro de arroz, que geralmente se caracterizam por alto custo e opera\u00e7\u00e3o complicada, a m\u00e1quina de mudas de viveiro de arroz 2BZP-800 oferece uma solu\u00e7\u00e3o econ\u00f4mica e pr\u00e1tica para pequenos e m\u00e9dios agricultores, com o n\u00facleo de \u201cinvestimento leve e alto retorno\u201d. A seguir, as principais vantagens.<\/p>    <figure class=\"wp-block-gallery has-nested-images columns-2 is-cropped wp-block-gallery-3 is-layout-flex wp-block-gallery-is-layout-flex\"> <figure class=\"wp-block-image size-large\"><img loading=\"lazy\" decoding=\"async\" width=\"720\" height=\"540\" data-id=\"16948\" src=\"https:\/\/www.agriculture-machine.com\/wp-content\/uploads\/2020\/11\/rice-nursery-preparation.webp\" alt=\"Prepara\u00e7\u00e3o do viveiro de arroz\" class=\"wp-image-16948\" srcset=\"https:\/\/www.agriculture-machine.com\/wp-content\/uploads\/2020\/11\/rice-nursery-preparation.webp 720w, https:\/\/www.agriculture-machine.com\/wp-content\/uploads\/2020\/11\/rice-nursery-preparation-360x270.webp 360w, https:\/\/www.agriculture-machine.com\/wp-content\/uploads\/2020\/11\/rice-nursery-preparation-240x180.webp 240w, https:\/\/www.agriculture-machine.com\/wp-content\/uploads\/2020\/11\/rice-nursery-preparation-16x12.webp 16w\" sizes=\"auto, (max-width: 720px) 100vw, 720px\" \/><figcaption class=\"wp-element-caption\">Prepara\u00e7\u00e3o do viveiro de arroz<\/figcaption><\/figure>    <figure class=\"wp-block-image size-large\"><img loading=\"lazy\" decoding=\"async\" width=\"720\" height=\"540\" data-id=\"16949\" src=\"https:\/\/www.agriculture-machine.com\/wp-content\/uploads\/2020\/11\/rice-planting-machine.webp\" alt=\"M\u00e1quina de plantio de arroz\" class=\"wp-image-16949\" srcset=\"https:\/\/www.agriculture-machine.com\/wp-content\/uploads\/2020\/11\/rice-planting-machine.webp 720w, https:\/\/www.agriculture-machine.com\/wp-content\/uploads\/2020\/11\/rice-planting-machine-360x270.webp 360w, https:\/\/www.agriculture-machine.com\/wp-content\/uploads\/2020\/11\/rice-planting-machine-240x180.webp 240w, https:\/\/www.agriculture-machine.com\/wp-content\/uploads\/2020\/11\/rice-planting-machine-16x12.webp 16w\" sizes=\"auto, (max-width: 720px) 100vw, 720px\" \/><figcaption class=\"wp-element-caption\">M\u00e1quina de plantio de arroz<\/figcaption><\/figure>    <figure class=\"wp-block-image size-large\"><img loading=\"lazy\" decoding=\"async\" width=\"720\" height=\"540\" data-id=\"16950\" src=\"https:\/\/www.agriculture-machine.com\/wp-content\/uploads\/2020\/11\/rice-seed-planter.webp\" alt=\"Semeador de sementes de arroz\" class=\"wp-image-16950\" srcset=\"https:\/\/www.agriculture-machine.com\/wp-content\/uploads\/2020\/11\/rice-seed-planter.webp 720w, https:\/\/www.agriculture-machine.com\/wp-content\/uploads\/2020\/11\/rice-seed-planter-360x270.webp 360w, https:\/\/www.agriculture-machine.com\/wp-content\/uploads\/2020\/11\/rice-seed-planter-240x180.webp 240w, https:\/\/www.agriculture-machine.com\/wp-content\/uploads\/2020\/11\/rice-seed-planter-16x12.webp 16w\" sizes=\"auto, (max-width: 720px) 100vw, 720px\" \/><figcaption class=\"wp-element-caption\">Semeador de sementes de arroz<\/figcaption><\/figure>    <figure class=\"wp-block-image size-large\"><img loading=\"lazy\" decoding=\"async\" width=\"720\" height=\"540\" data-id=\"16947\" src=\"https:\/\/www.agriculture-machine.com\/wp-content\/uploads\/2020\/11\/paddy-nursery-machine.webp\" alt=\"M\u00e1quina de viveiro de arroz\" class=\"wp-image-16947\" srcset=\"https:\/\/www.agriculture-machine.com\/wp-content\/uploads\/2020\/11\/paddy-nursery-machine.webp 720w, https:\/\/www.agriculture-machine.com\/wp-content\/uploads\/2020\/11\/paddy-nursery-machine-360x270.webp 360w, https:\/\/www.agriculture-machine.com\/wp-content\/uploads\/2020\/11\/paddy-nursery-machine-240x180.webp 240w, https:\/\/www.agriculture-machine.com\/wp-content\/uploads\/2020\/11\/paddy-nursery-machine-16x12.webp 16w\" sizes=\"auto, (max-width: 720px) 100vw, 720px\" \/><figcaption class=\"wp-element-caption\">M\u00e1quina de viveiro de arroz<\/figcaption><\/figure> <\/figure>    <ul class=\"wp-block-list\"> <li>Projetada para pequenos e m\u00e9dios agricultores, o pre\u00e7o \u00e9 apenas 60%-70% de produtos similares. A precis\u00e3o de semeadura \u00e9 est\u00e1vel em \u00b13% do padr\u00e3o da ind\u00fastria, com o semeador de rolos de sulco, para garantir que a quantidade de sementes por bandeja seja controlada com precis\u00e3o entre 50-150g (ajust\u00e1vel).<\/li>    <li>A m\u00e1quina mede apenas 3450\u00d7500\u00d71010mm e pesa 124kg, adaptando-se facilmente a espa\u00e7os estreitos como estufas e campos.<\/li>    <li>Equipado com espalhador de solo de 35L de grande capacidade e caixa de cobertura, a carga \u00fanica pode trabalhar continuamente por mais de 200 bandejas, reduzindo o tempo de reabastecimento repetido.<\/li>    <li>Integrating the whole process of \u201csoil spreading &#8211; watering &#8211; seeding &#8211; mulching\u201d, the single machine completes the work of the traditional 4 sets of equipment.<\/li>    <li>Espalhamento de solo e cobertura de mulching usam estrutura de roda e correia, com correia transportadora ajust\u00e1vel de 0,025-0,125m\/s, podendo manejar 500 bandejas em 30 minutos, aumentando a efici\u00eancia em mais de 50%.<\/li>    <li>A pot\u00eancia total de toda a m\u00e1quina \u00e9 de apenas 260W (o modelo tradicional \u00e9 superior a 500W), e os tr\u00eas motores de espalhamento de solo, semeadura e cobertura de mulching s\u00e3o acionados independentemente, com consumo de energia inferior a 1 yuan por dia.<\/li>    <li>Design modular de componentes principais, caixa de semeadura, correia transportadora e outras pe\u00e7as de desgaste para suporte \u00e0 desmontagem r\u00e1pida e substitui\u00e7\u00e3o, sem necessidade de manuten\u00e7\u00e3o profissional.<\/li> <\/ul>    <figure class=\"wp-block-embed aligncenter is-type-video is-provider-youtube wp-block-embed-youtube wp-embed-aspect-16-9 wp-has-aspect-ratio\"><div class=\"wp-block-embed__wrapper\"> <iframe loading=\"lazy\" title=\"M\u00e1quina de Sementes Avan\u00e7ada - Revolucionando a Agricultura Moderna#semeadura #sementes #semeador #m\u00e1quinadevivero\" width=\"500\" height=\"281\" src=\"https:\/\/www.youtube.com\/embed\/CPCIYYsPubk?feature=oembed\" frameborder=\"0\" allow=\"accelerometer; autoplay; clipboard-write; encrypted-media; gyroscope; picture-in-picture; web-share\" referrerpolicy=\"strict-origin-when-cross-origin\" allowfullscreen><\/iframe> <\/div><figcaption class=\"wp-element-caption\">V\u00eddeo de funcionamento da m\u00e1quina de mudas de viveiro de arroz<\/figcaption><\/figure>    <h2 class=\"wp-block-heading\" id=\"h-rice-seedling-machine-match-with-rice-transplanting-machine\">Compat\u00edvel com a semeadora de viveiro de arroz <a href=\"https:\/\/www.agriculture-machine.com\/pt\/technology-and-characteristcs-of-the-rice-transplanter-machine\/\">M\u00e1quina de transplante de arroz<\/a><\/h2>    <p class=\"translation-block\">Ap\u00f3s a conclus\u00e3o do transplante de mudas de arroz, \u00e9 necess\u00e1rio usar a <a href=\"https:\/\/www.agriculture-machine.com\/pt\/walk-behind-rice-transplanter-rice-planting-machine\/\"><strong>m\u00e1quina de transplante de arroz<\/strong><\/a>.<\/p>    <p>A seguir, a transplanter de arroz de tra\u00e7\u00e3o manual.<\/p>    <figure class=\"wp-block-image aligncenter size-full\"><img loading=\"lazy\" decoding=\"async\" width=\"720\" height=\"540\" src=\"https:\/\/www.agriculture-machine.com\/wp-content\/uploads\/2022\/05\/paddy-transplanter-1.jpg\" alt=\"Transplantador de arroz\" class=\"wp-image-13569\" title=\"Transplantador de arroz\" srcset=\"https:\/\/www.agriculture-machine.com\/wp-content\/uploads\/2022\/05\/paddy-transplanter-1.jpg 720w, https:\/\/www.agriculture-machine.com\/wp-content\/uploads\/2022\/05\/paddy-transplanter-1-360x270.jpg 360w, https:\/\/www.agriculture-machine.com\/wp-content\/uploads\/2022\/05\/paddy-transplanter-1-240x180.jpg 240w\" sizes=\"auto, (max-width: 720px) 100vw, 720px\" \/><figcaption class=\"wp-element-caption\">Transplantador de arroz<\/figcaption><\/figure>    <h2 class=\"wp-block-heading\" id=\"h-operation-video-of-rice-transplanter\">V\u00eddeo de opera\u00e7\u00e3o do transplante de arroz<\/h2>    <p>Podemos personalizar um transplante de arroz de 2, 4, 6 ou 8 linhas de acordo com sua m\u00e1quina de viveiro de mudas de arroz.<\/p>    <figure class=\"wp-block-embed aligncenter is-type-video is-provider-youtube wp-block-embed-youtube wp-embed-aspect-4-3 wp-has-aspect-ratio\"><div class=\"wp-block-embed__wrapper\"> <iframe loading=\"lazy\" title=\"Top 10 m\u00e1quinas na China: m\u00e1quina de transplante de arroz de 8 linhas\" width=\"500\" height=\"375\" src=\"https:\/\/www.youtube.com\/embed\/eISgGkH0Tqk?feature=oembed\" frameborder=\"0\" allow=\"accelerometer; autoplay; clipboard-write; encrypted-media; gyroscope; picture-in-picture; web-share\" referrerpolicy=\"strict-origin-when-cross-origin\" allowfullscreen><\/iframe> <\/div><figcaption class=\"wp-element-caption\">V\u00eddeo de trabalho da m\u00e1quina de transplante de arroz<\/figcaption><\/figure>    <h2 class=\"wp-block-heading\">M\u00e1quina de semeadura de viveiro de arroz enviada para o Paquist\u00e3o<\/h2>    <p>O cliente \u00e9 do Paquist\u00e3o e possui uma estufa especial para cultivar arroz. O cliente utilizava m\u00e9todos tradicionais de plantio anteriormente. Para melhorar a efici\u00eancia, procurava uma m\u00e1quina profissional de viveiro de arroz. <\/p>    <p>Ele queria saber mais sobre a m\u00e1quina de viveiro de arroz por meio da leitura do nosso site. O nosso gerente de vendas comunicou-se com o cliente via WhatsApp. E o nosso gerente de vendas deu respostas r\u00e1pidas e profissionais a todas as perguntas. Por fim, o cliente decidiu comprar conosco.<\/p>    <figure class=\"wp-block-gallery has-nested-images columns-default is-cropped wp-block-gallery-4 is-layout-flex wp-block-gallery-is-layout-flex\"> <figure class=\"wp-block-image size-large\"><img loading=\"lazy\" decoding=\"async\" width=\"720\" height=\"540\" data-id=\"13584\" src=\"https:\/\/www.agriculture-machine.com\/wp-content\/uploads\/2022\/05\/wooden-case-pacakging-of-the-rice-seeder-.jpg\" alt=\"Embalagem em caixa de madeira da semeadora de arroz\" class=\"wp-image-13584\" title=\"Embalagem em caixa de madeira da semeadora de arroz\" srcset=\"https:\/\/www.agriculture-machine.com\/wp-content\/uploads\/2022\/05\/wooden-case-pacakging-of-the-rice-seeder-.jpg 720w, https:\/\/www.agriculture-machine.com\/wp-content\/uploads\/2022\/05\/wooden-case-pacakging-of-the-rice-seeder--360x270.jpg 360w, https:\/\/www.agriculture-machine.com\/wp-content\/uploads\/2022\/05\/wooden-case-pacakging-of-the-rice-seeder--240x180.jpg 240w\" sizes=\"auto, (max-width: 720px) 100vw, 720px\" \/><figcaption class=\"wp-element-caption\">Embalagem em caixa de madeira da semeadora de arroz<\/figcaption><\/figure>    <figure class=\"wp-block-image size-large\"><img loading=\"lazy\" decoding=\"async\" width=\"720\" height=\"540\" data-id=\"13585\" src=\"https:\/\/www.agriculture-machine.com\/wp-content\/uploads\/2022\/05\/paddy-seed-sowing-machine-.jpg\" alt=\"M\u00e1quina de semeadura de arroz de viveiro\" class=\"wp-image-13585\" title=\"M\u00e1quina de semeadura de arroz de viveiro\" srcset=\"https:\/\/www.agriculture-machine.com\/wp-content\/uploads\/2022\/05\/paddy-seed-sowing-machine-.jpg 720w, https:\/\/www.agriculture-machine.com\/wp-content\/uploads\/2022\/05\/paddy-seed-sowing-machine--360x270.jpg 360w, https:\/\/www.agriculture-machine.com\/wp-content\/uploads\/2022\/05\/paddy-seed-sowing-machine--240x180.jpg 240w\" sizes=\"auto, (max-width: 720px) 100vw, 720px\" \/><figcaption class=\"wp-element-caption\">M\u00e1quina de semeadura de arroz de viveiro<\/figcaption><\/figure>    <figure class=\"wp-block-image size-large\"><img loading=\"lazy\" decoding=\"async\" width=\"720\" height=\"540\" data-id=\"13586\" src=\"https:\/\/www.agriculture-machine.com\/wp-content\/uploads\/2022\/05\/shipping-of-the-machine-.jpg\" alt=\"Envio da m\u00e1quina.\" class=\"wp-image-13586\" title=\"Envio da m\u00e1quina.\" srcset=\"https:\/\/www.agriculture-machine.com\/wp-content\/uploads\/2022\/05\/shipping-of-the-machine-.jpg 720w, https:\/\/www.agriculture-machine.com\/wp-content\/uploads\/2022\/05\/shipping-of-the-machine--360x270.jpg 360w, https:\/\/www.agriculture-machine.com\/wp-content\/uploads\/2022\/05\/shipping-of-the-machine--240x180.jpg 240w\" sizes=\"auto, (max-width: 720px) 100vw, 720px\" \/><figcaption class=\"wp-element-caption\">Envio da m\u00e1quina <\/figcaption><\/figure> <\/figure>    <h2 class=\"wp-block-heading\">Perguntas frequentes sobre a m\u00e1quina de viveiro de arroz<\/h2>   <div id=\"rank-math-faq\" class=\"rank-math-block\"> <div class=\"rank-math-list\"> <div id=\"faq-question-1722847379966\" class=\"rank-math-list-item\"> <h3 class=\"rank-math-question\">Esta semeadora de arroz pode semear outros vegetais?<\/h3> <div class=\"rank-math-answer\">  <p class=\"translation-block\">N\u00e3o, esta \u00e9 uma m\u00e1quina de semeadura de viveiro especificamente para arroz. Temos uma <a href=\"https:\/\/www.agriculture-machine.com\/pt\/plug-seedling-machine-seedling-machine-vegetable-seedling-machine\/\">m\u00e1quina de semeadura de hortali\u00e7as<\/a> especial.<\/p>  <\/div> <\/div> <div id=\"faq-question-1722847386025\" class=\"rank-math-list-item\"> <h3 class=\"rank-math-question\">Para quais pa\u00edses voc\u00ea exportou?<\/h3> <div class=\"rank-math-answer\">  <p class=\"translation-block\">Para ser um fabricante especializado de m\u00e1quinas agr\u00edcolas, nossas m\u00e1quinas de mudas de viveiro de arroz foram exportadas para Azerbaij\u00e3o , Uganda, Qu\u00eania, Indon\u00e9sia, e outros.<\/p>  <\/div> <\/div> <div id=\"faq-question-1722847400185\" class=\"rank-math-list-item\"> <h3 class=\"rank-math-question\">O que fazer se a m\u00e1quina de mudas de viveiro de arroz quebrar?<\/h3> <div class=\"rank-math-answer\">  <p>Primeiro, temos uma garantia de um ano. Em segundo lugar, estaremos equipados com pe\u00e7as de desgaste e caixas de ferramentas. O ponto \u00e9 que as m\u00e1quinas que exportamos n\u00e3o apresentaram esses problemas.<\/p>  <\/div> <\/div> <\/div> <\/div>","protected":false},"excerpt":{"rendered":"<p>A m\u00e1quina de mudas de viveiro de arroz \u00e9 especialmente usada para criar mudas de arroz, atingindo produ\u00e7\u00e3o mecanizada. Combinada com o transplante de arroz, pode aumentar a produtividade.<\/p>","protected":false},"author":1,"featured_media":13588,"parent":0,"comment_status":"closed","ping_status":"closed","template":"","tags":[2607],"product-type":[246,913,2],"class_list":["post-7987","product","type-product","status-publish","has-post-thumbnail","hentry","tag-nursery","product-type-hot-sale","product-type-paddy-rice-nursery-machine","product-type-products"],"_links":{"self":[{"href":"https:\/\/www.agriculture-machine.com\/pt\/wp-json\/wp\/v2\/product\/7987","targetHints":{"allow":["GET"]}}],"collection":[{"href":"https:\/\/www.agriculture-machine.com\/pt\/wp-json\/wp\/v2\/product"}],"about":[{"href":"https:\/\/www.agriculture-machine.com\/pt\/wp-json\/wp\/v2\/types\/product"}],"author":[{"embeddable":true,"href":"https:\/\/www.agriculture-machine.com\/pt\/wp-json\/wp\/v2\/users\/1"}],"replies":[{"embeddable":true,"href":"https:\/\/www.agriculture-machine.com\/pt\/wp-json\/wp\/v2\/comments?post=7987"}],"wp:featuredmedia":[{"embeddable":true,"href":"https:\/\/www.agriculture-machine.com\/pt\/wp-json\/wp\/v2\/media\/13588"}],"wp:attachment":[{"href":"https:\/\/www.agriculture-machine.com\/pt\/wp-json\/wp\/v2\/media?parent=7987"}],"wp:term":[{"taxonomy":"post_tag","embeddable":true,"href":"https:\/\/www.agriculture-machine.com\/pt\/wp-json\/wp\/v2\/tags?post=7987"},{"taxonomy":"product-type","embeddable":true,"href":"https:\/\/www.agriculture-machine.com\/pt\/wp-json\/wp\/v2\/product-type?post=7987"}],"curies":[{"name":"wp","href":"https:\/\/api.w.org\/{rel}","templated":true}]}}