{"id":8094,"date":"2020-11-18T11:39:51","date_gmt":"2020-11-18T03:39:51","guid":{"rendered":"https:\/\/www.agriculture-machine.com\/?p=8094"},"modified":"2025-06-13T17:45:43","modified_gmt":"2025-06-13T09:45:43","slug":"combined-chaff-cutter-and-grinder-straw-cutter-and-grain-grinder","status":"publish","type":"product","link":"https:\/\/www.agriculture-machine.com\/pt\/combined-chaff-cutter-and-grinder-straw-cutter-and-grain-grinder\/","title":{"rendered":"Cortador de palha e moedor de gr\u00e3os | Cortador de palha combinado e triturador"},"content":{"rendered":"<p>O cortador de palha e o moedor de gr\u00e3os de silagem \u00e9 um equipamento de processamento de ra\u00e7\u00e3o multifuncional que integra corte, amassamento e tritura\u00e7\u00e3o. Pode lidar n\u00e3o s\u00f3 com todos os tipos de silagem e palha, mas tamb\u00e9m pulverizar v\u00e1rios tipos de culturas de gr\u00e3os e forragens grosseiras e finas.<\/p>    <p>Seja material seco ou \u00famido, bloqueado, em tiras ou granular, desde corte de relva (ajust\u00e1vel de 3-50mm) at\u00e9 tritura\u00e7\u00e3o fina de gr\u00e3os (controle de tela de part\u00edculas de 0,1-5mm), esta m\u00e1quina pode lidar com efici\u00eancia.<\/p>    <p>A m\u00e1quina \u00e9 amplamente utilizada em fazendas de pequeno e m\u00e9dio porte, f\u00e1bricas de processamento de ra\u00e7\u00e3o e agricultura familiar. Ao mesmo tempo, tamb\u00e9m \u00e9 aplicada na ind\u00fastria aliment\u00edcia, farmac\u00eautica, qu\u00edmica e outras, na tritura\u00e7\u00e3o de mat\u00e9rias-primas, processamento de polpa, sendo uma verdadeira ajudante de processamento de ra\u00e7\u00e3o econ\u00f4mica e eficiente.<\/p>    <figure class=\"wp-block-embed is-type-video is-provider-youtube wp-block-embed-youtube wp-embed-aspect-16-9 wp-has-aspect-ratio\"><div class=\"wp-block-embed__wrapper\"> <iframe loading=\"lazy\" title=\"Como funciona o cortador de palha e o moedor de gr\u00e3os? Cortador de palha e moedor combinados\" width=\"500\" height=\"281\" src=\"https:\/\/www.youtube.com\/embed\/fRnZ0Yh8jaE?feature=oembed\" frameborder=\"0\" allow=\"accelerometer; autoplay; clipboard-write; encrypted-media; gyroscope; picture-in-picture; web-share\" referrerpolicy=\"strict-origin-when-cross-origin\" allowfullscreen><\/iframe> <\/div><figcaption class=\"wp-element-caption\">v\u00eddeo de funcionamento da m\u00e1quina de silagem<\/figcaption><\/figure>    <h2 class=\"wp-block-heading\" id=\"h-the-application-of-chaff-cutter-and-grinder-combined-machine\">Aplica\u00e7\u00e3o da m\u00e1quina de cortador de palha e moedor combinados<\/h2>    <h3 class=\"wp-block-heading\">Tipos de mat\u00e9ria-prima aplic\u00e1veis<\/h3>    <ul class=\"wp-block-list\"> <li>Silagem: relva de alfafa, sorgo doce, relva de pasto, palha branca, palha de arroz, palha de trigo, talos de milho, etc.<\/li>    <li>Culturas de gr\u00e3os: milho, soja, batata-doce, batatas, etc. (incluindo mat\u00e9rias-primas embebidas)<\/li>    <li>R\u00facula e subprodutos: cascas de amendoim, cabe\u00e7as de cana-de-a\u00e7\u00facar, talos de laranja, talos de algod\u00e3o, espigas de milho, materiais de cultivo de cogumelos, etc.<\/li>    <li>Outros materiais: medicina herbal chinesa, algumas mat\u00e9rias-primas qu\u00edmicas, etc.<\/li> <\/ul>    <h3 class=\"wp-block-heading\">Ind\u00fastrias e cen\u00e1rios aplic\u00e1veis<\/h3>    <ul class=\"wp-block-list\"> <li>Todos os tipos de fazendas de gado e aves: gado, ovelhas, cavalos, porcos, coelhos, galinhas, patos, gansos, etc.<\/li>    <li>F\u00e1bricas de processamento de ra\u00e7\u00e3o, f\u00e1bricas de alimentos, f\u00e1bricas farmac\u00eauticas, qu\u00edmicas, etc.<\/li>    <li>Adequado para pequenos e m\u00e9dios agricultores e fazendas familiares para processamento di\u00e1rio de ra\u00e7\u00e3o.<\/li> <\/ul>    <figure class=\"wp-block-image aligncenter size-full wp-image-8095\"><img loading=\"lazy\" decoding=\"async\" width=\"720\" height=\"540\" src=\"https:\/\/www.agriculture-machine.com\/wp-content\/uploads\/2020\/11\/The-Applicable-breeding-range-of-Chaff-cutter-and-grinder-.jpg\" alt=\"A faixa de cria\u00e7\u00e3o aplic\u00e1vel do cortador de palha e moedor\" class=\"wp-image-8095\" srcset=\"https:\/\/www.agriculture-machine.com\/wp-content\/uploads\/2020\/11\/The-Applicable-breeding-range-of-Chaff-cutter-and-grinder-.jpg 720w, https:\/\/www.agriculture-machine.com\/wp-content\/uploads\/2020\/11\/The-Applicable-breeding-range-of-Chaff-cutter-and-grinder--360x270.jpg 360w, https:\/\/www.agriculture-machine.com\/wp-content\/uploads\/2020\/11\/The-Applicable-breeding-range-of-Chaff-cutter-and-grinder--240x180.jpg 240w\" sizes=\"auto, (max-width: 720px) 100vw, 720px\" \/><figcaption class=\"wp-element-caption\">A faixa de cria\u00e7\u00e3o aplic\u00e1vel do cortador de palha e moedor<\/figcaption><\/figure>    <h2 class=\"wp-block-heading\" id=\"h-the-structure-of-the-combined-chaff-cutter-and-grinder\">Estrutura do <a href=\"https:\/\/www.agriculture-machine.com\/pt\/chaff-cutter-and-grain-crusher\/\">c<strong>Cortador de palha e moedor combinados<\/strong><\/a><\/h2>    <ol class=\"wp-block-list\"> <li>As m\u00e1quinas est\u00e3o equipadas com rod\u00edzios m\u00f3veis, que podem ser movidos arbitrariamente, portanto o local de trabalho n\u00e3o \u00e9 fixo.<\/li>    <li>Esta s\u00e9rie de m\u00e1quinas \u00e9 composta pela concha superior, concha inferior, porta de descarga, funil de alimenta\u00e7\u00e3o, estrutura de a\u00e7o em \u00e2ngulo, moinho de martelos, cortador, etc.<\/li>    <li>Ao triturar gr\u00e3os, a espessura do material triturado \u00e9 controlada pelo tamanho dos orif\u00edcios da peneira, podendo-se trocar diferentes telas.<\/li>    <li>Ao cortar apenas a relva, a tela pode ser retirada.<\/li> <\/ol>    <p class=\"translation-block\">Agora, apresentaremos tr\u00eas diferentes cortadores de palha e <a href=\"https:\/\/www.agriculture-machine.com\/pt\/electric-grain-hammer-mill-grain-mill-grinder-grain-grinding\/\">moinhos de gr\u00e3os<\/a> na s\u00e9rie.<\/p>    <h2 class=\"wp-block-heading\" id=\"h-type-one-9zf-500b\">Tipo Um: 9ZF-500B<\/h2>    <figure class=\"wp-block-image aligncenter size-full wp-image-8096\"><img loading=\"lazy\" decoding=\"async\" width=\"720\" height=\"540\" src=\"https:\/\/www.agriculture-machine.com\/wp-content\/uploads\/2020\/11\/Combine-Chaff-Cutter-and-Grinder-Machine.jpg\" alt=\"M\u00e1quina combinada de cortador de palha e moedor\" class=\"wp-image-8096\" srcset=\"https:\/\/www.agriculture-machine.com\/wp-content\/uploads\/2020\/11\/Combine-Chaff-Cutter-and-Grinder-Machine.jpg 720w, https:\/\/www.agriculture-machine.com\/wp-content\/uploads\/2020\/11\/Combine-Chaff-Cutter-and-Grinder-Machine-360x270.jpg 360w, https:\/\/www.agriculture-machine.com\/wp-content\/uploads\/2020\/11\/Combine-Chaff-Cutter-and-Grinder-Machine-240x180.jpg 240w\" sizes=\"auto, (max-width: 720px) 100vw, 720px\" \/><figcaption class=\"wp-element-caption\">M\u00e1quina combinada de cortador de palha e moedor<\/figcaption><\/figure>    <h3 class=\"wp-block-heading\" id=\"h-the-details-of-9zf-500b-chaff-cutter-and-grain-crushing-machine\">Detalhes da m\u00e1quina cortadora de palha e moedor 9ZF-500B<\/h3>    <p>A m\u00e1quina \u00e9 composta principalmente por entrada de gr\u00e3os, entrada de palha, motor de n\u00facleo de cobre, tubo alto, tubo m\u00e9dio, tubo baixo e rod\u00edzios m\u00f3veis. Ao usar uma das entradas, bloqueie a outra para evitar respingos de material. <\/p>    <p>Dentre eles, o material do tubo alto \u00e9 seco, o do tubo m\u00e9dio \u00e9 \u00famido, e o do tubo baixo \u00e9 gr\u00e3os triturados. Ao usar uma das sa\u00eddas, as outras duas podem ser bloqueadas.<\/p>    <figure class=\"wp-block-image aligncenter size-full wp-image-8097\"><img loading=\"lazy\" decoding=\"async\" width=\"720\" height=\"540\" src=\"https:\/\/www.agriculture-machine.com\/wp-content\/uploads\/2020\/11\/the-structure-of-aombine-chaff-cutter-and-grinder-.jpg\" alt=\"a estrutura do cortador de palha e moedor combinados\" class=\"wp-image-8097\" srcset=\"https:\/\/www.agriculture-machine.com\/wp-content\/uploads\/2020\/11\/the-structure-of-aombine-chaff-cutter-and-grinder-.jpg 720w, https:\/\/www.agriculture-machine.com\/wp-content\/uploads\/2020\/11\/the-structure-of-aombine-chaff-cutter-and-grinder--360x270.jpg 360w, https:\/\/www.agriculture-machine.com\/wp-content\/uploads\/2020\/11\/the-structure-of-aombine-chaff-cutter-and-grinder--240x180.jpg 240w\" sizes=\"auto, (max-width: 720px) 100vw, 720px\" \/><figcaption class=\"wp-element-caption\">a estrutura de um cortador de palha e moedor combinados<\/figcaption><\/figure>    <h3 class=\"wp-block-heading\" id=\"h-internal-blade-structure\">Estrutura interna da l\u00e2mina<\/h3>    <p>L\u00e2mina de a\u00e7o mangan\u00eas espesso, forte e dur\u00e1vel.<\/p>    <figure class=\"wp-block-image aligncenter size-full wp-image-8098\"><img loading=\"lazy\" decoding=\"async\" width=\"720\" height=\"540\" src=\"https:\/\/www.agriculture-machine.com\/wp-content\/uploads\/2020\/11\/the-blade-of-chaff-cutter-and-grain-crusher-.jpg\" alt=\"a l\u00e2mina do cortador de palha e do triturador de gr\u00e3os\" class=\"wp-image-8098\" srcset=\"https:\/\/www.agriculture-machine.com\/wp-content\/uploads\/2020\/11\/the-blade-of-chaff-cutter-and-grain-crusher-.jpg 720w, https:\/\/www.agriculture-machine.com\/wp-content\/uploads\/2020\/11\/the-blade-of-chaff-cutter-and-grain-crusher--360x270.jpg 360w, https:\/\/www.agriculture-machine.com\/wp-content\/uploads\/2020\/11\/the-blade-of-chaff-cutter-and-grain-crusher--240x180.jpg 240w\" sizes=\"auto, (max-width: 720px) 100vw, 720px\" \/><figcaption class=\"wp-element-caption\">a l\u00e2mina do cortador de palha e do moedor de gr\u00e3os<\/figcaption><\/figure>    <h3 class=\"wp-block-heading\">Par\u00e2metros da m\u00e1quina combinada de cortador de palha e moedor 9ZF-500B<\/h3>    <figure class=\"wp-block-table is-style-stripes\"><table><tbody><tr><td>Cortador de palha e moedor de gr\u00e3os 9ZF-500B<\/td><\/tr><tr><td>Tela de correspond\u00eancia: 4 (2\/3\/10\/30)<\/td><td>Pot\u00eancia: 3KW<\/td><\/tr><tr><td>Velocidade do motor: 2800 rpm<\/td><td>Peso da m\u00e1quina: 68KG<\/td><\/tr><tr><td>Tens\u00e3o nominal: 220V<\/td><td>Capacidade da m\u00e1quina: 1200KG\/H<\/td><\/tr><tr><td>Tamanho: 1220*1070*1190mm<\/td><\/tr><\/tbody><\/table><figcaption class=\"wp-element-caption\">informa\u00e7\u00e3o detalhada do cortador de palha e moedor de gr\u00e3os<\/figcaption><\/figure>    <h2 class=\"wp-block-heading\" id=\"h-type-two-9zf-1800\">Tipo Dois: 9ZF-1800<\/h2>    <figure class=\"wp-block-image aligncenter size-full wp-image-8099\"><img loading=\"lazy\" decoding=\"async\" width=\"720\" height=\"540\" src=\"https:\/\/www.agriculture-machine.com\/wp-content\/uploads\/2020\/11\/Straw-cutter-machine-and-grain-crusher.jpg\" alt=\"M\u00e1quina de corte de palha e triturador de gr\u00e3os\" class=\"wp-image-8099\" srcset=\"https:\/\/www.agriculture-machine.com\/wp-content\/uploads\/2020\/11\/Straw-cutter-machine-and-grain-crusher.jpg 720w, https:\/\/www.agriculture-machine.com\/wp-content\/uploads\/2020\/11\/Straw-cutter-machine-and-grain-crusher-360x270.jpg 360w, https:\/\/www.agriculture-machine.com\/wp-content\/uploads\/2020\/11\/Straw-cutter-machine-and-grain-crusher-240x180.jpg 240w\" sizes=\"auto, (max-width: 720px) 100vw, 720px\" \/><figcaption class=\"wp-element-caption\">M\u00e1quina de corte de palha e triturador de gr\u00e3os<\/figcaption><\/figure>    <h3 class=\"wp-block-heading\" id=\"h-the-details-of-9zf-1800-straw-cutter-machine-and-grain-crusher\">Detalhes do cortador de palha e moedor de gr\u00e3os 9ZF-1800<\/h3>    <figure class=\"wp-block-image aligncenter size-full wp-image-8100\"><img loading=\"lazy\" decoding=\"async\" width=\"720\" height=\"540\" src=\"https:\/\/www.agriculture-machine.com\/wp-content\/uploads\/2020\/11\/Straw-cutter-machine-and-grain-crusher-1.jpg\" alt=\"M\u00e1quina de corte de palha e triturador de gr\u00e3os\" class=\"wp-image-8100\" srcset=\"https:\/\/www.agriculture-machine.com\/wp-content\/uploads\/2020\/11\/Straw-cutter-machine-and-grain-crusher-1.jpg 720w, https:\/\/www.agriculture-machine.com\/wp-content\/uploads\/2020\/11\/Straw-cutter-machine-and-grain-crusher-1-360x270.jpg 360w, https:\/\/www.agriculture-machine.com\/wp-content\/uploads\/2020\/11\/Straw-cutter-machine-and-grain-crusher-1-240x180.jpg 240w\" sizes=\"auto, (max-width: 720px) 100vw, 720px\" \/><figcaption class=\"wp-element-caption\">M\u00e1quina de corte de palha e triturador de gr\u00e3os<\/figcaption><\/figure>    <p>Esta m\u00e1quina de cortador de palha e moedor de gr\u00e3os possui entrada de gr\u00e3os, entrada de palha alargada, motor de n\u00facleo de cobre, tubo alto, caixa de tritura\u00e7\u00e3o e tubo baixo. <\/p>    <p>Ao usar uma das entradas, bloqueie a outra para evitar respingos de material. Entre elas, o material que sai do tubo alto \u00e9 seco, e o que sai do tubo baixo \u00e9 gr\u00e3os triturados ou materiais \u00famidos.<\/p>    <h3 class=\"wp-block-heading\" id=\"h-internal-blade-structure-of-9zf-1800-straw-cutter-machine-and-grain-crusher\">Estrutura interna da l\u00e2mina do cortador de palha 9ZF-1800 e triturador de gr\u00e3os<\/h3>    <p>L\u00e2mina de a\u00e7o mangan\u00eas espesso, forte e dur\u00e1vel<\/p>    <figure class=\"wp-block-image aligncenter size-full wp-image-8101\"><img loading=\"lazy\" decoding=\"async\" width=\"720\" height=\"540\" src=\"https:\/\/www.agriculture-machine.com\/wp-content\/uploads\/2020\/11\/the-balde-of-straw-cutter-machine-and-grain-crusher.jpg\" alt=\"a l\u00e2mina da m\u00e1quina de corte de palha e do triturador de gr\u00e3os\" class=\"wp-image-8101\" srcset=\"https:\/\/www.agriculture-machine.com\/wp-content\/uploads\/2020\/11\/the-balde-of-straw-cutter-machine-and-grain-crusher.jpg 720w, https:\/\/www.agriculture-machine.com\/wp-content\/uploads\/2020\/11\/the-balde-of-straw-cutter-machine-and-grain-crusher-360x270.jpg 360w, https:\/\/www.agriculture-machine.com\/wp-content\/uploads\/2020\/11\/the-balde-of-straw-cutter-machine-and-grain-crusher-240x180.jpg 240w\" sizes=\"auto, (max-width: 720px) 100vw, 720px\" \/><figcaption class=\"wp-element-caption\">a l\u00e2mina do cortador de palha e do moedor de gr\u00e3os<\/figcaption><\/figure>    <h3 class=\"wp-block-heading\" id=\"h-machine-parameters-of-9zf-1800-straw-cutter-machine-and-grain-crusher\">Par\u00e2metros do cortador de palha e moedor 9ZF-1800<\/h3>    <figure class=\"wp-block-table is-style-stripes\"><table><tbody><tr><td>Cortador de palha e moedor 9ZF-1800<\/td><\/tr><tr><td>Modelo da m\u00e1quina: 9ZF-1800<\/td><td>Pot\u00eancia: 3KW<\/td><\/tr><tr><td>Velocidade do motor: 2800 rpm<\/td><td>Peso da m\u00e1quina: 75KG<\/td><\/tr><tr><td>Tens\u00e3o nominal: 220V<\/td><td>Capacidade da m\u00e1quina: 1800KG\/H<\/td><\/tr><tr><td>Escopo de aplica\u00e7\u00e3o: vacas, ovelhas, porcos, galinhas, patos, coelhos e outros animais de cria\u00e7\u00e3o<\/td><\/tr><\/tbody><\/table><figcaption class=\"wp-element-caption\">Par\u00e2metros da m\u00e1quina de corte de silagem<\/figcaption><\/figure>    <h2 class=\"wp-block-heading\" id=\"h-type-three-9zf-1200\">Tipo Tr\u00eas: 9ZF-1200<\/h2>    <figure class=\"wp-block-image aligncenter size-full wp-image-8102\"><img loading=\"lazy\" decoding=\"async\" width=\"720\" height=\"540\" src=\"https:\/\/www.agriculture-machine.com\/wp-content\/uploads\/2020\/11\/Chaff-cutter-and-Grain-Grinder.jpg\" alt=\"Cortador de palha e moedor de gr\u00e3os\" class=\"wp-image-8102\" srcset=\"https:\/\/www.agriculture-machine.com\/wp-content\/uploads\/2020\/11\/Chaff-cutter-and-Grain-Grinder.jpg 720w, https:\/\/www.agriculture-machine.com\/wp-content\/uploads\/2020\/11\/Chaff-cutter-and-Grain-Grinder-360x270.jpg 360w, https:\/\/www.agriculture-machine.com\/wp-content\/uploads\/2020\/11\/Chaff-cutter-and-Grain-Grinder-240x180.jpg 240w\" sizes=\"auto, (max-width: 720px) 100vw, 720px\" \/><figcaption class=\"wp-element-caption\">Cortador de palha e moedor de gr\u00e3os<\/figcaption><\/figure>    <h3 class=\"wp-block-heading\" id=\"h-the-detailed-structure-of-9zf-1200-chaff-cutter-and-grain-grinder\">Estrutura detalhada do cortador de palha e moedor 9ZF-1200<\/h3>    <figure class=\"wp-block-image aligncenter size-full wp-image-8103\"><img loading=\"lazy\" decoding=\"async\" width=\"720\" height=\"540\" src=\"https:\/\/www.agriculture-machine.com\/wp-content\/uploads\/2020\/11\/The-Structure-Chaff-cutter-and-Grain-Grinder.jpg\" alt=\"A estrutura do cortador de palha e do moedor de gr\u00e3os\" class=\"wp-image-8103\" srcset=\"https:\/\/www.agriculture-machine.com\/wp-content\/uploads\/2020\/11\/The-Structure-Chaff-cutter-and-Grain-Grinder.jpg 720w, https:\/\/www.agriculture-machine.com\/wp-content\/uploads\/2020\/11\/The-Structure-Chaff-cutter-and-Grain-Grinder-360x270.jpg 360w, https:\/\/www.agriculture-machine.com\/wp-content\/uploads\/2020\/11\/The-Structure-Chaff-cutter-and-Grain-Grinder-240x180.jpg 240w\" sizes=\"auto, (max-width: 720px) 100vw, 720px\" \/><figcaption class=\"wp-element-caption\">A estrutura do cortador de palha e do moedor de gr\u00e3os<\/figcaption><\/figure>    <p>Esta m\u00e1quina possui entrada de gr\u00e3os, entrada de palha, motor de n\u00facleo de cobre, tubo alto, tampa de prote\u00e7\u00e3o, sa\u00edda e rod\u00edzios m\u00f3veis.<\/p>    <h3 class=\"wp-block-heading\" id=\"h-internal-blade-structure-of-9zf-1200-chaff-cutter-and-grain-grinder\">Estrutura interna da l\u00e2mina do cortador de palha e do moedor 9ZF-1200<\/h3>    <figure class=\"wp-block-image aligncenter size-full wp-image-8104\"><img loading=\"lazy\" decoding=\"async\" width=\"720\" height=\"540\" src=\"https:\/\/www.agriculture-machine.com\/wp-content\/uploads\/2020\/11\/The-blade-of-Chaff-cutter-and-Grain-Grinder.jpg\" alt=\"A l\u00e2mina do cortador de palha e do moedor de gr\u00e3os\" class=\"wp-image-8104\" srcset=\"https:\/\/www.agriculture-machine.com\/wp-content\/uploads\/2020\/11\/The-blade-of-Chaff-cutter-and-Grain-Grinder.jpg 720w, https:\/\/www.agriculture-machine.com\/wp-content\/uploads\/2020\/11\/The-blade-of-Chaff-cutter-and-Grain-Grinder-360x270.jpg 360w, https:\/\/www.agriculture-machine.com\/wp-content\/uploads\/2020\/11\/The-blade-of-Chaff-cutter-and-Grain-Grinder-240x180.jpg 240w\" sizes=\"auto, (max-width: 720px) 100vw, 720px\" \/><figcaption class=\"wp-element-caption\">A l\u00e2mina do cortador de palha e do moedor de gr\u00e3os<\/figcaption><\/figure>    <h3 class=\"wp-block-heading\" id=\"h-machine-parameters-of-9zf-1200-chaff-cutter-and-grain-grinder\">Par\u00e2metros t\u00e9cnicos do cortador de palha e moedor 9ZF-1200<\/h3>    <figure class=\"wp-block-table is-style-stripes\"><table><tbody><tr><td>Cortador de palha e moedor de gr\u00e3os 9ZR-1200<\/td><\/tr><tr><td>Pot\u00eancia: 3KW<\/td><td>Velocidade do motor: 2800 rpm<\/td><\/tr><tr><td>Peso da m\u00e1quina: 55KG<\/td><td>Tamanho: 920*930*1250mm<\/td><\/tr><tr><td>Capacidade da m\u00e1quina: 1200KG\/H<\/td><td>Efici\u00eancia de tritura\u00e7\u00e3o: 300-500KG\/H<\/td><\/tr><tr><td>N\u00famero de l\u00e2minas: 3<\/td><td>Faca de facas de fac\u00e3o: 24<\/td><\/tr><tr><td>Faca de fric\u00e7\u00e3o triangular: 18<\/td><td>N\u00famero de telas: 4<\/td><\/tr><tr><td>M\u00e9todo de alimenta\u00e7\u00e3o: alimenta\u00e7\u00e3o manual<\/td><td>Efeito de descarga: macio sedoso\/p\u00f3<\/td><\/tr><\/tbody><\/table><figcaption class=\"wp-element-caption\">Dados t\u00e9cnicos do cortador de palha<\/figcaption><\/figure>    <h2 class=\"wp-block-heading\" id=\"h-the-chaff-cutter-and-grinder-price\">Contate-nos a qualquer momento<\/h2>    <p class=\"translation-block\">Resumindo, apresentamos tr\u00eas diferentes <a href=\"https:\/\/en.wikipedia.org\/wiki\/Silage\" target=\"_blank\" rel=\"noopener\">silagem<\/a> cortadores de palha e moinhos de gr\u00e3os na s\u00e9rie, com diferentes capacidades, estruturas e pre\u00e7os. Podemos configurar a m\u00e1quina mais adequada para suas mat\u00e9rias-primas e escala industrial.<\/p>    <p>Utilizando processos de produ\u00e7\u00e3o eficientes e aloca\u00e7\u00e3o otimizada de materiais, podemos garantir alta qualidade mantendo os custos dentro de limites razo\u00e1veis. Para mais informa\u00e7\u00f5es, preencha suas necessidades espec\u00edficas atrav\u00e9s do formul\u00e1rio \u00e0 direita, e n\u00e3o hesite em nos contactar.<\/p>","protected":false},"excerpt":{"rendered":"<p>O cortador de palha e o moedor de gr\u00e3os integram corte, amassamento e tritura\u00e7\u00e3o em uma s\u00f3 m\u00e1quina, sendo adequado para processamento de silagem, pasto, palha e culturas de gr\u00e3os. \u00c9 amplamente utilizado na cria\u00e7\u00e3o, alimenta\u00e7\u00e3o, ind\u00fastria aliment\u00edcia, farmac\u00eautica e outras.<\/p>","protected":false},"author":1,"featured_media":8109,"parent":0,"comment_status":"closed","ping_status":"closed","template":"","tags":[780,591,761],"product-type":[911,246,2],"class_list":["post-8094","product","type-product","status-publish","has-post-thumbnail","hentry","tag-grass","tag-silage","tag-straw","product-type-combined-chaff-cutter-and-maize-crusher","product-type-hot-sale","product-type-products"],"_links":{"self":[{"href":"https:\/\/www.agriculture-machine.com\/pt\/wp-json\/wp\/v2\/product\/8094","targetHints":{"allow":["GET"]}}],"collection":[{"href":"https:\/\/www.agriculture-machine.com\/pt\/wp-json\/wp\/v2\/product"}],"about":[{"href":"https:\/\/www.agriculture-machine.com\/pt\/wp-json\/wp\/v2\/types\/product"}],"author":[{"embeddable":true,"href":"https:\/\/www.agriculture-machine.com\/pt\/wp-json\/wp\/v2\/users\/1"}],"replies":[{"embeddable":true,"href":"https:\/\/www.agriculture-machine.com\/pt\/wp-json\/wp\/v2\/comments?post=8094"}],"wp:featuredmedia":[{"embeddable":true,"href":"https:\/\/www.agriculture-machine.com\/pt\/wp-json\/wp\/v2\/media\/8109"}],"wp:attachment":[{"href":"https:\/\/www.agriculture-machine.com\/pt\/wp-json\/wp\/v2\/media?parent=8094"}],"wp:term":[{"taxonomy":"post_tag","embeddable":true,"href":"https:\/\/www.agriculture-machine.com\/pt\/wp-json\/wp\/v2\/tags?post=8094"},{"taxonomy":"product-type","embeddable":true,"href":"https:\/\/www.agriculture-machine.com\/pt\/wp-json\/wp\/v2\/product-type?post=8094"}],"curies":[{"name":"wp","href":"https:\/\/api.w.org\/{rel}","templated":true}]}}