{"id":8326,"date":"2020-12-11T16:16:18","date_gmt":"2020-12-11T08:16:18","guid":{"rendered":"https:\/\/www.agriculture-machine.com\/?p=8326"},"modified":"2025-12-22T17:36:20","modified_gmt":"2025-12-22T09:36:20","slug":"walking-tractor-simplicity-walking-tractor","status":"publish","type":"product","link":"https:\/\/www.agriculture-machine.com\/pt\/walking-tractor-simplicity-walking-tractor\/","title":{"rendered":"Trator de esteira pequeno e simples"},"content":{"rendered":"<p>O pequeno trator de passeio agr\u00edcola, leve e flex\u00edvel, mas com pot\u00eancia de surto, pode facilmente realizar uma variedade de opera\u00e7\u00f5es agr\u00edcolas, como arar, semear, colher, transportar e assim por diante, com apenas uma pessoa ao controle.<\/p>    <p>Whether it&#8217;s a plain or a mountainous area, it can realize the whole process of operation with more than a hundred kinds of accessories such as quick-changeable plows, seeders, harvesters, fertilizer spreaders and so on.<\/p>    <p>O design simples de manuseio e manuten\u00e7\u00e3o f\u00e1cil permite que o operador compreenda intuitivamente a entrada\/sa\u00edda, embraiagem e ajuste de velocidade. A motoriza\u00e7\u00e3o diesel compacta garante torque forte, ao mesmo tempo que mant\u00e9m baixo consumo de combust\u00edvel e f\u00e1cil manuten\u00e7\u00e3o.<\/p>    <figure class=\"wp-block-embed aligncenter is-type-video is-provider-youtube wp-block-embed-youtube wp-embed-aspect-16-9 wp-has-aspect-ratio\"><div class=\"wp-block-embed__wrapper\"> <iframe loading=\"lazy\" title=\"O que voc\u00ea pode fazer com um trator de passeio?#tratordepasseio, #m\u00e1quina de ara\u00e7\u00e3o, #tratoresdeduas rodas\" width=\"500\" height=\"281\" src=\"https:\/\/www.youtube.com\/embed\/fxYFIychRc4?feature=oembed\" frameborder=\"0\" allow=\"accelerometer; autoplay; clipboard-write; encrypted-media; gyroscope; picture-in-picture; web-share\" referrerpolicy=\"strict-origin-when-cross-origin\" allowfullscreen><\/iframe> <\/div><figcaption class=\"wp-element-caption\">v\u00eddeo de trabalho do trator de passeio agr\u00edcola<\/figcaption><\/figure>    <h2 class=\"wp-block-heading\">Trator de passeio com acess\u00f3rios<\/h2>    <p>O trator de passeio pode ser combinado com uma variedade de acess\u00f3rios, incluindo um arado de disco duplo, um arado simples, um arado duplo, roda de lama, rotavator, plantador de trigo, plantador de milho, reboque, cristas e bombas de \u00e1gua, entre outros. <\/p>    <p>Tudo o que precisa fazer \u00e9 trocar as ferramentas agr\u00edcolas para enfrentar diferentes tarefas agr\u00edcolas!<\/p>    <figure class=\"wp-block-gallery has-nested-images columns-3 is-cropped wp-block-gallery-2 is-layout-flex wp-block-gallery-is-layout-flex\"> <figure class=\"wp-block-image size-large\"><img loading=\"lazy\" decoding=\"async\" width=\"720\" height=\"541\" data-id=\"12859\" src=\"https:\/\/www.agriculture-machine.com\/wp-content\/uploads\/2020\/12\/small-tractor-1-.jpg\" alt=\"Trator pequeno\" class=\"wp-image-12859\" srcset=\"https:\/\/www.agriculture-machine.com\/wp-content\/uploads\/2020\/12\/small-tractor-1-.jpg 720w, https:\/\/www.agriculture-machine.com\/wp-content\/uploads\/2020\/12\/small-tractor-1--360x270.jpg 360w, https:\/\/www.agriculture-machine.com\/wp-content\/uploads\/2020\/12\/small-tractor-1--240x180.jpg 240w\" sizes=\"auto, (max-width: 720px) 100vw, 720px\" \/><figcaption class=\"wp-element-caption\">Trator pequeno <\/figcaption><\/figure>    <figure class=\"wp-block-image size-large\"><img loading=\"lazy\" decoding=\"async\" width=\"720\" height=\"540\" data-id=\"12860\" src=\"https:\/\/www.agriculture-machine.com\/wp-content\/uploads\/2020\/12\/farm-walking-tractor1.jpg\" alt=\"Acess\u00f3rios para tratores de passeio\" class=\"wp-image-12860\" srcset=\"https:\/\/www.agriculture-machine.com\/wp-content\/uploads\/2020\/12\/farm-walking-tractor1.jpg 720w, https:\/\/www.agriculture-machine.com\/wp-content\/uploads\/2020\/12\/farm-walking-tractor1-360x270.jpg 360w, https:\/\/www.agriculture-machine.com\/wp-content\/uploads\/2020\/12\/farm-walking-tractor1-240x180.jpg 240w\" sizes=\"auto, (max-width: 720px) 100vw, 720px\" \/><figcaption class=\"wp-element-caption\">Acess\u00f3rios para tratores de passeio<\/figcaption><\/figure> <\/figure>    <h2 class=\"wp-block-heading\">Diferentes usos do trator de passeio&nbsp;<\/h2>    <h3 class=\"wp-block-heading\">Arar<\/h3>    <p>O trator de passeio com arado \u2014 tamb\u00e9m conhecido como arado de trator de passeio. Esta m\u00e1quina \u00e9 super eficiente, f\u00e1cil de usar e \u00f3tima para soltar o solo.<\/p>    <figure class=\"wp-block-embed aligncenter is-type-video is-provider-youtube wp-block-embed-youtube wp-embed-aspect-4-3 wp-has-aspect-ratio\"><div class=\"wp-block-embed__wrapper\"> <iframe loading=\"lazy\" title=\"Trator de passeio\/trator de passeio com escava\u00e7\u00e3o\/escavadora de campo com trator de passeio\" width=\"500\" height=\"375\" src=\"https:\/\/www.youtube.com\/embed\/JB7ozo20LVk?feature=oembed\" frameborder=\"0\" allow=\"accelerometer; autoplay; clipboard-write; encrypted-media; gyroscope; picture-in-picture; web-share\" referrerpolicy=\"strict-origin-when-cross-origin\" allowfullscreen><\/iframe> <\/div><figcaption class=\"wp-element-caption\">trator trabalha com arado<\/figcaption><\/figure>    <h3 class=\"wp-block-heading\">Escava\u00e7\u00e3o de valas<\/h3>    <p>Procurando uma solu\u00e7\u00e3o agr\u00edcola? Confira o trator de passeio com acess\u00f3rio de escava\u00e7\u00e3o de valas! Este combo poderoso pode enfrentar praticamente qualquer necessidade de escava\u00e7\u00e3o de valas na sua fazenda.<\/p>    <figure class=\"wp-block-embed aligncenter is-type-video is-provider-youtube wp-block-embed-youtube wp-embed-aspect-16-9 wp-has-aspect-ratio\"><div class=\"wp-block-embed__wrapper\"> <iframe loading=\"lazy\" title=\"Trator de passeio com escava\u00e7\u00e3o de valas\/trator de passeio\" width=\"500\" height=\"281\" src=\"https:\/\/www.youtube.com\/embed\/tmkBMoxVov0?feature=oembed\" frameborder=\"0\" allow=\"accelerometer; autoplay; clipboard-write; encrypted-media; gyroscope; picture-in-picture; web-share\" referrerpolicy=\"strict-origin-when-cross-origin\" allowfullscreen><\/iframe> <\/div><figcaption class=\"wp-element-caption\">Trator de passeio com escava\u00e7\u00e3o de valas<\/figcaption><\/figure>    <h3 class=\"wp-block-heading\">Cria\u00e7\u00e3o de cristas<\/h3>    <p>Um pequeno trator de passeio projetado para criar cristas \u2014 especificamente, um trator de passeio com criador de cristas. <\/p>    <p>Este tipo de equipamento \u00e9 perfeito para o plantio de culturas como batatas-doces, tomates, morangos, batatas, amendoins, rabanetes e mais.<\/p>    <figure class=\"wp-block-embed aligncenter is-type-video is-provider-youtube wp-block-embed-youtube wp-embed-aspect-16-9 wp-has-aspect-ratio\"><div class=\"wp-block-embed__wrapper\"> <iframe loading=\"lazy\" title=\"Trator de passeio\/trator de passeio com cristas\/m\u00e1quina de cristas\" width=\"500\" height=\"281\" src=\"https:\/\/www.youtube.com\/embed\/QUPr2rJ2jhw?feature=oembed\" frameborder=\"0\" allow=\"accelerometer; autoplay; clipboard-write; encrypted-media; gyroscope; picture-in-picture; web-share\" referrerpolicy=\"strict-origin-when-cross-origin\" allowfullscreen><\/iframe> <\/div><figcaption class=\"wp-element-caption\">Trator de passeio agr\u00edcola com m\u00e1quina de cristas<\/figcaption><\/figure>    <h3 class=\"wp-block-heading\">Cultivo rotativo<\/h3>    <p>Procurando uma ferramenta poderosa para as suas necessidades agr\u00edcolas? Confira o trator de passeio com motor a diesel combinado com um rotavator! <\/p>    <p>This tiller, designed to work with a 15 Hp walking tractor, lets you dig anywhere from 6 to 10 inches deep. It&#8217;s similar to a rototiller, and its main job is to churn the soil, helping to aerate and break it up for better planting.<\/p>    <figure class=\"wp-block-embed aligncenter is-type-video is-provider-youtube wp-block-embed-youtube wp-embed-aspect-4-3 wp-has-aspect-ratio\"><div class=\"wp-block-embed__wrapper\"> <iframe loading=\"lazy\" title=\"Trator de passeio\/trator de passeio com rota\u00e7\u00e3o de cultivo.\" width=\"500\" height=\"375\" src=\"https:\/\/www.youtube.com\/embed\/IkBjgBirCS8?feature=oembed\" frameborder=\"0\" allow=\"accelerometer; autoplay; clipboard-write; encrypted-media; gyroscope; picture-in-picture; web-share\" referrerpolicy=\"strict-origin-when-cross-origin\" allowfullscreen><\/iframe> <\/div><figcaption class=\"wp-element-caption\">Trator de passeio com rota\u00e7\u00e3o de cultivo<\/figcaption><\/figure>    <h2 class=\"wp-block-heading\">Trator de passeio com <a href=\"https:\/\/www.agriculture-machine.com\/pt\/corn-planter\/\">Plantador de milho<\/a> e semeadura de trigo<\/h2>    <p>Se voc\u00ea combinar um plantador de milho ou de trigo com seu pequeno trator de passeio, pode plantar suas sementes de gr\u00e3os de forma eficaz diretamente no solo, onde podem prosperar. <\/p>    <p>Essa abordagem aumenta significativamente a taxa de sobreviv\u00eancia das sementes e melhora a qualidade das mudas.<\/p>    <figure class=\"wp-block-gallery has-nested-images columns-default is-cropped wp-block-gallery-3 is-layout-flex wp-block-gallery-is-layout-flex\"> <figure class=\"wp-block-image size-large\"><img loading=\"lazy\" decoding=\"async\" width=\"720\" height=\"540\" data-id=\"12864\" src=\"https:\/\/www.agriculture-machine.com\/wp-content\/uploads\/2020\/12\/manual-walking-tractor-with-corn-planter-2.jpg\" alt=\"trator de passeio manual com plantador de milho\" class=\"wp-image-12864\" srcset=\"https:\/\/www.agriculture-machine.com\/wp-content\/uploads\/2020\/12\/manual-walking-tractor-with-corn-planter-2.jpg 720w, https:\/\/www.agriculture-machine.com\/wp-content\/uploads\/2020\/12\/manual-walking-tractor-with-corn-planter-2-360x270.jpg 360w, https:\/\/www.agriculture-machine.com\/wp-content\/uploads\/2020\/12\/manual-walking-tractor-with-corn-planter-2-240x180.jpg 240w\" sizes=\"auto, (max-width: 720px) 100vw, 720px\" \/><figcaption class=\"wp-element-caption\">trator de passeio manual com plantador de milho <\/figcaption><\/figure>    <figure class=\"wp-block-image size-large\"><img loading=\"lazy\" decoding=\"async\" width=\"720\" height=\"540\" data-id=\"12863\" src=\"https:\/\/www.agriculture-machine.com\/wp-content\/uploads\/2020\/12\/walking-tractor-with-wheat-seeder-2.jpg\" alt=\"Trator de passeio agr\u00edcola com semeadora de trigo\" class=\"wp-image-12863\" srcset=\"https:\/\/www.agriculture-machine.com\/wp-content\/uploads\/2020\/12\/walking-tractor-with-wheat-seeder-2.jpg 720w, https:\/\/www.agriculture-machine.com\/wp-content\/uploads\/2020\/12\/walking-tractor-with-wheat-seeder-2-360x270.jpg 360w, https:\/\/www.agriculture-machine.com\/wp-content\/uploads\/2020\/12\/walking-tractor-with-wheat-seeder-2-240x180.jpg 240w\" sizes=\"auto, (max-width: 720px) 100vw, 720px\" \/><figcaption class=\"wp-element-caption\">Trator de passeio agr\u00edcola com semeadora de trigo<\/figcaption><\/figure> <\/figure>    <h2 class=\"wp-block-heading\">Trator de passeio com reboque<\/h2>    <p>Quando combina um reboque com um trator de passeio de m\u00e3o, abre um mundo de possibilidades de transporte em todos os terrenos. <\/p>    <p>Al\u00e9m disso, realmente amplia a gama de tarefas que os tratores de passeio podem realizar na sua fazenda diversificada. Por exemplo, podem transportar culturas de forma eficiente de campos, fardos, pomares ou pastagens.<\/p>    <figure class=\"wp-block-image aligncenter size-full\"><img loading=\"lazy\" decoding=\"async\" width=\"720\" height=\"540\" src=\"https:\/\/www.agriculture-machine.com\/wp-content\/uploads\/2020\/12\/walking-tractor-with-trailer1.jpg\" alt=\"Trator de passeio com reboque\" class=\"wp-image-12867\" srcset=\"https:\/\/www.agriculture-machine.com\/wp-content\/uploads\/2020\/12\/walking-tractor-with-trailer1.jpg 720w, https:\/\/www.agriculture-machine.com\/wp-content\/uploads\/2020\/12\/walking-tractor-with-trailer1-360x270.jpg 360w, https:\/\/www.agriculture-machine.com\/wp-content\/uploads\/2020\/12\/walking-tractor-with-trailer1-240x180.jpg 240w\" sizes=\"auto, (max-width: 720px) 100vw, 720px\" \/><figcaption class=\"wp-element-caption\">Trator de passeio com reboque<\/figcaption><\/figure>    <h2 class=\"wp-block-heading\"><a href=\"https:\/\/www.agriculture-machine.com\/pt\/how-much-is-the-price-of-a-farm-walking-tractor\/\">Pre\u00e7o do pequeno trator de trac\u00e7\u00e3o<\/a><\/h2>    <p>Nossos tratores de passeio v\u00eam em v\u00e1rias pot\u00eancias, e podem ser combinados com uma variedade de ferramentas agr\u00edcolas para enfrentar todo tipo de tarefa agr\u00edcola. <\/p>    <p>Whether you&#8217;re plowing, rotary tilling, ridging, or sowing, our machines have got you covered. If you&#8217;re interested in learning more about our walking tractors, feel free to reach out to us!<\/p>    <figure class=\"wp-block-table is-style-stripes\"><table><tbody><tr><td> <p>Modelo<\/p> <\/td><td colspan=\"2\"> <p>&nbsp;Trator de passeio 15HP<\/p> <\/td><\/tr><tr><td> <p>Par\u00e2metro do motor<\/p> <\/td><td> <p>Modelo do motor<\/p> <\/td><td> <p>ZS1100<\/p> <\/td><\/tr><tr><td>&nbsp;<\/td><td><p>Tipo de motor<\/p><\/td><td> <p>Motor horizontal, \u00fanico, refrigerado a \u00e1gua, quatro tempos<\/p> <\/td><\/tr><tr><td>&nbsp;<\/td><td> <p>M\u00e9todo de arranque<\/p> <\/td><td> <p>Partida manual\/partida el\u00e9trica<\/p> <\/td><\/tr><tr><td>&nbsp;<\/td><td><p>Sistema de combust\u00e3o<\/p><\/td><td> <p>inje\u00e7\u00e3o direta<\/p> <\/td><\/tr><tr><td>&nbsp;<\/td><td> <p>Modo de refrigera\u00e7\u00e3o<\/p> <\/td><td> <p>Evaporativo\/condensador<\/p> <\/td><\/tr><tr><td>&nbsp;<\/td><td> <p>Pot\u00eancia<\/p> <\/td><td> <p>1 hora: 12.13kw\/16hp<\/p> <\/td><\/tr><tr><td>&nbsp;<\/td><td>&nbsp;<\/td><td> <p>12 horas: 11.03kw\/15hp<\/p> <\/td><\/tr><tr><td> <p>Dimens\u00f5es (LxAxP)<\/p> <\/td><td colspan=\"2\"> <p>2680\u00d7960\u00d71250mm<\/p> <\/td><\/tr><tr><td><p>Dist\u00e2ncia m\u00ednima ao solo<\/p><\/td><td colspan=\"2\"> <p>185mm<\/p> <\/td><\/tr><tr><td> <p>Dist\u00e2ncia entre eixos<\/p> <\/td><td colspan=\"2\"> <p>580-600mm<\/p> <\/td><\/tr><tr><td> <p>Peso<\/p> <\/td><td colspan=\"2\"> <p>350kg<\/p> <\/td><\/tr><tr><td><p>Modelo de pneu<\/p><\/td><td colspan=\"2\"> <p>6.00-12<\/p> <\/td><\/tr><tr><td><p>Press\u00e3o dos pneus<\/p><\/td><td><p>Trabalho de campo<\/p><\/td><td> <p>80~200(0.8~2.0kgf\/cm<sup>2<\/sup>)<\/p> <\/td><\/tr><tr><td>&nbsp;<\/td><td><p>Trabalho de transporte<\/p><\/td><td> <p>140-200(1.4~2.0kgf\/cm2\u00a0)<\/p> <\/td><\/tr><\/tbody><\/table><figcaption class=\"wp-element-caption\">Par\u00e2metros do trator de passeio agr\u00edcola<\/figcaption><\/figure>    <h2 class=\"wp-block-heading\" id=\"h-maintenance-of-the-two-wheel-walking-tractor\">Manuten\u00e7\u00e3o do trator de duas rodas<\/h2>    <p>If a walk-behind tractor sits idle for an extended period, it can run into some issues. To prevent any problems when you decide to use it again, it&#8217;s important to take some maintenance steps.<\/p>    <ul class=\"wp-block-list\"> <li>Primeiro, pense onde estacion\u00e1-lo. Idealmente, deve ser guardado em um armaz\u00e9m, mas certifique-se de que n\u00e3o esteja ao lado de fertilizantes qu\u00edmicos ou pesticidas para evitar corros\u00e3o nas pe\u00e7as.<\/li>    <li>Se precisar deix\u00e1-lo ao ar livre, escolha um local alto, seco e bem ventilado, e cubra-o com lona pl\u00e1stica para proteg\u00ea-lo de danos mec\u00e2nicos e ferrugem.<\/li>    <li>Use blocos de madeira ou alvenaria para apoiar o trator e aliviar alguma press\u00e3o dos pneus. Se n\u00e3o puder fornecer esse suporte, certifique-se de inflar os pneus entre 10% e 20% e verific\u00e1-los regularmente para mant\u00ea-los devidamente inflados.<\/li>    <li>Make sure to scrub off any dirt and oil from the tractor&#8217;s exterior, and give it a thorough inspection. Adjust and tighten all parts and screws to prevent any loosening or falling off.<\/li>    <li>Quando se trata de fluidos, ap\u00f3s o trator ficar fora de servi\u00e7o, drene a \u00e1gua de refrigera\u00e7\u00e3o, o diesel e o \u00f3leo do motor. Depois, quando estiver pronto para us\u00e1-lo novamente, reabaste\u00e7a com \u00f3leo limpo e \u00e1gua.<\/li>    <li>Despeje uma quantidade adequada de \u00f3leo de motor desidratado na tubula\u00e7\u00e3o de admiss\u00e3o e gire o virabrequim para garantir que o \u00f3leo cubra o pist\u00e3o, a haste do pist\u00e3o, o cilindro e a v\u00e1lvula.<\/li>    <li>Para o injetor, remova-o, limpe-o e coloque-o em diesel limpo. Afrouxe o parafuso de ajuste e tampe o orif\u00edcio do injetor com uma tampinha de madeira.<\/li>    <li>Por \u00faltimo, encha a caixa do eixo com \u00f3leo. Despeje 1kg de \u00f3leo de motor desidratado no c\u00e1rter, e gire o virabrequim algumas vezes para garantir que o sistema de lubrifica\u00e7\u00e3o esteja cheio de \u00f3leo.<\/li> <\/ul>    <p>&nbsp;<\/p>    <p>Se estiver interessado nos nossos tratores agr\u00edcolas de passeio, n\u00e3o hesite em contactar-nos, constru\u00edmos a m\u00e1quina mais adequada para si.<\/p>","protected":false},"excerpt":{"rendered":"<p>O trator agr\u00edcola de passeio geralmente tem duas rodas. Pode ser controlado por uma pessoa. Pode trabalhar com diferentes m\u00e1quinas agr\u00edcolas, como cultivadores, reboques, rotavators, planters, colheitadeiras, etc.<\/p>","protected":false},"author":1,"featured_media":12797,"parent":0,"comment_status":"closed","ping_status":"closed","template":"","tags":[698],"product-type":[878],"class_list":["post-8326","product","type-product","status-publish","has-post-thumbnail","hentry","tag-tractor","product-type-manual-tractor"],"_links":{"self":[{"href":"https:\/\/www.agriculture-machine.com\/pt\/wp-json\/wp\/v2\/product\/8326","targetHints":{"allow":["GET"]}}],"collection":[{"href":"https:\/\/www.agriculture-machine.com\/pt\/wp-json\/wp\/v2\/product"}],"about":[{"href":"https:\/\/www.agriculture-machine.com\/pt\/wp-json\/wp\/v2\/types\/product"}],"author":[{"embeddable":true,"href":"https:\/\/www.agriculture-machine.com\/pt\/wp-json\/wp\/v2\/users\/1"}],"replies":[{"embeddable":true,"href":"https:\/\/www.agriculture-machine.com\/pt\/wp-json\/wp\/v2\/comments?post=8326"}],"wp:featuredmedia":[{"embeddable":true,"href":"https:\/\/www.agriculture-machine.com\/pt\/wp-json\/wp\/v2\/media\/12797"}],"wp:attachment":[{"href":"https:\/\/www.agriculture-machine.com\/pt\/wp-json\/wp\/v2\/media?parent=8326"}],"wp:term":[{"taxonomy":"post_tag","embeddable":true,"href":"https:\/\/www.agriculture-machine.com\/pt\/wp-json\/wp\/v2\/tags?post=8326"},{"taxonomy":"product-type","embeddable":true,"href":"https:\/\/www.agriculture-machine.com\/pt\/wp-json\/wp\/v2\/product-type?post=8326"}],"curies":[{"name":"wp","href":"https:\/\/api.w.org\/{rel}","templated":true}]}}