{"id":90,"date":"2018-07-12T03:02:30","date_gmt":"2018-07-11T19:02:30","guid":{"rendered":"https:\/\/www.agriculture-machine.com\/?p=90"},"modified":"2024-10-24T14:11:29","modified_gmt":"2024-10-24T06:11:29","slug":"maize-peeler-and-thresher","status":"publish","type":"product","link":"https:\/\/www.agriculture-machine.com\/pt\/maize-peeler-and-thresher\/","title":{"rendered":"M\u00e1quina de debulhar milho | Descascador de milho | Descascador e debulhador de milho"},"content":{"rendered":"<div class=\"img\"> <h2>Breve introdu\u00e7\u00e3o \u00e0 descascadora de milho<\/h2> <p class=\"translation-block\"><a href=\"https:\/\/www.agriculture-machine.com\/pt\/maize-sheller\/\">Debulhadora de milho<\/a> refere-se a um dispositivo mec\u00e2nico para debulhar milho. A debulhadora de milho possui caracter\u00edsticas de alta automa\u00e7\u00e3o, forte seguran\u00e7a, opera\u00e7\u00e3o simples e baixo consumo de energia.<\/p> <p class=\"translation-block\">A parte interior do <a href=\"https:\/\/www.agriculture-machine.com\/pt\/corn-thresher-a-good-helper-for-farmers\/\"><strong>descascador de milho<\/strong><\/a> \u00e9 de estrutura vertical, e o milho primeiro \u00e9 descascado e depois debulhado. O martelo cil\u00edndrico \u00e9 uma pe\u00e7a importante para manter o espeto e o gr\u00e3o intactos. Com um design razo\u00e1vel e alta capacidade, este descascador de milho \u00e9 realmente uma ferramenta \u00fatil para agricultores, sendo adequado para uso dom\u00e9stico ou industrial, aumentando significativamente a efici\u00eancia de trabalho.<\/p> <\/div>    <figure class=\"wp-block-image alignnone size-full wp-image-8656\"><img loading=\"lazy\" decoding=\"async\" width=\"720\" height=\"540\" src=\"https:\/\/www.agriculture-machine.com\/wp-content\/uploads\/2018\/07\/Cylindroid-hammer-of-corn-sheller.jpg\" alt=\"Martelo cil\u00edndrico do descascador de milho\" class=\"wp-image-8656\" srcset=\"https:\/\/www.agriculture-machine.com\/wp-content\/uploads\/2018\/07\/Cylindroid-hammer-of-corn-sheller.jpg 720w, https:\/\/www.agriculture-machine.com\/wp-content\/uploads\/2018\/07\/Cylindroid-hammer-of-corn-sheller-360x270.jpg 360w, https:\/\/www.agriculture-machine.com\/wp-content\/uploads\/2018\/07\/Cylindroid-hammer-of-corn-sheller-240x180.jpg 240w\" sizes=\"auto, (max-width: 720px) 100vw, 720px\" \/><figcaption class=\"wp-element-caption\">Martelo cil\u00edndrico do descascador de milho<\/figcaption><\/figure>    <h2 class=\"wp-block-heading\">V\u00eddeo de funcionamento da m\u00e1quina de debulhar milho<\/h2>   <p><iframe loading=\"lazy\" title=\"Debulhadora de milho de alta tecnologia 1,5t\/h \u00e0 venda \/ f\u00e1brica de debulhadoras de milho \/ pre\u00e7o de f\u00e1brica\" width=\"500\" height=\"281\" src=\"https:\/\/www.youtube.com\/embed\/1I_5hDldvw4?feature=oembed\" frameborder=\"0\" allow=\"accelerometer; autoplay; clipboard-write; encrypted-media; gyroscope; picture-in-picture; web-share\" referrerpolicy=\"strict-origin-when-cross-origin\" allowfullscreen><\/iframe><\/p>    <figure class=\"wp-block-image aligncenter\"><img loading=\"lazy\" decoding=\"async\" width=\"500\" height=\"600\" src=\"https:\/\/www.agriculture-machine.com\/wp-content\/uploads\/2018\/07\/corn-shelling-machine-8.jpg\" alt=\"\" class=\"wp-image-2891\" srcset=\"https:\/\/www.agriculture-machine.com\/wp-content\/uploads\/2018\/07\/corn-shelling-machine-8.jpg 500w, https:\/\/www.agriculture-machine.com\/wp-content\/uploads\/2018\/07\/corn-shelling-machine-8-225x270.jpg 225w, https:\/\/www.agriculture-machine.com\/wp-content\/uploads\/2018\/07\/corn-shelling-machine-8-450x540.jpg 450w\" sizes=\"auto, (max-width: 500px) 100vw, 500px\" \/><\/figure>    <h2 class=\"wp-block-heading\">Pot\u00eancia compat\u00edvel da descascadora de milho<\/h2>    <p>To meet customer&#8217;s different requirements, our maize thresher can be driven by a 2.2KW motor, 170F gasoline engine, or 8 HP diesel engine.<\/p>    <figure class=\"wp-block-image aligncenter\"><img loading=\"lazy\" decoding=\"async\" width=\"500\" height=\"600\" src=\"https:\/\/www.agriculture-machine.com\/wp-content\/uploads\/2018\/07\/corn-shelling-machine-9.jpg\" alt=\"\" class=\"wp-image-2892\" srcset=\"https:\/\/www.agriculture-machine.com\/wp-content\/uploads\/2018\/07\/corn-shelling-machine-9.jpg 500w, https:\/\/www.agriculture-machine.com\/wp-content\/uploads\/2018\/07\/corn-shelling-machine-9-225x270.jpg 225w, https:\/\/www.agriculture-machine.com\/wp-content\/uploads\/2018\/07\/corn-shelling-machine-9-450x540.jpg 450w\" sizes=\"auto, (max-width: 500px) 100vw, 500px\" \/><\/figure>    <h2 class=\"wp-block-heading\">Vantagens da debulhadora de milho<\/h2>    <ol class=\"wp-block-list\"> <li>O ventilador de suc\u00e7\u00e3o pode absorver impurezas dos espetos, como seda de milho, casca de milho, poeira, etc.<\/li>    <li>Devido \u00e0s quatro rodas, a m\u00e1quina de debulhar milho \u00e9 f\u00e1cil de instalar e mover durante a opera\u00e7\u00e3o, e o local de trabalho da debulhadora de milho n\u00e3o \u00e9 restrito.<\/li>    <li>A m\u00e1quina de debulhar milho tem duas fun\u00e7\u00f5es, uma \u00e9 remover a casca do milho, e a outra \u00e9 debulhar o milho, o que economiza muito tempo e dinheiro em compara\u00e7\u00e3o com m\u00e1quinas de fun\u00e7\u00e3o \u00fanica.<\/li>    <li>A alta efici\u00eancia \u00e9 a caracter\u00edstica mais destacada, podendo obter de 1 a 1,5t de gr\u00e3os de milho por hora. Porque a fun\u00e7\u00e3o de descasque e a de debulhar podem ser realizadas simultaneamente. O mais importante \u00e9 que a taxa de debulha atinge 97%, o que significa que quase todos os gr\u00e3os permanecem intactos.<\/li>    <li>Baixa taxa de quebras. \u00c9 inferior a 3%.<\/li> <\/ol>    <figure class=\"wp-block-image aligncenter size-full wp-image-9072\"><img loading=\"lazy\" decoding=\"async\" width=\"500\" height=\"600\" src=\"https:\/\/www.agriculture-machine.com\/wp-content\/uploads\/2018\/07\/corn-thresher-machine.jpg\" alt=\"m\u00e1quina de debulhar milho\" class=\"wp-image-9072\" srcset=\"https:\/\/www.agriculture-machine.com\/wp-content\/uploads\/2018\/07\/corn-thresher-machine.jpg 500w, https:\/\/www.agriculture-machine.com\/wp-content\/uploads\/2018\/07\/corn-thresher-machine-225x270.jpg 225w, https:\/\/www.agriculture-machine.com\/wp-content\/uploads\/2018\/07\/corn-thresher-machine-450x540.jpg 450w\" sizes=\"auto, (max-width: 500px) 100vw, 500px\" \/><figcaption class=\"wp-element-caption\">m\u00e1quina de debulhar milho<\/figcaption><\/figure>    <h2 class=\"wp-block-heading\">Par\u00e2metros t\u00e9cnicos da descascadora de milho<\/h2>    <figure class=\"wp-block-table is-style-stripes\"><table><tbody><tr><td>Modelo<\/td><td>SL-AB2<\/td><\/tr><tr><td>Pot\u00eancia<\/td><td>2.2kw<\/td><\/tr><tr><td>Capacidade<\/td><td>1 a 1,5t\/h<\/td><\/tr><tr><td>Peso<\/td><td>110kg<\/td><\/tr><tr><td>Tamanho<\/td><td>1050*500*1300mm<\/td><\/tr><\/tbody><\/table><figcaption class=\"wp-element-caption\">Dados t\u00e9cnicos detalhados da m\u00e1quina de debulhar milho<\/figcaption><\/figure>    <h2 class=\"wp-block-heading\">Um caso de sucesso de uma debulhadora de milho<\/h2>    <p class=\"translation-block\">Vendemos in\u00fameros contentores de <strong>m\u00e1quinas de debulhar milho<\/strong> para o exterior, como m\u00e1quinas para o Paquist\u00e3o <a href=\"https:\/\/www.agriculture-machine.com\/pt\/maize-sheller-price-in-kenya\/\">especialmente o mercado africano<\/a>, (Nig\u00e9ria, Gana, Qu\u00e9nia, Marrocos, etc). <\/p>    <p>Esta m\u00e1quina de debulhar milho \u00e9 altamente apreciada por todos os nossos clientes, por isso \u00e9 a venda mais popular na nossa f\u00e1brica. <\/p>    <p>Recentemente, entreg\u00e1mos 1500 conjuntos de descascadores de milho ao Zimbabu\u00e9 como aquisi\u00e7\u00e3o governamental. Levou-nos um m\u00eas a concluir este pedido e a embal\u00e1-los cuidadosamente para garantir uma entrega segura.<\/p>    <figure class=\"wp-block-image aligncenter\"><img loading=\"lazy\" decoding=\"async\" width=\"500\" height=\"600\" src=\"https:\/\/www.agriculture-machine.com\/wp-content\/uploads\/2018\/07\/corn-shelling-machine-5.jpg\" alt=\"\" class=\"wp-image-2888\" srcset=\"https:\/\/www.agriculture-machine.com\/wp-content\/uploads\/2018\/07\/corn-shelling-machine-5.jpg 500w, https:\/\/www.agriculture-machine.com\/wp-content\/uploads\/2018\/07\/corn-shelling-machine-5-225x270.jpg 225w, https:\/\/www.agriculture-machine.com\/wp-content\/uploads\/2018\/07\/corn-shelling-machine-5-450x540.jpg 450w\" sizes=\"auto, (max-width: 500px) 100vw, 500px\" \/><\/figure>    <figure class=\"wp-block-image aligncenter\"><img loading=\"lazy\" decoding=\"async\" width=\"500\" height=\"600\" src=\"https:\/\/www.agriculture-machine.com\/wp-content\/uploads\/2018\/07\/corn-shelling-machine-1.jpg\" alt=\"\" class=\"wp-image-2885\" srcset=\"https:\/\/www.agriculture-machine.com\/wp-content\/uploads\/2018\/07\/corn-shelling-machine-1.jpg 500w, https:\/\/www.agriculture-machine.com\/wp-content\/uploads\/2018\/07\/corn-shelling-machine-1-225x270.jpg 225w, https:\/\/www.agriculture-machine.com\/wp-content\/uploads\/2018\/07\/corn-shelling-machine-1-450x540.jpg 450w\" sizes=\"auto, (max-width: 500px) 100vw, 500px\" \/><\/figure>    <h2 class=\"wp-block-heading\">Perguntas frequentes sobre descascador de milho<\/h2>   <div id=\"rank-math-faq\" class=\"rank-math-block\"> <div class=\"rank-math-list\"> <div id=\"faq-question-1715244983299\" class=\"rank-math-list-item\"> <h3 class=\"rank-math-question\">Qual \u00e9 a estrutura interior do<strong> m\u00e1quina de debulhar milho?<\/strong><\/h3> <div class=\"rank-math-answer\">  <p>Esta \u00e9 uma debulhadora de estrutura vertical, o que significa que a m\u00e1quina primeiro descasca a casca e depois debulha o milho.<\/p>  <\/div> <\/div> <div id=\"faq-question-1715244989064\" class=\"rank-math-list-item\"> <h3 class=\"rank-math-question\">Qual \u00e9 a capacidade desta descascadora de milho?<\/h3> <div class=\"rank-math-answer\">  <p>A sua capacidade \u00e9 de 1 a 1,5t\/h<\/p>  <\/div> <\/div> <div id=\"faq-question-1715245004624\" class=\"rank-math-list-item\"> <h3 class=\"rank-math-question\">Quais s\u00e3o as pe\u00e7as de substitui\u00e7\u00e3o vulner\u00e1veis? Preciso de as comprar ao fazer um pedido?<\/h3> <div class=\"rank-math-answer\">  <p>Dois rolos dentro da m\u00e1quina de debulhar milho s\u00e3o vulner\u00e1veis e precisam ser trocados anualmente. \u00c9 melhor comprar um extra.<\/p>  <\/div> <\/div> <div id=\"faq-question-1715245024080\" class=\"rank-math-list-item\"> <h3 class=\"rank-math-question\">A casca de milho pode ser totalmente removida?<\/h3> <div class=\"rank-math-answer\">  <p>Sim, pode ser totalmente removida e expelida por um ventilador de aspira\u00e7\u00e3o.<\/p>  <\/div> <\/div> <div id=\"faq-question-1715245037520\" class=\"rank-math-list-item\"> <h3 class=\"rank-math-question\">Qual \u00e9 a taxa de debulha?<\/h3> <div class=\"rank-math-answer\">  <p>A taxa de debulha pode atingir 98% e os gr\u00e3os de milho ficam muito limpos ap\u00f3s a debulha.<\/p>  <\/div> <\/div> <div id=\"faq-question-1715245045096\" class=\"rank-math-list-item\"> <h3 class=\"rank-math-question\">Ficam gr\u00e3os de milho partidos ap\u00f3s a debulha?<\/h3> <div class=\"rank-math-answer\">  <p>Dois rolos feitos de material especial desempenham um papel importante na debulha, e a sua estrutura cil\u00edndrica pode minimizar a taxa de quebras. Assim, a taxa de quebras \u00e9 inferior a 3%.<\/p>  <\/div> <\/div> <div id=\"faq-question-1715245052392\" class=\"rank-math-list-item\"> <h3 class=\"rank-math-question\">Esta m\u00e1quina de debulhar milho \u00e9 adequada apenas para milho?<\/h3> <div class=\"rank-math-answer\">  <p>Sim, \u00e9 uma m\u00e1quina que s\u00f3 pode ser usada para milho ou milho, mas tamb\u00e9m temos outras debulhadoras multifuncionais para debulhar diferentes culturas. Contacte-nos para saber mais.<\/p>  <\/div> <\/div> <\/div> <\/div>   <h2 class=\"wp-block-heading\">Por que comprar uma debulhadora de milho de n\u00f3s<\/h2>    <div>Somos um fabricante especializado em maquinaria agr\u00edcola. Al\u00e9m de <a href=\"https:\/\/www.agriculture-machine.com\/pt\/multifunctional-thresher-for-maize-beans-sorghum-millet\/\">debulhadoras de milho<\/a>, we also have corn planters, seedling machines, transplanters, peanut shelling machines, grain grinders, grass cutters, etc. At present, much African government&#8217;s poverty alleviation projects have cooperated with us and purchased a large number of agricultural machinery from us.<\/div>    <div> <\/div>    <figure class=\"wp-block-image aligncenter size-full wp-image-8658\"><img loading=\"lazy\" decoding=\"async\" width=\"720\" height=\"540\" src=\"https:\/\/www.agriculture-machine.com\/wp-content\/uploads\/2018\/07\/African-government-poverty-alleviation-project-to-purchase-agricultural-machinery.jpg\" alt=\"Projeto de al\u00edvio da pobreza do governo africano para aquisi\u00e7\u00e3o de maquinaria agr\u00edcola\" class=\"wp-image-8658\" srcset=\"https:\/\/www.agriculture-machine.com\/wp-content\/uploads\/2018\/07\/African-government-poverty-alleviation-project-to-purchase-agricultural-machinery.jpg 720w, https:\/\/www.agriculture-machine.com\/wp-content\/uploads\/2018\/07\/African-government-poverty-alleviation-project-to-purchase-agricultural-machinery-360x270.jpg 360w, https:\/\/www.agriculture-machine.com\/wp-content\/uploads\/2018\/07\/African-government-poverty-alleviation-project-to-purchase-agricultural-machinery-240x180.jpg 240w\" sizes=\"auto, (max-width: 720px) 100vw, 720px\" \/><figcaption class=\"wp-element-caption\">Projeto de al\u00edvio da pobreza do governo africano para aquisi\u00e7\u00e3o de maquinaria agr\u00edcola<\/figcaption><\/figure>    <h2 class=\"wp-block-heading\">Contate-nos a qualquer momento<\/h2>    <p>Se estiver interessado nas nossas m\u00e1quinas de debulhar milho ou tiver alguma d\u00favida, n\u00e3o hesite em contactar-nos. Agradecemos a sua visita \u00e0 nossa f\u00e1brica, para saber mais detalhes sobre os nossos produtos e experimentar toda a gama de servi\u00e7os que oferecemos. Esperamos trabalhar consigo!<\/p>","protected":false},"excerpt":{"rendered":"<p>Esta \u00e9 uma m\u00e1quina de debulhar milho, que remove primeiro a casca do milho e depois debulha. Por isso, tamb\u00e9m \u00e9 chamada de m\u00e1quina de descasque e debulhar milho. Com alta taxa de debulha, os gr\u00e3os finais ficam muito limpos.<\/p>","protected":false},"author":1,"featured_media":0,"parent":0,"comment_status":"closed","ping_status":"closed","template":"","tags":[491,2614],"product-type":[893,872],"class_list":["post-90","product","type-product","status-publish","hentry","tag-corn","tag-thresher","product-type-corn-thresher","product-type-thresher-sheller"],"_links":{"self":[{"href":"https:\/\/www.agriculture-machine.com\/pt\/wp-json\/wp\/v2\/product\/90","targetHints":{"allow":["GET"]}}],"collection":[{"href":"https:\/\/www.agriculture-machine.com\/pt\/wp-json\/wp\/v2\/product"}],"about":[{"href":"https:\/\/www.agriculture-machine.com\/pt\/wp-json\/wp\/v2\/types\/product"}],"author":[{"embeddable":true,"href":"https:\/\/www.agriculture-machine.com\/pt\/wp-json\/wp\/v2\/users\/1"}],"replies":[{"embeddable":true,"href":"https:\/\/www.agriculture-machine.com\/pt\/wp-json\/wp\/v2\/comments?post=90"}],"wp:attachment":[{"href":"https:\/\/www.agriculture-machine.com\/pt\/wp-json\/wp\/v2\/media?parent=90"}],"wp:term":[{"taxonomy":"post_tag","embeddable":true,"href":"https:\/\/www.agriculture-machine.com\/pt\/wp-json\/wp\/v2\/tags?post=90"},{"taxonomy":"product-type","embeddable":true,"href":"https:\/\/www.agriculture-machine.com\/pt\/wp-json\/wp\/v2\/product-type?post=90"}],"curies":[{"name":"wp","href":"https:\/\/api.w.org\/{rel}","templated":true}]}}