{"id":9470,"date":"2021-03-23T15:39:55","date_gmt":"2021-03-23T07:39:55","guid":{"rendered":"https:\/\/www.agriculture-machine.com\/?p=9470"},"modified":"2024-09-18T16:13:14","modified_gmt":"2024-09-18T08:13:14","slug":"sorghum-thresher-for-threshing-millet-sorghum-rape-pearl-millet","status":"publish","type":"product","link":"https:\/\/www.agriculture-machine.com\/pt\/sorghum-thresher-for-threshing-millet-sorghum-rape-pearl-millet\/","title":{"rendered":"Debulhadora de sorgo | Debulhadora de millet | Debulhadora de millet de p\u00e9rola"},"content":{"rendered":"<p class=\"translation-block\">Diversos pa\u00edses, como Paquist\u00e3o, Cazaquist\u00e3o, Tadjiquist\u00e3o, Qu\u00e9nia, Nam\u00edbia, Z\u00e2mbia e outros, cultivam millet, sorgo e nabo. Para estas tr\u00eas culturas, pesquis\u00e1mos e produzimos especialmente um debulhador para debulhar sorgo, millet e nabo. Muitos fabricantes no mercado vangloriam seus <a href=\"https:\/\/www.agriculture-machine.com\/pt\/multifunctional-thresher-machine\/\">debulhadores multifuncionais<\/a> que podem debulhar sorgo, millet e nabo, mas o seu efeito de debulha n\u00e3o \u00e9 bom. a taxa de danos \u00e9 alta, e a taxa de impureza tamb\u00e9m \u00e9 alta. O nosso debulhador de sorgo evita os problemas acima.<\/p> <figure id=\"attachment_9735\" aria-describedby=\"caption-attachment-9735\" style=\"width: 720px\" class=\"wp-caption alignnone\"><img loading=\"lazy\" decoding=\"async\" class=\"size-full wp-image-9735\" src=\"https:\/\/www.agriculture-machine.com\/wp-content\/uploads\/2021\/03\/sorghum-1.jpg\" alt=\"sorghum\" width=\"720\" height=\"540\" srcset=\"https:\/\/www.agriculture-machine.com\/wp-content\/uploads\/2021\/03\/sorghum-1.jpg 720w, https:\/\/www.agriculture-machine.com\/wp-content\/uploads\/2021\/03\/sorghum-1-360x270.jpg 360w, https:\/\/www.agriculture-machine.com\/wp-content\/uploads\/2021\/03\/sorghum-1-240x180.jpg 240w\" sizes=\"auto, (max-width: 720px) 100vw, 720px\" \/><figcaption id=\"caption-attachment-9735\" class=\"wp-caption-text\">sorghum<\/figcaption><\/figure> <h2><strong><b>Aplica\u00e7\u00f5es da M\u00e1quina Debulhadora de Millet<\/b><\/strong><\/h2> <p>As m\u00e1quinas debulhadoras de millet s\u00e3o um produto novo desenvolvido pela nossa empresa, especialmente usadas para millet, sorgo e nabo. Algumas pessoas diriam que a sua m\u00e1quina s\u00f3 pode debulhar estas tr\u00eas culturas? Sim, porque esta m\u00e1quina foi especialmente pesquisada e produzida de acordo com o tamanho e as caracter\u00edsticas do sorgo e do millet.<\/p> <div id='gallery-1' class='gallery galleryid-9470 gallery-columns-3 gallery-size-large'><figure class='gallery-item'> \t\t\t<div class='gallery-icon landscape'> \t\t\t\t<a href='https:\/\/www.agriculture-machine.com\/wp-content\/uploads\/2021\/03\/millet.jpg'><img loading=\"lazy\" decoding=\"async\" width=\"720\" height=\"540\" src=\"https:\/\/www.agriculture-machine.com\/wp-content\/uploads\/2021\/03\/millet.jpg\" class=\"attachment-large size-large\" alt=\"millet\" aria-describedby=\"gallery-1-9472\" srcset=\"https:\/\/www.agriculture-machine.com\/wp-content\/uploads\/2021\/03\/millet.jpg 720w, https:\/\/www.agriculture-machine.com\/wp-content\/uploads\/2021\/03\/millet-360x270.jpg 360w, https:\/\/www.agriculture-machine.com\/wp-content\/uploads\/2021\/03\/millet-240x180.jpg 240w\" sizes=\"auto, (max-width: 720px) 100vw, 720px\" \/><\/a> \t\t\t<\/div> \t\t\t\t<figcaption class='wp-caption-text gallery-caption' id='gallery-1-9472'> \t\t\t\tmillet \t\t\t\t<\/figcaption><\/figure><figure class='gallery-item'> \t\t\t<div class='gallery-icon landscape'> \t\t\t\t<a href='https:\/\/www.agriculture-machine.com\/wp-content\/uploads\/2021\/03\/rape.jpg'><img loading=\"lazy\" decoding=\"async\" width=\"720\" height=\"540\" src=\"https:\/\/www.agriculture-machine.com\/wp-content\/uploads\/2021\/03\/rape.jpg\" class=\"attachment-large size-large\" alt=\"nabos\" aria-describedby=\"gallery-1-9473\" srcset=\"https:\/\/www.agriculture-machine.com\/wp-content\/uploads\/2021\/03\/rape.jpg 720w, https:\/\/www.agriculture-machine.com\/wp-content\/uploads\/2021\/03\/rape-360x270.jpg 360w, https:\/\/www.agriculture-machine.com\/wp-content\/uploads\/2021\/03\/rape-240x180.jpg 240w\" sizes=\"auto, (max-width: 720px) 100vw, 720px\" \/><\/a> \t\t\t<\/div> \t\t\t\t<figcaption class='wp-caption-text gallery-caption' id='gallery-1-9473'> \t\t\t\tnabos \t\t\t\t<\/figcaption><\/figure><figure class='gallery-item'> \t\t\t<div class='gallery-icon landscape'> \t\t\t\t<a href='https:\/\/www.agriculture-machine.com\/wp-content\/uploads\/2021\/03\/Sorghum-2.jpg'><img loading=\"lazy\" decoding=\"async\" width=\"720\" height=\"540\" src=\"https:\/\/www.agriculture-machine.com\/wp-content\/uploads\/2021\/03\/Sorghum-2.jpg\" class=\"attachment-large size-large\" alt=\"Sorghum-2\" aria-describedby=\"gallery-1-9474\" srcset=\"https:\/\/www.agriculture-machine.com\/wp-content\/uploads\/2021\/03\/Sorghum-2.jpg 720w, https:\/\/www.agriculture-machine.com\/wp-content\/uploads\/2021\/03\/Sorghum-2-360x270.jpg 360w, https:\/\/www.agriculture-machine.com\/wp-content\/uploads\/2021\/03\/Sorghum-2-240x180.jpg 240w\" sizes=\"auto, (max-width: 720px) 100vw, 720px\" \/><\/a> \t\t\t<\/div> \t\t\t\t<figcaption class='wp-caption-text gallery-caption' id='gallery-1-9474'> \t\t\t\tSorghum-2 \t\t\t\t<\/figcaption><\/figure><figure class='gallery-item'> \t\t\t<div class='gallery-icon landscape'> \t\t\t\t<a href='https:\/\/www.agriculture-machine.com\/wp-content\/uploads\/2021\/03\/pearl-millet.jpg'><img loading=\"lazy\" decoding=\"async\" width=\"720\" height=\"540\" src=\"https:\/\/www.agriculture-machine.com\/wp-content\/uploads\/2021\/03\/pearl-millet.jpg\" class=\"attachment-large size-large\" alt=\"pearl-millet\" aria-describedby=\"gallery-1-9476\" srcset=\"https:\/\/www.agriculture-machine.com\/wp-content\/uploads\/2021\/03\/pearl-millet.jpg 720w, https:\/\/www.agriculture-machine.com\/wp-content\/uploads\/2021\/03\/pearl-millet-360x270.jpg 360w, https:\/\/www.agriculture-machine.com\/wp-content\/uploads\/2021\/03\/pearl-millet-240x180.jpg 240w\" sizes=\"auto, (max-width: 720px) 100vw, 720px\" \/><\/a> \t\t\t<\/div> \t\t\t\t<figcaption class='wp-caption-text gallery-caption' id='gallery-1-9476'> \t\t\t\tpearl-millet \t\t\t\t<\/figcaption><\/figure><figure class='gallery-item'> \t\t\t<div class='gallery-icon landscape'> \t\t\t\t<a href='https:\/\/www.agriculture-machine.com\/wp-content\/uploads\/2021\/03\/Rapeseed.jpg'><img loading=\"lazy\" decoding=\"async\" width=\"720\" height=\"540\" src=\"https:\/\/www.agriculture-machine.com\/wp-content\/uploads\/2021\/03\/Rapeseed.jpg\" class=\"attachment-large size-large\" alt=\"Canola\" aria-describedby=\"gallery-1-9477\" srcset=\"https:\/\/www.agriculture-machine.com\/wp-content\/uploads\/2021\/03\/Rapeseed.jpg 720w, https:\/\/www.agriculture-machine.com\/wp-content\/uploads\/2021\/03\/Rapeseed-360x270.jpg 360w, https:\/\/www.agriculture-machine.com\/wp-content\/uploads\/2021\/03\/Rapeseed-240x180.jpg 240w\" sizes=\"auto, (max-width: 720px) 100vw, 720px\" \/><\/a> \t\t\t<\/div> \t\t\t\t<figcaption class='wp-caption-text gallery-caption' id='gallery-1-9477'> \t\t\t\tCanola \t\t\t\t<\/figcaption><\/figure><figure class='gallery-item'> \t\t\t<div class='gallery-icon landscape'> \t\t\t\t<a href='https:\/\/www.agriculture-machine.com\/wp-content\/uploads\/2021\/03\/sorghum-seed.jpg'><img loading=\"lazy\" decoding=\"async\" width=\"720\" height=\"540\" src=\"https:\/\/www.agriculture-machine.com\/wp-content\/uploads\/2021\/03\/sorghum-seed.jpg\" class=\"attachment-large size-large\" alt=\"sementes de sorgo\" aria-describedby=\"gallery-1-9475\" srcset=\"https:\/\/www.agriculture-machine.com\/wp-content\/uploads\/2021\/03\/sorghum-seed.jpg 720w, https:\/\/www.agriculture-machine.com\/wp-content\/uploads\/2021\/03\/sorghum-seed-360x270.jpg 360w, https:\/\/www.agriculture-machine.com\/wp-content\/uploads\/2021\/03\/sorghum-seed-240x180.jpg 240w\" sizes=\"auto, (max-width: 720px) 100vw, 720px\" \/><\/a> \t\t\t<\/div> \t\t\t\t<figcaption class='wp-caption-text gallery-caption' id='gallery-1-9475'> \t\t\t\tsementes de sorgo \t\t\t\t<\/figcaption><\/figure> \t\t<\/div>  <h2>Caracter\u00edsticas da m\u00e1quina debulhadora de sorgo<\/h2> <p>\u2666Estrutura razo\u00e1vel e desempenho est\u00e1vel: os utilizadores podem diretamente debulhar o arroz colhido, millet e nabo sem necessidade de secar.<\/p> <p>\u2666Opera\u00e7\u00e3o simples: apenas alimenta\u00e7\u00e3o manual \u00e9 necess\u00e1ria, e a m\u00e1quina debulha e triage o sorgo sozinha.<\/p> <p>\u2666A m\u00e1quina tem rodas grandes para facilitar o movimento, e n\u00e3o h\u00e1 restri\u00e7\u00f5es no local de trabalho.<\/p> <p>\u2666O debulhador de millet de p\u00e9rola pode ser utilizado como m\u00e1quina aut\u00f3noma ou em conjunto com um tractor para melhorar a efici\u00eancia de trabalho.<\/p> <p>\u2666Este modelo \u00e9 um debulhador de gr\u00e3os grande com alta efici\u00eancia. Se precisar de um tamanho pequeno, contacte-nos para nos dizer as suas necessidades.<\/p> <p>\u2666Debulhador de sorgo equipado com pot\u00eancia: motor el\u00e9trico de 7,5 ~ 11 kW, motor a diesel de 15-20 cavalos para locais com falta de energia.<\/p> <div id='gallery-2' class='gallery galleryid-9470 gallery-columns-2 gallery-size-large'><figure class='gallery-item'> \t\t\t<div class='gallery-icon landscape'> \t\t\t\t<a href='https:\/\/www.agriculture-machine.com\/wp-content\/uploads\/2021\/03\/pearl-millet-thresher-1-2.jpg'><img loading=\"lazy\" decoding=\"async\" width=\"720\" height=\"540\" src=\"https:\/\/www.agriculture-machine.com\/wp-content\/uploads\/2021\/03\/pearl-millet-thresher-1-2.jpg\" class=\"attachment-large size-large\" alt=\"pearl-millet-thresher-\" aria-describedby=\"gallery-2-9745\" srcset=\"https:\/\/www.agriculture-machine.com\/wp-content\/uploads\/2021\/03\/pearl-millet-thresher-1-2.jpg 720w, https:\/\/www.agriculture-machine.com\/wp-content\/uploads\/2021\/03\/pearl-millet-thresher-1-2-360x270.jpg 360w, https:\/\/www.agriculture-machine.com\/wp-content\/uploads\/2021\/03\/pearl-millet-thresher-1-2-240x180.jpg 240w\" sizes=\"auto, (max-width: 720px) 100vw, 720px\" \/><\/a> \t\t\t<\/div> \t\t\t\t<figcaption class='wp-caption-text gallery-caption' id='gallery-2-9745'> \t\t\t\tpearl-millet-thresher- \t\t\t\t<\/figcaption><\/figure><figure class='gallery-item'> \t\t\t<div class='gallery-icon landscape'> \t\t\t\t<a href='https:\/\/www.agriculture-machine.com\/wp-content\/uploads\/2021\/03\/millet-thresher-machne-2.jpg'><img loading=\"lazy\" decoding=\"async\" width=\"720\" height=\"540\" src=\"https:\/\/www.agriculture-machine.com\/wp-content\/uploads\/2021\/03\/millet-thresher-machne-2.jpg\" class=\"attachment-large size-large\" alt=\"millet-thresher-machine\" aria-describedby=\"gallery-2-9744\" srcset=\"https:\/\/www.agriculture-machine.com\/wp-content\/uploads\/2021\/03\/millet-thresher-machne-2.jpg 720w, https:\/\/www.agriculture-machine.com\/wp-content\/uploads\/2021\/03\/millet-thresher-machne-2-360x270.jpg 360w, https:\/\/www.agriculture-machine.com\/wp-content\/uploads\/2021\/03\/millet-thresher-machne-2-240x180.jpg 240w\" sizes=\"auto, (max-width: 720px) 100vw, 720px\" \/><\/a> \t\t\t<\/div> \t\t\t\t<figcaption class='wp-caption-text gallery-caption' id='gallery-2-9744'> \t\t\t\tmillet-thresher-machine \t\t\t\t<\/figcaption><\/figure><figure class='gallery-item'> \t\t\t<div class='gallery-icon landscape'> \t\t\t\t<a href='https:\/\/www.agriculture-machine.com\/wp-content\/uploads\/2021\/03\/sorghum-thresher-combined-with-a-tractor-1-2.jpg'><img loading=\"lazy\" decoding=\"async\" width=\"720\" height=\"540\" src=\"https:\/\/www.agriculture-machine.com\/wp-content\/uploads\/2021\/03\/sorghum-thresher-combined-with-a-tractor-1-2.jpg\" class=\"attachment-large size-large\" alt=\"sorghum-thresher-combined-with-a-tractor--\" aria-describedby=\"gallery-2-9747\" srcset=\"https:\/\/www.agriculture-machine.com\/wp-content\/uploads\/2021\/03\/sorghum-thresher-combined-with-a-tractor-1-2.jpg 720w, https:\/\/www.agriculture-machine.com\/wp-content\/uploads\/2021\/03\/sorghum-thresher-combined-with-a-tractor-1-2-360x270.jpg 360w, https:\/\/www.agriculture-machine.com\/wp-content\/uploads\/2021\/03\/sorghum-thresher-combined-with-a-tractor-1-2-240x180.jpg 240w\" sizes=\"auto, (max-width: 720px) 100vw, 720px\" \/><\/a> \t\t\t<\/div> \t\t\t\t<figcaption class='wp-caption-text gallery-caption' id='gallery-2-9747'> \t\t\t\tsorghum-thresher-combined-with-a-tractor&#8211; \t\t\t\t<\/figcaption><\/figure><figure class='gallery-item'> \t\t\t<div class='gallery-icon landscape'> \t\t\t\t<a href='https:\/\/www.agriculture-machine.com\/wp-content\/uploads\/2021\/03\/sorghum-thresher-combined-with-a-tractor-2.jpg'><img loading=\"lazy\" decoding=\"async\" width=\"720\" height=\"540\" src=\"https:\/\/www.agriculture-machine.com\/wp-content\/uploads\/2021\/03\/sorghum-thresher-combined-with-a-tractor-2.jpg\" class=\"attachment-large size-large\" alt=\"sorghum-thresher-combined-with-a-tractor\" aria-describedby=\"gallery-2-9746\" srcset=\"https:\/\/www.agriculture-machine.com\/wp-content\/uploads\/2021\/03\/sorghum-thresher-combined-with-a-tractor-2.jpg 720w, https:\/\/www.agriculture-machine.com\/wp-content\/uploads\/2021\/03\/sorghum-thresher-combined-with-a-tractor-2-360x270.jpg 360w, https:\/\/www.agriculture-machine.com\/wp-content\/uploads\/2021\/03\/sorghum-thresher-combined-with-a-tractor-2-240x180.jpg 240w\" sizes=\"auto, (max-width: 720px) 100vw, 720px\" \/><\/a> \t\t\t<\/div> \t\t\t\t<figcaption class='wp-caption-text gallery-caption' id='gallery-2-9746'> \t\t\t\tsorghum-thresher-combined-with-a-tractor \t\t\t\t<\/figcaption><\/figure> \t\t<\/div>  <h2>Quais s\u00e3o as melhores condi\u00e7\u00f5es para debulhar millet, sorgo e nabo?<\/h2> <p>Ao usar uma debulhadora de sorgo, opere sob a condi\u00e7\u00e3o de teor de \u00e1gua do gr\u00e3o entre 15-20%<\/p> <p>taxa de debulhamento: \u226599%<\/p> <p>taxa de danos\uff1a\u22642,5%<\/p> <p>Taxa de impureza\uff1a\u22641,5%<\/p> <p>produ\u00e7\u00e3o\uff1a800-1000kg\/h<\/p> <h2>O v\u00eddeo de funcionamento da Debulhadora de Pearl Millet<\/h2> <p><iframe loading=\"lazy\" title=\"m\u00e1quina debulhadora de sorgo\/millet debulhadora\/m\u00e1quina debulhadora de sorgo\/m\u00e1quina debulhadora de nabo\" width=\"500\" height=\"281\" src=\"https:\/\/www.youtube.com\/embed\/64tL5kKASjQ?feature=oembed\" frameborder=\"0\" allow=\"accelerometer; autoplay; clipboard-write; encrypted-media; gyroscope; picture-in-picture; web-share\" referrerpolicy=\"strict-origin-when-cross-origin\" allowfullscreen><\/iframe><\/p> <h2>Caso de cliente<\/h2> <p>Vendemos 3 conjuntos de debulhadores de millet para Nam\u00edbia. O cliente cultiva principalmente sorgo e millet. Como \u00e9 plantado numa grande \u00e1rea, ele comprou estas debulhadoras de millet.<\/p> <figure id=\"attachment_9741\" aria-describedby=\"caption-attachment-9741\" style=\"width: 720px\" class=\"wp-caption alignnone\"><img loading=\"lazy\" decoding=\"async\" class=\"size-full wp-image-9741\" src=\"https:\/\/www.agriculture-machine.com\/wp-content\/uploads\/2021\/03\/3-sets-of-sorghum-thresher-sold-to-Namibia-2.jpg\" alt=\"3 conjuntos de debulhadores de sorgo vendidos para Nam\u00edbia\" width=\"720\" height=\"540\" srcset=\"https:\/\/www.agriculture-machine.com\/wp-content\/uploads\/2021\/03\/3-sets-of-sorghum-thresher-sold-to-Namibia-2.jpg 720w, https:\/\/www.agriculture-machine.com\/wp-content\/uploads\/2021\/03\/3-sets-of-sorghum-thresher-sold-to-Namibia-2-360x270.jpg 360w, https:\/\/www.agriculture-machine.com\/wp-content\/uploads\/2021\/03\/3-sets-of-sorghum-thresher-sold-to-Namibia-2-240x180.jpg 240w\" sizes=\"auto, (max-width: 720px) 100vw, 720px\" \/><figcaption id=\"caption-attachment-9741\" class=\"wp-caption-text\">3 conjuntos de debulhadores de sorgo vendidos para Nam\u00edbia<\/figcaption><\/figure> <h2>Par\u00e2metros t\u00e9cnicos<\/h2> <table> <tbody> <tr> <td width=\"225\"><strong><b>Modelo <\/b><\/strong><\/td> <td width=\"343\"><strong><b>5TGQ-100A<\/b><\/strong><\/td> <\/tr> <tr> <td width=\"225\"><strong><b>Pot\u00eancia <\/b><\/strong><\/td> <td width=\"343\"><strong><b>7,5-11kW ou 12-15hp <\/b><\/strong><\/td> <\/tr> <tr> <td width=\"225\"><strong><b>Taxa de Debulha<\/b><\/strong><\/td> <td width=\"343\"><strong><b>99%<\/b><\/strong><\/td> <\/tr> <tr> <td width=\"225\"><strong><b>Capacidade<\/b><\/strong><\/td> <td width=\"343\"><strong><b>1000kg\/h <\/b><\/strong><\/td> <\/tr> <tr> <td width=\"225\"><strong><b>Peso <\/b><\/strong><\/td> <td width=\"343\"><strong><b>200kg<\/b><\/strong><\/td> <\/tr> <tr> <td width=\"225\"><strong><b>Tamanho<\/b><\/strong><\/td> <td width=\"343\"><strong><b>1900*880*2380mm<\/b><\/strong><\/td> <\/tr> <\/tbody> <\/table>","protected":false},"excerpt":{"rendered":"<p>Many countries such as Pakistan, Kazakhstan, Tajikistan, Kenya, Namibia, Zambia, and other countries will grow millet, sorghum, and rape. For these three crops, we have specially researched and produced a thresher for threshing sorghum, millet, and rape. Many manufacturers on the market boast that their multifunctional thresher machines can thresh sorghum, millet, and rape, but [&hellip;]<\/p>\n","protected":false},"author":1,"featured_media":9479,"parent":0,"comment_status":"closed","ping_status":"closed","template":"","tags":[2614],"product-type":[246,2,896],"class_list":["post-9470","product","type-product","status-publish","has-post-thumbnail","hentry","tag-thresher","product-type-hot-sale","product-type-products","product-type-sorghum-millet-rapeseed-thresher"],"_links":{"self":[{"href":"https:\/\/www.agriculture-machine.com\/pt\/wp-json\/wp\/v2\/product\/9470","targetHints":{"allow":["GET"]}}],"collection":[{"href":"https:\/\/www.agriculture-machine.com\/pt\/wp-json\/wp\/v2\/product"}],"about":[{"href":"https:\/\/www.agriculture-machine.com\/pt\/wp-json\/wp\/v2\/types\/product"}],"author":[{"embeddable":true,"href":"https:\/\/www.agriculture-machine.com\/pt\/wp-json\/wp\/v2\/users\/1"}],"replies":[{"embeddable":true,"href":"https:\/\/www.agriculture-machine.com\/pt\/wp-json\/wp\/v2\/comments?post=9470"}],"wp:featuredmedia":[{"embeddable":true,"href":"https:\/\/www.agriculture-machine.com\/pt\/wp-json\/wp\/v2\/media\/9479"}],"wp:attachment":[{"href":"https:\/\/www.agriculture-machine.com\/pt\/wp-json\/wp\/v2\/media?parent=9470"}],"wp:term":[{"taxonomy":"post_tag","embeddable":true,"href":"https:\/\/www.agriculture-machine.com\/pt\/wp-json\/wp\/v2\/tags?post=9470"},{"taxonomy":"product-type","embeddable":true,"href":"https:\/\/www.agriculture-machine.com\/pt\/wp-json\/wp\/v2\/product-type?post=9470"}],"curies":[{"name":"wp","href":"https:\/\/api.w.org\/{rel}","templated":true}]}}