{"id":9922,"date":"2021-04-14T18:34:07","date_gmt":"2021-04-14T10:34:07","guid":{"rendered":"https:\/\/www.agriculture-machine.com\/?p=9922"},"modified":"2024-09-18T15:53:40","modified_gmt":"2024-09-18T07:53:40","slug":"maize-skin-peeling-machine-corn-skin-peeler-maize-peeling-machine","status":"publish","type":"product","link":"https:\/\/www.agriculture-machine.com\/pt\/maize-skin-peeling-machine-corn-skin-peeler-maize-peeling-machine\/","title":{"rendered":"M\u00e1quina de descasque de gr\u00e3os de milho, removedor de pele de milho"},"content":{"rendered":"<p>A m\u00e1quina de descascamento de gr\u00e3os de milho \u00e9 usada para remover a pele externa do milho, o germen, e quebrar o milho em pequenos gr\u00e3os de milho. Este descascador de pele de milho adota um rolo de esmeril e peneiras de materiais especiais. O milho \u00e9 levemente esmagado ajustando a folga e a press\u00e3o. O produto acabado processado tem uma apar\u00eancia uniforme, lisa, sem germes pretos, sem farelo.<\/p>    <p>Normalmente atinge taxas de descascamento de 85% a 95%, que podem variar dependendo do modelo da m\u00e1quina, variedade de milho e umidade ou secura do milho. O milho ap\u00f3s o descascamento tem um sabor agrad\u00e1vel e \u00e9 f\u00e1cil de processar para farinha de milho, diversos snacks, etc. O milho sem casca produzido por esta m\u00e1quina tamb\u00e9m pode ser usado para processar ra\u00e7\u00e3o de alta qualidade. Esta m\u00e1quina tamb\u00e9m \u00e9 adequada para trigo.<\/p>    <figure class=\"wp-block-embed aligncenter is-type-video is-provider-youtube wp-block-embed-youtube wp-embed-aspect-16-9 wp-has-aspect-ratio\"><div class=\"wp-block-embed__wrapper\"> <iframe loading=\"lazy\" title=\"M\u00e1quina de descascamento de gr\u00e3os de milho r\u00e1pida!#milho #gr\u00e3osdemilho #descascador\" width=\"500\" height=\"281\" src=\"https:\/\/www.youtube.com\/embed\/UVmJFJyhZLk?feature=oembed\" frameborder=\"0\" allow=\"accelerometer; autoplay; clipboard-write; encrypted-media; gyroscope; picture-in-picture; web-share\" referrerpolicy=\"strict-origin-when-cross-origin\" allowfullscreen><\/iframe> <\/div><figcaption class=\"wp-element-caption\">V\u00eddeo de funcionamento da m\u00e1quina de descascamento de gr\u00e3os de milho<\/figcaption><\/figure>    <p class=\"translation-block\">Al\u00e9m desta m\u00e1quina de descascamento de gr\u00e3os de milho, tamb\u00e9m temos uma <a href=\"https:\/\/www.agriculture-machine.com\/pt\/corn-grits-making-machine\/\"><strong><em>m\u00e1quina de fabrica\u00e7\u00e3o de grits de milho<\/em><\/strong><\/a>, que descasca o milho e o tritura em grits de milho e farinha de milho. E antes de usar a m\u00e1quina de descascamento ou de fabrica\u00e7\u00e3o de grits, voc\u00ea tamb\u00e9m pode usar a <a href=\"https:\/\/www.agriculture-machine.com\/pt\/maize-peeler-and-thresher\/\"><strong><em>m\u00e1quina de debulhar milho<\/em><\/strong><\/a> para economizar tempo e energia.<\/p>    <figure class=\"wp-block-gallery has-nested-images columns-2 is-cropped wp-block-gallery-2 is-layout-flex wp-block-gallery-is-layout-flex\"> <figure class=\"wp-block-image size-large\"><img loading=\"lazy\" decoding=\"async\" width=\"720\" height=\"540\" data-id=\"12988\" src=\"https:\/\/www.agriculture-machine.com\/wp-content\/uploads\/2022\/04\/maize-peeler0.jpg\" alt=\"descascador de milho\" class=\"wp-image-12988\" title=\"descascador de milho\" srcset=\"https:\/\/www.agriculture-machine.com\/wp-content\/uploads\/2022\/04\/maize-peeler0.jpg 720w, https:\/\/www.agriculture-machine.com\/wp-content\/uploads\/2022\/04\/maize-peeler0-360x270.jpg 360w, https:\/\/www.agriculture-machine.com\/wp-content\/uploads\/2022\/04\/maize-peeler0-240x180.jpg 240w\" sizes=\"auto, (max-width: 720px) 100vw, 720px\" \/><figcaption class=\"wp-element-caption\">descascador de milho<\/figcaption><\/figure>    <figure class=\"wp-block-image size-large\"><img loading=\"lazy\" decoding=\"async\" width=\"720\" height=\"540\" data-id=\"12989\" src=\"https:\/\/www.agriculture-machine.com\/wp-content\/uploads\/2022\/04\/corn-skin-peeler0.jpg\" alt=\"Descascador de pele de milho\" class=\"wp-image-12989\" title=\"Descascador de pele de milho\" srcset=\"https:\/\/www.agriculture-machine.com\/wp-content\/uploads\/2022\/04\/corn-skin-peeler0.jpg 720w, https:\/\/www.agriculture-machine.com\/wp-content\/uploads\/2022\/04\/corn-skin-peeler0-360x270.jpg 360w, https:\/\/www.agriculture-machine.com\/wp-content\/uploads\/2022\/04\/corn-skin-peeler0-240x180.jpg 240w\" sizes=\"auto, (max-width: 720px) 100vw, 720px\" \/><figcaption class=\"wp-element-caption\">Descascador de pele de milho<\/figcaption><\/figure>    <figure class=\"wp-block-image size-large\"><img loading=\"lazy\" decoding=\"async\" width=\"720\" height=\"540\" data-id=\"12990\" src=\"https:\/\/www.agriculture-machine.com\/wp-content\/uploads\/2022\/04\/Corn-kernel-peeling-machine0.jpg\" alt=\"M\u00e1quina de descascamento de gr\u00e3os de milho\" class=\"wp-image-12990\" title=\"M\u00e1quina de descascamento de gr\u00e3os de milho\" srcset=\"https:\/\/www.agriculture-machine.com\/wp-content\/uploads\/2022\/04\/Corn-kernel-peeling-machine0.jpg 720w, https:\/\/www.agriculture-machine.com\/wp-content\/uploads\/2022\/04\/Corn-kernel-peeling-machine0-360x270.jpg 360w, https:\/\/www.agriculture-machine.com\/wp-content\/uploads\/2022\/04\/Corn-kernel-peeling-machine0-240x180.jpg 240w\" sizes=\"auto, (max-width: 720px) 100vw, 720px\" \/><figcaption class=\"wp-element-caption\">M\u00e1quina de descascamento de gr\u00e3os de milho<\/figcaption><\/figure>    <figure class=\"wp-block-image size-large\"><img loading=\"lazy\" decoding=\"async\" width=\"720\" height=\"540\" data-id=\"12991\" src=\"https:\/\/www.agriculture-machine.com\/wp-content\/uploads\/2022\/04\/Maize-skin-peeling-machine-.jpg\" alt=\"M\u00e1quina de descascamento de milho\" class=\"wp-image-12991\" title=\"M\u00e1quina de descascamento de pele de milho\" srcset=\"https:\/\/www.agriculture-machine.com\/wp-content\/uploads\/2022\/04\/Maize-skin-peeling-machine-.jpg 720w, https:\/\/www.agriculture-machine.com\/wp-content\/uploads\/2022\/04\/Maize-skin-peeling-machine--360x270.jpg 360w, https:\/\/www.agriculture-machine.com\/wp-content\/uploads\/2022\/04\/Maize-skin-peeling-machine--240x180.jpg 240w\" sizes=\"auto, (max-width: 720px) 100vw, 720px\" \/><figcaption class=\"wp-element-caption\">M\u00e1quina de descascamento de pele de milho<\/figcaption><\/figure> <\/figure>    <h2 class=\"wp-block-heading\" id=\"h-structure-of-maize-skin-peeling-machine\">Estrutura da m\u00e1quina de descascamento de pele de milho<\/h2>    <p>This corn skin peeler machine is relatively small and easy to operate. The corn removal white skin machine can be equipped with two different power modes, a diesel engine, and an electric motor. So, the power can meet many customers&#8217; needs.<\/p>    <p>Como mostra a imagem abaixo, a m\u00e1quina de descascamento de gr\u00e3os de milho inclui principalmente um alimentador, um parafuso de controle da velocidade de alimenta\u00e7\u00e3o, uma sa\u00edda para gr\u00e3os pequenos, uma l\u00e2mina de descascamento, uma sa\u00edda de pele, uma sa\u00edda de produto acabado, etc.<\/p>    <figure class=\"wp-block-image aligncenter size-full\"><img loading=\"lazy\" decoding=\"async\" width=\"720\" height=\"540\" src=\"https:\/\/www.agriculture-machine.com\/wp-content\/uploads\/2022\/04\/corn-skin-removers-structure-0.jpg\" alt=\"Estrutura do removedor de pele de milho \" class=\"wp-image-12984\" title=\"Estrutura do removedor de pele de milho \" srcset=\"https:\/\/www.agriculture-machine.com\/wp-content\/uploads\/2022\/04\/corn-skin-removers-structure-0.jpg 720w, https:\/\/www.agriculture-machine.com\/wp-content\/uploads\/2022\/04\/corn-skin-removers-structure-0-360x270.jpg 360w, https:\/\/www.agriculture-machine.com\/wp-content\/uploads\/2022\/04\/corn-skin-removers-structure-0-240x180.jpg 240w\" sizes=\"auto, (max-width: 720px) 100vw, 720px\" \/><figcaption class=\"wp-element-caption\">corn skin remover&#8217;s structure <\/figcaption><\/figure>    <h2 class=\"wp-block-heading\" id=\"h-applications-of-maize-peeling-machine\">Aplica\u00e7\u00f5es da m\u00e1quina de descascamento de gr\u00e3os de milho<\/h2>    <h3 class=\"wp-block-heading\" id=\"h-it-is-suitable-for-peeling-corn-in-small-grain-processing-plants-mills\">Adequado para descascar milho em pequenas f\u00e1bricas de processamento de gr\u00e3os (moinhos)<\/h3>    <p>Milho descascado facilita a fabrica\u00e7\u00e3o de grits e farinha de milho, al\u00e9m de ter melhor qualidade. Tamb\u00e9m \u00e9 um descascador de milho dom\u00e9stico.<\/p>    <figure class=\"wp-block-image aligncenter size-full wp-image-9946\"><img loading=\"lazy\" decoding=\"async\" width=\"720\" height=\"540\" src=\"https:\/\/www.agriculture-machine.com\/wp-content\/uploads\/2021\/04\/corn-grits-and-cornflour.jpg\" alt=\"Grits de milho e farinha de milho\" class=\"wp-image-9946\" srcset=\"https:\/\/www.agriculture-machine.com\/wp-content\/uploads\/2021\/04\/corn-grits-and-cornflour.jpg 720w, https:\/\/www.agriculture-machine.com\/wp-content\/uploads\/2021\/04\/corn-grits-and-cornflour-360x270.jpg 360w, https:\/\/www.agriculture-machine.com\/wp-content\/uploads\/2021\/04\/corn-grits-and-cornflour-240x180.jpg 240w\" sizes=\"auto, (max-width: 720px) 100vw, 720px\" \/><figcaption class=\"wp-element-caption\">Grits de milho e farinha de milho<\/figcaption><\/figure>    <h3 class=\"wp-block-heading\" id=\"h-maize-peeling-machine-used-in-chicken-feed-processing-industry\">Usado na ind\u00fastria de processamento de ra\u00e7\u00e3o para aves<\/h3>    <p>No processo tradicional de processamento de ra\u00e7\u00e3o de milho para aves e aves, a maior parte das pellets de milho \u00e9 utilizada. A pelletizadora tradicional determina o tamanho das part\u00edculas do material ajustando as engrenagens. <\/p>    <p>Porque os produtos finais processados pelo pelletizador frequentemente t\u00eam excesso de p\u00f3 de pele e germes pretos, e as part\u00edculas n\u00e3o s\u00e3o suaves. O mercado de ra\u00e7\u00e3o para aves muitas vezes n\u00e3o consegue abrir mercado devido a essas desvantagens. Portanto, cada vez mais, a ra\u00e7\u00e3o para aves e aves utilizam a m\u00e1quina de descascamento de milho.<\/p>    <figure class=\"wp-block-image aligncenter size-full wp-image-9947\"><img loading=\"lazy\" decoding=\"async\" width=\"720\" height=\"540\" src=\"https:\/\/www.agriculture-machine.com\/wp-content\/uploads\/2021\/04\/peel-corn-white-skin.jpg\" alt=\"Remover a pele branca do milho\" class=\"wp-image-9947\" srcset=\"https:\/\/www.agriculture-machine.com\/wp-content\/uploads\/2021\/04\/peel-corn-white-skin.jpg 720w, https:\/\/www.agriculture-machine.com\/wp-content\/uploads\/2021\/04\/peel-corn-white-skin-360x270.jpg 360w, https:\/\/www.agriculture-machine.com\/wp-content\/uploads\/2021\/04\/peel-corn-white-skin-240x180.jpg 240w\" sizes=\"auto, (max-width: 720px) 100vw, 720px\" \/><figcaption class=\"wp-element-caption\">Remover a pele branca do milho<\/figcaption><\/figure>    <h2 class=\"wp-block-heading\">Par\u00e2metros t\u00e9cnicos do descascador de pele de milho<\/h2>    <figure class=\"wp-block-table is-style-stripes\"><table><tbody><tr><td>Nome<\/td><td>M\u00e1quina de descascador de milho<\/td><\/tr><tr><td>Pot\u00eancia<\/td><td>Motor el\u00e9trico de 5,5kw ou motor diesel de 12hp<\/td><\/tr><tr><td>Capacidade<\/td><td>300-500kg\/h<\/td><\/tr><tr><td>Peso<\/td><td>100kg<\/td><\/tr><tr><td>Tamanho<\/td><td>660*450*1020mm<\/td><\/tr><\/tbody><\/table><figcaption class=\"wp-element-caption\">corn skin peeler&#8217;s parameter <\/figcaption><\/figure>    <h2 class=\"wp-block-heading\" id=\"h-what-is-the-corn-peeling-machine-price\">Qual \u00e9 o pre\u00e7o da m\u00e1quina de descascamento de milho?<\/h2>    <p class=\"translation-block\">Primeiro, voc\u00ea precisa esclarecer qual tipo de m\u00e1quina de descascamento de milho deseja. Temos esta pequena m\u00e1quina de descascamento de pele de milho, bem como uma m\u00e1quina especial de fabrica\u00e7\u00e3o de grits de milho (<strong><em><a href=\"https:\/\/www.agriculture-machine.com\/pt\/what-is-maize-flour-making-machine-price\/\">Qual \u00e9 o pre\u00e7o da m\u00e1quina de farinha de milho<\/a><\/em><\/strong>), esta m\u00e1quina tamb\u00e9m pode remover a pele branca do milho. Mas os pre\u00e7os dessas duas m\u00e1quinas s\u00e3o muito diferentes.<\/p>    <p>Al\u00e9m disso, nossas m\u00e1quinas de descascamento de gr\u00e3os de milho podem ser equipadas com motores el\u00e9tricos e motores diesel, portanto, o pre\u00e7o n\u00e3o \u00e9 fixo. Ent\u00e3o, se deseja saber o pre\u00e7o da m\u00e1quina de descascamento de milho, por favor, informe o efeito que deseja processar no milho.<\/p>    <figure class=\"wp-block-embed aligncenter is-type-video is-provider-youtube wp-block-embed-youtube wp-embed-aspect-16-9 wp-has-aspect-ratio\"><div class=\"wp-block-embed__wrapper\"> <iframe loading=\"lazy\" title=\"M\u00e1quina de descascamento de gr\u00e3os de alto desempenho: Perfeita para trigo, milho e cevada!#gr\u00e3o #descascamento\" width=\"500\" height=\"281\" src=\"https:\/\/www.youtube.com\/embed\/0wQ4TkY_6SY?feature=oembed\" frameborder=\"0\" allow=\"accelerometer; autoplay; clipboard-write; encrypted-media; gyroscope; picture-in-picture; web-share\" referrerpolicy=\"strict-origin-when-cross-origin\" allowfullscreen><\/iframe> <\/div><figcaption class=\"wp-element-caption\">V\u00eddeo de funcionamento da m\u00e1quina de descascamento de gr\u00e3os de milho<\/figcaption><\/figure>    <h2 class=\"wp-block-heading\">Benef\u00edcios de descascar a pele do milho<\/h2>    <p>As cascas de milho, um subproduto do processamento de milho, s\u00e3o compostas principalmente por fibra, amido e prote\u00edna, e n\u00e3o s\u00e3o t\u00e3o nutritivas quanto o restante. Al\u00e9m disso, o sabor da casca de milho \u00e9 muito pobre. <\/p>    <p>Ao processar farinha de milho, grits de milho e alimentos de milho, o fabricante descasca a pele do milho antes de um processamento adicional.<\/p>    <ul class=\"wp-block-list\"> <li>Ao descascar o milho, a casca produzida pelo equipamento de processamento de milho \u00e9 menor, o que pode melhorar a qualidade do produto.<\/li>    <li>O embri\u00e3o e o endosperma do milho s\u00e3o envoltos pela pele. Ap\u00f3s o descascamento, \u00e9 f\u00e1cil de separar, o que pode melhorar a efici\u00eancia da determina\u00e7\u00e3o.<\/li>    <li>Ap\u00f3s o descascamento, pode melhorar a qualidade comest\u00edvel de v\u00e1rios alimentos produzidos a partir do milho.<\/li>    <li>A casca externa do milho provavelmente cont\u00e9m subst\u00e2ncias nocivas, que podem ser removidas por descasque, melhorando a pureza do produto.<\/li> <\/ul>    <figure class=\"wp-block-gallery has-nested-images columns-default is-cropped wp-block-gallery-3 is-layout-flex wp-block-gallery-is-layout-flex\"> <figure class=\"wp-block-image size-large\"><img loading=\"lazy\" decoding=\"async\" width=\"720\" height=\"540\" data-id=\"16361\" src=\"https:\/\/www.agriculture-machine.com\/wp-content\/uploads\/2021\/04\/maize-kernel-peeler.webp\" alt=\"descascador de gr\u00e3os de milho\" class=\"wp-image-16361\" srcset=\"https:\/\/www.agriculture-machine.com\/wp-content\/uploads\/2021\/04\/maize-kernel-peeler.webp 720w, https:\/\/www.agriculture-machine.com\/wp-content\/uploads\/2021\/04\/maize-kernel-peeler-360x270.webp 360w, https:\/\/www.agriculture-machine.com\/wp-content\/uploads\/2021\/04\/maize-kernel-peeler-240x180.webp 240w, https:\/\/www.agriculture-machine.com\/wp-content\/uploads\/2021\/04\/maize-kernel-peeler-16x12.webp 16w\" sizes=\"auto, (max-width: 720px) 100vw, 720px\" \/><figcaption class=\"wp-element-caption\">descascador de gr\u00e3os de milho<\/figcaption><\/figure>    <figure class=\"wp-block-image size-large\"><img loading=\"lazy\" decoding=\"async\" width=\"720\" height=\"540\" data-id=\"16362\" src=\"https:\/\/www.agriculture-machine.com\/wp-content\/uploads\/2021\/04\/corn-kernel-peel-remover.webp\" alt=\"Removedor de pele de gr\u00e3os de milho\" class=\"wp-image-16362\" srcset=\"https:\/\/www.agriculture-machine.com\/wp-content\/uploads\/2021\/04\/corn-kernel-peel-remover.webp 720w, https:\/\/www.agriculture-machine.com\/wp-content\/uploads\/2021\/04\/corn-kernel-peel-remover-360x270.webp 360w, https:\/\/www.agriculture-machine.com\/wp-content\/uploads\/2021\/04\/corn-kernel-peel-remover-240x180.webp 240w, https:\/\/www.agriculture-machine.com\/wp-content\/uploads\/2021\/04\/corn-kernel-peel-remover-16x12.webp 16w\" sizes=\"auto, (max-width: 720px) 100vw, 720px\" \/><figcaption class=\"wp-element-caption\">Removedor de pele de gr\u00e3os de milho<\/figcaption><\/figure> <\/figure>    <h2 class=\"wp-block-heading\" id=\"h-which-countries-have-we-exported\">Para quais pa\u00edses nossas m\u00e1quinas foram exportadas?<\/h2>    <p>Embale cuidadosamente as m\u00e1quinas de descascamento de gr\u00e3os de milho exportadas para evitar colis\u00f5es durante o transporte. Atualmente, exportamos para Ucr\u00e2nia, Nig\u00e9ria, Gana, Marrocos, Bangladesh, Filipinas, Mal\u00e1sia, etc. Abaixo est\u00e3o as fotos de embalagem e envio de nossos mini descascadores de milho para nossos clientes de Marrocos.<\/p>    <p>O cliente possui uma loja que vende diversos equipamentos agr\u00edcolas pequenos. Ao conhecer, descobriu que havia uma demanda local por descascamento de milho. Ent\u00e3o, ele quer comprar v\u00e1rias m\u00e1quinas de descascamento de milho. E, finalmente, fez um pedido de 20 conjuntos de descascador de pele de milho.<\/p>    <figure class=\"wp-block-gallery has-nested-images columns-2 is-cropped wp-block-gallery-4 is-layout-flex wp-block-gallery-is-layout-flex\"> <figure class=\"wp-block-image size-large\"><a href=\"https:\/\/www.agriculture-machine.com\/wp-content\/uploads\/2022\/04\/wooden-case-packing-of-corn-skin-remover-.jpg\"><img loading=\"lazy\" decoding=\"async\" width=\"720\" height=\"540\" data-id=\"13004\" src=\"https:\/\/www.agriculture-machine.com\/wp-content\/uploads\/2022\/04\/wooden-case-packing-of-corn-skin-remover-.jpg\" alt=\"Embalagem em caixa de madeira do removedor de pele de milho \" class=\"wp-image-13004\" title=\"Embalagem em caixa de madeira do removedor de pele de milho \" srcset=\"https:\/\/www.agriculture-machine.com\/wp-content\/uploads\/2022\/04\/wooden-case-packing-of-corn-skin-remover-.jpg 720w, https:\/\/www.agriculture-machine.com\/wp-content\/uploads\/2022\/04\/wooden-case-packing-of-corn-skin-remover--360x270.jpg 360w, https:\/\/www.agriculture-machine.com\/wp-content\/uploads\/2022\/04\/wooden-case-packing-of-corn-skin-remover--240x180.jpg 240w\" sizes=\"auto, (max-width: 720px) 100vw, 720px\" \/><\/a><figcaption class=\"wp-element-caption\">Embalagem em caixa de madeira do removedor de pele de milho<\/figcaption><\/figure>    <figure class=\"wp-block-image size-large\"><a href=\"https:\/\/www.agriculture-machine.com\/wp-content\/uploads\/2022\/04\/laoding-and-shipping-of-corn-kernel-peeler-.jpg\"><img loading=\"lazy\" decoding=\"async\" width=\"720\" height=\"540\" data-id=\"13007\" src=\"https:\/\/www.agriculture-machine.com\/wp-content\/uploads\/2022\/04\/laoding-and-shipping-of-corn-kernel-peeler-.jpg\" alt=\"Carregamento e envio do descascador de gr\u00e3os de milho\" class=\"wp-image-13007\" title=\"Carregamento e envio do descascador de gr\u00e3os de milho\" srcset=\"https:\/\/www.agriculture-machine.com\/wp-content\/uploads\/2022\/04\/laoding-and-shipping-of-corn-kernel-peeler-.jpg 720w, https:\/\/www.agriculture-machine.com\/wp-content\/uploads\/2022\/04\/laoding-and-shipping-of-corn-kernel-peeler--360x270.jpg 360w, https:\/\/www.agriculture-machine.com\/wp-content\/uploads\/2022\/04\/laoding-and-shipping-of-corn-kernel-peeler--240x180.jpg 240w\" sizes=\"auto, (max-width: 720px) 100vw, 720px\" \/><\/a><figcaption class=\"wp-element-caption\">Carregamento e envio do descascador de gr\u00e3os de milho<\/figcaption><\/figure> <\/figure>    <h2 class=\"wp-block-heading\" id=\"h-client-feedback-on-maize-skin-peeler\">Feedback do cliente sobre o descascador de pele de milho<\/h2>    <p>Nossos clientes est\u00e3o cheios de elogios \u00e0s m\u00e1quinas exportadas. Porque embalamos a m\u00e1quina com seguran\u00e7a antes da exporta\u00e7\u00e3o para evitar colis\u00f5es durante o transporte. Ap\u00f3s o recebimento, orientamos cuidadosamente como instalar e usar a m\u00e1quina. Portanto, o feedback dos nossos clientes \u00e9 muito positivo.<\/p>    <figure class=\"wp-block-image aligncenter size-full wp-image-9945\"><img loading=\"lazy\" decoding=\"async\" width=\"720\" height=\"540\" src=\"https:\/\/www.agriculture-machine.com\/wp-content\/uploads\/2021\/04\/Client-Feedback-of-Corn-Skin-Peeler.jpg\" alt=\"Feedback-do-Cliente-do-Descascador-de-Pele-de-Milho\" class=\"wp-image-9945\" srcset=\"https:\/\/www.agriculture-machine.com\/wp-content\/uploads\/2021\/04\/Client-Feedback-of-Corn-Skin-Peeler.jpg 720w, https:\/\/www.agriculture-machine.com\/wp-content\/uploads\/2021\/04\/Client-Feedback-of-Corn-Skin-Peeler-360x270.jpg 360w, https:\/\/www.agriculture-machine.com\/wp-content\/uploads\/2021\/04\/Client-Feedback-of-Corn-Skin-Peeler-240x180.jpg 240w\" sizes=\"auto, (max-width: 720px) 100vw, 720px\" \/><figcaption class=\"wp-element-caption\">Feedback-do-Cliente-do-Descascador-de-Pele-de-Milho<\/figcaption><\/figure>    <p>Se estiver interessado em nossas m\u00e1quinas ou desejar informa\u00e7\u00f5es mais detalhadas, pode preencher suas necessidades espec\u00edficas diretamente pelo formul\u00e1rio \u00e0 direita. Responderemos a voc\u00ea em tempo h\u00e1bil!<\/p>","protected":false},"excerpt":{"rendered":"<p>A m\u00e1quina de descascamento de gr\u00e3os de milho remove a pele branca do exterior do milho. O milho descascado pode ser usado para fazer grits de milho, etc.<\/p>","protected":false},"author":1,"featured_media":12983,"parent":0,"comment_status":"closed","ping_status":"closed","template":"","tags":[491,2613],"product-type":[874],"class_list":["post-9922","product","type-product","status-publish","has-post-thumbnail","hentry","tag-corn","tag-peeling","product-type-grains-peeling-machine"],"_links":{"self":[{"href":"https:\/\/www.agriculture-machine.com\/pt\/wp-json\/wp\/v2\/product\/9922","targetHints":{"allow":["GET"]}}],"collection":[{"href":"https:\/\/www.agriculture-machine.com\/pt\/wp-json\/wp\/v2\/product"}],"about":[{"href":"https:\/\/www.agriculture-machine.com\/pt\/wp-json\/wp\/v2\/types\/product"}],"author":[{"embeddable":true,"href":"https:\/\/www.agriculture-machine.com\/pt\/wp-json\/wp\/v2\/users\/1"}],"replies":[{"embeddable":true,"href":"https:\/\/www.agriculture-machine.com\/pt\/wp-json\/wp\/v2\/comments?post=9922"}],"wp:featuredmedia":[{"embeddable":true,"href":"https:\/\/www.agriculture-machine.com\/pt\/wp-json\/wp\/v2\/media\/12983"}],"wp:attachment":[{"href":"https:\/\/www.agriculture-machine.com\/pt\/wp-json\/wp\/v2\/media?parent=9922"}],"wp:term":[{"taxonomy":"post_tag","embeddable":true,"href":"https:\/\/www.agriculture-machine.com\/pt\/wp-json\/wp\/v2\/tags?post=9922"},{"taxonomy":"product-type","embeddable":true,"href":"https:\/\/www.agriculture-machine.com\/pt\/wp-json\/wp\/v2\/product-type?post=9922"}],"curies":[{"name":"wp","href":"https:\/\/api.w.org\/{rel}","templated":true}]}}