{"id":9924,"date":"2021-04-14T16:11:54","date_gmt":"2021-04-14T08:11:54","guid":{"rendered":"https:\/\/www.agriculture-machine.com\/?p=9924"},"modified":"2024-08-20T17:43:13","modified_gmt":"2024-08-20T09:43:13","slug":"vegetable-seed-planters-vegetable-sowing-machine","status":"publish","type":"product","link":"https:\/\/www.agriculture-machine.com\/pt\/vegetable-seed-planters-vegetable-sowing-machine\/","title":{"rendered":"Plantadeiras de legumes | M\u00e1quina de semear legumes"},"content":{"rendered":"<h2 class=\"wp-block-heading\">Breve introdu\u00e7\u00e3o \u00e0s semeadoras de sementes de legumes<\/h2>    <p>Uma semeadora de legumes \u00e9 uma m\u00e1quina de semear altamente automatizada. Pode usar moldes de roda diferentes para diferentes tipos de legumes. <\/p>    <p>\u00c9 adequado para plantar cenouras, beterrabas, azeitonas, br\u00f3colos, mostarda, nabo branco, couve-r\u00e1bano, espinafre, amaranto, aipo, cebolas verdes, coentros, algas marinhas, couve, r\u00facula, water spinach, e outros legumes. As semeadoras de sementes de legumes podem tornar o plantio mais r\u00e1pido e eficiente.<\/p>    <figure class=\"wp-block-embed aligncenter is-type-video is-provider-youtube wp-block-embed-youtube wp-embed-aspect-16-9 wp-has-aspect-ratio\"><div class=\"wp-block-embed__wrapper\"> <iframe loading=\"lazy\" title=\"M\u00e1quina de semear legumes | M\u00e1quina de semear sementes de legumes | semeadora manual de sementes de legumes\" width=\"500\" height=\"281\" src=\"https:\/\/www.youtube.com\/embed\/KYVzcSCBFWg?list=PL58YSJlfYgUlvljp-hHHOMNqePkLFUp2k\" frameborder=\"0\" allow=\"accelerometer; autoplay; clipboard-write; encrypted-media; gyroscope; picture-in-picture; web-share\" referrerpolicy=\"strict-origin-when-cross-origin\" allowfullscreen><\/iframe> <\/div><figcaption class=\"wp-element-caption\">v\u00eddeo de funcionamento do equipamento de planta\u00e7\u00e3o de legumes de precis\u00e3o<\/figcaption><\/figure>    <h2 class=\"wp-block-heading\">Estruturas da m\u00e1quina de semear legumes<\/h2>    <p>Uma m\u00e1quina de semear legumes \u00e9 composta por um rolo, caixas de sementes, dispositivo de medi\u00e7\u00e3o de sementes, escavador de valas, cobertura de solo, ferramentas, pneus, motor a gasolina, apoio de bra\u00e7o, etc. O rolo fornece energia para o dispositivo de medi\u00e7\u00e3o de sementes, com um di\u00e2metro grande e uma garra de aperto na borda. <\/p>    <p>A roda de repress\u00e3o tem um di\u00e2metro pequeno e uma superf\u00edcie lisa, e algumas s\u00e3o cobertas com borracha para evitar argila devido \u00e0 elasticidade da borracha. Estas duas rodas tamb\u00e9m desempenham o papel de perfilagem do terreno e limita\u00e7\u00e3o de profundidade. Os modos das caixas de sementes variam consoante a semeadura de legumes. Pode alter\u00e1-los facilmente e livremente.<\/p>    <figure class=\"wp-block-image aligncenter size-full wp-image-9928\"><img loading=\"lazy\" decoding=\"async\" width=\"720\" height=\"540\" src=\"https:\/\/www.agriculture-machine.com\/wp-content\/uploads\/2021\/04\/structures-of-vegetable-seed-sowing-machine.jpg\" alt=\"estruturas da m\u00e1quina de semear sementes de legumes\" class=\"wp-image-9928\" srcset=\"https:\/\/www.agriculture-machine.com\/wp-content\/uploads\/2021\/04\/structures-of-vegetable-seed-sowing-machine.jpg 720w, https:\/\/www.agriculture-machine.com\/wp-content\/uploads\/2021\/04\/structures-of-vegetable-seed-sowing-machine-360x270.jpg 360w, https:\/\/www.agriculture-machine.com\/wp-content\/uploads\/2021\/04\/structures-of-vegetable-seed-sowing-machine-240x180.jpg 240w\" sizes=\"auto, (max-width: 720px) 100vw, 720px\" \/><figcaption class=\"wp-element-caption\">estruturas da m\u00e1quina de semear sementes de legumes<\/figcaption><\/figure>    <h2 class=\"wp-block-heading\">Vantagens de usar a m\u00e1quina de semear sementes<\/h2>    <ol class=\"wp-block-list\"> <li>Poupa tempo e muito trabalho. Em compara\u00e7\u00e3o com o semear manual, a velocidade das semeadoras de legumes \u00e9 mais de 15 vezes maior que a dos trabalhadores.<\/li>    <li>O efeito de semear tamb\u00e9m \u00e9 melhor. As mudas de uma \u00fanica planta s\u00e3o mais fortes, e a produ\u00e7\u00e3o pode aumentar de 10 a 20%.<\/li>    <li>Esta m\u00e1quina \u00e9 f\u00e1cil de operar. \u00c9 popular entre as pessoas que plantam legumes.<\/li>    <li>\u00c9 adequada para v\u00e1rios tipos de semeadura de legumes. A investiga\u00e7\u00e3o e desenvolvimento de semeadoras de sementes de legumes passaram por anos de melhorias e avan\u00e7os. Pode atender \u00e0s necessidades dos clientes em todos os aspetos e \u00e9 adequada para o plantio de v\u00e1rios tipos de legumes.<\/li>    <li>A equipa de investiga\u00e7\u00e3o e desenvolvimento de tecnologia central dos fabricantes de semeadoras de legumes \u00e9 forte. Durante o desenvolvimento do processo, podem ser considerados totalmente os requisitos e detalhes do processo de semear preciso. Assim, o processo de semear legumes pode ser mais profissional e altamente eficiente.<\/li> <\/ol>    <figure class=\"wp-block-image aligncenter size-full wp-image-9929\"><img loading=\"lazy\" decoding=\"async\" width=\"720\" height=\"540\" src=\"https:\/\/www.agriculture-machine.com\/wp-content\/uploads\/2021\/04\/vegetable-seed-sowing.jpg\" alt=\"semear legumes\" class=\"wp-image-9929\" srcset=\"https:\/\/www.agriculture-machine.com\/wp-content\/uploads\/2021\/04\/vegetable-seed-sowing.jpg 720w, https:\/\/www.agriculture-machine.com\/wp-content\/uploads\/2021\/04\/vegetable-seed-sowing-360x270.jpg 360w, https:\/\/www.agriculture-machine.com\/wp-content\/uploads\/2021\/04\/vegetable-seed-sowing-240x180.jpg 240w\" sizes=\"auto, (max-width: 720px) 100vw, 720px\" \/><figcaption class=\"wp-element-caption\">semear legumes<\/figcaption><\/figure>    <h2 class=\"wp-block-heading\">Princ\u00edpio de funcionamento da m\u00e1quina de semear sementes de legumes<\/h2>    <p>O princ\u00edpio de funcionamento das semeadoras de legumes \u00e9 usar o sistema de controlo de rel\u00f3gio para controlar precisamente o n\u00famero de sementes seguintes. <\/p>    <p>Ao semear, pode ajustar de acordo com a dist\u00e2ncia, e as sementes podem ser enterradas no solo de forma regular, podendo tamb\u00e9m ajustar a profundidade. <\/p>    <p>Isto pode melhorar o efeito do plantio, reduzir o trabalho de agachar-se manualmente para verificar o crescimento das plantas, e evitar a necessidade de verificar o crescimento das plantas a qualquer momento.<\/p>    <h2 class=\"wp-block-heading\">Exporta\u00e7\u00e3o de m\u00e1quina de semear legumes<\/h2>    <p class=\"translation-block\"><a href=\"https:\/\/www.agriculture-machine.com\/pt\/\">Zhengzhou Taizy Machinery Co., Ltd<\/a> tem estado envolvida na exporta\u00e7\u00e3o de maquinaria e equipamentos h\u00e1 10 anos. As cidades de exporta\u00e7\u00e3o de maquinaria incluem mais de 100 pa\u00edses de todos os continentes do mundo. <\/p>    <p class=\"translation-block\">Tamb\u00e9m temos \u00e0 venda <a href=\"https:\/\/www.agriculture-machine.com\/pt\/hand-operated-maize-corn-planter-machine-peanut-plant\/\">m\u00e1quina manual de planta\u00e7\u00e3o de milho<\/a> e m\u00e1quinas de planta\u00e7\u00e3o de amendoim, pode escolher de acordo com as suas necessidades. As nossas semeadoras de sementes de legumes est\u00e3o bem embaladas e as m\u00e1quinas de exporta\u00e7\u00e3o n\u00e3o ser\u00e3o danificadas. <\/p>    <p>Fornecemos servi\u00e7o p\u00f3s-venda completo para a m\u00e1quina. Se encontrar dificuldades durante a instala\u00e7\u00e3o ou uso, pode contactar a nossa equipa a qualquer momento, e ajudaremos a resolv\u00ea-las o mais r\u00e1pido poss\u00edvel.<\/p>    <figure class=\"wp-block-image aligncenter size-full wp-image-9991\"><img loading=\"lazy\" decoding=\"async\" width=\"720\" height=\"540\" src=\"https:\/\/www.agriculture-machine.com\/wp-content\/uploads\/2021\/04\/seed-discs.jpg\" alt=\"Discos de sementes de semeadora de legumes\" class=\"wp-image-9991\" srcset=\"https:\/\/www.agriculture-machine.com\/wp-content\/uploads\/2021\/04\/seed-discs.jpg 720w, https:\/\/www.agriculture-machine.com\/wp-content\/uploads\/2021\/04\/seed-discs-360x270.jpg 360w, https:\/\/www.agriculture-machine.com\/wp-content\/uploads\/2021\/04\/seed-discs-240x180.jpg 240w\" sizes=\"auto, (max-width: 720px) 100vw, 720px\" \/><figcaption class=\"wp-element-caption\">discos de sementes<\/figcaption><\/figure>    <h2 class=\"wp-block-heading\">Par\u00e2metros t\u00e9cnicos da m\u00e1quina de semear sementes<\/h2>    <figure class=\"wp-block-table is-style-stripes\"><table><tbody><tr><td>Nome<\/td><td>Semeadora de legumes<\/td><\/tr><tr><td>Modelo<\/td><td>SC-9<\/td><\/tr><tr><td>Fileiras<\/td><td>1-14<\/td><\/tr><tr><td>Sementes<\/td><td>espinafre, cenoura, aipo, etc.<\/td><\/tr><tr><td>Pot\u00eancia<\/td><td>Motor a gasolina<\/td><\/tr><tr><td>Tamanho da Embalagem<\/td><td>116*126*87cm<\/td><\/tr><tr><td>Peso<\/td><td>160kg<\/td><\/tr><\/tbody><\/table><figcaption class=\"wp-element-caption\">par\u00e2metros das semeadoras de sementes de legumes<\/figcaption><\/figure>    <h2 class=\"wp-block-heading\">Perguntas Frequentes<\/h2>   <div id=\"rank-math-faq\" class=\"rank-math-block\"> <div class=\"rank-math-list\"> <div id=\"faq-question-1709536974282\" class=\"rank-math-list-item\"> <h3 class=\"rank-math-question\">Por que esta m\u00e1quina \u00e9 adequada para diferentes semeaduras de legumes?<\/h3> <div class=\"rank-math-answer\">  <p>Fornecemos diferentes modelos de caixas de sementes. Moldes de rodas diferentes para diferentes tipos de legumes.<\/p>  <\/div> <\/div> <div id=\"faq-question-1709536980970\" class=\"rank-math-list-item\"> <h3 class=\"rank-math-question\">Ser\u00e1 demasiado denso ou demasiado solto o espa\u00e7amento das sementes?<\/h3> <div class=\"rank-math-answer\">  <p>Pode ajustar o espa\u00e7amento das sementes mudando a engrenagem do semeador de legumes e os discos de semear.<\/p>  <\/div> <\/div> <div id=\"faq-question-1709537012297\" class=\"rank-math-list-item\"> <h3 class=\"rank-math-question\">Que fun\u00e7\u00f5es tem a m\u00e1quina de semear sementes de legumes?<\/h3> <div class=\"rank-math-answer\">  <p class=\"translation-block\">O rolo da m\u00e1quina de semear pode nivelar a terra. A caixa de sementes pode armazenar v\u00e1rios <a href=\"https:\/\/en.wikipedia.org\/wiki\/Vegetable\" target=\"_blank\" rel=\"noopener\">legumes<\/a> sementes. Depois, pode trocar os discos de sementes conforme as suas necessidades para diferentes tipos de planta\u00e7\u00e3o de legumes e espa\u00e7os de planta\u00e7\u00e3o. Torna o seu processo de semear mais f\u00e1cil e eficiente.<\/p>  <\/div> <\/div> <\/div> <\/div>   <h2 class=\"wp-block-heading\">Contate-nos a qualquer momento<\/h2>    <p>If you are interested in our seeder or have any questions, don&#8217;t hesitate to contact us! Our enthusiastic customer service team is always ready to provide you with professional advice and support. Meanwhile, we sincerely welcome you to visit our factory and witness the excellent quality and advanced technology of our products. We look forward to serving you!<\/p>","protected":false},"excerpt":{"rendered":"<p>As semeadoras de legumes s\u00e3o ben\u00e9ficas para uma semeadura de legumes precisa. Facilita e torna mais eficiente o plantio de legumes.<\/p>","protected":false},"author":1,"featured_media":9930,"parent":0,"comment_status":"closed","ping_status":"closed","template":"","tags":[927,926,928,929,930],"product-type":[870,885],"class_list":["post-9924","product","type-product","status-publish","has-post-thumbnail","hentry","tag-onion-seedlings","tag-pumpkin-seedlings","tag-vegetable-seed-planters","tag-vegetable-seed-sowing","tag-vegetable-seedling","product-type-planter","product-type-vegetable-planter"],"_links":{"self":[{"href":"https:\/\/www.agriculture-machine.com\/pt\/wp-json\/wp\/v2\/product\/9924","targetHints":{"allow":["GET"]}}],"collection":[{"href":"https:\/\/www.agriculture-machine.com\/pt\/wp-json\/wp\/v2\/product"}],"about":[{"href":"https:\/\/www.agriculture-machine.com\/pt\/wp-json\/wp\/v2\/types\/product"}],"author":[{"embeddable":true,"href":"https:\/\/www.agriculture-machine.com\/pt\/wp-json\/wp\/v2\/users\/1"}],"replies":[{"embeddable":true,"href":"https:\/\/www.agriculture-machine.com\/pt\/wp-json\/wp\/v2\/comments?post=9924"}],"wp:featuredmedia":[{"embeddable":true,"href":"https:\/\/www.agriculture-machine.com\/pt\/wp-json\/wp\/v2\/media\/9930"}],"wp:attachment":[{"href":"https:\/\/www.agriculture-machine.com\/pt\/wp-json\/wp\/v2\/media?parent=9924"}],"wp:term":[{"taxonomy":"post_tag","embeddable":true,"href":"https:\/\/www.agriculture-machine.com\/pt\/wp-json\/wp\/v2\/tags?post=9924"},{"taxonomy":"product-type","embeddable":true,"href":"https:\/\/www.agriculture-machine.com\/pt\/wp-json\/wp\/v2\/product-type?post=9924"}],"curies":[{"name":"wp","href":"https:\/\/api.w.org\/{rel}","templated":true}]}}