{"id":9960,"date":"2021-04-16T10:56:11","date_gmt":"2021-04-16T02:56:11","guid":{"rendered":"https:\/\/www.agriculture-machine.com\/?p=9960"},"modified":"2024-09-23T11:21:59","modified_gmt":"2024-09-23T03:21:59","slug":"garlic-planting-machine-garlic-planter-for-sale-method-of-planting-garlic","status":"publish","type":"product","link":"https:\/\/www.agriculture-machine.com\/pt\/garlic-planting-machine-garlic-planter-for-sale-method-of-planting-garlic\/","title":{"rendered":"Plantador de alho | M\u00e1quina de semear alho \u00e0 venda"},"content":{"rendered":"<h2 class=\"wp-block-heading\">Breve introdu\u00e7\u00e3o da m\u00e1quina de planta\u00e7\u00e3o de alho<\/h2>    <p class=\"translation-block\">A <strong>m\u00e1quina de planta\u00e7\u00e3o de alho<\/strong> \u00e9 um tipo de plantadora agr\u00edcola adequada para o plantio de alho em grande escala e mecanizado. Diferentes tipos de plantadoras de alho est\u00e3o equipados com diferentes pot\u00eancias.<\/p>    <p>Esta m\u00e1quina de planta\u00e7\u00e3o de alho est\u00e1 equipada com um sistema de posicionamento preciso para garantir que cada semente de alho seja colocada e plantada com precis\u00e3o, maximizando o sucesso da semeadura.<\/p>    <figure class=\"wp-block-embed is-type-video is-provider-youtube wp-block-embed-youtube wp-embed-aspect-16-9 wp-has-aspect-ratio\"><div class=\"wp-block-embed__wrapper\"> <iframe loading=\"lazy\" title=\"Plantadora de alho, M\u00e1quina de planta\u00e7\u00e3o de alho, Planta\u00e7\u00e3o autom\u00e1tica de alho, M\u00e9todo de semear alho\" width=\"500\" height=\"281\" src=\"https:\/\/www.youtube.com\/embed\/aze8r_tBbwc?feature=oembed\" frameborder=\"0\" allow=\"accelerometer; autoplay; clipboard-write; encrypted-media; gyroscope; picture-in-picture; web-share\" referrerpolicy=\"strict-origin-when-cross-origin\" allowfullscreen><\/iframe> <\/div><figcaption class=\"wp-element-caption\">local de trabalho eficiente para planta\u00e7\u00e3o de alho<\/figcaption><\/figure>    <p class=\"translation-block\">Pode ser equipada com um motor a gasolina para uso independente, ou pode ser usada em conjunto com pequenos e m\u00e9dios <a href=\"https:\/\/www.agriculture-machine.com\/pt\/walking-tractor-simplicity-walking-tractor\/\">tractores agr\u00edcolas<\/a> comumente utilizados pelos agricultores. Plantar alho manualmente tem baixa efici\u00eancia e alto custo de tempo. Usar uma plantadora mec\u00e2nica de alho pode economizar custos de m\u00e3o-de-obra e trazer maiores benef\u00edcios econ\u00f3micos.<\/p>    <figure class=\"wp-block-image aligncenter size-full wp-image-9977\"><img loading=\"lazy\" decoding=\"async\" width=\"720\" height=\"540\" src=\"https:\/\/www.agriculture-machine.com\/wp-content\/uploads\/2021\/04\/plant-garlic.jpg\" alt=\"plantar alho\" class=\"wp-image-9977\" srcset=\"https:\/\/www.agriculture-machine.com\/wp-content\/uploads\/2021\/04\/plant-garlic.jpg 720w, https:\/\/www.agriculture-machine.com\/wp-content\/uploads\/2021\/04\/plant-garlic-360x270.jpg 360w, https:\/\/www.agriculture-machine.com\/wp-content\/uploads\/2021\/04\/plant-garlic-240x180.jpg 240w\" sizes=\"auto, (max-width: 720px) 100vw, 720px\" \/><figcaption class=\"wp-element-caption\">plantar alho<\/figcaption><\/figure>    <h2 class=\"wp-block-heading\">Estrutura da m\u00e1quina de semear alho<\/h2>    <p>A plantadora de alho \u00e9 composta por caixas para alho, correia transportadora, roda dianteira, roda traseira, redutor, colhere de disco, corrente de transmiss\u00e3o, engrenagem, controle de dist\u00e2ncia entre as linhas, ajuste de profundidade, entre outros.<\/p>    <p>As rodas dianteira e traseira podem nivelar o solo. O colhere de disco \u00e9 respons\u00e1vel por cavar valas para enterrar as sementes. A profundidade da vala e a dist\u00e2ncia entre as esp\u00e9cies podem ser ajustadas por si. O engrenagem e o dispositivo de correia transportadora s\u00e3o respons\u00e1veis por transportar as sementes. O processo de opera\u00e7\u00e3o autom\u00e1tica torna o plantio de alho mais f\u00e1cil.<\/p>    <figure class=\"wp-block-image aligncenter size-full wp-image-9976\"><img loading=\"lazy\" decoding=\"async\" width=\"720\" height=\"540\" src=\"https:\/\/www.agriculture-machine.com\/wp-content\/uploads\/2021\/04\/structure-of-garlic-planter.jpg\" alt=\"estrutura da m\u00e1quina de planta\u00e7\u00e3o de alho\" class=\"wp-image-9976\" srcset=\"https:\/\/www.agriculture-machine.com\/wp-content\/uploads\/2021\/04\/structure-of-garlic-planter.jpg 720w, https:\/\/www.agriculture-machine.com\/wp-content\/uploads\/2021\/04\/structure-of-garlic-planter-360x270.jpg 360w, https:\/\/www.agriculture-machine.com\/wp-content\/uploads\/2021\/04\/structure-of-garlic-planter-240x180.jpg 240w\" sizes=\"auto, (max-width: 720px) 100vw, 720px\" \/><figcaption class=\"wp-element-caption\">estrutura da m\u00e1quina de planta\u00e7\u00e3o de alho<\/figcaption><\/figure>    <h2 class=\"wp-block-heading\">Vantagens de usar uma plantadora de alho<\/h2>    <p>1. A configura\u00e7\u00e3o eficaz e razo\u00e1vel da m\u00e1quina garante um processo de opera\u00e7\u00e3o est\u00e1vel, confi\u00e1vel e eficiente.<br>2. Ajustar rapidamente a dire\u00e7\u00e3o das sementes de alho para que fiquem voltadas para cima, garantindo a taxa de sobreviv\u00eancia do plantio.<br>3. A planta\u00e7\u00e3o autom\u00e1tica de alho pode economizar custos de m\u00e3o-de-obra. A \u00e1rea de plantio \u00e9 grande, e \u00e9 caro usar plantio artificial. O uso de m\u00e1quinas pode economizar custos e melhorar a efici\u00eancia econ\u00f3mica.<br>4. A densidade de plantio \u00e9 razo\u00e1vel e a semeadura \u00e9 uniforme. Melhore a taxa de sobreviv\u00eancia da semeadura e a produtividade do plantio de alho.<\/p>    <figure class=\"wp-block-image aligncenter size-full wp-image-9978\"><img loading=\"lazy\" decoding=\"async\" width=\"720\" height=\"540\" src=\"https:\/\/www.agriculture-machine.com\/wp-content\/uploads\/2021\/04\/garlic-harvesting.jpg\" alt=\"colheita de alho\" class=\"wp-image-9978\" srcset=\"https:\/\/www.agriculture-machine.com\/wp-content\/uploads\/2021\/04\/garlic-harvesting.jpg 720w, https:\/\/www.agriculture-machine.com\/wp-content\/uploads\/2021\/04\/garlic-harvesting-360x270.jpg 360w, https:\/\/www.agriculture-machine.com\/wp-content\/uploads\/2021\/04\/garlic-harvesting-240x180.jpg 240w\" sizes=\"auto, (max-width: 720px) 100vw, 720px\" \/><figcaption class=\"wp-element-caption\">colheita de alho<\/figcaption><\/figure>    <h2 class=\"wp-block-heading\">Princ\u00edpio de funcionamento da plantadora de alho<\/h2>    <p>As sementes de alho s\u00e3o colocadas nas caixas de sementes. O dispositivo de energia faz a plantadora de alho mover-se. A roda de aterragem faz a engrenagem girar. A roda e a engrenagem giram sincronamente sob a a\u00e7\u00e3o da corrente de transmiss\u00e3o. A roda faz a correia transportadora transportar as sementes de alho. <\/p>    <p>A plantadora mec\u00e2nica de alho tem uma estrutura simples. \u00c9 conveniente de usar. E pode melhorar a efici\u00eancia do trabalho e a qualidade do plantio. <\/p>    <p>Existem diferentes tipos de m\u00e1quinas. M\u00e1quinas pequenas, como uma plantadora de alho de 4 fileiras e uma de 5 fileiras, est\u00e3o equipadas com um motor a diesel. <\/p>    <p>M\u00e1quinas grandes, como uma plantadora de alho de 10 fileiras, podem ser alimentadas por tratores. Existem v\u00e1rios tipos de m\u00e1quinas, e recomendaremos as m\u00e1quinas adequadas para si.<\/p>    <h2 class=\"wp-block-heading\">Par\u00e2metros da plantadora de alho<\/h2>    <figure class=\"wp-block-table is-style-stripes\"><table><tbody><tr><td>Modelo<\/td><td>GP-6<\/td><\/tr><tr><td>Fileiras<\/td><td>Personaliz\u00e1vel<\/td><\/tr><tr><td>Espa\u00e7amento entre plantas<\/td><td>Ajust\u00e1vel<\/td><\/tr><tr><td>Espa\u00e7amento entre linhas<\/td><td>Ajust\u00e1vel<\/td><\/tr><tr><td>Trator<\/td><td>&gt;30hp<\/td><\/tr><\/tbody><\/table><figcaption class=\"wp-element-caption\">Dados t\u00e9cnicos da m\u00e1quina de planta\u00e7\u00e3o de alho<\/figcaption><\/figure>    <h2 class=\"wp-block-heading\">Casos de sucesso<\/h2>    <p class=\"translation-block\">Nos \u00faltimos anos, export\u00e1mos muitas m\u00e1quinas para mais de 100 pa\u00edses no mundo. Exportamos v\u00e1rias m\u00e1quinas agr\u00edcolas, como <a href=\"https:\/\/www.agriculture-machine.com\/pt\/vegetable-seed-planters-vegetable-sowing-machine\/\">m\u00e1quinas de semear legumes<\/a>, m\u00e1quinas de fazer corda, entre outras. Os clientes est\u00e3o muito satisfeitos com os nossos produtos. <\/p>    <p>As plantadoras de alho ajudaram muitas pessoas no cultivo de alho e melhoraram bastante a sua efici\u00eancia de plantio. Somos profissionais na exporta\u00e7\u00e3o de m\u00e1quinas. Pode contactar-nos se tiver alguma d\u00favida.<\/p>    <figure class=\"wp-block-image aligncenter size-full wp-image-9982\"><img loading=\"lazy\" decoding=\"async\" width=\"720\" height=\"540\" src=\"https:\/\/www.agriculture-machine.com\/wp-content\/uploads\/2021\/04\/export-machines-1.jpg\" alt=\"m\u00e1quinas de exporta\u00e7\u00e3o\" class=\"wp-image-9982\" srcset=\"https:\/\/www.agriculture-machine.com\/wp-content\/uploads\/2021\/04\/export-machines-1.jpg 720w, https:\/\/www.agriculture-machine.com\/wp-content\/uploads\/2021\/04\/export-machines-1-360x270.jpg 360w, https:\/\/www.agriculture-machine.com\/wp-content\/uploads\/2021\/04\/export-machines-1-240x180.jpg 240w\" sizes=\"auto, (max-width: 720px) 100vw, 720px\" \/><figcaption class=\"wp-element-caption\">m\u00e1quinas de exporta\u00e7\u00e3o<\/figcaption><\/figure>    <h2 class=\"wp-block-heading\">Contate-nos a qualquer momento<\/h2>    <p>Sinta-se \u00e0 vontade para nos contactar a qualquer momento para mais detalhes sobre a Semeadora de Alho. Comprometemo-nos a fornecer solu\u00e7\u00f5es eficientes e confi\u00e1veis de maquinaria agr\u00edcola. Al\u00e9m disso, convidamos cordialmente a visitar a nossa f\u00e1brica e experimentar o excelente desempenho da Semeadora de Alho por si pr\u00f3prio. Obrigado por escolher os nossos produtos e esperamos poder oferecer-lhe um servi\u00e7o e suporte excelentes.<\/p>","protected":false},"excerpt":{"rendered":"<p>A m\u00e1quina de planta\u00e7\u00e3o de alho combina profundidade de planta\u00e7\u00e3o ajust\u00e1vel, planta\u00e7\u00e3o de alta precis\u00e3o em alta velocidade e opera\u00e7\u00e3o com um bot\u00e3o, projetada para aumentar a efici\u00eancia e a produtividade do plantio de alho.<\/p>","protected":false},"author":1,"featured_media":9974,"parent":0,"comment_status":"closed","ping_status":"closed","template":"","tags":[2635,492],"product-type":[870,885],"class_list":["post-9960","product","type-product","status-publish","has-post-thumbnail","hentry","tag-garlic","tag-planter","product-type-planter","product-type-vegetable-planter"],"_links":{"self":[{"href":"https:\/\/www.agriculture-machine.com\/pt\/wp-json\/wp\/v2\/product\/9960","targetHints":{"allow":["GET"]}}],"collection":[{"href":"https:\/\/www.agriculture-machine.com\/pt\/wp-json\/wp\/v2\/product"}],"about":[{"href":"https:\/\/www.agriculture-machine.com\/pt\/wp-json\/wp\/v2\/types\/product"}],"author":[{"embeddable":true,"href":"https:\/\/www.agriculture-machine.com\/pt\/wp-json\/wp\/v2\/users\/1"}],"replies":[{"embeddable":true,"href":"https:\/\/www.agriculture-machine.com\/pt\/wp-json\/wp\/v2\/comments?post=9960"}],"wp:featuredmedia":[{"embeddable":true,"href":"https:\/\/www.agriculture-machine.com\/pt\/wp-json\/wp\/v2\/media\/9974"}],"wp:attachment":[{"href":"https:\/\/www.agriculture-machine.com\/pt\/wp-json\/wp\/v2\/media?parent=9960"}],"wp:term":[{"taxonomy":"post_tag","embeddable":true,"href":"https:\/\/www.agriculture-machine.com\/pt\/wp-json\/wp\/v2\/tags?post=9960"},{"taxonomy":"product-type","embeddable":true,"href":"https:\/\/www.agriculture-machine.com\/pt\/wp-json\/wp\/v2\/product-type?post=9960"}],"curies":[{"name":"wp","href":"https:\/\/api.w.org\/{rel}","templated":true}]}}