{"id":9993,"date":"2021-04-16T16:38:00","date_gmt":"2021-04-16T08:38:00","guid":{"rendered":"https:\/\/www.agriculture-machine.com\/?p=9993"},"modified":"2024-09-18T16:17:30","modified_gmt":"2024-09-18T08:17:30","slug":"walk-behind-rice-transplanter-rice-planting-machine","status":"publish","type":"product","link":"https:\/\/www.agriculture-machine.com\/pt\/walk-behind-rice-transplanter-rice-planting-machine\/","title":{"rendered":"Transplantadora de arroz de arranque | M\u00e1quina de plantio de arroz"},"content":{"rendered":"<p class=\"translation-block\">O transplantador de arroz de trac\u00e7\u00e3o manual  \u00e9 uma m\u00e1quina agr\u00edcola que implanta mudas de arroz nos campos de arroz. Atualmente, o arroz \u00e9 amplamente cultivado em muitas regi\u00f5es do mundo. No entanto, \u00e9 demorado e trabalhoso plantar mudas de arroz manualmente. O uso de transplantador de arroz tornou-se a escolha de muitos cultivadores de arroz. <\/p>    <p>O transplantador de arroz de trac\u00e7\u00e3o manual \u00e9 f\u00e1cil de operar e melhora significativamente a efici\u00eancia e a qualidade do transplante de arroz. Assim, tamb\u00e9m ajuda a aumentar a taxa de sobreviv\u00eancia das mudas de arroz. <\/p>    <figure class=\"wp-block-embed is-type-video is-provider-youtube wp-block-embed-youtube wp-embed-aspect-16-9 wp-has-aspect-ratio\"><div class=\"wp-block-embed__wrapper\"> <iframe loading=\"lazy\" title=\"Tr\u00eas tipos de m\u00e1quinas de transplantar arroz \u00e0 sua escolha. Plantador de arroz \/ m\u00e1quina de planta\u00e7\u00e3o de arroz\" width=\"500\" height=\"281\" src=\"https:\/\/www.youtube.com\/embed\/_KvEf-3Jk44?start=120&#038;feature=oembed\" frameborder=\"0\" allow=\"accelerometer; autoplay; clipboard-write; encrypted-media; gyroscope; picture-in-picture; web-share\" referrerpolicy=\"strict-origin-when-cross-origin\" allowfullscreen><\/iframe> <\/div><figcaption class=\"wp-element-caption\">M\u00e1quina de transplantar arroz de 6 e 8 linhas<\/figcaption><\/figure>    <p class=\"translation-block\">Atualmente produzimos transplantadores de arroz de m\u00e3o de quatro e seis linhas. Al\u00e9m de transplantar mudas de arroz, tamb\u00e9m temos m\u00e1quinas para transplantar v\u00e1rias <a href=\"https:\/\/www.agriculture-machine.com\/pt\/peony-transplant-cucumber-transplant-factory-direct\/\">vegetais<\/a>, que podem plantar muitas mudas de vegetais. As pessoas tamb\u00e9m podem optar por uma <a href=\"https:\/\/www.agriculture-machine.com\/pt\/rice-nursery-seedling-machine\/\">m\u00e1quina de viveiro de mudas<\/a> para substituir o cultivo manual de mudas. Usar estas m\u00e1quinas para iniciar o trabalho pode melhorar muito a efici\u00eancia e a qualidade das mudas. <\/p>    <h2 class=\"wp-block-heading\">Introdu\u00e7\u00e3o do transplantador de arroz de trac\u00e7\u00e3o manual<\/h2>    <p>O transplantador de arroz de trac\u00e7\u00e3o manual tamb\u00e9m \u00e9 uma esp\u00e9cie de transplantador de arroz. A diferen\u00e7a em rela\u00e7\u00e3o ao transplantador de arroz anterior \u00e9 que este permite \u00e0s pessoas caminhar atr\u00e1s e control\u00e1-lo atrav\u00e9s do man\u00edpulo. Temos transplantadores de arroz de trac\u00e7\u00e3o manual de 4 linhas e de 6 linhas. <\/p>    <p>About the power, our rice transplanter is equipped with a gasoline engine. And the planting depth of the machine can be adjusted. So, it can meet different customers&#8217; needs for depth. Our machines have professional large-diameter wheels that can move flexibly in the field. <\/p>    <figure class=\"wp-block-image aligncenter size-full\"><img loading=\"lazy\" decoding=\"async\" width=\"720\" height=\"540\" src=\"https:\/\/www.agriculture-machine.com\/wp-content\/uploads\/2022\/05\/paddy-transplanter.jpg\" alt=\"Transplantador de arroz\" class=\"wp-image-13526\" title=\"Transplantador de arroz\" srcset=\"https:\/\/www.agriculture-machine.com\/wp-content\/uploads\/2022\/05\/paddy-transplanter.jpg 720w, https:\/\/www.agriculture-machine.com\/wp-content\/uploads\/2022\/05\/paddy-transplanter-360x270.jpg 360w, https:\/\/www.agriculture-machine.com\/wp-content\/uploads\/2022\/05\/paddy-transplanter-240x180.jpg 240w\" sizes=\"auto, (max-width: 720px) 100vw, 720px\" \/><figcaption class=\"wp-element-caption\">Transplantador de arroz<\/figcaption><\/figure>    <h2 class=\"wp-block-heading\" id=\"h-what-are-the-dvantages-of-rice-planting-machine\">Quais s\u00e3o as vantagens das m\u00e1quinas de planta\u00e7\u00e3o de arroz<\/h2>    <ol class=\"wp-block-list\"> <li>Este transplantador de arroz de trac\u00e7\u00e3o manual pode ser movido por um motor a gasolina que fornece mais pot\u00eancia \u00e0 m\u00e1quina.<\/li>    <li>A dist\u00e2ncia de transplantio pode ser ajustada em quatro n\u00edveis ajustando a velocidade e a alavanca de regula\u00e7\u00e3o da dist\u00e2ncia. Pode realizar 12-14 ou 16-21 cm com uma opera\u00e7\u00e3o simples e r\u00e1pida.<\/li>    <li>Alta aplicabilidade. A m\u00e1quina de transplantar arroz pode caminhar facilmente mesmo em campos podres onde a profundidade do lama\u00e7al \u00e9 de 15-35 cm. N\u00e3o \u00e9 limitada pelo tamanho do campo.<\/li>    <li>A m\u00e1quina \u00e9 leve, o que economiza muito trabalho.<\/li>    <li>O utilizador deve colocar as mudas de forma uniforme e fi\u00e1vel para evitar perdas de transplantio de forma eficaz.<\/li>    <li>Forma est\u00e9tica e transmiss\u00e3o de pot\u00eancia por tra\u00e7\u00e3o tornam a m\u00e1quina mais forte e melhor equilibrada.<\/li> <\/ol>    <figure class=\"wp-block-gallery has-nested-images columns-2 is-cropped wp-block-gallery-2 is-layout-flex wp-block-gallery-is-layout-flex\"> <figure class=\"wp-block-image size-full\"><a href=\"https:\/\/www.agriculture-machine.com\/wp-content\/uploads\/2021\/04\/machine-details-of-walk-behind-rice-transplanter.jpg\"><img loading=\"lazy\" decoding=\"async\" width=\"720\" height=\"540\" data-id=\"9995\" src=\"https:\/\/www.agriculture-machine.com\/wp-content\/uploads\/2021\/04\/machine-details-of-walk-behind-rice-transplanter.jpg\" alt=\"detalhes da m\u00e1quina de transplantar arroz de trac\u00e7\u00e3o manual\" class=\"wp-image-9995\" title=\"detalhes da m\u00e1quina de transplantar arroz de trac\u00e7\u00e3o manual\" srcset=\"https:\/\/www.agriculture-machine.com\/wp-content\/uploads\/2021\/04\/machine-details-of-walk-behind-rice-transplanter.jpg 720w, https:\/\/www.agriculture-machine.com\/wp-content\/uploads\/2021\/04\/machine-details-of-walk-behind-rice-transplanter-360x270.jpg 360w, https:\/\/www.agriculture-machine.com\/wp-content\/uploads\/2021\/04\/machine-details-of-walk-behind-rice-transplanter-240x180.jpg 240w\" sizes=\"auto, (max-width: 720px) 100vw, 720px\" \/><\/a><figcaption class=\"wp-element-caption\">detalhes da m\u00e1quina de transplantar arroz de trac\u00e7\u00e3o manual<\/figcaption><\/figure>    <figure class=\"wp-block-image size-full\"><a href=\"https:\/\/www.agriculture-machine.com\/wp-content\/uploads\/2021\/04\/Walk-behind-rice-transplanter-prats.jpg\"><img loading=\"lazy\" decoding=\"async\" width=\"720\" height=\"540\" data-id=\"9996\" src=\"https:\/\/www.agriculture-machine.com\/wp-content\/uploads\/2021\/04\/Walk-behind-rice-transplanter-prats.jpg\" alt=\"Transplantador de arroz de trac\u00e7\u00e3o manual de 4 linhas\" class=\"wp-image-9996\" title=\"Transplantador de arroz de trac\u00e7\u00e3o manual de 4 linhas\" srcset=\"https:\/\/www.agriculture-machine.com\/wp-content\/uploads\/2021\/04\/Walk-behind-rice-transplanter-prats.jpg 720w, https:\/\/www.agriculture-machine.com\/wp-content\/uploads\/2021\/04\/Walk-behind-rice-transplanter-prats-360x270.jpg 360w, https:\/\/www.agriculture-machine.com\/wp-content\/uploads\/2021\/04\/Walk-behind-rice-transplanter-prats-240x180.jpg 240w\" sizes=\"auto, (max-width: 720px) 100vw, 720px\" \/><\/a><figcaption class=\"wp-element-caption\">Transplantador de arroz de trac\u00e7\u00e3o manual de 4 linhas<\/figcaption><\/figure> <\/figure>    <h2 class=\"wp-block-heading\" id=\"h-structure-details-of-the-4-rows-manual-rice-transplanter\">Detalhes da estrutura do transplantador de arroz manual de 4 linhas<\/h2>    <p>O transplantador de arroz de trac\u00e7\u00e3o manual tem uma estrutura compacta, \u00e9 leve, f\u00e1cil de operar e possui fun\u00e7\u00f5es poderosas, sendo um bom auxiliar para os agricultores transplantarem arroz.<\/p>    <figure class=\"wp-block-gallery has-nested-images columns-2 is-cropped wp-block-gallery-3 is-layout-flex wp-block-gallery-is-layout-flex\"> <figure class=\"wp-block-image size-large\"><a href=\"https:\/\/www.agriculture-machine.com\/wp-content\/uploads\/2021\/04\/structure-of-4-row-rice-transplanter-machine.jpg\"><img loading=\"lazy\" decoding=\"async\" width=\"720\" height=\"540\" data-id=\"10008\" src=\"https:\/\/www.agriculture-machine.com\/wp-content\/uploads\/2021\/04\/structure-of-4-row-rice-transplanter-machine.jpg\" alt=\"estrutura-do-transplantador-de-arroz-de-4-linhas\" class=\"wp-image-10008\" title=\"estrutura-do-transplantador-de-arroz-de-4-linhas\" srcset=\"https:\/\/www.agriculture-machine.com\/wp-content\/uploads\/2021\/04\/structure-of-4-row-rice-transplanter-machine.jpg 720w, https:\/\/www.agriculture-machine.com\/wp-content\/uploads\/2021\/04\/structure-of-4-row-rice-transplanter-machine-360x270.jpg 360w, https:\/\/www.agriculture-machine.com\/wp-content\/uploads\/2021\/04\/structure-of-4-row-rice-transplanter-machine-240x180.jpg 240w\" sizes=\"auto, (max-width: 720px) 100vw, 720px\" \/><\/a><figcaption class=\"wp-element-caption\">estrutura-do-transplantador-de-arroz-de-4-linhas<\/figcaption><\/figure>    <figure class=\"wp-block-image size-large\"><a href=\"https:\/\/www.agriculture-machine.com\/wp-content\/uploads\/2021\/04\/4-row-walk-behind-rice-transplanter.jpg\"><img loading=\"lazy\" decoding=\"async\" width=\"720\" height=\"540\" data-id=\"10009\" src=\"https:\/\/www.agriculture-machine.com\/wp-content\/uploads\/2021\/04\/4-row-walk-behind-rice-transplanter.jpg\" alt=\"Transplantador de arroz de trac\u00e7\u00e3o manual de 4 linhas\" class=\"wp-image-10009\" title=\"Transplantador de arroz de trac\u00e7\u00e3o manual de 4 linhas\" srcset=\"https:\/\/www.agriculture-machine.com\/wp-content\/uploads\/2021\/04\/4-row-walk-behind-rice-transplanter.jpg 720w, https:\/\/www.agriculture-machine.com\/wp-content\/uploads\/2021\/04\/4-row-walk-behind-rice-transplanter-360x270.jpg 360w, https:\/\/www.agriculture-machine.com\/wp-content\/uploads\/2021\/04\/4-row-walk-behind-rice-transplanter-240x180.jpg 240w\" sizes=\"auto, (max-width: 720px) 100vw, 720px\" \/><\/a><figcaption class=\"wp-element-caption\">Transplantador de arroz de trac\u00e7\u00e3o manual de 4 linhas<\/figcaption><\/figure> <\/figure>    <h2 class=\"wp-block-heading\" id=\"h-how-to-transplant-rice-seedlings\">Como transplantar mudas de arroz?<\/h2>    <p>Existem duas formas de transplantar arroz. Quais s\u00e3o os dois m\u00e9todos de planta\u00e7\u00e3o de arroz? Um \u00e9 o transplantio tradicional de mudas, que \u00e9 manual, e o outro \u00e9 o transplantio de mudas por m\u00e1quina. O tempo \u00e9 ouro, ainda planta mudas de arroz tradicionalmente? Para melhorar a efici\u00eancia do trabalho, claro, voc\u00ea opta pelo plantio mecanizado. Com esta m\u00e1quina de transplantar de m\u00e3o, o espa\u00e7amento das plantas pode ser ajustado a qualquer momento.<\/p>    <figure class=\"wp-block-embed is-type-video is-provider-youtube wp-block-embed-youtube wp-embed-aspect-16-9 wp-has-aspect-ratio\"><div class=\"wp-block-embed__wrapper\"> <iframe loading=\"lazy\" title=\"Como transplantar arroz ou arroz de campo? Opte por um transplantador de arroz de trac\u00e7\u00e3o manual ou por um trator?\" width=\"500\" height=\"281\" src=\"https:\/\/www.youtube.com\/embed\/PW-tT4ietAc?feature=oembed\" frameborder=\"0\" allow=\"accelerometer; autoplay; clipboard-write; encrypted-media; gyroscope; picture-in-picture; web-share\" referrerpolicy=\"strict-origin-when-cross-origin\" allowfullscreen><\/iframe> <\/div><figcaption class=\"wp-element-caption\">Cena de trabalho do transplantador de arroz de trac\u00e7\u00e3o manual<\/figcaption><\/figure>    <h2 class=\"wp-block-heading\" id=\"h-what-are-the-benefits-of-using-machine-transplant-rice\">Vantagens de usar m\u00e1quina para transplantar arroz<\/h2>    <p>Qual \u00e9 a diferen\u00e7a entre uma m\u00e1quina de transplantar arroz e o transplantar manual de arroz? Do ponto de vista da efici\u00eancia, o transplantador de arroz precisa ser melhor. Afinal, as m\u00e1quinas s\u00e3o melhores do que as manuais. Transplantar o mesmo n\u00famero de mudas de arroz, o transplantio manual pode ser conclu\u00eddo em um dia, e a m\u00e1quina pode faz\u00ea-lo em uma hora.<\/p>    <p>Al\u00e9m da alta velocidade, outra vantagem do transplantador de arroz de trac\u00e7\u00e3o manual \u00e9 que o espa\u00e7amento das plantas \u00e9 o mesmo. Sempre haver\u00e1 alguns erros no plantio manual, seja demasiado pr\u00f3ximo ou demasiado afastado. A dist\u00e2ncia de plantio pode ser controlada por uma m\u00e1quina de planta\u00e7\u00e3o de arroz, o que n\u00e3o pode ser alcan\u00e7ado manualmente. <\/p>    <p>The yield is said to be higher if the seedlings are transplanted by machine. The above two points are undoubtedly the biggest advantages of rice planting machines, and they are also the disadvantages of manual transplanting. What can&#8217;t be done manually is done by the machine.<\/p>    <figure class=\"wp-block-gallery has-nested-images columns-2 is-cropped wp-block-gallery-4 is-layout-flex wp-block-gallery-is-layout-flex\"> <figure class=\"wp-block-image size-large\"><a href=\"https:\/\/www.agriculture-machine.com\/wp-content\/uploads\/2021\/04\/Manual-transplanting.jpg\"><img loading=\"lazy\" decoding=\"async\" width=\"640\" height=\"427\" data-id=\"10007\" src=\"https:\/\/www.agriculture-machine.com\/wp-content\/uploads\/2021\/04\/Manual-transplanting.jpg\" alt=\"Transplantio manual\" class=\"wp-image-10007\" title=\"Transplantio manual\" srcset=\"https:\/\/www.agriculture-machine.com\/wp-content\/uploads\/2021\/04\/Manual-transplanting.jpg 640w, https:\/\/www.agriculture-machine.com\/wp-content\/uploads\/2021\/04\/Manual-transplanting-360x240.jpg 360w\" sizes=\"auto, (max-width: 640px) 100vw, 640px\" \/><\/a><figcaption class=\"wp-element-caption\">Transplantio manual<\/figcaption><\/figure>    <figure class=\"wp-block-image size-large\"><a href=\"https:\/\/www.agriculture-machine.com\/wp-content\/uploads\/2021\/04\/transplanting-rice.jpg\"><img loading=\"lazy\" decoding=\"async\" width=\"720\" height=\"540\" data-id=\"10005\" src=\"https:\/\/www.agriculture-machine.com\/wp-content\/uploads\/2021\/04\/transplanting-rice.jpg\" alt=\"transplantar\u2013arroz\" class=\"wp-image-10005\" title=\"transplantar\u2013arroz\" srcset=\"https:\/\/www.agriculture-machine.com\/wp-content\/uploads\/2021\/04\/transplanting-rice.jpg 720w, https:\/\/www.agriculture-machine.com\/wp-content\/uploads\/2021\/04\/transplanting-rice-360x270.jpg 360w, https:\/\/www.agriculture-machine.com\/wp-content\/uploads\/2021\/04\/transplanting-rice-240x180.jpg 240w\" sizes=\"auto, (max-width: 720px) 100vw, 720px\" \/><\/a><figcaption class=\"wp-element-caption\">transplanting&#8211;rice<\/figcaption><\/figure> <\/figure>    <h2 class=\"wp-block-heading\" id=\"h-technical-parameters-of-the-high-efficiency-rice-transplanter\">Par\u00e2metros t\u00e9cnicos do transplantador de arroz de trac\u00e7\u00e3o manual<\/h2>    <figure class=\"wp-block-table is-style-stripes\"><table><tbody><tr><td>Modelo<\/td><td>Especifica\u00e7\u00e3o t\u00e9cnica<\/td><\/tr><tr><td><\/td><td>Unidade<\/td><td>Especifica\u00e7\u00e3o<\/td><\/tr><tr><td>2ZS-4<\/td><td>Tipo<\/td><td><\/td><td>Dois tipos de rodas com placa flutuante de tr\u00eas rodas<\/td><\/tr><tr><td>Dimens\u00e3o (Comprimento x Largura x Altura)<\/td><td>(mm)<\/td><td>2140\u00d71630\u00d7910<\/td><\/tr><tr><td>Peso<\/td><td>(kg)<\/td><td>165<\/td><\/tr><tr><td>Nome do motor<\/td><td><\/td><td>YAMAHA \/ MZ175-B-1<\/td><\/tr><tr><td>Pot\u00eancia do motor<\/td><td>(kw\/rpm)<\/td><td>2.6\/3000<\/td><\/tr><tr><td>tipo<\/td><td><\/td><td>Motor de quatro tempos com refrigera\u00e7\u00e3o a ar e sistema OHV<\/td><\/tr><tr><td>Linhas de trabalho<\/td><td><\/td><td>4 linhas<\/td><\/tr><tr><td>Velocidade de trabalho<\/td><td>\uff08m\/s\uff09<\/td><td>0.34-0.77<\/td><\/tr><tr><td>Dist\u00e2ncia entre linhas<\/td><td>(mm)<\/td><td>300<\/td><\/tr><tr><td>Dist\u00e2ncia de semeadura<\/td><td>(mm)<\/td><td>210;180;160;140;120<\/td><\/tr><tr><td>profundidade de semeadura<\/td><td>(mm)<\/td><td>15-35<\/td><\/tr><tr><td>Capacidade de trabalho<\/td><td>arce\/hora<\/td><td>0.10-0.2<\/td><\/tr><tr><td>roda de campo<\/td><td>estrutura<\/td><td><\/td><td>roda de borracha<\/td><\/tr><tr><td>di\u00e2metro<\/td><td>(mm)<\/td><td>660<\/td><\/tr><tr><td>estilo de condu\u00e7\u00e3o<\/td><td><\/td><td>&nbsp;Transmiss\u00e3o por eixo de transmiss\u00e3o<\/td><\/tr><tr><td>Estrutura de transplantio<\/td><td><\/td><td>estrutura de manivela de alavanca<\/td><\/tr><\/tbody><\/table><figcaption class=\"wp-element-caption\">Dados t\u00e9cnicos do transplantador de arroz de trac\u00e7\u00e3o manual<\/figcaption><\/figure>    <h2 class=\"wp-block-heading\">Princ\u00edpio de funcionamento do transplantador de arroz autom\u00e1tico<\/h2>    <p>As mudas s\u00e3o colocadas de forma organizada na caixa de mudas. Depois, a caixa move-se lateralmente para que o recolhedor de mudas possa retirar uma certa quantidade de mudas uma a uma. <\/p>    <p>Em seguida, insira as mudas no solo de acordo com os requisitos agron\u00f4micos sob a a\u00e7\u00e3o do mecanismo de controlo do trilho de plantio de arroz. Finalmente, o seletor de mudas retorna \u00e0 caixa para recolher as mudas de acordo com um determinado trilho.<\/p>    <figure class=\"wp-block-gallery has-nested-images columns-default is-cropped wp-block-gallery-5 is-layout-flex wp-block-gallery-is-layout-flex\"> <figure class=\"wp-block-image aligncenter size-large\"><img loading=\"lazy\" decoding=\"async\" width=\"720\" height=\"540\" data-id=\"13528\" src=\"https:\/\/www.agriculture-machine.com\/wp-content\/uploads\/2022\/05\/4.jpg\" alt=\"f\u00e1brica\" class=\"wp-image-13528\" title=\"f\u00e1brica\" srcset=\"https:\/\/www.agriculture-machine.com\/wp-content\/uploads\/2022\/05\/4.jpg 720w, https:\/\/www.agriculture-machine.com\/wp-content\/uploads\/2022\/05\/4-360x270.jpg 360w, https:\/\/www.agriculture-machine.com\/wp-content\/uploads\/2022\/05\/4-240x180.jpg 240w\" sizes=\"auto, (max-width: 720px) 100vw, 720px\" \/><figcaption class=\"wp-element-caption\">f\u00e1brica<\/figcaption><\/figure> <\/figure>    <h2 class=\"wp-block-heading\">Um transplantador de arroz de 6 linhas vendido \u00e0 Nig\u00e9ria<\/h2>    <p>O cliente possui um grande campo de arroz na \u00e1rea, e toda vez que planta arroz, \u00e9 o seu per\u00edodo mais ocupado. Para economizar tempo e melhorar a efici\u00eancia, ele precisava de um transplantador de arroz. Contact\u00e1mos o cliente quando vimos as suas necessidades. <\/p>    <p>Ap\u00f3s um per\u00edodo de comunica\u00e7\u00e3o, sugerimos ao cliente um transplantador de arroz de 6 linhas. Finalmente, o cliente decidiu comprar um transplantador de arroz de trac\u00e7\u00e3o manual. Aqui est\u00e1 a foto de embalagem e envio da m\u00e1quina.<\/p>    <figure class=\"wp-block-gallery has-nested-images columns-default is-cropped wp-block-gallery-6 is-layout-flex wp-block-gallery-is-layout-flex\"> <figure class=\"wp-block-image size-large\"><img loading=\"lazy\" decoding=\"async\" width=\"720\" height=\"540\" data-id=\"13518\" src=\"https:\/\/www.agriculture-machine.com\/wp-content\/uploads\/2022\/05\/wooden-case-packing-of-rice-transplanter-.jpg\" alt=\"embalagem em caixa de madeira do transplantador de arroz \" class=\"wp-image-13518\" title=\"embalagem em caixa de madeira do transplantador de arroz \" srcset=\"https:\/\/www.agriculture-machine.com\/wp-content\/uploads\/2022\/05\/wooden-case-packing-of-rice-transplanter-.jpg 720w, https:\/\/www.agriculture-machine.com\/wp-content\/uploads\/2022\/05\/wooden-case-packing-of-rice-transplanter--360x270.jpg 360w, https:\/\/www.agriculture-machine.com\/wp-content\/uploads\/2022\/05\/wooden-case-packing-of-rice-transplanter--240x180.jpg 240w\" sizes=\"auto, (max-width: 720px) 100vw, 720px\" \/><figcaption class=\"wp-element-caption\">embalagem em caixa de madeira do transplantador de arroz<\/figcaption><\/figure>    <figure class=\"wp-block-image size-large\"><img loading=\"lazy\" decoding=\"async\" width=\"720\" height=\"540\" data-id=\"13519\" src=\"https:\/\/www.agriculture-machine.com\/wp-content\/uploads\/2022\/05\/shipping-of-the-paddy-transplanter0.jpg\" alt=\"envio do transplantador de arroz de campo\" class=\"wp-image-13519\" title=\"envio do transplantador de arroz de campo\" srcset=\"https:\/\/www.agriculture-machine.com\/wp-content\/uploads\/2022\/05\/shipping-of-the-paddy-transplanter0.jpg 720w, https:\/\/www.agriculture-machine.com\/wp-content\/uploads\/2022\/05\/shipping-of-the-paddy-transplanter0-360x270.jpg 360w, https:\/\/www.agriculture-machine.com\/wp-content\/uploads\/2022\/05\/shipping-of-the-paddy-transplanter0-240x180.jpg 240w\" sizes=\"auto, (max-width: 720px) 100vw, 720px\" \/><figcaption class=\"wp-element-caption\">envio do transplantador de arroz de campo<\/figcaption><\/figure> <\/figure>    <h2 class=\"wp-block-heading\">Contate-nos a qualquer momento<\/h2>    <p>Obrigado por analisar detalhadamente o nosso equipamento de transplanta\u00e7\u00e3o de arroz. Se tiver alguma d\u00favida ou precisar de mais informa\u00e7\u00f5es, n\u00e3o hesite em contactar a nossa equipa profissional. E convidamo-lo a visitar a nossa f\u00e1brica. Esperamos trabalhar consigo para fornecer solu\u00e7\u00f5es excelentes para a sua produ\u00e7\u00e3o agr\u00edcola.<\/p>","protected":false},"excerpt":{"rendered":"<p>Este transplantador de arroz de trac\u00e7\u00e3o manual \u00e9 controlado pela m\u00e3o. A profundidade de plantio e a velocidade de caminhada podem ser ajustadas a qualquer momento. E as mudas de arroz s\u00e3o transplantadas com precis\u00e3o e efici\u00eancia nos campos de arroz.<\/p>","protected":false},"author":1,"featured_media":13524,"parent":0,"comment_status":"closed","ping_status":"closed","template":"","tags":[796,151],"product-type":[1,914],"class_list":["post-9993","product","type-product","status-publish","has-post-thumbnail","hentry","tag-rice","tag-transplanter","product-type-other","product-type-rice-transplanter"],"_links":{"self":[{"href":"https:\/\/www.agriculture-machine.com\/pt\/wp-json\/wp\/v2\/product\/9993","targetHints":{"allow":["GET"]}}],"collection":[{"href":"https:\/\/www.agriculture-machine.com\/pt\/wp-json\/wp\/v2\/product"}],"about":[{"href":"https:\/\/www.agriculture-machine.com\/pt\/wp-json\/wp\/v2\/types\/product"}],"author":[{"embeddable":true,"href":"https:\/\/www.agriculture-machine.com\/pt\/wp-json\/wp\/v2\/users\/1"}],"replies":[{"embeddable":true,"href":"https:\/\/www.agriculture-machine.com\/pt\/wp-json\/wp\/v2\/comments?post=9993"}],"wp:featuredmedia":[{"embeddable":true,"href":"https:\/\/www.agriculture-machine.com\/pt\/wp-json\/wp\/v2\/media\/13524"}],"wp:attachment":[{"href":"https:\/\/www.agriculture-machine.com\/pt\/wp-json\/wp\/v2\/media?parent=9993"}],"wp:term":[{"taxonomy":"post_tag","embeddable":true,"href":"https:\/\/www.agriculture-machine.com\/pt\/wp-json\/wp\/v2\/tags?post=9993"},{"taxonomy":"product-type","embeddable":true,"href":"https:\/\/www.agriculture-machine.com\/pt\/wp-json\/wp\/v2\/product-type?post=9993"}],"curies":[{"name":"wp","href":"https:\/\/api.w.org\/{rel}","templated":true}]}}