{"id":10112,"date":"2021-04-23T11:38:08","date_gmt":"2021-04-23T03:38:08","guid":{"rendered":"https:\/\/www.agriculture-machine.com\/?p=10112"},"modified":"2024-09-18T16:16:29","modified_gmt":"2024-09-18T08:16:29","slug":"thresher-machine-5td-90-for-rice-wheat-beans-millet-sorghum","status":"publish","type":"product","link":"https:\/\/www.agriculture-machine.com\/sw\/thresher-machine-5td-90-for-rice-wheat-beans-millet-sorghum\/","title":{"rendered":"Mashine ya kuvuna 5TD-90 kwa mchele, ngano, maharagwe, mtama, sorghum"},"content":{"rendered":"<p class=\"translation-block\">Tr\u00f6skmaskin 5TD-90 \u00e4r en uppgraderad version av <a href=\"https:\/\/www.agriculture-machine.com\/sw\/thresher-machine-5td-50-for-rice-wheat-bean-corn-sorghum-millet\/\">5TD-50 tr\u00f6skmaskin<\/a> och <a href=\"https:\/\/www.agriculture-machine.com\/sw\/thresher-5td-70-for-rice-wheat-bean-sorghum-millet-pearl-millet\/\">5TD-70 tr\u00f6skmaskin<\/a>. Dess produktion \u00e4r h\u00f6gre. Det \u00e4r ocks\u00e5 en multifunktionell tr\u00f6skmaskin, som kan tr\u00f6ska en m\u00e4ngd olika spannm\u00e5l. Den anv\u00e4nder 7.5kw enfasig elektrisk motor eller 12 hp dieselmotor som kraft.<\/p> <h2>Vilka gr\u00f6dor kan 5TD-90 vete tr\u00f6skmaskin bearbeta?<\/h2> <p>5TD-90 vete tr\u00f6skmaskin anv\u00e4nds f\u00f6r att tr\u00f6ska ris, vete, b\u00f6nor, hirs, sorgum, foxtail hirs, sojab\u00f6nor, kik\u00e4rtor, breda b\u00f6nor osv. Du beh\u00f6ver bara byta sk\u00e4rmen n\u00e4r du tr\u00f6skar olika gr\u00f6dor. Den \u00e4r l\u00e4tt att anv\u00e4nda och befriar b\u00f6nder fr\u00e5n det tunga manuella arbetet.<\/p> <figure id=\"attachment_10114\" aria-describedby=\"caption-attachment-10114\" style=\"width: 720px\" class=\"wp-caption alignnone\"><img loading=\"lazy\" decoding=\"async\" class=\"size-full wp-image-10114\" src=\"https:\/\/www.agriculture-machine.com\/wp-content\/uploads\/2021\/04\/thresher-machine-5TD-90-for-rice-corn-wheat-bean.jpg\" alt=\"tr\u00f6skmaskin 5TD-90 f\u00f6r ris \" width=\"720\" height=\"540\" srcset=\"https:\/\/www.agriculture-machine.com\/wp-content\/uploads\/2021\/04\/thresher-machine-5TD-90-for-rice-corn-wheat-bean.jpg 720w, https:\/\/www.agriculture-machine.com\/wp-content\/uploads\/2021\/04\/thresher-machine-5TD-90-for-rice-corn-wheat-bean-360x270.jpg 360w, https:\/\/www.agriculture-machine.com\/wp-content\/uploads\/2021\/04\/thresher-machine-5TD-90-for-rice-corn-wheat-bean-240x180.jpg 240w\" sizes=\"auto, (max-width: 720px) 100vw, 720px\" \/><figcaption id=\"caption-attachment-10114\" class=\"wp-caption-text\">tr\u00f6skmaskin 5TD-90 f\u00f6r ris<\/figcaption><\/figure> <h2>Vilka f\u00f6rdelar har ristr\u00f6skmaskin 5TD-90?<\/h2> <p>Denna ristr\u00f6skmaskin har tv\u00e5 fl\u00e4ktar, s\u00e5 kornet \u00e4r mycket rent efter tr\u00f6skning. Ristr\u00f6skmaskinen kan ocks\u00e5 utrustas med stora hjul och ram som enkelt kan kopplas till en traktor. S\u00e5 den \u00e4r l\u00e4tt att flytta och kan g\u00e5 p\u00e5 alla typer av mark. Andelen trasigt ris eller vete \u00e4r endast 0,1%. F\u00e5 ris som kommer ut fr\u00e5n 5TD-90 \u00e4r trasigt.<\/p> <div id='gallery-1' class='gallery galleryid-10112 gallery-columns-2 gallery-size-full'><figure class='gallery-item'> \t\t\t<div class='gallery-icon landscape'> \t\t\t\t<a href='https:\/\/www.agriculture-machine.com\/wp-content\/uploads\/2021\/04\/thresher-machine-1.jpg'><img loading=\"lazy\" decoding=\"async\" width=\"720\" height=\"540\" src=\"https:\/\/www.agriculture-machine.com\/wp-content\/uploads\/2021\/04\/thresher-machine-1.jpg\" class=\"attachment-full size-full\" alt=\"tr\u00f6skmaskin\" aria-describedby=\"gallery-1-10118\" srcset=\"https:\/\/www.agriculture-machine.com\/wp-content\/uploads\/2021\/04\/thresher-machine-1.jpg 720w, https:\/\/www.agriculture-machine.com\/wp-content\/uploads\/2021\/04\/thresher-machine-1-360x270.jpg 360w, https:\/\/www.agriculture-machine.com\/wp-content\/uploads\/2021\/04\/thresher-machine-1-240x180.jpg 240w\" sizes=\"auto, (max-width: 720px) 100vw, 720px\" \/><\/a> \t\t\t<\/div> \t\t\t\t<figcaption class='wp-caption-text gallery-caption' id='gallery-1-10118'> \t\t\t\ttr\u00f6skmaskin \t\t\t\t<\/figcaption><\/figure><figure class='gallery-item'> \t\t\t<div class='gallery-icon landscape'> \t\t\t\t<a href='https:\/\/www.agriculture-machine.com\/wp-content\/uploads\/2021\/04\/grain-thresher-machine.jpg'><img loading=\"lazy\" decoding=\"async\" width=\"720\" height=\"540\" src=\"https:\/\/www.agriculture-machine.com\/wp-content\/uploads\/2021\/04\/grain-thresher-machine.jpg\" class=\"attachment-full size-full\" alt=\"korntr\u00f6skmaskin\" aria-describedby=\"gallery-1-10115\" srcset=\"https:\/\/www.agriculture-machine.com\/wp-content\/uploads\/2021\/04\/grain-thresher-machine.jpg 720w, https:\/\/www.agriculture-machine.com\/wp-content\/uploads\/2021\/04\/grain-thresher-machine-360x270.jpg 360w, https:\/\/www.agriculture-machine.com\/wp-content\/uploads\/2021\/04\/grain-thresher-machine-240x180.jpg 240w\" sizes=\"auto, (max-width: 720px) 100vw, 720px\" \/><\/a> \t\t\t<\/div> \t\t\t\t<figcaption class='wp-caption-text gallery-caption' id='gallery-1-10115'> \t\t\t\tkorntr\u00f6skmaskin \t\t\t\t<\/figcaption><\/figure><figure class='gallery-item'> \t\t\t<div class='gallery-icon landscape'> \t\t\t\t<a href='https:\/\/www.agriculture-machine.com\/wp-content\/uploads\/2021\/04\/in-stock.jpg'><img loading=\"lazy\" decoding=\"async\" width=\"720\" height=\"422\" src=\"https:\/\/www.agriculture-machine.com\/wp-content\/uploads\/2021\/04\/in-stock.jpg\" class=\"attachment-full size-full\" alt=\"i lager\" aria-describedby=\"gallery-1-10116\" srcset=\"https:\/\/www.agriculture-machine.com\/wp-content\/uploads\/2021\/04\/in-stock.jpg 720w, https:\/\/www.agriculture-machine.com\/wp-content\/uploads\/2021\/04\/in-stock-360x211.jpg 360w\" sizes=\"auto, (max-width: 720px) 100vw, 720px\" \/><\/a> \t\t\t<\/div> \t\t\t\t<figcaption class='wp-caption-text gallery-caption' id='gallery-1-10116'> \t\t\t\ti lager \t\t\t\t<\/figcaption><\/figure><figure class='gallery-item'> \t\t\t<div class='gallery-icon landscape'> \t\t\t\t<a href='https:\/\/www.agriculture-machine.com\/wp-content\/uploads\/2021\/04\/thresher-machine-in-stock.jpg'><img loading=\"lazy\" decoding=\"async\" width=\"720\" height=\"422\" src=\"https:\/\/www.agriculture-machine.com\/wp-content\/uploads\/2021\/04\/thresher-machine-in-stock.jpg\" class=\"attachment-full size-full\" alt=\"tr\u00f6skmaskin i lager\" aria-describedby=\"gallery-1-10117\" srcset=\"https:\/\/www.agriculture-machine.com\/wp-content\/uploads\/2021\/04\/thresher-machine-in-stock.jpg 720w, https:\/\/www.agriculture-machine.com\/wp-content\/uploads\/2021\/04\/thresher-machine-in-stock-360x211.jpg 360w\" sizes=\"auto, (max-width: 720px) 100vw, 720px\" \/><\/a> \t\t\t<\/div> \t\t\t\t<figcaption class='wp-caption-text gallery-caption' id='gallery-1-10117'> \t\t\t\ttr\u00f6skmaskin i lager \t\t\t\t<\/figcaption><\/figure> \t\t<\/div>  <h2>Struktur av korntr\u00f6skmaskinen<\/h2> <p>Strukturen av denna korntr\u00f6skmaskin \u00e4r enkel, vilket g\u00f6r den bekv\u00e4m att anv\u00e4nda och underh\u00e5lla. Locket p\u00e5 korntr\u00f6skmaskinen kan enkelt \u00f6ppnas, s\u00e5 den kan kontrolleras och reng\u00f6ras bekv\u00e4mt. Denna korntr\u00f6skmaskin kan normalt arbeta under full belastning och har h\u00f6g produktionseffektivitet och l\u00e5g energif\u00f6rbrukning.<\/p> <div id='gallery-2' class='gallery galleryid-10112 gallery-columns-2 gallery-size-full'><figure class='gallery-item'> \t\t\t<div class='gallery-icon landscape'> \t\t\t\t<a href='https:\/\/www.agriculture-machine.com\/wp-content\/uploads\/2021\/04\/structure-details-of-thresher-machine-5TD-90.jpg'><img loading=\"lazy\" decoding=\"async\" width=\"720\" height=\"540\" src=\"https:\/\/www.agriculture-machine.com\/wp-content\/uploads\/2021\/04\/structure-details-of-thresher-machine-5TD-90.jpg\" class=\"attachment-full size-full\" alt=\"strukturdetailljer f\u00f6r tr\u00f6skmaskin 5TD-90\" aria-describedby=\"gallery-2-10119\" srcset=\"https:\/\/www.agriculture-machine.com\/wp-content\/uploads\/2021\/04\/structure-details-of-thresher-machine-5TD-90.jpg 720w, https:\/\/www.agriculture-machine.com\/wp-content\/uploads\/2021\/04\/structure-details-of-thresher-machine-5TD-90-360x270.jpg 360w, https:\/\/www.agriculture-machine.com\/wp-content\/uploads\/2021\/04\/structure-details-of-thresher-machine-5TD-90-240x180.jpg 240w\" sizes=\"auto, (max-width: 720px) 100vw, 720px\" \/><\/a> \t\t\t<\/div> \t\t\t\t<figcaption class='wp-caption-text gallery-caption' id='gallery-2-10119'> \t\t\t\tstrukturdetailljer f\u00f6r tr\u00f6skmaskin 5TD-90 \t\t\t\t<\/figcaption><\/figure><figure class='gallery-item'> \t\t\t<div class='gallery-icon landscape'> \t\t\t\t<a href='https:\/\/www.agriculture-machine.com\/wp-content\/uploads\/2021\/04\/structure-of-thresher-machine.jpg'><img loading=\"lazy\" decoding=\"async\" width=\"720\" height=\"540\" src=\"https:\/\/www.agriculture-machine.com\/wp-content\/uploads\/2021\/04\/structure-of-thresher-machine.jpg\" class=\"attachment-full size-full\" alt=\"struktur av tr\u00f6skmaskin\" aria-describedby=\"gallery-2-10120\" srcset=\"https:\/\/www.agriculture-machine.com\/wp-content\/uploads\/2021\/04\/structure-of-thresher-machine.jpg 720w, https:\/\/www.agriculture-machine.com\/wp-content\/uploads\/2021\/04\/structure-of-thresher-machine-360x270.jpg 360w, https:\/\/www.agriculture-machine.com\/wp-content\/uploads\/2021\/04\/structure-of-thresher-machine-240x180.jpg 240w\" sizes=\"auto, (max-width: 720px) 100vw, 720px\" \/><\/a> \t\t\t<\/div> \t\t\t\t<figcaption class='wp-caption-text gallery-caption' id='gallery-2-10120'> \t\t\t\tstruktur av tr\u00f6skmaskin \t\t\t\t<\/figcaption><\/figure> \t\t<\/div>  <h2>Vigezo vya Kiufundi<\/h2> <table> <tbody> <tr> <td>Tr\u00f6skvalsens rotationshastighet<\/td> <td>900-1040 r\/min<\/td> <\/tr> <tr> <td>\u00a0\u00a0\u00a0\u00a0\u00a0Nguvu<\/td> <td>7.5kw motor eller 12-15HP dieselmotor<\/td> <\/tr> <tr> <td>Reng\u00f6ringsmetod<\/td> <td>Vibrerande sikt , stor fl\u00e4kt<\/td> <\/tr> <tr> <td>Vibrationsfrekvens<\/td> <td>340<\/td> <\/tr> <tr> <td>Fl\u00e4ktens rotationshastighet<\/td> <td>1040 -1100r\/min<\/td> <\/tr> <tr> <td>Fl\u00e4ktdiameter<\/td> <td>D=480mm<\/td> <\/tr> <tr> <td>\u00b7<\/p> <p>Trumma diameter x l\u00e4ngd<\/p> <p>\u00b7<\/td> <td>D=520mm\uff1bL=900mm<\/td> <\/tr> <tr> <td>Uwezo<\/td> <td>800-1200 Kg\/h<\/td> <\/tr> <tr> <td>\u00a0\u00a0\u00a0\u00a0\u00a0\u00a0Uzito<\/td> <td>260 Kg<\/td> <\/tr> <tr> <td>Brytningsgrad \uff08\uff05\uff09<\/td> <td>\u22640.5<\/td> <\/tr> <tr> <td>Tr\u00f6skgrad \uff08\uff05\uff09<\/td> <td>\u226599<\/td> <\/tr> <tr> <td>F\u00f6rlustgrad \uff08\uff05\uff09<\/td> <td>\u22641.0<\/td> <\/tr> <tr> <td>Ukubwa<\/td> <td>310*170*140cm<\/td> <\/tr> <\/tbody> <\/table>","protected":false},"excerpt":{"rendered":"<p>Thresher machine 5TD-90 is an upgraded version of 5TD-50 thresher machine and 5TD-70 thresher machine. Its output is higher. It is also a multi-functional thresher machine, which can thresher a variety of grains. It use 7.5kw single phase electric motor or 12 hp diesel engine as power. What crops do the 5TD-90 wheat thresher can [&hellip;]<\/p>\n","protected":false},"author":1,"featured_media":10113,"parent":0,"comment_status":"closed","ping_status":"closed","template":"","tags":[36,94,796,135,2614,158],"product-type":[872],"class_list":["post-10112","product","type-product","status-publish","has-post-thumbnail","hentry","tag-beans","tag-millet","tag-rice","tag-sorghum","tag-thresher","tag-wheat","product-type-thresher-sheller"],"_links":{"self":[{"href":"https:\/\/www.agriculture-machine.com\/sw\/wp-json\/wp\/v2\/product\/10112","targetHints":{"allow":["GET"]}}],"collection":[{"href":"https:\/\/www.agriculture-machine.com\/sw\/wp-json\/wp\/v2\/product"}],"about":[{"href":"https:\/\/www.agriculture-machine.com\/sw\/wp-json\/wp\/v2\/types\/product"}],"author":[{"embeddable":true,"href":"https:\/\/www.agriculture-machine.com\/sw\/wp-json\/wp\/v2\/users\/1"}],"replies":[{"embeddable":true,"href":"https:\/\/www.agriculture-machine.com\/sw\/wp-json\/wp\/v2\/comments?post=10112"}],"wp:featuredmedia":[{"embeddable":true,"href":"https:\/\/www.agriculture-machine.com\/sw\/wp-json\/wp\/v2\/media\/10113"}],"wp:attachment":[{"href":"https:\/\/www.agriculture-machine.com\/sw\/wp-json\/wp\/v2\/media?parent=10112"}],"wp:term":[{"taxonomy":"post_tag","embeddable":true,"href":"https:\/\/www.agriculture-machine.com\/sw\/wp-json\/wp\/v2\/tags?post=10112"},{"taxonomy":"product-type","embeddable":true,"href":"https:\/\/www.agriculture-machine.com\/sw\/wp-json\/wp\/v2\/product-type?post=10112"}],"curies":[{"name":"wp","href":"https:\/\/api.w.org\/{rel}","templated":true}]}}