{"id":10764,"date":"2021-06-21T16:13:31","date_gmt":"2021-06-21T08:13:31","guid":{"rendered":"https:\/\/www.agriculture-machine.com\/?p=10764"},"modified":"2024-09-18T16:12:33","modified_gmt":"2024-09-18T08:12:33","slug":"small-corn-peeler-thresher-for-sale","status":"publish","type":"product","link":"https:\/\/www.agriculture-machine.com\/sw\/small-corn-peeler-thresher-for-sale\/","title":{"rendered":"Thresher ndogo ya peeling ya mahindi | Mashine ndogo ya kusaga mahindi"},"content":{"rendered":"<p class=\"translation-block\">Den vertikala lilla <strong>majsreben- och k\u00e4rnmaskinen<\/strong> har tv\u00e5 funktioner, en \u00e4r skalning och den andra \u00e4r k\u00e4rnnedl\u00e4ggning. Dessutom kan den lilla majsrebesmaskinen utrustas med elmotorer eller bensinmotorer. <\/p>    <p>Utbredningen \u00e4r 1500-2000 kg\/h (majsk\u00e4rnor), vilket passar mycket bra f\u00f6r hush\u00e5llsbruk. Om din familj odlar majs kan du k\u00f6pa en liten majsreben- och k\u00e4rnnedl\u00e4ggningsmaskin som denna, vilket g\u00f6r bearbetningen av majs mycket bekv\u00e4m.<\/p>    <figure class=\"wp-block-embed is-type-video is-provider-youtube wp-block-embed-youtube wp-embed-aspect-16-9 wp-has-aspect-ratio\"><div class=\"wp-block-embed__wrapper\"> <iframe loading=\"lazy\" title=\"Drift av h\u00f6gffektiv majsrivnings- och k\u00e4rnmaskin | Jordbruksmaskiner Pionj\u00e9r\" width=\"500\" height=\"281\" src=\"https:\/\/www.youtube.com\/embed\/Hfeg1nPOT2Y?feature=oembed\" frameborder=\"0\" allow=\"accelerometer; autoplay; clipboard-write; encrypted-media; gyroscope; picture-in-picture; web-share\" referrerpolicy=\"strict-origin-when-cross-origin\" allowfullscreen><\/iframe> <\/div><figcaption class=\"wp-element-caption\">b\u00e4rbar liten majsreben- och k\u00e4rnmaskin \u2013 arbetsvideo<\/figcaption><\/figure>    <h2 class=\"wp-block-heading\">Kort introduktion till liten majsreben- och k\u00e4rnmaskin<\/h2>    <p>V\u00e5r hemmagjorda majsrensk\u00e4rnings- och k\u00e4rnmaskin \u00e4r l\u00e4tt att anv\u00e4nda och kr\u00e4ver inte att m\u00e4nniskor hanterar k\u00e4rnnedl\u00e4ggningen f\u00f6rr\u00e4n majsen skalats. Maskinen \u00e4r liten men effektiv och m\u00f6ter familjernas dagliga behov. <\/p>    <p>Dessutom fungerar majsripes- och k\u00e4rnkedningsmaskinen bra, och den bearbetade majskolven \u00e4r komplett och mindre trasig. Det \u00e4r ocks\u00e5 rent och kr\u00e4ver inte att man sopar igenom majsen, vilket sparar tid och anstr\u00e4ngning. <\/p>    <p class=\"translation-block\">Dessutom har vi st\u00f6rre modeller av majs k\u00e4rn- och k\u00e4rntr\u00f6skmaskiner, <a href=\"https:\/\/www.agriculture-machine.com\/sw\/multifunctional-thresher-for-maize-beans-sorghum-millet\/\"><strong>f multifunctionella k\u00e4rntr\u00f6skmaskiner<\/strong><\/a>, ris- och vete k\u00e4rntr\u00f6skmaskiner, och <a href=\"https:\/\/www.agriculture-machine.com\/sw\/small-sweet-corn-sheller-for-fresh-maize\/\"><strong>s\u00f6tmajs k\u00e4rntr\u00f6skmaskiner<\/strong><\/a>. Kunderna kan v\u00e4lja maskin efter behov.<\/p>    <figure class=\"wp-block-gallery has-nested-images columns-default is-cropped wp-block-gallery-2 is-layout-flex wp-block-gallery-is-layout-flex\"> <figure class=\"wp-block-image size-large\"><img loading=\"lazy\" decoding=\"async\" width=\"720\" height=\"540\" data-id=\"13409\" src=\"https:\/\/www.agriculture-machine.com\/wp-content\/uploads\/2022\/05\/small-maize-peeler-and-thresher.jpg\" alt=\"liten majsreben- och k\u00e4rnmaskin\" class=\"wp-image-13409\" title=\"liten majsreben- och k\u00e4rnmaskin\" srcset=\"https:\/\/www.agriculture-machine.com\/wp-content\/uploads\/2022\/05\/small-maize-peeler-and-thresher.jpg 720w, https:\/\/www.agriculture-machine.com\/wp-content\/uploads\/2022\/05\/small-maize-peeler-and-thresher-360x270.jpg 360w, https:\/\/www.agriculture-machine.com\/wp-content\/uploads\/2022\/05\/small-maize-peeler-and-thresher-240x180.jpg 240w\" sizes=\"auto, (max-width: 720px) 100vw, 720px\" \/><figcaption class=\"wp-element-caption\">liten majsreben- och k\u00e4rnmaskin<\/figcaption><\/figure>    <figure class=\"wp-block-image size-large\"><img loading=\"lazy\" decoding=\"async\" width=\"720\" height=\"540\" data-id=\"13410\" src=\"https:\/\/www.agriculture-machine.com\/wp-content\/uploads\/2022\/05\/corn-threshing-machine.jpg\" alt=\"majskrossmaskin\" class=\"wp-image-13410\" title=\"majskrossmaskin\" srcset=\"https:\/\/www.agriculture-machine.com\/wp-content\/uploads\/2022\/05\/corn-threshing-machine.jpg 720w, https:\/\/www.agriculture-machine.com\/wp-content\/uploads\/2022\/05\/corn-threshing-machine-360x270.jpg 360w, https:\/\/www.agriculture-machine.com\/wp-content\/uploads\/2022\/05\/corn-threshing-machine-240x180.jpg 240w\" sizes=\"auto, (max-width: 720px) 100vw, 720px\" \/><figcaption class=\"wp-element-caption\">majskrossmaskin<\/figcaption><\/figure>    <figure class=\"wp-block-image size-large\"><img loading=\"lazy\" decoding=\"async\" width=\"720\" height=\"540\" data-id=\"13411\" src=\"https:\/\/www.agriculture-machine.com\/wp-content\/uploads\/2022\/05\/mini-corn-thresher.jpg\" alt=\"mini-majsrebsare\" class=\"wp-image-13411\" title=\"mini-majsrebsare\" srcset=\"https:\/\/www.agriculture-machine.com\/wp-content\/uploads\/2022\/05\/mini-corn-thresher.jpg 720w, https:\/\/www.agriculture-machine.com\/wp-content\/uploads\/2022\/05\/mini-corn-thresher-360x270.jpg 360w, https:\/\/www.agriculture-machine.com\/wp-content\/uploads\/2022\/05\/mini-corn-thresher-240x180.jpg 240w\" sizes=\"auto, (max-width: 720px) 100vw, 720px\" \/><figcaption class=\"wp-element-caption\">mini-majsrebsare<\/figcaption><\/figure> <\/figure>    <h2 class=\"wp-block-heading\">Struktur f\u00f6r sm\u00e5skalig majsn\u00e5tr\u00f6skmaskin<\/h2>    <p>Denna sm\u00e5skaliga majsk\u00e4rnmaskin best\u00e5r fr\u00e4mst av materialinlopp, ram, kraft (elektrisk motor eller bensinmotor), majskornuttag, skalning, och kornutsl\u00e4pp, k\u00e4rn- och skalutrymme, skalningskammare, fl\u00e4kt, etc. <\/p>    <figure class=\"wp-block-image aligncenter size-full\"><img loading=\"lazy\" decoding=\"async\" width=\"720\" height=\"540\" src=\"https:\/\/www.agriculture-machine.com\/wp-content\/uploads\/2022\/05\/small-scale-corn-threshing-machines-structure.jpg\" alt=\"Sm\u00e5skaliga majstr\u00f6skmaskinens konstruktion\" class=\"wp-image-13406\" title=\"Sm\u00e5skaliga majstr\u00f6skmaskinens konstruktion\" srcset=\"https:\/\/www.agriculture-machine.com\/wp-content\/uploads\/2022\/05\/small-scale-corn-threshing-machines-structure.jpg 720w, https:\/\/www.agriculture-machine.com\/wp-content\/uploads\/2022\/05\/small-scale-corn-threshing-machines-structure-360x270.jpg 360w, https:\/\/www.agriculture-machine.com\/wp-content\/uploads\/2022\/05\/small-scale-corn-threshing-machines-structure-240x180.jpg 240w\" sizes=\"auto, (max-width: 720px) 100vw, 720px\" \/><figcaption class=\"wp-element-caption\">small-scale corn threshing machine&#8217;s structure<\/figcaption><\/figure>    <h2 class=\"wp-block-heading\" id=\"h-5-reasons-to-use-the-mini-corn-thresher-machine\">5 anledningar att anv\u00e4nda mini-majsrebsmaskinen<\/h2>    <ol class=\"wp-block-list\"> <li>The threshing effect is high. Its capacity is 2000 kg per hour. So, it can meet people&#8217;s threshing needs, when the corn is harvested.<\/li>    <li>High removal rate. It has a 99% removal rate. So we don&#8217;t need to worry about missing a lot of corn seeds.<\/li>    <li>Inmatnings\u00f6ppningen \u00e4r stor, storleken p\u00e5 inmatnings\u00f6ppningen \u00e4r 330 mm bred och 360 mm l\u00e5ng. Den kan mata in mycket majs samtidigt. S\u00e5 det sparar tid och energi n\u00e4r vi anv\u00e4nder denna hush\u00e5llsreben- och k\u00e4rnmaskin.<\/li>    <li>Fr\u00f6na och kolvarna separeras automatiskt med mindre tid och anstr\u00e4ngning, och majskolvarna och majskornen separeras automatiskt.<\/li>    <li>Med flera funktioner kan den f\u00e4rdigst\u00e4lla skalning och k\u00e4rnnedl\u00e4ggning.<\/li> <\/ol>    <figure class=\"wp-block-image aligncenter size-full\"><img loading=\"lazy\" decoding=\"async\" width=\"720\" height=\"540\" src=\"https:\/\/www.agriculture-machine.com\/wp-content\/uploads\/2022\/05\/traditional-threshing-method.jpg\" alt=\"traditionell k\u00e4rnmetod\" class=\"wp-image-13412\" title=\"traditionell k\u00e4rnmetod\" srcset=\"https:\/\/www.agriculture-machine.com\/wp-content\/uploads\/2022\/05\/traditional-threshing-method.jpg 720w, https:\/\/www.agriculture-machine.com\/wp-content\/uploads\/2022\/05\/traditional-threshing-method-360x270.jpg 360w, https:\/\/www.agriculture-machine.com\/wp-content\/uploads\/2022\/05\/traditional-threshing-method-240x180.jpg 240w\" sizes=\"auto, (max-width: 720px) 100vw, 720px\" \/><figcaption class=\"wp-element-caption\">traditionell k\u00e4rnmetod<\/figcaption><\/figure>    <h2 class=\"wp-block-heading\" id=\"h-advantages-of-small-maize-peeler-and-thresher-machine\">F\u00f6rdelar med sm\u00e5 majsreben- och k\u00e4rnmaskin<\/h2>    <p>Mini-hirsningsmaskinen f\u00f6r majs har en f\u00f6rst\u00e4rkt ram som g\u00f6r att den h\u00e5ller l\u00e4ngre. Samtidigt kommer en stadig ram att g\u00f6ra f\u00e5ngaren mer stabil och h\u00e5llbar. Den vertikala majskrossaren har en superkraftig fl\u00e4kt, majskornen efter k\u00e4rnnedl\u00e4ggning \u00e4r s\u00e4rskilt rena. S\u00e5 kornen kan s\u00e4ljas direkt.<\/p>    <figure class=\"wp-block-image aligncenter size-full\"><img loading=\"lazy\" decoding=\"async\" width=\"720\" height=\"540\" src=\"https:\/\/www.agriculture-machine.com\/wp-content\/uploads\/2022\/05\/maize-peeler-and-thresher-machine.jpg\" alt=\"majsreben- och k\u00e4rnmaskin\" class=\"wp-image-13413\" title=\"majsreben- och k\u00e4rnmaskin\" srcset=\"https:\/\/www.agriculture-machine.com\/wp-content\/uploads\/2022\/05\/maize-peeler-and-thresher-machine.jpg 720w, https:\/\/www.agriculture-machine.com\/wp-content\/uploads\/2022\/05\/maize-peeler-and-thresher-machine-360x270.jpg 360w, https:\/\/www.agriculture-machine.com\/wp-content\/uploads\/2022\/05\/maize-peeler-and-thresher-machine-240x180.jpg 240w\" sizes=\"auto, (max-width: 720px) 100vw, 720px\" \/><figcaption class=\"wp-element-caption\">majsreben- och k\u00e4rnmaskin<\/figcaption><\/figure>    <h2 class=\"wp-block-heading\" id=\"h-use-of-small-corn-peeler-thresher\">Anv\u00e4ndning av liten majsreben- och k\u00e4rnmaskin<\/h2>    <ol class=\"wp-block-list\"> <li>F\u00f6lj f\u00f6rst ig\u00e5ng majsreben- och k\u00e4rnmaskinen. Och kontrollera om det finns problem med maskinen. <\/li>    <li>Om maskinen inte har problem, l\u00e4gg majsen direkt i maskinens inlopp. <\/li>    <li>Then the maize peeler and thresher&#8217;s threshing device will work. <\/li>    <li>Slutligen t\u00f6mmer maskinen majskolvar, skal och k\u00e4rnor genom olika utlopp. <\/li>    <li>S\u00e4tt in majsen i maskinen, och maskinen kan automatiskt slutf\u00f6ra skalning och k\u00e4rnsl\u00e5.<\/li> <\/ol>    <figure class=\"wp-block-gallery has-nested-images columns-default is-cropped wp-block-gallery-3 is-layout-flex wp-block-gallery-is-layout-flex\"> <figure class=\"wp-block-image size-large\"><a href=\"https:\/\/www.agriculture-machine.com\/wp-content\/uploads\/2021\/06\/Use-of-small-corn-peeler-thresher.jpg\"><img loading=\"lazy\" decoding=\"async\" width=\"415\" height=\"540\" data-id=\"10778\" src=\"https:\/\/www.agriculture-machine.com\/wp-content\/uploads\/2021\/06\/Use-of-small-corn-peeler-thresher.jpg\" alt=\"\" class=\"wp-image-10778\" srcset=\"https:\/\/www.agriculture-machine.com\/wp-content\/uploads\/2021\/06\/Use-of-small-corn-peeler-thresher.jpg 415w, https:\/\/www.agriculture-machine.com\/wp-content\/uploads\/2021\/06\/Use-of-small-corn-peeler-thresher-208x270.jpg 208w\" sizes=\"auto, (max-width: 415px) 100vw, 415px\" \/><\/a><\/figure>    <figure class=\"wp-block-image size-large\"><a href=\"https:\/\/www.agriculture-machine.com\/wp-content\/uploads\/2021\/06\/Use-of-mini-corn-peeler-thresher.jpg\"><img loading=\"lazy\" decoding=\"async\" width=\"415\" height=\"540\" data-id=\"10777\" src=\"https:\/\/www.agriculture-machine.com\/wp-content\/uploads\/2021\/06\/Use-of-mini-corn-peeler-thresher.jpg\" alt=\"\" class=\"wp-image-10777\" srcset=\"https:\/\/www.agriculture-machine.com\/wp-content\/uploads\/2021\/06\/Use-of-mini-corn-peeler-thresher.jpg 415w, https:\/\/www.agriculture-machine.com\/wp-content\/uploads\/2021\/06\/Use-of-mini-corn-peeler-thresher-208x270.jpg 208w\" sizes=\"auto, (max-width: 415px) 100vw, 415px\" \/><\/a><\/figure> <\/figure>    <h2 class=\"wp-block-heading\" id=\"h-difference-between-the-two-types-of-corn-thresher\">Skillnad mellan de tv\u00e5 typerna av majsrebsare<\/h2>    <p>Vi har ocks\u00e5 en annan majsreben- och k\u00e4rnmaskin. De skiljer sig i f\u00f6ljande avseenden.<\/p>    <ol class=\"wp-block-list\"> <li>Olika effekter. Den <a href=\"https:\/\/www.agriculture-machine.com\/sw\/maize-peeler-and-thresher\/\">tidigare typ av skalning och k\u00e4rnmaskin<\/a> kan anv\u00e4nda elmotorer, bensinmotorer och dieselmotorer. Kraften hos denna vertikala lilla majsreben- och k\u00e4rnmaskin kr\u00e4ver ingen dieselmotor, den kan startas med endast en motor och en bensinmotor. <\/li>    <li>De varierar i storlek. Den vertikala majskrossaren \u00e4r mindre.<\/li>    <li>Andra typer av majsreben- och k\u00e4rnmaskiner har st\u00f6rre kapaciteter.<\/li> <\/ol>    <h2 class=\"wp-block-heading\" id=\"h-reseller-customers\">\u00c5terf\u00f6rs\u00e4ljarkunder<\/h2>    <p class=\"translation-block\">Storleken p\u00e5 denna maskin \u00e4r mycket liten. Den passar mycket bra f\u00f6r hembruk. F\u00f6r \u00e5terf\u00f6rs\u00e4ljare \u00e4r denna maskin mycket l\u00e4mplig att k\u00f6pa. Det \u00e4r ett mycket bra investeringsprojekt. En 40 HQ-container kan rymma cirka 600 s\u00e5dana maskiner. Sedan s\u00e4ljs den till lokala jordbrukare. Precis som v\u00e5ra kunder i Zimbabwe har k\u00f6pt <a href=\"https:\/\/www.agriculture-machine.com\/sw\/40-hq-agriculture-machine-sold-to-zimbabwe\/\">m\u00e5nga sm\u00e5 multifunktionella k\u00e4rntr\u00f6skare<\/a>, och snart f\u00e5tt best\u00e4llningar, eftersom denna lilla maskin \u00e4r mycket l\u00e4mplig f\u00f6r hush\u00e5llsbruk.<\/p>    <figure class=\"wp-block-gallery has-nested-images columns-default is-cropped wp-block-gallery-4 is-layout-flex wp-block-gallery-is-layout-flex\"> <figure class=\"wp-block-image size-large\"><a href=\"https:\/\/www.agriculture-machine.com\/wp-content\/uploads\/2022\/05\/mini-maize-procesor.jpg\"><img loading=\"lazy\" decoding=\"async\" width=\"720\" height=\"540\" data-id=\"13415\" src=\"https:\/\/www.agriculture-machine.com\/wp-content\/uploads\/2022\/05\/mini-maize-procesor.jpg\" alt=\"mini-majsprocessor\" class=\"wp-image-13415\" title=\"mini-majsprocessor\" srcset=\"https:\/\/www.agriculture-machine.com\/wp-content\/uploads\/2022\/05\/mini-maize-procesor.jpg 720w, https:\/\/www.agriculture-machine.com\/wp-content\/uploads\/2022\/05\/mini-maize-procesor-360x270.jpg 360w, https:\/\/www.agriculture-machine.com\/wp-content\/uploads\/2022\/05\/mini-maize-procesor-240x180.jpg 240w\" sizes=\"auto, (max-width: 720px) 100vw, 720px\" \/><\/a><figcaption class=\"wp-element-caption\">mini-majsprocessor<\/figcaption><\/figure>    <figure class=\"wp-block-image size-large\"><a href=\"https:\/\/www.agriculture-machine.com\/wp-content\/uploads\/2022\/05\/small-corn-thresher.jpg\"><img loading=\"lazy\" decoding=\"async\" width=\"720\" height=\"540\" data-id=\"13414\" src=\"https:\/\/www.agriculture-machine.com\/wp-content\/uploads\/2022\/05\/small-corn-thresher.jpg\" alt=\"liten majsrebsare\" class=\"wp-image-13414\" title=\"liten majsrebsare\" srcset=\"https:\/\/www.agriculture-machine.com\/wp-content\/uploads\/2022\/05\/small-corn-thresher.jpg 720w, https:\/\/www.agriculture-machine.com\/wp-content\/uploads\/2022\/05\/small-corn-thresher-360x270.jpg 360w, https:\/\/www.agriculture-machine.com\/wp-content\/uploads\/2022\/05\/small-corn-thresher-240x180.jpg 240w\" sizes=\"auto, (max-width: 720px) 100vw, 720px\" \/><\/a><figcaption class=\"wp-element-caption\">liten majsrebsare<\/figcaption><\/figure> <\/figure>    <h2 class=\"wp-block-heading\" id=\"h-specification-of-the-home-use-corn-peeling-and-threshing-machine\">Specifikation f\u00f6r hemmabruk av majsrens- och k\u00e4rnnedl\u00e4ggningsmaskin<\/h2>    <figure class=\"wp-block-table is-style-stripes\"><table><tbody><tr><td>Mfano<\/td><td>Liten majsreben- och k\u00e4rnmaskin<\/td><\/tr><tr><td>Nguvu<\/td><td>injini ya petroli au motor ya umeme<\/td><\/tr><tr><td>Uwezo<\/td><td>1500-2000kg\/h<\/td><\/tr><tr><td>Uzito wa mashine<\/td><td>65 kg<\/td><\/tr><tr><td>Ukubwa wa mashine<\/td><td>440*400*800 mm<\/td><\/tr><\/tbody><\/table><figcaption class=\"wp-element-caption\">corn peeling and threshing machine&#8217;s parameter<\/figcaption><\/figure>    <h2 class=\"wp-block-heading\">Kombinerad majsreben- och k\u00e4rnmaskin s\u00e5ld till Mexiko<\/h2>    <p>F\u00f6rra veckan best\u00e4llde v\u00e5r mexikanska kund 20 sm\u00e5 majsreben- och k\u00e4rnmaskiner. Han l\u00e4rde sig om majsriven- och k\u00e4rnmaskin p\u00e5 v\u00e5r webbplats och l\u00e4mnade sina kontaktuppgifter. <\/p>    <p>Our sales manager added the customer&#8217;s WhatsApp, and through thorough communication, we realized that our small corn threshers were perfect for the customer&#8217;s needs. <\/p>    <p>Slutligen beslutade kunden att k\u00f6pa v\u00e5r hemmagjorda majsrensk\u00e4rnings- och k\u00e4rnmaskin. H\u00e4r \u00e4r bild p\u00e5 f\u00f6rpackning och frakt av maskinen.<\/p>    <figure class=\"wp-block-gallery has-nested-images columns-default is-cropped wp-block-gallery-5 is-layout-flex wp-block-gallery-is-layout-flex\"> <figure class=\"wp-block-image size-large\"><img loading=\"lazy\" decoding=\"async\" width=\"720\" height=\"540\" data-id=\"13416\" src=\"https:\/\/www.agriculture-machine.com\/wp-content\/uploads\/2022\/05\/wooden-case-package-of-corn-thresher.jpg\" alt=\"Tr\u00e4-askf\u00f6rpackning av majsrebs\" class=\"wp-image-13416\" title=\"Tr\u00e4-askf\u00f6rpackning av majsrebs\" srcset=\"https:\/\/www.agriculture-machine.com\/wp-content\/uploads\/2022\/05\/wooden-case-package-of-corn-thresher.jpg 720w, https:\/\/www.agriculture-machine.com\/wp-content\/uploads\/2022\/05\/wooden-case-package-of-corn-thresher-360x270.jpg 360w, https:\/\/www.agriculture-machine.com\/wp-content\/uploads\/2022\/05\/wooden-case-package-of-corn-thresher-240x180.jpg 240w\" sizes=\"auto, (max-width: 720px) 100vw, 720px\" \/><figcaption class=\"wp-element-caption\">Tr\u00e4-askf\u00f6rpackning av majsrebs<\/figcaption><\/figure>    <figure class=\"wp-block-image size-large\"><img loading=\"lazy\" decoding=\"async\" width=\"720\" height=\"540\" data-id=\"13417\" src=\"https:\/\/www.agriculture-machine.com\/wp-content\/uploads\/2022\/05\/loading-of-the-machine.jpg\" alt=\"Lastning av maskinen\" class=\"wp-image-13417\" title=\"Lastning av maskinen\" srcset=\"https:\/\/www.agriculture-machine.com\/wp-content\/uploads\/2022\/05\/loading-of-the-machine.jpg 720w, https:\/\/www.agriculture-machine.com\/wp-content\/uploads\/2022\/05\/loading-of-the-machine-360x270.jpg 360w, https:\/\/www.agriculture-machine.com\/wp-content\/uploads\/2022\/05\/loading-of-the-machine-240x180.jpg 240w\" sizes=\"auto, (max-width: 720px) 100vw, 720px\" \/><figcaption class=\"wp-element-caption\">Lastning av maskinen<\/figcaption><\/figure>    <figure class=\"wp-block-image size-large\"><img loading=\"lazy\" decoding=\"async\" width=\"720\" height=\"540\" data-id=\"13404\" src=\"https:\/\/www.agriculture-machine.com\/wp-content\/uploads\/2022\/05\/shipping-of-corn-peeler-and-thresher.jpg\" alt=\"frakt av majsreban- och k\u00e4rnmaskin\" class=\"wp-image-13404\" title=\"frakt av majsreban- och k\u00e4rnmaskin\" srcset=\"https:\/\/www.agriculture-machine.com\/wp-content\/uploads\/2022\/05\/shipping-of-corn-peeler-and-thresher.jpg 720w, https:\/\/www.agriculture-machine.com\/wp-content\/uploads\/2022\/05\/shipping-of-corn-peeler-and-thresher-360x270.jpg 360w, https:\/\/www.agriculture-machine.com\/wp-content\/uploads\/2022\/05\/shipping-of-corn-peeler-and-thresher-240x180.jpg 240w\" sizes=\"auto, (max-width: 720px) 100vw, 720px\" \/><figcaption class=\"wp-element-caption\">frakt av majsreban- och k\u00e4rnmaskin<\/figcaption><\/figure> <\/figure>    <h2 class=\"wp-block-heading\">Wasiliana nasi wakati wowote<\/h2>    <p>Om du \u00e4r intresserad av v\u00e5r majsrivande och k\u00e4rnmaskin eller har n\u00e5gra fr\u00e5gor, st\u00e5r vi alltid redo att ge dig detaljerad information och professionell r\u00e5dgivning. Tveka inte att kontakta oss omedelbart! V\u00e5rt professionella team hj\u00e4lper g\u00e4rna till och besvarar dina fr\u00e5gor.<\/p>","protected":false},"excerpt":{"rendered":"<p>Detta \u00e4r en liten majsreben- och k\u00e4rnmaskin. Den passar mycket bra f\u00f6r hemmabruk. Dess kapacitet \u00e4r 1500-2000 kg\/h (majsk\u00e4rnor). <\/p>","protected":false},"author":1,"featured_media":13408,"parent":0,"comment_status":"closed","ping_status":"closed","template":"","tags":[2614],"product-type":[872],"class_list":["post-10764","product","type-product","status-publish","has-post-thumbnail","hentry","tag-thresher","product-type-thresher-sheller"],"_links":{"self":[{"href":"https:\/\/www.agriculture-machine.com\/sw\/wp-json\/wp\/v2\/product\/10764","targetHints":{"allow":["GET"]}}],"collection":[{"href":"https:\/\/www.agriculture-machine.com\/sw\/wp-json\/wp\/v2\/product"}],"about":[{"href":"https:\/\/www.agriculture-machine.com\/sw\/wp-json\/wp\/v2\/types\/product"}],"author":[{"embeddable":true,"href":"https:\/\/www.agriculture-machine.com\/sw\/wp-json\/wp\/v2\/users\/1"}],"replies":[{"embeddable":true,"href":"https:\/\/www.agriculture-machine.com\/sw\/wp-json\/wp\/v2\/comments?post=10764"}],"wp:featuredmedia":[{"embeddable":true,"href":"https:\/\/www.agriculture-machine.com\/sw\/wp-json\/wp\/v2\/media\/13408"}],"wp:attachment":[{"href":"https:\/\/www.agriculture-machine.com\/sw\/wp-json\/wp\/v2\/media?parent=10764"}],"wp:term":[{"taxonomy":"post_tag","embeddable":true,"href":"https:\/\/www.agriculture-machine.com\/sw\/wp-json\/wp\/v2\/tags?post=10764"},{"taxonomy":"product-type","embeddable":true,"href":"https:\/\/www.agriculture-machine.com\/sw\/wp-json\/wp\/v2\/product-type?post=10764"}],"curies":[{"name":"wp","href":"https:\/\/api.w.org\/{rel}","templated":true}]}}