{"id":11043,"date":"2021-08-07T16:29:49","date_gmt":"2021-08-07T08:29:49","guid":{"rendered":"https:\/\/www.agriculture-machine.com\/?p=11043"},"modified":"2024-09-26T09:28:27","modified_gmt":"2024-09-26T01:28:27","slug":"heavy-disc-harrow-hydraulic-trailed-heavy-duty-harrow","status":"publish","type":"product","link":"https:\/\/www.agriculture-machine.com\/sw\/heavy-disc-harrow-hydraulic-trailed-heavy-duty-harrow\/","title":{"rendered":"Diski nzito ya kukokota | Harrow nzito la Hydrauliki linaloendeshwa kwa meli"},"content":{"rendered":"<p>La grada de disco pesado de tracci\u00f3n es una herramienta de labranza. Tiene un grupo de rastrillos compuesto por una pluralidad de discos c\u00f3ncavos. Estos discos est\u00e1n fijados en un eje horizontal como parte de trabajo. Tiene una fuerte adaptabilidad a suelos pesados, tierras bald\u00edas y parcelas con maleza.<\/p>    <p>Se usa principalmente para arar tierras no cultivadas, tambi\u00e9n para eliminar rastrojo antes de arar, rastrillar despu\u00e9s de arar, aflojar el suelo, etc. Cuando trabaja la grada de disco pesada, puede mezclar los fertilizantes superficiales y pesticidas con el suelo superficial para lograr el efecto de nivelaci\u00f3n y conservaci\u00f3n de humedad.<\/p>    <figure class=\"wp-block-embed aligncenter is-type-video is-provider-youtube wp-block-embed-youtube wp-embed-aspect-16-9 wp-has-aspect-ratio\"><div class=\"wp-block-embed__wrapper\"> <iframe loading=\"lazy\" title=\"video de trabajo de la grada pesada de disco con remolque hidr\u00e1ulico|video de retroalimentaci\u00f3n de la grada pesada de disco con remolque de disco\" width=\"500\" height=\"281\" src=\"https:\/\/www.youtube.com\/embed\/VSU8fbMLO7A?feature=oembed\" frameborder=\"0\" allow=\"accelerometer; autoplay; clipboard-write; encrypted-media; gyroscope; picture-in-picture; web-share\" referrerpolicy=\"strict-origin-when-cross-origin\" allowfullscreen><\/iframe> <\/div><figcaption class=\"wp-element-caption\">video de trabajo de la grada de disco pesada<\/figcaption><\/figure>    <h2 class=\"wp-block-heading\">Estructura de la grada de disco pesado<\/h2>    <p>La grada de disco generalmente est\u00e1 compuesta por un grupo de rastrillos, marco de rastrillo, mecanismo de ajuste de desviaci\u00f3n y dispositivo de enganche.<\/p>    <h3 class=\"wp-block-heading\" id=\"h-rake-group\">Grupo de rastrillos<\/h3>    <p>El grupo de rastrillos est\u00e1 compuesto por cuchillas de rastrillo, tubos intermedios, ejes cuadrados, rodamientos y raspadores. Las cuchillas de rastrillo son generalmente discos esf\u00e9ricos. Hay dos tipos de discos, de cuchilla completa y de cuchilla ranurada. La primera es sencilla de fabricar y f\u00e1cil de afilar. La segunda tiene una fuerte capacidad de penetraci\u00f3n en el suelo. Esto ayuda a cortar tierra y maleza.<\/p>    <p>Y el centro de la cuchilla es un agujero cuadrado a trav\u00e9s del eje cuadrado. Cuando trabaja, las cuchillas de la grada giran junto con el eje cuadrado. Que est\u00e1 conectado al marco del rastrillo a trav\u00e9s de un rodamiento, y las cuchillas en el mismo eje est\u00e1n separadas por un tubo intermedio.<\/p>    <figure class=\"wp-block-gallery has-nested-images columns-2 is-cropped wp-block-gallery-2 is-layout-flex wp-block-gallery-is-layout-flex\"> <figure class=\"wp-block-image size-large\"><a href=\"https:\/\/www.agriculture-machine.com\/wp-content\/uploads\/2021\/08\/\u5168\u5203.jpg\"><img loading=\"lazy\" decoding=\"async\" width=\"720\" height=\"540\" data-id=\"11053\" src=\"https:\/\/www.agriculture-machine.com\/wp-content\/uploads\/2021\/08\/\u5168\u5203.jpg\" alt=\"Disco de cuchilla completa\" class=\"wp-image-11053\" srcset=\"https:\/\/www.agriculture-machine.com\/wp-content\/uploads\/2021\/08\/\u5168\u5203.jpg 720w, https:\/\/www.agriculture-machine.com\/wp-content\/uploads\/2021\/08\/\u5168\u5203-360x270.jpg 360w, https:\/\/www.agriculture-machine.com\/wp-content\/uploads\/2021\/08\/\u5168\u5203-240x180.jpg 240w\" sizes=\"auto, (max-width: 720px) 100vw, 720px\" \/><\/a><figcaption class=\"wp-element-caption\">Disco de cuchilla completa<\/figcaption><\/figure>    <figure class=\"wp-block-image size-large\"><a href=\"https:\/\/www.agriculture-machine.com\/wp-content\/uploads\/2021\/08\/\u7f3a\u53e3\u5203.jpg\"><img loading=\"lazy\" decoding=\"async\" width=\"720\" height=\"540\" data-id=\"11054\" src=\"https:\/\/www.agriculture-machine.com\/wp-content\/uploads\/2021\/08\/\u7f3a\u53e3\u5203.jpg\" alt=\"Disco de cuchilla ranurada\" class=\"wp-image-11054\" srcset=\"https:\/\/www.agriculture-machine.com\/wp-content\/uploads\/2021\/08\/\u7f3a\u53e3\u5203.jpg 720w, https:\/\/www.agriculture-machine.com\/wp-content\/uploads\/2021\/08\/\u7f3a\u53e3\u5203-360x270.jpg 360w, https:\/\/www.agriculture-machine.com\/wp-content\/uploads\/2021\/08\/\u7f3a\u53e3\u5203-240x180.jpg 240w\" sizes=\"auto, (max-width: 720px) 100vw, 720px\" \/><\/a><figcaption class=\"wp-element-caption\">Disco de cuchilla ranurada<\/figcaption><\/figure> <\/figure>    <h3 class=\"wp-block-heading\" id=\"h-rake-frame\"> Marco del rastrillo<\/h3>    <p>El marco del rastrillo se usa para instalar el grupo de grada de disco, mecanismo de ajuste, dispositivo de enganche y otros componentes. <\/p>    <p>Algunas estructuras de rastrillos tambi\u00e9n est\u00e1n equipadas con una caja de carga para que se puedan agregar contrapesos cuando sea necesario para aumentar y mantener la profundidad del rastrillo. <\/p>    <p>El mecanismo de ajuste del \u00e1ngulo de desviaci\u00f3n se usa para ajustar el \u00e1ngulo de desviaci\u00f3n de la grada de disco pesado para cumplir con los requisitos de diferentes profundidades del rastrillo.<\/p>    <figure class=\"wp-block-gallery has-nested-images columns-default is-cropped wp-block-gallery-3 is-layout-flex wp-block-gallery-is-layout-flex\"> <figure class=\"wp-block-image size-large\"><a href=\"https:\/\/www.agriculture-machine.com\/wp-content\/uploads\/2021\/08\/4.jpg\"><img loading=\"lazy\" decoding=\"async\" width=\"720\" height=\"540\" data-id=\"11052\" src=\"https:\/\/www.agriculture-machine.com\/wp-content\/uploads\/2021\/08\/4.jpg\" alt=\"Grada de disco pesado opuesta remolcada hidr\u00e1ulicamente\" class=\"wp-image-11052\" srcset=\"https:\/\/www.agriculture-machine.com\/wp-content\/uploads\/2021\/08\/4.jpg 720w, https:\/\/www.agriculture-machine.com\/wp-content\/uploads\/2021\/08\/4-360x270.jpg 360w, https:\/\/www.agriculture-machine.com\/wp-content\/uploads\/2021\/08\/4-240x180.jpg 240w\" sizes=\"auto, (max-width: 720px) 100vw, 720px\" \/><\/a><figcaption class=\"wp-element-caption\">Grada de disco pesado opuesta remolcada hidr\u00e1ulicamente<\/figcaption><\/figure>    <figure class=\"wp-block-image size-large\"><a href=\"https:\/\/www.agriculture-machine.com\/wp-content\/uploads\/2021\/08\/3.jpg\"><img loading=\"lazy\" decoding=\"async\" width=\"720\" height=\"540\" data-id=\"11051\" src=\"https:\/\/www.agriculture-machine.com\/wp-content\/uploads\/2021\/08\/3.jpg\" alt=\"Grada de disco pesado opuesta remolcada hidr\u00e1ulicamente\" class=\"wp-image-11051\" srcset=\"https:\/\/www.agriculture-machine.com\/wp-content\/uploads\/2021\/08\/3.jpg 720w, https:\/\/www.agriculture-machine.com\/wp-content\/uploads\/2021\/08\/3-360x270.jpg 360w, https:\/\/www.agriculture-machine.com\/wp-content\/uploads\/2021\/08\/3-240x180.jpg 240w\" sizes=\"auto, (max-width: 720px) 100vw, 720px\" \/><\/a><figcaption class=\"wp-element-caption\">Grada de disco pesado opuesta remolcada hidr\u00e1ulicamente<\/figcaption><\/figure> <\/figure>    <h3 class=\"wp-block-heading\" id=\"h-deflection-adjustment-mechanism\"> Mecanismo de ajuste de desviaci\u00f3n <\/h3>    <p>Los ajustadores de \u00e1ngulo incluyen tipo tornillo de avance, tipo placa dentada, tipo hidr\u00e1ulico, tipo perno, tipo placa de presi\u00f3n y tipo palanca manual.<\/p>    <p>El soporte est\u00e1 fijado en la viga principal de tracci\u00f3n, las placas deslizantes superior e inferior est\u00e1n fijadas con el marco de tracci\u00f3n, y pueden moverse a lo largo de la viga principal, y el rango de movimiento est\u00e1 limitado por el soporte en el extremo de la placa dentada.<\/p>    <h3 class=\"wp-block-heading\" id=\"h-hooking-device\">Dispositivo de enganche<\/h3>    <p>El enganche es una grada de disco pesado conectada al tractor a trav\u00e9s de un dispositivo de tracci\u00f3n o un dispositivo de suspensi\u00f3n.<\/p>    <h2 class=\"wp-block-heading\">Principio de funcionamiento del implemento agr\u00edcola rastrillo<\/h2>    <ul class=\"wp-block-list\"> <li>Los grupos de discos c\u00f3ncavos se usan como partes de trabajo.<\/li>    <li>La superficie del borde de la cuchilla es perpendicular al suelo y tiene un \u00e1ngulo de desviaci\u00f3n ajustable con la direcci\u00f3n hacia adelante de la unidad.<\/li>    <li>Las cuchillas de la grada cortan la tierra para cortar ra\u00edces y residuos de cultivos, y la tierra se eleva a cierta altura a lo largo de la superficie c\u00f3ncava de las cuchillas y luego se voltea hacia abajo.<\/li> <\/ul>    <figure class=\"wp-block-embed is-type-video is-provider-youtube wp-block-embed-youtube wp-embed-aspect-16-9 wp-has-aspect-ratio\"><div class=\"wp-block-embed__wrapper\"> <iframe loading=\"lazy\" title=\"video de trabajo de la grada pesada de disco con remolque hidr\u00e1ulico|video de retroalimentaci\u00f3n de la grada pesada de disco con remolque de disco\" width=\"500\" height=\"281\" src=\"https:\/\/www.youtube.com\/embed\/H3_jjq-Vs5w?feature=oembed\" frameborder=\"0\" allow=\"accelerometer; autoplay; clipboard-write; encrypted-media; gyroscope; picture-in-picture; web-share\" referrerpolicy=\"strict-origin-when-cross-origin\" allowfullscreen><\/iframe> <\/div><figcaption class=\"wp-element-caption\">Sitio de trabajo de la grada de disco agr\u00edcola pesada<\/figcaption><\/figure>    <h2 class=\"wp-block-heading\">Ventajas de la grada de trabajo hidr\u00e1ulico remolcado pesado<\/h2>    <ul class=\"wp-block-list\"> <li>Marco robusto, en fases y soportes de rodamientos duraderos que prolongan la vida \u00fatil.<\/li>    <li>Los grupos de cuchillas de corte independientes se adaptan fluidamente con una pierna.<\/li>    <li>Fuerza descendente pesada hace que cada cuchilla penetre m\u00e1s profundo.<\/li>    <li>Las cuchillas ranuradas se cortan en la tierra.<\/li>    <li>Las cuchillas suaves dejan un acabado fino.<\/li>    <li>Raspadores de lodo que ayudan a obstrucciones.<\/li> <\/ul>    <figure class=\"wp-block-image aligncenter size-full\"><img loading=\"lazy\" decoding=\"async\" width=\"720\" height=\"540\" src=\"https:\/\/www.agriculture-machine.com\/wp-content\/uploads\/2021\/08\/9.jpg\" alt=\"Diferentes tipos de cuchillas\" class=\"wp-image-11060\" srcset=\"https:\/\/www.agriculture-machine.com\/wp-content\/uploads\/2021\/08\/9.jpg 720w, https:\/\/www.agriculture-machine.com\/wp-content\/uploads\/2021\/08\/9-360x270.jpg 360w, https:\/\/www.agriculture-machine.com\/wp-content\/uploads\/2021\/08\/9-240x180.jpg 240w\" sizes=\"auto, (max-width: 720px) 100vw, 720px\" \/><figcaption class=\"wp-element-caption\">Diferentes tipos de cuchillas<\/figcaption><\/figure>    <h2 class=\"wp-block-heading\">Forma de configuraci\u00f3n de la grada de disco del tractor<\/h2>    <p>De acuerdo con la configuraci\u00f3n del grupo de rastrillos, podemos dividirlo en tres tipos: tipo de fila \u00fanica opuesta, tipo de doble fila opuesta y tipo desplazado de grada de disco pesado.<\/p>    <ol class=\"wp-block-list\"> <li><strong>Tipo de fila \u00fanica opuesta<\/strong>. Los lados izquierdo y derecho de los componentes del rastrillo est\u00e1n dispuestos en una sola fila. La fila izquierda y la derecha consta de uno o m\u00e1s grupos de rastrillos con superficies c\u00f3ncavas opuestas. Se usa para tierras planas de tierras irrigadas, rastrojo despu\u00e9s de la cosecha y arado superficial de tierras en barbecho.<\/li>    <li><strong>Tipo de fila doble opuesta. <\/strong>Cada columna est\u00e1 dispuesta sim\u00e9tricamente por dos filas de grupos de rastrillos a la izquierda y derecha. Las superficies c\u00f3ncavas de los discos de las dos filas delanteras de grupos de rastrillos est\u00e1n opuestas entre s\u00ed.<\/li>    <li><strong>Tipo desplazado<\/strong>. Consta de dos filas de grupos de rastrillos con superficies c\u00f3ncavas opuestas de los discos en la parte delantera y trasera. La l\u00ednea central del ancho del rastrillo puede desviarse mucho del eje longitudinal del tractor durante la operaci\u00f3n. El rastrillo desplazado ancho puede alcanzar m\u00e1s de 3 metros. Cuando se usa en un huerto, puede extender el rastrillo desplazado para trabajar bajo el dosel donde el tractor no puede entrar. Debido a que el rastrillo desplazado no tiene zona de labranza faltante, tambi\u00e9n se usa ampliamente en operaciones de campo.<\/li> <\/ol>    <figure class=\"wp-block-gallery has-nested-images columns-default is-cropped wp-block-gallery-4 is-layout-flex wp-block-gallery-is-layout-flex\"> <figure class=\"wp-block-image size-large\"><img loading=\"lazy\" decoding=\"async\" width=\"720\" height=\"540\" data-id=\"11055\" src=\"https:\/\/www.agriculture-machine.com\/wp-content\/uploads\/2021\/08\/5.jpg\" alt=\"Grada de disco completo con cuchilla\" class=\"wp-image-11055\" srcset=\"https:\/\/www.agriculture-machine.com\/wp-content\/uploads\/2021\/08\/5.jpg 720w, https:\/\/www.agriculture-machine.com\/wp-content\/uploads\/2021\/08\/5-360x270.jpg 360w, https:\/\/www.agriculture-machine.com\/wp-content\/uploads\/2021\/08\/5-240x180.jpg 240w\" sizes=\"auto, (max-width: 720px) 100vw, 720px\" \/><figcaption class=\"wp-element-caption\">Grada de disco completo con cuchilla<\/figcaption><\/figure>    <figure class=\"wp-block-image size-large\"><img loading=\"lazy\" decoding=\"async\" width=\"720\" height=\"540\" data-id=\"11056\" src=\"https:\/\/www.agriculture-machine.com\/wp-content\/uploads\/2021\/08\/6.jpg\" alt=\"Disco de cuchilla ranurada\" class=\"wp-image-11056\" srcset=\"https:\/\/www.agriculture-machine.com\/wp-content\/uploads\/2021\/08\/6.jpg 720w, https:\/\/www.agriculture-machine.com\/wp-content\/uploads\/2021\/08\/6-360x270.jpg 360w, https:\/\/www.agriculture-machine.com\/wp-content\/uploads\/2021\/08\/6-240x180.jpg 240w\" sizes=\"auto, (max-width: 720px) 100vw, 720px\" \/><figcaption class=\"wp-element-caption\">Disco de cuchilla ranurada<\/figcaption><\/figure> <\/figure>    <h2 class=\"wp-block-heading\" id=\"h-how-to-choose-a-disc-heavy-harrow\">\u00bfC\u00f3mo elegir su equipo de labranza?<\/h2>    <ul class=\"wp-block-list\"> <li>La grada hidr\u00e1ulica de disco pesado de la serie 1BZ tiene alta eficiencia de trabajo y fuerte capacidad de penetraci\u00f3n en el suelo.<\/li>    <li>Este tipo de rastrillo se adapta bien a suelos pegajosos, tierras bald\u00edas y parcelas con maleza.<\/li>    <li>El rastrillo tambi\u00e9n est\u00e1 equipado con ruedas de goma hidr\u00e1ulicas de elevaci\u00f3n.<\/li>    <li>Por lo tanto, puede mejorar en gran medida la eficiencia de producci\u00f3n y la vida \u00fatil del rastrillo.<\/li> <\/ul>    <figure class=\"wp-block-gallery has-nested-images columns-default is-cropped wp-block-gallery-5 is-layout-flex wp-block-gallery-is-layout-flex\"> <figure class=\"wp-block-image size-large\"><img loading=\"lazy\" decoding=\"async\" width=\"720\" height=\"540\" data-id=\"11057\" src=\"https:\/\/www.agriculture-machine.com\/wp-content\/uploads\/2021\/08\/7.jpg\" alt=\"Grada de disco pesado con ala plegable hidr\u00e1ulicamente\" class=\"wp-image-11057\" srcset=\"https:\/\/www.agriculture-machine.com\/wp-content\/uploads\/2021\/08\/7.jpg 720w, https:\/\/www.agriculture-machine.com\/wp-content\/uploads\/2021\/08\/7-360x270.jpg 360w, https:\/\/www.agriculture-machine.com\/wp-content\/uploads\/2021\/08\/7-240x180.jpg 240w\" sizes=\"auto, (max-width: 720px) 100vw, 720px\" \/><figcaption class=\"wp-element-caption\">Grada de disco pesado con ala plegable hidr\u00e1ulicamente<\/figcaption><\/figure>    <figure class=\"wp-block-image size-large\"><img loading=\"lazy\" decoding=\"async\" width=\"720\" height=\"540\" data-id=\"11058\" src=\"https:\/\/www.agriculture-machine.com\/wp-content\/uploads\/2021\/08\/8.jpg\" alt=\"Grada de disco pesado hidr\u00e1ulico con tracci\u00f3n\" class=\"wp-image-11058\" srcset=\"https:\/\/www.agriculture-machine.com\/wp-content\/uploads\/2021\/08\/8.jpg 720w, https:\/\/www.agriculture-machine.com\/wp-content\/uploads\/2021\/08\/8-360x270.jpg 360w, https:\/\/www.agriculture-machine.com\/wp-content\/uploads\/2021\/08\/8-240x180.jpg 240w\" sizes=\"auto, (max-width: 720px) 100vw, 720px\" \/><figcaption class=\"wp-element-caption\">Grada de disco pesado hidr\u00e1ulico con tracci\u00f3n<\/figcaption><\/figure> <\/figure>    <h2 class=\"wp-block-heading\">Par\u00e1metros de grada de disco pesado<\/h2>    <figure class=\"wp-block-table is-style-stripes\"><table><tbody><tr><td>Mfano<\/td><td>Ancho de trabajo (mm)<\/td><td>Profundidad de trabajo (mm)<\/td><td>Di\u00e1metro del disco (mm)<\/td><td>N\u00famero de discos (piezas)<\/td><td>Peso (kg)<\/td><td>Potencia emparejada (hp)<\/td><td>Enlace<\/td><\/tr><tr><td>1BZ-1.8<\/td><td>1800<\/td><td>200<\/td><td>660<\/td><td>16<\/td><td>1160<\/td><td>70<\/td><td>Remolcado hidr\u00e1ulico con tractor<\/td><\/tr><tr><td>1BZ-2.2<\/td><td>2200<\/td><td>200<\/td><td>660<\/td><td>20<\/td><td>1250<\/td><td>80<\/td><td>Remolcado hidr\u00e1ulico con tractor<\/td><\/tr><tr><td>1BZ-2.5<\/td><td>2500<\/td><td>200<\/td><td>660<\/td><td>24<\/td><td>1350<\/td><td>90<\/td><td>Remolcado hidr\u00e1ulico con tractor<\/td><\/tr><tr><td>1BZ-3.0<\/td><td>3000<\/td><td>200<\/td><td>660<\/td><td>28<\/td><td>1430<\/td><td>100<\/td><td>Remolcado hidr\u00e1ulico con tractor<\/td><\/tr><tr><td>1BZ-3.4<\/td><td>3400<\/td><td>200<\/td><td>660<\/td><td>32<\/td><td>1550<\/td><td>120<\/td><td>Remolcado hidr\u00e1ulico con tractor<\/td><\/tr><tr><td>1BZ-4.0<\/td><td>4000<\/td><td>200<\/td><td>660<\/td><td>36<\/td><td>1900<\/td><td>150<\/td><td>Remolcado hidr\u00e1ulico con tractor<\/td><\/tr><tr><td>1BZ-5.3 <\/td><td>5300<\/td><td>200<\/td><td>660<\/td><td>48<\/td><td>2500<\/td><td>180<\/td><td>Remolcado hidr\u00e1ulico con tractor<\/td><\/tr><\/tbody><\/table><figcaption class=\"wp-element-caption\">Par\u00e1metros de grada de disco pesado remolcada hidr\u00e1ulicamente<\/figcaption><\/figure>    <figure class=\"wp-block-table is-style-stripes\"><table><tbody><tr><td>Mfano<\/td><td>1BZD-2.6<\/td><td>1BZD-3.0<\/td><td> 1BZD-3.3<\/td><td>1BZD-4.0<\/td><td>1BZD-4.3<\/td><td>1BZD-4.8<\/td><td> 1BZDF-4.5 <\/td><\/tr><tr><td>Ancho de trabajo (mm)<\/td><td>2600<\/td><td>3000<\/td><td>3300<\/td><td>4000<\/td><td>4400<\/td><td>4800<\/td><td>4500<\/td><\/tr><tr><td>Profundidad de trabajo (mm)<\/td><td>200-250<\/td><td>200-250<\/td><td> 200-250 <\/td><td> 200-250 <\/td><td> 200-250 <\/td><td>200-250 <\/td><td>250<\/td><\/tr><tr><td>Di\u00e1metro del disco (mm)<\/td><td>660<\/td><td>660<\/td><td>660<\/td><td>660<\/td><td>660<\/td><td>660<\/td><td>660<\/td><\/tr><tr><td>Grosor del disco (mm)<\/td><td>5<\/td><td>5<\/td><td>5<\/td><td>5<\/td><td>5<\/td><td>5<\/td><td>6<\/td><\/tr><tr><td>N\u00famero de discos (piezas)<\/td><td>16<\/td><td>18<\/td><td>20<\/td><td>24<\/td><td>28<\/td><td>32<\/td><td>40<\/td><\/tr><tr><td>Vikt(kg)<\/td><td>1150<\/td><td>1250<\/td><td>1350<\/td><td>1500<\/td><td>1600<\/td><td>1800<\/td><td>3200<\/td><\/tr><tr><td>Potencia emparejada (hp)<\/td><td>60-70<\/td><td>70-80<\/td><td>80-90<\/td><td><br>90-100<br><\/td><td>100-110<\/td><td>110-120<\/td><td>150-160<\/td><\/tr><tr><td>Enlace<\/td><td>Remolcado hidr\u00e1ulico con tractor<\/td><td>Remolcado hidr\u00e1ulico con tractor<\/td><td>Remolcado hidr\u00e1ulico con tractor<\/td><td>Remolcado hidr\u00e1ulico con tractor<\/td><td>Remolcado hidr\u00e1ulico con tractor<\/td><td>Remolcado hidr\u00e1ulico con tractor<\/td><td>plegable hidr\u00e1ulico remolcado<\/td><\/tr><\/tbody><\/table><figcaption class=\"wp-element-caption\">Par\u00e1metros de grada de disco pesado opuesta remolcada hidr\u00e1ulicamente<\/figcaption><\/figure>    <h2 class=\"wp-block-heading\">Uso correcto y mantenimiento de la grada de cultivo de campo<\/h2>    <ul class=\"wp-block-list\"> <li>Durante el uso, revise frecuentemente la condici\u00f3n t\u00e9cnica de la cuchilla del rastrillo, raspador, eje cuadrado, rodamiento, ajustador de \u00e1ngulo y varias partes de conexi\u00f3n.<\/li>    <li>Especialmente las tuercas finales de la grada de disco pesado y los pernos de fijaci\u00f3n de cada rodamiento.<\/li>    <li>Despu\u00e9s de la operaci\u00f3n, limpie y revise el grupo de rastrillos de la grada de disco pesado.<\/li>    <li>Si no se usa la rueda de transporte, da\u00f1ar\u00e1 prematuramente el grupo de grada de disco.<\/li>    <li>Al transportar en el campo o cerca de caminos de tierra, ajuste el \u00e1ngulo de inclinaci\u00f3n a cero.<\/li> <\/ul>    <p>Si tiene alguna pregunta o necesita m\u00e1s informaci\u00f3n sobre este producto, no dude en completar el formulario a la derecha para consulta, esperamos trabajar con usted.<\/p>","protected":false},"excerpt":{"rendered":"<p>The traction heavy disc harrow is a tillage tool. It has a rake group composed of a plurality of concave discs. These discs are fixed on a horizontal shaft as a working part. It has strong adaptability to heavy soil, wasteland, and weedy plots. It is mainly used for plowing uncultivated land, also for stubble [&hellip;]<\/p>\n","protected":false},"author":1,"featured_media":11062,"parent":0,"comment_status":"closed","ping_status":"closed","template":"","tags":[698],"product-type":[950,955,2],"class_list":["post-11043","product","type-product","status-publish","has-post-thumbnail","hentry","tag-tractor","product-type-arable-plows","product-type-arable-plows-products","product-type-products"],"_links":{"self":[{"href":"https:\/\/www.agriculture-machine.com\/sw\/wp-json\/wp\/v2\/product\/11043","targetHints":{"allow":["GET"]}}],"collection":[{"href":"https:\/\/www.agriculture-machine.com\/sw\/wp-json\/wp\/v2\/product"}],"about":[{"href":"https:\/\/www.agriculture-machine.com\/sw\/wp-json\/wp\/v2\/types\/product"}],"author":[{"embeddable":true,"href":"https:\/\/www.agriculture-machine.com\/sw\/wp-json\/wp\/v2\/users\/1"}],"replies":[{"embeddable":true,"href":"https:\/\/www.agriculture-machine.com\/sw\/wp-json\/wp\/v2\/comments?post=11043"}],"wp:featuredmedia":[{"embeddable":true,"href":"https:\/\/www.agriculture-machine.com\/sw\/wp-json\/wp\/v2\/media\/11062"}],"wp:attachment":[{"href":"https:\/\/www.agriculture-machine.com\/sw\/wp-json\/wp\/v2\/media?parent=11043"}],"wp:term":[{"taxonomy":"post_tag","embeddable":true,"href":"https:\/\/www.agriculture-machine.com\/sw\/wp-json\/wp\/v2\/tags?post=11043"},{"taxonomy":"product-type","embeddable":true,"href":"https:\/\/www.agriculture-machine.com\/sw\/wp-json\/wp\/v2\/product-type?post=11043"}],"curies":[{"name":"wp","href":"https:\/\/api.w.org\/{rel}","templated":true}]}}