{"id":11111,"date":"2021-09-09T18:22:18","date_gmt":"2021-09-09T10:22:18","guid":{"rendered":"https:\/\/www.agriculture-machine.com\/?p=11111"},"modified":"2025-08-15T16:31:49","modified_gmt":"2025-08-15T08:31:49","slug":"nursery-seeding-machine-seeder-machine-vegetable-seeder-machine","status":"publish","type":"product","link":"https:\/\/www.agriculture-machine.com\/sw\/nursery-seeding-machine-seeder-machine-vegetable-seeder-machine\/","title":{"rendered":"Kifaa cha kupanda miche | Mashine ya kupanda | Mashine ya kupanda mboga"},"content":{"rendered":"<p>Plantskola s\u00e5maskinen \u00e4r specifikt utformad f\u00f6r att s\u00e5 och odla plantor, kapabel att exakt s\u00e5 olika gr\u00f6nsaksfr\u00f6n i brickor. Genom att t\u00e4cka undertryck, enhetlig vattning och vetenskaplig hantering m\u00f6jligg\u00f6r den att fr\u00f6n snabbt utvecklar r\u00f6tter och gror inom en kort period.<\/p>    <p>J\u00e4mf\u00f6rt med traditionell manuell plantodling minskar s\u00e5maskinen avsev\u00e4rt arbets- och tidskraven. Den s\u00e4nker ocks\u00e5 effektivt sjukdomsfrekvensen, f\u00f6rb\u00e4ttrar \u00f6verlevnadsgraden f\u00f6r plantor och ger p\u00e5litligt st\u00f6d f\u00f6r storskalig jordbruksproduktion.<\/p>    <p>Oavsett om det \u00e4r i v\u00e4xthus, varmb\u00e4ddar eller jordl\u00f6s plantodlingsmilj\u00f6er, hj\u00e4lper s\u00e5maskinen b\u00f6nder att uppn\u00e5 effektiv och standardiserad plantf\u00f6rvaltning, vilket g\u00f6r att plantor kan v\u00e4xa h\u00e4lsosamt i oberoende utrymmen och l\u00e4gger en solid grund f\u00f6r efterf\u00f6ljande transplantation.<\/p>    <figure class=\"wp-block-embed aligncenter is-type-video is-provider-youtube wp-block-embed-youtube wp-embed-aspect-16-9 wp-has-aspect-ratio\"><div class=\"wp-block-embed__wrapper\"> <iframe loading=\"lazy\" title=\"Detta \u00e4r den automatiska plantskola s\u00e5maskinen\u4e28plantskola bricka s\u00e5maskin f\u00f6r gr\u00f6nsaker, frukt och blommor\" width=\"500\" height=\"281\" src=\"https:\/\/www.youtube.com\/embed\/HQM1QW0KDKQ?feature=oembed\" frameborder=\"0\" allow=\"accelerometer; autoplay; clipboard-write; encrypted-media; gyroscope; picture-in-picture; web-share\" referrerpolicy=\"strict-origin-when-cross-origin\" allowfullscreen><\/iframe> <\/div><figcaption class=\"wp-element-caption\">Plantskola pluggbaserad s\u00e5maskin driftsvideo<\/figcaption><\/figure>    <p>F\u00f6rutom denna typ av plantskola s\u00e5maskin har vi en annan typ, som visas i f\u00f6ljande video:<\/p>    <figure class=\"wp-block-embed aligncenter is-type-video is-provider-youtube wp-block-embed-youtube wp-embed-aspect-16-9 wp-has-aspect-ratio\"><div class=\"wp-block-embed__wrapper\"> <iframe loading=\"lazy\" title=\"Hur man anv\u00e4nder gr\u00f6nsaksplantskola s\u00e5maskin! Halvautomatisk plantskola s\u00e5maskin\" width=\"500\" height=\"281\" src=\"https:\/\/www.youtube.com\/embed\/WWb-Xub7_T4?feature=oembed\" frameborder=\"0\" allow=\"accelerometer; autoplay; clipboard-write; encrypted-media; gyroscope; picture-in-picture; web-share\" referrerpolicy=\"strict-origin-when-cross-origin\" allowfullscreen><\/iframe> <\/div><figcaption class=\"wp-element-caption\">Automatisk plantskola bricka s\u00e5maskin arbetsvideo<\/figcaption><\/figure>    <p>De tv\u00e5 fr\u00f6 s\u00e5maskinerna har samma funktion och olika utseenden. Kunder kan v\u00e4lja enligt sina behov.<\/p>    <h2 class=\"wp-block-heading\" id=\"h-definition-of-nursery-seeding-machine\">F\u00f6rdelar med plantskola s\u00e5maskin<\/h2>    <ol class=\"wp-block-list\"> <li>S\u00e5maskinen uppn\u00e5r precis \"ett h\u00e5l, ett fr\u00f6\" s\u00e5dd, vilket s\u00e4kerst\u00e4ller att endast en planta v\u00e4xer i varje s\u00e5h\u00e5l och f\u00f6rhindrar fr\u00f6avfall.<\/li>    <li>Olika s\u00e5plattor och fr\u00f6sughuvuden kan bytas ut enligt storleken p\u00e5 olika gr\u00f6dfr\u00f6n och s\u00e5ddkrav, flexibelt m\u00f6ta kundernas personliga behov.<\/li>    <li>Den oberoende h\u00e5ldesignen ger varje planta sitt eget oberoende v\u00e4xtutrymme, vilket f\u00f6rhindrar st\u00f6rningar mellan fukt och n\u00e4rings\u00e4mnen.<\/li>    <li>Plantodlingscykeln f\u00f6rkortas med 10-20 dagar j\u00e4mf\u00f6rt med traditionella metoder, vilket resulterar i snabbare tillv\u00e4xt.<\/li>    <li>Rotssystemet f\u00f6rblir intakt och mindre ben\u00e4get f\u00f6r skador, vilket minimerar transplantationschock. Plantor \u00e4r mer toleranta mot transport och l\u00e4mpliga f\u00f6r l\u00e5ngdistans transport och standardiserad hantering.<\/li>    <li>Fr\u00f6n kan s\u00e5s i hela brickor p\u00e5 en g\u00e5ng ist\u00e4llet f\u00f6r rad f\u00f6r rad, i kombination med en 750-watts importerad roterande fl\u00e4kt f\u00f6r stark sugning, vilket s\u00e4kerst\u00e4ller effektiv och kontinuerlig drift.<\/li>    <li>Olika typer av s\u00e5plattor och brickor kan anpassas enligt kundens behov f\u00f6r att rymma olika plantodlingsmetoder och produktionsskala.<\/li> <\/ol>    <figure class=\"wp-block-gallery has-nested-images columns-2 is-cropped wp-block-gallery-2 is-layout-flex wp-block-gallery-is-layout-flex\"> <figure class=\"wp-block-image size-large\"><img loading=\"lazy\" decoding=\"async\" width=\"720\" height=\"540\" data-id=\"17157\" src=\"https:\/\/www.agriculture-machine.com\/wp-content\/uploads\/2021\/09\/semi-automatic-nursery-seeder.webp\" alt=\"halvautomatisk plantskola s\u00e5maskin\" class=\"wp-image-17157\" srcset=\"https:\/\/www.agriculture-machine.com\/wp-content\/uploads\/2021\/09\/semi-automatic-nursery-seeder.webp 720w, https:\/\/www.agriculture-machine.com\/wp-content\/uploads\/2021\/09\/semi-automatic-nursery-seeder-360x270.webp 360w, https:\/\/www.agriculture-machine.com\/wp-content\/uploads\/2021\/09\/semi-automatic-nursery-seeder-240x180.webp 240w, https:\/\/www.agriculture-machine.com\/wp-content\/uploads\/2021\/09\/semi-automatic-nursery-seeder-16x12.webp 16w\" sizes=\"auto, (max-width: 720px) 100vw, 720px\" \/><figcaption class=\"wp-element-caption\">halvautomatisk plantskola s\u00e5maskin<\/figcaption><\/figure>    <figure class=\"wp-block-image size-large\"><img loading=\"lazy\" decoding=\"async\" width=\"720\" height=\"540\" data-id=\"17154\" src=\"https:\/\/www.agriculture-machine.com\/wp-content\/uploads\/2021\/09\/automatic-seeds-sowing-machine.webp\" alt=\"automatisk fr\u00f6 s\u00e5maskin\" class=\"wp-image-17154\" srcset=\"https:\/\/www.agriculture-machine.com\/wp-content\/uploads\/2021\/09\/automatic-seeds-sowing-machine.webp 720w, https:\/\/www.agriculture-machine.com\/wp-content\/uploads\/2021\/09\/automatic-seeds-sowing-machine-360x270.webp 360w, https:\/\/www.agriculture-machine.com\/wp-content\/uploads\/2021\/09\/automatic-seeds-sowing-machine-240x180.webp 240w, https:\/\/www.agriculture-machine.com\/wp-content\/uploads\/2021\/09\/automatic-seeds-sowing-machine-16x12.webp 16w\" sizes=\"auto, (max-width: 720px) 100vw, 720px\" \/><figcaption class=\"wp-element-caption\">automatisk fr\u00f6 s\u00e5maskin<\/figcaption><\/figure>    <figure class=\"wp-block-image size-large\"><img loading=\"lazy\" decoding=\"async\" width=\"720\" height=\"540\" data-id=\"17155\" src=\"https:\/\/www.agriculture-machine.com\/wp-content\/uploads\/2021\/09\/nursery-seeding-machines-for-sale.webp\" alt=\"plantskola s\u00e5maskiner till salu\" class=\"wp-image-17155\" srcset=\"https:\/\/www.agriculture-machine.com\/wp-content\/uploads\/2021\/09\/nursery-seeding-machines-for-sale.webp 720w, https:\/\/www.agriculture-machine.com\/wp-content\/uploads\/2021\/09\/nursery-seeding-machines-for-sale-360x270.webp 360w, https:\/\/www.agriculture-machine.com\/wp-content\/uploads\/2021\/09\/nursery-seeding-machines-for-sale-240x180.webp 240w, https:\/\/www.agriculture-machine.com\/wp-content\/uploads\/2021\/09\/nursery-seeding-machines-for-sale-16x12.webp 16w\" sizes=\"auto, (max-width: 720px) 100vw, 720px\" \/><figcaption class=\"wp-element-caption\">plantskola s\u00e5maskiner till salu<\/figcaption><\/figure>    <figure class=\"wp-block-image size-large\"><img loading=\"lazy\" decoding=\"async\" width=\"720\" height=\"540\" data-id=\"17156\" src=\"https:\/\/www.agriculture-machine.com\/wp-content\/uploads\/2021\/09\/PLC-type-seedling-machine.webp\" alt=\"PLC typ s\u00e5maskin\" class=\"wp-image-17156\" srcset=\"https:\/\/www.agriculture-machine.com\/wp-content\/uploads\/2021\/09\/PLC-type-seedling-machine.webp 720w, https:\/\/www.agriculture-machine.com\/wp-content\/uploads\/2021\/09\/PLC-type-seedling-machine-360x270.webp 360w, https:\/\/www.agriculture-machine.com\/wp-content\/uploads\/2021\/09\/PLC-type-seedling-machine-240x180.webp 240w, https:\/\/www.agriculture-machine.com\/wp-content\/uploads\/2021\/09\/PLC-type-seedling-machine-16x12.webp 16w\" sizes=\"auto, (max-width: 720px) 100vw, 720px\" \/><figcaption class=\"wp-element-caption\">PLC typ s\u00e5maskin<\/figcaption><\/figure> <\/figure>    <h2 class=\"wp-block-heading\">Tv\u00e5 typer av plantskola s\u00e5maskin<\/h2>    <p class=\"translation-block\">Vi har tv\u00e5 typer av <strong><em><a href=\"https:\/\/www.agriculture-machine.com\/sw\/plug-seedling-machine-seedling-machine-vegetable-seedling-machine\/\">plantskola s\u00e5maskiner<\/a><\/em><\/strong>: en manuell plantskola s\u00e5maskin och den andra \u00e4r en automatisk plantskola s\u00e5maskin. De har alla sina egenskaper och f\u00f6rdelar. F\u00f6ljande \u00e4r en introduktion med tv\u00e5 modeller som exempel.<\/p>    <h3 class=\"wp-block-heading\">2BXP-5500 fr\u00f6 s\u00e5maskin<\/h3>    <ul class=\"wp-block-list\"> <li>L\u00e4mplig f\u00f6r stora fr\u00f6n (som sojab\u00f6nor, \u00e4rtor, majs och pumpor), sm\u00e5 fr\u00f6n (som petunior, selleri och k\u00e5l) och konventionella gr\u00f6nsaksfr\u00f6n (som auberginer, paprikor, tomater och sallad), som uppfyller plantodlingsbehoven f\u00f6r olika gr\u00f6dor med en maskin som tj\u00e4nar flera syften.<\/li>    <li>En enda operation slutf\u00f6r h\u00e5ltagning, fr\u00f6\u00e5tervinning och s\u00e5dd, vilket effektivt minskar arbetsinsatsen.<\/li>    <li>Kompakt storlek, l\u00e4tt design, enkel struktur, fungerar p\u00e5 220V str\u00f6m, redo f\u00f6r omedelbar anv\u00e4ndning.<\/li>    <li>Manuell drift \u00e4r flexibel, vilket g\u00f6r att flera anv\u00e4ndare kan samarbeta, vilket m\u00f6jligg\u00f6r snabb storskalig produktion av plantor och f\u00f6rb\u00e4ttrar produktionseffektiviteten.<\/li>    <li>Precisionss\u00e5dd s\u00e4kerst\u00e4ller enhetlig fr\u00f6v\u00e4xt i varje h\u00e5l, vilket fr\u00e4mjar h\u00e4lsosam plantutveckling.<\/li>    <li>Robust konstruktion, l\u00e4tt underh\u00e5ll, l\u00e5ga l\u00e5ngsiktiga driftskostnader, l\u00e4mplig f\u00f6r plantproduktionsoperationer av alla skala.<\/li> <\/ul>    <figure class=\"wp-block-gallery has-nested-images columns-default is-cropped wp-block-gallery-3 is-layout-flex wp-block-gallery-is-layout-flex\"> <figure class=\"wp-block-image size-large\"><a href=\"https:\/\/www.agriculture-machine.com\/wp-content\/uploads\/2021\/08\/1-2.jpg\"><img loading=\"lazy\" decoding=\"async\" width=\"720\" height=\"540\" data-id=\"11116\" src=\"https:\/\/www.agriculture-machine.com\/wp-content\/uploads\/2021\/08\/1-2.jpg\" alt=\"YMSCX-750 plantskola s\u00e5maskin\" class=\"wp-image-11116\" title=\"2BXP-500Y plantskola s\u00e5maskin\" srcset=\"https:\/\/www.agriculture-machine.com\/wp-content\/uploads\/2021\/08\/1-2.jpg 720w, https:\/\/www.agriculture-machine.com\/wp-content\/uploads\/2021\/08\/1-2-360x270.jpg 360w, https:\/\/www.agriculture-machine.com\/wp-content\/uploads\/2021\/08\/1-2-240x180.jpg 240w\" sizes=\"auto, (max-width: 720px) 100vw, 720px\" \/><\/a><figcaption class=\"wp-element-caption\">2BXP-500Y plantskola s\u00e5maskin<\/figcaption><\/figure>    <figure class=\"wp-block-image size-large\"><a href=\"https:\/\/www.agriculture-machine.com\/wp-content\/uploads\/2021\/08\/2-1.jpg\"><img loading=\"lazy\" decoding=\"async\" width=\"720\" height=\"540\" data-id=\"11117\" src=\"https:\/\/www.agriculture-machine.com\/wp-content\/uploads\/2021\/08\/2-1.jpg\" alt=\"2BXP-500 plantskola s\u00e5maskin\" class=\"wp-image-11117\" title=\"2BXP-500 plantskola s\u00e5maskin\" srcset=\"https:\/\/www.agriculture-machine.com\/wp-content\/uploads\/2021\/08\/2-1.jpg 720w, https:\/\/www.agriculture-machine.com\/wp-content\/uploads\/2021\/08\/2-1-360x270.jpg 360w, https:\/\/www.agriculture-machine.com\/wp-content\/uploads\/2021\/08\/2-1-240x180.jpg 240w\" sizes=\"auto, (max-width: 720px) 100vw, 720px\" \/><\/a><figcaption class=\"wp-element-caption\">2BXP-500 plantskola s\u00e5maskin<\/figcaption><\/figure> <\/figure>    <h4 class=\"wp-block-heading\">Driftsprocess f\u00f6r manuell fr\u00f6 s\u00e5maskin<\/h4>    <p>F\u00f6r det f\u00f6rsta steget m\u00e5ste du manuellt s\u00e4tta odlingsjorden i pluggen; i det andra steget, placera pluggen p\u00e5 maskinen, och anv\u00e4nd dina f\u00f6tter f\u00f6r att trampa p\u00e5 maskinen f\u00f6r att uppn\u00e5 syftet med att trycka h\u00e5let och s\u00e5ddoperationen p\u00e5 en g\u00e5ng; det sista steget, ta bort pluggen och l\u00e4gg sedan lite odlingsjord p\u00e5 den \u00f6vre delen av pluggen.<\/p>    <h4 class=\"wp-block-heading\">Teknisk parameter f\u00f6r 2BXP-5500<\/h4>    <figure class=\"wp-block-table is-style-stripes\"><table><tbody><tr><td>Ukubwa<\/td><td>mm<\/td><td>1140*630*840<\/td><\/tr><tr><td>Turbofan<\/td><td>w<\/td><td>750<\/td><\/tr><tr><td>Applicerad bricka<\/td><td>mm<\/td><td>540*280<\/td><\/tr><tr><td>Totalt 1.5kw (inklusive 0.75kw bl\u00e5sare) \/ 220V 50Hz 1-fas<\/td><td>v<\/td><td>220<\/td><\/tr><\/tbody><\/table><figcaption class=\"wp-element-caption\">2BXP-5500 plantskola s\u00e5maskin parameter<\/figcaption><\/figure>    <h4 class=\"wp-block-heading\">Hur fungerar maskinen f\u00f6r att s\u00e5 fr\u00f6n?<\/h4>    <figure class=\"wp-block-embed aligncenter is-type-video is-provider-youtube wp-block-embed-youtube wp-embed-aspect-16-9 wp-has-aspect-ratio\"><div class=\"wp-block-embed__wrapper\"> <iframe loading=\"lazy\" title=\"Hett s\u00e4lj automatisk plantskola s\u00e5maskin! Gr\u00f6nsaksplantskola s\u00e5maskin till salu\" width=\"500\" height=\"281\" src=\"https:\/\/www.youtube.com\/embed\/mKJXV0K6XBg?feature=oembed\" frameborder=\"0\" allow=\"accelerometer; autoplay; clipboard-write; encrypted-media; gyroscope; picture-in-picture; web-share\" referrerpolicy=\"strict-origin-when-cross-origin\" allowfullscreen><\/iframe> <\/div><figcaption class=\"wp-element-caption\">Halvautomatisk plantskola s\u00e5maskin arbetsvideo<\/figcaption><\/figure>    <h3 class=\"wp-block-heading\">YMSCX-750 gr\u00f6nsaksfr\u00f6 s\u00e5maskin<\/h3>    <ul class=\"wp-block-list\"> <li>Huvudenheten har peksk\u00e4rmsdrift och integrerar ett jordfyllnadssystem, centralkontroll och h\u00e5lpressningssystem, s\u00e5ddsystem och b\u00e4ltdrivsystem.<\/li>    <li>Den l\u00e5nga produktionslinjens design kan slutf\u00f6ra cirka 750 plantbrickor per timme, vilket avsev\u00e4rt minskar arbetsinsatsen.<\/li>    <li>S\u00e4kerst\u00e4ller enhetlig tjocklek av bottenjord, fr\u00f6n och \u00f6versta jorden, vilket garanterar enhetlig fr\u00f6groning och enhetlig tillv\u00e4xt.<\/li>    <li>Enhetlig hantering av plantbrickor genom transportsystemet, med bekv\u00e4m drift, l\u00e4mplig f\u00f6r storskalig, standardiserad produktion.<\/li> <\/ul>    <figure class=\"wp-block-gallery has-nested-images columns-default is-cropped wp-block-gallery-4 is-layout-flex wp-block-gallery-is-layout-flex\"> <figure class=\"wp-block-image size-large\"><a href=\"https:\/\/www.agriculture-machine.com\/wp-content\/uploads\/2021\/08\/3-2.jpg\"><img loading=\"lazy\" decoding=\"async\" width=\"720\" height=\"540\" data-id=\"11118\" src=\"https:\/\/www.agriculture-machine.com\/wp-content\/uploads\/2021\/08\/3-2.jpg\" alt=\"YMSCX-750 s\u00e5maskin\" class=\"wp-image-11118\" title=\"YMSCX-750 plantskola s\u00e5maskin\" srcset=\"https:\/\/www.agriculture-machine.com\/wp-content\/uploads\/2021\/08\/3-2.jpg 720w, https:\/\/www.agriculture-machine.com\/wp-content\/uploads\/2021\/08\/3-2-360x270.jpg 360w, https:\/\/www.agriculture-machine.com\/wp-content\/uploads\/2021\/08\/3-2-240x180.jpg 240w\" sizes=\"auto, (max-width: 720px) 100vw, 720px\" \/><\/a><figcaption class=\"wp-element-caption\">YMSCX-750 plantskola s\u00e5maskin<\/figcaption><\/figure>    <figure class=\"wp-block-image size-large\"><a href=\"https:\/\/www.agriculture-machine.com\/wp-content\/uploads\/2021\/08\/4-2.jpg\"><img loading=\"lazy\" decoding=\"async\" width=\"720\" height=\"540\" data-id=\"11119\" src=\"https:\/\/www.agriculture-machine.com\/wp-content\/uploads\/2021\/08\/4-2.jpg\" alt=\"Plantskola s\u00e5maskinen kan drivas manuellt eller helt automatiskt enligt olika behov, vilket m\u00f6jligg\u00f6r precis s\u00e5dd och \u00e4r l\u00e4mplig f\u00f6r en m\u00e4ngd olika gr\u00f6dor och storskalig produktion.\" class=\"wp-image-11119\" srcset=\"https:\/\/www.agriculture-machine.com\/wp-content\/uploads\/2021\/08\/4-2.jpg 720w, https:\/\/www.agriculture-machine.com\/wp-content\/uploads\/2021\/08\/4-2-360x270.jpg 360w, https:\/\/www.agriculture-machine.com\/wp-content\/uploads\/2021\/08\/4-2-240x180.jpg 240w\" sizes=\"auto, (max-width: 720px) 100vw, 720px\" \/><\/a><figcaption class=\"wp-element-caption\">YMSCX-750<\/figcaption><\/figure> <\/figure>    <h4 class=\"wp-block-heading\">Arbetsprocess f\u00f6r plantskola s\u00e5maskin<\/h4>    <ol class=\"wp-block-list\"> <li>Plantbrickor transporteras automatiskt p\u00e5 transportbandet<\/li>    <li>Applicera bottenjord<\/li>    <li>Precisionss\u00e5dd<\/li>    <li>Applicera \u00f6versta jorden<\/li>    <li>Kompakt och komplett transportering<\/li> <\/ol>    <h4 class=\"wp-block-heading\">Teknisk parameter f\u00f6r YMSCX-750 plantskola s\u00e5maskin<\/h4>    <figure class=\"wp-block-table is-style-stripes\"><table><tbody><tr><td>Mfano<\/td><td>YMSCX-750YMSCX-750<em><\/em><\/td><\/tr><tr><td>S\u00e5 effektivitet<\/td><td>750 brickor\/timme<\/td><\/tr><tr><td>S\u00e5metod<\/td><td>N\u00e5l sugning med luftbl\u00e5sfunktion<\/td><\/tr><tr><td>Electric\u00a0Power<\/td><td>Applicerad fr\u00f6<em><\/em><\/td><\/tr><tr><td>Sferisk eller icke-sferisk 0.1-5mm (ytan ingen sudd)<\/td><td>S\u00e5noggrannhet<em><\/em><\/td><\/tr><tr><td>Sferisk \u226595%; Icke-sferisk \u226590%<\/td><td>Yttre storlek 540*280mm \uff0832 \/ 50 \/ 72 \/ 105 \/ 128 \/ 200 \/ 288 pluggar)<em><\/em><\/td><\/tr><tr><td>Applicerad bricka<\/td><td>Storlek \/ Vikt<em><\/em><\/td><\/tr><tr><td>3350*890*1220mm \/ 500kg<\/td><td>Luftkompressor (valfritt)<em><\/em><\/td><\/tr><tr><td>\u2265 0.7MPa (f\u00f6r pneumatiskt cylinder drift) <\/td><td>Andra<em><\/em><\/td><\/tr><tr><td>KIMPO vakuumbl\u00e5sare \/ 250w v\u00e4xel \u2026<\/td><td>Teknisk data f\u00f6r plantskola s\u00e5maskin<em><\/em><\/td><\/tr><\/tbody><\/table><figcaption class=\"wp-element-caption\">Hur man s\u00e5r gr\u00f6nsaksfr\u00f6n i brickan?<\/figcaption><\/figure>    <h4 class=\"wp-block-heading\">Nyaste arbetsvideon f\u00f6r plantskola s\u00e5maskin<\/h4>    <figure class=\"wp-block-embed aligncenter is-type-video is-provider-youtube wp-block-embed-youtube wp-embed-aspect-16-9 wp-has-aspect-ratio\"><div class=\"wp-block-embed__wrapper\"> <iframe loading=\"lazy\" title=\"Bra! Zambiska kunder bes\u00f6ker v\u00e5ra plantskola s\u00e5maskiner! automatisk bricka s\u00e5maskin\" width=\"500\" height=\"281\" src=\"https:\/\/www.youtube.com\/embed\/evlRL2rkh8A?feature=oembed\" frameborder=\"0\" allow=\"accelerometer; autoplay; clipboard-write; encrypted-media; gyroscope; picture-in-picture; web-share\" referrerpolicy=\"strict-origin-when-cross-origin\" allowfullscreen><\/iframe> <\/div><figcaption class=\"wp-element-caption\">Newest nursery seedling machine&#8217;s working video<\/figcaption><\/figure>    <h2 class=\"wp-block-heading\">V\u00e5r f\u00f6rs\u00e4ljningschef, Winnie, diskuterade alla fr\u00e5gor ang\u00e5ende plantskola bricka s\u00e5maskin med kunden, inklusive produktionskapacitet, sugn\u00e5lar, fr\u00f6typer, sp\u00e4nning, fraktagenter och mer. Sedan sa kunden att han skulle \u00e5terv\u00e4nda till v\u00e5r fabrik.<\/h2>    <p class=\"translation-block\">En kund fr\u00e5n <a href=\"https:\/\/en.wikipedia.org\/wiki\/Zambia\" target=\"_blank\" rel=\"noopener\">Zambia<\/a> har k\u00f6pt en <strong><em><a href=\"https:\/\/www.agriculture-machine.com\/sw\/tzy-79-nursery-seeding-machine\/\">automatisk fr\u00f6 s\u00e5maskin<\/a><\/em><\/strong> fr\u00e5n oss. Kunden \u00e4r en utl\u00e4ndsk maskinhandlare. F\u00f6rutom plantskola s\u00e5maskinen k\u00f6pte kunden ocks\u00e5 brickor fr\u00e5n oss. <\/p>    <p>H\u00e4r \u00e4r en video av kunden som bes\u00f6ker plantskolan och fabriken. Tveka inte att prenumerera p\u00e5 v\u00e5r YouTube-kanal och fr\u00e5ga om v\u00e5ra plantskola s\u00e5maskiner! <\/p>    <p>Zambisk kund bes\u00f6ker v\u00e5r fabrik och plantskola s\u00e5maskin<\/p>    <figure class=\"wp-block-embed aligncenter is-type-video is-provider-youtube wp-block-embed-youtube wp-embed-aspect-16-9 wp-has-aspect-ratio\"><div class=\"wp-block-embed__wrapper\"> <iframe loading=\"lazy\" title=\"Jordansk agribusiness k\u00f6per 78-2 gr\u00f6nsaksbricka plantskola s\u00e5maskiner\" width=\"500\" height=\"281\" src=\"https:\/\/www.youtube.com\/embed\/QHEQr4dqUUc?feature=oembed\" frameborder=\"0\" allow=\"accelerometer; autoplay; clipboard-write; encrypted-media; gyroscope; picture-in-picture; web-share\" referrerpolicy=\"strict-origin-when-cross-origin\" allowfullscreen><\/iframe> <\/div><figcaption class=\"wp-element-caption\">Fabrik och leverans<\/figcaption><\/figure>    <h2 class=\"wp-block-heading\">V\u00e5r fabrik \u00e4r stark och har tillr\u00e4ckligt med lager. V\u00e5ra arbetare har rik erfarenhet och tar produktkvaliteten p\u00e5 stort allvar. Varje produkt har kontrollerats p\u00e5 olika niv\u00e5er, och kvaliteten kontrolleras strikt. N\u00e4r det g\u00e4ller leverans anv\u00e4nder vi tr\u00e4l\u00e5dor f\u00f6r f\u00f6rpackning och leverans.<\/h2>    <p>Fabrik <\/p>    <figure class=\"wp-block-gallery has-nested-images columns-2 is-cropped wp-block-gallery-5 is-layout-flex wp-block-gallery-is-layout-flex\"> <figure class=\"wp-block-image size-large\"><a href=\"https:\/\/www.agriculture-machine.com\/wp-content\/uploads\/2021\/08\/5-2.jpg\"><img loading=\"lazy\" decoding=\"async\" width=\"720\" height=\"540\" data-id=\"11120\" src=\"https:\/\/www.agriculture-machine.com\/wp-content\/uploads\/2021\/08\/5-2.jpg\" alt=\"Lager\" class=\"wp-image-11120\" srcset=\"https:\/\/www.agriculture-machine.com\/wp-content\/uploads\/2021\/08\/5-2.jpg 720w, https:\/\/www.agriculture-machine.com\/wp-content\/uploads\/2021\/08\/5-2-360x270.jpg 360w, https:\/\/www.agriculture-machine.com\/wp-content\/uploads\/2021\/08\/5-2-240x180.jpg 240w\" sizes=\"auto, (max-width: 720px) 100vw, 720px\" \/><\/a><figcaption class=\"wp-element-caption\">Lager<\/figcaption><\/figure>    <figure class=\"wp-block-image size-large\"><a href=\"https:\/\/www.agriculture-machine.com\/wp-content\/uploads\/2021\/08\/6-1.jpg\"><img loading=\"lazy\" decoding=\"async\" width=\"720\" height=\"540\" data-id=\"11121\" src=\"https:\/\/www.agriculture-machine.com\/wp-content\/uploads\/2021\/08\/6-1.jpg\" alt=\"Transportmetod\" class=\"wp-image-11121\" srcset=\"https:\/\/www.agriculture-machine.com\/wp-content\/uploads\/2021\/08\/6-1.jpg 720w, https:\/\/www.agriculture-machine.com\/wp-content\/uploads\/2021\/08\/6-1-360x270.jpg 360w, https:\/\/www.agriculture-machine.com\/wp-content\/uploads\/2021\/08\/6-1-240x180.jpg 240w\" sizes=\"auto, (max-width: 720px) 100vw, 720px\" \/><\/a><figcaption class=\"wp-element-caption\">Transportmetod<\/figcaption><\/figure>    <figure class=\"wp-block-image size-large\"><a href=\"https:\/\/www.agriculture-machine.com\/wp-content\/uploads\/2021\/08\/7-1.jpg\"><img loading=\"lazy\" decoding=\"async\" width=\"720\" height=\"540\" data-id=\"11122\" src=\"https:\/\/www.agriculture-machine.com\/wp-content\/uploads\/2021\/08\/7-1.jpg\" alt=\"f\u00f6rpackning\" class=\"wp-image-11122\" srcset=\"https:\/\/www.agriculture-machine.com\/wp-content\/uploads\/2021\/08\/7-1.jpg 720w, https:\/\/www.agriculture-machine.com\/wp-content\/uploads\/2021\/08\/7-1-360x270.jpg 360w, https:\/\/www.agriculture-machine.com\/wp-content\/uploads\/2021\/08\/7-1-240x180.jpg 240w\" sizes=\"auto, (max-width: 720px) 100vw, 720px\" \/><\/a><figcaption class=\"wp-element-caption\">f\u00f6rpackning<\/figcaption><\/figure>    <figure class=\"wp-block-image size-large\"><a href=\"https:\/\/www.agriculture-machine.com\/wp-content\/uploads\/2021\/08\/8-1.jpg\"><img loading=\"lazy\" decoding=\"async\" width=\"720\" height=\"540\" data-id=\"11123\" src=\"https:\/\/www.agriculture-machine.com\/wp-content\/uploads\/2021\/08\/8-1.jpg\" alt=\"F\u00f6rpackningen av varje produkt \u00e4r extremt noggrann f\u00f6r att s\u00e4kerst\u00e4lla att produkten kan levereras till kunden intakt. Om du \u00e4r intresserad av v\u00e5ra plantskola s\u00e5maskiner kan du l\u00e4mna din kontaktinformation, och v\u00e5r f\u00f6rs\u00e4ljningskonsult kommer att kontakta dig inom 24 timmar.\" class=\"wp-image-11123\" srcset=\"https:\/\/www.agriculture-machine.com\/wp-content\/uploads\/2021\/08\/8-1.jpg 720w, https:\/\/www.agriculture-machine.com\/wp-content\/uploads\/2021\/08\/8-1-360x270.jpg 360w, https:\/\/www.agriculture-machine.com\/wp-content\/uploads\/2021\/08\/8-1-240x180.jpg 240w\" sizes=\"auto, (max-width: 720px) 100vw, 720px\" \/><\/a><figcaption class=\"wp-element-caption\">F\u00f6rpackningen av varje produkt \u00e4r extremt noggrann f\u00f6r att s\u00e4kerst\u00e4lla att produkten kan levereras till kunden intakt. Om du \u00e4r intresserad av v\u00e5ra plantskola s\u00e5maskiner kan du l\u00e4mna din kontaktinformation, och v\u00e5r f\u00f6rs\u00e4ljningskonsult kommer att kontakta dig inom 24 timmar.<\/figcaption><\/figure> <\/figure>    <p>F\u00f6rdelar med plantskola s\u00e5maskin<\/p>","protected":false},"excerpt":{"rendered":"<p>Plantskola s\u00e5maskin automatisk fr\u00f6 s\u00e5dd utrustning<\/p>","protected":false},"author":1,"featured_media":14624,"parent":0,"comment_status":"closed","ping_status":"closed","template":"","tags":[2598],"product-type":[915],"class_list":["post-11111","product","type-product","status-publish","has-post-thumbnail","hentry","tag-seedling","product-type-nursery-seedlings-machine"],"_links":{"self":[{"href":"https:\/\/www.agriculture-machine.com\/sw\/wp-json\/wp\/v2\/product\/11111","targetHints":{"allow":["GET"]}}],"collection":[{"href":"https:\/\/www.agriculture-machine.com\/sw\/wp-json\/wp\/v2\/product"}],"about":[{"href":"https:\/\/www.agriculture-machine.com\/sw\/wp-json\/wp\/v2\/types\/product"}],"author":[{"embeddable":true,"href":"https:\/\/www.agriculture-machine.com\/sw\/wp-json\/wp\/v2\/users\/1"}],"replies":[{"embeddable":true,"href":"https:\/\/www.agriculture-machine.com\/sw\/wp-json\/wp\/v2\/comments?post=11111"}],"wp:featuredmedia":[{"embeddable":true,"href":"https:\/\/www.agriculture-machine.com\/sw\/wp-json\/wp\/v2\/media\/14624"}],"wp:attachment":[{"href":"https:\/\/www.agriculture-machine.com\/sw\/wp-json\/wp\/v2\/media?parent=11111"}],"wp:term":[{"taxonomy":"post_tag","embeddable":true,"href":"https:\/\/www.agriculture-machine.com\/sw\/wp-json\/wp\/v2\/tags?post=11111"},{"taxonomy":"product-type","embeddable":true,"href":"https:\/\/www.agriculture-machine.com\/sw\/wp-json\/wp\/v2\/product-type?post=11111"}],"curies":[{"name":"wp","href":"https:\/\/api.w.org\/{rel}","templated":true}]}}