{"id":1116,"date":"2018-10-19T09:18:57","date_gmt":"2018-10-19T01:18:57","guid":{"rendered":"https:\/\/www.agriculture-machine.com\/?p=1116"},"modified":"2024-09-23T11:12:25","modified_gmt":"2024-09-23T03:12:25","slug":"almond-kernel-separator-machine","status":"publish","type":"product","link":"https:\/\/www.agriculture-machine.com\/sw\/almond-kernel-separator-machine\/","title":{"rendered":"maskin f\u00f6r separering av mandelkerner"},"content":{"rendered":"<p>Maskinen f\u00f6r separering av mandelkerner \u00e4r en n\u00f6dv\u00e4ndig maskin f\u00f6r anv\u00e4ndning av maskinen f\u00f6r krossning av mandlar och valn\u00f6tter. N\u00e4r mandlarna krossas placeras de r\u00e5a materialen som blandas med det krossade skalet och k\u00e4rnan i en maskin f\u00f6r att separera aprikosskalet fr\u00e5n mandlarna.<\/p> <p>Mandelmaskinen best\u00e5r av delar som matningstratten, skakningssikt, fl\u00e4kt, kroppsrams och andra delar. Vi anv\u00e4nder gummilager, som \u00e4r mer h\u00e5llbara, stabila och st\u00f6td\u00e4mpande.<\/p> <p><img decoding=\"async\" style=\"width: 345px; margin-right: 10px; float: left;\" src=\"https:\/\/www.agriculture-machine.com\/wp-content\/uploads\/2018\/10\/almond-kernel-separator-machine-1.jpg\" \/><img decoding=\"async\" style=\"width: 345px;\" src=\"https:\/\/www.agriculture-machine.com\/wp-content\/uploads\/2018\/10\/almond-kernel-separator-machine-3.jpg\" \/><\/p> <p>Mandelmaskinen utnyttjar skillnaden i specifik vikt och suspensionshastighet mellan skalet och k\u00e4rnan och fr\u00e4mjar separationen mellan skalen genom en gasstr\u00f6m som passerar upp\u00e5t genom partiklarna. L\u00e4tt att anv\u00e4nda; \u00b7 Liten fotavtryck och l\u00e4tt att komplettera produktionslinjen.<\/p> <p>I allm\u00e4nhet \u00e4r maskinen f\u00f6r separering av mandelkerner en bra hj\u00e4lpare f\u00f6r b\u00f6nder att bearbeta mandlar och valn\u00f6tter.<\/p> <p class=\"translation-block\"><span style=\"font-size: 32px; color: red;\"><strong>Technical parameter <\/strong><\/span><br \/> <img decoding=\"async\" style=\"width: 345px; margin-right: 10px; float: left;\" src=\"https:\/\/www.agriculture-machine.com\/wp-content\/uploads\/2018\/10\/almond-kernel-separator-machine-5.jpg\" \/><img decoding=\"async\" style=\"width: 345px;\" src=\"https:\/\/www.agriculture-machine.com\/wp-content\/uploads\/2018\/10\/almond-kernel-separator-machine-6.jpg\" \/><\/p> <div class=\"table-responsive\"> <table class=\"table\" border=\"1\"> <tbody> <tr> <td width=\"259\"><strong><b>Mfano<\/b><\/strong><\/td> <td width=\"362\"><strong><b>XF-500<\/b><\/strong><\/td> <\/tr> <tr> <td width=\"259\">Nguvu<\/td> <td width=\"362\">3 kw<\/td> <\/tr> <tr> <td width=\"259\">Utmatning av k\u00e4rna<\/td> <td width=\"362\">200-400 KG \/ H<\/td> <\/tr> <tr> <td width=\"259\">Uzito<\/td> <td width=\"362\">200 kg<\/td> <\/tr> <tr> <td width=\"259\">Urefu wa mashine<\/td> <td width=\"362\">2540*900*1500 mm<\/td> <\/tr> <\/tbody> <\/table> <\/div>","protected":false},"excerpt":{"rendered":"<p>The almond kernel separator machine\u00a0is an essential machine for the use of almond and walnut cracked machine . When the almonds are pulverized, the raw materials mixed with the crushed shell and the kernel are placed in a machine to separate the apricot shell from the almonds. The almond machine\u00a0consists of such parts as the [&hellip;]<\/p>\n","protected":false},"author":1,"featured_media":1120,"parent":0,"comment_status":"closed","ping_status":"closed","template":"","tags":[2628],"product-type":[918,1],"class_list":["post-1116","product","type-product","status-publish","has-post-thumbnail","hentry","tag-almond","product-type-almond-cracker-and-separator","product-type-other"],"_links":{"self":[{"href":"https:\/\/www.agriculture-machine.com\/sw\/wp-json\/wp\/v2\/product\/1116","targetHints":{"allow":["GET"]}}],"collection":[{"href":"https:\/\/www.agriculture-machine.com\/sw\/wp-json\/wp\/v2\/product"}],"about":[{"href":"https:\/\/www.agriculture-machine.com\/sw\/wp-json\/wp\/v2\/types\/product"}],"author":[{"embeddable":true,"href":"https:\/\/www.agriculture-machine.com\/sw\/wp-json\/wp\/v2\/users\/1"}],"replies":[{"embeddable":true,"href":"https:\/\/www.agriculture-machine.com\/sw\/wp-json\/wp\/v2\/comments?post=1116"}],"wp:featuredmedia":[{"embeddable":true,"href":"https:\/\/www.agriculture-machine.com\/sw\/wp-json\/wp\/v2\/media\/1120"}],"wp:attachment":[{"href":"https:\/\/www.agriculture-machine.com\/sw\/wp-json\/wp\/v2\/media?parent=1116"}],"wp:term":[{"taxonomy":"post_tag","embeddable":true,"href":"https:\/\/www.agriculture-machine.com\/sw\/wp-json\/wp\/v2\/tags?post=1116"},{"taxonomy":"product-type","embeddable":true,"href":"https:\/\/www.agriculture-machine.com\/sw\/wp-json\/wp\/v2\/product-type?post=1116"}],"curies":[{"name":"wp","href":"https:\/\/api.w.org\/{rel}","templated":true}]}}