{"id":11750,"date":"2021-10-28T17:12:13","date_gmt":"2021-10-28T09:12:13","guid":{"rendered":"https:\/\/www.agriculture-machine.com\/?p=11750"},"modified":"2025-05-26T17:18:03","modified_gmt":"2025-05-26T09:18:03","slug":"screw-oil-press-machine-screw-press-oil-extraction","status":"publish","type":"product","link":"https:\/\/www.agriculture-machine.com\/sw\/screw-oil-press-machine-screw-press-oil-extraction\/","title":{"rendered":"Skruvolja Press Maskin Jordn\u00f6t Sesam Oljev\u00e4xt Extraktionsutrustning"},"content":{"rendered":"<p class=\"translation-block\">Den automatiska <strong>skruv-oljepressmaskinen<\/strong> \u00e4r en effektiv och energisparande oljebearbetningsutrustning, som anv\u00e4nds brett i sm\u00e5 och medelstora oljekvarnar och familjeverkst\u00e4der med oljeomvandlingsgrad p\u00e5 20%-50%.<\/p>    <p>J\u00e4mf\u00f6rt med den traditionella oljeutvinningsmetoden har oljekvoten f\u00f6r denna utrustning \u00f6kat med 4%-6%, och energif\u00f6rbrukningen har minskat med ungef\u00e4r 60%, vilket avsev\u00e4rt f\u00f6rb\u00e4ttrar produktionens effektivitet och ekonomiska f\u00f6rdelar.<\/p>    <figure class=\"wp-block-image aligncenter size-full\" id=\"screw-oil-press-machine\"><img loading=\"lazy\" decoding=\"async\" width=\"720\" height=\"540\" src=\"https:\/\/www.agriculture-machine.com\/wp-content\/uploads\/2021\/10\/lQDPDhrQf3GNo9_NAu7NAu6wz-R60YbSrb4Bgth7WIAfAA_750_750.jpg\" alt=\"Skruvolja pressmaskin\" class=\"wp-image-11898\" title=\"Skruvolja pressmaskin\" srcset=\"https:\/\/www.agriculture-machine.com\/wp-content\/uploads\/2021\/10\/lQDPDhrQf3GNo9_NAu7NAu6wz-R60YbSrb4Bgth7WIAfAA_750_750.jpg 720w, https:\/\/www.agriculture-machine.com\/wp-content\/uploads\/2021\/10\/lQDPDhrQf3GNo9_NAu7NAu6wz-R60YbSrb4Bgth7WIAfAA_750_750-360x270.jpg 360w, https:\/\/www.agriculture-machine.com\/wp-content\/uploads\/2021\/10\/lQDPDhrQf3GNo9_NAu7NAu6wz-R60YbSrb4Bgth7WIAfAA_750_750-240x180.jpg 240w\" sizes=\"auto, (max-width: 720px) 100vw, 720px\" \/><figcaption class=\"wp-element-caption\">Skruvolja pressmaskin<\/figcaption><\/figure>    <p>Denna oljemaskinserie \u00e4r l\u00e4tt att anv\u00e4nda, tar liten plats och \u00e4r l\u00e4mplig f\u00f6r het och kall pressning av olika oljev\u00e4xter. Den passar mer \u00e4n 30 oljev\u00e4xter som jordn\u00f6t, sojab\u00f6na, sesam,raps etc. Restoljan i torrt k\u00e4rna \u00e4r s\u00e5 l\u00e5g som 0,5%-3,5%, och produktionen per maskin t\u00e4cker fr\u00e5n 15 kg\/h till 550 kg\/h.<\/p>    <figure class=\"wp-block-embed aligncenter is-type-video is-provider-youtube wp-block-embed-youtube wp-embed-aspect-16-9 wp-has-aspect-ratio\"><div class=\"wp-block-embed__wrapper\"> <iframe loading=\"lazy\" title=\"Arbetvideo av att extrahera rapsolja och filtrera rapsolja med en skruvoljaexpeller\" width=\"500\" height=\"281\" src=\"https:\/\/www.youtube.com\/embed\/7A41hiwDkj4?feature=oembed\" frameborder=\"0\" allow=\"accelerometer; autoplay; clipboard-write; encrypted-media; gyroscope; picture-in-picture; web-share\" referrerpolicy=\"strict-origin-when-cross-origin\" allowfullscreen><\/iframe> <\/div><figcaption class=\"wp-element-caption\">Screw oil press machine&#8217;s working video<\/figcaption><\/figure>    <p>Beroende p\u00e5 olika produktons krav finns olika modeller att v\u00e4lja mellan, s\u00e5som 6YL-60, 6YL-70, 6YL-80, 6YL-100, 6YL-125 etc., f\u00f6r att m\u00f6ta anv\u00e4ndarnas varierade behov.<\/p>    <h2 class=\"wp-block-heading\" id=\"h-introduction-of-screw-oil-press-machine\">Popul\u00e4r skruvolja pressmaskin<\/h2>    <p>Den automatiska skruv-olja pressmaskinen kan uppn\u00e5 vakuumfiltrering. Olika temperaturer kan st\u00e4llas in beroende p\u00e5 olika material.<\/p>    <p>Genom att vrida handtaget kan man justera det tryck som m\u00e4nniskor kr\u00e4ver f\u00f6r att pressa materialet. M\u00e4ngden olja som pressas ut vid en g\u00e5ng varierar ocks\u00e5 beroende p\u00e5 trycket, och tjockleken p\u00e5 olje tiden varierar. <\/p>    <figure class=\"wp-block-image aligncenter size-large is-resized\"><img loading=\"lazy\" decoding=\"async\" width=\"540\" height=\"540\" src=\"https:\/\/www.agriculture-machine.com\/wp-content\/uploads\/2021\/10\/\u5fae\u4fe1\u56fe\u7247_2021090216442810-540x540.jpg?v=1635402250\" alt=\"Skruvolja pressmaskin\" class=\"wp-image-11903\" title=\"skruvolja pressmaskin\" srcset=\"https:\/\/www.agriculture-machine.com\/wp-content\/uploads\/2021\/10\/\u5fae\u4fe1\u56fe\u7247_2021090216442810-540x540.jpg 540w, https:\/\/www.agriculture-machine.com\/wp-content\/uploads\/2021\/10\/\u5fae\u4fe1\u56fe\u7247_2021090216442810-270x270.jpg 270w, https:\/\/www.agriculture-machine.com\/wp-content\/uploads\/2021\/10\/\u5fae\u4fe1\u56fe\u7247_2021090216442810-768x768.jpg 768w, https:\/\/www.agriculture-machine.com\/wp-content\/uploads\/2021\/10\/\u5fae\u4fe1\u56fe\u7247_2021090216442810-1536x1536.jpg 1536w, https:\/\/www.agriculture-machine.com\/wp-content\/uploads\/2021\/10\/\u5fae\u4fe1\u56fe\u7247_2021090216442810-2048x2048.jpg 2048w\" sizes=\"auto, (max-width: 540px) 100vw, 540px\" \/><figcaption class=\"wp-element-caption\">Skruvolja pressmaskin<\/figcaption><\/figure>    <h2 class=\"wp-block-heading\">L\u00e4mpliga material f\u00f6r skruvoljaexpeller<\/h2>    <p>V\u00e5rt skruvolja pressmaskin \u00e4r l\u00e4mplig f\u00f6r jordn\u00f6tter, linfr\u00f6, sesam, raps, solrosolja, bomullsn\u00f6t, soja, valn\u00f6t, pepparke, tungfr\u00f6, ricin, mandel osv.<\/p>    <figure class=\"wp-block-image aligncenter size-large is-resized\"><img loading=\"lazy\" decoding=\"async\" width=\"502\" height=\"540\" src=\"https:\/\/www.agriculture-machine.com\/wp-content\/uploads\/2021\/10\/\u672a\u6807\u9898-1_05-502x540.jpg?v=1635402522\" alt=\"Skruvolja pressare\" class=\"wp-image-11904\" title=\"\" srcset=\"https:\/\/www.agriculture-machine.com\/wp-content\/uploads\/2021\/10\/\u672a\u6807\u9898-1_05-502x540.jpg 502w, https:\/\/www.agriculture-machine.com\/wp-content\/uploads\/2021\/10\/\u672a\u6807\u9898-1_05-251x270.jpg 251w, https:\/\/www.agriculture-machine.com\/wp-content\/uploads\/2021\/10\/\u672a\u6807\u9898-1_05.jpg 750w\" sizes=\"auto, (max-width: 502px) 100vw, 502px\" \/><figcaption class=\"wp-element-caption\">Skruvolja pressare<\/figcaption><\/figure>    <h2 class=\"wp-block-heading\">Struktur f\u00f6r pressoljepressutvinning<\/h2>    <p>Strukturen hos skruvoljepressmaskinen inkluderar en temperaturreglerare, r\u00f6kavledare, dammf\u00f6rdelningssk\u00e5p, oljeposition, reducerare, motor, matning, justeringssektion, uppv\u00e4rmningsenhet, oljeutg\u00e5ng, pressdel, vakuum oljefilter etc.<\/p>    <figure class=\"wp-block-image aligncenter size-large is-resized\"><img loading=\"lazy\" decoding=\"async\" width=\"410\" height=\"540\" src=\"https:\/\/www.agriculture-machine.com\/wp-content\/uploads\/2021\/10\/\u672a\u6807\u9898-1_02-410x540.jpg?v=1635402558\" alt=\"maskinens konstruktion\" class=\"wp-image-11905\" srcset=\"https:\/\/www.agriculture-machine.com\/wp-content\/uploads\/2021\/10\/\u672a\u6807\u9898-1_02-410x540.jpg 410w, https:\/\/www.agriculture-machine.com\/wp-content\/uploads\/2021\/10\/\u672a\u6807\u9898-1_02-205x270.jpg 205w, https:\/\/www.agriculture-machine.com\/wp-content\/uploads\/2021\/10\/\u672a\u6807\u9898-1_02.jpg 750w\" sizes=\"auto, (max-width: 410px) 100vw, 410px\" \/><figcaption class=\"wp-element-caption\">machine&#8217;s structure<\/figcaption><\/figure>    <h2 class=\"wp-block-heading\">Arbetprincip f\u00f6r skruvoljaextraktor<\/h2>    <p>I en skruvolja press maskin, g\u00e5r r\u00e5varorna in i presskammaren fr\u00e5n matarsk\u00e5len. Sedan skjuts de in\u00e5t av skruven f\u00f6r pressning.<\/p>    <p>Den h\u00f6gtryck och friktion mellan materialet, skruven och kammaren skapar relativ r\u00f6relse och genererar v\u00e4rme, vilket fr\u00e4mjar oljebearbetningen.<\/p>    <p>The screw&#8217;s increasing diameter and decreasing pitch push the material forward and outward. While frictional heat helps denature proteins, increase plasticity, and reduce viscosity, thereby improving the oil yield and allowing oil to flow out through gaps in the press.<\/p>    <figure class=\"wp-block-embed aligncenter is-type-video is-provider-youtube wp-block-embed-youtube wp-embed-aspect-16-9 wp-has-aspect-ratio\"><div class=\"wp-block-embed__wrapper\"> <iframe loading=\"lazy\" title=\"Oljeutvinning Magi: Uppt\u00e4ck kraften i v\u00e5r oljextraktorpressmaskin!#olja #oljaPress\" width=\"500\" height=\"281\" src=\"https:\/\/www.youtube.com\/embed\/c8tV-bTnv3k?feature=oembed\" frameborder=\"0\" allow=\"accelerometer; autoplay; clipboard-write; encrypted-media; gyroscope; picture-in-picture; web-share\" referrerpolicy=\"strict-origin-when-cross-origin\" allowfullscreen><\/iframe> <\/div><figcaption class=\"wp-element-caption\">Arbetsvideo f\u00f6r skruv-oljeextraktormaskinen<\/figcaption><\/figure>    <h2 class=\"wp-block-heading\">Parametrar f\u00f6r skruvpressoljaekanordning<\/h2>    <figure class=\"wp-block-table\"><table class=\"has-black-color has-pale-cyan-blue-background-color has-text-color has-background\"><tbody><tr><td><strong>Mfano<\/strong><\/td><td><strong>6YL-60<\/strong><\/td><td><strong>6YL-70<\/strong><\/td><td><strong>6YL-80<\/strong><\/td><td><strong>6YL-100<\/strong><\/td><td><strong>6YL-125<\/strong><\/td><\/tr><tr><td>Skruvdiameter(mm)<\/td><td>\u03a655<\/td><td>\u03a665<\/td><td>\u03a680<\/td><td>\u03a6100<\/td><td>\u03a6125<\/td><\/tr><tr><td>Skruvrotationshastighet(r\/min)<\/td><td>64<\/td><td>38<\/td><td>35<\/td><td>37<\/td><td>34<\/td><\/tr><tr><td>Huvudkraft(kw)<\/td><td>2.2<\/td><td>3<\/td><td>4<\/td><td>7.5<\/td><td>15<\/td><\/tr><tr><td>Vacuum pumpkraft(kw)<\/td><td>0.75<\/td><td>0.75<\/td><td>0.55<\/td><td>0.75<\/td><td>0.75<\/td><\/tr><tr><td>V\u00e4rmekraft(kw)<\/td><td>0.9<\/td><td>1.8<\/td><td>2.2<\/td><td>3<\/td><td>3.75<\/td><\/tr><tr><td>Kapacitet(kg\/h)<\/td><td>40-60<\/td><td>50-70<\/td><td>80-120<\/td><td>150-230<\/td><td>300-350<\/td><\/tr><tr><td>Vikt(kg)<\/td><td>240<\/td><td>280<\/td><td>880<\/td><td>1100<\/td><td>1400<\/td><\/tr><tr><td>Storlek(mm)<\/td><td>1200*480*1100<\/td><td>1400*500*1200<\/td><td>1700*110*1600<\/td><td>1900*1200*1300<\/td><td>2600*1300*2300<\/td><\/tr><\/tbody><\/table><figcaption class=\"wp-element-caption\">Screw press oil extraction&#8217;s parameter <\/figcaption><\/figure>    <h2 class=\"wp-block-heading\">F\u00f6rdelar med skruvfr\u00f6extraktionsmaskin<\/h2>    <ul class=\"wp-block-list\"> <li>H\u00f6gt oljeutbyte: j\u00e4mf\u00f6rt med den gamla utrustningen kan oljeutbytet \u00f6ka med 2-3 procentenheter. F\u00f6r varje 100 pund jordn\u00f6tter som behandlas kan i genomsnitt 2-6 pund olja produceras.<\/li>    <li>Energibesparing och milj\u00f6skydd: spara 40% el vid samma output.<\/li>    <li>Spara arbetskraft och h\u00f6g effektivitet: spara 60% arbetskraft vid samma outputs, 1-2 personer kan driva.<\/li>    <li>Bred till\u00e4mpning: en maskin \u00e4r m\u00e5ngsidig, kan pressa mer \u00e4n 30 oljekroppar (s\u00e5som jordn\u00f6t, sesam, solros, bomull, soja osv.).<\/li>    <li>Ren olja: resten filtreras med vakuum, olje kvalitet \u00e4r ren och \u00f6verensst\u00e4mmer med hygienisk karant\u00e4nstandard.<\/li>    <li>Liten golvyta: pressningsverkstaden beh\u00f6ver endast 10-20 kvadratmeter f\u00f6r att m\u00f6ta produktionsbehovet.<\/li>    <li>Intelligent temperaturkontroll: en infrar\u00f6d temperaturkontrollsystem anv\u00e4nds f\u00f6r att automatiskt styra pressningstemperaturen och fuktigheten, olje molekyler mjuknas och aktiveras direkt, och oljeutbytet \u00f6kar kraftigt.<\/li>    <li>H\u00f6geffektiv filtrering: anv\u00e4nder flerstegs precis filtreringsanordning f\u00f6r att \u00f6ka filtreringspress och r\u00e5olja temperatur, olje kvalitet \u00e4r renare och filtreringshastigheten \u00e4r snabb.<\/li> <\/ul>    <figure class=\"wp-block-image aligncenter size-full is-resized\"><img loading=\"lazy\" decoding=\"async\" width=\"661\" height=\"496\" src=\"https:\/\/www.agriculture-machine.com\/wp-content\/uploads\/2021\/10\/EM\u622a\u56fe_201681154127.png\" alt=\"skruvolja pressmaskin\" class=\"wp-image-11906\" title=\"skruvolja pressmaskin\" srcset=\"https:\/\/www.agriculture-machine.com\/wp-content\/uploads\/2021\/10\/EM\u622a\u56fe_201681154127.png 661w, https:\/\/www.agriculture-machine.com\/wp-content\/uploads\/2021\/10\/EM\u622a\u56fe_201681154127-360x270.png 360w, https:\/\/www.agriculture-machine.com\/wp-content\/uploads\/2021\/10\/EM\u622a\u56fe_201681154127-240x180.png 240w\" sizes=\"auto, (max-width: 661px) 100vw, 661px\" \/><figcaption class=\"wp-element-caption\">skruvpress oljepress<\/figcaption><\/figure>    <figure class=\"wp-block-image aligncenter size-full\"><img loading=\"lazy\" decoding=\"async\" width=\"720\" height=\"540\" src=\"https:\/\/www.agriculture-machine.com\/wp-content\/uploads\/2021\/10\/press-oil-extractor-for-sale.webp\" alt=\"pressoljeutvinningsmaskin till salu\" class=\"wp-image-16303\" srcset=\"https:\/\/www.agriculture-machine.com\/wp-content\/uploads\/2021\/10\/press-oil-extractor-for-sale.webp 720w, https:\/\/www.agriculture-machine.com\/wp-content\/uploads\/2021\/10\/press-oil-extractor-for-sale-360x270.webp 360w, https:\/\/www.agriculture-machine.com\/wp-content\/uploads\/2021\/10\/press-oil-extractor-for-sale-240x180.webp 240w, https:\/\/www.agriculture-machine.com\/wp-content\/uploads\/2021\/10\/press-oil-extractor-for-sale-16x12.webp 16w\" sizes=\"auto, (max-width: 720px) 100vw, 720px\" \/><figcaption class=\"wp-element-caption\">pressoljeutvinningsmaskin till salu<\/figcaption><\/figure>    <h2 class=\"wp-block-heading\">Screw oil mill&#8217;s instructions for use<\/h2>    <ul class=\"wp-block-list\"> <li>Kontrollera f\u00e4sten innan anv\u00e4ndning f\u00f6r att s\u00e4kerst\u00e4lla att det inte finns n\u00e5got l\u00f6st; vrid manuellt handtaget och hjulet f\u00f6r att s\u00e4kerst\u00e4lla att driften \u00e4r flexibel och utan onormal ljud.<\/li>    <li>Fyll differentialen med 30# olja. Maskinen m\u00e5ste vara ordentligt jordad innan start.<\/li>    <li>Anslut maskinen till trefaser fyra ledningar-power, och spindeln ska rotera moturs n\u00e4r maskinen s\u00e4tts p\u00e5.<\/li>    <li>Justera termostaten till 120\u00b0C-160\u00b0C (beroende p\u00e5 olja), sl\u00e5 p\u00e5 uppv\u00e4rmningsstr\u00f6mbrytaren f\u00f6r huvudmaskinen och f\u00f6rv\u00e4rm maskinen.<\/li>    <li>Efter installation av den nya maskinen beh\u00f6ver den g\u00e5s in i 4-8 timmar: l\u00e4gg i torrt oljekimbo fr\u00e5n matarsk\u00e5len l\u00e5ngsamt och tryck in den tillbaka upprepade g\u00e5nger f\u00f6r att polera presskammaren.<\/li>    <li>H\u00e5ll fodret j\u00e4mnt, undvik att materialet splittras eller att f\u00f6r mycket material fylls i, maskinen laddas normalt, k\u00f6rs smidigt, rytmiskt ljud.<\/li>    <li>Innan stopp av maskinen, stopp matningen, l\u00e4gg i en liten m\u00e4ngd k\u00e4rnrest, v\u00e4nta tills kvarvarande material i presskammaren avl\u00e4gsnas, och stopp maskinen n\u00e4r inget mer k\u00e4rnmaterial kommer ut ur k\u00e4rnuttaget.<\/li>    <li>Efter stopp av maskinen, vrid justeringsskruven medurs 1-3 varv, och slutligen koppla bort str\u00f6mf\u00f6rs\u00f6rjningen.<\/li> <\/ul>    <figure class=\"wp-block-image aligncenter size-large\"><img loading=\"lazy\" decoding=\"async\" width=\"720\" height=\"540\" src=\"https:\/\/www.agriculture-machine.com\/wp-content\/uploads\/2021\/10\/\u65b0\u5efa\u6587\u4ef6\u5939-2IMG_20160528_152744-720x540.jpg?v=1635404815\" alt=\"skruvolja pressmaskin\" class=\"wp-image-11910\" title=\"skruvolja pressmaskin\" srcset=\"https:\/\/www.agriculture-machine.com\/wp-content\/uploads\/2021\/10\/\u65b0\u5efa\u6587\u4ef6\u5939-2IMG_20160528_152744-720x540.jpg 720w, https:\/\/www.agriculture-machine.com\/wp-content\/uploads\/2021\/10\/\u65b0\u5efa\u6587\u4ef6\u5939-2IMG_20160528_152744-360x270.jpg 360w, https:\/\/www.agriculture-machine.com\/wp-content\/uploads\/2021\/10\/\u65b0\u5efa\u6587\u4ef6\u5939-2IMG_20160528_152744-240x180.jpg 240w, https:\/\/www.agriculture-machine.com\/wp-content\/uploads\/2021\/10\/\u65b0\u5efa\u6587\u4ef6\u5939-2IMG_20160528_152744-768x576.jpg 768w, https:\/\/www.agriculture-machine.com\/wp-content\/uploads\/2021\/10\/\u65b0\u5efa\u6587\u4ef6\u5939-2IMG_20160528_152744-1536x1152.jpg 1536w, https:\/\/www.agriculture-machine.com\/wp-content\/uploads\/2021\/10\/\u65b0\u5efa\u6587\u4ef6\u5939-2IMG_20160528_152744-2048x1536.jpg 2048w\" sizes=\"auto, (max-width: 720px) 100vw, 720px\" \/><figcaption class=\"wp-element-caption\">skruvolja pressmaskin<\/figcaption><\/figure>    <figure class=\"wp-block-image aligncenter size-full\"><img loading=\"lazy\" decoding=\"async\" width=\"720\" height=\"540\" src=\"https:\/\/www.agriculture-machine.com\/wp-content\/uploads\/2021\/10\/oil-mill-machines.webp\" alt=\"oljemallar\" class=\"wp-image-16304\" srcset=\"https:\/\/www.agriculture-machine.com\/wp-content\/uploads\/2021\/10\/oil-mill-machines.webp 720w, https:\/\/www.agriculture-machine.com\/wp-content\/uploads\/2021\/10\/oil-mill-machines-360x270.webp 360w, https:\/\/www.agriculture-machine.com\/wp-content\/uploads\/2021\/10\/oil-mill-machines-240x180.webp 240w, https:\/\/www.agriculture-machine.com\/wp-content\/uploads\/2021\/10\/oil-mill-machines-16x12.webp 16w\" sizes=\"auto, (max-width: 720px) 100vw, 720px\" \/><figcaption class=\"wp-element-caption\">oljemallar<\/figcaption><\/figure>    <p class=\"translation-block\">V\u00e5rt fabrik producerar andra typer av <a href=\"https:\/\/en.wikipedia.org\/wiki\/Oil\" target=\"_blank\" rel=\"noopener\">olja<\/a> pressar, s\u00e5som hydrauliska oljepressar(<a href=\"https:\/\/www.agriculture-machine.com\/sw\/oil-extraction-machine-screw-oil-expellerhydraulic-oil-mill\/\"><strong><em>Oljeutvinningsmaskin |SkruvoljaExpeller|Hydraulisk oljemanil<\/em><\/strong><\/a>). Om du \u00e4r intresserad kan du fylla i formul\u00e4ret till h\u00f6ger och ber\u00e4tta din r\u00e5vara och specifika behov. Vi kommer att ge dig r\u00e4tt rekommendation f\u00f6r att hj\u00e4lpa din oljepressningsverksamhet att g\u00e5 smidigt.<\/p>","protected":false},"excerpt":{"rendered":"<p>Shinikizo la mafuta la kiotomatiki la shinikizo la shinikizo, usafi wa mvuke wa hewa, kazi ya kudhibiti joto kiotomatiki. Rekebisha shinikizo linalohitajika ili kubana nyenzo kwa kuzungusha kengele. Mafuta ya bidhaa yanayotoka kwa mashine hii yana ubora mzuri, harufu nzuri na mavuno makubwa ya mafuta, na kwa ujumla yanapendwa na watu wengi.<\/p>","protected":false},"author":1,"featured_media":11898,"parent":0,"comment_status":"closed","ping_status":"closed","template":"","tags":[2597,963,830,2599],"product-type":[162],"class_list":["post-11750","product","type-product","status-publish","has-post-thumbnail","hentry","tag-oil","tag-oil-press","tag-peanut-oil","tag-sesame-oil","product-type-other-type"],"_links":{"self":[{"href":"https:\/\/www.agriculture-machine.com\/sw\/wp-json\/wp\/v2\/product\/11750","targetHints":{"allow":["GET"]}}],"collection":[{"href":"https:\/\/www.agriculture-machine.com\/sw\/wp-json\/wp\/v2\/product"}],"about":[{"href":"https:\/\/www.agriculture-machine.com\/sw\/wp-json\/wp\/v2\/types\/product"}],"author":[{"embeddable":true,"href":"https:\/\/www.agriculture-machine.com\/sw\/wp-json\/wp\/v2\/users\/1"}],"replies":[{"embeddable":true,"href":"https:\/\/www.agriculture-machine.com\/sw\/wp-json\/wp\/v2\/comments?post=11750"}],"wp:featuredmedia":[{"embeddable":true,"href":"https:\/\/www.agriculture-machine.com\/sw\/wp-json\/wp\/v2\/media\/11898"}],"wp:attachment":[{"href":"https:\/\/www.agriculture-machine.com\/sw\/wp-json\/wp\/v2\/media?parent=11750"}],"wp:term":[{"taxonomy":"post_tag","embeddable":true,"href":"https:\/\/www.agriculture-machine.com\/sw\/wp-json\/wp\/v2\/tags?post=11750"},{"taxonomy":"product-type","embeddable":true,"href":"https:\/\/www.agriculture-machine.com\/sw\/wp-json\/wp\/v2\/product-type?post=11750"}],"curies":[{"name":"wp","href":"https:\/\/api.w.org\/{rel}","templated":true}]}}