{"id":12621,"date":"2022-01-26T17:28:30","date_gmt":"2022-01-26T09:28:30","guid":{"rendered":"https:\/\/www.agriculture-machine.com\/?p=12621"},"modified":"2024-09-18T16:22:10","modified_gmt":"2024-09-18T08:22:10","slug":"4-row-peanut-groundnut-seed-planter-equipment","status":"publish","type":"product","link":"https:\/\/www.agriculture-machine.com\/sw\/4-row-peanut-groundnut-seed-planter-equipment\/","title":{"rendered":"Vifaa vya mpandaji wa mbegu za karanga kwa safu 4"},"content":{"rendered":"<p>As one of the world&#8217;s oil crops, peanuts are cultivated in large areas all over the world by using peanut seed planter equipment. Nowadays, with the development of agricultural technology, people usually use peanut seed planter equipment instead of manpower. The use of peanut seed planter machines saves a lot of manpower and improves work efficiency. <\/p>    <p>A good peanut planter\u2019s function can improve the survival rate of peanuts and increase the yield of peanut planting. And now there are many different models and functions of groundnut seed planters on the market, which can meet people&#8217;s different needs.<\/p>    <figure class=\"wp-block-embed is-type-video is-provider-youtube wp-block-embed-youtube wp-embed-aspect-16-9 wp-has-aspect-ratio\"><div class=\"wp-block-embed__wrapper\"> <iframe loading=\"lazy\" title=\"Detta \u00e4r 4-rad jordn\u00f6tss\u00e5ddmaskinens m\u00e5ngfunktionella jordn\u00f6tss\u00e5ddare\" width=\"500\" height=\"281\" src=\"https:\/\/www.youtube.com\/embed\/tW-xiob16FQ?feature=oembed\" frameborder=\"0\" allow=\"accelerometer; autoplay; clipboard-write; encrypted-media; gyroscope; picture-in-picture; web-share\" referrerpolicy=\"strict-origin-when-cross-origin\" allowfullscreen><\/iframe> <\/div><figcaption class=\"wp-element-caption\">jordn\u00f6tss\u00e5ddemaskinens arbetsvideo<\/figcaption><\/figure>    <h2 class=\"wp-block-heading\" id=\"h-introduction-of-4-row-peanut-seed-planter\">Introduktion av 4-raders jordn\u00f6tss\u00e5ddare<\/h2>    <p>Med v\u00e5r kontinuerliga forskning och utveckling av jordn\u00f6tss\u00e5ddare producerar vi nu h\u00f6gkvalitativa flerradiga jordn\u00f6tss\u00e5ddmaskiner. Denna serie jordn\u00f6tss\u00e5ddutrustning inkluderar 2 rader, 4 rader, 6 rader och 8 rader. <\/p>    <p>Resten av artikeln introducerar huvudsakligen modellen 2BH-4 jordn\u00f6tss\u00e5ddmaskin. Denna jordn\u00f6tss\u00e5ddare kan s\u00e5 fyra rader jordn\u00f6tter. F\u00f6rutom s\u00e5funktionens funktion <\/p>    <p>4-rygg peanut fr\u00f6planteraren kan \u00e4ven fungera som g\u00f6dsling, brukning, rykts\u00e5dd och jords\u00e5dd. S\u00e5 kunder kan v\u00e4lja motsvarande funktioner efter sina egna behov. <\/p>    <p class=\"translation-block\">Maskinen m\u00e5ste fungera tillsammans med traktorn, och kopplingen \u00e4r ett trepunktsupph\u00e4ng. Maskinen har enkel installation och bekv\u00e4m drift. Vi har ocks\u00e5 jordn\u00f6tssamlare, jordn\u00f6ts sk\u00f6rd, och<a href=\"https:\/\/www.agriculture-machine.com\/sw\/peanut-groundnut-shell-removing-machine\/\"> jordn\u00f6tsskalmaskin<\/a>. Kombinationen av de tre maskinerna kan avsev\u00e4rt f\u00f6rb\u00e4ttra produktionseffektivitet och arbetskraft. Och folk kan v\u00e4lja olika maskiner beroende p\u00e5 deras olika behov.<\/p>    <figure class=\"wp-block-gallery has-nested-images columns-default is-cropped wp-block-gallery-2 is-layout-flex wp-block-gallery-is-layout-flex\"> <figure class=\"wp-block-image size-large\"><img loading=\"lazy\" decoding=\"async\" width=\"720\" height=\"540\" data-id=\"12630\" src=\"https:\/\/www.agriculture-machine.com\/wp-content\/uploads\/2022\/01\/3.jpg\" alt=\"front 4-rad jordn\u00f6tss\u00e5ddare och utrustning\" class=\"wp-image-12630\" srcset=\"https:\/\/www.agriculture-machine.com\/wp-content\/uploads\/2022\/01\/3.jpg 720w, https:\/\/www.agriculture-machine.com\/wp-content\/uploads\/2022\/01\/3-360x270.jpg 360w, https:\/\/www.agriculture-machine.com\/wp-content\/uploads\/2022\/01\/3-240x180.jpg 240w\" sizes=\"auto, (max-width: 720px) 100vw, 720px\" \/><figcaption class=\"wp-element-caption\">front 4-rad jordn\u00f6tss\u00e5ddare och utrustning<\/figcaption><\/figure>    <figure class=\"wp-block-image size-large\"><img loading=\"lazy\" decoding=\"async\" width=\"720\" height=\"540\" data-id=\"12631\" src=\"https:\/\/www.agriculture-machine.com\/wp-content\/uploads\/2022\/01\/4.jpg\" alt=\"\" class=\"wp-image-12631\" srcset=\"https:\/\/www.agriculture-machine.com\/wp-content\/uploads\/2022\/01\/4.jpg 720w, https:\/\/www.agriculture-machine.com\/wp-content\/uploads\/2022\/01\/4-360x270.jpg 360w, https:\/\/www.agriculture-machine.com\/wp-content\/uploads\/2022\/01\/4-240x180.jpg 240w\" sizes=\"auto, (max-width: 720px) 100vw, 720px\" \/><figcaption class=\"wp-element-caption\"> side 4-rad jordn\u00f6tss\u00e5ddare  <\/figcaption><\/figure> <figcaption class=\"blocks-gallery-caption wp-element-caption\"> 4-rad jordn\u00f6tssce-planterare <\/figcaption><\/figure>    <h2 class=\"wp-block-heading\">Struktur av 4-rad jordn\u00f6tss\u00e5ddare<\/h2>    <p>4-rad jordn\u00f6tss\u00e5ddare har huvuddelarna ram, g\u00f6dselbox, fr\u00f6nbox, s\u00e5ningskontrollsystem, \u00e5sbildningsanordning (jords\u00e5dd wheel), och diken gr\u00e4ver.<\/p>    <figure class=\"wp-block-image aligncenter size-full\"><img loading=\"lazy\" decoding=\"async\" width=\"720\" height=\"540\" src=\"https:\/\/www.agriculture-machine.com\/wp-content\/uploads\/2022\/01\/2.jpg\" alt=\"Struktur av 4-rad jordn\u00f6tss\u00e5ddare\" class=\"wp-image-12632\" title=\"Struktur av 4-rad jordn\u00f6tss\u00e5ddare\" srcset=\"https:\/\/www.agriculture-machine.com\/wp-content\/uploads\/2022\/01\/2.jpg 720w, https:\/\/www.agriculture-machine.com\/wp-content\/uploads\/2022\/01\/2-360x270.jpg 360w, https:\/\/www.agriculture-machine.com\/wp-content\/uploads\/2022\/01\/2-240x180.jpg 240w\" sizes=\"auto, (max-width: 720px) 100vw, 720px\" \/><figcaption class=\"wp-element-caption\"> Struktur av 4-rad jordn\u00f6tss\u00e5ddare <\/figcaption><\/figure>    <h2 class=\"wp-block-heading\">Arbetsprincip f\u00f6r jordn\u00f6tss\u00e5ddmaskin<\/h2>    <ol class=\"wp-block-list\"> <li>N\u00e4r jordn\u00f6tss\u00e5ddaren anv\u00e4nds kontrolleras s\u00e5ningsm\u00e4ngden exakt av s\u00e5ningskontrollsystemet. Detta kan s\u00e4kerst\u00e4lla att fr\u00f6na placeras regelbundet i jordlagret.<\/li>    <li>Jordn\u00f6tss\u00e4ddars diken gr\u00e4ver upp jordlagret och applicerar g\u00f6dsel i jorden. Denna \u00e5tg\u00e4rd skapar ett naturligt s\u00e5ningsavst\u00e5nd. Detta minskar ocks\u00e5 behovet av manuell borttagning av extra jordn\u00f6tsplantor och \u00f6kar arbetskraftens effektivitet.<\/li>    <li>Jordn\u00f6tss\u00e5ddaren kan slutf\u00f6ra arbetet med g\u00f6dsling, s\u00e5dd, sprutning, mulching och \u00e5sbildning p\u00e5 en g\u00e5ng.<\/li> <\/ol>    <h2 class=\"wp-block-heading\">Arbetsvideo f\u00f6r 4-rad jordn\u00f6tss\u00e5ddare<\/h2>    <figure class=\"wp-block-embed is-type-video is-provider-youtube wp-block-embed-youtube wp-embed-aspect-16-9 wp-has-aspect-ratio\"><div class=\"wp-block-embed__wrapper\"> <iframe loading=\"lazy\" title=\"Jordn\u00f6tsplanteringsmaskin\/jordn\u00f6tss\u00e5ddare\/4-rad jordn\u00f6tss\u00e5ddare\" width=\"500\" height=\"281\" src=\"https:\/\/www.youtube.com\/embed\/g6o8jZJtyzg?feature=oembed\" frameborder=\"0\" allow=\"accelerometer; autoplay; clipboard-write; encrypted-media; gyroscope; picture-in-picture; web-share\" referrerpolicy=\"strict-origin-when-cross-origin\" allowfullscreen><\/iframe> <\/div><figcaption class=\"wp-element-caption\"> Arbetsvideo f\u00f6r 4-rad jordn\u00f6tss\u00e5ddare <\/figcaption><\/figure>    <h2 class=\"wp-block-heading\">Parameter f\u00f6r jordn\u00f6tss\u00e5ddmaskin<\/h2>    <figure class=\"wp-block-table is-style-stripes\"><table><tbody><tr><td>Mfano<\/td><td>2BH-4<\/td><\/tr><tr><td>Radavst\u00e5nd<\/td><td>23,48cm<\/td><\/tr><tr><td>Mstari<\/td><td>4 rad<\/td><\/tr><tr><td>Nguvu<\/td><td>22-36kw<\/td><\/tr><tr><td>Arbetsbredd<\/td><td>1420mm<\/td><\/tr><tr><td>Jordhjulens diameter<\/td><td>40cm<\/td><\/tr><\/tbody><\/table><figcaption class=\"wp-element-caption\"> Parameter f\u00f6r jordn\u00f6tss\u00e5ddmaskin <\/figcaption><\/figure>    <h2 class=\"wp-block-heading\">Varf\u00f6r v\u00e4lja v\u00e5r jordn\u00f6tss\u00e5ddare?<\/h2>    <ol class=\"wp-block-list\"> <li>De \u00f6vre skruvskruvarna p\u00e5 jordn\u00f6tss\u00e5ddarens maskin \u00e4r alla h\u00f6gstyrka med prestandagraduering 8.8.<\/li>    <li>Denna jordn\u00f6tss\u00e5ddesers serie \u00e4r utrustad med en fr\u00e4mre \u00e5s, f\u00f6rsta \u00e5s och sedan s\u00e5dd. Detta s\u00e4kerst\u00e4ller konstant fr\u00f6dbelning, snabb groddning, h\u00f6ga groddningsf\u00f6reningar och h\u00f6gre medelavkastning.<\/li>    <li>Diametern p\u00e5 jordhjulen \u00f6kas med 480mm, s\u00e5 h\u00f6jden p\u00e5 hela jordn\u00f6tss\u00e5ddutrustningen \u00e4r 50mm h\u00f6gre \u00e4n tidigare. J\u00e4mf\u00f6rt med traditionella sm\u00e5 jordhjul \u00e4r det inte l\u00e4tt att bli igenkorkad och k\u00f6rf\u00f6rm\u00e5gan \u00e4r h\u00f6gre.<\/li>    <li>Dubbelradets fr\u00f6metering kan effektivt minska tr\u00e4ngsel och \u00e4r l\u00e4mplig f\u00f6r direkts\u00e5dd efter vete sk\u00f6rd.<\/li>    <li>Samarbetsforskning och utveckling av fr\u00f6avr\u00e4kningsenhet som \u00e4r mer exakt. S\u00e5 fr\u00f6na har j\u00e4mna korn, f\u00e4rre ruttna fr\u00f6n och b\u00e4ttre avst\u00e5nd mellan v\u00e4xter.<\/li>    <li>Vi kan justera \u00e5sens bredd med 60-70 cm, vilket g\u00f6r att den passar olika lokala f\u00f6rh\u00e5llanden. S\u00e5 jordn\u00f6tss\u00e5ddaren har ett bredare anv\u00e4ndningsomr\u00e5de.<\/li> <\/ol>    <p>Om du \u00e4r intresserad av v\u00e5r jordn\u00f6tss\u00e5ddutrustning eller vill f\u00e5 fler detaljer, v\u00e4nligen kontakta v\u00e5rt s\u00e4ljteam. Vi \u00e5tar oss att leverera effektiva och tillf\u00f6rlitliga jordbruksmaskinl\u00f6sningar f\u00f6r att g\u00f6ra ditt jordbruk l\u00e4ttare och mer njutbart.<\/p>","protected":false},"excerpt":{"rendered":"<p>Denna artikel handlar om 4-rad jordn\u00f6tss\u00e5ddutrustning, som kan slutf\u00f6ra diken, g\u00f6dsling, s\u00e5dd och jordt\u00e4cke samtidigt. <\/p>","protected":false},"author":1,"featured_media":12629,"parent":0,"comment_status":"closed","ping_status":"closed","template":"","tags":[797,492],"product-type":[884,870],"class_list":["post-12621","product","type-product","status-publish","has-post-thumbnail","hentry","tag-peanut","tag-planter","product-type-peanut-planter","product-type-planter"],"_links":{"self":[{"href":"https:\/\/www.agriculture-machine.com\/sw\/wp-json\/wp\/v2\/product\/12621","targetHints":{"allow":["GET"]}}],"collection":[{"href":"https:\/\/www.agriculture-machine.com\/sw\/wp-json\/wp\/v2\/product"}],"about":[{"href":"https:\/\/www.agriculture-machine.com\/sw\/wp-json\/wp\/v2\/types\/product"}],"author":[{"embeddable":true,"href":"https:\/\/www.agriculture-machine.com\/sw\/wp-json\/wp\/v2\/users\/1"}],"replies":[{"embeddable":true,"href":"https:\/\/www.agriculture-machine.com\/sw\/wp-json\/wp\/v2\/comments?post=12621"}],"wp:featuredmedia":[{"embeddable":true,"href":"https:\/\/www.agriculture-machine.com\/sw\/wp-json\/wp\/v2\/media\/12629"}],"wp:attachment":[{"href":"https:\/\/www.agriculture-machine.com\/sw\/wp-json\/wp\/v2\/media?parent=12621"}],"wp:term":[{"taxonomy":"post_tag","embeddable":true,"href":"https:\/\/www.agriculture-machine.com\/sw\/wp-json\/wp\/v2\/tags?post=12621"},{"taxonomy":"product-type","embeddable":true,"href":"https:\/\/www.agriculture-machine.com\/sw\/wp-json\/wp\/v2\/product-type?post=12621"}],"curies":[{"name":"wp","href":"https:\/\/api.w.org\/{rel}","templated":true}]}}