{"id":15261,"date":"2023-11-24T15:08:23","date_gmt":"2023-11-24T07:08:23","guid":{"rendered":"https:\/\/www.agriculture-machine.com\/?post_type=product&#038;p=15261"},"modified":"2024-09-18T15:43:43","modified_gmt":"2024-09-18T07:43:43","slug":"25tpd-rice-miller-unit","status":"publish","type":"product","link":"https:\/\/www.agriculture-machine.com\/sw\/25tpd-rice-miller-unit\/","title":{"rendered":"Kiwanda cha kusaga mchele cha tani 25 kwa siku bila fremu ya chuma"},"content":{"rendered":"<p>Nyligen har v\u00e5r stolta rism\u00f6rningsenhet som kan bearbeta 25 ton korn per dag framg\u00e5ngsrikt erbjudits till f\u00f6rs\u00e4ljning igen. Till skillnad fr\u00e5n den traditionella designen tar denna produktionslinje avsiktligt bort st\u00e5lkonstruktionen, vilket g\u00f6r hela enheten mer kompakt och bekv\u00e4m och anpassar sig till alla slags fabriksutrymmen.<\/p>    <figure class=\"wp-block-image size-full\"><img loading=\"lazy\" decoding=\"async\" width=\"720\" height=\"540\" src=\"https:\/\/www.agriculture-machine.com\/wp-content\/uploads\/2023\/11\/25TPD-rice-miller-unit-main-structure.webp\" alt=\"Huvudstruktur f\u00f6r 25TPD rism\u00f6rningsenhet\" class=\"wp-image-15274\" srcset=\"https:\/\/www.agriculture-machine.com\/wp-content\/uploads\/2023\/11\/25TPD-rice-miller-unit-main-structure.webp 720w, https:\/\/www.agriculture-machine.com\/wp-content\/uploads\/2023\/11\/25TPD-rice-miller-unit-main-structure-360x270.webp 360w, https:\/\/www.agriculture-machine.com\/wp-content\/uploads\/2023\/11\/25TPD-rice-miller-unit-main-structure-240x180.webp 240w\" sizes=\"auto, (max-width: 720px) 100vw, 720px\" \/><figcaption class=\"wp-element-caption\">Huvudstruktur f\u00f6r 25TPD rism\u00f6rningsenhet<\/figcaption><\/figure>    <p class=\"translation-block\">Sj\u00e4lvklart har vi ocks\u00e5 en motsvarande produktionslinje med st\u00e5lkonstruktion, v\u00e4nligen klicka f\u00f6r att se: den <strong><a href=\"https:\/\/www.agriculture-machine.com\/sw\/25tpd-rice-milling-line\/\">25TPD Rice Milling Line With Steel Frame<\/a><\/strong>.<\/p>    <h2 class=\"wp-block-heading\">Fem konfigurationer av rism\u00f6rningsenhet visar<\/h2>    <p>Bland de produktlinjer som v\u00e5rt f\u00f6retag \u00e4r stolta \u00f6ver \u00e4r riset p\u00e5 25 ton per dag inte bara k\u00e4nt f\u00f6r sin h\u00f6ga produktion utan ocks\u00e5 popul\u00e4rt bland kunderna f\u00f6r sina flera konfigurationer som flexibelt svarar p\u00e5 olika behov. Du kan v\u00e4lja dem alla enligt dina behov och din budget.<\/p>    <p>Fem kombinationer n\u00e4mns kort nedan. Sj\u00e4lvklart, om du har andra id\u00e9er, tveka inte att kontakta oss s\u00e5 rekommenderar vi det mest l\u00e4mpliga alternativet f\u00f6r dig.<\/p>    <h3 class=\"wp-block-heading\">Aina 1<\/h3>    <figure class=\"wp-block-gallery has-nested-images columns-default is-cropped wp-block-gallery-2 is-layout-flex wp-block-gallery-is-layout-flex\"> <figure class=\"wp-block-image size-large\"><img loading=\"lazy\" decoding=\"async\" width=\"720\" height=\"540\" data-id=\"15264\" src=\"https:\/\/www.agriculture-machine.com\/wp-content\/uploads\/2023\/11\/rice-millers-for-sale.webp\" alt=\"rism\u00f6rningsmaskiner till salu\" class=\"wp-image-15264\" srcset=\"https:\/\/www.agriculture-machine.com\/wp-content\/uploads\/2023\/11\/rice-millers-for-sale.webp 720w, https:\/\/www.agriculture-machine.com\/wp-content\/uploads\/2023\/11\/rice-millers-for-sale-360x270.webp 360w, https:\/\/www.agriculture-machine.com\/wp-content\/uploads\/2023\/11\/rice-millers-for-sale-240x180.webp 240w\" sizes=\"auto, (max-width: 720px) 100vw, 720px\" \/><figcaption class=\"wp-element-caption\">rism\u00f6rningsmaskiner till salu<\/figcaption><\/figure>    <figure class=\"wp-block-image size-large\"><img loading=\"lazy\" decoding=\"async\" width=\"720\" height=\"540\" data-id=\"15263\" src=\"https:\/\/www.agriculture-machine.com\/wp-content\/uploads\/2023\/11\/paddy-rice-process-equipment.webp\" alt=\"paddy ris processutrustning\" class=\"wp-image-15263\" srcset=\"https:\/\/www.agriculture-machine.com\/wp-content\/uploads\/2023\/11\/paddy-rice-process-equipment.webp 720w, https:\/\/www.agriculture-machine.com\/wp-content\/uploads\/2023\/11\/paddy-rice-process-equipment-360x270.webp 360w, https:\/\/www.agriculture-machine.com\/wp-content\/uploads\/2023\/11\/paddy-rice-process-equipment-240x180.webp 240w\" sizes=\"auto, (max-width: 720px) 100vw, 720px\" \/><figcaption class=\"wp-element-caption\">paddy ris processutrustning<\/figcaption><\/figure> <\/figure>    <p class=\"translation-block\">Detta \u00e4r en relativt enkel kombination av rism\u00f6rningsenhet, och maskinerna som ing\u00e5r i hela linjen \u00e4r i ordning: ett matningsh\u00f6g, en avskiljare, en risrensare, en gravitationspaddy-separator, tv\u00e5 rism\u00f6rningsmaskiner och en vit risgraderare. Den \u00f6vergripande konfigurationen \u00e4r densamma som 15T\/D(<a href=\"https:\/\/www.agriculture-machine.com\/sw\/rice-mill-production-line\/\"><strong>15TPD Rice Mill Production Line With Polisher And White Rice Grader<\/strong><\/a>), men storleken p\u00e5 varje maskin \u00e4r correspondingly st\u00f6rre.<\/p>    <h3 class=\"wp-block-heading\">Kiwanda kamili cha usindikaji mpunga<\/h3>    <figure class=\"wp-block-gallery has-nested-images columns-default is-cropped wp-block-gallery-3 is-layout-flex wp-block-gallery-is-layout-flex\"> <figure class=\"wp-block-image size-large\"><img loading=\"lazy\" decoding=\"async\" width=\"720\" height=\"540\" data-id=\"15266\" src=\"https:\/\/www.agriculture-machine.com\/wp-content\/uploads\/2023\/11\/white-rice-making-line.webp\" alt=\"vita risproduktionslinje\" class=\"wp-image-15266\" srcset=\"https:\/\/www.agriculture-machine.com\/wp-content\/uploads\/2023\/11\/white-rice-making-line.webp 720w, https:\/\/www.agriculture-machine.com\/wp-content\/uploads\/2023\/11\/white-rice-making-line-360x270.webp 360w, https:\/\/www.agriculture-machine.com\/wp-content\/uploads\/2023\/11\/white-rice-making-line-240x180.webp 240w\" sizes=\"auto, (max-width: 720px) 100vw, 720px\" \/><figcaption class=\"wp-element-caption\">vita risproduktionslinje<\/figcaption><\/figure>    <figure class=\"wp-block-image size-large\"><img loading=\"lazy\" decoding=\"async\" width=\"720\" height=\"540\" data-id=\"15265\" src=\"https:\/\/www.agriculture-machine.com\/wp-content\/uploads\/2023\/11\/rice-paddy-processing-plant.webp\" alt=\"ris paddy behandlingsanl\u00e4ggning\" class=\"wp-image-15265\" srcset=\"https:\/\/www.agriculture-machine.com\/wp-content\/uploads\/2023\/11\/rice-paddy-processing-plant.webp 720w, https:\/\/www.agriculture-machine.com\/wp-content\/uploads\/2023\/11\/rice-paddy-processing-plant-360x270.webp 360w, https:\/\/www.agriculture-machine.com\/wp-content\/uploads\/2023\/11\/rice-paddy-processing-plant-240x180.webp 240w\" sizes=\"auto, (max-width: 720px) 100vw, 720px\" \/><figcaption class=\"wp-element-caption\">ris paddy behandlingsanl\u00e4ggning<\/figcaption><\/figure> <\/figure>    <p class=\"translation-block\">Denna maskingrupp \u00e4r baserad p\u00e5 <strong>Typ 1<\/strong> med till\u00e4gg av en extra rism\u00f6rningsmaskin och en polerare, samt en risf\u00f6rpackningsmaskin l\u00e4ngst ut i linjen.<\/p>    <h3 class=\"wp-block-heading\">Kiwanda cha mstari wa kusaga mpunga wa kisasa<\/h3>    <figure class=\"wp-block-gallery has-nested-images columns-default is-cropped wp-block-gallery-4 is-layout-flex wp-block-gallery-is-layout-flex\"> <figure class=\"wp-block-image size-large\"><img loading=\"lazy\" decoding=\"async\" width=\"720\" height=\"540\" data-id=\"15267\" src=\"https:\/\/www.agriculture-machine.com\/wp-content\/uploads\/2023\/11\/automatic-rice-mill-production-line.webp\" alt=\"risk\u00e5lsystem\" class=\"wp-image-15267\" srcset=\"https:\/\/www.agriculture-machine.com\/wp-content\/uploads\/2023\/11\/automatic-rice-mill-production-line.webp 720w, https:\/\/www.agriculture-machine.com\/wp-content\/uploads\/2023\/11\/automatic-rice-mill-production-line-360x270.webp 360w, https:\/\/www.agriculture-machine.com\/wp-content\/uploads\/2023\/11\/automatic-rice-mill-production-line-240x180.webp 240w\" sizes=\"auto, (max-width: 720px) 100vw, 720px\" \/><figcaption class=\"wp-element-caption\">risk\u00e5lsystem<\/figcaption><\/figure>    <figure class=\"wp-block-image size-large\"><img loading=\"lazy\" decoding=\"async\" width=\"720\" height=\"540\" data-id=\"15268\" src=\"https:\/\/www.agriculture-machine.com\/wp-content\/uploads\/2023\/11\/rice-milling-system.webp\" alt=\"rism\u00f6rningsenhet\" class=\"wp-image-15268\" srcset=\"https:\/\/www.agriculture-machine.com\/wp-content\/uploads\/2023\/11\/rice-milling-system.webp 720w, https:\/\/www.agriculture-machine.com\/wp-content\/uploads\/2023\/11\/rice-milling-system-360x270.webp 360w, https:\/\/www.agriculture-machine.com\/wp-content\/uploads\/2023\/11\/rice-milling-system-240x180.webp 240w\" sizes=\"auto, (max-width: 720px) 100vw, 720px\" \/><figcaption class=\"wp-element-caption\">rism\u00f6rningsenhet<\/figcaption><\/figure> <\/figure>    <p class=\"translation-block\">Kombinationen av denna rism\u00f6rningsenhet \u00e4r ocks\u00e5 relativt enkel, bara l\u00e4gg till en extra f\u00e4rgsorterare och f\u00f6rpackningsmaskin i slutet av <strong>Typ 1<\/strong>. Bland dem uppt\u00e4cker f\u00e4rgsorteraren f\u00e4rgen och formen p\u00e5 riset med hj\u00e4lp av ett mycket intelligent optiskt system, vilket m\u00f6jligg\u00f6r avvisning av underkvalificerat ris, f\u00e4rgrester, fr\u00e4mmande f\u00f6rem\u00e5l och annat problematiskt ris.<\/p>    <h3 class=\"wp-block-heading\">vattenpolerare, f\u00e4rgsorterare<\/h3>    <figure class=\"wp-block-gallery has-nested-images columns-default is-cropped wp-block-gallery-5 is-layout-flex wp-block-gallery-is-layout-flex\"> <figure class=\"wp-block-image size-large\"><img loading=\"lazy\" decoding=\"async\" width=\"720\" height=\"540\" data-id=\"15269\" src=\"https:\/\/www.agriculture-machine.com\/wp-content\/uploads\/2023\/11\/rice-miller-unit.webp\" alt=\"integrated rice processsing line\" class=\"wp-image-15269\" srcset=\"https:\/\/www.agriculture-machine.com\/wp-content\/uploads\/2023\/11\/rice-miller-unit.webp 720w, https:\/\/www.agriculture-machine.com\/wp-content\/uploads\/2023\/11\/rice-miller-unit-360x270.webp 360w, https:\/\/www.agriculture-machine.com\/wp-content\/uploads\/2023\/11\/rice-miller-unit-240x180.webp 240w\" sizes=\"auto, (max-width: 720px) 100vw, 720px\" \/><figcaption class=\"wp-element-caption\">integrated rice processsing line<\/figcaption><\/figure>    <figure class=\"wp-block-image size-large\"><img loading=\"lazy\" decoding=\"async\" width=\"720\" height=\"540\" data-id=\"15270\" src=\"https:\/\/www.agriculture-machine.com\/wp-content\/uploads\/2023\/11\/water-polisher-color-sorter.webp\" alt=\"paddy- och risbearbetningsverksmilj\u00f6er\" class=\"wp-image-15270\" srcset=\"https:\/\/www.agriculture-machine.com\/wp-content\/uploads\/2023\/11\/water-polisher-color-sorter.webp 720w, https:\/\/www.agriculture-machine.com\/wp-content\/uploads\/2023\/11\/water-polisher-color-sorter-360x270.webp 360w, https:\/\/www.agriculture-machine.com\/wp-content\/uploads\/2023\/11\/water-polisher-color-sorter-240x180.webp 240w\" sizes=\"auto, (max-width: 720px) 100vw, 720px\" \/><figcaption class=\"wp-element-caption\">paddy- och risbearbetningsverksmilj\u00f6er<\/figcaption><\/figure> <\/figure>    <p class=\"translation-block\">Denna konfiguration bygger vidare p\u00e5 <strong>Typ 1<\/strong> genom att l\u00e4gga till en vattenpoleringsmaskin omedelbart efter rism\u00f6rningsmaskinen, plus f\u00e4rgsortering och f\u00f6rpackningsutrustning omedelbart efter vit risgraderare (detaljerna om de extra maskinerna visas till h\u00f6ger).<\/p>    <h3 class=\"wp-block-heading\">Designritningstj\u00e4nst<\/h3>    <figure class=\"wp-block-gallery has-nested-images columns-default is-cropped wp-block-gallery-6 is-layout-flex wp-block-gallery-is-layout-flex\"> <figure class=\"wp-block-image size-large\"><img loading=\"lazy\" decoding=\"async\" width=\"720\" height=\"540\" data-id=\"15271\" src=\"https:\/\/www.agriculture-machine.com\/wp-content\/uploads\/2023\/11\/integrated-rice-processsing-line.webp\" alt=\"Efter att ha mottagit depositionen kan du skicka oss ritningen \u00f6ver arbetsplatsen f\u00f6r tillverkningsverkstaden. Vi kommer be v\u00e5ra ingenj\u00f6rer att rita hela designen av ris-m\u00f6rningsenheten enligt din verkstadstorlek. Ett exempelritning ges nedan.\" class=\"wp-image-15271\" srcset=\"https:\/\/www.agriculture-machine.com\/wp-content\/uploads\/2023\/11\/integrated-rice-processsing-line.webp 720w, https:\/\/www.agriculture-machine.com\/wp-content\/uploads\/2023\/11\/integrated-rice-processsing-line-360x270.webp 360w, https:\/\/www.agriculture-machine.com\/wp-content\/uploads\/2023\/11\/integrated-rice-processsing-line-240x180.webp 240w\" sizes=\"auto, (max-width: 720px) 100vw, 720px\" \/><figcaption class=\"wp-element-caption\">Efter att ha mottagit depositionen kan du skicka oss ritningen \u00f6ver arbetsplatsen f\u00f6r tillverkningsverkstaden. Vi kommer be v\u00e5ra ingenj\u00f6rer att rita hela designen av ris-m\u00f6rningsenheten enligt din verkstadstorlek. Ett exempelritning ges nedan.<\/figcaption><\/figure>    <figure class=\"wp-block-image size-large\"><img loading=\"lazy\" decoding=\"async\" width=\"720\" height=\"540\" data-id=\"15272\" src=\"https:\/\/www.agriculture-machine.com\/wp-content\/uploads\/2023\/11\/paddy-and-rice-processing-mills.webp\" alt=\"rism\u00f6rningsenhet installationsritning\" class=\"wp-image-15272\" srcset=\"https:\/\/www.agriculture-machine.com\/wp-content\/uploads\/2023\/11\/paddy-and-rice-processing-mills.webp 720w, https:\/\/www.agriculture-machine.com\/wp-content\/uploads\/2023\/11\/paddy-and-rice-processing-mills-360x270.webp 360w, https:\/\/www.agriculture-machine.com\/wp-content\/uploads\/2023\/11\/paddy-and-rice-processing-mills-240x180.webp 240w\" sizes=\"auto, (max-width: 720px) 100vw, 720px\" \/><figcaption class=\"wp-element-caption\">rism\u00f6rningsenhet installationsritning<\/figcaption><\/figure> <\/figure>    <p class=\"translation-block\">Felsatsen liknar <strong>Typ 4<\/strong>-konfigurationen, medan skillnaden \u00e4r att ordningen p\u00e5 placeringen av vissa maskiner har \u00e4ndrats. F\u00e4rgsorteraren placerades efter den f\u00f6rsta rism\u00f6rningsmaskinen, vatten\u00e5derpoleraren placerades efter vita risgraderaren, och en extra f\u00f6rvaringsbeh\u00e5llare lades till omedelbart efter f\u00f6r att f\u00f6rhindra att malningshastigheten h\u00e4nger efter f\u00f6rpackningsmaskinen.<\/p>    <h2 class=\"wp-block-heading\">Baserat p\u00e5 de fem olika kombinationerna av rism\u00f6rningsenhet ovan \u00e4r det tydligt att dina alternativ kan vara mycket flexibla n\u00e4r det g\u00e4ller att k\u00f6pa en maskin f\u00f6r att bearbeta ris. Du kan v\u00e4lja om du vill k\u00f6pa vissa ytterligare maskiner eller inte, och du kan ocks\u00e5 justera vissa maskiner f\u00f6r att passa dina preferenser. Denna m\u00e5ngsidighet g\u00f6r att linjen uppfyller risproduktionens scenarier med olika bearbetningskrav.<\/h2>    <p>25TPD rism\u00f6rningslinje<\/p>    <figure class=\"wp-block-image size-full\"><img loading=\"lazy\" decoding=\"async\" width=\"720\" height=\"540\" src=\"https:\/\/www.agriculture-machine.com\/wp-content\/uploads\/2023\/11\/rice-miller-unit-installation-drawing.webp\" alt=\"Nyligen har v\u00e5r stolta ris-m\u00f6rningsenhet som kan bearbeta 25 ton korn per dag framg\u00e5ngsrikt erbjudits till f\u00f6rs\u00e4ljning igen. Denna linje tar bort st\u00e5lkonstruktionen, vilket g\u00f6r hela enheten mer kompakt och bekv\u00e4m och anpassar sig till alla slags fabriksutrymmen.\" class=\"wp-image-15273\" srcset=\"https:\/\/www.agriculture-machine.com\/wp-content\/uploads\/2023\/11\/rice-miller-unit-installation-drawing.webp 720w, https:\/\/www.agriculture-machine.com\/wp-content\/uploads\/2023\/11\/rice-miller-unit-installation-drawing-360x270.webp 360w, https:\/\/www.agriculture-machine.com\/wp-content\/uploads\/2023\/11\/rice-miller-unit-installation-drawing-240x180.webp 240w\" sizes=\"auto, (max-width: 720px) 100vw, 720px\" \/><figcaption class=\"wp-element-caption\">Nyligen har v\u00e5r stolta ris-m\u00f6rningsenhet som kan bearbeta 25 ton korn per dag framg\u00e5ngsrikt erbjudits till f\u00f6rs\u00e4ljning igen. Denna linje tar bort st\u00e5lkonstruktionen, vilket g\u00f6r hela enheten mer kompakt och bekv\u00e4m och anpassar sig till alla slags fabriksutrymmen.<\/figcaption><\/figure>    <p>Based on the five different rice miller unit combinations above, it&#8217;s easy to see that your options can be very flexible when it comes to purchasing a machine to process rice. You can choose whether or not to purchase certain additional machines, and you can also adjust some of the machines to suit your preferences. This versatility allows the line to meet rice production scenarios with different processing requirements.<\/p>    <p class=\"translation-block\">F\u00f6r fler konfigurationer av risproduktionslinjen, bes\u00f6k denna webbplats: <a href=\"https:\/\/www.agriculture-machine.com\/sw\/rice-mill-category\/\"><strong>https:\/\/www.agriculture-machine.com\/rice-mill-category\/<\/strong><\/a> och kontakta oss g\u00e4rna f\u00f6r r\u00e5dgivning och offert.<\/p>","protected":false},"excerpt":{"rendered":"<p>Recently, our proud rice miller unit that can process 25 tons of grain per day has been successfully offered for sale again. Different from the traditional design, this production line purposely removes the steel frame configuration, making the whole more compact and convenient, adapting to all kinds of plant space limitations. Of course, we also [&hellip;]<\/p>\n","protected":false},"author":1,"featured_media":15262,"parent":0,"comment_status":"closed","ping_status":"closed","template":"","tags":[796],"product-type":[875,906],"class_list":["post-15261","product","type-product","status-publish","has-post-thumbnail","hentry","tag-rice","product-type-rice-mill-category","product-type-rice-mill-production-line"],"_links":{"self":[{"href":"https:\/\/www.agriculture-machine.com\/sw\/wp-json\/wp\/v2\/product\/15261","targetHints":{"allow":["GET"]}}],"collection":[{"href":"https:\/\/www.agriculture-machine.com\/sw\/wp-json\/wp\/v2\/product"}],"about":[{"href":"https:\/\/www.agriculture-machine.com\/sw\/wp-json\/wp\/v2\/types\/product"}],"author":[{"embeddable":true,"href":"https:\/\/www.agriculture-machine.com\/sw\/wp-json\/wp\/v2\/users\/1"}],"replies":[{"embeddable":true,"href":"https:\/\/www.agriculture-machine.com\/sw\/wp-json\/wp\/v2\/comments?post=15261"}],"wp:featuredmedia":[{"embeddable":true,"href":"https:\/\/www.agriculture-machine.com\/sw\/wp-json\/wp\/v2\/media\/15262"}],"wp:attachment":[{"href":"https:\/\/www.agriculture-machine.com\/sw\/wp-json\/wp\/v2\/media?parent=15261"}],"wp:term":[{"taxonomy":"post_tag","embeddable":true,"href":"https:\/\/www.agriculture-machine.com\/sw\/wp-json\/wp\/v2\/tags?post=15261"},{"taxonomy":"product-type","embeddable":true,"href":"https:\/\/www.agriculture-machine.com\/sw\/wp-json\/wp\/v2\/product-type?post=15261"}],"curies":[{"name":"wp","href":"https:\/\/api.w.org\/{rel}","templated":true}]}}