{"id":15378,"date":"2023-12-08T15:22:17","date_gmt":"2023-12-08T07:22:17","guid":{"rendered":"https:\/\/www.agriculture-machine.com\/?post_type=product&#038;p=15378"},"modified":"2024-09-18T15:45:09","modified_gmt":"2024-09-18T07:45:09","slug":"60tpd-rice-processing-unit","status":"publish","type":"product","link":"https:\/\/www.agriculture-machine.com\/sw\/60tpd-rice-processing-unit\/","title":{"rendered":"Kiwanda kamili cha kusaga mchele cha Tani 50-60 kwa Siku"},"content":{"rendered":"<p>Denne risforedlingslinjen er unikt utformet for \u00e5 h\u00e5ndtere 50-60 tonn paddy per dag, og sikrer h\u00f8y utbytte og kvalitet p\u00e5 ris, og passer for storskala ris-miller eller kornbearbeidingsbedrifter.<\/p>    <p>Denne produksjonslinjen kan tilpasses med ulike konfigurasjoner i henhold til brukerbehov. Den forbedrer ikke bare risproduksjonseffektiviteten, men realiserer ogs\u00e5 betydelige kostnadsbesparelser og gir risprodusenter en p\u00e5litelig, effektiv og avansert produksjonsl\u00f8sning.<\/p>    <figure class=\"wp-block-image size-full\"><img loading=\"lazy\" decoding=\"async\" width=\"720\" height=\"540\" src=\"https:\/\/www.agriculture-machine.com\/wp-content\/uploads\/2023\/12\/60TPD-rice-processing-unit.webp\" alt=\"60TPD risforedlingsenhet.\" class=\"wp-image-15380\" srcset=\"https:\/\/www.agriculture-machine.com\/wp-content\/uploads\/2023\/12\/60TPD-rice-processing-unit.webp 720w, https:\/\/www.agriculture-machine.com\/wp-content\/uploads\/2023\/12\/60TPD-rice-processing-unit-360x270.webp 360w, https:\/\/www.agriculture-machine.com\/wp-content\/uploads\/2023\/12\/60TPD-rice-processing-unit-240x180.webp 240w\" sizes=\"auto, (max-width: 720px) 100vw, 720px\" \/><figcaption class=\"wp-element-caption\">60TPD risforedlingsenhet.<\/figcaption><\/figure>    <h2 class=\"wp-block-heading\">Hovedstruktur av 60TPD risforedlingsenhet.<\/h2>    <p class=\"translation-block\">Komponentene i denne linjen er vist nedenfor. Det er viktig \u00e5 merke seg at i en <strong><a href=\"https:\/\/www.agriculture-machine.com\/sw\/40ton-paddy-husking-and-milling-line\/\">produksjonslinje med en kapasitet p\u00e5 40 tonn per dag<\/a><\/strong>, kan 2 eller 3 rism\u00f8ller brukes, men i dette tilfellet med en kapasitet p\u00e5 50\u201360 tonn, m\u00e5 tre m\u00f8ller brukes.<\/p>    <figure class=\"wp-block-image size-full\"><img loading=\"lazy\" decoding=\"async\" width=\"720\" height=\"540\" src=\"https:\/\/www.agriculture-machine.com\/wp-content\/uploads\/2023\/12\/rice-processing-equipment.webp\" alt=\"risforedlingsutstyr\" class=\"wp-image-15381\" srcset=\"https:\/\/www.agriculture-machine.com\/wp-content\/uploads\/2023\/12\/rice-processing-equipment.webp 720w, https:\/\/www.agriculture-machine.com\/wp-content\/uploads\/2023\/12\/rice-processing-equipment-360x270.webp 360w, https:\/\/www.agriculture-machine.com\/wp-content\/uploads\/2023\/12\/rice-processing-equipment-240x180.webp 240w\" sizes=\"auto, (max-width: 720px) 100vw, 720px\" \/><figcaption class=\"wp-element-caption\">risforedlingsutstyr<\/figcaption><\/figure>    <h2 class=\"wp-block-heading\">Form\u00e5l og krav til risforedling.<\/h2>    <p class=\"translation-block\">Rish\u00f8sting inntar en viktig posisjon i hele <strong><a href=\"https:\/\/www.agriculture-machine.com\/sw\/rice-milling-plant-machine\/\">hvitt ris-prosessering<\/a><\/strong>, som er den viktigste prosessen i risforarbeiding, og ogs\u00e5 en viktig kobling for \u00e5 sikre kvaliteten p\u00e5 risen, forbedre risutbyttet og redusere energiforbruket.<\/p>    <ul class=\"wp-block-list\"> <li>Overflatelaget p\u00e5 brunt ris inneholder mye kostfiber, som menneskekroppen ikke lett ford\u00f8yer; i tillegg absorberer brunt ris ikke lett vann og utvider seg, noe som ikke bare \u00f8ker koketiden, reduserer avkastningen av ris, og fargen er m\u00f8rk, viskositeten er d\u00e5rlig, og smaken er d\u00e5rlig. Derfor m\u00e5 brunt ris fjernes fra skallet gjennom risforedlingsenheten.<\/li>    <li>Grad av skrelle av brunt ris avgj\u00f8r presisjonen av risen. Jo flere skall som fjernes fra brunt ris, jo h\u00f8yere presisjon p\u00e5 den ferdige risen, selv om det betyr st\u00f8rre n\u00e6ringsvinsttaps. Ulike rangeringer av ris, i tillegg til ulike grader av skinnbehold, finnes det andre indikatorer, som inntak av urenheter, \u00f8delagt, osv.<\/li> <\/ul>    <figure class=\"wp-block-image size-full\"><img loading=\"lazy\" decoding=\"async\" width=\"720\" height=\"540\" src=\"https:\/\/www.agriculture-machine.com\/wp-content\/uploads\/2023\/12\/grain-processing-and-rice-polishing-machine.webp\" alt=\"kornbehandling og rispoleringsmaskin.\" class=\"wp-image-15382\" srcset=\"https:\/\/www.agriculture-machine.com\/wp-content\/uploads\/2023\/12\/grain-processing-and-rice-polishing-machine.webp 720w, https:\/\/www.agriculture-machine.com\/wp-content\/uploads\/2023\/12\/grain-processing-and-rice-polishing-machine-360x270.webp 360w, https:\/\/www.agriculture-machine.com\/wp-content\/uploads\/2023\/12\/grain-processing-and-rice-polishing-machine-240x180.webp 240w\" sizes=\"auto, (max-width: 720px) 100vw, 720px\" \/><figcaption class=\"wp-element-caption\">kornbehandling og rispoleringsmaskin.<\/figcaption><\/figure>    <p>I den brune risforarbeidingsenheten kan maskinen v\u00e5r oppn\u00e5 ferdig ris i samsvar med angitte kvalitetsstandarder under forutsetning av \u00e5 opprettholde kornets integritet, redusere \u00f8delagt ris, forbedre risens styrke, redusere kostnader og sikre produksjonssikkerhet.<\/p>    <h2 class=\"wp-block-heading\">Kombinert kommersiell rism\u00f8lle Ferdigprodukt.<\/h2>    <ul class=\"wp-block-list\"> <li>Etter at risraffineringsmaskinen m\u00f8ller hvitt ris, blandet med pinn og \u00f8delagt ris, og risens temperatur er relativt h\u00f8y, noe som ikke bare p\u00e5virker sluttproduktets kvalitet, men ogs\u00e5 er ugunstig for lagring av ris.<\/li>    <li>Derfor m\u00e5 ut av maskinen hvit ris i sluttproduktet f\u00f8r pakking sorteres ut, slik at den ferdige risen inneholder chaff, med brutt rate i samsvar med standardkravene, slik at temperaturen p\u00e5 risen faller innen lagringsomr\u00e5det, men i henhold til nasjonale bestemmelser om sluttprodukt som inneholder brutt standarder til \u00e5 vurdere.<\/li>    <li>In addition, the people&#8217;s standard of living has been improved, and high taste and high-quality rice is gradually favored by consumers so that the rice can be surface treated so that it is crystal clear.<\/li>    <li>Ogs\u00e5 kan fjerne farge i risens kjerne (hovedsakelig gul ris, det vil si kornets indre kjern er gult, og den normale fargen p\u00e5 risens kjerne er forskjellig fra risens kjerne) for \u00e5 \u00f8ke dens kommersielle verdi og forbedre matens kvalitet.<\/li> <\/ul>    <figure class=\"wp-block-image size-full\"><img loading=\"lazy\" decoding=\"async\" width=\"720\" height=\"540\" src=\"https:\/\/www.agriculture-machine.com\/wp-content\/uploads\/2023\/12\/grain-paddy-rice-processing-unit.webp\" alt=\"kornbr\u00f8drisforedlingsenhet.\" class=\"wp-image-15384\" srcset=\"https:\/\/www.agriculture-machine.com\/wp-content\/uploads\/2023\/12\/grain-paddy-rice-processing-unit.webp 720w, https:\/\/www.agriculture-machine.com\/wp-content\/uploads\/2023\/12\/grain-paddy-rice-processing-unit-360x270.webp 360w, https:\/\/www.agriculture-machine.com\/wp-content\/uploads\/2023\/12\/grain-paddy-rice-processing-unit-240x180.webp 240w\" sizes=\"auto, (max-width: 720px) 100vw, 720px\" \/><figcaption class=\"wp-element-caption\">kornbr\u00f8drisforedlingsenhet.<\/figcaption><\/figure>    <h2 class=\"wp-block-heading\">Etter-salg og installasjonsservice.<\/h2>    <ul class=\"wp-block-list\"> <li>Vi kan designe installasjonsutkast i henhold til behandlingsstedet ditt, osv., og kan sikre raske og n\u00f8yaktige installasjonstjenester p\u00e5 stedet etter at du har kj\u00f8pt v\u00e5re risforedlingsenheter.<\/li>    <li>I tillegg tilbyr vi en full treningspakke for \u00e5 sikre at kundene v\u00e5re forst\u00e5r hvordan man riktig bruker og vedlikeholder utstyret.<\/li>    <li>V\u00e5re ettersalgsserviceteamet st\u00e5r alltid klart for \u00e5 sikre at vi raskt kan svare p\u00e5 problemer som oppst\u00e5r i drift av utstyret og tilby fjernst\u00f8tte eller befaring p\u00e5 stedet.<\/li> <\/ul>    <figure class=\"wp-block-image size-full\"><img loading=\"lazy\" decoding=\"async\" width=\"720\" height=\"540\" src=\"https:\/\/www.agriculture-machine.com\/wp-content\/uploads\/2023\/12\/60TPD-rice-processing-unit-drawing.webp\" alt=\"60TPD risforedlingsenhet tegningsboks.\" class=\"wp-image-15383\" srcset=\"https:\/\/www.agriculture-machine.com\/wp-content\/uploads\/2023\/12\/60TPD-rice-processing-unit-drawing.webp 720w, https:\/\/www.agriculture-machine.com\/wp-content\/uploads\/2023\/12\/60TPD-rice-processing-unit-drawing-360x270.webp 360w, https:\/\/www.agriculture-machine.com\/wp-content\/uploads\/2023\/12\/60TPD-rice-processing-unit-drawing-240x180.webp 240w\" sizes=\"auto, (max-width: 720px) 100vw, 720px\" \/><figcaption class=\"wp-element-caption\">60TPD risforedlingsenhet tegningsboks.<\/figcaption><\/figure>    <p>Til slutt kan vi ogs\u00e5 designe og produsere en risforedlingsenhet med produksjonskapasitet p\u00e5 100 tonn per dag, som vist p\u00e5 figuren nedenfor til referanse:<\/p>    <figure class=\"wp-block-image size-full\"><img loading=\"lazy\" decoding=\"async\" width=\"720\" height=\"540\" src=\"https:\/\/www.agriculture-machine.com\/wp-content\/uploads\/2023\/12\/paddy-rice-milling-plant-drawing.webp\" alt=\"riscarying-anlegg tegning.\" class=\"wp-image-15385\" srcset=\"https:\/\/www.agriculture-machine.com\/wp-content\/uploads\/2023\/12\/paddy-rice-milling-plant-drawing.webp 720w, https:\/\/www.agriculture-machine.com\/wp-content\/uploads\/2023\/12\/paddy-rice-milling-plant-drawing-360x270.webp 360w, https:\/\/www.agriculture-machine.com\/wp-content\/uploads\/2023\/12\/paddy-rice-milling-plant-drawing-240x180.webp 240w\" sizes=\"auto, (max-width: 720px) 100vw, 720px\" \/><figcaption class=\"wp-element-caption\">riscarying-anlegg tegning.<\/figcaption><\/figure>    <p>Velkommen til \u00e5 bla gjennom dette nettstedet for \u00e5 f\u00e5 flere forskjellige konfigurasjoner og utfall av risforedling, og du kan alltid kontakte oss for mer parameterinformasjon og prisforesp\u00f8rsler.<\/p>","protected":false},"excerpt":{"rendered":"<p>This rice processing unit production line is uniquely designed to handle 50-60 tons of paddy per day, ensuring high yield and quality of rice, and is suitable for large-scale rice mills or grain processing enterprises. This production line can be customized with different configurations according to user needs. It not only improves rice production efficiency [&hellip;]<\/p>\n","protected":false},"author":1,"featured_media":15379,"parent":0,"comment_status":"closed","ping_status":"closed","template":"","tags":[796],"product-type":[875,906],"class_list":["post-15378","product","type-product","status-publish","has-post-thumbnail","hentry","tag-rice","product-type-rice-mill-category","product-type-rice-mill-production-line"],"_links":{"self":[{"href":"https:\/\/www.agriculture-machine.com\/sw\/wp-json\/wp\/v2\/product\/15378","targetHints":{"allow":["GET"]}}],"collection":[{"href":"https:\/\/www.agriculture-machine.com\/sw\/wp-json\/wp\/v2\/product"}],"about":[{"href":"https:\/\/www.agriculture-machine.com\/sw\/wp-json\/wp\/v2\/types\/product"}],"author":[{"embeddable":true,"href":"https:\/\/www.agriculture-machine.com\/sw\/wp-json\/wp\/v2\/users\/1"}],"replies":[{"embeddable":true,"href":"https:\/\/www.agriculture-machine.com\/sw\/wp-json\/wp\/v2\/comments?post=15378"}],"wp:featuredmedia":[{"embeddable":true,"href":"https:\/\/www.agriculture-machine.com\/sw\/wp-json\/wp\/v2\/media\/15379"}],"wp:attachment":[{"href":"https:\/\/www.agriculture-machine.com\/sw\/wp-json\/wp\/v2\/media?parent=15378"}],"wp:term":[{"taxonomy":"post_tag","embeddable":true,"href":"https:\/\/www.agriculture-machine.com\/sw\/wp-json\/wp\/v2\/tags?post=15378"},{"taxonomy":"product-type","embeddable":true,"href":"https:\/\/www.agriculture-machine.com\/sw\/wp-json\/wp\/v2\/product-type?post=15378"}],"curies":[{"name":"wp","href":"https:\/\/api.w.org\/{rel}","templated":true}]}}