{"id":17495,"date":"2026-03-05T17:40:30","date_gmt":"2026-03-05T09:40:30","guid":{"rendered":"https:\/\/www.agriculture-machine.com\/?post_type=product&#038;p=17495"},"modified":"2026-04-13T15:59:27","modified_gmt":"2026-04-13T07:59:27","slug":"silage-packing-baler","status":"publish","type":"product","link":"https:\/\/www.agriculture-machine.com\/sw\/silage-packing-baler\/","title":{"rendered":"9YDB-60-2 Silage Packing Baler | Baler ya Kufunga Filamu Mbili"},"content":{"rendered":"<p>Mashine ya kufunga silage kwa filamu mbili ya 9YDB-60-2 inayotegemezwa na trekta ni baler ya mzunguko yenye ufanisi wa juu na kifunga safu mbili, iliyotengenezwa mahsusi kwa silage yenye msongamano mkubwa.<\/p>    <p>Produciendo fardos de \u03a6550\u00d7550 mm con pesos de 80-120 kg cada uno, logra una producci\u00f3n de 60-85 fardos por hora. Esto mejora significativamente la calidad de fermentaci\u00f3n del ensilaje y la estabilidad del almacenamiento, mientras minimiza las p\u00e9rdidas de material. <\/p>    <p>Con un accionamiento el\u00e9ctrico y un sistema de cadena de transporte, la m\u00e1quina ofrece operaci\u00f3n directa y estable con bajos costos de mantenimiento, lo que la convierte en una opci\u00f3n ideal para granjas, centros de procesamiento de ensilaje y distribuidores.<\/p>    <figure class=\"wp-block-embed aligncenter is-type-video is-provider-youtube wp-block-embed-youtube wp-embed-aspect-16-9 wp-has-aspect-ratio\"><div class=\"wp-block-embed__wrapper\"> <iframe loading=\"lazy\" title=\"Nueva m\u00e1quina mejorada de balora envolvedora de ensilaje | M\u00e1s r\u00e1pida, m\u00e1s inteligente, m\u00e1s eficiente \ud83c\udf3e\ud83d\ude9c#ensilaje #balorendeensilaje\" width=\"500\" height=\"281\" src=\"https:\/\/www.youtube.com\/embed\/aGn-YblQw_g?feature=oembed\" frameborder=\"0\" allow=\"accelerometer; autoplay; clipboard-write; encrypted-media; gyroscope; picture-in-picture; web-share\" referrerpolicy=\"strict-origin-when-cross-origin\" allowfullscreen><\/iframe> <\/div><figcaption class=\"wp-element-caption\">Video de funcionamiento del nuevo modelo T60 balora envolvedora de ensilaje<\/figcaption><\/figure>    <h2 class=\"wp-block-heading\">Aplicaciones de la empacadora de ensilaje<\/h2>    <p>Hii mashine ya kufunga silage kwa filamu mbili ni sahihi kwa kubana na kufunga vyakula mbalimbali vya silage, ikitumia sana katika sekta zifuatazo:<\/p>    <ul class=\"wp-block-list\"> <li>Granjas y granjas lecheras: para apilar y envolver forraje de ensilaje como mazorcas, pasto y alfalfa.<\/li>    <li>Centros de procesamiento de ensilaje: para la producci\u00f3n y suministro de ensilaje a gran escala.<\/li>    <li>Cooperativas agr\u00edcolas: procesamiento centralizado de recursos de paja de cultivo.<\/li>    <li>Empresas procesadoras de forraje: mejorando la calidad de almacenamiento de ensilaje y su comercializaci\u00f3n.<\/li> <\/ul>    <p>Despu\u00e9s del presento de envoltura y sellado, el ensilaje fermenta en condiciones anaer\u00f3bicas, minimizando la p\u00e9rdida de nutrientes y prolongando la duraci\u00f3n del almacenamiento.<\/p>    <h2 class=\"wp-block-heading\">Ventajas de la m\u00e1quina de balaje y envoltura de ensilaje<\/h2>    <ul class=\"wp-block-list\"> <li>Dise\u00f1o de envoltura de dos capas: mejora la uniformidad de la fermentaci\u00f3n del forraje y prolonga la duraci\u00f3n del almacenamiento.<\/li>    <li>Cadena de transporte   estructura de rodillo: minimiza derrames de material y reduce la p\u00e9rdida de ensilaje.<\/li>    <li>Con motor completamente el\u00e9ctrico: garantiza un funcionamiento suave con costos de mantenimiento reducidos.<\/li>    <li>Dise\u00f1o estructural modular: facilita el mantenimiento de rutina y el diagn\u00f3stico de fallos.<\/li>    <li>Materiales de alta resistencia y rodamientos reforzados: alargan la vida \u00fatil.<\/li>    <li>Control LCD y PLC: operaci\u00f3n intuitiva con configuraciones precisas de par\u00e1metros.<\/li>    <li>Soporte de servicio personalizado: dimensiones y m\u00e9todos de envoltura adaptables a los requisitos del cliente.<\/li>    <li>Dise\u00f1o de gran neum\u00e1tico para remolque con tractor: compatible con remolque de tractor para operaci\u00f3n en praderas o en fosas de ensilaje.<\/li> <\/ul>    <figure class=\"wp-block-gallery has-nested-images columns-default is-cropped wp-block-gallery-2 is-layout-flex wp-block-gallery-is-layout-flex\"> <figure class=\"wp-block-image size-large\"><img loading=\"lazy\" decoding=\"async\" width=\"720\" height=\"540\" data-id=\"17503\" src=\"https:\/\/www.agriculture-machine.com\/wp-content\/uploads\/2026\/03\/round-silage-baler-machine.webp\" alt=\"m\u00e1quina de balas de ensilaje redondo\" class=\"wp-image-17503\" srcset=\"https:\/\/www.agriculture-machine.com\/wp-content\/uploads\/2026\/03\/round-silage-baler-machine.webp 720w, https:\/\/www.agriculture-machine.com\/wp-content\/uploads\/2026\/03\/round-silage-baler-machine-360x270.webp 360w, https:\/\/www.agriculture-machine.com\/wp-content\/uploads\/2026\/03\/round-silage-baler-machine-240x180.webp 240w, https:\/\/www.agriculture-machine.com\/wp-content\/uploads\/2026\/03\/round-silage-baler-machine-16x12.webp 16w\" sizes=\"auto, (max-width: 720px) 100vw, 720px\" \/><figcaption class=\"wp-element-caption\">m\u00e1quina de balas de ensilaje redondo<\/figcaption><\/figure>    <figure class=\"wp-block-image size-large\"><img loading=\"lazy\" decoding=\"async\" width=\"720\" height=\"540\" data-id=\"17502\" src=\"https:\/\/www.agriculture-machine.com\/wp-content\/uploads\/2026\/03\/round-bale-silage-wrapper.webp\" alt=\"envolvedora de ensilaje de fardo redondo\" class=\"wp-image-17502\" srcset=\"https:\/\/www.agriculture-machine.com\/wp-content\/uploads\/2026\/03\/round-bale-silage-wrapper.webp 720w, https:\/\/www.agriculture-machine.com\/wp-content\/uploads\/2026\/03\/round-bale-silage-wrapper-360x270.webp 360w, https:\/\/www.agriculture-machine.com\/wp-content\/uploads\/2026\/03\/round-bale-silage-wrapper-240x180.webp 240w, https:\/\/www.agriculture-machine.com\/wp-content\/uploads\/2026\/03\/round-bale-silage-wrapper-16x12.webp 16w\" sizes=\"auto, (max-width: 720px) 100vw, 720px\" \/><figcaption class=\"wp-element-caption\">envolvedora de ensilaje de fardo redondo<\/figcaption><\/figure> <\/figure>    <h2 class=\"wp-block-heading\">Estructura de la envoltura de la ensiladora de heno redondo<\/h2>    <ul class=\"wp-block-list\"> <li>Sistema de alimentaci\u00f3n y compresi\u00f3n: transporta el forraje mediante una cinta transportadora hacia la c\u00e1mara de balas para la compresi\u00f3n.<\/li>    <li>Sistema de empacado y conformado: comprime el forraje en fardos redondos est\u00e1ndar y realiza la envoltura inicial.<\/li>    <li>Sistema de envoltura de dos capas: completa autom\u00e1ticamente dos capas de film pl\u00e1stico para garantizar la fermentaci\u00f3n sellada del forraje.<\/li>    <li>Sistema de transporte por cadena: garantiza un transporte suave de materiales, minimizando derrames y atascos.<\/li>    <li>Sistema de accionamiento y control: operaci\u00f3n controlada por PLC para empacado, envoltura y descarga.<\/li> <\/ul>    <p>Dise\u00f1o modular y transparente que facilita el mantenimiento directo y garantiza fiabilidad operativa a largo plazo.<\/p>    <figure class=\"wp-block-gallery has-nested-images columns-default is-cropped wp-block-gallery-3 is-layout-flex wp-block-gallery-is-layout-flex\"> <figure class=\"wp-block-image size-large\"><img loading=\"lazy\" decoding=\"async\" width=\"720\" height=\"540\" data-id=\"17500\" src=\"https:\/\/www.agriculture-machine.com\/wp-content\/uploads\/2026\/03\/forage-baler-wrapper-machine.webp\" alt=\"Mashine ya kufunga malisho ya forage\" class=\"wp-image-17500\" srcset=\"https:\/\/www.agriculture-machine.com\/wp-content\/uploads\/2026\/03\/forage-baler-wrapper-machine.webp 720w, https:\/\/www.agriculture-machine.com\/wp-content\/uploads\/2026\/03\/forage-baler-wrapper-machine-360x270.webp 360w, https:\/\/www.agriculture-machine.com\/wp-content\/uploads\/2026\/03\/forage-baler-wrapper-machine-240x180.webp 240w, https:\/\/www.agriculture-machine.com\/wp-content\/uploads\/2026\/03\/forage-baler-wrapper-machine-16x12.webp 16w\" sizes=\"auto, (max-width: 720px) 100vw, 720px\" \/><figcaption class=\"wp-element-caption\">Mashine ya kufunga malisho ya forage<\/figcaption><\/figure>    <figure class=\"wp-block-image size-large\"><img loading=\"lazy\" decoding=\"async\" width=\"720\" height=\"540\" data-id=\"17501\" src=\"https:\/\/www.agriculture-machine.com\/wp-content\/uploads\/2026\/03\/silage-packing-baler-wrapper.webp\" alt=\"envoltura de balas de ensilaje empaquetado\" class=\"wp-image-17501\" srcset=\"https:\/\/www.agriculture-machine.com\/wp-content\/uploads\/2026\/03\/silage-packing-baler-wrapper.webp 720w, https:\/\/www.agriculture-machine.com\/wp-content\/uploads\/2026\/03\/silage-packing-baler-wrapper-360x270.webp 360w, https:\/\/www.agriculture-machine.com\/wp-content\/uploads\/2026\/03\/silage-packing-baler-wrapper-240x180.webp 240w, https:\/\/www.agriculture-machine.com\/wp-content\/uploads\/2026\/03\/silage-packing-baler-wrapper-16x12.webp 16w\" sizes=\"auto, (max-width: 720px) 100vw, 720px\" \/><figcaption class=\"wp-element-caption\">envoltura de balas de ensilaje empaquetado<\/figcaption><\/figure> <\/figure>    <h2 class=\"wp-block-heading\">Principio de funcionamiento de la balora redonda de ensilaje<\/h2>    <ol class=\"wp-block-list\"> <li>El ensilaje entra a la c\u00e1mara de balas a trav\u00e9s de una banda transportadora.<\/li>    <li>El material se comprime en fardos redondos est\u00e1ndar y se somete a un pre-enlace con cuerda o red de pl\u00e1stico.<\/li>    <li>Al terminar la sujeci\u00f3n, la puerta de la c\u00e1mara se abre autom\u00e1ticamente, permitiendo que el fardo redondo entre en la zona de envoltura.<\/li>    <li>Una capa doble de film pl\u00e1stico se envuelve autom\u00e1ticamente en la bala, con espesor y tensi\u00f3n ajustables desde el panel de control PLC.<\/li>    <li>Al terminar la envoltura, la bala se descarga autom\u00e1ticamente.<\/li>    <li>Todo el proceso opera de forma continua, minimizando la intervenci\u00f3n manual y aumentando la eficiencia de producci\u00f3n.<\/li> <\/ol>    <figure class=\"wp-block-gallery has-nested-images columns-default is-cropped wp-block-gallery-4 is-layout-flex wp-block-gallery-is-layout-flex\"> <figure class=\"wp-block-image size-large\"><img loading=\"lazy\" decoding=\"async\" width=\"720\" height=\"540\" data-id=\"17505\" src=\"https:\/\/www.agriculture-machine.com\/wp-content\/uploads\/2026\/03\/silage-wrapping-hay-baler.webp\" alt=\"envoltura de ensilaje para heno balado\" class=\"wp-image-17505\" srcset=\"https:\/\/www.agriculture-machine.com\/wp-content\/uploads\/2026\/03\/silage-wrapping-hay-baler.webp 720w, https:\/\/www.agriculture-machine.com\/wp-content\/uploads\/2026\/03\/silage-wrapping-hay-baler-360x270.webp 360w, https:\/\/www.agriculture-machine.com\/wp-content\/uploads\/2026\/03\/silage-wrapping-hay-baler-240x180.webp 240w, https:\/\/www.agriculture-machine.com\/wp-content\/uploads\/2026\/03\/silage-wrapping-hay-baler-16x12.webp 16w\" sizes=\"auto, (max-width: 720px) 100vw, 720px\" \/><figcaption class=\"wp-element-caption\">envoltura de ensilaje para heno balado<\/figcaption><\/figure>    <figure class=\"wp-block-image size-large\"><img loading=\"lazy\" decoding=\"async\" width=\"720\" height=\"540\" data-id=\"17504\" src=\"https:\/\/www.agriculture-machine.com\/wp-content\/uploads\/2026\/03\/automatic-silage-baler-wrapper.webp\" alt=\"Mashine ya kiotomatiki ya kufunga silage\" class=\"wp-image-17504\" srcset=\"https:\/\/www.agriculture-machine.com\/wp-content\/uploads\/2026\/03\/automatic-silage-baler-wrapper.webp 720w, https:\/\/www.agriculture-machine.com\/wp-content\/uploads\/2026\/03\/automatic-silage-baler-wrapper-360x270.webp 360w, https:\/\/www.agriculture-machine.com\/wp-content\/uploads\/2026\/03\/automatic-silage-baler-wrapper-240x180.webp 240w, https:\/\/www.agriculture-machine.com\/wp-content\/uploads\/2026\/03\/automatic-silage-baler-wrapper-16x12.webp 16w\" sizes=\"auto, (max-width: 720px) 100vw, 720px\" \/><figcaption class=\"wp-element-caption\">Mashine ya kiotomatiki ya kufunga silage<\/figcaption><\/figure> <\/figure>    <h2 class=\"wp-block-heading\">Especificaciones de la empacadora de ensilaje T60<\/h2>    <figure class=\"wp-block-table is-style-stripes\"><table class=\"has-fixed-layout\"><tbody><tr><td><strong>Mfano<\/strong><\/td><td><strong>9YDB-60-2<\/strong><\/td><\/tr><tr><td>Ukubwa wa magunia<\/td><td>\u03a6550\u00d7550 mm<\/td><\/tr><tr><td>Uzito wa Bale<\/td><td>80-120 kg<\/td><\/tr><tr><td>Potencia nominal<\/td><td>7.5kW-6<\/td><\/tr><tr><td>Motor del compresor<\/td><td>3 kW<\/td><\/tr><tr><td>N\u00famero de rollos de pel\u00edcula<\/td><td>14 piezas<\/td><\/tr><tr><td>Cinta transportadora (L\u00d7W)<\/td><td>2500\u00d763 mm<\/td><\/tr><tr><td>Espesor de la pared<\/td><td>8 mm<\/td><\/tr><tr><td>Radio de giro de la pel\u00edcula<\/td><td>775 \u00b15 mm<\/td><\/tr><tr><td>Matokeo<\/td><td>60-85 fardos\/h<\/td><\/tr><tr><td>Peso total<\/td><td>1700 kg<\/td><\/tr><tr><td>Ancho de la pel\u00edcula<\/td><td>600 mm<\/td><\/tr><tr><td>Filamu ya Silage<\/td><td>1800m\u00d7250mm\u00d725\u03bcm<\/td><\/tr><tr><td>N\u00famero de ruedas<\/td><td>2<\/td><\/tr><\/tbody><\/table><figcaption class=\"wp-element-caption\">Par\u00e1metros t\u00e9cnicos de la nueva m\u00e1quina balora envolvedora de ensilaje de tipo nuevo<\/figcaption><\/figure>    <p>La combinaci\u00f3n de balora montada en tractor T60 con alta producci\u00f3n, envoltura de dos capas y accionamiento totalmente el\u00e9ctrico es la opci\u00f3n ideal para granjas y centros de procesamiento de ensilaje.<\/p>    <p class=\"translation-block\">Tambi\u00e9n ofrecemos otros modelos de envoltura de balas, como la <strong><em><a href=\"https:\/\/www.agriculture-machine.com\/sw\/baling-and-wrapping-machine\/\">TZ-55-52 ensiladora de heno redondo<\/a><\/em><\/strong> y la <strong><em><a href=\"https:\/\/www.agriculture-machine.com\/sw\/silage-round-baler-wrapper\/\">9YDB-60 m\u00e1quina de envoltura de ensilaje<\/a><\/em><\/strong>, para satisfacer los diversos requisitos de producci\u00f3n de los clientes. No dude en consultar para comprar en cualquier momento.<\/p>","protected":false},"excerpt":{"rendered":"<p>Kifunga silage kwa filamu mbili cha 9YDB-60-2 kinachozalisha vibao vya mduara vya \u03a655\u00d755 cm kwa kiwango cha vibao 60-85 kwa saa. Kufunga kwa filamu mbili kunahakikisha usafirishaji thabiti wa chakula cha silage.<\/p>","protected":false},"author":1,"featured_media":17506,"parent":0,"comment_status":"open","ping_status":"closed","template":"","tags":[772,591,807],"product-type":[876,908],"class_list":["post-17495","product","type-product","status-publish","has-post-thumbnail","hentry","tag-forage","tag-silage","tag-silage-bale","product-type-silage-machine","product-type-sliage-baler"],"_links":{"self":[{"href":"https:\/\/www.agriculture-machine.com\/sw\/wp-json\/wp\/v2\/product\/17495","targetHints":{"allow":["GET"]}}],"collection":[{"href":"https:\/\/www.agriculture-machine.com\/sw\/wp-json\/wp\/v2\/product"}],"about":[{"href":"https:\/\/www.agriculture-machine.com\/sw\/wp-json\/wp\/v2\/types\/product"}],"author":[{"embeddable":true,"href":"https:\/\/www.agriculture-machine.com\/sw\/wp-json\/wp\/v2\/users\/1"}],"replies":[{"embeddable":true,"href":"https:\/\/www.agriculture-machine.com\/sw\/wp-json\/wp\/v2\/comments?post=17495"}],"wp:featuredmedia":[{"embeddable":true,"href":"https:\/\/www.agriculture-machine.com\/sw\/wp-json\/wp\/v2\/media\/17506"}],"wp:attachment":[{"href":"https:\/\/www.agriculture-machine.com\/sw\/wp-json\/wp\/v2\/media?parent=17495"}],"wp:term":[{"taxonomy":"post_tag","embeddable":true,"href":"https:\/\/www.agriculture-machine.com\/sw\/wp-json\/wp\/v2\/tags?post=17495"},{"taxonomy":"product-type","embeddable":true,"href":"https:\/\/www.agriculture-machine.com\/sw\/wp-json\/wp\/v2\/product-type?post=17495"}],"curies":[{"name":"wp","href":"https:\/\/api.w.org\/{rel}","templated":true}]}}