{"id":3912,"date":"2019-06-16T23:43:24","date_gmt":"2019-06-16T15:43:24","guid":{"rendered":"https:\/\/www.agriculture-machine.com\/?p=3912"},"modified":"2024-09-18T16:12:11","modified_gmt":"2024-09-18T08:12:11","slug":"rope-braiding-machine","status":"publish","type":"product","link":"https:\/\/www.agriculture-machine.com\/sw\/rope-braiding-machine\/","title":{"rendered":"Repande maskin \/ repfl\u00e4tmaskin 2020 NY DESIGN"},"content":{"rendered":"<p class=\"translation-block\"><strong>Repande maskin<\/strong> \u00e4r ett bra verktyg f\u00f6r att fl\u00e4ta rep inklusive repplatta, motor, chassi, ett stort hjul med en rem, och r\u00e5materialet kan vara vetestr\u00e5, risstr\u00e5 och andra gr\u00e4s. Du kan justera diametern p\u00e5 repet genom att byta olika inlopp som ser ut som en trumpet. Det slutliga repet kan anv\u00e4ndas brett f\u00f6r skydd av tr\u00e4d och tegel, gr\u00f6nsaksbuntar, etc.<\/p> <p><img loading=\"lazy\" decoding=\"async\" class=\"alignnone size-full wp-image-3921\" src=\"https:\/\/www.agriculture-machine.com\/wp-content\/uploads\/2019\/06\/rope-making-machine-9.jpg\" alt=\"\" width=\"600\" height=\"500\" srcset=\"https:\/\/www.agriculture-machine.com\/wp-content\/uploads\/2019\/06\/rope-making-machine-9.jpg 600w, https:\/\/www.agriculture-machine.com\/wp-content\/uploads\/2019\/06\/rope-making-machine-9-324x270.jpg 324w\" sizes=\"auto, (max-width: 600px) 100vw, 600px\" \/><\/p> <h2>Teknisk parameter f\u00f6r repande maskin<\/h2> <table> <tbody> <tr> <td width=\"284\">Mfano<\/td> <td width=\"284\">\u00a0\u00a0SL-450<\/td> <\/tr> <tr> <td width=\"284\">Nguvu<\/td> <td width=\"284\">120w,220v,50HZ<\/td> <\/tr> <tr> <td width=\"284\">Diameter<\/td> <td width=\"284\">\u00a04-30mm<\/td> <\/tr> <tr> <td width=\"284\">Uzito wa Netto<\/td> <td width=\"284\">\u00a040kg<\/td> <\/tr> <tr> <td width=\"284\">Uwezo<\/td> <td width=\"284\">\u00a05m\/s<\/td> <\/tr> <tr> <td width=\"284\">Ukubwa<\/td> <td width=\"284\">\u00a097*40*60mm<\/td> <\/tr> <\/tbody> <\/table> <h2>F\u00f6rdel med repande maskin<\/h2> <p class=\"translation-block\">1. <strong>Repande maskin<\/strong> till salu \u00e4r l\u00e4tt att anv\u00e4nda och en person kan avsluta det.<\/p> <ol start=\"2\"> <li>Detta<strong> repfl\u00e4tmaskin<\/strong> hemlagad anv\u00e4nder fullt de bortkastade str\u00e5na eller gr\u00e4sen, vilket f\u00f6rhindrar att de f\u00f6rorenar milj\u00f6n.<\/li> <li>Bred till\u00e4mpning. Det f\u00e4rdiga repet kan anv\u00e4ndas f\u00f6r att skydda tr\u00e4d, bunta gr\u00f6nsaker och dekorera hantverk, etc.<\/li> <li><strong>Repvridningsmaskin<\/strong> \u00e4r mycket liten och l\u00e4mplig f\u00f6r hemmabruk.<\/li> <\/ol> <p><img loading=\"lazy\" decoding=\"async\" class=\"alignnone size-full wp-image-3922\" src=\"https:\/\/www.agriculture-machine.com\/wp-content\/uploads\/2019\/06\/rope-making-machine-10.jpg\" alt=\"\" width=\"600\" height=\"500\" srcset=\"https:\/\/www.agriculture-machine.com\/wp-content\/uploads\/2019\/06\/rope-making-machine-10.jpg 600w, https:\/\/www.agriculture-machine.com\/wp-content\/uploads\/2019\/06\/rope-making-machine-10-324x270.jpg 324w\" sizes=\"auto, (max-width: 600px) 100vw, 600px\" \/><\/p> <h2>Arbetsprincip f\u00f6r repande maskin<\/h2> <ol> <li>Anv\u00e4ndaren placerar str\u00e5na i tv\u00e5 inlopp samtidigt,<\/li> <li>Under den konstanta rotationen av repfl\u00e4tmaskinen, och de tv\u00e5 tjocka repen tvinnas till ett rep.<\/li> <li>Repl\u00e4ngden blir l\u00e4ngre under driften.<\/li> <li>Anv\u00e4ndare kan stoppa driften n\u00e4r diametern n\u00e4stan \u00e4r densamma som de tv\u00e5 inlopp.<\/li> <\/ol> <p>5. Slutligen roterar operat\u00f6ren skruven, flyttar bort fr\u00e5n tv\u00e5 plattor, och sedan kan repet tas fr\u00e5n mittaxeln.<\/p> <p><img loading=\"lazy\" decoding=\"async\" class=\"alignnone size-full wp-image-3915\" src=\"https:\/\/www.agriculture-machine.com\/wp-content\/uploads\/2019\/06\/rope-making-machine-3.jpg\" alt=\"\" width=\"600\" height=\"500\" srcset=\"https:\/\/www.agriculture-machine.com\/wp-content\/uploads\/2019\/06\/rope-making-machine-3.jpg 600w, https:\/\/www.agriculture-machine.com\/wp-content\/uploads\/2019\/06\/rope-making-machine-3-324x270.jpg 324w\" sizes=\"auto, (max-width: 600px) 100vw, 600px\" \/><\/p> <h2>Framg\u00e5ngsrikt fall av repande maskin<\/h2> <p class=\"translation-block\">I b\u00f6rjan av april exporterade vi 20GP<strong> tvinnad repande maskin<\/strong> till Sydafrika och f\u00f6ljande \u00e4r packningsdetaljerna.<\/p> <p><img loading=\"lazy\" decoding=\"async\" class=\"alignnone size-full wp-image-3916\" src=\"https:\/\/www.agriculture-machine.com\/wp-content\/uploads\/2019\/06\/rope-making-machine-4.jpg\" alt=\"\" width=\"600\" height=\"500\" srcset=\"https:\/\/www.agriculture-machine.com\/wp-content\/uploads\/2019\/06\/rope-making-machine-4.jpg 600w, https:\/\/www.agriculture-machine.com\/wp-content\/uploads\/2019\/06\/rope-making-machine-4-324x270.jpg 324w\" sizes=\"auto, (max-width: 600px) 100vw, 600px\" \/><\/p> <p><img loading=\"lazy\" decoding=\"async\" class=\"alignnone size-full wp-image-3917\" src=\"https:\/\/www.agriculture-machine.com\/wp-content\/uploads\/2019\/06\/rope-making-machine-5.jpg\" alt=\"\" width=\"600\" height=\"500\" srcset=\"https:\/\/www.agriculture-machine.com\/wp-content\/uploads\/2019\/06\/rope-making-machine-5.jpg 600w, https:\/\/www.agriculture-machine.com\/wp-content\/uploads\/2019\/06\/rope-making-machine-5-324x270.jpg 324w\" sizes=\"auto, (max-width: 600px) 100vw, 600px\" \/><\/p> <p><img loading=\"lazy\" decoding=\"async\" class=\"alignnone size-full wp-image-3918\" src=\"https:\/\/www.agriculture-machine.com\/wp-content\/uploads\/2019\/06\/rope-making-machine-6.jpg\" alt=\"\" width=\"600\" height=\"500\" srcset=\"https:\/\/www.agriculture-machine.com\/wp-content\/uploads\/2019\/06\/rope-making-machine-6.jpg 600w, https:\/\/www.agriculture-machine.com\/wp-content\/uploads\/2019\/06\/rope-making-machine-6-324x270.jpg 324w\" sizes=\"auto, (max-width: 600px) 100vw, 600px\" \/><\/p> <h2>Vanliga fr\u00e5gor om repande maskin<\/h2> <ol> <li>Kan jag justera diametern p\u00e5 <strong>repfl\u00e4tmaskin<\/strong>?<\/li> <\/ol> <p>Ja, det kan justeras genom att byta olika inlopp, och diametern varierar fr\u00e5n 4-30mm.<\/p> <ol start=\"2\"> <li>Hur m\u00e5nga olika inlopp har ni?<\/li> <\/ol> <p>Vi har 6mm, 7mm, 7.5mm, 8mm, 9mm, 10mm, 11mm, 13mm, 15mm, 20mm och 2.5cm. Du kan v\u00e4lja olika beroende p\u00e5 dina behov.<\/p> <p><img loading=\"lazy\" decoding=\"async\" class=\"alignnone size-full wp-image-3919\" src=\"https:\/\/www.agriculture-machine.com\/wp-content\/uploads\/2019\/06\/rope-making-machine-7.jpg\" alt=\"\" width=\"600\" height=\"500\" srcset=\"https:\/\/www.agriculture-machine.com\/wp-content\/uploads\/2019\/06\/rope-making-machine-7.jpg 600w, https:\/\/www.agriculture-machine.com\/wp-content\/uploads\/2019\/06\/rope-making-machine-7-324x270.jpg 324w\" sizes=\"auto, (max-width: 600px) 100vw, 600px\" \/><\/p> <ol start=\"3\"> <li>Nini malighafi?<\/li> <\/ol> <p>R\u00e5materialet kan vara vetestr\u00e5, risstr\u00e5 och andra gr\u00e4s.<\/p> <ol start=\"4\"> <li>Hur m\u00e5nga inlopp har maskinen?<\/li> <\/ol> <p>Det finns tv\u00e5 inlopp, vilket inneb\u00e4r att r\u00e5materialet kommer att placeras i b\u00e5da sidor av inlopp.<\/p> <p>&nbsp;<\/p> <p>&nbsp;<\/p> <p>&nbsp;<\/p> <p>&nbsp;<\/p>","protected":false},"excerpt":{"rendered":"<p>Rope making machine is a good tool to braid ropes including rope plate, motor, chassis, a big wheel with a belt, and the raw material can be wheat straw, rice straw and other grasses. You can adjust the diameter of the rope by changing different inlets that looks like a trumpet. The final rope can [&hellip;]<\/p>\n","protected":false},"author":1,"featured_media":3921,"parent":0,"comment_status":"closed","ping_status":"closed","template":"","tags":[2620],"product-type":[1,919],"class_list":["post-3912","product","type-product","status-publish","has-post-thumbnail","hentry","tag-rope","product-type-other","product-type-rice-straw-rope-machine"],"_links":{"self":[{"href":"https:\/\/www.agriculture-machine.com\/sw\/wp-json\/wp\/v2\/product\/3912","targetHints":{"allow":["GET"]}}],"collection":[{"href":"https:\/\/www.agriculture-machine.com\/sw\/wp-json\/wp\/v2\/product"}],"about":[{"href":"https:\/\/www.agriculture-machine.com\/sw\/wp-json\/wp\/v2\/types\/product"}],"author":[{"embeddable":true,"href":"https:\/\/www.agriculture-machine.com\/sw\/wp-json\/wp\/v2\/users\/1"}],"replies":[{"embeddable":true,"href":"https:\/\/www.agriculture-machine.com\/sw\/wp-json\/wp\/v2\/comments?post=3912"}],"wp:featuredmedia":[{"embeddable":true,"href":"https:\/\/www.agriculture-machine.com\/sw\/wp-json\/wp\/v2\/media\/3921"}],"wp:attachment":[{"href":"https:\/\/www.agriculture-machine.com\/sw\/wp-json\/wp\/v2\/media?parent=3912"}],"wp:term":[{"taxonomy":"post_tag","embeddable":true,"href":"https:\/\/www.agriculture-machine.com\/sw\/wp-json\/wp\/v2\/tags?post=3912"},{"taxonomy":"product-type","embeddable":true,"href":"https:\/\/www.agriculture-machine.com\/sw\/wp-json\/wp\/v2\/product-type?post=3912"}],"curies":[{"name":"wp","href":"https:\/\/api.w.org\/{rel}","templated":true}]}}