{"id":7979,"date":"2020-11-06T11:28:21","date_gmt":"2020-11-06T03:28:21","guid":{"rendered":"https:\/\/www.agriculture-machine.com\/?p=7979"},"modified":"2025-05-14T17:45:16","modified_gmt":"2025-05-14T09:45:16","slug":"sesame-seed-peeling-machine","status":"publish","type":"product","link":"https:\/\/www.agriculture-machine.com\/sw\/sesame-seed-peeling-machine\/","title":{"rendered":"Mashine ya Kupasua Mbegu za Sesame\u4e28Mashine ya Kupasua Sesame Nyeusi ya Kiotomatiki"},"content":{"rendered":"<p>Sesamfr\u00f6skalningsmaskinen \u00e4r en typ av h\u00f6g effektivitet utrustning som integrerar bl\u00f6tl\u00e4ggning, omr\u00f6rning, skalning och separation, som \u00e4r allm\u00e4nt anv\u00e4nd inom livsmedelsbearbetning, s\u00e5som svart sesam, vit sesam, och s\u00e5 vidare. <\/p>    <p>Med kompakt design och bekv\u00e4m drift kan denna utrustning s\u00e4kerst\u00e4lla att f\u00e4rgen p\u00e5 sesamfr\u00f6partiklarna \u00e4r vit och integritetsgraden \u00e4r \u00f6ver 95%. Den kan realisera en skalningsgrad p\u00e5 80%-85%, vilket \u00e4r den ideala sesambehandlingsutrustningen f\u00f6r livsmedelsbearbetningsfabriker, friterade livsmedelsfabriker och s\u00e5 vidare.<\/p>    <figure class=\"wp-block-embed aligncenter is-type-video is-provider-youtube wp-block-embed-youtube wp-embed-aspect-16-9 wp-has-aspect-ratio\"><div class=\"wp-block-embed__wrapper\"> <iframe loading=\"lazy\" title=\"Automatiserad sesamtv\u00e4ttnings- och skalningsmaskin, enkel drift!#sesam\" width=\"500\" height=\"281\" src=\"https:\/\/www.youtube.com\/embed\/-b8T08_WaI8?feature=oembed\" frameborder=\"0\" allow=\"accelerometer; autoplay; clipboard-write; encrypted-media; gyroscope; picture-in-picture; web-share\" referrerpolicy=\"strict-origin-when-cross-origin\" allowfullscreen><\/iframe> <\/div><figcaption class=\"wp-element-caption\">Video av sesamfr\u00f6skalningsmaskinens drift<\/figcaption><\/figure>    <h2 class=\"wp-block-heading\">H\u00f6jdpunkter f\u00f6r sesamfr\u00f6skalningsmaskin<\/h2>    <ul class=\"wp-block-list\"> <li>Vertikal cylinderdesign, intern kompositlagerstruktur (skalningsbeh\u00e5llare   reng\u00f6ringsbeh\u00e5llare), upptar endast 1\/3 av det traditionella utrustningen.<\/li>    <li>Kompositomr\u00f6rare genom axial framdrivning   radial spridning   ringvridning, f\u00f6r att s\u00e4kerst\u00e4lla att sesamen i skalningsprocessen f\u00e5r en j\u00e4mn kraft, inga kvarvarande d\u00f6da h\u00f6rn, skalningsgraden \u00e4r stabil upp till 80% eller mer.<\/li>    <li>Integrerat PLC-kontrollpanel, justerbar bl\u00f6tl\u00e4ggningstid (10-30min), vattenfl\u00f6desintensitet och andra parametrar.<\/li>    <li>De f\u00e4rdiga sesamfr\u00f6na \u00e4r vita och ljusa, l\u00e4mpliga f\u00f6r sesampasta, sesamolja, bakningsingredienser och andra h\u00f6gv\u00e4rdesproduktionslinjer.<\/li>    <li>Utrustad med cirkulerande vattenfiltreringssystem och negativt tryck dammborttagningsanordning, minskas vattenf\u00f6rbrukningen med 60%, dammutsl\u00e4pp \u2264 10mg\/m\u00b3.<\/li> <\/ul>    <figure class=\"wp-block-gallery has-nested-images columns-default is-cropped wp-block-gallery-2 is-layout-flex wp-block-gallery-is-layout-flex\"> <figure class=\"wp-block-image size-large\"><img loading=\"lazy\" decoding=\"async\" width=\"720\" height=\"540\" data-id=\"12942\" src=\"https:\/\/www.agriculture-machine.com\/wp-content\/uploads\/2022\/04\/seame-washing-and-peeling-machine-1.jpg\" alt=\"sesamtv\u00e4ttnings- och skalningsmaskin \" class=\"wp-image-12942\" title=\"sesamtv\u00e4ttnings- och skalningsmaskin \" srcset=\"https:\/\/www.agriculture-machine.com\/wp-content\/uploads\/2022\/04\/seame-washing-and-peeling-machine-1.jpg 720w, https:\/\/www.agriculture-machine.com\/wp-content\/uploads\/2022\/04\/seame-washing-and-peeling-machine-1-360x270.jpg 360w, https:\/\/www.agriculture-machine.com\/wp-content\/uploads\/2022\/04\/seame-washing-and-peeling-machine-1-240x180.jpg 240w\" sizes=\"auto, (max-width: 720px) 100vw, 720px\" \/><figcaption class=\"wp-element-caption\">sesamtv\u00e4ttnings- och skalningsmaskin <\/figcaption><\/figure>    <figure class=\"wp-block-image size-large\"><img loading=\"lazy\" decoding=\"async\" width=\"720\" height=\"540\" data-id=\"12943\" src=\"https:\/\/www.agriculture-machine.com\/wp-content\/uploads\/2022\/04\/sesame-dehuller0.jpg\" alt=\"sesamavskiljare\" class=\"wp-image-12943\" title=\"sesamavskiljare\" srcset=\"https:\/\/www.agriculture-machine.com\/wp-content\/uploads\/2022\/04\/sesame-dehuller0.jpg 720w, https:\/\/www.agriculture-machine.com\/wp-content\/uploads\/2022\/04\/sesame-dehuller0-360x270.jpg 360w, https:\/\/www.agriculture-machine.com\/wp-content\/uploads\/2022\/04\/sesame-dehuller0-240x180.jpg 240w\" sizes=\"auto, (max-width: 720px) 100vw, 720px\" \/><figcaption class=\"wp-element-caption\">sesamavskiljare<\/figcaption><\/figure> <\/figure>    <h2 class=\"wp-block-heading\" id=\"h-what-is-the-working-principle-of-black-sesame-dehuller\">Struktur och princip f\u00f6r svart sesamavskiljare<\/h2>    <ul class=\"wp-block-list\"> <li>Reducer: driver den kompositblandaren att rotera.<\/li>    <li>Dubbelr\u00f6rsblandare: fullf\u00f6ljer processen f\u00f6r bl\u00f6tl\u00e4ggning, omr\u00f6rning och skalning av sesamfr\u00f6n.<\/li>    <li>Kompositblandare: producera axial, radial och cirkul\u00e4r vridning, f\u00f6rb\u00e4ttra skalningseffektiviteten.<\/li>    <li>Separationssiktplatta: f\u00f6r att realisera separationen av sesamskal och fr\u00f6.<\/li>    <li>Inlopps- och utloppssystem: f\u00f6r att underl\u00e4tta cirkulationen och avloppet av sesam, skal och vatten.<\/li>    <li>Vattenfyllningsr\u00f6rsystem: anv\u00e4nds f\u00f6r att kontrollera vattenm\u00e4ngden i bl\u00f6tl\u00e4ggnings- och reng\u00f6ringsprocessen.<\/li> <\/ul>    <figure class=\"wp-block-gallery has-nested-images columns-2 is-cropped wp-block-gallery-3 is-layout-flex wp-block-gallery-is-layout-flex\"> <figure class=\"wp-block-image size-large\"><img loading=\"lazy\" decoding=\"async\" width=\"720\" height=\"540\" data-id=\"12947\" src=\"https:\/\/www.agriculture-machine.com\/wp-content\/uploads\/2022\/04\/seame-washing-and-peeling-machine1-2.jpg\" alt=\"sesamtv\u00e4ttnings- och skalningsmaskin \" class=\"wp-image-12947\" title=\"sesamtv\u00e4ttnings- och skalningsmaskin \" srcset=\"https:\/\/www.agriculture-machine.com\/wp-content\/uploads\/2022\/04\/seame-washing-and-peeling-machine1-2.jpg 720w, https:\/\/www.agriculture-machine.com\/wp-content\/uploads\/2022\/04\/seame-washing-and-peeling-machine1-2-360x270.jpg 360w, https:\/\/www.agriculture-machine.com\/wp-content\/uploads\/2022\/04\/seame-washing-and-peeling-machine1-2-240x180.jpg 240w\" sizes=\"auto, (max-width: 720px) 100vw, 720px\" \/><figcaption class=\"wp-element-caption\">sesamtv\u00e4ttnings- och skalningsmaskin<\/figcaption><\/figure>    <figure class=\"wp-block-image size-large\"><img loading=\"lazy\" decoding=\"async\" width=\"720\" height=\"540\" data-id=\"12948\" src=\"https:\/\/www.agriculture-machine.com\/wp-content\/uploads\/2022\/04\/sesame-hulling-machine0.jpg\" alt=\"sesamskalningsmaskin\" class=\"wp-image-12948\" title=\"sesamskalningsmaskin\" srcset=\"https:\/\/www.agriculture-machine.com\/wp-content\/uploads\/2022\/04\/sesame-hulling-machine0.jpg 720w, https:\/\/www.agriculture-machine.com\/wp-content\/uploads\/2022\/04\/sesame-hulling-machine0-360x270.jpg 360w, https:\/\/www.agriculture-machine.com\/wp-content\/uploads\/2022\/04\/sesame-hulling-machine0-240x180.jpg 240w\" sizes=\"auto, (max-width: 720px) 100vw, 720px\" \/><figcaption class=\"wp-element-caption\">sesamskalningsmaskin<\/figcaption><\/figure>    <figure class=\"wp-block-image size-large\"><img loading=\"lazy\" decoding=\"async\" width=\"720\" height=\"540\" data-id=\"12949\" src=\"https:\/\/www.agriculture-machine.com\/wp-content\/uploads\/2022\/04\/automatic-sesame-peeling-machine1.jpg\" alt=\"automatisk sesamskalningsmaskin\" class=\"wp-image-12949\" title=\"automatisk sesamskalningsmaskin\" srcset=\"https:\/\/www.agriculture-machine.com\/wp-content\/uploads\/2022\/04\/automatic-sesame-peeling-machine1.jpg 720w, https:\/\/www.agriculture-machine.com\/wp-content\/uploads\/2022\/04\/automatic-sesame-peeling-machine1-360x270.jpg 360w, https:\/\/www.agriculture-machine.com\/wp-content\/uploads\/2022\/04\/automatic-sesame-peeling-machine1-240x180.jpg 240w\" sizes=\"auto, (max-width: 720px) 100vw, 720px\" \/><figcaption class=\"wp-element-caption\">automatisk sesamskalningsmaskin<\/figcaption><\/figure>    <figure class=\"wp-block-image size-large\"><img loading=\"lazy\" decoding=\"async\" width=\"720\" height=\"540\" data-id=\"12950\" src=\"https:\/\/www.agriculture-machine.com\/wp-content\/uploads\/2022\/04\/sesame-cleaning-and-peeling-machine1.jpg\" alt=\"sesamreng\u00f6rings- och skalningsmaskin\" class=\"wp-image-12950\" title=\"sesamreng\u00f6rings- och skalningsmaskin\" srcset=\"https:\/\/www.agriculture-machine.com\/wp-content\/uploads\/2022\/04\/sesame-cleaning-and-peeling-machine1.jpg 720w, https:\/\/www.agriculture-machine.com\/wp-content\/uploads\/2022\/04\/sesame-cleaning-and-peeling-machine1-360x270.jpg 360w, https:\/\/www.agriculture-machine.com\/wp-content\/uploads\/2022\/04\/sesame-cleaning-and-peeling-machine1-240x180.jpg 240w\" sizes=\"auto, (max-width: 720px) 100vw, 720px\" \/><figcaption class=\"wp-element-caption\">sesamreng\u00f6rings- och skalningsmaskin<\/figcaption><\/figure> <figcaption class=\"blocks-gallery-caption wp-element-caption\">black sesame dehuller&#8217;s working principle<\/figcaption><\/figure>    <h2 class=\"wp-block-heading\" id=\"h-working-steps-of-sesame-peeler-machine\">Arbetssteg f\u00f6r sesamfr\u00f6skalningsmaskin<\/h2>    <ol class=\"wp-block-list\"> <li>Bl\u00f6tl\u00e4ggning av f\u00f6rbehandling: bl\u00f6tl\u00e4gg sesamfr\u00f6n blandade med l\u00e4mplig m\u00e4ngd alkaliskt vatten (eller varmt vatten) i 10-13 minuter.<\/li>    <li>Omr\u00f6rningsskalning: h\u00e4ll de bl\u00f6tlagda sesamfr\u00f6na i skalningsbeh\u00e5llaren, starta omr\u00f6raren i 3-5 minuter av h\u00f6g hastighet.<\/li>    <li>Separera skalet fr\u00e5n k\u00e4rnan: anv\u00e4nd separationssiktplattan f\u00f6r att beh\u00e5lla fr\u00f6et och ta bort de skalade sesamfr\u00f6na.<\/li>    <li>In i tv\u00e4tttrumman: sesamfr\u00f6n g\u00e5r in i tv\u00e4tttrumman genom ventilen, tills\u00e4tt cirka 1\/3 vatten (sesamfr\u00f6n: vatten = 3:1), omr\u00f6r i 5-10 minuter.<\/li>    <li>Reng\u00f6ring och dr\u00e4nering av skalet: \u00f6ppna bottenavloppsventilen, dr\u00e4nera skalet medan du matar in vatten f\u00f6r att s\u00e4kerst\u00e4lla att sesamk\u00e4rnan \u00e4r ren.<\/li>    <li>Utsl\u00e4ppssamling: \u00f6ppna utsl\u00e4ppsporten efter dr\u00e4nering, samla in den bearbetade sesamk\u00e4rnan.<\/li> <\/ol>    <figure class=\"wp-block-embed aligncenter is-type-video is-provider-youtube wp-block-embed-youtube wp-embed-aspect-16-9 wp-has-aspect-ratio\"><div class=\"wp-block-embed__wrapper\"> <iframe loading=\"lazy\" title=\"svart sesamfr\u00f6skalningsmaskin\/sesamreng\u00f6ringsmaskin\/sesamfr\u00f6reinigingsprocess\/sesamskalare\" width=\"500\" height=\"281\" src=\"https:\/\/www.youtube.com\/embed\/nry_H53-UTE?feature=oembed\" frameborder=\"0\" allow=\"accelerometer; autoplay; clipboard-write; encrypted-media; gyroscope; picture-in-picture; web-share\" referrerpolicy=\"strict-origin-when-cross-origin\" allowfullscreen><\/iframe> <\/div><figcaption class=\"wp-element-caption\">arbetsvideo av en sesamfr\u00f6skalningsmaskin<\/figcaption><\/figure>    <p>Sesamfr\u00f6n beh\u00f6ver inte skalas n\u00e4r de mals till s\u00e5s och pressas f\u00f6r olja, och n\u00e4r de anv\u00e4nds i livsmedelsindustrin b\u00f6r de skalas.<\/p>    <h2 class=\"wp-block-heading\">Tekniska parametrar f\u00f6r sesamskalningsmaskin<\/h2>    <figure class=\"wp-block-table is-style-stripes\"><table class=\"has-fixed-layout\"><tbody><tr><td>Maskinnamn<\/td><td>Sesamavskiljningsmaskin<\/td><\/tr><tr><td>Nguvu<\/td><td>Skalningsmotor 2.2kw ,<br>Separationsmotor 1.5 kw<\/td><\/tr><tr><td>Uwezo<\/td><td>400-500kg\/h<br>30-50kg\/fat<\/td><\/tr><tr><td>Skalningsgrad<\/td><td>80%-85%<\/td><\/tr><tr><td>Uzito<\/td><td>500kg<\/td><\/tr><tr><td>Ukubwa<\/td><td>1400*700*2000mm<\/td><\/tr><tr><td>Maskinmaterial<\/td><td>Tillverkad av rostfritt st\u00e5l<\/td><\/tr><\/tbody><\/table><figcaption class=\"wp-element-caption\">Detaljerad parameterinformation om sesamfr\u00f6skalningsmaskinen<\/figcaption><\/figure>    <h2 class=\"wp-block-heading\" id=\"h-the-purpose-of-peeling-sesame\"><a href=\"https:\/\/www.agriculture-machine.com\/sw\/why-sesame-seeds-need-to-peel\/\">Syftet med att skala sesam<\/a><\/h2>    <p>Sesam beh\u00f6ver kanske inte skalas vid allm\u00e4n oljeproduktion, men om den konsumeras direkt eller anv\u00e4nds f\u00f6r vidare bearbetning \u00e4r skalning s\u00e4rskilt viktigt. Sk\u00e4len \u00e4r f\u00f6ljande:<\/p>    <ul class=\"wp-block-list\"> <li>Det yttre skalet av sesamfr\u00f6n inneh\u00e5ller h\u00f6g fiber och oxalat (ungef\u00e4r 2%-3% kalciumoxalatkomplex), vilket inte l\u00e4tt absorberas av kroppen.<\/li>    <li>Skalade sesamfr\u00f6n \u00e4r l\u00e4ttare att sm\u00e4lta och absorbera av kroppen, med h\u00f6gre utnyttjande av protein och mineraler.<\/li>    <li>Skalade sesamfr\u00f6n \u00e4r vita i f\u00e4rgen, fina i texturen, b\u00e4ttre i smaken och mer l\u00e4mpliga f\u00f6r sesams\u00e5s, sesampasta, bakverk och annan livsmedelsproduktion.<\/li> <\/ul>    <h2 class=\"wp-block-heading\" id=\"h-the-wide-application-of-peeled-sesame\"><a href=\"https:\/\/www.agriculture-machine.com\/sw\/sesame-seeds-peeling-machine-are-widely-used-in-food-processing\/\">Bred till\u00e4mpning av skalad sesam<\/a><\/h2>    <p>Skalad sesam har ett brett anv\u00e4ndningsomr\u00e5de, fr\u00e4mst inom livsmedels- och cateringrelaterade industrier. S\u00e5som br\u00f6d, hamburgare, kex, Shaqima, tahini, sesamolja, mj\u00f6lkakor, etc.<\/p>    <figure class=\"wp-block-image aligncenter size-full wp-image-7981\"><img loading=\"lazy\" decoding=\"async\" width=\"720\" height=\"540\" src=\"https:\/\/www.agriculture-machine.com\/wp-content\/uploads\/2020\/11\/The-Application-of-peeled-sesame.jpg\" alt=\"Till\u00e4mpningen av skalade sesamfr\u00f6n\" class=\"wp-image-7981\" srcset=\"https:\/\/www.agriculture-machine.com\/wp-content\/uploads\/2020\/11\/The-Application-of-peeled-sesame.jpg 720w, https:\/\/www.agriculture-machine.com\/wp-content\/uploads\/2020\/11\/The-Application-of-peeled-sesame-360x270.jpg 360w, https:\/\/www.agriculture-machine.com\/wp-content\/uploads\/2020\/11\/The-Application-of-peeled-sesame-240x180.jpg 240w\" sizes=\"auto, (max-width: 720px) 100vw, 720px\" \/><figcaption class=\"wp-element-caption\">Till\u00e4mpningen av skalade sesamfr\u00f6n<\/figcaption><\/figure>    <h2 class=\"wp-block-heading\" id=\"h-installation-and-maintenance-of-the-sesame-seed-peeling-machine\">Installation och underh\u00e5ll av sesamavskiljningsmaskin<\/h2>    <p class=\"translation-block\"><strong>Installationskrav:<\/strong><\/p>    <ul class=\"wp-block-list\"> <li>F\u00f6r initial installation b\u00f6r sesamfr\u00f6skalningsmaskinen vara n\u00e4ra en vattenk\u00e4lla, en str\u00f6mk\u00e4lla och bra dr\u00e4neringsanl\u00e4ggningar.<\/li>    <li>Anslut inloppsr\u00f6ret till vattenk\u00e4llan. Om vattentrycket inte \u00e4r tillr\u00e4ckligt beh\u00f6ver det utrustas med en tryck\u00f6kande pump.<\/li>    <li>Efter att ha anslutit str\u00f6mf\u00f6rs\u00f6rjningen, kontrollera om utrustningen fungerar normalt.<\/li> <\/ul>    <p class=\"translation-block\"><strong>Dagligt underh\u00e5ll:<\/strong><\/p>    <ul class=\"wp-block-list\"> <li>Reng\u00f6r sesamfr\u00f6skalningsmaskinens rester efter varje anv\u00e4ndning och h\u00e5ll maskinkroppen prydlig.<\/li>    <li>Spola ytan p\u00e5 separationssk\u00e4rmen med vatten, om det finns blockering, anv\u00e4nd h\u00f6gtryckstv\u00e4tt f\u00f6r att spola.<\/li>    <li>Hastighetsreduceraren beh\u00f6ver byta ut sm\u00f6rjoljan regelbundet f\u00f6r att s\u00e4kerst\u00e4lla smidig drift.<\/li>    <li>Kontrollera regelbundet om delarna \u00e4r slitna och byt ut f\u00f6rbrukningsvaror (som blad, siktmask, etc.) i tid.<\/li> <\/ul>    <figure class=\"wp-block-gallery has-nested-images columns-default is-cropped wp-block-gallery-4 is-layout-flex wp-block-gallery-is-layout-flex\"> <figure class=\"wp-block-image size-large\"><img loading=\"lazy\" decoding=\"async\" width=\"720\" height=\"540\" data-id=\"16411\" src=\"https:\/\/www.agriculture-machine.com\/wp-content\/uploads\/2020\/11\/sesame-seed-washer-and-peeler.webp\" alt=\"sesamfr\u00f6 tv\u00e4ttare och skalare\" class=\"wp-image-16411\" srcset=\"https:\/\/www.agriculture-machine.com\/wp-content\/uploads\/2020\/11\/sesame-seed-washer-and-peeler.webp 720w, https:\/\/www.agriculture-machine.com\/wp-content\/uploads\/2020\/11\/sesame-seed-washer-and-peeler-360x270.webp 360w, https:\/\/www.agriculture-machine.com\/wp-content\/uploads\/2020\/11\/sesame-seed-washer-and-peeler-240x180.webp 240w, https:\/\/www.agriculture-machine.com\/wp-content\/uploads\/2020\/11\/sesame-seed-washer-and-peeler-16x12.webp 16w\" sizes=\"auto, (max-width: 720px) 100vw, 720px\" \/><figcaption class=\"wp-element-caption\">sesamfr\u00f6 tv\u00e4ttare och skalare<\/figcaption><\/figure>    <figure class=\"wp-block-image size-full\"><img loading=\"lazy\" decoding=\"async\" width=\"720\" height=\"540\" data-id=\"16412\" src=\"https:\/\/www.agriculture-machine.com\/wp-content\/uploads\/2020\/11\/sesame-washing-and-peeling-machine.webp\" alt=\"sesamtv\u00e4ttnings- och skalningsmaskin\" class=\"wp-image-16412\" srcset=\"https:\/\/www.agriculture-machine.com\/wp-content\/uploads\/2020\/11\/sesame-washing-and-peeling-machine.webp 720w, https:\/\/www.agriculture-machine.com\/wp-content\/uploads\/2020\/11\/sesame-washing-and-peeling-machine-360x270.webp 360w, https:\/\/www.agriculture-machine.com\/wp-content\/uploads\/2020\/11\/sesame-washing-and-peeling-machine-240x180.webp 240w, https:\/\/www.agriculture-machine.com\/wp-content\/uploads\/2020\/11\/sesame-washing-and-peeling-machine-16x12.webp 16w\" sizes=\"auto, (max-width: 720px) 100vw, 720px\" \/><figcaption class=\"wp-element-caption\">sesamtv\u00e4ttnings- och skalningsmaskin<\/figcaption><\/figure> <\/figure>    <h2 class=\"wp-block-heading\" id=\"h-other-applications-of-sesame-cleaning-and-peeling-machine\">Andra till\u00e4mpningar av sesamreng\u00f6rings- och skalningsmaskinen<\/h2>    <p>En sesamfr\u00f6skalningsmaskin kan ocks\u00e5 anv\u00e4ndas f\u00f6r att skala pumpafr\u00f6n. Principen f\u00f6r pumpaskalning \u00e4r densamma som f\u00f6r sesamskalning, och samma maskin anv\u00e4nds. <\/p>    <p>It&#8217;s just that different people will call different names. Some people will specifically call him a pumpkin seeds dehulling machine. So let&#8217;s take a look at how the pumpkin is peeled, and the effect of peeling.<\/p>    <figure class=\"wp-block-embed aligncenter is-type-video is-provider-youtube wp-block-embed-youtube wp-embed-aspect-16-9 wp-has-aspect-ratio\"><div class=\"wp-block-embed__wrapper\"> <iframe loading=\"lazy\" title=\"Skalning av pumpafr\u00f6\/pumpafr\u00f6avskiljningsmaskin\/hur man skalpumpafr\u00f6.\" width=\"500\" height=\"281\" src=\"https:\/\/www.youtube.com\/embed\/0y8TtwI3woc?feature=oembed\" frameborder=\"0\" allow=\"accelerometer; autoplay; clipboard-write; encrypted-media; gyroscope; picture-in-picture; web-share\" referrerpolicy=\"strict-origin-when-cross-origin\" allowfullscreen><\/iframe> <\/div><\/figure>    <h2 class=\"wp-block-heading\">Sesamskalningsmaskin s\u00e5ld till Tanzania<\/h2>    <p>En av v\u00e5ra kunder kommer fr\u00e5n Tanzania. Han driver en sesambearbetningsanl\u00e4ggning som s\u00e4ljer avskilda sesamfr\u00f6n till olika livsmedelsproducenter.<\/p>    <p>Enligt hans kapacitetsbehov f\u00f6resl\u00e5r vi 5 upps\u00e4ttningar av sesamfr\u00f6skalningsmaskinen som arbetar samtidigt. Nedan finns bilder p\u00e5 packning och frakt.<\/p>    <figure class=\"wp-block-gallery has-nested-images columns-2 is-cropped wp-block-gallery-5 is-layout-flex wp-block-gallery-is-layout-flex\"> <figure class=\"wp-block-image size-large\"><img loading=\"lazy\" decoding=\"async\" width=\"720\" height=\"540\" data-id=\"12961\" src=\"https:\/\/www.agriculture-machine.com\/wp-content\/uploads\/2022\/04\/high-quality-sesame-peeling-machine0.jpg\" alt=\"h\u00f6gkvalitativ sesamskalningsmaskin\" class=\"wp-image-12961\" title=\"h\u00f6gkvalitativ sesamskalningsmaskin\" srcset=\"https:\/\/www.agriculture-machine.com\/wp-content\/uploads\/2022\/04\/high-quality-sesame-peeling-machine0.jpg 720w, https:\/\/www.agriculture-machine.com\/wp-content\/uploads\/2022\/04\/high-quality-sesame-peeling-machine0-360x270.jpg 360w, https:\/\/www.agriculture-machine.com\/wp-content\/uploads\/2022\/04\/high-quality-sesame-peeling-machine0-240x180.jpg 240w\" sizes=\"auto, (max-width: 720px) 100vw, 720px\" \/><figcaption class=\"wp-element-caption\">h\u00f6gkvalitativ sesamskalningsmaskin<\/figcaption><\/figure>    <figure class=\"wp-block-image size-large\"><img loading=\"lazy\" decoding=\"async\" width=\"720\" height=\"540\" data-id=\"12962\" src=\"https:\/\/www.agriculture-machine.com\/wp-content\/uploads\/2022\/04\/packing-of-the-sesame-peeling-machine0.jpg\" alt=\"packning av sesamskalningsmaskinen\" class=\"wp-image-12962\" title=\"packning av sesamskalningsmaskinen\" srcset=\"https:\/\/www.agriculture-machine.com\/wp-content\/uploads\/2022\/04\/packing-of-the-sesame-peeling-machine0.jpg 720w, https:\/\/www.agriculture-machine.com\/wp-content\/uploads\/2022\/04\/packing-of-the-sesame-peeling-machine0-360x270.jpg 360w, https:\/\/www.agriculture-machine.com\/wp-content\/uploads\/2022\/04\/packing-of-the-sesame-peeling-machine0-240x180.jpg 240w\" sizes=\"auto, (max-width: 720px) 100vw, 720px\" \/><figcaption class=\"wp-element-caption\">packning av sesamskalningsmaskinen<\/figcaption><\/figure>    <figure class=\"wp-block-image size-large\"><img loading=\"lazy\" decoding=\"async\" width=\"720\" height=\"540\" data-id=\"12963\" src=\"https:\/\/www.agriculture-machine.com\/wp-content\/uploads\/2022\/04\/wooden-case-packing-of-sesame-peeler1.jpg\" alt=\"tr\u00e4f\u00f6rpackning av sesamskalare\" class=\"wp-image-12963\" title=\"tr\u00e4f\u00f6rpackning av sesamskalare\" srcset=\"https:\/\/www.agriculture-machine.com\/wp-content\/uploads\/2022\/04\/wooden-case-packing-of-sesame-peeler1.jpg 720w, https:\/\/www.agriculture-machine.com\/wp-content\/uploads\/2022\/04\/wooden-case-packing-of-sesame-peeler1-360x270.jpg 360w, https:\/\/www.agriculture-machine.com\/wp-content\/uploads\/2022\/04\/wooden-case-packing-of-sesame-peeler1-240x180.jpg 240w\" sizes=\"auto, (max-width: 720px) 100vw, 720px\" \/><figcaption class=\"wp-element-caption\">tr\u00e4f\u00f6rpackning av sesamskalare<\/figcaption><\/figure>    <figure class=\"wp-block-image size-large\"><img loading=\"lazy\" decoding=\"async\" width=\"720\" height=\"540\" data-id=\"12965\" src=\"https:\/\/www.agriculture-machine.com\/wp-content\/uploads\/2022\/04\/shipping-of-sesame-seed-washing-peeling-machine-tuya_720_540.jpg\" alt=\"frakt av sesamfr\u00f6 tv\u00e4ttnings- och skalningsmaskin \" class=\"wp-image-12965\" title=\"frakt av sesamfr\u00f6 tv\u00e4ttnings- och skalningsmaskin \" srcset=\"https:\/\/www.agriculture-machine.com\/wp-content\/uploads\/2022\/04\/shipping-of-sesame-seed-washing-peeling-machine-tuya_720_540.jpg 720w, https:\/\/www.agriculture-machine.com\/wp-content\/uploads\/2022\/04\/shipping-of-sesame-seed-washing-peeling-machine-tuya_720_540-360x270.jpg 360w, https:\/\/www.agriculture-machine.com\/wp-content\/uploads\/2022\/04\/shipping-of-sesame-seed-washing-peeling-machine-tuya_720_540-240x180.jpg 240w\" sizes=\"auto, (max-width: 720px) 100vw, 720px\" \/><figcaption class=\"wp-element-caption\">frakt av sesamfr\u00f6 tv\u00e4ttnings- och skalningsmaskin<\/figcaption><\/figure> <\/figure>    <p>Om du har n\u00e5gra fr\u00e5gor eller behov ang\u00e5ende denna sesamfr\u00f6skalningsmaskin, tveka inte att kontakta oss. Vi lovar att svara snabbt och besvara alla dina fr\u00e5gor t\u00e5lmodigt och \u00e4r dedikerade till att ge dig professionellt st\u00f6d och service. Vi ser fram emot att samarbeta med dig!<\/p>","protected":false},"excerpt":{"rendered":"<p>Mashine ya kuosha na kupasua sesame ni vifaa vya kitaalamu katika mchakato wa kupasua sesame. Na kusudi lake kuu ni kuosha, kupasua na kutenganisha ngozi na kiini. <\/p>","protected":false},"author":1,"featured_media":12934,"parent":0,"comment_status":"closed","ping_status":"closed","template":"","tags":[788,785],"product-type":[874,903],"class_list":["post-7979","product","type-product","status-publish","has-post-thumbnail","hentry","tag-pumpkin-seed","tag-sesame","product-type-grains-peeling-machine","product-type-sesame-washing-and-peeling-machine"],"_links":{"self":[{"href":"https:\/\/www.agriculture-machine.com\/sw\/wp-json\/wp\/v2\/product\/7979","targetHints":{"allow":["GET"]}}],"collection":[{"href":"https:\/\/www.agriculture-machine.com\/sw\/wp-json\/wp\/v2\/product"}],"about":[{"href":"https:\/\/www.agriculture-machine.com\/sw\/wp-json\/wp\/v2\/types\/product"}],"author":[{"embeddable":true,"href":"https:\/\/www.agriculture-machine.com\/sw\/wp-json\/wp\/v2\/users\/1"}],"replies":[{"embeddable":true,"href":"https:\/\/www.agriculture-machine.com\/sw\/wp-json\/wp\/v2\/comments?post=7979"}],"wp:featuredmedia":[{"embeddable":true,"href":"https:\/\/www.agriculture-machine.com\/sw\/wp-json\/wp\/v2\/media\/12934"}],"wp:attachment":[{"href":"https:\/\/www.agriculture-machine.com\/sw\/wp-json\/wp\/v2\/media?parent=7979"}],"wp:term":[{"taxonomy":"post_tag","embeddable":true,"href":"https:\/\/www.agriculture-machine.com\/sw\/wp-json\/wp\/v2\/tags?post=7979"},{"taxonomy":"product-type","embeddable":true,"href":"https:\/\/www.agriculture-machine.com\/sw\/wp-json\/wp\/v2\/product-type?post=7979"}],"curies":[{"name":"wp","href":"https:\/\/api.w.org\/{rel}","templated":true}]}}