{"id":9960,"date":"2021-04-16T10:56:11","date_gmt":"2021-04-16T02:56:11","guid":{"rendered":"https:\/\/www.agriculture-machine.com\/?p=9960"},"modified":"2024-09-23T11:21:59","modified_gmt":"2024-09-23T03:21:59","slug":"garlic-planting-machine-garlic-planter-for-sale-method-of-planting-garlic","status":"publish","type":"product","link":"https:\/\/www.agriculture-machine.com\/sw\/garlic-planting-machine-garlic-planter-for-sale-method-of-planting-garlic\/","title":{"rendered":"Mashine ya kupanda vitunguu saumu | Mashine ya kupanda vitunguu saumu inauzwa"},"content":{"rendered":"<h2 class=\"wp-block-heading\">Kort introduktion av vitl\u00f6ksplanteringsmaskinen<\/h2>    <p class=\"translation-block\"><strong>Vitl\u00f6ksplanteringsmaskinen<\/strong> \u00e4r en typ av jordbrukspall som \u00e4r l\u00e4mplig f\u00f6r storskalig och mekaniserad vitl\u00f6kplantering. Olika typer av vitl\u00f6ksplanterare \u00e4r utrustade med olika effekt.<\/p>    <p>Denna vitl\u00f6ksplanteringsmaskin \u00e4r utrustad med ett exakt positionssystem f\u00f6r att s\u00e4kerst\u00e4lla att varje vitl\u00f6ksfr\u00f6 placeras och planteras noggrant, vilket maximerar s\u00e5framg\u00e5ngen.<\/p>    <figure class=\"wp-block-embed is-type-video is-provider-youtube wp-block-embed-youtube wp-embed-aspect-16-9 wp-has-aspect-ratio\"><div class=\"wp-block-embed__wrapper\"> <iframe loading=\"lazy\" title=\"Vitl\u00f6ksplanterare, vitl\u00f6ksplanteringsmaskin, Automatisk vitl\u00f6ksplantering, Vitl\u00f6ks\u00ads\u00e4ttningsmetod\" width=\"500\" height=\"281\" src=\"https:\/\/www.youtube.com\/embed\/aze8r_tBbwc?feature=oembed\" frameborder=\"0\" allow=\"accelerometer; autoplay; clipboard-write; encrypted-media; gyroscope; picture-in-picture; web-share\" referrerpolicy=\"strict-origin-when-cross-origin\" allowfullscreen><\/iframe> <\/div><figcaption class=\"wp-element-caption\">effektiv vitl\u00f6ksplanteringsmaskin arbetst\u00e4lle<\/figcaption><\/figure>    <p class=\"translation-block\">Det kan vara utrustad med en bensinmotor f\u00f6r oberoende bruk, eller den kan anv\u00e4ndas tillsammans med sm\u00e5 och medelstora <a href=\"https:\/\/www.agriculture-machine.com\/sw\/walking-tractor-simplicity-walking-tractor\/\">jordbrukstraktorer<\/a> som vanligt anv\u00e4nds av b\u00f6nder. Att plantera vitl\u00f6k manuellt har l\u00e5g effektivitet och h\u00f6g tidskostnad. Att anv\u00e4nda en mekanisk vitl\u00f6ksplanterare kan spara plantningsarbete och ge st\u00f6rre ekonomiska f\u00f6rdelar.<\/p>    <figure class=\"wp-block-image aligncenter size-full wp-image-9977\"><img loading=\"lazy\" decoding=\"async\" width=\"720\" height=\"540\" src=\"https:\/\/www.agriculture-machine.com\/wp-content\/uploads\/2021\/04\/plant-garlic.jpg\" alt=\"plantera vitl\u00f6k\" class=\"wp-image-9977\" srcset=\"https:\/\/www.agriculture-machine.com\/wp-content\/uploads\/2021\/04\/plant-garlic.jpg 720w, https:\/\/www.agriculture-machine.com\/wp-content\/uploads\/2021\/04\/plant-garlic-360x270.jpg 360w, https:\/\/www.agriculture-machine.com\/wp-content\/uploads\/2021\/04\/plant-garlic-240x180.jpg 240w\" sizes=\"auto, (max-width: 720px) 100vw, 720px\" \/><figcaption class=\"wp-element-caption\">plantera vitl\u00f6k<\/figcaption><\/figure>    <h2 class=\"wp-block-heading\">Struktur av vitl\u00f6ks\u00ads\u00e4ttningsmaskin<\/h2>    <p>Vitl\u00f6ksplanteraren best\u00e5r av l\u00e5dor f\u00f6r vitl\u00f6k, transportband, framhjul, bakhjul, reducerare, skivkolt, transmissionskedja, v\u00e4xel, avst\u00e5ndsreglering, djupjustering och s\u00e5 vidare.<\/p>    <p>Fram- och bakhjulen kan j\u00e4mna ut marken. Skivkolten \u00e4r ansvarig f\u00f6r att gr\u00e4va diken s\u00e5 att fr\u00f6na kan g\u00f6mmas. Djupet p\u00e5 diken och avst\u00e5ndet mellan arter kan justeras av er sj\u00e4lva. V\u00e4xlar- och transport\u00f6ren ansvarar f\u00f6r att transportera fr\u00f6na. Den automatiska driftprocessen g\u00f6r groning av vitl\u00f6k enklare.<\/p>    <figure class=\"wp-block-image aligncenter size-full wp-image-9976\"><img loading=\"lazy\" decoding=\"async\" width=\"720\" height=\"540\" src=\"https:\/\/www.agriculture-machine.com\/wp-content\/uploads\/2021\/04\/structure-of-garlic-planter.jpg\" alt=\"Struktur av vitl\u00f6ksplanteringsmaskin\" class=\"wp-image-9976\" srcset=\"https:\/\/www.agriculture-machine.com\/wp-content\/uploads\/2021\/04\/structure-of-garlic-planter.jpg 720w, https:\/\/www.agriculture-machine.com\/wp-content\/uploads\/2021\/04\/structure-of-garlic-planter-360x270.jpg 360w, https:\/\/www.agriculture-machine.com\/wp-content\/uploads\/2021\/04\/structure-of-garlic-planter-240x180.jpg 240w\" sizes=\"auto, (max-width: 720px) 100vw, 720px\" \/><figcaption class=\"wp-element-caption\">Struktur av vitl\u00f6ksplanteringsmaskin<\/figcaption><\/figure>    <h2 class=\"wp-block-heading\">F\u00f6rdelar med att anv\u00e4nda vitl\u00f6ksplanterare<\/h2>    <p>1. Den effektiva och rimliga konfigurationen av maskinen s\u00e4kerst\u00e4ller en stabil, p\u00e5litlig och effektiv drift.<br>2. Justera snabbt riktningen p\u00e5 vitl\u00f6ksfr\u00f6na s\u00e5 att fr\u00f6na \u00e4r v\u00e4nda upp\u00e5t f\u00f6r att s\u00e4kerst\u00e4lla \u00f6verlevnad vid plantering.<br>3. Automatisk vitl\u00f6ksplantering kan spara arbetskostnader. Planteringsomr\u00e5det \u00e4r stort, och det \u00e4r dyrt att anv\u00e4nda manuell plantering. Maskinernas anv\u00e4ndning kan spara kostnader och \u00f6ka ekonomisk effektivitet.<br>4. T\u00e4thet av plantering \u00e4r rimlig och s\u00e5dden \u00e4r j\u00e4mn. F\u00f6rb\u00e4ttra \u00f6verlevnadsgraden f\u00f6r plantering och vitl\u00f6ksplanteringsavkastning.<\/p>    <figure class=\"wp-block-image aligncenter size-full wp-image-9978\"><img loading=\"lazy\" decoding=\"async\" width=\"720\" height=\"540\" src=\"https:\/\/www.agriculture-machine.com\/wp-content\/uploads\/2021\/04\/garlic-harvesting.jpg\" alt=\"vitl\u00f6ksuttagning\" class=\"wp-image-9978\" srcset=\"https:\/\/www.agriculture-machine.com\/wp-content\/uploads\/2021\/04\/garlic-harvesting.jpg 720w, https:\/\/www.agriculture-machine.com\/wp-content\/uploads\/2021\/04\/garlic-harvesting-360x270.jpg 360w, https:\/\/www.agriculture-machine.com\/wp-content\/uploads\/2021\/04\/garlic-harvesting-240x180.jpg 240w\" sizes=\"auto, (max-width: 720px) 100vw, 720px\" \/><figcaption class=\"wp-element-caption\">vitl\u00f6ksuttagning<\/figcaption><\/figure>    <h2 class=\"wp-block-heading\">Arbetsprincipen f\u00f6r vitl\u00f6ksplanteraren<\/h2>    <p>Vitl\u00f6ksfr\u00f6na placeras i fr\u00f6boxarna. Kraftenheten f\u00e5r vitl\u00f6ksplanteraren att r\u00f6ra sig. Markf\u00f6rande hjulet driver v\u00e4xeln att rotera. Hjulet och v\u00e4xeln roterar synkront under p\u00e5verkan av transmissionskedjan. Hjulet driver transport\u00f6ren att transportera vitl\u00f6ksfr\u00f6na. <\/p>    <p>Den mekaniska vitl\u00f6ksplanteraren har en enkel konstruktion. Den \u00e4r bekv\u00e4m f\u00f6r oss att anv\u00e4nda. Och den kan f\u00f6rb\u00e4ttra arbetskraftens effektivitet och planteringskvalitet. <\/p>    <p>Det finns olika typer av maskiner. Sm\u00e5 maskiner som en 4-raders vitl\u00f6ksplanterare och en 5-raders vitl\u00f6ksplanterare \u00e4r utrustade med en dieselmotor. <\/p>    <p>Stora maskiner som en 10-rad vitl\u00f6ksplanteringsmaskin kan drivas av traktorer. Det finns olika typer av maskiner, och vi kommer att rekommendera l\u00e4mpliga maskiner f\u00f6r dig.<\/p>    <h2 class=\"wp-block-heading\">Parametrar f\u00f6r vitl\u00f6ksplanterare<\/h2>    <figure class=\"wp-block-table is-style-stripes\"><table><tbody><tr><td>Mfano<\/td><td>GP-6<\/td><\/tr><tr><td>Rader<\/td><td>Anpassningsbar<\/td><\/tr><tr><td>Planteringsavst\u00e5nd<\/td><td>Just\u00e9rbar<\/td><\/tr><tr><td>umbali wa safu<\/td><td>Just\u00e9rbar<\/td><\/tr><tr><td>Traktor<\/td><td>&gt;30hp<\/td><\/tr><\/tbody><\/table><figcaption class=\"wp-element-caption\">Cheddikorle: maskinstrupp teknikdata<\/figcaption><\/figure>    <h2 class=\"wp-block-heading\">Mifano iliyofanikiwa<\/h2>    <p class=\"translation-block\">Under de senaste \u00e5ren har vi exporterat m\u00e5nga maskiner till \u00f6ver 100 l\u00e4nder i v\u00e4rlden. Vi exporterar olika jordbruksmaskiner som <a href=\"https:\/\/www.agriculture-machine.com\/sw\/vegetable-seed-planters-vegetable-sowing-machine\/\">gr\u00f6nsaks\u00ads\u00e4t\u00admaskiner<\/a>, repmaskiner och s\u00e5 vidare. Kunderna \u00e4r mycket n\u00f6jda med v\u00e5ra produkter. <\/p>    <p>Vitl\u00f6ksplanterarna har hj\u00e4lpt m\u00e5nga m\u00e4nniskor med vitl\u00f6kplantering och f\u00f6rb\u00e4ttrat deras planteringshastighet mycket. Vi \u00e4r specialiserade p\u00e5 maskinutbyte. Du kan kontakta oss om du har fr\u00e5gor.<\/p>    <figure class=\"wp-block-image aligncenter size-full wp-image-9982\"><img loading=\"lazy\" decoding=\"async\" width=\"720\" height=\"540\" src=\"https:\/\/www.agriculture-machine.com\/wp-content\/uploads\/2021\/04\/export-machines-1.jpg\" alt=\"exportmaskiner\" class=\"wp-image-9982\" srcset=\"https:\/\/www.agriculture-machine.com\/wp-content\/uploads\/2021\/04\/export-machines-1.jpg 720w, https:\/\/www.agriculture-machine.com\/wp-content\/uploads\/2021\/04\/export-machines-1-360x270.jpg 360w, https:\/\/www.agriculture-machine.com\/wp-content\/uploads\/2021\/04\/export-machines-1-240x180.jpg 240w\" sizes=\"auto, (max-width: 720px) 100vw, 720px\" \/><figcaption class=\"wp-element-caption\">exportmaskiner<\/figcaption><\/figure>    <h2 class=\"wp-block-heading\">Wasiliana nasi wakati wowote<\/h2>    <p>V\u00e4lkommen att kontakta oss n\u00e4r som helst f\u00f6r fler detaljer om Vitl\u00f6ks-spridare. Vi \u00e5tar oss att leverera effektiva och p\u00e5litliga jordbruksmaskinl\u00f6sningar. Dessutom bjuder vi varmt in dig till v\u00e5r fabrik och uppleva den utm\u00e4rkta prestandan av Vitl\u00f6ks-spridaren sj\u00e4lv. Tack f\u00f6r att du valde v\u00e5ra produkter och vi ser fram emot att ge dig utm\u00e4rkt service och support<\/p>","protected":false},"excerpt":{"rendered":"<p>Vitl\u00f6ksplanteringsmaskinen kombinerar justerbart planteringsdjup, h\u00f6gprecisionsplantering och enknapparsdrift utformad f\u00f6r att \u00f6ka effektiviteten och produktiviteten vid vitl\u00f6kplantering.<\/p>","protected":false},"author":1,"featured_media":9974,"parent":0,"comment_status":"closed","ping_status":"closed","template":"","tags":[2635,492],"product-type":[870,885],"class_list":["post-9960","product","type-product","status-publish","has-post-thumbnail","hentry","tag-garlic","tag-planter","product-type-planter","product-type-vegetable-planter"],"_links":{"self":[{"href":"https:\/\/www.agriculture-machine.com\/sw\/wp-json\/wp\/v2\/product\/9960","targetHints":{"allow":["GET"]}}],"collection":[{"href":"https:\/\/www.agriculture-machine.com\/sw\/wp-json\/wp\/v2\/product"}],"about":[{"href":"https:\/\/www.agriculture-machine.com\/sw\/wp-json\/wp\/v2\/types\/product"}],"author":[{"embeddable":true,"href":"https:\/\/www.agriculture-machine.com\/sw\/wp-json\/wp\/v2\/users\/1"}],"replies":[{"embeddable":true,"href":"https:\/\/www.agriculture-machine.com\/sw\/wp-json\/wp\/v2\/comments?post=9960"}],"wp:featuredmedia":[{"embeddable":true,"href":"https:\/\/www.agriculture-machine.com\/sw\/wp-json\/wp\/v2\/media\/9974"}],"wp:attachment":[{"href":"https:\/\/www.agriculture-machine.com\/sw\/wp-json\/wp\/v2\/media?parent=9960"}],"wp:term":[{"taxonomy":"post_tag","embeddable":true,"href":"https:\/\/www.agriculture-machine.com\/sw\/wp-json\/wp\/v2\/tags?post=9960"},{"taxonomy":"product-type","embeddable":true,"href":"https:\/\/www.agriculture-machine.com\/sw\/wp-json\/wp\/v2\/product-type?post=9960"}],"curies":[{"name":"wp","href":"https:\/\/api.w.org\/{rel}","templated":true}]}}