{"id":14370,"date":"2023-02-07T18:18:28","date_gmt":"2023-02-07T10:18:28","guid":{"rendered":"https:\/\/www.agriculture-machine.com\/?page_id=14370"},"modified":"2023-02-08T11:48:07","modified_gmt":"2023-02-08T03:48:07","slug":"about-us","status":"publish","type":"page","link":"https:\/\/www.agriculture-machine.com\/tr\/about-us\/","title":{"rendered":"Hakk\u0131m\u0131zda"},"content":{"rendered":"<div class=\"wp-block-media-text alignwide is-stacked-on-mobile\" style=\"grid-template-columns:42% auto\"><figure class=\"wp-block-media-text__media\"><img loading=\"lazy\" decoding=\"async\" width=\"720\" height=\"540\" src=\"https:\/\/www.agriculture-machine.com\/wp-content\/uploads\/2023\/02\/Taizy-factory-.webp\" alt=\"\" class=\"wp-image-14374 size-full\"\/><\/figure><div class=\"wp-block-media-text__content\"> <div class=\"wp-block-columns is-layout-flex wp-container-core-columns-is-layout-9d6595d7 wp-block-columns-is-layout-flex\"> <div class=\"wp-block-column is-layout-flow wp-block-column-is-layout-flow\" style=\"flex-basis:100%\"> <p class=\"translation-block\"><strong>Taizy<\/strong> tar\u0131m makinelerine odaklanan bir makine \u00fcreticisidir. S\u00fcrekli yenilik yapabilmek ve geli\u015ftirebilmek i\u00e7in teknolojik yenilemeye ve inovasyona b\u00fcy\u00fck \u00f6nem veriyoruz. Bu, m\u00fc\u015fterilerin yeni ihtiya\u00e7lar\u0131n\u0131 s\u00fcrekli kar\u015f\u0131layan ve g\u00fcnl\u00fck ya\u015famlar\u0131n\u0131 daha pratik hale getiren \u00fcr\u00fcnler ortaya \u00e7\u0131kard\u0131. 30.000 metrekareden fazla bir fabrikam\u0131z var. Fabrika i\u00e7inde Ar-Ge, denetim, \u00fcretim ve paketleme b\u00f6l\u00fcmlerimiz var. \u00dcr\u00fcnlerimizin yap\u0131m\u0131nda kullan\u0131lan malzemeler y\u00fcksek kalite ve standarttad\u0131r. Her a\u015fama titizlikle izlenir ve kontrol edilir. Sonu\u00e7 olarak, \u00fcretilen ekipmanlar kaliteli, dayan\u0131kl\u0131 ve uzun \u00f6m\u00fcrl\u00fcd\u00fcr.<\/p> <\/div> <\/div> <\/div><\/div>    <h2 class=\"wp-block-heading\">Taizy\u2019nin ihracat i\u015fi<\/h2>    <div class=\"wp-block-media-text alignwide has-media-on-the-right is-stacked-on-mobile\"><div class=\"wp-block-media-text__content\"> <p class=\"translation-block\">S\u00fcrekli geli\u015fimle birlikte, d\u0131\u015f ticaret i\u015fine ba\u015flad\u0131k. \u015eu ana kadar 15 y\u0131l\u0131 a\u015fk\u0131n ihracat deneyimimiz var. Do\u011fru makineyi \u00f6nerebilir, \u00e7e\u015fitli \u00f6deme y\u00f6ntemleri sunabilir, m\u00fckemmel bir lojistik sistemi kurabilir ve olgun sat\u0131\u015f sonras\u0131 hizmeti sa\u011flayabiliriz. Tar\u0131m makinelerimiz \u015fu anda  Afrika, G\u00fcneydo\u011fu Asya ve G\u00fcney Amerika  gibi bir\u00e7ok \u00fclkeye ihra\u00e7 edilmi\u015ftir,  Nijerya, Gana, Peru, Endonezya, Zambiya, Kanada, Senegal, Guatemala, Peru, Zimbabve, Fas, Botsvana, Zimbabve, Uganda, Cezayir ve Amerika Birle\u015fik Devletleri, Botsvana, Zimbabve, Uganda, Cezayir, Kamerun vb.<\/p> <\/div><figure class=\"wp-block-media-text__media\"><img loading=\"lazy\" decoding=\"async\" width=\"720\" height=\"540\" src=\"https:\/\/www.agriculture-machine.com\/wp-content\/uploads\/2023\/02\/Taizy-customers-1.webp\" alt=\"\" class=\"wp-image-14386 size-full\"\/><\/figure><\/div>    <h2 class=\"wp-block-heading\">Taizy\u2019nin \u00fcr\u00fcnleri<\/h2>    <p class=\"translation-block\">Taizy\u2019nin \u00fcr\u00fcn yelpazesi \u015funlar\u0131 i\u00e7erir: <strong> tah\u0131l de\u011firmenleri<\/strong>, <strong>bi\u00e7erd\u00f6verler<\/strong>, <strong>fidanl\u0131klar<\/strong>, <strong>bi\u00e7erd\u00f6verler<\/strong>, <strong>balya makineleri<\/strong>, <strong>tohum ekiciler<\/strong>, <strong>pirin\u00e7 de\u011firmenleri<\/strong>, <strong>tah\u0131l soyucu<\/strong>, <strong>kurutucular<\/strong>, vb. Son y\u0131llarda \u00fcr\u00fcnlerimiz \u00e7ok pop\u00fcler hale geldi. Son y\u0131llarda, bu \u00fcr\u00fcnler Afrika ve G\u00fcneydo\u011fu Asya\u2019daki m\u00fc\u015fterilerimiz aras\u0131nda \u00e7ok pop\u00fcler oldu, \u00f6zellikle <br><strong>Nijerya, Kenya, G\u00fcney Afrika, Gana, Kongo, Etiyopya, Namibya, Fas, Botsvana, Zimbabve, Uganda, Cezayir ve Kamerun.<\/strong><\/p>    <figure class=\"wp-block-image size-full\"><img loading=\"lazy\" decoding=\"async\" width=\"720\" height=\"540\" src=\"https:\/\/www.agriculture-machine.com\/wp-content\/uploads\/2023\/02\/Taizys-products-.webp\" alt=\"Taizy&#039;nin \u00fcr\u00fcnleri\" class=\"wp-image-14376\" title=\"Taizy&#039;nin \u00fcr\u00fcnleri\"\/><figcaption class=\"wp-element-caption\">Taizy\u2019nin \u00fcr\u00fcnleri<\/figcaption><\/figure>    <h2 class=\"wp-block-heading\">Taizy\u2019nin hizmetleri<\/h2>    <p>\u0130hracat\u0131m\u0131z\u0131n ba\u015flang\u0131c\u0131ndan beri, hizmetlerimizden memnun kalan m\u00fc\u015fterilerimizden \u00f6vg\u00fc almaktay\u0131z. Bize g\u00fcvenle al\u0131\u015fveri\u015f yap\u0131yorlar. \u0130\u015fte hizmetimizin temel unsurlar\u0131.<\/p>    <ol class=\"wp-block-list\"> <li><strong>Sat\u0131\u015f \u00f6ncesi.<\/strong> M\u00fc\u015fterilerimize \u00fcr\u00fcnlerimizin resimlerini, parametrelerini ve videolar\u0131n\u0131 sa\u011flayaca\u011f\u0131z. M\u00fc\u015fterilerin makinelerimizi tam anlamas\u0131 i\u00e7in. Ayn\u0131 zamanda, m\u00fc\u015fterilerimizin sorular\u0131n\u0131 zaman\u0131nda yan\u0131tlayaca\u011f\u0131z.<\/li>    <li><strong>Sat\u0131\u015f \u00f6ncesi.<\/strong> M\u00fc\u015fterinin \u00f6zel durumuna g\u00f6re do\u011fru makine \u00e7\u00f6z\u00fcm\u00fcn\u00fc \u00f6nerece\u011fiz. Makineyle ilgili herhangi bir sorunu \u00e7\u00f6z\u00fcyoruz, \u00f6rne\u011fin voltaj, makineyi yapma s\u00fcresi, kullan\u0131m y\u00f6ntemi, kurulum ve devreye alma vb. <strong>\u00d6deme y\u00f6ntemleri hakk\u0131nda,<\/strong> Ticaret G\u00fcvencesi, T\/T, Western Union, Money Gram, L\/C, PayPal, Nakit vb. ile \u00f6deme yapabiliriz. Ayr\u0131ca, m\u00fc\u015fterilerin do\u011frudan \u00f6deme yapabilece\u011fi Alibaba\u2019ya do\u011frudan \u00f6deme ba\u011flant\u0131lar\u0131 da sa\u011flayabiliriz. Bu, g\u00fcvenli ve h\u0131zl\u0131 bir \u00f6deme y\u00f6ntemidir.<\/li> <\/ol>    <ol class=\"wp-block-list\" start=\"3\"> <li><strong>Sat\u0131\u015f sonras\u0131 hizmet.<\/strong> M\u00fc\u015fterinin ihtiya\u00e7lar\u0131na g\u00f6re nakliye y\u00f6ntemleri sa\u011flayaca\u011f\u0131z. M\u00fc\u015fteri ayr\u0131ca makinenin nakliye durumunu ger\u00e7ek zamanl\u0131 olarak kontrol edebilir.<br>Ayr\u0131ca bir <strong>bir y\u0131l sat\u0131\u015f sonras\u0131 hizmeti:<\/strong> Sipari\u015f verdikten sonra, \u00f6m\u00fcr boyu \u00e7evrimi\u00e7i rehberlik hizmetleri sa\u011flayaca\u011f\u0131z. \u0130\u015flem hatalar\u0131ndan, insan kaynakl\u0131 sorunlardan kaynaklanan di\u011fer ar\u0131zalar m\u00fc\u015fterilere aittir. \u0130\u015flem hatalar\u0131ndan, insan kaynakl\u0131 sorunlardan kaynaklanan di\u011fer ar\u0131zalar m\u00fc\u015fterilere aittir.<\/li> <\/ol>    <figure class=\"wp-block-image size-full\"><img loading=\"lazy\" decoding=\"async\" width=\"720\" height=\"540\" src=\"https:\/\/www.agriculture-machine.com\/wp-content\/uploads\/2023\/02\/Taizys-service-.webp\" alt=\"Taizy&#039;nin hizmetleri\" class=\"wp-image-14377\" title=\"Taizy&#039;nin hizmetleri\"\/><figcaption class=\"wp-element-caption\">Taizy\u2019nin hizmetleri<\/figcaption><\/figure>    <h2 class=\"wp-block-heading\">Taizy\u2019nin sertifikalar\u0131 ve onurlar\u0131<\/h2>    <p>\u00dcr\u00fcnlerimizin kalitesi ve bir\u00e7ok m\u00fc\u015fterimizin deste\u011fi sayesinde bir\u00e7ok \u00f6d\u00fcl ve sertifika ald\u0131k. Gelecekte, m\u00fc\u015fterilerimizi d\u00fc\u015f\u00fcnerek yenilik yapmaya ve geli\u015ftirmeye devam edece\u011fiz ve daha iyi \u00fcr\u00fcnler \u00fcretmeye kararl\u0131y\u0131z. M\u00fc\u015fterilerimizin \u00fcr\u00fcnlerimiz hakk\u0131nda her zaman ve her yerde bilgi almas\u0131n\u0131 memnuniyetle kar\u015f\u0131l\u0131yoruz!<\/p>    <figure class=\"wp-block-image size-full\"><img loading=\"lazy\" decoding=\"async\" width=\"720\" height=\"540\" src=\"https:\/\/www.agriculture-machine.com\/wp-content\/uploads\/2023\/02\/Taizys-certificates-and-honors-.webp\" alt=\"Taizy&#039;nin sertifikalar\u0131 ve onurlar\u0131\" class=\"wp-image-14378\" title=\"Taizy&#039;nin sertifikalar\u0131 ve onurlar\u0131\"\/><figcaption class=\"wp-element-caption\">Taizy\u2019nin sertifikalar\u0131 ve onurlar\u0131<\/figcaption><\/figure>","protected":false},"excerpt":{"rendered":"<p>Taizy&#8217;s export business With continuous development, we have launched a foreign trade business. By now we have over 15 years of export experience. We can recommend the right machine, offer a variety of payment methods, have a perfect logistics system, and mature after-sales service. Our agricultural machinery has now been exported to many countries such [&hellip;]<\/p>\n","protected":false},"author":1,"featured_media":0,"parent":0,"menu_order":0,"comment_status":"closed","ping_status":"closed","template":"","meta":{"footnotes":""},"class_list":["post-14370","page","type-page","status-publish","hentry"],"_links":{"self":[{"href":"https:\/\/www.agriculture-machine.com\/tr\/wp-json\/wp\/v2\/pages\/14370","targetHints":{"allow":["GET"]}}],"collection":[{"href":"https:\/\/www.agriculture-machine.com\/tr\/wp-json\/wp\/v2\/pages"}],"about":[{"href":"https:\/\/www.agriculture-machine.com\/tr\/wp-json\/wp\/v2\/types\/page"}],"author":[{"embeddable":true,"href":"https:\/\/www.agriculture-machine.com\/tr\/wp-json\/wp\/v2\/users\/1"}],"replies":[{"embeddable":true,"href":"https:\/\/www.agriculture-machine.com\/tr\/wp-json\/wp\/v2\/comments?post=14370"}],"version-history":[{"count":0,"href":"https:\/\/www.agriculture-machine.com\/tr\/wp-json\/wp\/v2\/pages\/14370\/revisions"}],"wp:attachment":[{"href":"https:\/\/www.agriculture-machine.com\/tr\/wp-json\/wp\/v2\/media?parent=14370"}],"curies":[{"name":"wp","href":"https:\/\/api.w.org\/{rel}","templated":true}]}}