{"id":14679,"date":"2023-05-29T16:57:09","date_gmt":"2023-05-29T08:57:09","guid":{"rendered":"https:\/\/www.agriculture-machine.com\/?page_id=14679"},"modified":"2023-05-29T17:52:28","modified_gmt":"2023-05-29T09:52:28","slug":"corporate-culture","status":"publish","type":"page","link":"https:\/\/www.agriculture-machine.com\/tr\/corporate-culture\/","title":{"rendered":"Kurumsal k\u00fclt\u00fcr"},"content":{"rendered":"<p class=\"translation-block\"><strong>Taizy\u2019nin Kurumsal K\u00fclt\u00fcr\u00fc: \u00c7in Makinelerinin D\u00fcnyan\u0131n Her K\u00f6\u015fesini De\u011fi\u015ftirmesine \u0130zin Verin!<\/strong><\/p>    <p>Kurumsal k\u00fclt\u00fcr\u00fcm\u00fcz, misyon ve vizyonumuzu ger\u00e7ekle\u015ftirmeye y\u00f6nelik \u00e7al\u0131\u015fanlar\u0131m\u0131z\u0131n ortak \u00e7abalar\u0131n\u0131 y\u00f6nlendirmeyi ama\u00e7layan temel unsurlar \u00fczerine kuruludur.<\/p>    <p class=\"translation-block\"><strong>Kurumsal Misyon:<\/strong> \u00c7in Makinelerini G\u00fc\u00e7lendirmek ve D\u00fcnyan\u0131n Her K\u00f6\u015fesini D\u00f6n\u00fc\u015ft\u00fcrmek<\/p>    <p>Bir makine \u00fcretim \u015firketi olarak, misyonumuz \u00c7in makinelerinin rol oynamas\u0131n\u0131 sa\u011flamak, de\u011fi\u015fim yaratmak ve yenilik\u00e7i ve y\u00fcksek kaliteli \u00fcr\u00fcnlerle d\u00fcnyan\u0131n her k\u00f6\u015fesine etki etmektir. Geli\u015fmi\u015f, g\u00fcvenilir ve verimli makine \u00e7\u00f6z\u00fcmleri sunmaya kararl\u0131y\u0131z, m\u00fc\u015fterilerimize de\u011fer kat\u0131yoruz.<\/p>    <p class=\"translation-block\"><strong>Kurumsal Vizyon:<\/strong> M\u00fc\u015fteriler i\u00e7in De\u011feri Art\u0131rmak, \u00c7al\u0131\u015fanlar i\u00e7in B\u00fcy\u00fcmeyi Te\u015fvik Etmek!<\/p>    <p>Vizyonumuz, m\u00fc\u015fterilerimize g\u00fcvenilir bir ortak olmak, ola\u011fan\u00fcst\u00fc \u00fcr\u00fcnler ve hizmetler arac\u0131l\u0131\u011f\u0131yla s\u00fcrekli de\u011fer sunmakt\u0131r. Ayn\u0131 zamanda, \u00e7al\u0131\u015fanlar\u0131m\u0131za geli\u015fim f\u0131rsatlar\u0131, zorluklar ve ki\u015fisel ile profesyonel b\u00fcy\u00fcme platformlar\u0131 sunan bir ortam yaratmaya kendimizi adad\u0131k.<\/p>    <p class=\"translation-block\"><strong>Taizy De\u011ferleri:<\/strong> D\u00fcr\u00fcstl\u00fck, Minnettarl\u0131k, Altruizm, Pozitif Enerji, De\u011fi\u015fime A\u00e7\u0131kl\u0131k, Tak\u0131m Ruhu<\/p>    <figure class=\"wp-block-image size-full\"><img loading=\"lazy\" decoding=\"async\" width=\"720\" height=\"540\" src=\"https:\/\/www.agriculture-machine.com\/wp-content\/uploads\/2023\/05\/Corporate-culture-.webp\" alt=\"\" class=\"wp-image-14688\" srcset=\"https:\/\/www.agriculture-machine.com\/wp-content\/uploads\/2023\/05\/Corporate-culture-.webp 720w, https:\/\/www.agriculture-machine.com\/wp-content\/uploads\/2023\/05\/Corporate-culture--360x270.webp 360w, https:\/\/www.agriculture-machine.com\/wp-content\/uploads\/2023\/05\/Corporate-culture--240x180.webp 240w\" sizes=\"auto, (max-width: 720px) 100vw, 720px\" \/><\/figure>    <p>Kurumsal k\u00fclt\u00fcr\u00fcm\u00fczde, a\u015fa\u011f\u0131daki Taizy De\u011ferlerine uyuyoruz; bunlar rehber ilkelerimiz ve ruhumuzun somutla\u015fm\u0131\u015f bi\u00e7imleridir:<\/p>    <p class=\"translation-block\"><strong>D\u00fcr\u00fcstl\u00fck:<\/strong> M\u00fc\u015fterilerimiz, ortaklar\u0131m\u0131z ve \u00e7al\u0131\u015fanlar\u0131m\u0131zla g\u00fcvene dayal\u0131 ili\u015fkiler kuruyoruz, bunlar\u0131 d\u00fcr\u00fcstl\u00fck temelinde in\u015fa ediyoruz. D\u00fcr\u00fcstl\u00fck, b\u00fct\u00fcnl\u00fck ve adalet ilkelerine ba\u011fl\u0131 kal\u0131yoruz, taahh\u00fctlerimize her zaman sad\u0131k kal\u0131yoruz.<\/p>    <p class=\"translation-block\"><strong>Minnettarl\u0131k:<\/strong> M\u00fc\u015fterilerimizin deste\u011fi ve g\u00fcveni, \u00e7al\u0131\u015fanlar\u0131m\u0131z\u0131n \u00f6zverisi ve ortaklar\u0131m\u0131z\u0131n yard\u0131mlar\u0131 i\u00e7in minnettar\u0131z. \u0130\u015fbirli\u011fi ili\u015fkilerini \u00f6nemsiyor ve ba\u015fkalar\u0131n\u0131n katk\u0131lar\u0131n\u0131 takdir ediyoruz.<\/p>    <p class=\"translation-block\"><strong>Altruizm:<\/strong> Ba\u015fkalar\u0131n\u0131n ihtiya\u00e7 ve \u00e7\u0131karlar\u0131na \u00f6nem veriyoruz, onlar\u0131 hizmet etmenin bizim sorumlulu\u011fumuz oldu\u011funu d\u00fc\u015f\u00fcn\u00fcyoruz. \u00c7al\u0131\u015fanlar\u0131n birbirine yard\u0131m edip destek olmalar\u0131n\u0131 te\u015fvik ediyoruz, tak\u0131m\u0131n ba\u015far\u0131s\u0131 i\u00e7in \u00e7al\u0131\u015f\u0131yoruz.<\/p>    <p class=\"translation-block\"><strong>Pozitif Enerji:<\/strong> Pozitif enerjiyi aktif olarak te\u015fvik ediyoruz, \u00e7al\u0131\u015fanlar\u0131n zorluklar ve s\u0131k\u0131nt\u0131lar kar\u015f\u0131s\u0131nda iyimser bir tutum sergilemelerini sa\u011fl\u0131yoruz. Pozitif bir zihniyetin yenili\u011fi te\u015fvik etti\u011fine ve de\u011fi\u015fimi y\u00f6nlendirdi\u011fine inan\u0131yoruz.<\/p>    <p class=\"translation-block\"><strong>De\u011fi\u015fime A\u00e7\u0131kl\u0131k:<\/strong> De\u011fi\u015fimi benimser, onun ka\u00e7\u0131n\u0131lmaz oldu\u011funu kabul eder ve s\u00fcrekli geli\u015fim ve yenilik i\u00e7in \u00e7aba g\u00f6steririz. \u00c7al\u0131\u015fanlar\u0131n de\u011fi\u015fime uyum sa\u011flamalar\u0131n\u0131 ve yeni zorluklar\u0131 cesurca kar\u015f\u0131lamalar\u0131n\u0131 te\u015fvik ediyoruz.<\/p>    <p class=\"translation-block\"><strong>Tak\u0131m Ruhu:<\/strong> Tak\u0131m ruhunu savunuyoruz, \u00e7al\u0131\u015fanlar aras\u0131nda i\u015fbirli\u011fi, ileti\u015fim ve ortakl\u0131k te\u015fvik ediyoruz. Birlik g\u00fcc\u00fcne ve birlikte \u00e7al\u0131\u015farak m\u00fckemmelli\u011fi hedeflemeye inan\u0131yoruz.<\/p>    <p>B\u00f6yle bir kurumsal k\u00fclt\u00fcr arac\u0131l\u0131\u011f\u0131yla, misyonumuzu ve vizyonumuzu ger\u00e7ekle\u015ftirebilece\u011fimize inan\u0131yoruz, etkili bir \u015firket olmay\u0131 hedefliyoruz.<\/p>    <figure class=\"wp-block-image size-full\"><img loading=\"lazy\" decoding=\"async\" width=\"720\" height=\"540\" src=\"https:\/\/www.agriculture-machine.com\/wp-content\/uploads\/2023\/05\/Corporate-culture1-.webp\" alt=\"\" class=\"wp-image-14690\" srcset=\"https:\/\/www.agriculture-machine.com\/wp-content\/uploads\/2023\/05\/Corporate-culture1-.webp 720w, https:\/\/www.agriculture-machine.com\/wp-content\/uploads\/2023\/05\/Corporate-culture1--360x270.webp 360w, https:\/\/www.agriculture-machine.com\/wp-content\/uploads\/2023\/05\/Corporate-culture1--240x180.webp 240w\" sizes=\"auto, (max-width: 720px) 100vw, 720px\" \/><\/figure>","protected":false},"excerpt":{"rendered":"<p>Taizy&#8217;s Corporate Culture: Let Chinese Machines Change Every Corner of the World! Our corporate culture is built upon the following core elements, aiming to guide our employees&#8217; collective efforts in achieving our mission and vision. Corporate Mission: Empowering Chinese Machines to Transform Every Corner of the World As a machine manufacturing company, our mission is [&hellip;]<\/p>\n","protected":false},"author":1,"featured_media":0,"parent":0,"menu_order":0,"comment_status":"closed","ping_status":"closed","template":"","meta":{"footnotes":""},"class_list":["post-14679","page","type-page","status-publish","hentry"],"_links":{"self":[{"href":"https:\/\/www.agriculture-machine.com\/tr\/wp-json\/wp\/v2\/pages\/14679","targetHints":{"allow":["GET"]}}],"collection":[{"href":"https:\/\/www.agriculture-machine.com\/tr\/wp-json\/wp\/v2\/pages"}],"about":[{"href":"https:\/\/www.agriculture-machine.com\/tr\/wp-json\/wp\/v2\/types\/page"}],"author":[{"embeddable":true,"href":"https:\/\/www.agriculture-machine.com\/tr\/wp-json\/wp\/v2\/users\/1"}],"replies":[{"embeddable":true,"href":"https:\/\/www.agriculture-machine.com\/tr\/wp-json\/wp\/v2\/comments?post=14679"}],"version-history":[{"count":0,"href":"https:\/\/www.agriculture-machine.com\/tr\/wp-json\/wp\/v2\/pages\/14679\/revisions"}],"wp:attachment":[{"href":"https:\/\/www.agriculture-machine.com\/tr\/wp-json\/wp\/v2\/media?parent=14679"}],"curies":[{"name":"wp","href":"https:\/\/api.w.org\/{rel}","templated":true}]}}