{"id":10078,"date":"2021-04-22T15:14:47","date_gmt":"2021-04-22T07:14:47","guid":{"rendered":"https:\/\/www.agriculture-machine.com\/?p=10078"},"modified":"2024-09-18T16:16:09","modified_gmt":"2024-09-18T08:16:09","slug":"thresher-machine-5td-50-for-rice-wheat-bean-corn-sorghum-millet","status":"publish","type":"product","link":"https:\/\/www.agriculture-machine.com\/tr\/thresher-machine-5td-50-for-rice-wheat-bean-corn-sorghum-millet\/","title":{"rendered":"5TD-50 pirin\u00e7, bu\u011fday, fasulye, m\u0131s\u0131r, sorgum, millet i\u00e7in ay\u0131klama makinesi"},"content":{"rendered":"<p>TD serisi makine, en yeni k\u0131r\u0131c\u0131lar\u0131m\u0131zd\u0131r. \u015eu anda 5TD-50, 5TD-70, 5TD-90, 5TD-125, 5TD-1000 modellerimiz mevcuttur. Bu makale \u00f6zellikle 5TD-50 k\u0131r\u0131c\u0131 makinesini payla\u015fmaktad\u0131r.<\/p> <h2>Bu k\u0131r\u0131c\u0131 hangi \u00fcr\u00fcnleri i\u015fleyebilir?<\/h2> <p>Bu k\u0131r\u0131c\u0131 makine, soya fasulyesi, m\u0131s\u0131r, pirin\u00e7, bu\u011fday, kinoa, ya\u011fl\u0131k tohum, sorgum, dar\u0131 vb. k\u0131rmak i\u00e7in kullan\u0131labilir. Farkl\u0131 \u00fcr\u00fcnleri i\u015flerken ekran de\u011fi\u015ftirmeye gerek yoktur, sadece silindirin aral\u0131\u011f\u0131n\u0131 ayarlaman\u0131z yeterlidir.<\/p> <figure id=\"attachment_10082\" aria-describedby=\"caption-attachment-10082\" style=\"width: 720px\" class=\"wp-caption alignnone\"><img loading=\"lazy\" decoding=\"async\" class=\"size-full wp-image-10082\" src=\"https:\/\/www.agriculture-machine.com\/wp-content\/uploads\/2021\/04\/5-TD-thresher-for-rice-wheat-corn-beans-rape-sorghum.jpg\" alt=\"Pirinc, bu\u011fday, m\u0131s\u0131r, fasulye, ya\u011fl\u0131k tohum, sorgum i\u00e7in 5-TD k\u0131r\u0131c\u0131\" width=\"720\" height=\"540\" srcset=\"https:\/\/www.agriculture-machine.com\/wp-content\/uploads\/2021\/04\/5-TD-thresher-for-rice-wheat-corn-beans-rape-sorghum.jpg 720w, https:\/\/www.agriculture-machine.com\/wp-content\/uploads\/2021\/04\/5-TD-thresher-for-rice-wheat-corn-beans-rape-sorghum-360x270.jpg 360w, https:\/\/www.agriculture-machine.com\/wp-content\/uploads\/2021\/04\/5-TD-thresher-for-rice-wheat-corn-beans-rape-sorghum-240x180.jpg 240w\" sizes=\"auto, (max-width: 720px) 100vw, 720px\" \/><figcaption id=\"caption-attachment-10082\" class=\"wp-caption-text\">Pirinc, bu\u011fday, m\u0131s\u0131r, fasulye, ya\u011fl\u0131k tohum, sorgum i\u00e7in 5-TD k\u0131r\u0131c\u0131<\/figcaption><\/figure> <h2>Bu bu\u011fday k\u0131r\u0131c\u0131 makinesinin avantajlar\u0131 nelerdir?<\/h2> <p>Bu bu\u011fday k\u0131r\u0131c\u0131 makinesi y\u00fcksek \u00fcretim verimlili\u011fine, temiz k\u0131rma, hasar olmadan ve d\u00fc\u015f\u00fck yabanc\u0131 madde i\u00e7eri\u011fine sahiptir. Geli\u015fmi\u015f teknoloji ile \u00fcretilmi\u015f ve m\u00fckemmel kaliteye sahiptir. Yeni k\u0131r\u0131c\u0131 makinesi zaten piyasada ve bir\u00e7ok sipari\u015f alm\u0131\u015ft\u0131r, \u00f6zellikle Nijerya, Gana ve Kenya'dan. Bu \u00fcr\u00fcn, k\u0131rma, ay\u0131rma ve temizleme fonksiyonlar\u0131n\u0131 entegre eder.<\/p> <h2>Fasulye k\u0131r\u0131c\u0131 makinesinin yap\u0131 detaylar\u0131<\/h2> <p>Bu 5TD-50 k\u0131r\u0131c\u0131 makinesi, besleme giri\u015fi, yabanc\u0131 madde \u00e7\u0131k\u0131\u015f\u0131, temiz tah\u0131l \u00e7\u0131k\u0131\u015f\u0131, fan, g\u00fc\u00e7 yap\u0131s\u0131, i\u00e7 di\u015fli, silindir vb. ana b\u00f6l\u00fcmlerden olu\u015fur. Makinede sadece bir fan bulunur, ancak ikincil yabanc\u0131 madde giderme sa\u011flayabilir. Bu nedenle, tah\u0131l k\u0131rma sonras\u0131 \u00e7ok temiz olur.<\/p> <div id='gallery-1' class='gallery galleryid-10078 gallery-columns-2 gallery-size-full'><figure class='gallery-item'> \t\t\t<div class='gallery-icon landscape'> \t\t\t\t<a href='https:\/\/www.agriculture-machine.com\/wp-content\/uploads\/2021\/04\/structure-details-of-5TD-50-thresher-machine.jpg'><img loading=\"lazy\" decoding=\"async\" width=\"720\" height=\"540\" src=\"https:\/\/www.agriculture-machine.com\/wp-content\/uploads\/2021\/04\/structure-details-of-5TD-50-thresher-machine.jpg\" class=\"attachment-full size-full\" alt=\"5TD-50 k\u0131r\u0131c\u0131 makinesinin yap\u0131 detaylar\u0131\" aria-describedby=\"gallery-1-10083\" srcset=\"https:\/\/www.agriculture-machine.com\/wp-content\/uploads\/2021\/04\/structure-details-of-5TD-50-thresher-machine.jpg 720w, https:\/\/www.agriculture-machine.com\/wp-content\/uploads\/2021\/04\/structure-details-of-5TD-50-thresher-machine-360x270.jpg 360w, https:\/\/www.agriculture-machine.com\/wp-content\/uploads\/2021\/04\/structure-details-of-5TD-50-thresher-machine-240x180.jpg 240w\" sizes=\"auto, (max-width: 720px) 100vw, 720px\" \/><\/a> \t\t\t<\/div> \t\t\t\t<figcaption class='wp-caption-text gallery-caption' id='gallery-1-10083'> \t\t\t\t5TD-50 k\u0131r\u0131c\u0131 makinesinin yap\u0131 detaylar\u0131 \t\t\t\t<\/figcaption><\/figure><figure class='gallery-item'> \t\t\t<div class='gallery-icon landscape'> \t\t\t\t<a href='https:\/\/www.agriculture-machine.com\/wp-content\/uploads\/2021\/04\/structure-of-5TD-50-thresher-machine.jpg'><img loading=\"lazy\" decoding=\"async\" width=\"720\" height=\"540\" src=\"https:\/\/www.agriculture-machine.com\/wp-content\/uploads\/2021\/04\/structure-of-5TD-50-thresher-machine.jpg\" class=\"attachment-full size-full\" alt=\"5TD-50 k\u0131r\u0131c\u0131 makinesinin yap\u0131s\u0131\" aria-describedby=\"gallery-1-10084\" srcset=\"https:\/\/www.agriculture-machine.com\/wp-content\/uploads\/2021\/04\/structure-of-5TD-50-thresher-machine.jpg 720w, https:\/\/www.agriculture-machine.com\/wp-content\/uploads\/2021\/04\/structure-of-5TD-50-thresher-machine-360x270.jpg 360w, https:\/\/www.agriculture-machine.com\/wp-content\/uploads\/2021\/04\/structure-of-5TD-50-thresher-machine-240x180.jpg 240w\" sizes=\"auto, (max-width: 720px) 100vw, 720px\" \/><\/a> \t\t\t<\/div> \t\t\t\t<figcaption class='wp-caption-text gallery-caption' id='gallery-1-10084'> \t\t\t\t5TD-50 k\u0131r\u0131c\u0131 makinesinin yap\u0131s\u0131 \t\t\t\t<\/figcaption><\/figure> \t\t<\/div>  <h2>Hangi g\u00fc\u00e7 kayna\u011f\u0131 tak\u0131labilir?<\/h2> <p>5TD-50 k\u0131r\u0131c\u0131, motor, dizel motor, benzinli motor ile donat\u0131labilir. 6-8 beygir (dizel) veya 2.2-3kw motor.<\/p> <div id='gallery-2' class='gallery galleryid-10078 gallery-columns-2 gallery-size-full'><figure class='gallery-item'> \t\t\t<div class='gallery-icon landscape'> \t\t\t\t<a href='https:\/\/www.agriculture-machine.com\/wp-content\/uploads\/2021\/04\/5.jpg'><img loading=\"lazy\" decoding=\"async\" width=\"720\" height=\"540\" src=\"https:\/\/www.agriculture-machine.com\/wp-content\/uploads\/2021\/04\/5.jpg\" class=\"attachment-full size-full\" alt=\"Benzinli motorlu k\u0131r\u0131c\u0131\" aria-describedby=\"gallery-2-10086\" srcset=\"https:\/\/www.agriculture-machine.com\/wp-content\/uploads\/2021\/04\/5.jpg 720w, https:\/\/www.agriculture-machine.com\/wp-content\/uploads\/2021\/04\/5-360x270.jpg 360w, https:\/\/www.agriculture-machine.com\/wp-content\/uploads\/2021\/04\/5-240x180.jpg 240w\" sizes=\"auto, (max-width: 720px) 100vw, 720px\" \/><\/a> \t\t\t<\/div> \t\t\t\t<figcaption class='wp-caption-text gallery-caption' id='gallery-2-10086'> \t\t\t\tBenzinli motorlu k\u0131r\u0131c\u0131 \t\t\t\t<\/figcaption><\/figure><figure class='gallery-item'> \t\t\t<div class='gallery-icon landscape'> \t\t\t\t<a href='https:\/\/www.agriculture-machine.com\/wp-content\/uploads\/2021\/04\/4.jpg'><img loading=\"lazy\" decoding=\"async\" width=\"720\" height=\"540\" src=\"https:\/\/www.agriculture-machine.com\/wp-content\/uploads\/2021\/04\/4.jpg\" class=\"attachment-full size-full\" alt=\"Motor tipi k\u0131r\u0131c\u0131\" aria-describedby=\"gallery-2-10085\" srcset=\"https:\/\/www.agriculture-machine.com\/wp-content\/uploads\/2021\/04\/4.jpg 720w, https:\/\/www.agriculture-machine.com\/wp-content\/uploads\/2021\/04\/4-360x270.jpg 360w, https:\/\/www.agriculture-machine.com\/wp-content\/uploads\/2021\/04\/4-240x180.jpg 240w\" sizes=\"auto, (max-width: 720px) 100vw, 720px\" \/><\/a> \t\t\t<\/div> \t\t\t\t<figcaption class='wp-caption-text gallery-caption' id='gallery-2-10085'> \t\t\t\tMotor tipi k\u0131r\u0131c\u0131 \t\t\t\t<\/figcaption><\/figure> \t\t<\/div>  <h2>Bu k\u0131r\u0131c\u0131 makinesinin \u00f6ne \u00e7\u0131kan \u00f6zellikleri nelerdir?<\/h2> <p class=\"translation-block\">Is this machine different from the previous rice and wheat thresher?<br \/> Yes, of course.<br \/> Difference 1: This thresher does not need to change the screen when you threshing different grains, so the operation is very simple. The <a href=\"https:\/\/www.agriculture-machine.com\/tr\/wheat-thresher-for-sale-sorghum-rice-thresher-beans-millet-threshing-machine\/\">other rice and wheat thresher<\/a> needs to change the screen when threshing different grains.<br \/> Difference 2: This 5TD-50 thresher is more customizable. It can equip PTO, big tires, traction frame, etc. It can be customized according to your requirements.<br \/> Difference 3: The output of the 5TD-50 thresher is higher. The output of this TD-50 thresher is 500-800kg per hour, while the output of the previous rice and wheat thresher is 400-500Kg.<br \/> Difference 4: In addition to threshing other grains, this newest thresher can also thresh corn. But <a href=\"https:\/\/www.agriculture-machine.com\/tr\/wheat-thresher-for-sale-sorghum-rice-thresher-beans-millet-threshing-machine\/\">the old thresher can thresh rice and wheat better<\/a>. You can choose the machine according to the grain you want to thresh.<\/p> <div id='gallery-3' class='gallery galleryid-10078 gallery-columns-2 gallery-size-full'><figure class='gallery-item'> \t\t\t<div class='gallery-icon landscape'> \t\t\t\t<a href='https:\/\/www.agriculture-machine.com\/wp-content\/uploads\/2021\/04\/6.jpg'><img loading=\"lazy\" decoding=\"async\" width=\"720\" height=\"540\" src=\"https:\/\/www.agriculture-machine.com\/wp-content\/uploads\/2021\/04\/6.jpg\" class=\"attachment-full size-full\" alt=\"5TD-50 k\u0131r\u0131c\u0131 makinesi\" aria-describedby=\"gallery-3-10087\" srcset=\"https:\/\/www.agriculture-machine.com\/wp-content\/uploads\/2021\/04\/6.jpg 720w, https:\/\/www.agriculture-machine.com\/wp-content\/uploads\/2021\/04\/6-360x270.jpg 360w, https:\/\/www.agriculture-machine.com\/wp-content\/uploads\/2021\/04\/6-240x180.jpg 240w\" sizes=\"auto, (max-width: 720px) 100vw, 720px\" \/><\/a> \t\t\t<\/div> \t\t\t\t<figcaption class='wp-caption-text gallery-caption' id='gallery-3-10087'> \t\t\t\t5TD-50 k\u0131r\u0131c\u0131 makinesi \t\t\t\t<\/figcaption><\/figure><figure class='gallery-item'> \t\t\t<div class='gallery-icon landscape'> \t\t\t\t<a href='https:\/\/www.agriculture-machine.com\/wp-content\/uploads\/2021\/04\/wheat-thresher-13.jpg'><img loading=\"lazy\" decoding=\"async\" width=\"600\" height=\"500\" src=\"https:\/\/www.agriculture-machine.com\/wp-content\/uploads\/2021\/04\/wheat-thresher-13.jpg\" class=\"attachment-full size-full\" alt=\"bu\u011fday k\u0131r\u0131c\u0131\" aria-describedby=\"gallery-3-10088\" srcset=\"https:\/\/www.agriculture-machine.com\/wp-content\/uploads\/2021\/04\/wheat-thresher-13.jpg 600w, https:\/\/www.agriculture-machine.com\/wp-content\/uploads\/2021\/04\/wheat-thresher-13-324x270.jpg 324w\" sizes=\"auto, (max-width: 600px) 100vw, 600px\" \/><\/a> \t\t\t<\/div> \t\t\t\t<figcaption class='wp-caption-text gallery-caption' id='gallery-3-10088'> \t\t\t\tbu\u011fday k\u0131r\u0131c\u0131 \t\t\t\t<\/figcaption><\/figure> \t\t<\/div>  <h2>M\u00fc\u015fteri vakas\u0131<\/h2> <p>En yeni \u00e7ok fonksiyonlu k\u0131r\u0131c\u0131 makine 5TD-50, Nijerya'ya sat\u0131ld\u0131, pirin\u00e7 ve m\u0131s\u0131r k\u0131rmak i\u00e7in kullan\u0131l\u0131yor. Bu m\u00fc\u015fteri toplamda 5 set k\u0131r\u0131c\u0131 sipari\u015f etti. Yeni piyasaya s\u00fcr\u00fcld\u00fc\u011f\u00fc i\u00e7in stoklar\u0131m\u0131z bol ve birka\u00e7 g\u00fcn i\u00e7inde m\u00fc\u015fteriye sevk edece\u011fiz.<\/p> <div id='gallery-4' class='gallery galleryid-10078 gallery-columns-2 gallery-size-full'><figure class='gallery-item'> \t\t\t<div class='gallery-icon landscape'> \t\t\t\t<a href='https:\/\/www.agriculture-machine.com\/wp-content\/uploads\/2021\/04\/5TD-50-thresher-machine-in-stock.jpg'><img loading=\"lazy\" decoding=\"async\" width=\"720\" height=\"540\" src=\"https:\/\/www.agriculture-machine.com\/wp-content\/uploads\/2021\/04\/5TD-50-thresher-machine-in-stock.jpg\" class=\"attachment-full size-full\" alt=\"5TD-50 k\u0131r\u0131c\u0131 makinesi stokta\" aria-describedby=\"gallery-4-10090\" srcset=\"https:\/\/www.agriculture-machine.com\/wp-content\/uploads\/2021\/04\/5TD-50-thresher-machine-in-stock.jpg 720w, https:\/\/www.agriculture-machine.com\/wp-content\/uploads\/2021\/04\/5TD-50-thresher-machine-in-stock-360x270.jpg 360w, https:\/\/www.agriculture-machine.com\/wp-content\/uploads\/2021\/04\/5TD-50-thresher-machine-in-stock-240x180.jpg 240w\" sizes=\"auto, (max-width: 720px) 100vw, 720px\" \/><\/a> \t\t\t<\/div> \t\t\t\t<figcaption class='wp-caption-text gallery-caption' id='gallery-4-10090'> \t\t\t\t5TD-50 k\u0131r\u0131c\u0131 makinesi stokta \t\t\t\t<\/figcaption><\/figure><figure class='gallery-item'> \t\t\t<div class='gallery-icon landscape'> \t\t\t\t<a href='https:\/\/www.agriculture-machine.com\/wp-content\/uploads\/2021\/04\/5TD-50-thresher-in-stock.jpg'><img loading=\"lazy\" decoding=\"async\" width=\"720\" height=\"540\" src=\"https:\/\/www.agriculture-machine.com\/wp-content\/uploads\/2021\/04\/5TD-50-thresher-in-stock.jpg\" class=\"attachment-full size-full\" alt=\"5TD-50 k\u0131r\u0131c\u0131 stokta\" aria-describedby=\"gallery-4-10089\" srcset=\"https:\/\/www.agriculture-machine.com\/wp-content\/uploads\/2021\/04\/5TD-50-thresher-in-stock.jpg 720w, https:\/\/www.agriculture-machine.com\/wp-content\/uploads\/2021\/04\/5TD-50-thresher-in-stock-360x270.jpg 360w, https:\/\/www.agriculture-machine.com\/wp-content\/uploads\/2021\/04\/5TD-50-thresher-in-stock-240x180.jpg 240w\" sizes=\"auto, (max-width: 720px) 100vw, 720px\" \/><\/a> \t\t\t<\/div> \t\t\t\t<figcaption class='wp-caption-text gallery-caption' id='gallery-4-10089'> \t\t\t\t5TD-50 k\u0131r\u0131c\u0131 stokta \t\t\t\t<\/figcaption><\/figure><figure class='gallery-item'> \t\t\t<div class='gallery-icon landscape'> \t\t\t\t<a href='https:\/\/www.agriculture-machine.com\/wp-content\/uploads\/2021\/04\/7.jpg'><img loading=\"lazy\" decoding=\"async\" width=\"720\" height=\"540\" src=\"https:\/\/www.agriculture-machine.com\/wp-content\/uploads\/2021\/04\/7.jpg\" class=\"attachment-full size-full\" alt=\"k\u0131r\u0131c\u0131 makinesi sat\u0131l\u0131k\" aria-describedby=\"gallery-4-10092\" srcset=\"https:\/\/www.agriculture-machine.com\/wp-content\/uploads\/2021\/04\/7.jpg 720w, https:\/\/www.agriculture-machine.com\/wp-content\/uploads\/2021\/04\/7-360x270.jpg 360w, https:\/\/www.agriculture-machine.com\/wp-content\/uploads\/2021\/04\/7-240x180.jpg 240w\" sizes=\"auto, (max-width: 720px) 100vw, 720px\" \/><\/a> \t\t\t<\/div> \t\t\t\t<figcaption class='wp-caption-text gallery-caption' id='gallery-4-10092'> \t\t\t\tk\u0131r\u0131c\u0131 makinesi sat\u0131l\u0131k \t\t\t\t<\/figcaption><\/figure><figure class='gallery-item'> \t\t\t<div class='gallery-icon landscape'> \t\t\t\t<a href='https:\/\/www.agriculture-machine.com\/wp-content\/uploads\/2021\/04\/packing-and-shipping-of-5TD-50-thresher-machine.jpg'><img loading=\"lazy\" decoding=\"async\" width=\"720\" height=\"540\" src=\"https:\/\/www.agriculture-machine.com\/wp-content\/uploads\/2021\/04\/packing-and-shipping-of-5TD-50-thresher-machine.jpg\" class=\"attachment-full size-full\" alt=\"5TD-50 k\u0131r\u0131c\u0131 makinesinin paketlenmesi ve sevkiyat\u0131\" aria-describedby=\"gallery-4-10091\" srcset=\"https:\/\/www.agriculture-machine.com\/wp-content\/uploads\/2021\/04\/packing-and-shipping-of-5TD-50-thresher-machine.jpg 720w, https:\/\/www.agriculture-machine.com\/wp-content\/uploads\/2021\/04\/packing-and-shipping-of-5TD-50-thresher-machine-360x270.jpg 360w, https:\/\/www.agriculture-machine.com\/wp-content\/uploads\/2021\/04\/packing-and-shipping-of-5TD-50-thresher-machine-240x180.jpg 240w\" sizes=\"auto, (max-width: 720px) 100vw, 720px\" \/><\/a> \t\t\t<\/div> \t\t\t\t<figcaption class='wp-caption-text gallery-caption' id='gallery-4-10091'> \t\t\t\t5TD-50 k\u0131r\u0131c\u0131 makinesinin paketlenmesi ve sevkiyat\u0131 \t\t\t\t<\/figcaption><\/figure> \t\t<\/div>","protected":false},"excerpt":{"rendered":"<p>The TD series machine is our latest thresher. At present, we have 5TD-50, 5TD-70, 5TD-90, 5TD-125, 5TD-1000. This article mainly shares with you the thresher machine 5TD-50 . What crops can this thresher process? This thresher machine\u00a0can be used for threshing soybean, corn, rice, wheat, quinoa, rape, sorghum, millet, etc. You do not need to [&hellip;]<\/p>\n","protected":false},"author":1,"featured_media":10093,"parent":0,"comment_status":"closed","ping_status":"closed","template":"","tags":[489,491,796,135,2614,158],"product-type":[872],"class_list":["post-10078","product","type-product","status-publish","has-post-thumbnail","hentry","tag-bean","tag-corn","tag-rice","tag-sorghum","tag-thresher","tag-wheat","product-type-thresher-sheller"],"_links":{"self":[{"href":"https:\/\/www.agriculture-machine.com\/tr\/wp-json\/wp\/v2\/product\/10078","targetHints":{"allow":["GET"]}}],"collection":[{"href":"https:\/\/www.agriculture-machine.com\/tr\/wp-json\/wp\/v2\/product"}],"about":[{"href":"https:\/\/www.agriculture-machine.com\/tr\/wp-json\/wp\/v2\/types\/product"}],"author":[{"embeddable":true,"href":"https:\/\/www.agriculture-machine.com\/tr\/wp-json\/wp\/v2\/users\/1"}],"replies":[{"embeddable":true,"href":"https:\/\/www.agriculture-machine.com\/tr\/wp-json\/wp\/v2\/comments?post=10078"}],"wp:featuredmedia":[{"embeddable":true,"href":"https:\/\/www.agriculture-machine.com\/tr\/wp-json\/wp\/v2\/media\/10093"}],"wp:attachment":[{"href":"https:\/\/www.agriculture-machine.com\/tr\/wp-json\/wp\/v2\/media?parent=10078"}],"wp:term":[{"taxonomy":"post_tag","embeddable":true,"href":"https:\/\/www.agriculture-machine.com\/tr\/wp-json\/wp\/v2\/tags?post=10078"},{"taxonomy":"product-type","embeddable":true,"href":"https:\/\/www.agriculture-machine.com\/tr\/wp-json\/wp\/v2\/product-type?post=10078"}],"curies":[{"name":"wp","href":"https:\/\/api.w.org\/{rel}","templated":true}]}}