{"id":10097,"date":"2021-04-22T16:59:16","date_gmt":"2021-04-22T08:59:16","guid":{"rendered":"https:\/\/www.agriculture-machine.com\/?p=10097"},"modified":"2024-09-18T16:15:17","modified_gmt":"2024-09-18T08:15:17","slug":"thresher-5td-70-for-rice-wheat-bean-sorghum-millet-pearl-millet","status":"publish","type":"product","link":"https:\/\/www.agriculture-machine.com\/tr\/thresher-5td-70-for-rice-wheat-bean-sorghum-millet-pearl-millet\/","title":{"rendered":"Harman 5TD-70 pirin\u00e7, bu\u011fday, fasulye, sorgum, dar\u0131 i\u00e7in"},"content":{"rendered":"<p class=\"translation-block\">This article will show you the thresher 5TD-70, which is also a multifunctional thresher machine. The difference from the <a href=\"https:\/\/www.agriculture-machine.com\/tr\/walk-behind-rice-transplanter-rice-planting-machine\/\">5TD-50 thresher machine<\/a> is that 5TD-70 thresher can&#8217;t thresh corn. The structure is bigger than 5TD-50 thresher, so it is a medium-sized thresher machine. Let&#8217;s take a look at the 5TD-70 thresher machine.<\/p> <h2>Bi\u00e7erd\u00f6ver 5TD-70 hangi \u00fcr\u00fcnleri i\u015fleyebilir?<\/h2> <p>Bu bi\u00e7erd\u00f6ver makinesi geni\u015f fasulye, soya fasulyesi, sorgum, inci dar\u0131, pirin\u00e7, bu\u011fday, nohut, sorgum, inci dar\u0131, nohut vb. bi\u00e7ebilir. Herhangi bir tah\u0131l istiyorsan\u0131z bizimle ileti\u015fime ge\u00e7ebilirsiniz. En uygun bi\u00e7erd\u00f6ver makinesini size uygun \u015fekilde e\u015fle\u015ftirece\u011fiz.<\/p> <figure id=\"attachment_10099\" aria-describedby=\"caption-attachment-10099\" style=\"width: 720px\" class=\"wp-caption alignnone\"><img loading=\"lazy\" decoding=\"async\" class=\"size-full wp-image-10099\" src=\"https:\/\/www.agriculture-machine.com\/wp-content\/uploads\/2021\/04\/thresher-for-rice-wheat-sorghum-bean-millet.jpg\" alt=\"pirin\u00e7, bu\u011fday, sorgum, fasulye, dar\u0131 bi\u00e7erd\u00f6ver\" width=\"720\" height=\"540\" srcset=\"https:\/\/www.agriculture-machine.com\/wp-content\/uploads\/2021\/04\/thresher-for-rice-wheat-sorghum-bean-millet.jpg 720w, https:\/\/www.agriculture-machine.com\/wp-content\/uploads\/2021\/04\/thresher-for-rice-wheat-sorghum-bean-millet-360x270.jpg 360w, https:\/\/www.agriculture-machine.com\/wp-content\/uploads\/2021\/04\/thresher-for-rice-wheat-sorghum-bean-millet-240x180.jpg 240w\" sizes=\"auto, (max-width: 720px) 100vw, 720px\" \/><figcaption id=\"caption-attachment-10099\" class=\"wp-caption-text\">pirin\u00e7, bu\u011fday, sorgum, fasulye, dar\u0131 bi\u00e7erd\u00f6ver<\/figcaption><\/figure> <h2>5TD-50 bi\u00e7erd\u00f6ver makinesi ekran\u0131<\/h2> <p>Bu \u00e7ok fonksiyonlu bi\u00e7erd\u00f6ver makinesi, m\u00fc\u015fterilerin farkl\u0131 ihtiya\u00e7lar\u0131na g\u00f6re farkl\u0131 renklerle boyanabilir. Ayr\u0131ca b\u00fcy\u00fck lastikler, \u00e7eki\u015f \u00e7er\u00e7evesi ve trakt\u00f6rler taraf\u0131ndan \u00e7ekilen \u015fasi \u00f6zelle\u015ftirilebilir. Bi\u00e7erd\u00f6ver makinesinde iki fan bulunur ve bi\u00e7erdikten sonra tah\u0131llar \u00e7ok temiz olur. Bi\u00e7erd\u00f6ver makinesi sadece elektrik motorlar\u0131 ve dizel motorlarla donat\u0131labilir.<\/p> <div id='gallery-1' class='gallery galleryid-10097 gallery-columns-3 gallery-size-full'><figure class='gallery-item'> \t\t\t<div class='gallery-icon landscape'> \t\t\t\t<a href='https:\/\/www.agriculture-machine.com\/wp-content\/uploads\/2021\/04\/Big-tire-thresher-machine.jpg'><img loading=\"lazy\" decoding=\"async\" width=\"720\" height=\"540\" src=\"https:\/\/www.agriculture-machine.com\/wp-content\/uploads\/2021\/04\/Big-tire-thresher-machine.jpg\" class=\"attachment-full size-full\" alt=\"B\u00fcy\u00fck lastikli bi\u00e7erd\u00f6ver makinesi\" aria-describedby=\"gallery-1-10100\" srcset=\"https:\/\/www.agriculture-machine.com\/wp-content\/uploads\/2021\/04\/Big-tire-thresher-machine.jpg 720w, https:\/\/www.agriculture-machine.com\/wp-content\/uploads\/2021\/04\/Big-tire-thresher-machine-360x270.jpg 360w, https:\/\/www.agriculture-machine.com\/wp-content\/uploads\/2021\/04\/Big-tire-thresher-machine-240x180.jpg 240w\" sizes=\"auto, (max-width: 720px) 100vw, 720px\" \/><\/a> \t\t\t<\/div> \t\t\t\t<figcaption class='wp-caption-text gallery-caption' id='gallery-1-10100'> \t\t\t\tB\u00fcy\u00fck lastikli bi\u00e7erd\u00f6ver makinesi \t\t\t\t<\/figcaption><\/figure><figure class='gallery-item'> \t\t\t<div class='gallery-icon landscape'> \t\t\t\t<a href='https:\/\/www.agriculture-machine.com\/wp-content\/uploads\/2021\/04\/Big-tire-thresher.jpg'><img loading=\"lazy\" decoding=\"async\" width=\"720\" height=\"540\" src=\"https:\/\/www.agriculture-machine.com\/wp-content\/uploads\/2021\/04\/Big-tire-thresher.jpg\" class=\"attachment-full size-full\" alt=\"B\u00fcy\u00fck lastikli bi\u00e7erd\u00f6ver\" aria-describedby=\"gallery-1-10101\" srcset=\"https:\/\/www.agriculture-machine.com\/wp-content\/uploads\/2021\/04\/Big-tire-thresher.jpg 720w, https:\/\/www.agriculture-machine.com\/wp-content\/uploads\/2021\/04\/Big-tire-thresher-360x270.jpg 360w, https:\/\/www.agriculture-machine.com\/wp-content\/uploads\/2021\/04\/Big-tire-thresher-240x180.jpg 240w\" sizes=\"auto, (max-width: 720px) 100vw, 720px\" \/><\/a> \t\t\t<\/div> \t\t\t\t<figcaption class='wp-caption-text gallery-caption' id='gallery-1-10101'> \t\t\t\tB\u00fcy\u00fck lastikli bi\u00e7erd\u00f6ver \t\t\t\t<\/figcaption><\/figure><figure class='gallery-item'> \t\t\t<div class='gallery-icon landscape'> \t\t\t\t<a href='https:\/\/www.agriculture-machine.com\/wp-content\/uploads\/2021\/04\/Diesel-engine-thresher-machine-5TD-70.jpg'><img loading=\"lazy\" decoding=\"async\" width=\"720\" height=\"540\" src=\"https:\/\/www.agriculture-machine.com\/wp-content\/uploads\/2021\/04\/Diesel-engine-thresher-machine-5TD-70.jpg\" class=\"attachment-full size-full\" alt=\"Dizel motorlu bi\u00e7erd\u00f6ver makinesi 5TD-70\" aria-describedby=\"gallery-1-10102\" srcset=\"https:\/\/www.agriculture-machine.com\/wp-content\/uploads\/2021\/04\/Diesel-engine-thresher-machine-5TD-70.jpg 720w, https:\/\/www.agriculture-machine.com\/wp-content\/uploads\/2021\/04\/Diesel-engine-thresher-machine-5TD-70-360x270.jpg 360w, https:\/\/www.agriculture-machine.com\/wp-content\/uploads\/2021\/04\/Diesel-engine-thresher-machine-5TD-70-240x180.jpg 240w\" sizes=\"auto, (max-width: 720px) 100vw, 720px\" \/><\/a> \t\t\t<\/div> \t\t\t\t<figcaption class='wp-caption-text gallery-caption' id='gallery-1-10102'> \t\t\t\tDizel motorlu bi\u00e7erd\u00f6ver makinesi 5TD-70 \t\t\t\t<\/figcaption><\/figure> \t\t<\/div>  <h2>5TD-70 bi\u00e7erd\u00f6ver kullan\u0131rken bilmeniz gerekenler nelerdir?<\/h2> <ol> <li>Farkl\u0131 \u00fcr\u00fcnleri ay\u0131rt\u0131rken ekran\u0131 de\u011fi\u015ftirmeniz gerekir.<\/li> <li>Pirincin ve soya fasulyesinin bi\u00e7iminde silindirin d\u00f6n\u00fc\u015f h\u0131z\u0131 farkl\u0131d\u0131r.<\/li> <li>Pirin\u00e7 ve bu\u011fday bi\u00e7me verimi 600-1000kg\/saat. Soya fasulyesi ve sorgum bi\u00e7me verimi 400-800kg\/saat.<\/li> <\/ol> <h2>M\u00fc\u015fteri vakas\u0131<\/h2> <p>Zambiyal\u0131 bir m\u00fc\u015fteri, bize 40 y\u00fcksek dolapl\u0131 5TD-70 bi\u00e7erd\u00f6ver makinesi sipari\u015f etti, bu makine pirin\u00e7, bu\u011fday ve soya fasulyesi bi\u00e7mek i\u00e7in kullan\u0131l\u0131r. M\u00fc\u015fterilerimiz i\u00e7in \u00fc\u00e7 t\u00fcr ekran yap\u0131land\u0131rd\u0131k. Bunlar motor modelleri ve baz\u0131lar\u0131 dizel modelleridir. Amac\u0131m\u0131z t\u00fcm m\u00fc\u015fterilerin ihtiya\u00e7lar\u0131n\u0131 kar\u015f\u0131lamakt\u0131r. Herhangi bir tar\u0131m makinesi ihtiyac\u0131n\u0131z varsa, bizimle ileti\u015fime ge\u00e7ebilirsiniz.<\/p> <div id='gallery-2' class='gallery galleryid-10097 gallery-columns-2 gallery-size-full'><figure class='gallery-item'> \t\t\t<div class='gallery-icon landscape'> \t\t\t\t<a href='https:\/\/www.agriculture-machine.com\/wp-content\/uploads\/2021\/04\/packing.jpg'><img loading=\"lazy\" decoding=\"async\" width=\"720\" height=\"540\" src=\"https:\/\/www.agriculture-machine.com\/wp-content\/uploads\/2021\/04\/packing.jpg\" class=\"attachment-full size-full\" alt=\"ambalaj\" aria-describedby=\"gallery-2-10103\" srcset=\"https:\/\/www.agriculture-machine.com\/wp-content\/uploads\/2021\/04\/packing.jpg 720w, https:\/\/www.agriculture-machine.com\/wp-content\/uploads\/2021\/04\/packing-360x270.jpg 360w, https:\/\/www.agriculture-machine.com\/wp-content\/uploads\/2021\/04\/packing-240x180.jpg 240w\" sizes=\"auto, (max-width: 720px) 100vw, 720px\" \/><\/a> \t\t\t<\/div> \t\t\t\t<figcaption class='wp-caption-text gallery-caption' id='gallery-2-10103'> \t\t\t\tambalaj \t\t\t\t<\/figcaption><\/figure><figure class='gallery-item'> \t\t\t<div class='gallery-icon landscape'> \t\t\t\t<a href='https:\/\/www.agriculture-machine.com\/wp-content\/uploads\/2021\/04\/shipping.jpg'><img loading=\"lazy\" decoding=\"async\" width=\"720\" height=\"540\" src=\"https:\/\/www.agriculture-machine.com\/wp-content\/uploads\/2021\/04\/shipping.jpg\" class=\"attachment-full size-full\" alt=\"nakliye\" aria-describedby=\"gallery-2-10104\" srcset=\"https:\/\/www.agriculture-machine.com\/wp-content\/uploads\/2021\/04\/shipping.jpg 720w, https:\/\/www.agriculture-machine.com\/wp-content\/uploads\/2021\/04\/shipping-360x270.jpg 360w, https:\/\/www.agriculture-machine.com\/wp-content\/uploads\/2021\/04\/shipping-240x180.jpg 240w\" sizes=\"auto, (max-width: 720px) 100vw, 720px\" \/><\/a> \t\t\t<\/div> \t\t\t\t<figcaption class='wp-caption-text gallery-caption' id='gallery-2-10104'> \t\t\t\tnakliye \t\t\t\t<\/figcaption><\/figure> \t\t<\/div>  <h2>Teknik Parametreler<\/h2> <table> <tbody> <tr> <td width=\"534\">Model<\/td> <td width=\"632\">5TD-70<\/td> <\/tr> <tr> <td>G\u00fc\u00e7<\/td> <td>5.5kw, 380v motor veya 12-15 hp dizel motor<\/td> <\/tr> <tr> <td>Makine a\u011f\u0131rl\u0131\u011f\u0131<\/td> <td>230kg<\/td> <\/tr> <tr> <td>Mil h\u0131z\u0131<\/td> <td>1200r\/dak<\/td> <\/tr> <tr> <td>Makine boyutu<\/td> <td>1340*2030*1380mm<\/td> <\/tr> <tr> <td>Ambalaj boyutu<\/td> <td>1050*850*1300mm<\/td> <\/tr> <tr> <td>\u00c7ift fan<\/td> <td>2500r\/dak<\/td> <\/tr> <tr> <td>\u00c7\u0131k\u0131\u015f<\/td> <td>600\u20141000kg\/saat (pirin\u00e7 ve bu\u011fday)<\/p> <p>400&#8211;800kg\/h(bean sorghum)<\/td> <\/tr> <\/tbody> <\/table>","protected":false},"excerpt":{"rendered":"<p>This article will show you the thresher 5TD-70, which is also a multifunctional thresher machine. The difference from the 5TD-50 thresher machine is that 5TD-70 thresher can&#8217;t thresh corn. The structure is bigger than 5TD-50 thresher, so it is a medium-sized thresher machine. Let&#8217;s take a look at the 5TD-70 thresher machine. What crops does [&hellip;]<\/p>\n","protected":false},"author":1,"featured_media":10098,"parent":0,"comment_status":"closed","ping_status":"closed","template":"","tags":[796,135,2614,158],"product-type":[872],"class_list":["post-10097","product","type-product","status-publish","has-post-thumbnail","hentry","tag-rice","tag-sorghum","tag-thresher","tag-wheat","product-type-thresher-sheller"],"_links":{"self":[{"href":"https:\/\/www.agriculture-machine.com\/tr\/wp-json\/wp\/v2\/product\/10097","targetHints":{"allow":["GET"]}}],"collection":[{"href":"https:\/\/www.agriculture-machine.com\/tr\/wp-json\/wp\/v2\/product"}],"about":[{"href":"https:\/\/www.agriculture-machine.com\/tr\/wp-json\/wp\/v2\/types\/product"}],"author":[{"embeddable":true,"href":"https:\/\/www.agriculture-machine.com\/tr\/wp-json\/wp\/v2\/users\/1"}],"replies":[{"embeddable":true,"href":"https:\/\/www.agriculture-machine.com\/tr\/wp-json\/wp\/v2\/comments?post=10097"}],"wp:featuredmedia":[{"embeddable":true,"href":"https:\/\/www.agriculture-machine.com\/tr\/wp-json\/wp\/v2\/media\/10098"}],"wp:attachment":[{"href":"https:\/\/www.agriculture-machine.com\/tr\/wp-json\/wp\/v2\/media?parent=10097"}],"wp:term":[{"taxonomy":"post_tag","embeddable":true,"href":"https:\/\/www.agriculture-machine.com\/tr\/wp-json\/wp\/v2\/tags?post=10097"},{"taxonomy":"product-type","embeddable":true,"href":"https:\/\/www.agriculture-machine.com\/tr\/wp-json\/wp\/v2\/product-type?post=10097"}],"curies":[{"name":"wp","href":"https:\/\/api.w.org\/{rel}","templated":true}]}}