{"id":10112,"date":"2021-04-23T11:38:08","date_gmt":"2021-04-23T03:38:08","guid":{"rendered":"https:\/\/www.agriculture-machine.com\/?p=10112"},"modified":"2024-09-18T16:16:29","modified_gmt":"2024-09-18T08:16:29","slug":"thresher-machine-5td-90-for-rice-wheat-beans-millet-sorghum","status":"publish","type":"product","link":"https:\/\/www.agriculture-machine.com\/tr\/thresher-machine-5td-90-for-rice-wheat-beans-millet-sorghum\/","title":{"rendered":"5TD-90 makinesi, pirin\u00e7, bu\u011fday, fasulye, dar\u0131, sorgum i\u00e7in"},"content":{"rendered":"<p class=\"translation-block\">5TD-90 ay\u0131klama makinesi, <a href=\"https:\/\/www.agriculture-machine.com\/tr\/thresher-machine-5td-50-for-rice-wheat-bean-corn-sorghum-millet\/\">5TD-50 ay\u0131klama makinesi<\/a> ve <a href=\"https:\/\/www.agriculture-machine.com\/tr\/thresher-5td-70-for-rice-wheat-bean-sorghum-millet-pearl-millet\/\">5TD-70 ay\u0131klama makinesi<\/a>nin geli\u015ftirilmi\u015f versiyonudur. \u00c7\u0131k\u0131\u015f\u0131 daha y\u00fcksektir. Ayr\u0131ca \u00e7ok fonksiyonlu bir ay\u0131klama makinesidir, \u00e7e\u015fitli tah\u0131llar\u0131 ay\u0131klayabilir. 7.5kw tek fazl\u0131 elektrik motoru veya 12 hp dizel motor kullan\u0131r.<\/p> <h2>5TD-90 bu\u011fday ay\u0131klama makinesi hangi \u00fcr\u00fcnleri i\u015fleyebilir?<\/h2> <p>5TD-90 bu\u011fday ay\u0131klama makinesi, pirin\u00e7, bu\u011fday, fasulye, dar\u0131, sorgum, yulaf, soya fasulyesi, nohut, geni\u015f fasulye vb. ay\u0131klamak i\u00e7in kullan\u0131l\u0131r. Farkl\u0131 \u00fcr\u00fcnleri ay\u0131klarken sadece ekran\u0131 de\u011fi\u015ftirmeniz yeterlidir. Kullan\u0131m\u0131 kolayd\u0131r ve \u00e7ift\u00e7ileri a\u011f\u0131r manuel i\u015ften kurtar\u0131r.<\/p> <figure id=\"attachment_10114\" aria-describedby=\"caption-attachment-10114\" style=\"width: 720px\" class=\"wp-caption alignnone\"><img loading=\"lazy\" decoding=\"async\" class=\"size-full wp-image-10114\" src=\"https:\/\/www.agriculture-machine.com\/wp-content\/uploads\/2021\/04\/thresher-machine-5TD-90-for-rice-corn-wheat-bean.jpg\" alt=\"pirin\u00e7 i\u00e7in ay\u0131klama makinesi 5TD-90 \" width=\"720\" height=\"540\" srcset=\"https:\/\/www.agriculture-machine.com\/wp-content\/uploads\/2021\/04\/thresher-machine-5TD-90-for-rice-corn-wheat-bean.jpg 720w, https:\/\/www.agriculture-machine.com\/wp-content\/uploads\/2021\/04\/thresher-machine-5TD-90-for-rice-corn-wheat-bean-360x270.jpg 360w, https:\/\/www.agriculture-machine.com\/wp-content\/uploads\/2021\/04\/thresher-machine-5TD-90-for-rice-corn-wheat-bean-240x180.jpg 240w\" sizes=\"auto, (max-width: 720px) 100vw, 720px\" \/><figcaption id=\"caption-attachment-10114\" class=\"wp-caption-text\">pirin\u00e7 i\u00e7in ay\u0131klama makinesi 5TD-90<\/figcaption><\/figure> <h2>Pirinc de\u011firmen makinesi 5TD-90'\u0131n ne avantajlar\u0131 var?<\/h2> <p>Bu pirin\u00e7 ay\u0131klama makinesi iki fanl\u0131d\u0131r, bu y\u00fczden ay\u0131klama sonras\u0131 tah\u0131l \u00e7ok temiz olur. Pirin\u00e7 ay\u0131klama makinesi ayr\u0131ca b\u00fcy\u00fck tekerlek ve \u00e7er\u00e7eve ile donat\u0131labilir, bu da trakt\u00f6rle kolayca ba\u011flanabilir. Bu nedenle hareket etmek kolayd\u0131r ve her t\u00fcrl\u00fc arazi \u00fczerinde y\u00fcr\u00fcyebilir. K\u0131r\u0131k pirin\u00e7 veya bu\u011fday oran\u0131 sadece %0.1'dir. 5TD-90'dan \u00e7\u0131kan pirin\u00e7 az miktarda k\u0131r\u0131lm\u0131\u015ft\u0131r.<\/p> <div id='gallery-1' class='gallery galleryid-10112 gallery-columns-2 gallery-size-full'><figure class='gallery-item'> \t\t\t<div class='gallery-icon landscape'> \t\t\t\t<a href='https:\/\/www.agriculture-machine.com\/wp-content\/uploads\/2021\/04\/thresher-machine-1.jpg'><img loading=\"lazy\" decoding=\"async\" width=\"720\" height=\"540\" src=\"https:\/\/www.agriculture-machine.com\/wp-content\/uploads\/2021\/04\/thresher-machine-1.jpg\" class=\"attachment-full size-full\" alt=\"ay\u0131klama makinesi\" aria-describedby=\"gallery-1-10118\" srcset=\"https:\/\/www.agriculture-machine.com\/wp-content\/uploads\/2021\/04\/thresher-machine-1.jpg 720w, https:\/\/www.agriculture-machine.com\/wp-content\/uploads\/2021\/04\/thresher-machine-1-360x270.jpg 360w, https:\/\/www.agriculture-machine.com\/wp-content\/uploads\/2021\/04\/thresher-machine-1-240x180.jpg 240w\" sizes=\"auto, (max-width: 720px) 100vw, 720px\" \/><\/a> \t\t\t<\/div> \t\t\t\t<figcaption class='wp-caption-text gallery-caption' id='gallery-1-10118'> \t\t\t\tay\u0131klama makinesi \t\t\t\t<\/figcaption><\/figure><figure class='gallery-item'> \t\t\t<div class='gallery-icon landscape'> \t\t\t\t<a href='https:\/\/www.agriculture-machine.com\/wp-content\/uploads\/2021\/04\/grain-thresher-machine.jpg'><img loading=\"lazy\" decoding=\"async\" width=\"720\" height=\"540\" src=\"https:\/\/www.agriculture-machine.com\/wp-content\/uploads\/2021\/04\/grain-thresher-machine.jpg\" class=\"attachment-full size-full\" alt=\"Tah\u0131l ay\u0131klama makinesi\" aria-describedby=\"gallery-1-10115\" srcset=\"https:\/\/www.agriculture-machine.com\/wp-content\/uploads\/2021\/04\/grain-thresher-machine.jpg 720w, https:\/\/www.agriculture-machine.com\/wp-content\/uploads\/2021\/04\/grain-thresher-machine-360x270.jpg 360w, https:\/\/www.agriculture-machine.com\/wp-content\/uploads\/2021\/04\/grain-thresher-machine-240x180.jpg 240w\" sizes=\"auto, (max-width: 720px) 100vw, 720px\" \/><\/a> \t\t\t<\/div> \t\t\t\t<figcaption class='wp-caption-text gallery-caption' id='gallery-1-10115'> \t\t\t\tTah\u0131l ay\u0131klama makinesi \t\t\t\t<\/figcaption><\/figure><figure class='gallery-item'> \t\t\t<div class='gallery-icon landscape'> \t\t\t\t<a href='https:\/\/www.agriculture-machine.com\/wp-content\/uploads\/2021\/04\/in-stock.jpg'><img loading=\"lazy\" decoding=\"async\" width=\"720\" height=\"422\" src=\"https:\/\/www.agriculture-machine.com\/wp-content\/uploads\/2021\/04\/in-stock.jpg\" class=\"attachment-full size-full\" alt=\"Stokta\" aria-describedby=\"gallery-1-10116\" srcset=\"https:\/\/www.agriculture-machine.com\/wp-content\/uploads\/2021\/04\/in-stock.jpg 720w, https:\/\/www.agriculture-machine.com\/wp-content\/uploads\/2021\/04\/in-stock-360x211.jpg 360w\" sizes=\"auto, (max-width: 720px) 100vw, 720px\" \/><\/a> \t\t\t<\/div> \t\t\t\t<figcaption class='wp-caption-text gallery-caption' id='gallery-1-10116'> \t\t\t\tStokta \t\t\t\t<\/figcaption><\/figure><figure class='gallery-item'> \t\t\t<div class='gallery-icon landscape'> \t\t\t\t<a href='https:\/\/www.agriculture-machine.com\/wp-content\/uploads\/2021\/04\/thresher-machine-in-stock.jpg'><img loading=\"lazy\" decoding=\"async\" width=\"720\" height=\"422\" src=\"https:\/\/www.agriculture-machine.com\/wp-content\/uploads\/2021\/04\/thresher-machine-in-stock.jpg\" class=\"attachment-full size-full\" alt=\"Stokta olan ay\u0131klama makinesi\" aria-describedby=\"gallery-1-10117\" srcset=\"https:\/\/www.agriculture-machine.com\/wp-content\/uploads\/2021\/04\/thresher-machine-in-stock.jpg 720w, https:\/\/www.agriculture-machine.com\/wp-content\/uploads\/2021\/04\/thresher-machine-in-stock-360x211.jpg 360w\" sizes=\"auto, (max-width: 720px) 100vw, 720px\" \/><\/a> \t\t\t<\/div> \t\t\t\t<figcaption class='wp-caption-text gallery-caption' id='gallery-1-10117'> \t\t\t\tStokta olan ay\u0131klama makinesi \t\t\t\t<\/figcaption><\/figure> \t\t<\/div>  <h2>Tah\u0131l ay\u0131klama makinesinin yap\u0131s\u0131<\/h2> <p>Bu tah\u0131l ay\u0131klama makinesinin yap\u0131s\u0131 basittir, bu da kullan\u0131m\u0131 ve bak\u0131m\u0131 kolayd\u0131r. Tah\u0131l ay\u0131klama makinesinin kapa\u011f\u0131 kolayca a\u00e7\u0131labilir, b\u00f6ylece kontrol ve temizlik yap\u0131labilir. Bu tah\u0131l ay\u0131klama makinesi genellikle tam y\u00fck alt\u0131nda \u00e7al\u0131\u015fabilir ve y\u00fcksek \u00fcretim verimlili\u011fi ile d\u00fc\u015f\u00fck enerji t\u00fcketimine sahiptir.<\/p> <div id='gallery-2' class='gallery galleryid-10112 gallery-columns-2 gallery-size-full'><figure class='gallery-item'> \t\t\t<div class='gallery-icon landscape'> \t\t\t\t<a href='https:\/\/www.agriculture-machine.com\/wp-content\/uploads\/2021\/04\/structure-details-of-thresher-machine-5TD-90.jpg'><img loading=\"lazy\" decoding=\"async\" width=\"720\" height=\"540\" src=\"https:\/\/www.agriculture-machine.com\/wp-content\/uploads\/2021\/04\/structure-details-of-thresher-machine-5TD-90.jpg\" class=\"attachment-full size-full\" alt=\"5TD-90 de\u011firmen makinesinin yap\u0131 detaylar\u0131\" aria-describedby=\"gallery-2-10119\" srcset=\"https:\/\/www.agriculture-machine.com\/wp-content\/uploads\/2021\/04\/structure-details-of-thresher-machine-5TD-90.jpg 720w, https:\/\/www.agriculture-machine.com\/wp-content\/uploads\/2021\/04\/structure-details-of-thresher-machine-5TD-90-360x270.jpg 360w, https:\/\/www.agriculture-machine.com\/wp-content\/uploads\/2021\/04\/structure-details-of-thresher-machine-5TD-90-240x180.jpg 240w\" sizes=\"auto, (max-width: 720px) 100vw, 720px\" \/><\/a> \t\t\t<\/div> \t\t\t\t<figcaption class='wp-caption-text gallery-caption' id='gallery-2-10119'> \t\t\t\t5TD-90 de\u011firmen makinesinin yap\u0131 detaylar\u0131 \t\t\t\t<\/figcaption><\/figure><figure class='gallery-item'> \t\t\t<div class='gallery-icon landscape'> \t\t\t\t<a href='https:\/\/www.agriculture-machine.com\/wp-content\/uploads\/2021\/04\/structure-of-thresher-machine.jpg'><img loading=\"lazy\" decoding=\"async\" width=\"720\" height=\"540\" src=\"https:\/\/www.agriculture-machine.com\/wp-content\/uploads\/2021\/04\/structure-of-thresher-machine.jpg\" class=\"attachment-full size-full\" alt=\"de\u011firmen yap\u0131s\u0131\" aria-describedby=\"gallery-2-10120\" srcset=\"https:\/\/www.agriculture-machine.com\/wp-content\/uploads\/2021\/04\/structure-of-thresher-machine.jpg 720w, https:\/\/www.agriculture-machine.com\/wp-content\/uploads\/2021\/04\/structure-of-thresher-machine-360x270.jpg 360w, https:\/\/www.agriculture-machine.com\/wp-content\/uploads\/2021\/04\/structure-of-thresher-machine-240x180.jpg 240w\" sizes=\"auto, (max-width: 720px) 100vw, 720px\" \/><\/a> \t\t\t<\/div> \t\t\t\t<figcaption class='wp-caption-text gallery-caption' id='gallery-2-10120'> \t\t\t\tde\u011firmen yap\u0131s\u0131 \t\t\t\t<\/figcaption><\/figure> \t\t<\/div>  <h2>Teknik Parametreler<\/h2> <table> <tbody> <tr> <td>De\u011firmen silindiri d\u00f6n\u00fc\u015f h\u0131z\u0131<\/td> <td>900-1040 r\/dakika<\/td> <\/tr> <tr> <td>\u00a0\u00a0\u00a0\u00a0\u00a0G\u00fc\u00e7<\/td> <td>7.5kw motor veya 12-15HP dizel motor<\/td> <\/tr> <tr> <td>Temizleme Y\u00f6ntemi<\/td> <td>Titre\u015fimli elek, b\u00fcy\u00fck fan<\/td> <\/tr> <tr> <td>Titre\u015fim Frekans\u0131<\/td> <td>340<\/td> <\/tr> <tr> <td>Fan d\u00f6n\u00fc\u015f h\u0131z\u0131<\/td> <td>1040 -1100r\/dakika<\/td> <\/tr> <tr> <td>Fan \u00e7ap\u0131<\/td> <td>D=480mm<\/td> <\/tr> <tr> <td>\u00b7<\/p> <p>Silindir \u00e7ap\u0131 x uzunlu\u011fu<\/p> <p>\u00b7<\/td> <td>D=520mm; L=900mm<\/td> <\/tr> <tr> <td>Kapasite<\/td> <td>800-1200 Kg\/saat<\/td> <\/tr> <tr> <td>\u00a0\u00a0\u00a0\u00a0\u00a0\u00a0A\u011f\u0131rl\u0131k<\/td> <td>260\u00a0Kg<\/td> <\/tr> <tr> <td>K\u0131rma oran\u0131 (\uff05)<\/td> <td>\u22640.5<\/td> <\/tr> <tr> <td>Ay\u0131klama oran\u0131 (\uff05)<\/td> <td>\u226599<\/td> <\/tr> <tr> <td>Kay\u0131p oran\u0131 (\uff05)<\/td> <td>\u22641.0<\/td> <\/tr> <tr> <td>Boyut<\/td> <td>310*170*140cm<\/td> <\/tr> <\/tbody> <\/table>","protected":false},"excerpt":{"rendered":"<p>Thresher machine 5TD-90 is an upgraded version of 5TD-50 thresher machine and 5TD-70 thresher machine. Its output is higher. It is also a multi-functional thresher machine, which can thresher a variety of grains. It use 7.5kw single phase electric motor or 12 hp diesel engine as power. What crops do the 5TD-90 wheat thresher can [&hellip;]<\/p>\n","protected":false},"author":1,"featured_media":10113,"parent":0,"comment_status":"closed","ping_status":"closed","template":"","tags":[36,94,796,135,2614,158],"product-type":[872],"class_list":["post-10112","product","type-product","status-publish","has-post-thumbnail","hentry","tag-beans","tag-millet","tag-rice","tag-sorghum","tag-thresher","tag-wheat","product-type-thresher-sheller"],"_links":{"self":[{"href":"https:\/\/www.agriculture-machine.com\/tr\/wp-json\/wp\/v2\/product\/10112","targetHints":{"allow":["GET"]}}],"collection":[{"href":"https:\/\/www.agriculture-machine.com\/tr\/wp-json\/wp\/v2\/product"}],"about":[{"href":"https:\/\/www.agriculture-machine.com\/tr\/wp-json\/wp\/v2\/types\/product"}],"author":[{"embeddable":true,"href":"https:\/\/www.agriculture-machine.com\/tr\/wp-json\/wp\/v2\/users\/1"}],"replies":[{"embeddable":true,"href":"https:\/\/www.agriculture-machine.com\/tr\/wp-json\/wp\/v2\/comments?post=10112"}],"wp:featuredmedia":[{"embeddable":true,"href":"https:\/\/www.agriculture-machine.com\/tr\/wp-json\/wp\/v2\/media\/10113"}],"wp:attachment":[{"href":"https:\/\/www.agriculture-machine.com\/tr\/wp-json\/wp\/v2\/media?parent=10112"}],"wp:term":[{"taxonomy":"post_tag","embeddable":true,"href":"https:\/\/www.agriculture-machine.com\/tr\/wp-json\/wp\/v2\/tags?post=10112"},{"taxonomy":"product-type","embeddable":true,"href":"https:\/\/www.agriculture-machine.com\/tr\/wp-json\/wp\/v2\/product-type?post=10112"}],"curies":[{"name":"wp","href":"https:\/\/api.w.org\/{rel}","templated":true}]}}