{"id":10136,"date":"2021-04-26T16:16:15","date_gmt":"2021-04-26T08:16:15","guid":{"rendered":"https:\/\/www.agriculture-machine.com\/?p=10136"},"modified":"2024-09-18T16:15:45","modified_gmt":"2024-09-18T08:15:45","slug":"thresher-machine-5td-125-for-beans-rice-wheat-corn-sorghum","status":"publish","type":"product","link":"https:\/\/www.agriculture-machine.com\/tr\/thresher-machine-5td-125-for-beans-rice-wheat-corn-sorghum\/","title":{"rendered":"Ay\u0131klama makinesi 5TD-125 fasulye, pirin\u00e7, bu\u011fday, m\u0131s\u0131r, sorgum i\u00e7in"},"content":{"rendered":"<h2>5TD-125 k\u0131r\u0131c\u0131 makinesi hangi \u00fcr\u00fcnleri i\u015fleyebilir?<\/h2> <p>Bu model k\u0131r\u0131c\u0131 makine esasen bu\u011fday, m\u0131s\u0131r, soya fasulyesi, arpa, pirin\u00e7, sorgum, dar\u0131, inci dar\u0131 ve di\u011fer \u00fcr\u00fcnlerin k\u0131r\u0131lmas\u0131 i\u00e7in kullan\u0131l\u0131r. Yap\u0131s\u0131 basittir ve kullan\u0131m\u0131 kolayd\u0131r. Y\u00fcksek verimlidir.<\/p> <figure id=\"attachment_10138\" aria-describedby=\"caption-attachment-10138\" style=\"width: 720px\" class=\"wp-caption alignnone\"><img loading=\"lazy\" decoding=\"async\" class=\"size-full wp-image-10138\" src=\"https:\/\/www.agriculture-machine.com\/wp-content\/uploads\/2021\/04\/5TD-125-thresher-machine-for-wheat-rice-sorghum-bean-millet.jpg\" alt=\"5TD-125 k\u0131r\u0131c\u0131 makinesi bu\u011fday, pirin\u00e7, sorgum, fasulye, dar\u0131 i\u00e7in\" width=\"720\" height=\"540\" srcset=\"https:\/\/www.agriculture-machine.com\/wp-content\/uploads\/2021\/04\/5TD-125-thresher-machine-for-wheat-rice-sorghum-bean-millet.jpg 720w, https:\/\/www.agriculture-machine.com\/wp-content\/uploads\/2021\/04\/5TD-125-thresher-machine-for-wheat-rice-sorghum-bean-millet-360x270.jpg 360w, https:\/\/www.agriculture-machine.com\/wp-content\/uploads\/2021\/04\/5TD-125-thresher-machine-for-wheat-rice-sorghum-bean-millet-240x180.jpg 240w\" sizes=\"auto, (max-width: 720px) 100vw, 720px\" \/><figcaption id=\"caption-attachment-10138\" class=\"wp-caption-text\">5TD-125 k\u0131r\u0131c\u0131 makinesi bu\u011fday, pirin\u00e7, sorgum, fasulye, dar\u0131 i\u00e7in<\/figcaption><\/figure> <h2>\u00dcr\u00fcn k\u0131rarken nelere dikkat edilmelidir?<\/h2> <p>Yukar\u0131da belirtildi\u011fi gibi, bu k\u0131r\u0131c\u0131 makine bir\u00e7ok \u00fcr\u00fcn\u00fcn hasad\u0131nda kullan\u0131labilir. Burada pirin\u00e7, bu\u011fday ve sorgum \u00f6rneklerini alarak makine kullan\u0131rken \u00fcr\u00fcn talebini a\u00e7\u0131kl\u0131yoruz.<br \/> Bu\u011fday<br \/> Bu\u011fday\u0131n nem i\u00e7eri\u011fi 15-20% aras\u0131ndad\u0131r.<br \/> Stil nem i\u00e7eri\u011fi: -25.<br \/> Ot- tane oran\u0131: 0.8-1.2<br \/> Pirinc<br \/> Pirincin nem i\u00e7eri\u011fi 15-28% aras\u0131ndad\u0131r.<br \/> Ot- tane oran\u0131 1.0-2.4<\/p> <div id='gallery-1' class='gallery galleryid-10136 gallery-columns-3 gallery-size-full'><figure class='gallery-item'> \t\t\t<div class='gallery-icon landscape'> \t\t\t\t<a href='https:\/\/www.agriculture-machine.com\/wp-content\/uploads\/2021\/04\/5TD-125-thresher-machine-for-wheat.jpg'><img loading=\"lazy\" decoding=\"async\" width=\"720\" height=\"540\" src=\"https:\/\/www.agriculture-machine.com\/wp-content\/uploads\/2021\/04\/5TD-125-thresher-machine-for-wheat.jpg\" class=\"attachment-full size-full\" alt=\"5TD-125 k\u0131r\u0131c\u0131 makinesi bu\u011fday i\u00e7in\" aria-describedby=\"gallery-1-10141\" srcset=\"https:\/\/www.agriculture-machine.com\/wp-content\/uploads\/2021\/04\/5TD-125-thresher-machine-for-wheat.jpg 720w, https:\/\/www.agriculture-machine.com\/wp-content\/uploads\/2021\/04\/5TD-125-thresher-machine-for-wheat-360x270.jpg 360w, https:\/\/www.agriculture-machine.com\/wp-content\/uploads\/2021\/04\/5TD-125-thresher-machine-for-wheat-240x180.jpg 240w\" sizes=\"auto, (max-width: 720px) 100vw, 720px\" \/><\/a> \t\t\t<\/div> \t\t\t\t<figcaption class='wp-caption-text gallery-caption' id='gallery-1-10141'> \t\t\t\t5TD-125 k\u0131r\u0131c\u0131 makinesi bu\u011fday i\u00e7in \t\t\t\t<\/figcaption><\/figure><figure class='gallery-item'> \t\t\t<div class='gallery-icon landscape'> \t\t\t\t<a href='https:\/\/www.agriculture-machine.com\/wp-content\/uploads\/2021\/04\/5TD-125-thresher-machine-for-sorghum.jpg'><img loading=\"lazy\" decoding=\"async\" width=\"720\" height=\"540\" src=\"https:\/\/www.agriculture-machine.com\/wp-content\/uploads\/2021\/04\/5TD-125-thresher-machine-for-sorghum.jpg\" class=\"attachment-full size-full\" alt=\"5TD-125 sorgum k\u0131r\u0131c\u0131 makinesi\" aria-describedby=\"gallery-1-10140\" srcset=\"https:\/\/www.agriculture-machine.com\/wp-content\/uploads\/2021\/04\/5TD-125-thresher-machine-for-sorghum.jpg 720w, https:\/\/www.agriculture-machine.com\/wp-content\/uploads\/2021\/04\/5TD-125-thresher-machine-for-sorghum-360x270.jpg 360w, https:\/\/www.agriculture-machine.com\/wp-content\/uploads\/2021\/04\/5TD-125-thresher-machine-for-sorghum-240x180.jpg 240w\" sizes=\"auto, (max-width: 720px) 100vw, 720px\" \/><\/a> \t\t\t<\/div> \t\t\t\t<figcaption class='wp-caption-text gallery-caption' id='gallery-1-10140'> \t\t\t\t5TD-125 sorgum k\u0131r\u0131c\u0131 makinesi \t\t\t\t<\/figcaption><\/figure><figure class='gallery-item'> \t\t\t<div class='gallery-icon landscape'> \t\t\t\t<a href='https:\/\/www.agriculture-machine.com\/wp-content\/uploads\/2021\/04\/5TD-125-thresher-machine-for-rice.jpg'><img loading=\"lazy\" decoding=\"async\" width=\"720\" height=\"540\" src=\"https:\/\/www.agriculture-machine.com\/wp-content\/uploads\/2021\/04\/5TD-125-thresher-machine-for-rice.jpg\" class=\"attachment-full size-full\" alt=\"5TD-125 pirin\u00e7 k\u0131r\u0131c\u0131 makinesi\" aria-describedby=\"gallery-1-10139\" srcset=\"https:\/\/www.agriculture-machine.com\/wp-content\/uploads\/2021\/04\/5TD-125-thresher-machine-for-rice.jpg 720w, https:\/\/www.agriculture-machine.com\/wp-content\/uploads\/2021\/04\/5TD-125-thresher-machine-for-rice-360x270.jpg 360w, https:\/\/www.agriculture-machine.com\/wp-content\/uploads\/2021\/04\/5TD-125-thresher-machine-for-rice-240x180.jpg 240w\" sizes=\"auto, (max-width: 720px) 100vw, 720px\" \/><\/a> \t\t\t<\/div> \t\t\t\t<figcaption class='wp-caption-text gallery-caption' id='gallery-1-10139'> \t\t\t\t5TD-125 pirin\u00e7 k\u0131r\u0131c\u0131 makinesi \t\t\t\t<\/figcaption><\/figure> \t\t<\/div>  <h2>K\u0131r\u0131c\u0131 makinenin \u00e7al\u0131\u015fma prensibi nedir?<\/h2> <p>\u00dcr\u00fcnler \u00e7al\u0131\u015f\u0131rken s\u00fcrekli ve e\u015fit \u015fekilde beslenir. \u00dcr\u00fcnler, tamburdaki iskelet ile ekran montaj\u0131 aras\u0131nda s\u00fcrt\u00fcnme, s\u0131k\u0131\u015fma, \u00e7arp\u0131\u015fma ve sallanma ya\u015far, b\u00f6ylece taneler saplardan ayr\u0131l\u0131r ve ekranlardan d\u0131\u015far\u0131 akar. Saplar, merkezka\u00e7 kuvvetiyle at\u0131l\u0131r ve t\u00fcm k\u0131rma i\u015flemi tamamlan\u0131r.<\/p> <h2>5TD-125 k\u0131r\u0131c\u0131 makine yap\u0131s\u0131 detaylar\u0131<\/h2> <p>Bu tip k\u0131r\u0131c\u0131 makine esasen besleme giri\u015fi, k\u0131rma b\u00f6l\u00fcm\u00fc, fanlar, ekran, bo\u015faltma \u00e7\u0131k\u0131\u015f\u0131, kirletici \u00e7\u0131k\u0131\u015f\u0131, pto, braketi, lastik vb. i\u00e7erir.<\/p> <div id='gallery-2' class='gallery galleryid-10136 gallery-columns-2 gallery-size-full'><figure class='gallery-item'> \t\t\t<div class='gallery-icon landscape'> \t\t\t\t<a href='https:\/\/www.agriculture-machine.com\/wp-content\/uploads\/2021\/04\/structure-details1.jpg'><img loading=\"lazy\" decoding=\"async\" width=\"720\" height=\"540\" src=\"https:\/\/www.agriculture-machine.com\/wp-content\/uploads\/2021\/04\/structure-details1.jpg\" class=\"attachment-full size-full\" alt=\"yap\u0131 detaylar\u01311\" aria-describedby=\"gallery-2-10142\" srcset=\"https:\/\/www.agriculture-machine.com\/wp-content\/uploads\/2021\/04\/structure-details1.jpg 720w, https:\/\/www.agriculture-machine.com\/wp-content\/uploads\/2021\/04\/structure-details1-360x270.jpg 360w, https:\/\/www.agriculture-machine.com\/wp-content\/uploads\/2021\/04\/structure-details1-240x180.jpg 240w\" sizes=\"auto, (max-width: 720px) 100vw, 720px\" \/><\/a> \t\t\t<\/div> \t\t\t\t<figcaption class='wp-caption-text gallery-caption' id='gallery-2-10142'> \t\t\t\tyap\u0131 detaylar\u01311 \t\t\t\t<\/figcaption><\/figure><figure class='gallery-item'> \t\t\t<div class='gallery-icon landscape'> \t\t\t\t<a href='https:\/\/www.agriculture-machine.com\/wp-content\/uploads\/2021\/04\/structure-details2.jpg'><img loading=\"lazy\" decoding=\"async\" width=\"720\" height=\"540\" src=\"https:\/\/www.agriculture-machine.com\/wp-content\/uploads\/2021\/04\/structure-details2.jpg\" class=\"attachment-full size-full\" alt=\"yap\u0131 detaylar\u01312\" aria-describedby=\"gallery-2-10143\" srcset=\"https:\/\/www.agriculture-machine.com\/wp-content\/uploads\/2021\/04\/structure-details2.jpg 720w, https:\/\/www.agriculture-machine.com\/wp-content\/uploads\/2021\/04\/structure-details2-360x270.jpg 360w, https:\/\/www.agriculture-machine.com\/wp-content\/uploads\/2021\/04\/structure-details2-240x180.jpg 240w\" sizes=\"auto, (max-width: 720px) 100vw, 720px\" \/><\/a> \t\t\t<\/div> \t\t\t\t<figcaption class='wp-caption-text gallery-caption' id='gallery-2-10143'> \t\t\t\tyap\u0131 detaylar\u01312 \t\t\t\t<\/figcaption><\/figure> \t\t<\/div>  <h2>K\u0131r\u0131c\u0131 makine hakk\u0131nda m\u00fc\u015fteri geri bildirimi<\/h2> <p>Resimden g\u00f6rebildi\u011fimiz kadar\u0131yla, makine \u00e7ok verimli ve insanlar \u00e7ok fazla \u00e7al\u0131\u015fmak zorunda kalm\u0131yor. Normalde bir veya iki ki\u015fi hasad\u0131 tamamlayabilir.<br \/> Kullan\u0131m senaryolar\u0131ndan biri Nijerya m\u00fc\u015fterisinin pirin\u00e7 k\u0131rmas\u0131, di\u011fer ise Kanada m\u00fc\u015fterisinin bu\u011fday k\u0131rmas\u0131d\u0131r. T\u00fcm k\u0131rma i\u015fleminin \u00e7ok iyi oldu\u011funu ve verimlili\u011fin de \u00e7ok y\u00fcksek oldu\u011funu g\u00f6rebiliyoruz.<\/p> <div id='gallery-3' class='gallery galleryid-10136 gallery-columns-2 gallery-size-full'><figure class='gallery-item'> \t\t\t<div class='gallery-icon landscape'> \t\t\t\t<a href='https:\/\/www.agriculture-machine.com\/wp-content\/uploads\/2021\/04\/thresher-machine-for-rice-in-Nigeria.jpg'><img loading=\"lazy\" decoding=\"async\" width=\"720\" height=\"540\" src=\"https:\/\/www.agriculture-machine.com\/wp-content\/uploads\/2021\/04\/thresher-machine-for-rice-in-Nigeria.jpg\" class=\"attachment-full size-full\" alt=\"Nijerya&#039;da pirin\u00e7 k\u0131r\u0131c\u0131 makinesi\" aria-describedby=\"gallery-3-10144\" srcset=\"https:\/\/www.agriculture-machine.com\/wp-content\/uploads\/2021\/04\/thresher-machine-for-rice-in-Nigeria.jpg 720w, https:\/\/www.agriculture-machine.com\/wp-content\/uploads\/2021\/04\/thresher-machine-for-rice-in-Nigeria-360x270.jpg 360w, https:\/\/www.agriculture-machine.com\/wp-content\/uploads\/2021\/04\/thresher-machine-for-rice-in-Nigeria-240x180.jpg 240w\" sizes=\"auto, (max-width: 720px) 100vw, 720px\" \/><\/a> \t\t\t<\/div> \t\t\t\t<figcaption class='wp-caption-text gallery-caption' id='gallery-3-10144'> \t\t\t\tNijerya'da pirin\u00e7 k\u0131r\u0131c\u0131 makinesi \t\t\t\t<\/figcaption><\/figure><figure class='gallery-item'> \t\t\t<div class='gallery-icon landscape'> \t\t\t\t<a href='https:\/\/www.agriculture-machine.com\/wp-content\/uploads\/2021\/04\/thresher-machine-for-wheat-in-Canada.jpg'><img loading=\"lazy\" decoding=\"async\" width=\"720\" height=\"540\" src=\"https:\/\/www.agriculture-machine.com\/wp-content\/uploads\/2021\/04\/thresher-machine-for-wheat-in-Canada.jpg\" class=\"attachment-full size-full\" alt=\"Kanada&#039;da bu\u011fday i\u00e7in k\u0131r\u0131c\u0131 makine\" aria-describedby=\"gallery-3-10145\" srcset=\"https:\/\/www.agriculture-machine.com\/wp-content\/uploads\/2021\/04\/thresher-machine-for-wheat-in-Canada.jpg 720w, https:\/\/www.agriculture-machine.com\/wp-content\/uploads\/2021\/04\/thresher-machine-for-wheat-in-Canada-360x270.jpg 360w, https:\/\/www.agriculture-machine.com\/wp-content\/uploads\/2021\/04\/thresher-machine-for-wheat-in-Canada-240x180.jpg 240w\" sizes=\"auto, (max-width: 720px) 100vw, 720px\" \/><\/a> \t\t\t<\/div> \t\t\t\t<figcaption class='wp-caption-text gallery-caption' id='gallery-3-10145'> \t\t\t\tKanada'da bu\u011fday i\u00e7in k\u0131r\u0131c\u0131 makine \t\t\t\t<\/figcaption><\/figure> \t\t<\/div>  <h2>Ambalaj ve nakliye<\/h2> <p>Bu, Nijerya ve Kanada m\u00fc\u015fterilerimizin makinelerimizi sipari\u015f etti\u011fi sahnedir ve biz de paketleyip g\u00f6nderiyoruz. Bizden makine sipari\u015f eden m\u00fc\u015fteriler, l\u00fctfen endi\u015felenmeyin, her makineyi dikkatlice paketleyece\u011fiz ki tam bir makine al\u0131rs\u0131n\u0131z. Tar\u0131m makinelerine ihtiyac\u0131n\u0131z varsa bizimle ileti\u015fime ge\u00e7ebilirsiniz.<\/p> <div id='gallery-4' class='gallery galleryid-10136 gallery-columns-2 gallery-size-full'><figure class='gallery-item'> \t\t\t<div class='gallery-icon landscape'> \t\t\t\t<a href='https:\/\/www.agriculture-machine.com\/wp-content\/uploads\/2021\/04\/shipping-1.jpg'><img loading=\"lazy\" decoding=\"async\" width=\"720\" height=\"540\" src=\"https:\/\/www.agriculture-machine.com\/wp-content\/uploads\/2021\/04\/shipping-1.jpg\" class=\"attachment-full size-full\" alt=\"nakliye\" aria-describedby=\"gallery-4-10148\" srcset=\"https:\/\/www.agriculture-machine.com\/wp-content\/uploads\/2021\/04\/shipping-1.jpg 720w, https:\/\/www.agriculture-machine.com\/wp-content\/uploads\/2021\/04\/shipping-1-360x270.jpg 360w, https:\/\/www.agriculture-machine.com\/wp-content\/uploads\/2021\/04\/shipping-1-240x180.jpg 240w\" sizes=\"auto, (max-width: 720px) 100vw, 720px\" \/><\/a> \t\t\t<\/div> \t\t\t\t<figcaption class='wp-caption-text gallery-caption' id='gallery-4-10148'> \t\t\t\tnakliye \t\t\t\t<\/figcaption><\/figure><figure class='gallery-item'> \t\t\t<div class='gallery-icon landscape'> \t\t\t\t<a href='https:\/\/www.agriculture-machine.com\/wp-content\/uploads\/2021\/04\/packing1.jpg'><img loading=\"lazy\" decoding=\"async\" width=\"720\" height=\"540\" src=\"https:\/\/www.agriculture-machine.com\/wp-content\/uploads\/2021\/04\/packing1.jpg\" class=\"attachment-full size-full\" alt=\"ambalaj1\" aria-describedby=\"gallery-4-10146\" srcset=\"https:\/\/www.agriculture-machine.com\/wp-content\/uploads\/2021\/04\/packing1.jpg 720w, https:\/\/www.agriculture-machine.com\/wp-content\/uploads\/2021\/04\/packing1-360x270.jpg 360w, https:\/\/www.agriculture-machine.com\/wp-content\/uploads\/2021\/04\/packing1-240x180.jpg 240w\" sizes=\"auto, (max-width: 720px) 100vw, 720px\" \/><\/a> \t\t\t<\/div> \t\t\t\t<figcaption class='wp-caption-text gallery-caption' id='gallery-4-10146'> \t\t\t\tambalaj1 \t\t\t\t<\/figcaption><\/figure><figure class='gallery-item'> \t\t\t<div class='gallery-icon landscape'> \t\t\t\t<a href='https:\/\/www.agriculture-machine.com\/wp-content\/uploads\/2021\/04\/packing2.jpg'><img loading=\"lazy\" decoding=\"async\" width=\"720\" height=\"352\" src=\"https:\/\/www.agriculture-machine.com\/wp-content\/uploads\/2021\/04\/packing2.jpg\" class=\"attachment-full size-full\" alt=\"ambalaj2\" aria-describedby=\"gallery-4-10147\" srcset=\"https:\/\/www.agriculture-machine.com\/wp-content\/uploads\/2021\/04\/packing2.jpg 720w, https:\/\/www.agriculture-machine.com\/wp-content\/uploads\/2021\/04\/packing2-360x176.jpg 360w\" sizes=\"auto, (max-width: 720px) 100vw, 720px\" \/><\/a> \t\t\t<\/div> \t\t\t\t<figcaption class='wp-caption-text gallery-caption' id='gallery-4-10147'> \t\t\t\tambalaj2 \t\t\t\t<\/figcaption><\/figure><figure class='gallery-item'> \t\t\t<div class='gallery-icon landscape'> \t\t\t\t<a href='https:\/\/www.agriculture-machine.com\/wp-content\/uploads\/2021\/04\/shipping2.jpg'><img loading=\"lazy\" decoding=\"async\" width=\"720\" height=\"391\" src=\"https:\/\/www.agriculture-machine.com\/wp-content\/uploads\/2021\/04\/shipping2.jpg\" class=\"attachment-full size-full\" alt=\"\" aria-describedby=\"gallery-4-10149\" srcset=\"https:\/\/www.agriculture-machine.com\/wp-content\/uploads\/2021\/04\/shipping2.jpg 720w, https:\/\/www.agriculture-machine.com\/wp-content\/uploads\/2021\/04\/shipping2-360x196.jpg 360w\" sizes=\"auto, (max-width: 720px) 100vw, 720px\" \/><\/a> \t\t\t<\/div> \t\t\t\t<figcaption class='wp-caption-text gallery-caption' id='gallery-4-10149'> \t\t\t\tnakliye2 \t\t\t\t<\/figcaption><\/figure> \t\t<\/div>  <h2>Teknik Parametreler<\/h2> <table style=\"border-collapse: collapse; width: 381.02pt;\" border=\"0\" width=\"762\" cellspacing=\"0\" cellpadding=\"0\"> <tbody> <tr style=\"height: 14.00pt;\"> <td style=\"height: 14.00pt; width: 100.50pt;\" width=\"201\" height=\"28\">Model<\/td> <td style=\"width: 280.50pt;\" width=\"561\">5TD-125<\/td> <\/tr> <tr style=\"height: 14.00pt;\"> <td style=\"height: 14.00pt;\" height=\"28\">Verimlilik<\/td> <td>1000-1500kg\/h(wheat and rice),600&#8211;800kg\/h(beans)<\/td> <\/tr> <tr style=\"height: 14.00pt;\"> <td style=\"height: 14.00pt;\" height=\"28\">E\u015fle\u015ftirilmi\u015f g\u00fc\u00e7<\/td> <td>22 beygirlik dizel motor veya 11-13kw motor<\/td> <\/tr> <tr style=\"height: 14.00pt;\"> <td style=\"height: 14.00pt;\" height=\"28\">Makine a\u011f\u0131rl\u0131\u011f\u0131<\/td> <td>420kg<\/td> <\/tr> <tr style=\"height: 14.00pt;\"> <td style=\"height: 14.00pt;\" height=\"28\">Mil h\u0131z\u0131<\/td> <td>1050 devir\/dakika, 550 devir\/dakika (fasulye k\u0131rma)<\/td> <\/tr> <tr style=\"height: 14.00pt;\"> <td style=\"height: 14.00pt;\" height=\"28\">\u0130ki fan h\u0131z\u0131<\/td> <td>2500 devir\/dakika<\/td> <\/tr> <tr style=\"height: 14.00pt;\"> <td style=\"height: 14.00pt;\" height=\"28\">Makine boyutu<\/td> <td>2500*1770*1550mm<\/td> <\/tr> <tr style=\"height: 14.00pt;\"> <td style=\"height: 14.00pt;\" height=\"28\">Ambalaj boyutu<\/td> <td>1600*1200*1500mm<\/td> <\/tr> <\/tbody> <\/table>","protected":false},"excerpt":{"rendered":"<p>What crops do the 5TD-125 thresher machine can process? This model thresher machine is mainly used for the threshing of wheat, corn, soybeans, barley, rice, sorghum, millet, pearl millet and other crops. It is simple in structure, and it is convenient to operate. It has high efficiency. What are the requirements for crops when threshing? [&hellip;]<\/p>\n","protected":false},"author":1,"featured_media":10137,"parent":0,"comment_status":"closed","ping_status":"closed","template":"","tags":[491,796,135,2614,158],"product-type":[872],"class_list":["post-10136","product","type-product","status-publish","has-post-thumbnail","hentry","tag-corn","tag-rice","tag-sorghum","tag-thresher","tag-wheat","product-type-thresher-sheller"],"_links":{"self":[{"href":"https:\/\/www.agriculture-machine.com\/tr\/wp-json\/wp\/v2\/product\/10136","targetHints":{"allow":["GET"]}}],"collection":[{"href":"https:\/\/www.agriculture-machine.com\/tr\/wp-json\/wp\/v2\/product"}],"about":[{"href":"https:\/\/www.agriculture-machine.com\/tr\/wp-json\/wp\/v2\/types\/product"}],"author":[{"embeddable":true,"href":"https:\/\/www.agriculture-machine.com\/tr\/wp-json\/wp\/v2\/users\/1"}],"replies":[{"embeddable":true,"href":"https:\/\/www.agriculture-machine.com\/tr\/wp-json\/wp\/v2\/comments?post=10136"}],"wp:featuredmedia":[{"embeddable":true,"href":"https:\/\/www.agriculture-machine.com\/tr\/wp-json\/wp\/v2\/media\/10137"}],"wp:attachment":[{"href":"https:\/\/www.agriculture-machine.com\/tr\/wp-json\/wp\/v2\/media?parent=10136"}],"wp:term":[{"taxonomy":"post_tag","embeddable":true,"href":"https:\/\/www.agriculture-machine.com\/tr\/wp-json\/wp\/v2\/tags?post=10136"},{"taxonomy":"product-type","embeddable":true,"href":"https:\/\/www.agriculture-machine.com\/tr\/wp-json\/wp\/v2\/product-type?post=10136"}],"curies":[{"name":"wp","href":"https:\/\/api.w.org\/{rel}","templated":true}]}}