{"id":10256,"date":"2021-05-07T15:02:07","date_gmt":"2021-05-07T07:02:07","guid":{"rendered":"https:\/\/www.agriculture-machine.com\/?p=10256"},"modified":"2024-09-18T16:07:18","modified_gmt":"2024-09-18T08:07:18","slug":"multifunctional-thresher-5t-1000-for-rice-corn-wheat-sorghum","status":"publish","type":"product","link":"https:\/\/www.agriculture-machine.com\/tr\/multifunctional-thresher-5t-1000-for-rice-corn-wheat-sorghum\/","title":{"rendered":"\u00c7ok fonksiyonlu ay\u0131r\u0131c\u0131 5T-1000 pirin\u00e7, m\u0131s\u0131r, bu\u011fday, sorgum i\u00e7in"},"content":{"rendered":"<h2>5T-1000 \u00e7ok fonksiyonlu k\u0131r\u0131c\u0131 hangi \u00fcr\u00fcnleri i\u015fleyebilir?<\/h2> <p>5T-1000 k\u0131r\u0131c\u0131 makinesi \u00e7ok fonksiyonludur. Broad bean, soya fasulyesi, \u015feker kam\u0131\u015f\u0131, m\u0131s\u0131r, pirin\u00e7, bu\u011fday, millet, inci millet, nohut vb. k\u0131rabilir. Farkl\u0131 \u00fcr\u00fcnler i\u00e7in farkl\u0131 boyutlarda ekranlar de\u011fi\u015ftirilmelidir. Farkl\u0131 ekranlar ile k\u0131rma etkisi daha iyidir.<\/p> <figure id=\"attachment_10262\" aria-describedby=\"caption-attachment-10262\" style=\"width: 720px\" class=\"wp-caption alignnone\"><img loading=\"lazy\" decoding=\"async\" class=\"size-full wp-image-10262\" src=\"https:\/\/www.agriculture-machine.com\/wp-content\/uploads\/2021\/05\/multifunctional-thresher-for-rice-wheat-corn-sorghum-millet.jpg\" alt=\"pirin\u00e7, bu\u011fday, m\u0131s\u0131r, \u015feker kam\u0131\u015f\u0131, millet i\u00e7in \u00e7ok fonksiyonlu k\u0131r\u0131c\u0131\" width=\"720\" height=\"540\" srcset=\"https:\/\/www.agriculture-machine.com\/wp-content\/uploads\/2021\/05\/multifunctional-thresher-for-rice-wheat-corn-sorghum-millet.jpg 720w, https:\/\/www.agriculture-machine.com\/wp-content\/uploads\/2021\/05\/multifunctional-thresher-for-rice-wheat-corn-sorghum-millet-360x270.jpg 360w, https:\/\/www.agriculture-machine.com\/wp-content\/uploads\/2021\/05\/multifunctional-thresher-for-rice-wheat-corn-sorghum-millet-240x180.jpg 240w\" sizes=\"auto, (max-width: 720px) 100vw, 720px\" \/><figcaption id=\"caption-attachment-10262\" class=\"wp-caption-text\">pirin\u00e7-bu\u011fday-m\u0131s\u0131r-\u015feker kam\u0131\u015f\u0131-millet i\u00e7in \u00e7ok fonksiyonlu k\u0131r\u0131c\u0131<\/figcaption><\/figure> <h2>5T-1000 \u00e7ok fonksiyonlu k\u0131r\u0131c\u0131 makine yap\u0131s\u0131<\/h2> <p>Bu tip k\u0131r\u0131c\u0131 genellikle bir giri\u015f, k\u0131rma b\u00f6l\u00fcm\u00fc, tutma b\u00f6l\u00fcm\u00fc, b\u00fcy\u00fck tekerlek, \u00e7ift fan, \u00e7\u0131k\u0131\u015f ve PTO i\u00e7erir.<br \/> Pirin\u00e7 \u00f6rne\u011fi al\u0131n, yapay besleme, pirinci besleme giri\u015fine koyun, k\u0131rma b\u00f6l\u00fcm\u00fcnde k\u0131rma tamamlan\u0131r ve sonra \u00e7ift fan taraf\u0131ndan kirleticiler ve toz veya pirin\u00e7 kabuklar\u0131 \u00fcflenir. Sonra, k\u0131r\u0131lm\u0131\u015f pirin\u00e7 bo\u015faltma deli\u011finden \u00e7\u0131kar. Makinenin iki fan\u0131 oldu\u011fu i\u00e7in, k\u0131rma sonras\u0131 pirin\u00e7 \u00e7ok temiz olur.<\/p> <figure id=\"attachment_10268\" aria-describedby=\"caption-attachment-10268\" style=\"width: 720px\" class=\"wp-caption alignnone\"><img loading=\"lazy\" decoding=\"async\" class=\"size-full wp-image-10268\" src=\"https:\/\/www.agriculture-machine.com\/wp-content\/uploads\/2021\/05\/multifunctional-thresher-structure.jpg\" alt=\"\u00e7ok fonksiyonlu k\u0131r\u0131c\u0131 yap\u0131s\u0131\" width=\"720\" height=\"540\" srcset=\"https:\/\/www.agriculture-machine.com\/wp-content\/uploads\/2021\/05\/multifunctional-thresher-structure.jpg 720w, https:\/\/www.agriculture-machine.com\/wp-content\/uploads\/2021\/05\/multifunctional-thresher-structure-360x270.jpg 360w, https:\/\/www.agriculture-machine.com\/wp-content\/uploads\/2021\/05\/multifunctional-thresher-structure-240x180.jpg 240w\" sizes=\"auto, (max-width: 720px) 100vw, 720px\" \/><figcaption id=\"caption-attachment-10268\" class=\"wp-caption-text\">\u00e7ok fonksiyonlu k\u0131r\u0131c\u0131 yap\u0131s\u0131<\/figcaption><\/figure> <h2>Makine ekran\u0131<\/h2> <p>B\u00fcy\u00fck kapasiteli k\u0131r\u0131c\u0131 makinenin 3 tipi vard\u0131r: temel tip, b\u00fcy\u00fck tekerlekli tip ve PTO tahrikli tip. \u00c7ift\u00e7iler i\u00e7in hareket ve \u00e7al\u0131\u015fma kolayl\u0131\u011f\u0131 sa\u011flar. Ayr\u0131ca, \u00fc\u00e7 g\u00fc\u00e7 modu vard\u0131r: dizel motor, trakt\u00f6r ve elektrik motoru. T\u00fcps\u00fcz makinenin y\u00fcksekli\u011fi 1900 cm, geni\u015fli\u011fi 150 cm ve en uzun parantez dahil 340 cm'dir. Dizel motorlu k\u0131r\u0131c\u0131 makine, makineyi daha stabil hale getirmek i\u00e7in dizel \u00e7er\u00e7eve ile kaynaklanm\u0131\u015ft\u0131r. Trakt\u00f6r i\u00e7in \u00e7ekme \u00e7er\u00e7evesi kaynaklad\u0131k, bu da makinenin araziye ba\u011fl\u0131 kalmadan daha iyi hareket etmesini sa\u011flar. Ayr\u0131ca, her makinenin bir par\u00e7as\u0131 vard\u0131r.<\/p> <div id='gallery-1' class='gallery galleryid-10256 gallery-columns-2 gallery-size-full'><figure class='gallery-item'> \t\t\t<div class='gallery-icon landscape'> \t\t\t\t<a href='https:\/\/www.agriculture-machine.com\/wp-content\/uploads\/2021\/05\/thresher-machine.jpg'><img loading=\"lazy\" decoding=\"async\" width=\"720\" height=\"540\" src=\"https:\/\/www.agriculture-machine.com\/wp-content\/uploads\/2021\/05\/thresher-machine.jpg\" class=\"attachment-full size-full\" alt=\"\u00e7ok fonksiyonlu k\u0131r\u0131c\u0131\" aria-describedby=\"gallery-1-10267\" srcset=\"https:\/\/www.agriculture-machine.com\/wp-content\/uploads\/2021\/05\/thresher-machine.jpg 720w, https:\/\/www.agriculture-machine.com\/wp-content\/uploads\/2021\/05\/thresher-machine-360x270.jpg 360w, https:\/\/www.agriculture-machine.com\/wp-content\/uploads\/2021\/05\/thresher-machine-240x180.jpg 240w\" sizes=\"auto, (max-width: 720px) 100vw, 720px\" \/><\/a> \t\t\t<\/div> \t\t\t\t<figcaption class='wp-caption-text gallery-caption' id='gallery-1-10267'> \t\t\t\tbu\u011fday, m\u0131s\u0131r, soya fasulyesi, arpa, pirin\u00e7, \u015feker kam\u0131\u015f\u0131, millet, inci millet ve di\u011fer \u00fcr\u00fcnler i\u00e7in k\u0131r\u0131c\u0131 makinesi \t\t\t\t<\/figcaption><\/figure><figure class='gallery-item'> \t\t\t<div class='gallery-icon landscape'> \t\t\t\t<a href='https:\/\/www.agriculture-machine.com\/wp-content\/uploads\/2021\/05\/2.jpg'><img loading=\"lazy\" decoding=\"async\" width=\"720\" height=\"441\" src=\"https:\/\/www.agriculture-machine.com\/wp-content\/uploads\/2021\/05\/2.jpg\" class=\"attachment-full size-full\" alt=\"\u00e7ok fonksiyonlu k\u0131r\u0131c\u0131\" aria-describedby=\"gallery-1-10264\" srcset=\"https:\/\/www.agriculture-machine.com\/wp-content\/uploads\/2021\/05\/2.jpg 720w, https:\/\/www.agriculture-machine.com\/wp-content\/uploads\/2021\/05\/2-360x221.jpg 360w\" sizes=\"auto, (max-width: 720px) 100vw, 720px\" \/><\/a> \t\t\t<\/div> \t\t\t\t<figcaption class='wp-caption-text gallery-caption' id='gallery-1-10264'> \t\t\t\tbu\u011fday, m\u0131s\u0131r, soya fasulyesi, arpa, pirin\u00e7, \u015feker kam\u0131\u015f\u0131, millet, inci millet ve di\u011fer \u00fcr\u00fcnler i\u00e7in k\u0131r\u0131c\u0131 makinesi \t\t\t\t<\/figcaption><\/figure><figure class='gallery-item'> \t\t\t<div class='gallery-icon landscape'> \t\t\t\t<a href='https:\/\/www.agriculture-machine.com\/wp-content\/uploads\/2021\/05\/3.jpg'><img loading=\"lazy\" decoding=\"async\" width=\"720\" height=\"495\" src=\"https:\/\/www.agriculture-machine.com\/wp-content\/uploads\/2021\/05\/3.jpg\" class=\"attachment-full size-full\" alt=\"\u00e7ok fonksiyonlu k\u0131r\u0131c\u0131\" aria-describedby=\"gallery-1-10265\" srcset=\"https:\/\/www.agriculture-machine.com\/wp-content\/uploads\/2021\/05\/3.jpg 720w, https:\/\/www.agriculture-machine.com\/wp-content\/uploads\/2021\/05\/3-360x248.jpg 360w\" sizes=\"auto, (max-width: 720px) 100vw, 720px\" \/><\/a> \t\t\t<\/div> \t\t\t\t<figcaption class='wp-caption-text gallery-caption' id='gallery-1-10265'> \t\t\t\tbu\u011fday, m\u0131s\u0131r, soya fasulyesi, arpa, pirin\u00e7, \u015feker kam\u0131\u015f\u0131, millet, inci millet ve di\u011fer \u00fcr\u00fcnler i\u00e7in k\u0131r\u0131c\u0131 makinesi \t\t\t\t<\/figcaption><\/figure><figure class='gallery-item'> \t\t\t<div class='gallery-icon landscape'> \t\t\t\t<a href='https:\/\/www.agriculture-machine.com\/wp-content\/uploads\/2021\/05\/4.jpg'><img loading=\"lazy\" decoding=\"async\" width=\"720\" height=\"494\" src=\"https:\/\/www.agriculture-machine.com\/wp-content\/uploads\/2021\/05\/4.jpg\" class=\"attachment-full size-full\" alt=\"\u00e7ok fonksiyonlu k\u0131r\u0131c\u0131\" aria-describedby=\"gallery-1-10266\" srcset=\"https:\/\/www.agriculture-machine.com\/wp-content\/uploads\/2021\/05\/4.jpg 720w, https:\/\/www.agriculture-machine.com\/wp-content\/uploads\/2021\/05\/4-360x247.jpg 360w\" sizes=\"auto, (max-width: 720px) 100vw, 720px\" \/><\/a> \t\t\t<\/div> \t\t\t\t<figcaption class='wp-caption-text gallery-caption' id='gallery-1-10266'> \t\t\t\t\u00e7ok fonksiyonlu k\u0131r\u0131c\u0131 makinesi  \t\t\t\t<\/figcaption><\/figure> \t\t<\/div>  <h2>Ambalaj ve nakliye<\/h2> <p>\u015eu anda, k\u0131r\u0131c\u0131 makinemiz Nijerya, Botsvana, Uganda, Amerika Birle\u015fik Devletleri, Banglade\u015f vb. \u00fclkelere sat\u0131lmaktad\u0131r. Sevkiyat \u00f6ncesinde makineyi paketleyece\u011fiz, baz\u0131lar\u0131 demir \u00e7er\u00e7eve veya ah\u015fap kutuda.<\/p> <div id='gallery-2' class='gallery galleryid-10256 gallery-columns-3 gallery-size-full'><figure class='gallery-item'> \t\t\t<div class='gallery-icon landscape'> \t\t\t\t<a href='https:\/\/www.agriculture-machine.com\/wp-content\/uploads\/2021\/05\/packing.jpg'><img loading=\"lazy\" decoding=\"async\" width=\"720\" height=\"498\" src=\"https:\/\/www.agriculture-machine.com\/wp-content\/uploads\/2021\/05\/packing.jpg\" class=\"attachment-full size-full\" alt=\"\" aria-describedby=\"gallery-2-10271\" srcset=\"https:\/\/www.agriculture-machine.com\/wp-content\/uploads\/2021\/05\/packing.jpg 720w, https:\/\/www.agriculture-machine.com\/wp-content\/uploads\/2021\/05\/packing-360x249.jpg 360w\" sizes=\"auto, (max-width: 720px) 100vw, 720px\" \/><\/a> \t\t\t<\/div> \t\t\t\t<figcaption class='wp-caption-text gallery-caption' id='gallery-2-10271'> \t\t\t\tambalaj \t\t\t\t<\/figcaption><\/figure><figure class='gallery-item'> \t\t\t<div class='gallery-icon landscape'> \t\t\t\t<a href='https:\/\/www.agriculture-machine.com\/wp-content\/uploads\/2021\/05\/multifunctional-thresher-packing.jpg'><img loading=\"lazy\" decoding=\"async\" width=\"720\" height=\"404\" src=\"https:\/\/www.agriculture-machine.com\/wp-content\/uploads\/2021\/05\/multifunctional-thresher-packing.jpg\" class=\"attachment-full size-full\" alt=\"\u00e7ok fonksiyonlu k\u0131r\u0131c\u0131 paketleme\" aria-describedby=\"gallery-2-10270\" srcset=\"https:\/\/www.agriculture-machine.com\/wp-content\/uploads\/2021\/05\/multifunctional-thresher-packing.jpg 720w, https:\/\/www.agriculture-machine.com\/wp-content\/uploads\/2021\/05\/multifunctional-thresher-packing-360x202.jpg 360w\" sizes=\"auto, (max-width: 720px) 100vw, 720px\" \/><\/a> \t\t\t<\/div> \t\t\t\t<figcaption class='wp-caption-text gallery-caption' id='gallery-2-10270'> \t\t\t\t\u00e7ok fonksiyonlu k\u0131r\u0131c\u0131 paketleme \t\t\t\t<\/figcaption><\/figure><figure class='gallery-item'> \t\t\t<div class='gallery-icon landscape'> \t\t\t\t<a href='https:\/\/www.agriculture-machine.com\/wp-content\/uploads\/2021\/05\/multifunctional-shipping.jpg'><img loading=\"lazy\" decoding=\"async\" width=\"720\" height=\"540\" src=\"https:\/\/www.agriculture-machine.com\/wp-content\/uploads\/2021\/05\/multifunctional-shipping.jpg\" class=\"attachment-full size-full\" alt=\"\u00e7ok fonksiyonlu k\u0131r\u0131c\u0131 sevkiyat\u0131\" aria-describedby=\"gallery-2-10269\" srcset=\"https:\/\/www.agriculture-machine.com\/wp-content\/uploads\/2021\/05\/multifunctional-shipping.jpg 720w, https:\/\/www.agriculture-machine.com\/wp-content\/uploads\/2021\/05\/multifunctional-shipping-360x270.jpg 360w, https:\/\/www.agriculture-machine.com\/wp-content\/uploads\/2021\/05\/multifunctional-shipping-240x180.jpg 240w\" sizes=\"auto, (max-width: 720px) 100vw, 720px\" \/><\/a> \t\t\t<\/div> \t\t\t\t<figcaption class='wp-caption-text gallery-caption' id='gallery-2-10269'> \t\t\t\t\u00e7ok fonksiyonlu k\u0131r\u0131c\u0131 sevkiyat\u0131 \t\t\t\t<\/figcaption><\/figure> \t\t<\/div>  <h2>Teknik Parametreler<\/h2> <table> <tbody> <tr> <td width=\"284\">Model<\/td> <td width=\"284\">5T-1000<\/td> <\/tr> <tr> <td width=\"284\">Kapasite<\/td> <td width=\"284\">2000-4000kg\/h m\u0131s\u0131r, 1000-2000kg\/h milletler i\u00e7in<\/td> <\/tr> <tr> <td width=\"284\">K\u0131rma oran\u0131<\/td> <td width=\"284\">99%<\/td> <\/tr> <tr> <td width=\"284\">G\u00fc\u00e7<\/td> <td width=\"284\">7.5kw elektrik motoru veya 12hp dizel motor<\/td> <\/tr> <tr> <td width=\"284\">Boyut<\/td> <td width=\"284\">3400*2100*1980mm<\/td> <\/tr> <tr> <td width=\"284\">A\u011f\u0131rl\u0131k<\/td> <td width=\"284\">700kg<\/td> <\/tr> <\/tbody> <\/table> <p>&nbsp;<\/p>","protected":false},"excerpt":{"rendered":"<p>What crops do the 5T-1000 multifunctional thresher can process? The 5T-1000 thresher machine is multifunctional. It can thresh broad bean, soybean, sorghum, corn, rice, wheat, millet, pearl millet, chickpea, etc. When threshing different crops, it is necessary to replace screens of different sizes. With different screens for different crops, the threshing effect is better. 5T-1000 [&hellip;]<\/p>\n","protected":false},"author":1,"featured_media":10261,"parent":0,"comment_status":"closed","ping_status":"closed","template":"","tags":[2614],"product-type":[872],"class_list":["post-10256","product","type-product","status-publish","has-post-thumbnail","hentry","tag-thresher","product-type-thresher-sheller"],"_links":{"self":[{"href":"https:\/\/www.agriculture-machine.com\/tr\/wp-json\/wp\/v2\/product\/10256","targetHints":{"allow":["GET"]}}],"collection":[{"href":"https:\/\/www.agriculture-machine.com\/tr\/wp-json\/wp\/v2\/product"}],"about":[{"href":"https:\/\/www.agriculture-machine.com\/tr\/wp-json\/wp\/v2\/types\/product"}],"author":[{"embeddable":true,"href":"https:\/\/www.agriculture-machine.com\/tr\/wp-json\/wp\/v2\/users\/1"}],"replies":[{"embeddable":true,"href":"https:\/\/www.agriculture-machine.com\/tr\/wp-json\/wp\/v2\/comments?post=10256"}],"wp:featuredmedia":[{"embeddable":true,"href":"https:\/\/www.agriculture-machine.com\/tr\/wp-json\/wp\/v2\/media\/10261"}],"wp:attachment":[{"href":"https:\/\/www.agriculture-machine.com\/tr\/wp-json\/wp\/v2\/media?parent=10256"}],"wp:term":[{"taxonomy":"post_tag","embeddable":true,"href":"https:\/\/www.agriculture-machine.com\/tr\/wp-json\/wp\/v2\/tags?post=10256"},{"taxonomy":"product-type","embeddable":true,"href":"https:\/\/www.agriculture-machine.com\/tr\/wp-json\/wp\/v2\/product-type?post=10256"}],"curies":[{"name":"wp","href":"https:\/\/api.w.org\/{rel}","templated":true}]}}