{"id":10313,"date":"2021-05-10T14:15:10","date_gmt":"2021-05-10T06:15:10","guid":{"rendered":"https:\/\/www.agriculture-machine.com\/?p=10313"},"modified":"2024-09-18T16:06:34","modified_gmt":"2024-09-18T08:06:34","slug":"maize-thresher-machine-wheel-corn-thresher-corn-sheller-5tym-850","status":"publish","type":"product","link":"https:\/\/www.agriculture-machine.com\/tr\/maize-thresher-machine-wheel-corn-thresher-corn-sheller-5tym-850\/","title":{"rendered":"M\u0131s\u0131r ay\u0131klama makinesi | tekerlekli m\u0131s\u0131r ay\u0131klay\u0131c\u0131 m\u0131s\u0131r kabuk soyucu 5TYM-850"},"content":{"rendered":"<p>5TYM-850 tekerlekli m\u0131s\u0131r k\u0131r\u0131c\u0131 makinesi, hayvanc\u0131l\u0131k, \u00e7iftlikler ve evlerde geni\u015f \u00f6l\u00e7\u00fcde kullan\u0131lmaktad\u0131r.<\/p> <h2>Fonksiyon ve uygulama<\/h2> <p>5TYM-850 m\u0131s\u0131r k\u0131r\u0131c\u0131, esas olarak m\u0131s\u0131r kabuklar\u0131n\u0131n soyulmas\u0131 ve k\u0131r\u0131lmas\u0131 i\u00e7in kullan\u0131l\u0131r. Bu k\u0131r\u0131c\u0131, m\u0131s\u0131r tane ile ko\u00e7an\u0131n aras\u0131n\u0131 h\u0131zla ay\u0131rabilir ve y\u00fcksek \u00e7al\u0131\u015fma verimlili\u011fi ile d\u00fc\u015f\u00fck k\u0131rma oran\u0131 \u00f6zelli\u011fine sahiptir. K\u0131r\u0131c\u0131, \u00e7al\u0131\u015ft\u0131rmak i\u00e7in dizel motor, motor ve trakt\u00f6r PTO ile donat\u0131labilir. \u0130htiya\u00e7lar\u0131n\u0131za g\u00f6re se\u00e7ebilirsiniz. Ayn\u0131 zamanda kolay ta\u015f\u0131ma i\u00e7in lastikler ve destek \u00e7er\u00e7evesiyle donat\u0131labilir.<\/p> <figure id=\"attachment_10319\" aria-describedby=\"caption-attachment-10319\" style=\"width: 720px\" class=\"wp-caption alignnone\"><img loading=\"lazy\" decoding=\"async\" class=\"size-full wp-image-10319\" src=\"https:\/\/www.agriculture-machine.com\/wp-content\/uploads\/2021\/05\/corn-thresher-1.jpg\" alt=\"m\u0131s\u0131r-k\u0131r\u0131c\u0131\" width=\"720\" height=\"540\" srcset=\"https:\/\/www.agriculture-machine.com\/wp-content\/uploads\/2021\/05\/corn-thresher-1.jpg 720w, https:\/\/www.agriculture-machine.com\/wp-content\/uploads\/2021\/05\/corn-thresher-1-360x270.jpg 360w, https:\/\/www.agriculture-machine.com\/wp-content\/uploads\/2021\/05\/corn-thresher-1-240x180.jpg 240w\" sizes=\"auto, (max-width: 720px) 100vw, 720px\" \/><figcaption id=\"caption-attachment-10319\" class=\"wp-caption-text\">m\u0131s\u0131r-k\u0131r\u0131c\u0131<\/figcaption><\/figure> <h2>5TYM-850 k\u0131r\u0131c\u0131 makinesinin yap\u0131s\u0131<\/h2> <p>M\u0131s\u0131r k\u0131r\u0131c\u0131 makinesi, bir giri\u015f, bir fan ve m\u0131s\u0131r ko\u00e7anlar\u0131 ile m\u0131s\u0131r ko\u00e7anlar\u0131 i\u00e7in iki \u00e7\u0131k\u0131\u015f, tabanlar, b\u00fcy\u00fck lastikler, destekler ve trakt\u00f6r \u00e7eki\u015f \u00e7er\u00e7evesinden olu\u015fur.<\/p> <p>&nbsp;<\/p> <p>&nbsp;<\/p> <figure id=\"attachment_10320\" aria-describedby=\"caption-attachment-10320\" style=\"width: 720px\" class=\"wp-caption alignnone\"><img loading=\"lazy\" decoding=\"async\" class=\"size-full wp-image-10320\" src=\"https:\/\/www.agriculture-machine.com\/wp-content\/uploads\/2021\/05\/structure-maize-thresher-850.jpg\" alt=\"yap\u0131-m\u0131s\u0131r-k\u0131r\u0131c\u0131-850\" width=\"720\" height=\"540\" srcset=\"https:\/\/www.agriculture-machine.com\/wp-content\/uploads\/2021\/05\/structure-maize-thresher-850.jpg 720w, https:\/\/www.agriculture-machine.com\/wp-content\/uploads\/2021\/05\/structure-maize-thresher-850-360x270.jpg 360w, https:\/\/www.agriculture-machine.com\/wp-content\/uploads\/2021\/05\/structure-maize-thresher-850-240x180.jpg 240w\" sizes=\"auto, (max-width: 720px) 100vw, 720px\" \/><figcaption id=\"caption-attachment-10320\" class=\"wp-caption-text\">yap\u0131-m\u0131s\u0131r-k\u0131r\u0131c\u0131-850<\/figcaption><\/figure> <p>Ayr\u0131nt\u0131l\u0131 yap\u0131 g\u00f6sterimi<\/p> <p>PTO, trakt\u00f6r \u00e7eki\u015f \u00e7er\u00e7evesi, elek, atma di\u015fli, kay\u0131\u015f.<\/p> <div id='gallery-1' class='gallery galleryid-10313 gallery-columns-2 gallery-size-full'><figure class='gallery-item'> \t\t\t<div class='gallery-icon landscape'> \t\t\t\t<a href='https:\/\/www.agriculture-machine.com\/wp-content\/uploads\/2021\/05\/structure-details.jpg'><img loading=\"lazy\" decoding=\"async\" width=\"720\" height=\"540\" src=\"https:\/\/www.agriculture-machine.com\/wp-content\/uploads\/2021\/05\/structure-details.jpg\" class=\"attachment-full size-full\" alt=\"\" aria-describedby=\"gallery-1-10322\" srcset=\"https:\/\/www.agriculture-machine.com\/wp-content\/uploads\/2021\/05\/structure-details.jpg 720w, https:\/\/www.agriculture-machine.com\/wp-content\/uploads\/2021\/05\/structure-details-360x270.jpg 360w, https:\/\/www.agriculture-machine.com\/wp-content\/uploads\/2021\/05\/structure-details-240x180.jpg 240w\" sizes=\"auto, (max-width: 720px) 100vw, 720px\" \/><\/a> \t\t\t<\/div> \t\t\t\t<figcaption class='wp-caption-text gallery-caption' id='gallery-1-10322'> \t\t\t\tyap\u0131-ayr\u0131nt\u0131lar\u0131 \t\t\t\t<\/figcaption><\/figure><figure class='gallery-item'> \t\t\t<div class='gallery-icon landscape'> \t\t\t\t<a href='https:\/\/www.agriculture-machine.com\/wp-content\/uploads\/2021\/05\/structure-detail.jpg'><img loading=\"lazy\" decoding=\"async\" width=\"720\" height=\"540\" src=\"https:\/\/www.agriculture-machine.com\/wp-content\/uploads\/2021\/05\/structure-detail.jpg\" class=\"attachment-full size-full\" alt=\"yap\u0131-ayr\u0131nt\u0131s\u0131\" aria-describedby=\"gallery-1-10321\" srcset=\"https:\/\/www.agriculture-machine.com\/wp-content\/uploads\/2021\/05\/structure-detail.jpg 720w, https:\/\/www.agriculture-machine.com\/wp-content\/uploads\/2021\/05\/structure-detail-360x270.jpg 360w, https:\/\/www.agriculture-machine.com\/wp-content\/uploads\/2021\/05\/structure-detail-240x180.jpg 240w\" sizes=\"auto, (max-width: 720px) 100vw, 720px\" \/><\/a> \t\t\t<\/div> \t\t\t\t<figcaption class='wp-caption-text gallery-caption' id='gallery-1-10321'> \t\t\t\tyap\u0131-ayr\u0131nt\u0131s\u0131 \t\t\t\t<\/figcaption><\/figure> \t\t<\/div>  <h2>850 k\u0131r\u0131c\u0131 ile 650 k\u0131r\u0131c\u0131 aras\u0131ndaki fark<\/h2> <ol> <li>850 m\u0131s\u0131r k\u0131r\u0131c\u0131 makinesinin \u00e7\u0131kt\u0131s\u0131, 650 olan\u0131nkinden daha b\u00fcy\u00fckt\u00fcr. <a href=\"https:\/\/www.agriculture-machine.com\/tr\/corn-thresher-maize-thresher-corn-sheller-5tym-650\/\">650 m\u0131s\u0131r k\u0131r\u0131c\u0131<\/a>. Saatlik \u00e7\u0131kt\u0131 850 k\u0131r\u0131c\u0131 i\u00e7in 4-6t, 650 k\u0131r\u0131c\u0131 i\u00e7in 1-2t'dir.<\/li> <li>850 m\u0131s\u0131r k\u0131r\u0131c\u0131 makinesinin, 650 m\u0131s\u0131r k\u0131r\u0131c\u0131ya g\u00f6re bir Fan daha vard\u0131r, bu nedenle k\u0131rma i\u015flemi sonras\u0131 m\u0131s\u0131r daha temizdir.<\/li> <li>850 m\u0131s\u0131r k\u0131r\u0131c\u0131, 650 m\u0131s\u0131r k\u0131r\u0131c\u0131dan daha b\u00fcy\u00fck boyuttad\u0131r.<br \/> \u0130htiya\u00e7lar\u0131n\u0131za g\u00f6re 850 m\u0131s\u0131r k\u0131r\u0131c\u0131 veya 650 m\u0131s\u0131r k\u0131r\u0131c\u0131y\u0131 se\u00e7ebilirsiniz.<\/li> <\/ol> <h2>M\u0131s\u0131r k\u0131r\u0131c\u0131 nas\u0131l \u00e7al\u0131\u015f\u0131r?<\/h2> <p><iframe loading=\"lazy\" title=\"m\u0131s\u0131r ay\u0131klama makinesi\" width=\"500\" height=\"281\" src=\"https:\/\/www.youtube.com\/embed\/spbXao261AY?feature=oembed\" frameborder=\"0\" allow=\"accelerometer; autoplay; clipboard-write; encrypted-media; gyroscope; picture-in-picture; web-share\" referrerpolicy=\"strict-origin-when-cross-origin\" allowfullscreen><\/iframe><\/p> <h2>Bi\u00e7erd\u00f6verin fiyat\u0131 nedir?<\/h2> <p>M\u00fc\u015fterilerimiz, web sitemize abone olanlar m\u0131s\u0131r k\u0131r\u0131c\u0131m\u0131z\u0131n s\u00fcrekli g\u00fcncellendi\u011fini bilir. B\u00fcy\u00fck verimli, k\u00fc\u00e7\u00fck verimli, \u00e7ok y\u00f6nl\u00fc ve Afrika i\u00e7in b\u00fcy\u00fck lastikli \u00f6zel uygulamalar\u0131 da dahil olmak \u00fczere \u00e7e\u015fitli m\u0131s\u0131r k\u0131r\u0131c\u0131 makinelerimiz vard\u0131r. Daha ayr\u0131nt\u0131l\u0131 bir fiyat almak isterseniz, bizimle ileti\u015fime ge\u00e7ebilir ve hangi model m\u0131s\u0131r k\u0131r\u0131c\u0131 makinesini istedi\u011finizi s\u00f6yleyebilirsiniz.<\/p> <h2>Teknik Parametreler<\/h2> <table> <tbody> <tr> <td width=\"284\">Model<\/td> <td width=\"284\">5TYM-850<\/td> <\/tr> <tr> <td width=\"284\">Kapasite<\/td> <td width=\"284\">4-6t\/h<\/td> <\/tr> <tr> <td width=\"284\">K\u0131rma oran\u0131<\/td> <td width=\"284\">99%<\/td> <\/tr> <tr> <td width=\"284\">G\u00fc\u00e7<\/td> <td width=\"284\">5.5-7.5 kw veya 12-18HP veya PTO<\/td> <\/tr> <tr> <td width=\"284\">Boyut<\/td> <td width=\"284\">1270x720x1000mm<\/td> <\/tr> <tr> <td width=\"284\">A\u011f\u0131rl\u0131k<\/td> <td width=\"284\">120 kg<\/td> <\/tr> <\/tbody> <\/table>","protected":false},"excerpt":{"rendered":"<p>5TYM-850 wheel maize thresher machine is widely used in animal husbandry, farms, and households. Function and application The 5TYM-850 corn thresher is mainly used for corn peeling and threshing. This thresher can quickly separate the corn kernels from the corn cobs and has the characteristics of high work efficiency and low crushing rate. The thresher [&hellip;]<\/p>\n","protected":false},"author":1,"featured_media":10318,"parent":0,"comment_status":"closed","ping_status":"closed","template":"","tags":[491,2619],"product-type":[872],"class_list":["post-10313","product","type-product","status-publish","has-post-thumbnail","hentry","tag-corn","tag-sheller","product-type-thresher-sheller"],"_links":{"self":[{"href":"https:\/\/www.agriculture-machine.com\/tr\/wp-json\/wp\/v2\/product\/10313","targetHints":{"allow":["GET"]}}],"collection":[{"href":"https:\/\/www.agriculture-machine.com\/tr\/wp-json\/wp\/v2\/product"}],"about":[{"href":"https:\/\/www.agriculture-machine.com\/tr\/wp-json\/wp\/v2\/types\/product"}],"author":[{"embeddable":true,"href":"https:\/\/www.agriculture-machine.com\/tr\/wp-json\/wp\/v2\/users\/1"}],"replies":[{"embeddable":true,"href":"https:\/\/www.agriculture-machine.com\/tr\/wp-json\/wp\/v2\/comments?post=10313"}],"wp:featuredmedia":[{"embeddable":true,"href":"https:\/\/www.agriculture-machine.com\/tr\/wp-json\/wp\/v2\/media\/10318"}],"wp:attachment":[{"href":"https:\/\/www.agriculture-machine.com\/tr\/wp-json\/wp\/v2\/media?parent=10313"}],"wp:term":[{"taxonomy":"post_tag","embeddable":true,"href":"https:\/\/www.agriculture-machine.com\/tr\/wp-json\/wp\/v2\/tags?post=10313"},{"taxonomy":"product-type","embeddable":true,"href":"https:\/\/www.agriculture-machine.com\/tr\/wp-json\/wp\/v2\/product-type?post=10313"}],"curies":[{"name":"wp","href":"https:\/\/api.w.org\/{rel}","templated":true}]}}