{"id":1032,"date":"2018-10-17T10:25:36","date_gmt":"2018-10-17T02:25:36","guid":{"rendered":"https:\/\/www.agriculture-machine.com\/?p=1032"},"modified":"2026-03-10T11:23:51","modified_gmt":"2026-03-10T03:23:51","slug":"baling-and-wrapping-machine","status":"publish","type":"product","link":"https:\/\/www.agriculture-machine.com\/tr\/baling-and-wrapping-machine\/","title":{"rendered":"55-52 Silaj S\u0131kma ve Sarma Makinesi Yemi S\u0131kma Makinesi Ekipman\u0131"},"content":{"rendered":"<p>Silaj balyalama makinesi ve sarg\u0131 makinesi, tar\u0131m ve hayvanc\u0131l\u0131k ekipmanlar\u0131n\u0131n bir t\u00fcr\u00fcd\u00fcr, yem, saman ve di\u011fer yemlerin toplanmas\u0131 ve korunmas\u0131nda yayg\u0131n olarak kullan\u0131l\u0131r.<\/p>    <p>Ekipman, yemleri plastik film, a\u011f ipi veya ip ile paketler ve anaerobik ortamda silaj fermantasyonunu ger\u00e7ekle\u015ftirir. Bu, yem besin maddelerini etkili bir \u015fekilde kilitler, koruma s\u00fcresini uzat\u0131r ve s\u0131\u011f\u0131r, koyun, at, geyik ve kat\u0131r gibi gevi\u015f getiren hayvanlar\u0131n y\u0131l boyunca beslenme ihtiya\u00e7lar\u0131n\u0131 kar\u015f\u0131lar.<\/p>    <figure class=\"wp-block-embed is-type-video is-provider-youtube wp-block-embed-youtube wp-embed-aspect-16-9 wp-has-aspect-ratio\"><div class=\"wp-block-embed__wrapper\"> <iframe loading=\"lazy\" title=\"Verimli Silo Yemi Balyalama ve Sarg\u0131lama Makinesi - Tar\u0131msal Paketleme Verimlili\u011fini Art\u0131r\u0131yor!\" width=\"500\" height=\"281\" src=\"https:\/\/www.youtube.com\/embed\/McQj2v6Lsx8?feature=oembed\" frameborder=\"0\" allow=\"accelerometer; autoplay; clipboard-write; encrypted-media; gyroscope; picture-in-picture; web-share\" referrerpolicy=\"strict-origin-when-cross-origin\" allowfullscreen><\/iframe> <\/div><figcaption class=\"wp-element-caption\">silaj balyalama ve sarg\u0131 makinesi \u00e7al\u0131\u015fma videosu<\/figcaption><\/figure>    <p>\u00d6zellikle TZ-55-52 balya ve sarg\u0131 makinesi kompakt yap\u0131ya, stabil performansa ve kolay kullan\u0131ma sahiptir. 5.5kw motorla donat\u0131lm\u0131\u015ft\u0131r, boyutlar\u0131 1600x1450x1060mm olup, saatte 30-50 saman balyas\u0131 yapabilir, her balya 30-90kg a\u011f\u0131rl\u0131\u011f\u0131ndad\u0131r.<\/p>    <p>Kaplama katman say\u0131s\u0131 2-4't\u00fcr ve kaplama sonras\u0131 a\u011f\u0131rl\u0131k 135kg'd\u0131r, bu da k\u00fc\u00e7\u00fck ve orta \u00f6l\u00e7ekli \u00e7ift\u00e7iler ve \u00e7iftlikler i\u00e7in yem i\u015fleme verimlili\u011fini art\u0131rmak i\u00e7in ideal bir se\u00e7imdir.<\/p>    <figure class=\"wp-block-gallery has-nested-images columns-default is-cropped wp-block-gallery-2 is-layout-flex wp-block-gallery-is-layout-flex\"> <figure class=\"wp-block-image size-large\"><img loading=\"lazy\" decoding=\"async\" width=\"720\" height=\"540\" data-id=\"13674\" src=\"https:\/\/www.agriculture-machine.com\/wp-content\/uploads\/2022\/05\/round-silage-baler0-1.jpg\" alt=\"Yuvarlak silaj balyas\u0131\" class=\"wp-image-13674\" title=\"Yuvarlak silaj balyas\u0131\" srcset=\"https:\/\/www.agriculture-machine.com\/wp-content\/uploads\/2022\/05\/round-silage-baler0-1.jpg 720w, https:\/\/www.agriculture-machine.com\/wp-content\/uploads\/2022\/05\/round-silage-baler0-1-240x180.jpg 240w, https:\/\/www.agriculture-machine.com\/wp-content\/uploads\/2022\/05\/round-silage-baler0-1-360x270.jpg 360w\" sizes=\"auto, (max-width: 720px) 100vw, 720px\" \/><figcaption class=\"wp-element-caption\">Yuvarlak silaj balyas\u0131<\/figcaption><\/figure>    <figure class=\"wp-block-image size-large\"><img loading=\"lazy\" decoding=\"async\" width=\"720\" height=\"540\" data-id=\"13675\" src=\"https:\/\/www.agriculture-machine.com\/wp-content\/uploads\/2022\/05\/silage-packing-machine0-1.jpg\" alt=\"Silaj paketleme makinesi\" class=\"wp-image-13675\" title=\"Silaj paketleme makinesi\" srcset=\"https:\/\/www.agriculture-machine.com\/wp-content\/uploads\/2022\/05\/silage-packing-machine0-1.jpg 720w, https:\/\/www.agriculture-machine.com\/wp-content\/uploads\/2022\/05\/silage-packing-machine0-1-240x180.jpg 240w, https:\/\/www.agriculture-machine.com\/wp-content\/uploads\/2022\/05\/silage-packing-machine0-1-360x270.jpg 360w\" sizes=\"auto, (max-width: 720px) 100vw, 720px\" \/><figcaption class=\"wp-element-caption\">Silaj paketleme makinesi<\/figcaption><\/figure> <\/figure>    <h2 class=\"wp-block-heading\" id=\"h-brief-introduction-to-baling-and-wrapping-machine\">Silaj balyalama makinesi uygulama alan\u0131<\/h2>    <ul class=\"wp-block-list\"> <li>Geni\u015f uygulama alan\u0131: silaj \u00e7ay\u0131rlar\u0131, taze saman ve kuru saman gibi hammaddeler kullan\u0131labilir, bu\u011fday saman\u0131, pirin\u00e7 saman\u0131, soya fasulyesi saman\u0131, m\u0131s\u0131r saplar\u0131 vb.<\/li>    <li>Bir\u00e7ok hayvan beslemesine uygun: balyalanm\u0131\u015f silaj, s\u0131\u011f\u0131r, koyun, at, geyik, kat\u0131r, domuz, deve, tav\u015fan ve di\u011fer hayvanlar ve gevi\u015f getirenler i\u00e7in kullan\u0131labilir.<\/li>    <li>Farkl\u0131 b\u00f6lgelere ve \u00e7ift\u00e7ilik \u00f6l\u00e7eklerine uyum sa\u011flayabilir: aile \u00e7iftlikleri, kooperatifler ve k\u00fc\u00e7\u00fck ile orta \u00f6l\u00e7ekli \u00e7iftliklerde verimli kullan\u0131labilir ve uzun vadeli depolama ve ta\u015f\u0131ma i\u00e7in uygundur.<\/li> <\/ul>    <figure class=\"wp-block-gallery has-nested-images columns-default is-cropped wp-block-gallery-3 is-layout-flex wp-block-gallery-is-layout-flex\"> <figure class=\"wp-block-image size-large\"><img loading=\"lazy\" decoding=\"async\" width=\"720\" height=\"540\" data-id=\"13676\" src=\"https:\/\/www.agriculture-machine.com\/wp-content\/uploads\/2022\/05\/application-scope_-1.jpg\" alt=\"Uygulama alan\u0131\" class=\"wp-image-13676\" title=\"Uygulama alan\u0131\" srcset=\"https:\/\/www.agriculture-machine.com\/wp-content\/uploads\/2022\/05\/application-scope_-1.jpg 720w, https:\/\/www.agriculture-machine.com\/wp-content\/uploads\/2022\/05\/application-scope_-1-240x180.jpg 240w, https:\/\/www.agriculture-machine.com\/wp-content\/uploads\/2022\/05\/application-scope_-1-360x270.jpg 360w\" sizes=\"auto, (max-width: 720px) 100vw, 720px\" \/><figcaption class=\"wp-element-caption\">Uygulama alan\u0131<\/figcaption><\/figure>    <figure class=\"wp-block-image size-large\"><img loading=\"lazy\" decoding=\"async\" width=\"720\" height=\"540\" data-id=\"13677\" src=\"https:\/\/www.agriculture-machine.com\/wp-content\/uploads\/2022\/05\/application.jpg\" alt=\"Balyalama ve sarg\u0131 makinesi uygulamas\u0131\" class=\"wp-image-13677\" title=\"Balyalama ve sarg\u0131lama makinesi\" srcset=\"https:\/\/www.agriculture-machine.com\/wp-content\/uploads\/2022\/05\/application.jpg 720w, https:\/\/www.agriculture-machine.com\/wp-content\/uploads\/2022\/05\/application-240x180.jpg 240w, https:\/\/www.agriculture-machine.com\/wp-content\/uploads\/2022\/05\/application-360x270.jpg 360w\" sizes=\"auto, (max-width: 720px) 100vw, 720px\" \/><figcaption class=\"wp-element-caption\">Balyalama ve sarg\u0131 makinesi uygulamas\u0131<\/figcaption><\/figure> <\/figure>    <h2 class=\"wp-block-heading\">\u00d6zelle\u015ftirilmi\u015f b\u00fcy\u00fck lastik \u00e7eki\u015fli balya sarg\u0131 makinesi<\/h2>    <p>En yeni \u00f6zelle\u015ftirilmi\u015f mobil 55-52 silaj balyalama ve sarg\u0131 makinesi, orijinal modelden geli\u015ftirilmi\u015f olup, daha b\u00fcy\u00fck lastiklerle donat\u0131lm\u0131\u015ft\u0131r, bu da kolay \u00e7eki\u015f ve \u00e7e\u015fitli arazi par\u00e7alar\u0131nda h\u0131zl\u0131 hareket sa\u011flar, operasyonel esnekli\u011fi \u00f6nemli \u00f6l\u00e7\u00fcde art\u0131r\u0131r. <\/p>    <figure class=\"wp-block-gallery has-nested-images columns-default is-cropped wp-block-gallery-4 is-layout-flex wp-block-gallery-is-layout-flex\"> <figure class=\"wp-block-image size-large\"><img loading=\"lazy\" decoding=\"async\" width=\"720\" height=\"540\" data-id=\"16875\" src=\"https:\/\/www.agriculture-machine.com\/wp-content\/uploads\/2018\/10\/hay-baling-wrapping-machine.webp\" alt=\"ot balyalama ve sarg\u0131 makinesi\" class=\"wp-image-16875\" srcset=\"https:\/\/www.agriculture-machine.com\/wp-content\/uploads\/2018\/10\/hay-baling-wrapping-machine.webp 720w, https:\/\/www.agriculture-machine.com\/wp-content\/uploads\/2018\/10\/hay-baling-wrapping-machine-360x270.webp 360w, https:\/\/www.agriculture-machine.com\/wp-content\/uploads\/2018\/10\/hay-baling-wrapping-machine-240x180.webp 240w, https:\/\/www.agriculture-machine.com\/wp-content\/uploads\/2018\/10\/hay-baling-wrapping-machine-16x12.webp 16w\" sizes=\"auto, (max-width: 720px) 100vw, 720px\" \/><figcaption class=\"wp-element-caption\">ot balyalama ve sarg\u0131 makinesi<\/figcaption><\/figure>    <figure class=\"wp-block-image size-large\"><img loading=\"lazy\" decoding=\"async\" width=\"720\" height=\"540\" data-id=\"16876\" src=\"https:\/\/www.agriculture-machine.com\/wp-content\/uploads\/2018\/10\/mobile-type-forage-baler-machine.webp\" alt=\"Mobil tip yem balyalama makinesi\" class=\"wp-image-16876\" srcset=\"https:\/\/www.agriculture-machine.com\/wp-content\/uploads\/2018\/10\/mobile-type-forage-baler-machine.webp 720w, https:\/\/www.agriculture-machine.com\/wp-content\/uploads\/2018\/10\/mobile-type-forage-baler-machine-360x270.webp 360w, https:\/\/www.agriculture-machine.com\/wp-content\/uploads\/2018\/10\/mobile-type-forage-baler-machine-240x180.webp 240w, https:\/\/www.agriculture-machine.com\/wp-content\/uploads\/2018\/10\/mobile-type-forage-baler-machine-16x12.webp 16w\" sizes=\"auto, (max-width: 720px) 100vw, 720px\" \/><figcaption class=\"wp-element-caption\">Mobil tip yem balyalama makinesi<\/figcaption><\/figure> <\/figure>    <p>Bu y\u00fckseltme, \u00f6zellikle Afrika ve zor arazi ve da\u011f\u0131n\u0131k \u00e7iftliklere sahip di\u011fer b\u00f6lgeler i\u00e7in faydal\u0131d\u0131r, silaj balyalama ve depolama s\u00fcrecini daha verimli ve kullan\u0131c\u0131 dostu hale getirir. B\u00fcy\u00fck \u00e7iftlik veya k\u00fc\u00e7\u00fck \u00e7iftlik fark etmeksizin, bu model tar\u0131msal verimlili\u011fi art\u0131rmak i\u00e7in m\u00fckemmel bir se\u00e7enektir.<\/p>    <figure class=\"wp-block-embed aligncenter is-type-video is-provider-youtube wp-block-embed-youtube wp-embed-aspect-16-9 wp-has-aspect-ratio\"><div class=\"wp-block-embed__wrapper\"> <iframe loading=\"lazy\" title=\"\u00d6zelle\u015ftirilmi\u015f B\u00fcy\u00fck Lastikli Yuvarlak Balya ve Sarg\u0131 Makinesi - Verimli Balya Sarg\u0131lama \u00c7\u00f6z\u00fcm\u00fc#silajbaler\" width=\"500\" height=\"281\" src=\"https:\/\/www.youtube.com\/embed\/b_8wTFsUBp4?feature=oembed\" frameborder=\"0\" allow=\"accelerometer; autoplay; clipboard-write; encrypted-media; gyroscope; picture-in-picture; web-share\" referrerpolicy=\"strict-origin-when-cross-origin\" allowfullscreen><\/iframe> <\/div><figcaption class=\"wp-element-caption\">Silaj balyalama ve sarg\u0131 makinesi \u00e7al\u0131\u015fma videosu<\/figcaption><\/figure>    <h2 class=\"wp-block-heading\">Ot balyalama makinesinin ana yap\u0131s\u0131<\/h2>    <ul class=\"wp-block-list\"> <li><strong>Ezme b\u00f6l\u00fcm\u00fc<\/strong><br>Silage or forage is prepared by shredding, crushing, and extruding to break down the tough stem segments on the straw&#8217;s surface, making it easier for livestock to consume the parts of the straw that are not directly edible.<\/li>    <li><strong>Balya b\u00f6l\u00fcm\u00fc<\/strong><br>Yem, h\u0131zla ve e\u015fit \u015fekilde balya \u00e7al\u0131\u015fma odas\u0131na beslenir. Her balya yakla\u015f\u0131k 80kg a\u011f\u0131rl\u0131\u011f\u0131nda oldu\u011funda, sinyal tekerle\u011fi sabit h\u0131zda d\u00f6ner, sarmal kavrama kolunu kullanarak balyay\u0131 ip ile sarar. \u0130pi kestikten sonra, kullan\u0131c\u0131 a\u00e7ma kolunu kullanarak balyay\u0131 serbest b\u0131rak\u0131r.<\/li>    <li><strong>Sarg\u0131 b\u00f6l\u00fcm\u00fc<\/strong><br>Balyalar, sarg\u0131 makinesinin iki paralel band\u0131nda konumland\u0131r\u0131l\u0131r. Sarg\u0131 anahtar\u0131 etkinle\u015ftirildi\u011finde, \u00e7er\u00e7eveyi d\u00f6nd\u00fcrerek balyalar\u0131 hareket ettirir. Balyalar daha sonra plastik filmi gererek kendilerini otomatik olarak sarar. Kullan\u0131c\u0131lar ayr\u0131ca kaplama katmanlar\u0131n\u0131n say\u0131s\u0131n\u0131 2 ile 4 aras\u0131nda ayarlayabilirler.<\/li> <\/ul>    <figure class=\"wp-block-image aligncenter size-full\"><img loading=\"lazy\" decoding=\"async\" width=\"720\" height=\"540\" src=\"https:\/\/www.agriculture-machine.com\/wp-content\/uploads\/2022\/05\/structure-of-silage-baler-1-1.jpg\" alt=\" Silo balya makinesinin yap\u0131s\u0131\" class=\"wp-image-13678\" title=\" Silo balya makinesinin yap\u0131s\u0131\" srcset=\"https:\/\/www.agriculture-machine.com\/wp-content\/uploads\/2022\/05\/structure-of-silage-baler-1-1.jpg 720w, https:\/\/www.agriculture-machine.com\/wp-content\/uploads\/2022\/05\/structure-of-silage-baler-1-1-240x180.jpg 240w, https:\/\/www.agriculture-machine.com\/wp-content\/uploads\/2022\/05\/structure-of-silage-baler-1-1-360x270.jpg 360w\" sizes=\"auto, (max-width: 720px) 100vw, 720px\" \/><figcaption class=\"wp-element-caption\"> Silo balya makinesinin yap\u0131s\u0131<\/figcaption><\/figure>    <h2 class=\"wp-block-heading\"><a href=\"https:\/\/www.agriculture-machine.com\/tr\/silage-baler-and-wrapping-machines-working-principle\/\">Balyalama makinesinin \u00e7al\u0131\u015fma prensibi<\/a><\/h2>    <ul class=\"wp-block-list\"> <li>Operat\u00f6r, saman\u0131 k\u00fcrekle al\u0131p giri\u015fe koyar.<\/li>    <li>Birka\u00e7 dakika sonra, demetler iplerin g\u00fcc\u00fcyle tamamlanacakt\u0131r.<\/li>    <li>Kullan\u0131c\u0131, demetleri \u00f6ne iter ve ard\u0131ndan bir d\u00fc\u011fmeye basar, demetler otomatik olarak balyalan\u0131r.<\/li> <\/ul>    <figure class=\"wp-block-embed aligncenter is-type-video is-provider-youtube wp-block-embed-youtube wp-embed-aspect-16-9 wp-has-aspect-ratio\"><div class=\"wp-block-embed__wrapper\"> <iframe loading=\"lazy\" title=\"Verimli Otomatik Balyalama ve Sarg\u0131lama Makinesi Canl\u0131 G\u00f6sterimi!#silaj #silajbalyas\u0131\" width=\"500\" height=\"281\" src=\"https:\/\/www.youtube.com\/embed\/K28IRyNOT1A?feature=oembed\" frameborder=\"0\" allow=\"accelerometer; autoplay; clipboard-write; encrypted-media; gyroscope; picture-in-picture; web-share\" referrerpolicy=\"strict-origin-when-cross-origin\" allowfullscreen><\/iframe> <\/div><figcaption class=\"wp-element-caption\">otomatik silaj balya sarg\u0131 makinesi \u00e7al\u0131\u015fma alan\u0131<\/figcaption><\/figure>    <h2 class=\"wp-block-heading\" id=\"h-how-to-install-a-corn-silage-baler-machine\">M\u0131s\u0131r silaj\u0131 balyalama makinesi nas\u0131l kurulur?<\/h2>   <div id=\"rank-math-howto\" class=\"rank-math-block\" > <div class=\"rank-math-howto-description\">  <\/div>  <div class=\"rank-math-steps\"> <div id=\"howto-step-1716370344060\" class=\"rank-math-step\"> <div class=\"rank-math-step-content\"><p>Silo filmi k\u0131rm\u0131z\u0131 \u00e7ipi yukar\u0131 bakacak \u015fekilde yerle\u015ftirilir ve ard\u0131ndan film ta\u015f\u0131ma \u00e7er\u00e7evesine sabitlenir. Daha sonra, bir tutucu kullanarak a\u00e7\u0131s\u0131n\u0131 ayarlamal\u0131s\u0131n\u0131z. Silo filmler aras\u0131ndaki mesafe uygun olmal\u0131d\u0131r. Mesafe \u00e7ok geni\u015fse, konvey\u00f6r alt\u0131ndaki iki vida ile ayarlanabilir.<\/p> <\/div> <\/div> <div id=\"howto-step-1716370378589\" class=\"rank-math-step\"> <div class=\"rank-math-step-content\"><p>\u0130kinci olarak, ipi balyalama makinesi ve sarg\u0131 makinesinin deliklerinden ge\u00e7ecek \u015fekilde yerle\u015ftirin.<\/p> <\/div> <\/div> <div id=\"howto-step-1716370385500\" class=\"rank-math-step\"> <h3 class=\"rank-math-step-title\"> <\/h3> <div class=\"rank-math-step-content\"><p>\u00dc\u00e7\u00fcnc\u00fc olarak, telleri ba\u011flay\u0131n. \u00dc\u00e7 fazl\u0131 elektrik tellerini kontrol kutusunun i\u00e7ine ba\u011flay\u0131n. \u0130letim ipi ve balyalama i\u00e7in iki zaman ayarlay\u0131c\u0131 vard\u0131r, ayarlanabilirler.<\/p> <\/div> <\/div> <div id=\"howto-step-1716370393227\" class=\"rank-math-step\"> <div class=\"rank-math-step-content\"><p>D\u00f6rd\u00fcnc\u00fc olarak, hava pompas\u0131n\u0131n kurulumu. Hava pompas\u0131 motorunu g\u00fc\u00e7 kayna\u011f\u0131na ba\u011flay\u0131n. Hava borusunu makineye ba\u011flay\u0131n ve havaland\u0131rma anahtar\u0131n\u0131 a\u00e7\u0131n. \u00c7al\u0131\u015fma s\u0131ras\u0131nda hava bas\u0131nc\u0131 0.6 ile 0.8Pa aras\u0131nda tutulmal\u0131d\u0131r.<\/p> <\/div> <\/div> <div id=\"howto-step-1716370411875\" class=\"rank-math-step\"> <div class=\"rank-math-step-content\"><p>Kullanmadan \u00f6nce balya makinesi ve sarg\u0131 makinesinin t\u00fcm par\u00e7alar\u0131n\u0131 dikkatlice kontrol edin ve makinenin do\u011fru y\u00f6nde \u00e7al\u0131\u015ft\u0131\u011f\u0131ndan emin olun.<\/p> <\/div> <\/div> <\/div> <\/div>       <figure class=\"wp-block-embed is-type-video is-provider-youtube wp-block-embed-youtube wp-embed-aspect-16-9 wp-has-aspect-ratio\"><div class=\"wp-block-embed__wrapper\"> <iframe loading=\"lazy\" title=\"M\u0131s\u0131r silaj\u0131 balyalama makinesi \/ saman balyalama makinesi \/ silaj balyalama ve sarg\u0131 makineleri ad\u0131mlar\u0131\" width=\"500\" height=\"281\" src=\"https:\/\/www.youtube.com\/embed\/stBWAHxhA-c?feature=oembed\" frameborder=\"0\" allow=\"accelerometer; autoplay; clipboard-write; encrypted-media; gyroscope; picture-in-picture; web-share\" referrerpolicy=\"strict-origin-when-cross-origin\" allowfullscreen><\/iframe> <\/div><figcaption class=\"wp-element-caption\">Silo balya makinesinin kurulum s\u00fcreci<\/figcaption><\/figure>    <h2 class=\"wp-block-heading\" id=\"h-technical-parameter-of-the-baling-and-wrapping-machine\">Balyalama ve sarg\u0131 makinesi parametreleri<\/h2>    <figure class=\"wp-block-table is-style-stripes\"><table class=\"has-fixed-layout\"><tbody><tr><td><strong><strong>Model<\/strong><\/strong><\/td><td>TZ-55-52<\/td><\/tr><tr><td><strong><strong>Motor<\/strong><\/strong><\/td><td>5.5KW<\/td><\/tr><tr><td><strong><strong>Boyut<\/strong><\/strong><\/td><td>1600x1450x1060mm<\/td><\/tr><tr><td><strong><strong>A\u011f\u0131rl\u0131k<\/strong><\/strong><\/td><td>380kg<\/td><\/tr><tr><td><strong>\u00c7al\u0131\u015fma h\u0131z\u0131<\/strong><\/td><td>30-50 demet\/saat<\/td><\/tr><tr><td><strong>Balyan\u0131n a\u011f\u0131rl\u0131\u011f\u0131<\/strong><\/td><td>30-90kg<\/td><\/tr><tr><td><strong>Kaplama katman\u0131<\/strong><\/td><td>2-4 katman<\/td><\/tr><tr><td><strong>Kaplama verimlili\u011fi<\/strong><\/td><td>12 saniye\/balya 2 katman\u2026<\/td><\/tr><tr><td><strong>Kaplamal\u0131 makinenin A\u011f\u0131rl\u0131\u011f\u0131<\/strong><\/td><td>135kg<\/td><\/tr><tr><td><strong>Balya tipi<\/strong><\/td><td>Uzun s\u00fcre saklama i\u00e7in film ile yuvarlak \u015fekil<\/td><\/tr><tr><td><strong>Hammadde<\/strong><\/td><td>Neredeyse t\u00fcm silaj, bu\u011fday, pirin\u00e7, soya, m\u0131s\u0131r gibi taze veya kuru samanlara uygundur.<\/td><\/tr><\/tbody><\/table><\/figure>    <h2 class=\"wp-block-heading\">Banglade\u015f\u2019e sat\u0131lan silaj paketleme balyalama makinesi<\/h2>    <p class=\"translation-block\">M\u00fc\u015fterilerimizin \u00e7o\u011fu <a href=\"https:\/\/en.wikipedia.org\/wiki\/Bangladesh\" target=\"_blank\" rel=\"noopener\">Banglade\u015f<\/a>\u2019ten olup, bizim YouTube kanal\u0131m\u0131z arac\u0131l\u0131\u011f\u0131yla bizimle ileti\u015fime ge\u00e7iyorlar. M\u00fc\u015fteri, ki\u015fisel kullan\u0131m i\u00e7in bir balyalama makinesi ve sarg\u0131 makinesi sat\u0131n almak istiyor.<\/p>    <p>During discussions, our sales managers gather information about the client&#8217;s budget. As a result, the sales manager suggested the small silage packing baler machine TZ-55-52.<\/p>    <p>Customers believe this machine fits their requirements well. Additionally, the client expressed a desire to pack the forage using nets and ropes. This machine is versatile enough to accommodate both options, catering to the customer&#8217;s needs.<\/p>    <figure class=\"wp-block-gallery has-nested-images columns-default is-cropped wp-block-gallery-5 is-layout-flex wp-block-gallery-is-layout-flex\"> <figure class=\"wp-block-image size-large\"><img loading=\"lazy\" decoding=\"async\" width=\"720\" height=\"540\" data-id=\"13679\" src=\"https:\/\/www.agriculture-machine.com\/wp-content\/uploads\/2022\/05\/1.-film-packing-1-1.jpg\" alt=\"film paketleme\" class=\"wp-image-13679\" title=\"film paketleme\" srcset=\"https:\/\/www.agriculture-machine.com\/wp-content\/uploads\/2022\/05\/1.-film-packing-1-1.jpg 720w, https:\/\/www.agriculture-machine.com\/wp-content\/uploads\/2022\/05\/1.-film-packing-1-1-240x180.jpg 240w, https:\/\/www.agriculture-machine.com\/wp-content\/uploads\/2022\/05\/1.-film-packing-1-1-360x270.jpg 360w\" sizes=\"auto, (max-width: 720px) 100vw, 720px\" \/><figcaption class=\"wp-element-caption\">film paketleme<\/figcaption><\/figure>    <figure class=\"wp-block-image size-large\"><img loading=\"lazy\" decoding=\"async\" width=\"720\" height=\"540\" data-id=\"13680\" src=\"https:\/\/www.agriculture-machine.com\/wp-content\/uploads\/2022\/05\/wooden-package-1-1.jpg\" alt=\"Silo paketleme makinesinin ah\u015fap kasa ambalaj\u0131\" class=\"wp-image-13680\" title=\"Silo paketleme makinesinin ah\u015fap kasa ambalaj\u0131\" srcset=\"https:\/\/www.agriculture-machine.com\/wp-content\/uploads\/2022\/05\/wooden-package-1-1.jpg 720w, https:\/\/www.agriculture-machine.com\/wp-content\/uploads\/2022\/05\/wooden-package-1-1-240x180.jpg 240w, https:\/\/www.agriculture-machine.com\/wp-content\/uploads\/2022\/05\/wooden-package-1-1-360x270.jpg 360w\" sizes=\"auto, (max-width: 720px) 100vw, 720px\" \/><figcaption class=\"wp-element-caption\">Silo paketleme makinesinin ah\u015fap kasa ambalaj\u0131<\/figcaption><\/figure> <\/figure>    <p class=\"translation-block\">Genellikle, balyalama ve sarg\u0131 makinelerini kullanmadan \u00f6nce, yemleri <a href=\"https:\/\/www.agriculture-machine.com\/tr\/4-15t-h-grass-cutting-machine-cutting-wet-grass-grass-cutter\/\">sam k\u0131r\u0131c\u0131<\/a> ile ezebiliriz. Bu, i\u015flenmi\u015f yemlerin balyalanmas\u0131n\u0131 kolayla\u015ft\u0131r\u0131r. <\/p>    <figure class=\"wp-block-embed aligncenter is-type-video is-provider-youtube wp-block-embed-youtube wp-embed-aspect-16-9 wp-has-aspect-ratio\"><div class=\"wp-block-embed__wrapper\"> <iframe loading=\"lazy\" title=\"Silaj K\u0131r\u0131c\u0131 ve Balyal\u0131 Sarg\u0131 Kombosu | Y\u00fcksek Verimli Yem \u0130\u015fleme#silaj #balyal\u0131\" width=\"500\" height=\"281\" src=\"https:\/\/www.youtube.com\/embed\/WnhgAncaJ2s?feature=oembed\" frameborder=\"0\" allow=\"accelerometer; autoplay; clipboard-write; encrypted-media; gyroscope; picture-in-picture; web-share\" referrerpolicy=\"strict-origin-when-cross-origin\" allowfullscreen><\/iframe> <\/div><figcaption class=\"wp-element-caption\">Silaj balyalama ve sarg\u0131 makinesi, yem k\u0131r\u0131c\u0131 ile birlikte \u00e7al\u0131\u015f\u0131yor<\/figcaption><\/figure>    <p class=\"translation-block\">Daha fazla detay \u00f6\u011frenmek istiyorsan\u0131z, l\u00fctfen t\u0131klay\u0131n <strong><em><a href=\"https:\/\/www.agriculture-machine.com\/tr\/full-automatic-silage-baling-machine\/\">Silaj Balyas\u0131 Makinesi | Tam Otomatik Silaj Balyas\u0131 Makinesi<\/a><\/em><\/strong>. Her zaman bizimle ileti\u015fime ge\u00e7ebilirsiniz.<\/p>    <h2 class=\"wp-block-heading\">SSS<\/h2>   <div id=\"rank-math-faq\" class=\"rank-math-block\"> <div class=\"rank-math-list\"> <div id=\"faq-question-1716370592680\" class=\"rank-math-list-item\"> <h3 class=\"rank-math-question\">Makinenin g\u00fcc\u00fc nedir?<\/h3> <div class=\"rank-math-answer\">  <p>G\u00fc\u00e7, dizel motor, benzinli motor veya elektrik motoru olabilir. Farkl\u0131 modellerin farkl\u0131 g\u00fc\u00e7 gereksinimleri vard\u0131r.<\/p>  <\/div> <\/div> <div id=\"faq-question-1716370601077\" class=\"rank-math-list-item\"> <h3 class=\"rank-math-question\">Balya sarg\u0131 makinesinin amac\u0131 nedir?<\/h3> <div class=\"rank-math-answer\">  <p>Kuru veya \u0131slak silaj, yabani otlar, saman.<\/p>  <\/div> <\/div> <div id=\"faq-question-1716370606396\" class=\"rank-math-list-item\"> <h3 class=\"rank-math-question\">Paketlenmi\u015f yem ne kadar s\u00fcre saklanabilir?<\/h3> <div class=\"rank-math-answer\">  <p>2-3 y\u0131l.<\/p>  <\/div> <\/div> <div id=\"faq-question-1716370614540\" class=\"rank-math-list-item\"> <h3 class=\"rank-math-question\">Makine hava kompres\u00f6r\u00fc kullan\u0131yor mu?<\/h3> <div class=\"rank-math-answer\">  <p>Tam otomatik ihtiya\u00e7lar, yar\u0131 otomatik ise hava kompres\u00f6r\u00fc gerekmez.<\/p>  <\/div> <\/div> <\/div> <\/div>","protected":false},"excerpt":{"rendered":"<p>Silo makineleri ve sarg\u0131 makineleri, bir\u00e7ok \u00e7e\u015fit saman ve yemlerin silaj korunmas\u0131 i\u00e7in uygundur, t\u00fcm gevi\u015f getiren \u00e7iftliklerine geni\u015f \u00e7apta hizmet eder.<\/p>","protected":false},"author":1,"featured_media":17512,"parent":0,"comment_status":"closed","ping_status":"closed","template":"","tags":[591],"product-type":[876,908],"class_list":["post-1032","product","type-product","status-publish","has-post-thumbnail","hentry","tag-silage","product-type-silage-machine","product-type-sliage-baler"],"_links":{"self":[{"href":"https:\/\/www.agriculture-machine.com\/tr\/wp-json\/wp\/v2\/product\/1032","targetHints":{"allow":["GET"]}}],"collection":[{"href":"https:\/\/www.agriculture-machine.com\/tr\/wp-json\/wp\/v2\/product"}],"about":[{"href":"https:\/\/www.agriculture-machine.com\/tr\/wp-json\/wp\/v2\/types\/product"}],"author":[{"embeddable":true,"href":"https:\/\/www.agriculture-machine.com\/tr\/wp-json\/wp\/v2\/users\/1"}],"replies":[{"embeddable":true,"href":"https:\/\/www.agriculture-machine.com\/tr\/wp-json\/wp\/v2\/comments?post=1032"}],"wp:featuredmedia":[{"embeddable":true,"href":"https:\/\/www.agriculture-machine.com\/tr\/wp-json\/wp\/v2\/media\/17512"}],"wp:attachment":[{"href":"https:\/\/www.agriculture-machine.com\/tr\/wp-json\/wp\/v2\/media?parent=1032"}],"wp:term":[{"taxonomy":"post_tag","embeddable":true,"href":"https:\/\/www.agriculture-machine.com\/tr\/wp-json\/wp\/v2\/tags?post=1032"},{"taxonomy":"product-type","embeddable":true,"href":"https:\/\/www.agriculture-machine.com\/tr\/wp-json\/wp\/v2\/product-type?post=1032"}],"curies":[{"name":"wp","href":"https:\/\/api.w.org\/{rel}","templated":true}]}}