{"id":10328,"date":"2021-05-10T16:41:47","date_gmt":"2021-05-10T08:41:47","guid":{"rendered":"https:\/\/www.agriculture-machine.com\/?p=10328"},"modified":"2024-09-18T16:07:43","modified_gmt":"2024-09-18T08:07:43","slug":"multifunctional-thresher-mt-860-for-corn-wheat-sorghum-rice","status":"publish","type":"product","link":"https:\/\/www.agriculture-machine.com\/tr\/multifunctional-thresher-mt-860-for-corn-wheat-sorghum-rice\/","title":{"rendered":"\u00c7ok fonksiyonlu ay\u0131r\u0131c\u0131 MT-860 m\u0131s\u0131r, bu\u011fday, sorgum, pirin\u00e7 i\u00e7in"},"content":{"rendered":"<p class=\"translation-block\">Bu \u00e7ok fonksiyonlu bi\u00e7erd\u00f6ver<a href=\"https:\/\/www.agriculture-machine.com\/tr\/multifunctional-thresher-for-maize-beans-sorghum-millet\/\"> k\u00fc\u00e7\u00fck bir ev tipi bi\u00e7erd\u00f6ver<\/a>. Benzersiz \u00f6zelli\u011fi iki hava kanal\u0131na sahip olmas\u0131d\u0131r, bu nedenle hangi tah\u0131l bi\u00e7ilirse bi\u00e7ilsin, \u00e7ok temiz olur.<\/p> <h2>Uygulama<\/h2> <p>Bu \u00e7ok fonksiyonlu bi\u00e7erd\u00f6ver m\u0131s\u0131r, bu\u011fday, sorgum, fasulye, dar\u0131, pirin\u00e7, inci dar\u0131 vb. bi\u00e7ebilir.<\/p> <figure id=\"attachment_10331\" aria-describedby=\"caption-attachment-10331\" style=\"width: 720px\" class=\"wp-caption alignnone\"><img loading=\"lazy\" decoding=\"async\" class=\"size-full wp-image-10331\" src=\"https:\/\/www.agriculture-machine.com\/wp-content\/uploads\/2021\/05\/application-of-Multifunctional-thresher-MT-860.jpg\" alt=\"\u00c7ok fonksiyonlu bi\u00e7erd\u00f6ver MT-860 uygulamas\u0131\" width=\"720\" height=\"540\" srcset=\"https:\/\/www.agriculture-machine.com\/wp-content\/uploads\/2021\/05\/application-of-Multifunctional-thresher-MT-860.jpg 720w, https:\/\/www.agriculture-machine.com\/wp-content\/uploads\/2021\/05\/application-of-Multifunctional-thresher-MT-860-360x270.jpg 360w, https:\/\/www.agriculture-machine.com\/wp-content\/uploads\/2021\/05\/application-of-Multifunctional-thresher-MT-860-240x180.jpg 240w\" sizes=\"auto, (max-width: 720px) 100vw, 720px\" \/><figcaption id=\"caption-attachment-10331\" class=\"wp-caption-text\">\u00c7ok fonksiyonlu bi\u00e7erd\u00f6ver MT-860 uygulamas\u0131<\/figcaption><\/figure> <h2>\u00c7ok fonksiyonlu bi\u00e7erd\u00f6verin avantajlar\u0131<\/h2> <ol> <li>Makine taraf\u0131ndan tasarlanan hava kanal\u0131 ve tarama fonksiyonu, bi\u00e7ilen tah\u0131ldan do\u011frudan kirleri uzakla\u015ft\u0131r\u0131r.<\/li> <li>Geni\u015f kullan\u0131ml\u0131, bi\u00e7erd\u00f6ver makinesi \u00e7e\u015fitli \u00fcr\u00fcnleri bi\u00e7ebilir<\/li> <li>B\u00fcy\u00fck besleme a\u00e7\u0131kl\u0131\u011f\u0131 ve y\u00fcksek e\u011fim, beslemeyi daha h\u0131zl\u0131 ve d\u00fczg\u00fcn hale getirir.<\/li> <li>Daha uzun makine g\u00f6vdesi, d\u00f6rt eksenli y\u00fcksek yo\u011funluklu atma \u00e7eki\u00e7leri, daha y\u00fcksek bi\u00e7im oran\u0131.<\/li> <li>Saman ihracat\u0131 tekrar taran\u0131r. Tah\u0131l \u00e7\u0131karsa, do\u011frudan d\u00fc\u015fer.<\/li> <li>Bi\u00e7imden sonra, tah\u0131l do\u011frudan taran\u0131r ve tah\u0131l temiz bir \u015fekilde bo\u015falt\u0131l\u0131r. \u0130\u015f\u00e7ilik tasarrufu sa\u011flar.<\/li> <li>R\u00fczgar g\u00fcc\u00fc ayar fonksiyonu, farkl\u0131 \u00fcr\u00fcnler farkl\u0131 oranlara sahiptir ve hava \u00e7\u0131k\u0131\u015f\u0131n\u0131n y\u00fcksekli\u011fi ger\u00e7ek ihtiya\u00e7lara g\u00f6re ayarlanabilir, b\u00f6ylece r\u00fczgar g\u00fcc\u00fc ayarlan\u0131r.<\/li> <\/ol> <h2>\u00c7ok fonksiyonlu bi\u00e7erd\u00f6verin yap\u0131s\u0131<\/h2> <figure id=\"attachment_10332\" aria-describedby=\"caption-attachment-10332\" style=\"width: 720px\" class=\"wp-caption alignnone\"><img loading=\"lazy\" decoding=\"async\" class=\"size-full wp-image-10332\" src=\"https:\/\/www.agriculture-machine.com\/wp-content\/uploads\/2021\/05\/structure-Multifunctional-thresher-MT-860.jpg\" alt=\"\u00c7ok fonksiyonlu bi\u00e7erd\u00f6ver MT-860 yap\u0131s\u0131\" width=\"720\" height=\"540\" srcset=\"https:\/\/www.agriculture-machine.com\/wp-content\/uploads\/2021\/05\/structure-Multifunctional-thresher-MT-860.jpg 720w, https:\/\/www.agriculture-machine.com\/wp-content\/uploads\/2021\/05\/structure-Multifunctional-thresher-MT-860-360x270.jpg 360w, https:\/\/www.agriculture-machine.com\/wp-content\/uploads\/2021\/05\/structure-Multifunctional-thresher-MT-860-240x180.jpg 240w\" sizes=\"auto, (max-width: 720px) 100vw, 720px\" \/><figcaption id=\"caption-attachment-10332\" class=\"wp-caption-text\">\u00c7ok fonksiyonlu bi\u00e7erd\u00f6ver MT-860 yap\u0131s\u0131<\/figcaption><\/figure> <h2>\u0130ki tip \u00e7ok fonksiyonlu bi\u00e7erd\u00f6ver aras\u0131ndaki fark<\/h2> <p>Daha \u00f6nce \u00e7ok fonksiyonlu bir bi\u00e7erd\u00f6verimiz vard\u0131, sadece bir hava kanal\u0131 vard\u0131, ancak bug\u00fcn g\u00f6sterilen \u00e7ok fonksiyonlu bi\u00e7erd\u00f6verin iki hava kanal\u0131 var, bu nedenle kar\u015f\u0131la\u015ft\u0131r\u0131ld\u0131\u011f\u0131nda, son bi\u00e7im daha temizdir.<br \/> Ayr\u0131ca, bu bi\u00e7erd\u00f6ver makinesi b\u00fcy\u00fck lastikler, b\u00fcy\u00fck braketler, trakt\u00f6r \u00e7eki\u015f \u00e7er\u00e7evesi gibi ekipmanlarla da donat\u0131labilir. Farkl\u0131 \u00fcr\u00fcnleri bi\u00e7mek i\u00e7in s\u00fcrekli ekran de\u011fi\u015fimi gerekir.<\/p> <h3>\u0130ki tip bi\u00e7erd\u00f6ver makinesi aras\u0131ndan nas\u0131l se\u00e7im yap\u0131l\u0131r<\/h3> <p>Bu iki \u00e7ok fonksiyonlu bi\u00e7erd\u00f6veri kar\u015f\u0131la\u015ft\u0131rabilir ve fonksiyon, \u00e7\u0131kt\u0131, yap\u0131 ve b\u00fct\u00e7eye g\u00f6re birini se\u00e7ebilirsiniz.<\/p> <div id='gallery-1' class='gallery galleryid-10328 gallery-columns-2 gallery-size-full'><figure class='gallery-item'> \t\t\t<div class='gallery-icon landscape'> \t\t\t\t<a href='https:\/\/www.agriculture-machine.com\/wp-content\/uploads\/2021\/05\/Multifunctional-thresher-machine.jpg'><img loading=\"lazy\" decoding=\"async\" width=\"720\" height=\"540\" src=\"https:\/\/www.agriculture-machine.com\/wp-content\/uploads\/2021\/05\/Multifunctional-thresher-machine.jpg\" class=\"attachment-full size-full\" alt=\"\u00c7ok fonksiyonlu-bi\u00e7erd\u00f6ver-makinesi\" aria-describedby=\"gallery-1-10333\" srcset=\"https:\/\/www.agriculture-machine.com\/wp-content\/uploads\/2021\/05\/Multifunctional-thresher-machine.jpg 720w, https:\/\/www.agriculture-machine.com\/wp-content\/uploads\/2021\/05\/Multifunctional-thresher-machine-360x270.jpg 360w, https:\/\/www.agriculture-machine.com\/wp-content\/uploads\/2021\/05\/Multifunctional-thresher-machine-240x180.jpg 240w\" sizes=\"auto, (max-width: 720px) 100vw, 720px\" \/><\/a> \t\t\t<\/div> \t\t\t\t<figcaption class='wp-caption-text gallery-caption' id='gallery-1-10333'> \t\t\t\t\u00c7ok fonksiyonlu-bi\u00e7erd\u00f6ver-makinesi \t\t\t\t<\/figcaption><\/figure><figure class='gallery-item'> \t\t\t<div class='gallery-icon landscape'> \t\t\t\t<a href='https:\/\/www.agriculture-machine.com\/wp-content\/uploads\/2021\/05\/Multifunctional-thresher-MT-860-1.jpg'><img loading=\"lazy\" decoding=\"async\" width=\"720\" height=\"540\" src=\"https:\/\/www.agriculture-machine.com\/wp-content\/uploads\/2021\/05\/Multifunctional-thresher-MT-860-1.jpg\" class=\"attachment-full size-full\" alt=\"\" aria-describedby=\"gallery-1-10334\" srcset=\"https:\/\/www.agriculture-machine.com\/wp-content\/uploads\/2021\/05\/Multifunctional-thresher-MT-860-1.jpg 720w, https:\/\/www.agriculture-machine.com\/wp-content\/uploads\/2021\/05\/Multifunctional-thresher-MT-860-1-360x270.jpg 360w, https:\/\/www.agriculture-machine.com\/wp-content\/uploads\/2021\/05\/Multifunctional-thresher-MT-860-1-240x180.jpg 240w\" sizes=\"auto, (max-width: 720px) 100vw, 720px\" \/><\/a> \t\t\t<\/div> \t\t\t\t<figcaption class='wp-caption-text gallery-caption' id='gallery-1-10334'> \t\t\t\t\u00c7ok fonksiyonlu-bi\u00e7erd\u00f6ver-MT-860 \t\t\t\t<\/figcaption><\/figure> \t\t<\/div>  <h2>Bi\u00e7erd\u00f6verin fiyat\u0131 nedir?<\/h2> <p>Makale ba\u015f\u0131nda bahsedildi\u011fi gibi, daha \u00f6nce \u00e7ok fonksiyonlu bir bi\u00e7erd\u00f6verimiz vard\u0131, bu nedenle bu iki tip \u00e7ok fonksiyonlu bi\u00e7erd\u00f6verin fiyatlar\u0131 kesinlikle farkl\u0131d\u0131r. Kesin bir fiyat almak istiyorsan\u0131z, l\u00fctfen hangi \u00e7ok fonksiyonlu bi\u00e7erd\u00f6veri istedi\u011finizi bize bildirin.<\/p> <h2>\u00c7ok fonksiyonlu bi\u00e7erd\u00f6verin \u00e7al\u0131\u015fma videosu<\/h2> <p><iframe loading=\"lazy\" title=\"Sat\u0131n almaktan asla pi\u015fman olmazs\u0131n\u0131z - m\u0131s\u0131r kabu\u011fu ay\u0131klay\u0131c\u0131 makinesi, dar\u0131, sorgum, fasulye, kabuklama m\u0131s\u0131r ay\u0131klay\u0131c\u0131 makinesi\" width=\"500\" height=\"281\" src=\"https:\/\/www.youtube.com\/embed\/GR28h0y-wcc?feature=oembed\" frameborder=\"0\" allow=\"accelerometer; autoplay; clipboard-write; encrypted-media; gyroscope; picture-in-picture; web-share\" referrerpolicy=\"strict-origin-when-cross-origin\" allowfullscreen><\/iframe><\/p> <h2>Teknik Parametreler<\/h2> <table width=\"388\"> <tbody> <tr> <td width=\"178\">Model<\/td> <td width=\"210\">MT-860<\/td> <\/tr> <tr> <td width=\"178\">Kapasite<\/td> <td>1-1.5T\/h<\/td> <\/tr> <tr> <td width=\"178\">Motor<\/td> <td>Benzinli motor<\/td> <\/tr> <tr> <td>A\u011f\u0131rl\u0131k<\/td> <td>112kg<\/td> <\/tr> <tr> <td>Boyut<\/td> <td>1150*860*1160mm<\/td> <\/tr> <\/tbody> <\/table>","protected":false},"excerpt":{"rendered":"<p>This multifunctional thresher is a small household thresher. The unique feature is that there are two air ducts, so no matter what grain is threshed, it is very clean. Application This multifunctional thresher can thresh corn, wheat, sorghum, beans, millet, rice, pearl millet, etc. Advantages of the multifunctional thresher The air duct and screening function [&hellip;]<\/p>\n","protected":false},"author":1,"featured_media":10330,"parent":0,"comment_status":"closed","ping_status":"closed","template":"","tags":[2614],"product-type":[872],"class_list":["post-10328","product","type-product","status-publish","has-post-thumbnail","hentry","tag-thresher","product-type-thresher-sheller"],"_links":{"self":[{"href":"https:\/\/www.agriculture-machine.com\/tr\/wp-json\/wp\/v2\/product\/10328","targetHints":{"allow":["GET"]}}],"collection":[{"href":"https:\/\/www.agriculture-machine.com\/tr\/wp-json\/wp\/v2\/product"}],"about":[{"href":"https:\/\/www.agriculture-machine.com\/tr\/wp-json\/wp\/v2\/types\/product"}],"author":[{"embeddable":true,"href":"https:\/\/www.agriculture-machine.com\/tr\/wp-json\/wp\/v2\/users\/1"}],"replies":[{"embeddable":true,"href":"https:\/\/www.agriculture-machine.com\/tr\/wp-json\/wp\/v2\/comments?post=10328"}],"wp:featuredmedia":[{"embeddable":true,"href":"https:\/\/www.agriculture-machine.com\/tr\/wp-json\/wp\/v2\/media\/10330"}],"wp:attachment":[{"href":"https:\/\/www.agriculture-machine.com\/tr\/wp-json\/wp\/v2\/media?parent=10328"}],"wp:term":[{"taxonomy":"post_tag","embeddable":true,"href":"https:\/\/www.agriculture-machine.com\/tr\/wp-json\/wp\/v2\/tags?post=10328"},{"taxonomy":"product-type","embeddable":true,"href":"https:\/\/www.agriculture-machine.com\/tr\/wp-json\/wp\/v2\/product-type?post=10328"}],"curies":[{"name":"wp","href":"https:\/\/api.w.org\/{rel}","templated":true}]}}