{"id":10381,"date":"2021-05-14T17:07:42","date_gmt":"2021-05-14T09:07:42","guid":{"rendered":"https:\/\/www.agriculture-machine.com\/?p=10381"},"modified":"2024-09-18T15:51:42","modified_gmt":"2024-09-18T07:51:42","slug":"cocoa-pod-breaker-cocoa-pod-splitter-cocoa-pod-opener","status":"publish","type":"product","link":"https:\/\/www.agriculture-machine.com\/tr\/cocoa-pod-breaker-cocoa-pod-splitter-cocoa-pod-opener\/","title":{"rendered":"kakao kabu\u011fu k\u0131r\u0131c\u0131 | kakao kabu\u011fu ay\u0131r\u0131c\u0131 | kakao kabu\u011fu a\u00e7\u0131c\u0131"},"content":{"rendered":"<p class=\"translation-block\"><strong>Kakao kabu\u011fu k\u0131r\u0131c\u0131<\/strong> tah\u0131l i\u015fleme ekipman\u0131d\u0131r. Taze kakao kabuklar\u0131n\u0131 kesmek ve kakao \u00e7ekirde\u011fi ay\u0131rmak i\u00e7in kullan\u0131l\u0131r. <\/p>    <p>Kakao kabu\u011fu ay\u0131r\u0131c\u0131 yeni geli\u015ftirilmi\u015f bir makinedir. \u0130\u015f\u00e7ilik maliyetlerini b\u00fcy\u00fck \u00f6l\u00e7\u00fcde azalt\u0131r, verimlili\u011fi art\u0131r\u0131r ve kakao \u00e7ekirde\u011fi hasar oran\u0131n\u0131 d\u00fc\u015f\u00fcr\u00fcr. Kakao plantasyonlar\u0131 ve b\u00fcy\u00fck \u00e7iftlikler i\u00e7in uygundur.<\/p>    <figure class=\"wp-block-embed is-type-video is-provider-youtube wp-block-embed-youtube wp-embed-aspect-16-9 wp-has-aspect-ratio\"><div class=\"wp-block-embed__wrapper\"> <iframe loading=\"lazy\" title=\"Kakao kabu\u011fu nas\u0131l a\u00e7\u0131l\u0131r? Kakao kabu\u011fu k\u0131rma makinesi kullanarak m\u0131? kakao kabu\u011fu k\u0131r\u0131c\u0131 | kakao kabu\u011fu ay\u0131r\u0131c\u0131\" width=\"500\" height=\"281\" src=\"https:\/\/www.youtube.com\/embed\/fzDi_NHatYo?start=8&#038;feature=oembed\" frameborder=\"0\" allow=\"accelerometer; autoplay; clipboard-write; encrypted-media; gyroscope; picture-in-picture; web-share\" referrerpolicy=\"strict-origin-when-cross-origin\" allowfullscreen><\/iframe> <\/div><figcaption class=\"wp-element-caption\">kakao i\u015fleme makinelerinin \u00e7al\u0131\u015fma videosu<\/figcaption><\/figure>    <h2 class=\"wp-block-heading\">Kakao kabu\u011fu k\u0131r\u0131c\u0131'n\u0131n bile\u015fimi nedir?<\/h2>    <p>Kakao kabu\u011fu ay\u0131r\u0131c\u0131, kald\u0131rma, kesme makinesi, kabuk ve kakao \u00e7ekirde\u011fi eleme makinesinden olu\u015fur. <\/p>    <p>Kald\u0131rma ve kesme makinesi, taze kakao kabuklar\u0131n\u0131 ikiye b\u00f6lmek i\u00e7in kullan\u0131l\u0131r. Kabuk ve kakao \u00e7ekirde\u011fi eleme makinesi ise, kakao kabuklar\u0131n\u0131 ve \u00e7ekirdekleri elek arac\u0131l\u0131\u011f\u0131yla ay\u0131rmak i\u00e7in kullan\u0131l\u0131r.<\/p>    <h2 class=\"wp-block-heading\">Kakao kabu\u011fu ay\u0131r\u0131c\u0131 nas\u0131l kullan\u0131l\u0131r?<\/h2>    <p>Kakao kabu\u011fu a\u00e7\u0131c\u0131 kullan\u0131m\u0131 \u00e7ok basittir ve y\u00fcksek teknik bilgi gerektirmez. T\u00fcm i\u015flem sadece bir ki\u015fi taraf\u0131ndan tamamlanabilir.<br>1. Operat\u00f6r, kakao kabu\u011fu ay\u0131r\u0131c\u0131 \u00f6n\u00fcnde durmal\u0131 ve kakao \u00e7ekirdeklerini tek tek konvey\u00f6r band\u0131na koymal\u0131d\u0131r.<br>2. T\u00fcm kakao \u00e7ekirdekleri, asans\u00f6r arac\u0131l\u0131\u011f\u0131yla kesme makinesine ta\u015f\u0131n\u0131r.<br>3. Kesme makinesi, kesme b\u0131\u00e7a\u011f\u0131 kullanarak kakao \u00e7ekirdeklerini ikiye b\u00f6ler ve kesilen kakao kabuklar\u0131 kakao \u00e7ekirde\u011fi eleme makinesine girer. Kakao \u00e7ekirdekleri ve kabuklar, kakao \u00e7ekirde\u011fi eleme makinesinde ayr\u0131l\u0131r ve farkl\u0131 \u00e7\u0131k\u0131\u015flardan \u00e7\u0131kar.<\/p>    <figure class=\"wp-block-gallery has-nested-images columns-2 is-cropped wp-block-gallery-2 is-layout-flex wp-block-gallery-is-layout-flex\"> <figure class=\"wp-block-image size-large\"><a href=\"https:\/\/www.agriculture-machine.com\/wp-content\/uploads\/2021\/05\/cocoa-bean-pod-opening-machine.jpg\"><img loading=\"lazy\" decoding=\"async\" width=\"720\" height=\"406\" data-id=\"10385\" src=\"https:\/\/www.agriculture-machine.com\/wp-content\/uploads\/2021\/05\/cocoa-bean-pod-opening-machine.jpg\" alt=\"kakao \u00e7ekirde\u011fi kabu\u011fu a\u00e7\u0131c\u0131\" class=\"wp-image-10385\" srcset=\"https:\/\/www.agriculture-machine.com\/wp-content\/uploads\/2021\/05\/cocoa-bean-pod-opening-machine.jpg 720w, https:\/\/www.agriculture-machine.com\/wp-content\/uploads\/2021\/05\/cocoa-bean-pod-opening-machine-360x203.jpg 360w\" sizes=\"auto, (max-width: 720px) 100vw, 720px\" \/><\/a><figcaption class=\"wp-element-caption\">kakao \u00e7ekirde\u011fi kabu\u011fu a\u00e7\u0131c\u0131<\/figcaption><\/figure>    <figure class=\"wp-block-image size-large\"><a href=\"https:\/\/www.agriculture-machine.com\/wp-content\/uploads\/2021\/05\/cocoa-bean-pod-opener.jpg\"><img loading=\"lazy\" decoding=\"async\" width=\"720\" height=\"407\" data-id=\"10384\" src=\"https:\/\/www.agriculture-machine.com\/wp-content\/uploads\/2021\/05\/cocoa-bean-pod-opener.jpg\" alt=\"kakao \u00e7ekirde\u011fi kabu\u011fu a\u00e7\u0131c\u0131\" class=\"wp-image-10384\" srcset=\"https:\/\/www.agriculture-machine.com\/wp-content\/uploads\/2021\/05\/cocoa-bean-pod-opener.jpg 720w, https:\/\/www.agriculture-machine.com\/wp-content\/uploads\/2021\/05\/cocoa-bean-pod-opener-360x204.jpg 360w\" sizes=\"auto, (max-width: 720px) 100vw, 720px\" \/><\/a><figcaption class=\"wp-element-caption\">kakao \u00e7ekirde\u011fi kabu\u011fu a\u00e7\u0131c\u0131<\/figcaption><\/figure>    <figure class=\"wp-block-image size-large\"><a href=\"https:\/\/www.agriculture-machine.com\/wp-content\/uploads\/2021\/05\/cocoa-pod-breaker-machine.jpg\"><img loading=\"lazy\" decoding=\"async\" width=\"720\" height=\"407\" data-id=\"10387\" src=\"https:\/\/www.agriculture-machine.com\/wp-content\/uploads\/2021\/05\/cocoa-pod-breaker-machine.jpg\" alt=\"kakao kabu\u011fu k\u0131r\u0131c\u0131 makinesi\" class=\"wp-image-10387\" srcset=\"https:\/\/www.agriculture-machine.com\/wp-content\/uploads\/2021\/05\/cocoa-pod-breaker-machine.jpg 720w, https:\/\/www.agriculture-machine.com\/wp-content\/uploads\/2021\/05\/cocoa-pod-breaker-machine-360x204.jpg 360w\" sizes=\"auto, (max-width: 720px) 100vw, 720px\" \/><\/a><figcaption class=\"wp-element-caption\">kakao kabu\u011fu k\u0131r\u0131c\u0131 makinesi<\/figcaption><\/figure>    <figure class=\"wp-block-image size-large\"><a href=\"https:\/\/www.agriculture-machine.com\/wp-content\/uploads\/2021\/05\/cocoa-bean-pod-splitter.jpg\"><img loading=\"lazy\" decoding=\"async\" width=\"720\" height=\"407\" data-id=\"10386\" src=\"https:\/\/www.agriculture-machine.com\/wp-content\/uploads\/2021\/05\/cocoa-bean-pod-splitter.jpg\" alt=\"kakao \u00e7ekirde\u011fi kabu\u011fu ay\u0131r\u0131c\u0131\" class=\"wp-image-10386\" srcset=\"https:\/\/www.agriculture-machine.com\/wp-content\/uploads\/2021\/05\/cocoa-bean-pod-splitter.jpg 720w, https:\/\/www.agriculture-machine.com\/wp-content\/uploads\/2021\/05\/cocoa-bean-pod-splitter-360x204.jpg 360w\" sizes=\"auto, (max-width: 720px) 100vw, 720px\" \/><\/a><figcaption class=\"wp-element-caption\">kakao \u00e7ekirde\u011fi kabu\u011fu ay\u0131r\u0131c\u0131<\/figcaption><\/figure> <\/figure>    <h2 class=\"wp-block-heading\">Otomatik kakao \u00e7ekirde\u011fi ay\u0131r\u0131c\u0131 makinesinin avantajlar\u0131 nelerdir?<\/h2>    <ol class=\"wp-block-list\"> <li>Kakao kabu\u011fu k\u0131rma makinesi yap\u0131s\u0131 basittir ve kullan\u0131m\u0131 kolayd\u0131r.<\/li>    <li>Ana malzeme paslanmaz \u00e7elik ve karbon \u00e7eli\u011fidir, temizli\u011fi kolayd\u0131r.<\/li>    <li>Our automatic cocoa bean separating machine is more efficient than manual pod opening and can separate 98% of cocoa beans.<\/li>    <li>Kakao kabu\u011fu k\u0131r\u0131c\u0131'n\u0131n birim \u00e7\u0131k\u0131\u015f\u0131 b\u00fcy\u00fckt\u00fcr.<\/li>    <li>Kakao kabuklar\u0131n\u0131 manuel k\u0131rmaya k\u0131yasla, kakao kabu\u011fu k\u0131r\u0131c\u0131 i\u015f g\u00fcc\u00fcnden tasarruf sa\u011flar.<\/li> <\/ol>    <figure class=\"wp-block-gallery has-nested-images columns-1 is-cropped wp-block-gallery-3 is-layout-flex wp-block-gallery-is-layout-flex\"> <figure class=\"wp-block-image aligncenter size-large\"><a href=\"https:\/\/www.agriculture-machine.com\/wp-content\/uploads\/2021\/05\/screening.jpg\"><img loading=\"lazy\" decoding=\"async\" width=\"720\" height=\"364\" data-id=\"10391\" src=\"https:\/\/www.agriculture-machine.com\/wp-content\/uploads\/2021\/05\/screening.jpg\" alt=\"eleme\" class=\"wp-image-10391\" srcset=\"https:\/\/www.agriculture-machine.com\/wp-content\/uploads\/2021\/05\/screening.jpg 720w, https:\/\/www.agriculture-machine.com\/wp-content\/uploads\/2021\/05\/screening-360x182.jpg 360w\" sizes=\"auto, (max-width: 720px) 100vw, 720px\" \/><\/a><figcaption class=\"wp-element-caption\">eleme<\/figcaption><\/figure>    <figure class=\"wp-block-image aligncenter size-large\"><a href=\"https:\/\/www.agriculture-machine.com\/wp-content\/uploads\/2021\/05\/display-of-cocoa-bean-splitter-1.jpg\"><img loading=\"lazy\" decoding=\"async\" width=\"720\" height=\"367\" data-id=\"10390\" src=\"https:\/\/www.agriculture-machine.com\/wp-content\/uploads\/2021\/05\/display-of-cocoa-bean-splitter-1.jpg\" alt=\"g\u00f6r\u00fcnt\u00fcleme\" class=\"wp-image-10390\" srcset=\"https:\/\/www.agriculture-machine.com\/wp-content\/uploads\/2021\/05\/display-of-cocoa-bean-splitter-1.jpg 720w, https:\/\/www.agriculture-machine.com\/wp-content\/uploads\/2021\/05\/display-of-cocoa-bean-splitter-1-360x184.jpg 360w\" sizes=\"auto, (max-width: 720px) 100vw, 720px\" \/><\/a><figcaption class=\"wp-element-caption\">g\u00f6r\u00fcnt\u00fcleme <\/figcaption><\/figure>    <figure class=\"wp-block-image aligncenter size-large\"><a href=\"https:\/\/www.agriculture-machine.com\/wp-content\/uploads\/2021\/05\/display-of-cocoa-bean-splitter.jpg\"><img loading=\"lazy\" decoding=\"async\" width=\"720\" height=\"365\" data-id=\"10389\" src=\"https:\/\/www.agriculture-machine.com\/wp-content\/uploads\/2021\/05\/display-of-cocoa-bean-splitter.jpg\" alt=\"kakao \u00e7ekirde\u011fi ay\u0131r\u0131c\u0131 ekran g\u00f6r\u00fcnt\u00fcs\u00fc\" class=\"wp-image-10389\" srcset=\"https:\/\/www.agriculture-machine.com\/wp-content\/uploads\/2021\/05\/display-of-cocoa-bean-splitter.jpg 720w, https:\/\/www.agriculture-machine.com\/wp-content\/uploads\/2021\/05\/display-of-cocoa-bean-splitter-360x183.jpg 360w\" sizes=\"auto, (max-width: 720px) 100vw, 720px\" \/><\/a><figcaption class=\"wp-element-caption\">kakao \u00e7ekirde\u011fi ay\u0131r\u0131c\u0131 ekran g\u00f6r\u00fcnt\u00fcs\u00fc<\/figcaption><\/figure> <\/figure>    <h2 class=\"wp-block-heading\">Kakao kabu\u011fu a\u00e7\u0131c\u0131 ne kadar?<\/h2>    <p>Kakao kabu\u011fu a\u00e7\u0131c\u0131lar\u0131n modelleri farkl\u0131 oldu\u011fundan fiyatlar da farkl\u0131d\u0131r. Daha fazla bilgi almak i\u00e7in bizimle ileti\u015fime ge\u00e7in.<\/p>    <h2 class=\"wp-block-heading\">Kakao kabu\u011fu ay\u0131r\u0131c\u0131 nas\u0131l se\u00e7ilir?<\/h2>    <p>Kakao kabu\u011fu k\u0131r\u0131c\u0131 iki t\u00fcrd\u00fcr: b\u00fcy\u00fck HT-SF800 ve k\u00fc\u00e7\u00fck HT-SF400. \u00c7ok say\u0131da kakao a\u011fac\u0131 dikiyorsan\u0131z, b\u00fcy\u00fck bir kakao kabu\u011fu k\u0131r\u0131c\u0131 makinesi se\u00e7meniz \u00f6nerilir. Bu model makine, i\u015finizi daha h\u0131zl\u0131 tamamlaman\u0131za yard\u0131mc\u0131 olabilir. Ancak \u00e7\u0131k\u0131\u015f\u0131n\u0131z y\u00fcksek de\u011filse, k\u00fc\u00e7\u00fck bir makine tercih edebilirsiniz. Bu sayede kaynak israf\u0131 \u00f6nlenir ve maliyetler tasarruf edilir.<\/p>    <figure class=\"wp-block-image aligncenter size-full wp-image-10388\"><img loading=\"lazy\" decoding=\"async\" width=\"720\" height=\"507\" src=\"https:\/\/www.agriculture-machine.com\/wp-content\/uploads\/2021\/05\/cocoa-pod-breaking-machine.jpg\" alt=\"kakao kabu\u011fu k\u0131rma makinesi\" class=\"wp-image-10388\" srcset=\"https:\/\/www.agriculture-machine.com\/wp-content\/uploads\/2021\/05\/cocoa-pod-breaking-machine.jpg 720w, https:\/\/www.agriculture-machine.com\/wp-content\/uploads\/2021\/05\/cocoa-pod-breaking-machine-360x254.jpg 360w\" sizes=\"auto, (max-width: 720px) 100vw, 720px\" \/><figcaption class=\"wp-element-caption\">kakao kabu\u011fu k\u0131rma makinesi<\/figcaption><\/figure>    <h2 class=\"wp-block-heading\">Hangi \u00fclkelere ihra\u00e7 ediliyor?<\/h2>    <p>Otomatik kakao \u00e7ekirde\u011fi k\u0131r\u0131c\u0131lar\u0131m\u0131z, \u00f6zellikle Orta ve G\u00fcney Amerika, Bat\u0131 Afrika ve G\u00fcneydo\u011fu Asya'ya ihra\u00e7 edilmektedir; M\u0131s\u0131r, T\u00fcrkiye, Amerika Birle\u015fik Devletleri, \u0130talya, Almanya, Filipinler, Peru, Pakistan, Meksika, \u0130spanya, Kenya, G\u00fcney Kore, BAE, Cezayir, Romanya, G\u00fcney Afrika, Ukrayna, Nijerya, Tacikistan, Malezya, Fas vb. <\/p>    <p>Bu makineler kullan\u0131c\u0131lar i\u00e7in b\u00fcy\u00fck kolayl\u0131k sa\u011flar ve bu \u00fclkelerde ve b\u00f6lgelerde \u00e7ok pop\u00fclerdir. Bir m\u00fc\u015fteri, kakao kabu\u011fu k\u0131r\u0131c\u0131y\u0131 kullan\u0131rken \u00e7ekti\u011fi videoyu da g\u00f6nderdi.<\/p>    <h2 class=\"wp-block-heading\">Makine Parametreleri<\/h2>    <figure class=\"wp-block-table is-style-stripes\"><table><tbody><tr><td>Model<\/td><td colspan=\"2\">KKFQ-800 Kakao \u00c7ekirde\u011fi \u00c7\u0131kar\u0131c\u0131<\/td><td colspan=\"2\">KKFQ-800 Kakao \u00e7ekirde\u011fi \u00e7\u0131kar\u0131c\u0131<\/td><\/tr><tr><td>\u0130sim<\/td><td>Besleme Konvey\u00f6r\u00fc ve Kesme Sistemi<\/td><td>Ay\u0131rma Sistemi<\/td><td>Besleme Konvey\u00f6r\u00fc ve Kesme Sistemi<\/td><td>Ay\u0131rma Sistemi<\/td><\/tr><tr><td>Kapasite<\/td><td colspan=\"2\">300-400kg\/h<\/td><td colspan=\"2\">800kg\/h<\/td><\/tr><tr><td>G\u00fc\u00e7<\/td><td>0.75kw<\/td><td>1.1kw<\/td><td>0.75kw<\/td><td>1.1kw<\/td><\/tr><tr><td>Boyut<\/td><td>1600*600*1900mm<\/td><td>2000*1300*1700mm<\/td><td>1600*600*1600mm<\/td><td>3000*1300*2000mm<\/td><\/tr><tr><td>A\u011f\u0131rl\u0131k<\/td><td>150kg<\/td><td>180kg<\/td><td>150kg<\/td><td>230kg<\/td><\/tr><tr><td>Malzeme<\/td><td>Paslanmaz \u00c7elik<\/td><td>Paslanmaz \u00e7elik<\/td><td>Paslanmaz \u00c7elik<\/td><td>Paslanmaz \u00e7elik<\/td><\/tr><\/tbody><\/table><figcaption class=\"wp-element-caption\">kakao \u00e7ekirde\u011fi kabu\u011fu a\u00e7\u0131c\u0131 teknik verileri<\/figcaption><\/figure>    <h2 class=\"wp-block-heading\">\u0130stedi\u011finiz zaman bizimle ileti\u015fime ge\u00e7in<\/h2>    <p>T\u00fcm m\u00fc\u015fterileri, kakao \u00e7ekirde\u011fi kabu\u011fu a\u00e7\u0131c\u0131lar\u0131n uygulamalar\u0131 ve avantajlar\u0131 hakk\u0131nda aktif olarak dan\u0131\u015fmaya ve tart\u0131\u015fmaya davet ediyoruz. B\u00fcy\u00fck bir \u00e7ikolata \u00fcreticisi veya k\u00fc\u00e7\u00fck \u00f6l\u00e7ekli kakao \u00e7ekirde\u011fi i\u015fleme fabrikas\u0131 olman\u0131z fark etmeksizin, size en profesyonel \u00e7\u00f6z\u00fcmleri sunmaya adad\u0131k!<\/p>","protected":false},"excerpt":{"rendered":"<p>Kakao kabu\u011fu k\u0131r\u0131c\u0131 sadece bir ki\u015fi taraf\u0131ndan kullan\u0131labilir ve kapasitesi 800kg\/h'ye ula\u015fabilir. Paslanmaz \u00e7elik kullan\u0131lm\u0131\u015ft\u0131r ve kalitesi y\u00fcksektir.<\/p>","protected":false},"author":1,"featured_media":10383,"parent":0,"comment_status":"closed","ping_status":"closed","template":"","tags":[2612],"product-type":[904],"class_list":["post-10381","product","type-product","status-publish","has-post-thumbnail","hentry","tag-cocoa","product-type-cocao-beans-dehuller-machine"],"_links":{"self":[{"href":"https:\/\/www.agriculture-machine.com\/tr\/wp-json\/wp\/v2\/product\/10381","targetHints":{"allow":["GET"]}}],"collection":[{"href":"https:\/\/www.agriculture-machine.com\/tr\/wp-json\/wp\/v2\/product"}],"about":[{"href":"https:\/\/www.agriculture-machine.com\/tr\/wp-json\/wp\/v2\/types\/product"}],"author":[{"embeddable":true,"href":"https:\/\/www.agriculture-machine.com\/tr\/wp-json\/wp\/v2\/users\/1"}],"replies":[{"embeddable":true,"href":"https:\/\/www.agriculture-machine.com\/tr\/wp-json\/wp\/v2\/comments?post=10381"}],"wp:featuredmedia":[{"embeddable":true,"href":"https:\/\/www.agriculture-machine.com\/tr\/wp-json\/wp\/v2\/media\/10383"}],"wp:attachment":[{"href":"https:\/\/www.agriculture-machine.com\/tr\/wp-json\/wp\/v2\/media?parent=10381"}],"wp:term":[{"taxonomy":"post_tag","embeddable":true,"href":"https:\/\/www.agriculture-machine.com\/tr\/wp-json\/wp\/v2\/tags?post=10381"},{"taxonomy":"product-type","embeddable":true,"href":"https:\/\/www.agriculture-machine.com\/tr\/wp-json\/wp\/v2\/product-type?post=10381"}],"curies":[{"name":"wp","href":"https:\/\/api.w.org\/{rel}","templated":true}]}}