{"id":1044,"date":"2018-10-17T10:35:57","date_gmt":"2018-10-17T02:35:57","guid":{"rendered":"https:\/\/www.agriculture-machine.com\/?p=1044"},"modified":"2024-09-26T09:28:46","modified_gmt":"2024-09-26T01:28:46","slug":"reaper-binder","status":"publish","type":"product","link":"https:\/\/www.agriculture-machine.com\/tr\/reaper-binder\/","title":{"rendered":"Pirincin Bu\u011fday Kesim Kurutma ve Ba\u011flama Makinesi"},"content":{"rendered":"<p>Pirincin, bu\u011fday\u0131n kesim ve balyalama i\u015flemlerini birle\u015ftiren bu makine, sahada y\u00fcksek h\u0131z ve hassasiyetle \u00e7al\u0131\u015f\u0131r, saatte 3 d\u00f6n\u00fcm hasat verimlili\u011fi sa\u011flar.<\/p>    <p>It accurately recognizes crop boundaries and automatically adjusts cutting width and bale tightness to ensure that every bale is optimized, reducing losses by up to 20% or more. Whether it&#8217;s a vast wheat field or an intricate crop field, this machine is suitable for both.<\/p>    <figure class=\"wp-block-embed aligncenter is-type-video is-provider-youtube wp-block-embed-youtube wp-embed-aspect-16-9 wp-has-aspect-ratio\"><div class=\"wp-block-embed__wrapper\"> <iframe loading=\"lazy\" title=\"Pirincin ve bu\u011fday\u0131n kesim, hasat ve ba\u011flama makinesi reaper ve ba\u011flay\u0131c\u0131\" width=\"500\" height=\"281\" src=\"https:\/\/www.youtube.com\/embed\/JbwK5OtIwqE?feature=oembed\" frameborder=\"0\" allow=\"accelerometer; autoplay; clipboard-write; encrypted-media; gyroscope; picture-in-picture; web-share\" referrerpolicy=\"strict-origin-when-cross-origin\" allowfullscreen><\/iframe> <\/div><figcaption class=\"wp-element-caption\">pirin\u00e7 ve bu\u011fday kesim, kurutma ve ba\u011flama makinesi \u00e7al\u0131\u015fma videosu<\/figcaption><\/figure>    <h2 class=\"wp-block-heading\"><strong><b>Birinci tip<\/b><\/strong><\/h2>    <p>Bu hasat\u00e7\u0131 pirin\u00e7 makinesi, m\u00fc\u015fterilerimizin \u00e7o\u011fu taraf\u0131ndan tercih edilmekte olup, kapasitesi 1300-2000\u33a1\/saat, 8hp su so\u011futmal\u0131 dizel motor ile uyumludur. Kesim geni\u015fli\u011fi 900mm olup, kesim y\u00fcksekli\u011fi ayarlanabilir, ancak minimum kesim y\u00fcksekli\u011fi 50mm'dir.<\/p>    <figure class=\"wp-block-image aligncenter size-large\"><img loading=\"lazy\" decoding=\"async\" width=\"720\" height=\"540\" src=\"https:\/\/www.agriculture-machine.com\/wp-content\/uploads\/2018\/10\/harvesting-rice10-720x540.jpg\" alt=\"pirin\u00e7 bu\u011fday kesim, kurutma ve ba\u011flama makinesi\" class=\"wp-image-2744\" srcset=\"https:\/\/www.agriculture-machine.com\/wp-content\/uploads\/2018\/10\/harvesting-rice10-720x540.jpg 720w, https:\/\/www.agriculture-machine.com\/wp-content\/uploads\/2018\/10\/harvesting-rice10-360x270.jpg 360w, https:\/\/www.agriculture-machine.com\/wp-content\/uploads\/2018\/10\/harvesting-rice10-240x180.jpg 240w, https:\/\/www.agriculture-machine.com\/wp-content\/uploads\/2018\/10\/harvesting-rice10-768x576.jpg 768w, https:\/\/www.agriculture-machine.com\/wp-content\/uploads\/2018\/10\/harvesting-rice10.jpg 1000w\" sizes=\"auto, (max-width: 720px) 100vw, 720px\" \/><figcaption class=\"wp-element-caption\">pirin\u00e7 bu\u011fday kesim, kurutma ve ba\u011flama makinesi<\/figcaption><\/figure>    <h2 class=\"wp-block-heading\">Pirincin, bu\u011fday\u0131n kesim, kurutma ve ba\u011flama makinesi parametreleri<\/h2>    <figure class=\"wp-block-table is-style-stripes\"><table><tbody><tr><td>Model<\/td><td>4GK90 Reaper ba\u011flay\u0131c\u0131<\/td><\/tr><tr><td>Kesim Geni\u015fli\u011fi(mm)<\/td><td>900<\/td><\/tr><tr><td>Mini Kesim Y\u00fcksekli\u011fi(mm)<\/td><td>\u226550<\/td><\/tr><tr><td>Yerle\u015ftirme Tipi<\/td><td>Yan y\u00f6n ve bantl\u0131 yerle\u015ftirme<\/td><\/tr><tr><td>Verimlilik (m2\/saat)<\/td><td>1300-2000<\/td><\/tr><tr><td>E\u015fle\u015fmi\u015f G\u00fc\u00e7<\/td><td>8hp su so\u011futmal\u0131 dizel motor<\/td><\/tr><tr><td>Net A\u011f\u0131rl\u0131k(kg)<\/td><td>262<\/td><\/tr><tr><td>Br\u00fct A\u011f\u0131rl\u0131k(kg)<\/td><td>302<\/td><\/tr><tr><td>Ambalaj Boyutu (Uzunluk*Geni\u015flik*Y\u00fckseklik) (m)<\/td><td>1.4*1.4*0.8<\/td><\/tr><tr><td>20 GP<\/td><td>16 set<\/td><\/tr><tr><td>40GP<\/td><td>34 set<\/td><\/tr><\/tbody><\/table><figcaption class=\"wp-element-caption\">4GK90 pirin\u00e7 bu\u011fday kesim kurutma ve ba\u011flama makinesi teknik verileri<\/figcaption><\/figure>    <h2 class=\"wp-block-heading\">Pirincin hasat makinesinin yap\u0131s\u0131<\/h2>    <p>Bu\u011fday hasat makinesi, motorlar, sap iletme cihazlar\u0131, g\u00fc\u00e7 iletim sistemleri, y\u00fcr\u00fcme cihazlar\u0131, kesim birimleri ve ba\u011flama birimlerinden olu\u015fur.<\/p>    <h2 class=\"wp-block-heading\">Reaper ba\u011flay\u0131c\u0131 makinesi nas\u0131l \u00e7al\u0131\u015f\u0131r?<\/h2>    <p>Bu\u011fday reaper \u00e7al\u0131\u015f\u0131rken, \u00f6nce saplar ay\u0131r\u0131c\u0131 ile ayr\u0131l\u0131r ve kesici ile kesilir. Daha sonra, ta\u015f\u0131ma zinciri ve yay k\u0131lavuzu yard\u0131m\u0131yla, kesilen saplar ba\u011flama cihaz\u0131na ta\u015f\u0131n\u0131r. Ba\u011fland\u0131ktan sonra, demetler serbest b\u0131rak\u0131l\u0131r ve hareket y\u00f6n\u00fcn\u00fcn sa\u011f\u0131na at\u0131l\u0131r, b\u00f6ylece makine hasat ve ba\u011flama i\u015flemini tamamlar.<\/p>    <figure class=\"wp-block-embed aligncenter is-type-video is-provider-youtube wp-block-embed-youtube wp-embed-aspect-16-9 wp-has-aspect-ratio\"><div class=\"wp-block-embed__wrapper\"> <iframe loading=\"lazy\" title=\"kad\u0131n, d\u00fc\u015f\u00fck fiyatla bu\u011fday kesen bu\u011fday bi\u00e7me makinesi \/ pirin\u00e7 bi\u00e7me makinesi i\u015fletiyor\" width=\"500\" height=\"281\" src=\"https:\/\/www.youtube.com\/embed\/bPWeR1oB120?feature=oembed\" frameborder=\"0\" allow=\"accelerometer; autoplay; clipboard-write; encrypted-media; gyroscope; picture-in-picture; web-share\" referrerpolicy=\"strict-origin-when-cross-origin\" allowfullscreen><\/iframe> <\/div><figcaption class=\"wp-element-caption\">pirin\u00e7 bu\u011fday reaper ve ba\u011flay\u0131c\u0131 makinesi \u00e7al\u0131\u015fma alan\u0131<\/figcaption><\/figure>    <h2 class=\"wp-block-heading\">Pirincin reaper ba\u011flay\u0131c\u0131 makinesi avantajlar\u0131<\/h2>    <ul class=\"wp-block-list\"> <li>Kesim ve ba\u011flama ayn\u0131 anda tamamlan\u0131r, manuel i\u015fi ve \u00e7al\u0131\u015fma s\u00fcresini azalt\u0131r.<\/li>    <li>Ayarlanabilir tutamak: yukar\u0131 ve a\u015fa\u011f\u0131 90\u00b0, 360\u00b0 \u00e7evrilebilir. Farkl\u0131 ortamlara esnek uyum sa\u011flar.<\/li>    <li>Saman ve ba\u011flama boyu ayarlanabilir.<\/li>    <li>Bu\u011fday reaper ba\u011flay\u0131c\u0131, diferansiyel d\u00f6n\u00fc\u015f sistemi ile donat\u0131lm\u0131\u015ft\u0131r, kullan\u0131m\u0131 esnektir.<\/li>    <li>D\u00fc\u015f\u00fck saman y\u00fcksekli\u011fi, alanlar\u0131n gelecekteki y\u00f6netimi i\u00e7in uygundur.<\/li>    <li>Kompakt yap\u0131, hafiflik ve g\u00fcvenilir performans, bu\u011fday hasad\u0131n\u0131 kolayca kontrol etmeyi sa\u011flar.<\/li>    <li>Bu bu\u011fday ve pirin\u00e7 reaper el tipi ve kendi kendine hareket eden bir makinedir ve ta\u015f\u0131mas\u0131 kolayd\u0131r.<\/li>    <li>\u015eaft tahrik sistemi, istikrarl\u0131 ve g\u00fcvenli \u00e7al\u0131\u015fma sa\u011flar.<\/li> <\/ul>    <figure class=\"wp-block-image aligncenter size-large\"><img loading=\"lazy\" decoding=\"async\" width=\"561\" height=\"540\" src=\"https:\/\/www.agriculture-machine.com\/wp-content\/uploads\/2018\/10\/harvesting-rice12-561x540.jpg\" alt=\"reaper ve ba\u011flay\u0131c\u0131 yap\u0131s\u0131\" class=\"wp-image-2746\" srcset=\"https:\/\/www.agriculture-machine.com\/wp-content\/uploads\/2018\/10\/harvesting-rice12-561x540.jpg 561w, https:\/\/www.agriculture-machine.com\/wp-content\/uploads\/2018\/10\/harvesting-rice12-280x270.jpg 280w, https:\/\/www.agriculture-machine.com\/wp-content\/uploads\/2018\/10\/harvesting-rice12.jpg 750w\" sizes=\"auto, (max-width: 561px) 100vw, 561px\" \/><figcaption class=\"wp-element-caption\">reaper ve ba\u011flay\u0131c\u0131 yap\u0131s\u0131<\/figcaption><\/figure>    <h2 class=\"wp-block-heading\">Pirincin hasat makinesinin bak\u0131m\u0131<\/h2>    <ul class=\"wp-block-list\"> <li>Kullan\u0131c\u0131, kal\u0131nt\u0131 yabani otlar\u0131 temizlemelidir.<\/li>    <li>S\u0131k\u0131\u015ft\u0131rma par\u00e7as\u0131 ve ba\u011flant\u0131 par\u00e7as\u0131n\u0131n gev\u015feyip gev\u015femedi\u011fini kontrol edin.<\/li>    <li>Motor ve ba\u011flama cihaz\u0131na uygun \u015fekilde ya\u011flay\u0131c\u0131 ekleyin.<\/li>    <li>Kontrol par\u00e7alar\u0131n\u0131n esnek ve g\u00fcvenilir olup olmad\u0131\u011f\u0131n\u0131 kontrol edin.<\/li> <\/ul>    <h2 class=\"wp-block-heading\">Ba\u015far\u0131l\u0131 vakalar<\/h2>    <p>Bu y\u0131l Pakistan'a 100 set pirin\u00e7 bu\u011fday kesim kurutma ve ba\u011flama makinesi satt\u0131k ve bu, m\u00fc\u015fterilerimizle ilk i\u015fbirli\u011fimizdir. Neden bize g\u00fcveniyorlar? \u00dcr\u00fcnlere y\u00f6nelik profesyonel beceriler, samimi tutum ve m\u00fckemmel sat\u0131\u015f sonras\u0131 hizmetler \u00f6nemli fakt\u00f6rlerdir.<\/p>    <figure class=\"wp-block-gallery has-nested-images columns-2 is-cropped wp-block-gallery-2 is-layout-flex wp-block-gallery-is-layout-flex\"> <figure class=\"wp-block-image size-large\"><img loading=\"lazy\" decoding=\"async\" width=\"720\" height=\"540\" data-id=\"2742\" src=\"https:\/\/www.agriculture-machine.com\/wp-content\/uploads\/2018\/10\/harvesting-rice08-720x540.jpg\" alt=\"alan ba\u011flay\u0131c\u0131\" class=\"wp-image-2742\" srcset=\"https:\/\/www.agriculture-machine.com\/wp-content\/uploads\/2018\/10\/harvesting-rice08-720x540.jpg 720w, https:\/\/www.agriculture-machine.com\/wp-content\/uploads\/2018\/10\/harvesting-rice08-360x270.jpg 360w, https:\/\/www.agriculture-machine.com\/wp-content\/uploads\/2018\/10\/harvesting-rice08-240x180.jpg 240w, https:\/\/www.agriculture-machine.com\/wp-content\/uploads\/2018\/10\/harvesting-rice08-768x576.jpg 768w, https:\/\/www.agriculture-machine.com\/wp-content\/uploads\/2018\/10\/harvesting-rice08.jpg 1000w\" sizes=\"auto, (max-width: 720px) 100vw, 720px\" \/><figcaption class=\"wp-element-caption\">alan ba\u011flay\u0131c\u0131<\/figcaption><\/figure>    <figure class=\"wp-block-image size-large\"><img loading=\"lazy\" decoding=\"async\" width=\"720\" height=\"540\" data-id=\"2741\" src=\"https:\/\/www.agriculture-machine.com\/wp-content\/uploads\/2018\/10\/harvesting-rice07-720x540.jpg\" alt=\"Tah\u0131l ba\u011flay\u0131c\u0131\" class=\"wp-image-2741\" srcset=\"https:\/\/www.agriculture-machine.com\/wp-content\/uploads\/2018\/10\/harvesting-rice07-720x540.jpg 720w, https:\/\/www.agriculture-machine.com\/wp-content\/uploads\/2018\/10\/harvesting-rice07-360x270.jpg 360w, https:\/\/www.agriculture-machine.com\/wp-content\/uploads\/2018\/10\/harvesting-rice07-240x180.jpg 240w, https:\/\/www.agriculture-machine.com\/wp-content\/uploads\/2018\/10\/harvesting-rice07-768x576.jpg 768w, https:\/\/www.agriculture-machine.com\/wp-content\/uploads\/2018\/10\/harvesting-rice07.jpg 1000w\" sizes=\"auto, (max-width: 720px) 100vw, 720px\" \/><figcaption class=\"wp-element-caption\">Tah\u0131l ba\u011flay\u0131c\u0131<\/figcaption><\/figure> <\/figure>    <figure class=\"wp-block-gallery has-nested-images columns-2 is-cropped wp-block-gallery-3 is-layout-flex wp-block-gallery-is-layout-flex\"> <figure class=\"wp-block-image size-large\"><img loading=\"lazy\" decoding=\"async\" width=\"405\" height=\"540\" data-id=\"2736\" src=\"https:\/\/www.agriculture-machine.com\/wp-content\/uploads\/2018\/10\/harvesting-rice02-405x540.jpg\" alt=\"tar\u0131m makineleri\" class=\"wp-image-2736\" srcset=\"https:\/\/www.agriculture-machine.com\/wp-content\/uploads\/2018\/10\/harvesting-rice02-405x540.jpg 405w, https:\/\/www.agriculture-machine.com\/wp-content\/uploads\/2018\/10\/harvesting-rice02-203x270.jpg 203w, https:\/\/www.agriculture-machine.com\/wp-content\/uploads\/2018\/10\/harvesting-rice02-768x1024.jpg 768w, https:\/\/www.agriculture-machine.com\/wp-content\/uploads\/2018\/10\/harvesting-rice02.jpg 1000w\" sizes=\"auto, (max-width: 405px) 100vw, 405px\" \/><figcaption class=\"wp-element-caption\">tar\u0131m makineleri<\/figcaption><\/figure>    <figure class=\"wp-block-image size-large\"><img loading=\"lazy\" decoding=\"async\" width=\"405\" height=\"540\" data-id=\"2739\" src=\"https:\/\/www.agriculture-machine.com\/wp-content\/uploads\/2018\/10\/harvesting-rice05-405x540.jpg\" alt=\"bu\u011fday hasat\u00e7\u0131 ba\u011flay\u0131c\u0131\" class=\"wp-image-2739\" srcset=\"https:\/\/www.agriculture-machine.com\/wp-content\/uploads\/2018\/10\/harvesting-rice05-405x540.jpg 405w, https:\/\/www.agriculture-machine.com\/wp-content\/uploads\/2018\/10\/harvesting-rice05-203x270.jpg 203w, https:\/\/www.agriculture-machine.com\/wp-content\/uploads\/2018\/10\/harvesting-rice05-768x1024.jpg 768w, https:\/\/www.agriculture-machine.com\/wp-content\/uploads\/2018\/10\/harvesting-rice05.jpg 1000w\" sizes=\"auto, (max-width: 405px) 100vw, 405px\" \/><figcaption class=\"wp-element-caption\">bu\u011fday hasat\u00e7\u0131 ba\u011flay\u0131c\u0131<\/figcaption><\/figure> <\/figure>    <h2 class=\"wp-block-heading\">\u0130kinci tip<\/h2>    <p>Bu pirin\u00e7 bu\u011fday kesim, kurutma ve ba\u011flama makinesi, bir h\u0131zland\u0131r\u0131c\u0131, tekerlekler, konvey\u00f6r band\u0131, b\u0131\u00e7aklar, motor g\u00fcc\u00fc, kay\u0131\u015f ve bu\u011fday tutucu ile birlikte gelir ve benzinli motor ile uyumludur. Kapasitesi 0.32-0.41 d\u00f6n\u00fcm\/saattir, ilk tipe g\u00f6re ayn\u0131 fonksiyonlara sahip olup, daha hafiftir.<\/p>    <figure class=\"wp-block-image\"><img decoding=\"async\" src=\"https:\/\/www.agriculture-machine.com\/wp-content\/uploads\/2018\/10\/IMG_20190314_164752.jpg\" alt=\"pirin\u00e7 hasat ekipmanlar\u0131\" class=\"wp-image-3196\"\/><figcaption class=\"wp-element-caption\">pirin\u00e7 hasat ekipmanlar\u0131<\/figcaption><\/figure>    <p>\u00d6nemli olarak, tah\u0131l kald\u0131r\u0131c\u0131 \u00fcr\u00fcnleri destekler, bu da hasat edilen \u00fcr\u00fcnlerin d\u00fczenli olmas\u0131n\u0131 sa\u011flar. Konvey\u00f6r band\u0131 ve y\u0131ld\u0131z tekerlekler, kesim sonras\u0131 \u00fcr\u00fcnleri bir yana ta\u015f\u0131r. Makine \u00e7al\u0131\u015f\u0131rken, \u00f6nce hava perdelerini a\u00e7mal\u0131, sonra ba\u015flatma vanas\u0131n\u0131 a\u00e7mal\u0131s\u0131n\u0131z.<\/p>    <figure class=\"wp-block-image aligncenter\"><img loading=\"lazy\" decoding=\"async\" width=\"750\" height=\"750\" src=\"https:\/\/www.agriculture-machine.com\/wp-content\/uploads\/2018\/10\/03.jpg\" alt=\"tarla bi\u00e7me makinesinin yap\u0131s\u0131\" class=\"wp-image-3192\" srcset=\"https:\/\/www.agriculture-machine.com\/wp-content\/uploads\/2018\/10\/03.jpg 750w, https:\/\/www.agriculture-machine.com\/wp-content\/uploads\/2018\/10\/03-270x270.jpg 270w, https:\/\/www.agriculture-machine.com\/wp-content\/uploads\/2018\/10\/03-540x540.jpg 540w\" sizes=\"auto, (max-width: 750px) 100vw, 750px\" \/><figcaption class=\"wp-element-caption\">tarla bi\u00e7me makinesinin yap\u0131s\u0131<\/figcaption><\/figure>    <figure class=\"wp-block-image aligncenter\"><img decoding=\"async\" src=\"https:\/\/www.agriculture-machine.com\/wp-content\/uploads\/2018\/10\/IMG_20190314_165837.jpg\" alt=\"bitki hasat ba\u011flay\u0131c\u0131\" class=\"wp-image-3199\"\/><figcaption class=\"wp-element-caption\">bitki hasat ba\u011flay\u0131c\u0131<\/figcaption><\/figure>    <h2 class=\"wp-block-heading\">Bu\u011fday hasat makinesi teknik parametreleri<\/h2>    <figure class=\"wp-block-table is-style-stripes\"><table><tbody><tr><td>Model<\/td><td>TZY-90<\/td><\/tr><tr><td>Kapasite<\/td><td>0.32-0.41 d\u00f6n\u00fcm\/sa<\/td><\/tr><tr><td>G\u00fc\u00e7<\/td><td>Benzinli motor<\/td><\/tr><tr><td>Kesim Y\u00fcksekli\u011fi<\/td><td>50-100mm<\/td><\/tr><tr><td>Kesim geni\u015fli\u011fi<\/td><td>900mm<\/td><\/tr><tr><td>Boyut (Uzunluk*Geni\u015flik*Y\u00fckseklik)<\/td><td>1800*1000*1100mm<\/td><\/tr><tr><td>A\u011f\u0131rl\u0131k<\/td><td>75kg<\/td><\/tr><tr><td>20GP<\/td><td>55 set<\/td><\/tr><\/tbody><\/table><figcaption class=\"wp-element-caption\">TZY-90 pirin\u00e7 bu\u011fday kesim kurutma ve ba\u011flama makinesi teknik verileri<\/figcaption><\/figure>    <h2 class=\"wp-block-heading\">Pirincin hasat ba\u011flay\u0131c\u0131 makinesinin avantajlar\u0131<\/h2>    <ul class=\"wp-block-list\"> <li>Y\u00fcksek uyum sa\u011flama. Pirin\u00e7, bu\u011fday ve di\u011fer \u00fcr\u00fcnler i\u00e7in farkl\u0131 tarlalara uygulanabilir, \u00f6rne\u011fin tepeler ve ovalar.<\/li>    <li>Bir ki\u015fi t\u00fcm i\u015flemleri tamamlayabilir.<\/li>    <li>B\u00fcy\u00fck tekerlek, \u00e7amurlu tarlada bile y\u00fcr\u00fcmeyi sa\u011flar.<\/li>    <li>Y\u0131ld\u0131z gibi g\u00f6r\u00fcnen sar\u0131 bir pirin\u00e7 tutucu, bu\u011fday\u0131 pirin\u00e7 reaper'\u0131n yan\u0131na yerle\u015ftirebilir.<\/li>    <li>Pirincin ve bu\u011fday\u0131n hasat makinesi, pirin\u00e7, dar\u0131, bu\u011fday, soya fasulyesi, saman ve di\u011ferleri gibi \u00e7e\u015fitli \u00fcr\u00fcnlerde kullan\u0131labilir ve \u00e7e\u015fitli fonksiyonlara sahiptir. <\/li>    <li>Pirincin, bu\u011fday\u0131n kesim, kurutma ve ba\u011flama makinesi, ileri, geri ve durdurma olmak \u00fczere \u00fc\u00e7 \u00e7al\u0131\u015fma vitesine sahiptir ve kullan\u0131m\u0131 kolayd\u0131r.<\/li>    <li>Sol kol, makinenin \u00e7al\u0131\u015fma h\u0131z\u0131n\u0131 ayarlayabilen bir h\u0131z kontrol anahtar\u0131na sahiptir.<\/li>    <li>Geni\u015f \u00e7apta b\u00fcy\u00fck, orta ve k\u00fc\u00e7\u00fck tarlalara uygulanabilir, \u00f6zellikle \u00e7amurlu arazi i\u00e7in.<\/li> <\/ul>    <figure class=\"wp-block-gallery has-nested-images columns-default is-cropped wp-block-gallery-4 is-layout-flex wp-block-gallery-is-layout-flex\"> <figure class=\"wp-block-image size-large\"><img loading=\"lazy\" decoding=\"async\" width=\"540\" height=\"540\" data-id=\"3191\" src=\"https:\/\/www.agriculture-machine.com\/wp-content\/uploads\/2018\/10\/02-540x540.jpg\" alt=\"pirin\u00e7 hasat makinesi\" class=\"wp-image-3191\" srcset=\"https:\/\/www.agriculture-machine.com\/wp-content\/uploads\/2018\/10\/02-540x540.jpg 540w, https:\/\/www.agriculture-machine.com\/wp-content\/uploads\/2018\/10\/02-270x270.jpg 270w, https:\/\/www.agriculture-machine.com\/wp-content\/uploads\/2018\/10\/02.jpg 750w\" sizes=\"auto, (max-width: 540px) 100vw, 540px\" \/><figcaption class=\"wp-element-caption\">pirin\u00e7 hasat makinesi<\/figcaption><\/figure>    <figure class=\"wp-block-image size-large\"><img loading=\"lazy\" decoding=\"async\" width=\"592\" height=\"540\" data-id=\"3194\" src=\"https:\/\/www.agriculture-machine.com\/wp-content\/uploads\/2018\/10\/CMRZI60KOBGCONEIG9W-592x540.jpg\" alt=\"makine detaylar\u0131\" class=\"wp-image-3194\" srcset=\"https:\/\/www.agriculture-machine.com\/wp-content\/uploads\/2018\/10\/CMRZI60KOBGCONEIG9W-592x540.jpg 592w, https:\/\/www.agriculture-machine.com\/wp-content\/uploads\/2018\/10\/CMRZI60KOBGCONEIG9W-296x270.jpg 296w, https:\/\/www.agriculture-machine.com\/wp-content\/uploads\/2018\/10\/CMRZI60KOBGCONEIG9W.jpg 750w\" sizes=\"auto, (max-width: 592px) 100vw, 592px\" \/><figcaption class=\"wp-element-caption\">makine detaylar\u0131<\/figcaption><\/figure> <\/figure>    <h2 class=\"wp-block-heading\">Trakt\u00f6r reaper ba\u011flay\u0131c\u0131lar\u0131n\u0131n toplu teslimat\u0131<\/h2>    <p>Suudi Arabistan'dan m\u00fc\u015fteri, y\u00f6neticimizin rehberli\u011finde fabrikam\u0131z\u0131 ziyaret etti. Makineleri denedikten ve teknisyenlerle g\u00f6r\u00fc\u015ft\u00fckten sonra, sonunda 16 set sat\u0131n almaya karar verdi. A\u015fa\u011f\u0131da ofisteki sat\u0131\u015f temsilcisinin foto\u011fraf\u0131 yer almakta, ona en iyi hizmeti sunmak i\u00e7in \u00e7aba g\u00f6sterdik.<\/p>    <figure class=\"wp-block-image aligncenter\"><img decoding=\"async\" src=\"https:\/\/www.agriculture-machine.com\/wp-content\/uploads\/2018\/10\/IMG_20190314_170210.jpg\" alt=\"mekanik arpa reaper ba\u011flay\u0131c\u0131\" class=\"wp-image-3200\"\/><figcaption class=\"wp-element-caption\">mekanik arpa reaper ba\u011flay\u0131c\u0131<\/figcaption><\/figure>    <figure class=\"wp-block-image aligncenter\"><img decoding=\"async\" src=\"https:\/\/www.agriculture-machine.com\/wp-content\/uploads\/2018\/10\/IMG_20190314_184617.jpg\" alt=\"m\u00fc\u015fteri ziyareti\" class=\"wp-image-3202\"\/><figcaption class=\"wp-element-caption\">m\u00fc\u015fteri ziyareti<\/figcaption><\/figure>    <p class=\"translation-block\">Ayr\u0131ca, m\u0131s\u0131r hasad\u0131 yapmak istiyorsan\u0131z, <a href=\"https:\/\/www.agriculture-machine.com\/tr\/corn-maize-harvester-machine\/\"><strong><em>m\u0131s\u0131r hasat\u00e7\u0131s\u0131<\/em><\/strong><\/a> kullanabilirsiniz. Ayr\u0131ca, \u00e7ift\u00e7ilerin bu\u011fday ve m\u0131s\u0131r tanelerini almak i\u00e7in daha uygun olan <a href=\"https:\/\/www.agriculture-machine.com\/tr\/multifunctional-thresher-for-maize-beans-sorghum-millet\/\"><strong><em>m\u0131s\u0131r bu\u011fday k\u0131r\u0131c\u0131<\/em><\/strong><\/a> makinemizi kullanabilirsiniz.<\/p>    <h2 class=\"wp-block-heading\">Pirince Hasat Makineleri SSS<\/h2>    <h3 class=\"wp-block-heading\"><strong>Birinci tip<\/strong><\/h3>   <div id=\"rank-math-faq\" class=\"rank-math-block\"> <div class=\"rank-math-list\"> <div id=\"faq-question-1724815881356\" class=\"rank-math-list-item\"> <h3 class=\"rank-math-question\">Daha \u00f6nce hangi \u00fclkeye ihra\u00e7 ettiniz?<\/h3> <div class=\"rank-math-answer\">  <p>Hindistan, Filipinler, Avustralya, Birle\u015fik Krall\u0131k, Pakistan, Kanada, Amerika Birle\u015fik Devletleri.<\/p>  <\/div> <\/div> <div id=\"faq-question-1724815885099\" class=\"rank-math-list-item\"> <h3 class=\"rank-math-question\">20 GP ve 40 GP'de ka\u00e7 set y\u00fcklenebilir?<\/h3> <div class=\"rank-math-answer\">  <p>S\u0131ras\u0131yla 16 ve 34 set.<\/p>  <\/div> <\/div> <div id=\"faq-question-1724815893530\" class=\"rank-math-list-item\"> <h3 class=\"rank-math-question\">Hangi \u00fcr\u00fcnler hasat edilebilir?<\/h3> <div class=\"rank-math-answer\">  <p>Pirinc, bu\u011fday ve kanola.<\/p>  <\/div> <\/div> <div id=\"faq-question-1724815901853\" class=\"rank-math-list-item\"> <h3 class=\"rank-math-question\">\u00c7ift\u00e7iler pirin\u00e7 reaper ba\u011flay\u0131c\u0131s\u0131n\u0131n \u00e7ap\u0131n\u0131 ayarlayabilir mi?<\/h3> <div class=\"rank-math-answer\">  <p>Hay\u0131r, ba\u011flay\u0131c\u0131n\u0131n \u00e7ap\u0131 sabittir.<\/p>  <\/div> <\/div> <div id=\"faq-question-1724815908603\" class=\"rank-math-list-item\"> <h3 class=\"rank-math-question\">Bir makinenin, \u00e7al\u0131\u015f\u0131rken pirin\u00e7 ve bu\u011fday\u0131 neden ba\u011flayabildi\u011fi nedir?<\/h3> <div class=\"rank-math-answer\"> <img loading=\"lazy\" decoding=\"async\" width=\"240\" height=\"180\" src=\"https:\/\/www.agriculture-machine.com\/wp-content\/uploads\/2018\/10\/harvesting-rice09-240x180.jpg\" class=\"alignright\" alt=\"pirin\u00e7 hasad\u013109\" \/> <p>Makinenin yan taraf\u0131nda, hasat edilen pirinci ba\u011flayan bir ip bulunur.<\/p>  <\/div> <\/div> <div id=\"faq-question-1724815949162\" class=\"rank-math-list-item\"> <h3 class=\"rank-math-question\">Kesim y\u00fcksekli\u011fi ve kesim geni\u015fli\u011fi ayarlanabilir mi?<\/h3> <div class=\"rank-math-answer\">  <p>Kesim y\u00fcksekli\u011fi ayarlanabilir ve 50mm'den az olamaz, ancak kesim geni\u015fli\u011fi 900mm olmal\u0131d\u0131r.<\/p>  <\/div> <\/div> <\/div> <\/div>   <h3 class=\"wp-block-heading\"><strong>\u0130kinci tip<\/strong><\/h3>   <div id=\"rank-math-faq\" class=\"rank-math-block\"> <div class=\"rank-math-list\"> <div id=\"faq-question-1724816049983\" class=\"rank-math-list-item\"> <h3 class=\"rank-math-question\">Kesim y\u00fcksekli\u011fi ve kesim geni\u015fli\u011fi ayarlanabilir mi?<\/h3> <div class=\"rank-math-answer\">  <p>Hay\u0131r, ikisi de ayarlanmaz. Ancak, farkl\u0131 y\u00fcksekliklere sahip tarlalar nedeniyle, kesim y\u00fcksekli\u011fi 50-100mm aras\u0131ndad\u0131r.<\/p>  <\/div> <\/div> <div id=\"faq-question-1724816053020\" class=\"rank-math-list-item\"> <h3 class=\"rank-math-question\">Bir makine, yere d\u00fc\u015fm\u00fc\u015f pirin\u00e7 veya bu\u011fday\u0131 kesebilir mi?<\/h3> <div class=\"rank-math-answer\">  <p>Evet, bu reaper makinesi onlar\u0131 etkili bir \u015fekilde hasat edebilir.<\/p>  <\/div> <\/div> <div id=\"faq-question-1724816066346\" class=\"rank-math-list-item\"> <h3 class=\"rank-math-question\">Makinenin ka\u00e7 vitesi var?<\/h3> <div class=\"rank-math-answer\">  <p>\u00dc\u00e7 vites vard\u0131r: anahtar, \u00e7al\u0131\u015fma vitesi ve n\u00f6tr vites.<\/p>  <\/div> <\/div> <div id=\"faq-question-1724816074930\" class=\"rank-math-list-item\"> <h3 class=\"rank-math-question\">Saman y\u00fcksekli\u011fi ayarlanabilir mi?<\/h3> <div class=\"rank-math-answer\">  <p>Hay\u0131r, ayarlanamaz.<\/p>  <\/div> <\/div> <div id=\"faq-question-1724816083266\" class=\"rank-math-list-item\"> <h3 class=\"rank-math-question\">\u0130ki makine ayn\u0131 m\u0131?<\/h3> <div class=\"rank-math-answer\">  <p>\u0130\u015flev a\u00e7\u0131s\u0131ndan, ayn\u0131 (bu\u011fday kesme ve ba\u011flama), ancak yap\u0131lar\u0131 biraz farkl\u0131d\u0131r.<\/p>  <\/div> <\/div> <\/div> <\/div>","protected":false},"excerpt":{"rendered":"<p>Yeni tasar\u0131m pirin\u00e7 bu\u011fday kesim kurutma ve ba\u011flama makinemizin kapasitesi 1300-2000m2\/saattir, zaman ve enerji tasarrufu sa\u011flar ve \u00e7e\u015fitli \u00fcr\u00fcnleri hasat edebilir.<\/p>","protected":false},"author":1,"featured_media":3208,"parent":0,"comment_status":"closed","ping_status":"closed","template":"","tags":[2609],"product-type":[888],"class_list":["post-1044","product","type-product","status-publish","has-post-thumbnail","hentry","tag-cutter","product-type-rice-reaper"],"_links":{"self":[{"href":"https:\/\/www.agriculture-machine.com\/tr\/wp-json\/wp\/v2\/product\/1044","targetHints":{"allow":["GET"]}}],"collection":[{"href":"https:\/\/www.agriculture-machine.com\/tr\/wp-json\/wp\/v2\/product"}],"about":[{"href":"https:\/\/www.agriculture-machine.com\/tr\/wp-json\/wp\/v2\/types\/product"}],"author":[{"embeddable":true,"href":"https:\/\/www.agriculture-machine.com\/tr\/wp-json\/wp\/v2\/users\/1"}],"replies":[{"embeddable":true,"href":"https:\/\/www.agriculture-machine.com\/tr\/wp-json\/wp\/v2\/comments?post=1044"}],"wp:featuredmedia":[{"embeddable":true,"href":"https:\/\/www.agriculture-machine.com\/tr\/wp-json\/wp\/v2\/media\/3208"}],"wp:attachment":[{"href":"https:\/\/www.agriculture-machine.com\/tr\/wp-json\/wp\/v2\/media?parent=1044"}],"wp:term":[{"taxonomy":"post_tag","embeddable":true,"href":"https:\/\/www.agriculture-machine.com\/tr\/wp-json\/wp\/v2\/tags?post=1044"},{"taxonomy":"product-type","embeddable":true,"href":"https:\/\/www.agriculture-machine.com\/tr\/wp-json\/wp\/v2\/product-type?post=1044"}],"curies":[{"name":"wp","href":"https:\/\/api.w.org\/{rel}","templated":true}]}}