{"id":10441,"date":"2021-05-19T16:47:31","date_gmt":"2021-05-19T08:47:31","guid":{"rendered":"https:\/\/www.agriculture-machine.com\/?p=10441"},"modified":"2024-09-23T11:15:12","modified_gmt":"2024-09-23T03:15:12","slug":"cocoa-bean-peeling-machine-roasted-cocoa-peeling-machine","status":"publish","type":"product","link":"https:\/\/www.agriculture-machine.com\/tr\/cocoa-bean-peeling-machine-roasted-cocoa-peeling-machine\/","title":{"rendered":"Kakao \u00e7ekirde\u011fi soyma makinesi | kavrulmu\u015f kakao soyma makinesi"},"content":{"rendered":"<p class=\"translation-block\"><strong>Kakao \u00e7ekirde\u011fi soyma makinesi<\/strong> genellikle kakao \u00e7ekirdekleri i\u015flemek i\u00e7in kullan\u0131l\u0131r. Kabu\u011fu a\u00e7t\u0131ktan sonra, kakao \u00e7ekirdekleri soyulmal\u0131d\u0131r. En iyi soyma sonucu, \u00f6nce kakao \u00e7ekirdeklerini kavurmak, b\u00f6ylece soyulmu\u015f kakao \u00e7ekirdeklerinin kalitesini art\u0131rmakt\u0131r.<\/p>    <h2 class=\"wp-block-heading\">Kakao \u00e7ekirde\u011fi soyma makinesinin \u00e7al\u0131\u015fma s\u00fcreci<\/h2>    <p>Bu makineyi kullan\u0131rken, sadece kakao \u00e7ekirdekleri veya yerf\u0131st\u0131\u011f\u0131n\u0131 besleme giri\u015fine d\u00f6kmeniz yeterlidir. Makine otomatik olarak soyma ve ay\u0131rma i\u015flemini tamamlar.<\/p>    <figure class=\"wp-block-embed is-type-video is-provider-youtube wp-block-embed-youtube wp-embed-aspect-16-9 wp-has-aspect-ratio\"><div class=\"wp-block-embed__wrapper\"> <iframe loading=\"lazy\" title=\"2021 en yeni otomatik kakao \u00e7ekirde\u011fi soyma makinesi\/Kakao \u00e7ekirde\u011fi soyma makinesi \u00e7al\u0131\u015fma videosu.\" width=\"500\" height=\"281\" src=\"https:\/\/www.youtube.com\/embed\/EsiFnIqnjnA?feature=oembed\" frameborder=\"0\" allow=\"accelerometer; autoplay; clipboard-write; encrypted-media; gyroscope; picture-in-picture; web-share\" referrerpolicy=\"strict-origin-when-cross-origin\" allowfullscreen><\/iframe> <\/div><figcaption class=\"wp-element-caption\">kakao \u00e7ekirde\u011fi soyma makinesi \u00e7al\u0131\u015fma videosu<\/figcaption><\/figure>    <h2 class=\"wp-block-heading\">Kakao \u00e7ekirdeklerinden nas\u0131l \u00e7ikolata yap\u0131l\u0131r?<\/h2>    <p>Kakao \u00e7ekirdekleri be\u015f ad\u0131mda \u00e7ikolata yapabilir.<\/p>    <ol class=\"wp-block-list\"> <li>Kabu\u011fu a\u00e7\u0131n<\/li>    <li>Fermantasyon<\/li>    <li>Maruz kalma (kavurma)<\/li>    <li>Soyma<\/li>    <li>\u00d6\u011f\u00fctme<\/li> <\/ol>    <p class=\"translation-block\">Daha \u00f6nce bahsedilen <a href=\"https:\/\/www.agriculture-machine.com\/tr\/cocoa-pod-breaker-cocoa-pod-splitter-cocoa-pod-opener\/\">kakao kabu\u011fu a\u00e7ma<\/a> i\u015flemi, sadece kakao kabu\u011fu k\u0131r\u0131c\u0131 kullan\u0131l\u0131r. Fermantasyon ve maruz kalma i\u00e7in makine gerekmez. E\u011fer b\u00fcy\u00fck \u00f6l\u00e7ekli \u00fcretim yap\u0131yorsan\u0131z, kavurma makinesi sat\u0131n alabilirsiniz. Bug\u00fcn size kakao \u00e7ekirde\u011fi soyma i\u015flemini anlatmak istiyorum. Kakao \u00e7ekirde\u011fi nas\u0131l soyulur?<\/p>    <h2 class=\"wp-block-heading\">Kakao \u00e7ekirde\u011fi nas\u0131l soyulur?<\/h2>    <p>Kakao \u00e7ekirde\u011fi soyma makinesi, kakao soyma i\u015flemi i\u00e7in gereklidir. Kavrulmu\u015f kakao \u00e7ekirdekleri, kakao \u00e7ekirde\u011fi soyma makinesine konulduktan sonra temiz kakao \u00e7ekirdekleri elde edilir. Soyulmu\u015f kakao \u00e7ekirdekleri, \u00e7ikolata, kakao tozu, kakao suyu gibi \u00fcr\u00fcnler yapmak i\u00e7in \u00e7ok kullan\u0131\u015fl\u0131d\u0131r. Bu nedenle, kakao \u00e7ekirde\u011fi soyma makinesi her zaman en \u00e7ok satan makinemiz olmu\u015ftur.<\/p>    <h2 class=\"wp-block-heading\">Kavrulmu\u015f kakao soyma makinesinin uygulamas\u0131<\/h2>    <p>Bizim soyma makinemiz sadece kakao \u00e7ekirde\u011fi de\u011fil, ayn\u0131 zamanda yerf\u0131st\u0131\u011f\u0131n\u0131 da soyabilir, yani yerf\u0131st\u0131\u011f\u0131n\u0131n k\u0131rm\u0131z\u0131 kabu\u011funu \u00e7\u0131kar\u0131r.<\/p>    <figure class=\"wp-block-image aligncenter size-full wp-image-10450\"><img loading=\"lazy\" decoding=\"async\" width=\"720\" height=\"540\" src=\"https:\/\/www.agriculture-machine.com\/wp-content\/uploads\/2021\/05\/application-of-cocoa-bean-peeler.jpg\" alt=\"kakao \u00e7ekirde\u011fi soyma makinesinin uygulamas\u0131\" class=\"wp-image-10450\" srcset=\"https:\/\/www.agriculture-machine.com\/wp-content\/uploads\/2021\/05\/application-of-cocoa-bean-peeler.jpg 720w, https:\/\/www.agriculture-machine.com\/wp-content\/uploads\/2021\/05\/application-of-cocoa-bean-peeler-360x270.jpg 360w, https:\/\/www.agriculture-machine.com\/wp-content\/uploads\/2021\/05\/application-of-cocoa-bean-peeler-240x180.jpg 240w\" sizes=\"auto, (max-width: 720px) 100vw, 720px\" \/><figcaption class=\"wp-element-caption\">kakao \u00e7ekirde\u011fi soyma makinesinin uygulamas\u0131<\/figcaption><\/figure>    <h2 class=\"wp-block-heading\">Kakao \u00e7ekirde\u011fi soyma makinesinin avantajlar\u0131<\/h2>    <ol class=\"wp-block-list\"> <li>Peeling rate above 98%<\/li>    <li>Kakao kabuklar\u0131n\u0131 ve \u00e7ekirdekleri 2~3 kg\/dakika h\u0131z\u0131nda k\u0131rma ve ay\u0131rma<\/li>    <li>Kullan\u0131m\u0131 basit, neredeyse manuel i\u015flem gerektirmez.<\/li>    <li>Otomasyon derecesi y\u00fcksek, sadece operat\u00f6rlerin malzemeleri makineye d\u00f6kmesi yeterlidir, makine otomatik olarak soyma, ay\u0131rma ve ay\u0131klama i\u015flemlerini tamamlar.<\/li> <\/ol>    <figure class=\"wp-block-gallery has-nested-images columns-2 is-cropped wp-block-gallery-2 is-layout-flex wp-block-gallery-is-layout-flex\"> <figure class=\"wp-block-image size-large\"><a href=\"https:\/\/www.agriculture-machine.com\/wp-content\/uploads\/2021\/05\/cocoa-bean-peeler-working.jpg\"><img loading=\"lazy\" decoding=\"async\" width=\"720\" height=\"540\" data-id=\"10444\" src=\"https:\/\/www.agriculture-machine.com\/wp-content\/uploads\/2021\/05\/cocoa-bean-peeler-working.jpg\" alt=\"kakao \u00e7ekirde\u011fi soyma makinesi \u00e7al\u0131\u015fma\" class=\"wp-image-10444\" srcset=\"https:\/\/www.agriculture-machine.com\/wp-content\/uploads\/2021\/05\/cocoa-bean-peeler-working.jpg 720w, https:\/\/www.agriculture-machine.com\/wp-content\/uploads\/2021\/05\/cocoa-bean-peeler-working-360x270.jpg 360w, https:\/\/www.agriculture-machine.com\/wp-content\/uploads\/2021\/05\/cocoa-bean-peeler-working-240x180.jpg 240w\" sizes=\"auto, (max-width: 720px) 100vw, 720px\" \/><\/a><figcaption class=\"wp-element-caption\">kakao \u00e7ekirde\u011fi soyma makinesi \u00e7al\u0131\u015fma<\/figcaption><\/figure>    <figure class=\"wp-block-image size-large\"><a href=\"https:\/\/www.agriculture-machine.com\/wp-content\/uploads\/2021\/05\/woking.jpg\"><img loading=\"lazy\" decoding=\"async\" width=\"720\" height=\"540\" data-id=\"10445\" src=\"https:\/\/www.agriculture-machine.com\/wp-content\/uploads\/2021\/05\/woking.jpg\" alt=\"\u00e7al\u0131\u015fma\" class=\"wp-image-10445\" srcset=\"https:\/\/www.agriculture-machine.com\/wp-content\/uploads\/2021\/05\/woking.jpg 720w, https:\/\/www.agriculture-machine.com\/wp-content\/uploads\/2021\/05\/woking-360x270.jpg 360w, https:\/\/www.agriculture-machine.com\/wp-content\/uploads\/2021\/05\/woking-240x180.jpg 240w\" sizes=\"auto, (max-width: 720px) 100vw, 720px\" \/><\/a><figcaption class=\"wp-element-caption\">\u00e7al\u0131\u015fma<\/figcaption><\/figure> <\/figure>    <h2 class=\"wp-block-heading\">Kakao \u00e7ekirde\u011fi soyarken nelere dikkat edilmelidir?<\/h2>    <ol class=\"wp-block-list\"> <li>Kabu\u011fu ay\u0131rmak i\u00e7in fermantasyon gereklidir. Kabu\u011fu a\u00e7t\u0131ktan sonra do\u011frudan soyma yapmay\u0131n.<\/li>    <li>Don&#8217;t get moldy. The way to avoid moldy is to dry and reduce the moisture from 70% to 7%.<\/li>    <li>Kakao \u00e7ekirde\u011fi kavrulmal\u0131 ve kavurma s\u0131ras\u0131nda kabuklar yava\u015f yava\u015f d\u00f6k\u00fcl\u00fcr. Bu, kakao \u00e7ekirdeklerinin soyulmas\u0131na yard\u0131mc\u0131 olur. Ayn\u0131 zamanda kavurma s\u0131ras\u0131nda kakao \u00e7ekirdekleri \u0131s\u0131 emer, hem do\u011fal aromay\u0131 hem de fermantasyon s\u0131ras\u0131nda olu\u015fan aromay\u0131 dengeleyerek ac\u0131l\u0131\u011f\u0131 azalt\u0131r ve kavurma ile ortaya \u00e7\u0131kan aromay\u0131 emer.<\/li> <\/ol>    <h2 class=\"wp-block-heading\">Makine ekran\u0131<\/h2>    <figure class=\"wp-block-gallery has-nested-images columns-2 is-cropped wp-block-gallery-3 is-layout-flex wp-block-gallery-is-layout-flex\"> <figure class=\"wp-block-image size-large\"><a href=\"https:\/\/www.agriculture-machine.com\/wp-content\/uploads\/2021\/05\/cocoa-bean-peeler-1.jpg\"><img loading=\"lazy\" decoding=\"async\" width=\"720\" height=\"540\" data-id=\"10446\" src=\"https:\/\/www.agriculture-machine.com\/wp-content\/uploads\/2021\/05\/cocoa-bean-peeler-1.jpg\" alt=\"kakao \u00e7ekirde\u011fi soyma makinesi 1\" class=\"wp-image-10446\" srcset=\"https:\/\/www.agriculture-machine.com\/wp-content\/uploads\/2021\/05\/cocoa-bean-peeler-1.jpg 720w, https:\/\/www.agriculture-machine.com\/wp-content\/uploads\/2021\/05\/cocoa-bean-peeler-1-360x270.jpg 360w, https:\/\/www.agriculture-machine.com\/wp-content\/uploads\/2021\/05\/cocoa-bean-peeler-1-240x180.jpg 240w\" sizes=\"auto, (max-width: 720px) 100vw, 720px\" \/><\/a><figcaption class=\"wp-element-caption\">kakao \u00e7ekirde\u011fi soyma makinesi 1<\/figcaption><\/figure>    <figure class=\"wp-block-image size-large\"><a href=\"https:\/\/www.agriculture-machine.com\/wp-content\/uploads\/2021\/05\/cocoa-bean-peeler-2.jpg\"><img loading=\"lazy\" decoding=\"async\" width=\"720\" height=\"540\" data-id=\"10447\" src=\"https:\/\/www.agriculture-machine.com\/wp-content\/uploads\/2021\/05\/cocoa-bean-peeler-2.jpg\" alt=\"kakao \u00e7ekirde\u011fi soyma makinesi 2\" class=\"wp-image-10447\" srcset=\"https:\/\/www.agriculture-machine.com\/wp-content\/uploads\/2021\/05\/cocoa-bean-peeler-2.jpg 720w, https:\/\/www.agriculture-machine.com\/wp-content\/uploads\/2021\/05\/cocoa-bean-peeler-2-360x270.jpg 360w, https:\/\/www.agriculture-machine.com\/wp-content\/uploads\/2021\/05\/cocoa-bean-peeler-2-240x180.jpg 240w\" sizes=\"auto, (max-width: 720px) 100vw, 720px\" \/><\/a><figcaption class=\"wp-element-caption\">kakao \u00e7ekirde\u011fi soyma makinesi 2<\/figcaption><\/figure>    <figure class=\"wp-block-image size-large\"><a href=\"https:\/\/www.agriculture-machine.com\/wp-content\/uploads\/2021\/05\/cocoa-bean-peeler-3.jpg\"><img loading=\"lazy\" decoding=\"async\" width=\"720\" height=\"540\" data-id=\"10448\" src=\"https:\/\/www.agriculture-machine.com\/wp-content\/uploads\/2021\/05\/cocoa-bean-peeler-3.jpg\" alt=\"kakao \u00e7ekirde\u011fi soyma makinesi 3\" class=\"wp-image-10448\" srcset=\"https:\/\/www.agriculture-machine.com\/wp-content\/uploads\/2021\/05\/cocoa-bean-peeler-3.jpg 720w, https:\/\/www.agriculture-machine.com\/wp-content\/uploads\/2021\/05\/cocoa-bean-peeler-3-360x270.jpg 360w, https:\/\/www.agriculture-machine.com\/wp-content\/uploads\/2021\/05\/cocoa-bean-peeler-3-240x180.jpg 240w\" sizes=\"auto, (max-width: 720px) 100vw, 720px\" \/><\/a><figcaption class=\"wp-element-caption\">kakao \u00e7ekirde\u011fi soyma makinesi 3<\/figcaption><\/figure>    <figure class=\"wp-block-image size-large\"><a href=\"https:\/\/www.agriculture-machine.com\/wp-content\/uploads\/2021\/05\/cocoa-bean-peeler-4.jpg\"><img loading=\"lazy\" decoding=\"async\" width=\"720\" height=\"540\" data-id=\"10449\" src=\"https:\/\/www.agriculture-machine.com\/wp-content\/uploads\/2021\/05\/cocoa-bean-peeler-4.jpg\" alt=\"kakao \u00e7ekirde\u011fi soyma makinesi 4\" class=\"wp-image-10449\" srcset=\"https:\/\/www.agriculture-machine.com\/wp-content\/uploads\/2021\/05\/cocoa-bean-peeler-4.jpg 720w, https:\/\/www.agriculture-machine.com\/wp-content\/uploads\/2021\/05\/cocoa-bean-peeler-4-360x270.jpg 360w, https:\/\/www.agriculture-machine.com\/wp-content\/uploads\/2021\/05\/cocoa-bean-peeler-4-240x180.jpg 240w\" sizes=\"auto, (max-width: 720px) 100vw, 720px\" \/><\/a><figcaption class=\"wp-element-caption\">kakao \u00e7ekirde\u011fi soyma makinesi 4<\/figcaption><\/figure> <\/figure>    <h2 class=\"wp-block-heading\">Teknik Parametreler<\/h2>    <figure class=\"wp-block-table is-style-stripes\"><table><tbody><tr><td>Kapasite<\/td><td>500-700kg\/h<\/td><\/tr><tr><td>Gerilim<\/td><td>220V\/380V\/50HZ<\/td><\/tr><tr><td>G\u00fc\u00e7<\/td><td>1.5kw*2<\/td><\/tr><tr><td>Soyma oran\u0131<\/td><td>98%<\/td><\/tr><tr><td>Boyut<\/td><td>1900*850*1350<\/td><\/tr><\/tbody><\/table><figcaption class=\"wp-element-caption\">kakao \u00e7ekirde\u011fi soyma makinesi teknik verileri<\/figcaption><\/figure>    <h2 class=\"wp-block-heading\">\u0130stedi\u011finiz zaman bizimle ileti\u015fime ge\u00e7in<\/h2>    <p>T\u00fcm m\u00fc\u015fterileri aktif olarak dan\u0131\u015fmaya ve kakao \u00e7ekirde\u011fi soyma makineleri hakk\u0131nda daha fazla bilgi edinmeye davet ediyoruz. Profesyonel ekibimiz, detayl\u0131 \u00fcr\u00fcn tan\u0131t\u0131mlar\u0131, \u00f6zelle\u015ftirilmi\u015f \u00e7\u00f6z\u00fcmler ve teknik destek sunmaya haz\u0131rd\u0131r, kakao \u00e7ekirde\u011fi i\u015fleme verimlili\u011finizi nas\u0131l art\u0131rabilece\u011finizi tart\u0131\u015fmak i\u00e7in!<\/p>","protected":false},"excerpt":{"rendered":"<p>Bu kakao \u00e7ekirde\u011fi soyma makinesi. Kakao \u00e7ekirdekleri, kabu\u011fu a\u00e7t\u0131ktan sonra soyulmal\u0131d\u0131r. Bu makinenin \u00e7\u0131k\u0131\u015f\u0131 500-700 kg\/saat'tir.<\/p>","protected":false},"author":1,"featured_media":10443,"parent":0,"comment_status":"closed","ping_status":"closed","template":"","tags":[2612,2613],"product-type":[874],"class_list":["post-10441","product","type-product","status-publish","has-post-thumbnail","hentry","tag-cocoa","tag-peeling","product-type-grains-peeling-machine"],"_links":{"self":[{"href":"https:\/\/www.agriculture-machine.com\/tr\/wp-json\/wp\/v2\/product\/10441","targetHints":{"allow":["GET"]}}],"collection":[{"href":"https:\/\/www.agriculture-machine.com\/tr\/wp-json\/wp\/v2\/product"}],"about":[{"href":"https:\/\/www.agriculture-machine.com\/tr\/wp-json\/wp\/v2\/types\/product"}],"author":[{"embeddable":true,"href":"https:\/\/www.agriculture-machine.com\/tr\/wp-json\/wp\/v2\/users\/1"}],"replies":[{"embeddable":true,"href":"https:\/\/www.agriculture-machine.com\/tr\/wp-json\/wp\/v2\/comments?post=10441"}],"wp:featuredmedia":[{"embeddable":true,"href":"https:\/\/www.agriculture-machine.com\/tr\/wp-json\/wp\/v2\/media\/10443"}],"wp:attachment":[{"href":"https:\/\/www.agriculture-machine.com\/tr\/wp-json\/wp\/v2\/media?parent=10441"}],"wp:term":[{"taxonomy":"post_tag","embeddable":true,"href":"https:\/\/www.agriculture-machine.com\/tr\/wp-json\/wp\/v2\/tags?post=10441"},{"taxonomy":"product-type","embeddable":true,"href":"https:\/\/www.agriculture-machine.com\/tr\/wp-json\/wp\/v2\/product-type?post=10441"}],"curies":[{"name":"wp","href":"https:\/\/api.w.org\/{rel}","templated":true}]}}