{"id":1054,"date":"2018-10-17T10:51:19","date_gmt":"2018-10-17T02:51:19","guid":{"rendered":"https:\/\/www.agriculture-machine.com\/?p=1054"},"modified":"2024-09-18T16:25:26","modified_gmt":"2024-09-18T08:25:26","slug":"rice-destoner-machine","status":"publish","type":"product","link":"https:\/\/www.agriculture-machine.com\/tr\/rice-destoner-machine\/","title":{"rendered":"Bu\u011fday pirin\u00e7 ay\u0131klama makinesi | ta\u015f safs\u0131zl\u0131klar\u0131n\u0131 gideren makine"},"content":{"rendered":"<p class=\"translation-block\"><strong>Pirincin ta\u015f ay\u0131klama makinesi  <\/strong> temel olarak tah\u0131l i\u015fleme tesisinde kullan\u0131l\u0131r, bu\u011fday, pirin\u00e7 gibi \u00fcr\u00fcnlerden ta\u015f ve di\u011fer kirleticileri ay\u0131r\u0131r. Kapasitesi 1t\/saat olup, 2.2kw motor ile uyumludur. \u00c7o\u011fu zaman, bu\u011fday ve pirin\u00e7te \u00e7\u0131kar\u0131lmas\u0131 zor olan baz\u0131 ta\u015flar bulunur, bu nedenle bu pirin\u00e7 ay\u0131klama makinesi bu sorunu y\u00fcksek verimlilikle \u00e7\u00f6zer.<\/p> <p><img loading=\"lazy\" decoding=\"async\" class=\"alignnone wp-image-2715\" title=\"pirin\u00e7 ay\u0131klama makinesi\" src=\"https:\/\/www.agriculture-machine.com\/wp-content\/uploads\/2019\/03\/rice-destoner-machine-4-2.jpg\" alt=\"pirin\u00e7 ay\u0131klama makinesi\" width=\"611\" height=\"619\" srcset=\"https:\/\/www.agriculture-machine.com\/wp-content\/uploads\/2019\/03\/rice-destoner-machine-4-2.jpg 750w, https:\/\/www.agriculture-machine.com\/wp-content\/uploads\/2019\/03\/rice-destoner-machine-4-2-266x270.jpg 266w, https:\/\/www.agriculture-machine.com\/wp-content\/uploads\/2019\/03\/rice-destoner-machine-4-2-533x540.jpg 533w\" sizes=\"auto, (max-width: 611px) 100vw, 611px\" \/><\/p> <h2>SQ50'nin teknik parametreleri<\/h2> <table style=\"height: 173px;\" width=\"399\"> <tbody> <tr> <td width=\"346\"><strong><b>Model<\/b><\/strong><\/td> <td width=\"293\">SQ50<\/td> <\/tr> <tr> <td width=\"346\">Verimlilik<\/td> <td width=\"293\">1t\/h<\/td> <\/tr> <tr> <td width=\"346\">G\u00fc\u00e7<\/td> <td width=\"293\">2.2kw motor<\/td> <\/tr> <tr> <td width=\"346\">Boyut<\/td> <td width=\"293\">900*610*320mm<\/td> <\/tr> <tr> <td width=\"346\">N. A\u011f\u0131rl\u0131k<\/td> <td width=\"293\">86kg<\/td> <\/tr> <\/tbody> <\/table> <h2>Pirincin ta\u015f ay\u0131klama makinesinin yap\u0131s\u0131<\/h2> <p>Bizim bu\u011fday ta\u015f ay\u0131klama makinemiz, b\u00fcy\u00fck ta\u015f \u00e7\u0131k\u0131\u015f noktas\u0131, kirli \u00e7\u0131k\u0131\u015f noktas\u0131, temiz pirin\u00e7 \u00e7\u0131k\u0131\u015f noktas\u0131, k\u00fc\u00e7\u00fck ta\u015f \u00e7\u0131k\u0131\u015f noktas\u0131 ve pirin\u00e7 besleme haznesinden olu\u015fur.<\/p> <p><img loading=\"lazy\" decoding=\"async\" class=\"alignnone wp-image-2711\" title=\"\u00fcr\u00fcn detaylar\u0131\" src=\"https:\/\/www.agriculture-machine.com\/wp-content\/uploads\/2019\/03\/rice-destoner-machine-5-1.jpg\" alt=\"\u00fcr\u00fcn detaylar\u0131\" width=\"607\" height=\"617\" srcset=\"https:\/\/www.agriculture-machine.com\/wp-content\/uploads\/2019\/03\/rice-destoner-machine-5-1.jpg 750w, https:\/\/www.agriculture-machine.com\/wp-content\/uploads\/2019\/03\/rice-destoner-machine-5-1-266x270.jpg 266w, https:\/\/www.agriculture-machine.com\/wp-content\/uploads\/2019\/03\/rice-destoner-machine-5-1-531x540.jpg 531w\" sizes=\"auto, (max-width: 607px) 100vw, 607px\" \/><\/p> <h2>Pirincin ta\u015f ay\u0131klama makinesinin \u00e7al\u0131\u015fma prensibi<\/h2> <ol> <li>Operat\u00f6r, Nijerya'da pirin\u00e7 ay\u0131klama makinesi \u00e7al\u0131\u015fmaya ba\u015flad\u0131\u011f\u0131nda pirin\u00e7 veya bu\u011fday\u0131 besleme haznesine b\u0131rak\u0131r<\/li> <li>2.2kw motor makineyi g\u00fc\u00e7lendirir, bu y\u00fczden elektrikli ekran s\u00fcrekli titre\u015fir.<\/li> <li>Ta\u015f yukar\u0131 do\u011fru hareket ederken, pirin\u00e7 veya bu\u011fday ters y\u00f6nde akar.<\/li> <li>Birka\u00e7 dakika sonra, temiz pirin\u00e7, k\u00fc\u00e7\u00fck ta\u015f, b\u00fcy\u00fck ta\u015f ve di\u011fer kirleticiler farkl\u0131 \u00e7\u0131k\u0131\u015flardan \u00e7\u0131kar.<\/li> <\/ol> <h2>Pirincin ta\u015f ay\u0131klama makinesinin avantaj\u0131<\/h2> <ol> <li>Y\u00fcksek temizlik oran\u0131. Son pirin\u00e7 \u00e7ok temizdir ve herhangi bir kirletici i\u00e7ermez.<\/li> <li>Makine \u00e7al\u0131\u015fma s\u0131ras\u0131nda stabildir.<\/li> <li>Y\u00fcksek kapasite. Kapasitesi 1t\/saattir.<\/li> <li>Makine kullan\u0131m\u0131 kolayd\u0131r, zaman ve enerji tasarrufu sa\u011flar.<img loading=\"lazy\" decoding=\"async\" class=\"alignnone wp-image-2708\" title=\"pirin\u00e7\" src=\"https:\/\/www.agriculture-machine.com\/wp-content\/uploads\/2019\/03\/rice-destoner-machine-2-1.jpg\" alt=\"pirin\u00e7\" width=\"645\" height=\"430\" srcset=\"https:\/\/www.agriculture-machine.com\/wp-content\/uploads\/2019\/03\/rice-destoner-machine-2-1.jpg 750w, https:\/\/www.agriculture-machine.com\/wp-content\/uploads\/2019\/03\/rice-destoner-machine-2-1-360x240.jpg 360w, https:\/\/www.agriculture-machine.com\/wp-content\/uploads\/2019\/03\/rice-destoner-machine-2-1-720x480.jpg 720w\" sizes=\"auto, (max-width: 645px) 100vw, 645px\" \/> <img loading=\"lazy\" decoding=\"async\" class=\"alignnone wp-image-2709\" title=\"pirin\u00e7\" src=\"https:\/\/www.agriculture-machine.com\/wp-content\/uploads\/2019\/03\/rice-destoner-machine-3-1.jpg\" alt=\"pirin\u00e7\" width=\"645\" height=\"430\" srcset=\"https:\/\/www.agriculture-machine.com\/wp-content\/uploads\/2019\/03\/rice-destoner-machine-3-1.jpg 750w, https:\/\/www.agriculture-machine.com\/wp-content\/uploads\/2019\/03\/rice-destoner-machine-3-1-360x240.jpg 360w, https:\/\/www.agriculture-machine.com\/wp-content\/uploads\/2019\/03\/rice-destoner-machine-3-1-720x480.jpg 720w\" sizes=\"auto, (max-width: 645px) 100vw, 645px\" \/><\/li> <\/ol> <h2>Makinemizin \u00f6nceli\u011fi<\/h2> <ol> <li>Makineyi \u00e7al\u0131\u015ft\u0131rmadan \u00f6nce, kullan\u0131c\u0131 ekran y\u00fczeyini ve fan\u0131 dikkatlice kontrol etmeli, ba\u011flant\u0131lar\u0131n gev\u015fek olup olmad\u0131\u011f\u0131n\u0131, kasna\u011f\u0131 elle \u00e7evirmeli. Anormal ses yoksa \u00e7al\u0131\u015ft\u0131r\u0131labilir.<\/li> <li>Ekran\u0131n e\u011fimi 10\u00b0 ile 13\u00b0 aras\u0131nda olmal\u0131d\u0131r, a\u015f\u0131r\u0131 e\u011fim ta\u015flar\u0131n yukar\u0131 do\u011fru hareketini durdurur. Bu durumda, se\u00e7im odas\u0131na giri\u015f h\u0131z\u0131 azal\u0131r ve ta\u015flar\u0131n bo\u015falt\u0131lmas\u0131 zorla\u015f\u0131r.<\/li> <li>Ayr\u0131ca, pirin\u00e7 daha y\u00fcksek h\u0131zda hareket eder ve bu da son pirincin temiz olmamas\u0131na neden olur. Bu nedenle, \u00e7al\u0131\u015fma e\u011fimi uygun aral\u0131kta tutulmal\u0131 ve son pirin\u00e7teki ta\u015f miktar\u0131na g\u00f6re ayarlanmal\u0131d\u0131r. Pirin\u00e7te \u00e7ok ta\u015f varsa, e\u011fim a\u00e7\u0131s\u0131 uygun \u015fekilde azalt\u0131labilir.<\/li> <li>Giri\u015fte uygun pirin\u00e7 olmal\u0131, b\u00f6ylece pirin\u00e7 do\u011frudan ekran y\u00fczeyine \u00e7arparak ask\u0131ya alma durumunu ve ta\u015f \u00e7\u0131karma oran\u0131n\u0131 etkilemez.<\/li> <li>Bu\u011fday ay\u0131klama makinesinin hava hacmi ayar\u0131, ekran \u00fczerindeki pirin\u00e7 hareket durumu ve son pirincin kalitesine g\u00f6re yap\u0131l\u0131r. Pirin\u00e7 \u015fiddetle titre\u015fiyorsa, hava hacmi \u00e7ok b\u00fcy\u00fck demektir; pirin\u00e7 gev\u015fek ve y\u00fcz\u00fcyor de\u011filse, hava hacmi \u00e7ok k\u00fc\u00e7\u00fckt\u00fcr. Sonu\u00e7 olarak, son pirin\u00e7te h\u00e2l\u00e2 ta\u015flar bulunur ve damper zaman\u0131nda ayarlanmal\u0131d\u0131r.<\/li> <li>elek plakas\u0131, hava da\u011f\u0131t\u0131m plakas\u0131 ve hava giri\u015f kap\u0131s\u0131 hava ak\u0131\u015f\u0131n\u0131 engellememelidir. E\u011fer ekran delikleri t\u0131kanm\u0131\u015fsa, tel f\u0131r\u00e7a ile temizlenebilir.<\/li> <li>Operat\u00f6r her zaman son pirin\u00e7teki ta\u015f say\u0131s\u0131n\u0131 kontrol etmelidir.<\/li> <li>Pirincin ta\u015f ay\u0131klama makinesi d\u00fczenli olarak kontrol edilmeli, yataklar temizlenmeli ve d\u00fczenli olarak doldurulmal\u0131d\u0131r. Kontrol sonras\u0131 bo\u015fta \u00e7al\u0131\u015fma testi yap\u0131lmal\u0131d\u0131r.<\/li> <\/ol> <h2>Ba\u015far\u0131l\u0131 bir pirin\u00e7 ay\u0131klama makinesi \u00f6rne\u011fi<\/h2> <p>G\u00fcney Afrika'dan m\u00fc\u015fterimiz bu y\u0131l 500 adet pirin\u00e7 ay\u0131klama makinesi sipari\u015f etti. Onunla bir\u00e7ok kez i\u015fbirli\u011fi yapt\u0131k ve yerel h\u00fck\u00fcmet i\u00e7in \u00e7al\u0131\u015f\u0131yor. Bu nedenle, onu memnun etmek i\u00e7in bu bu\u011fday ay\u0131klama makinesine b\u00fcy\u00fck \u00f6nem veriyoruz.<\/p> <p>T\u00fcm makineleri bir ay i\u00e7inde tamamlad\u0131k ve teslimat s\u0131ras\u0131nda herhangi bir kazaya kar\u015f\u0131 dikkatli paketledik. \u015eimdiye kadar, makineleri ald\u0131 ve iyi geri bildirimler ald\u0131k.<\/p> <p><img loading=\"lazy\" decoding=\"async\" class=\"alignnone wp-image-2717\" title=\"g\u00f6nderim resmi 12\" src=\"https:\/\/www.agriculture-machine.com\/wp-content\/uploads\/2018\/10\/rice-destoner-machine-6.jpg\" alt=\"g\u00f6nderim resmi 12\" width=\"645\" height=\"484\" \/><\/p> <p>SSS<\/p> <ol> <li>Destoner makinesinin ham maddesi nedir?<\/li> <\/ol> <p>Hammadde pirin\u00e7 ve bu\u011fdayd\u0131r.<\/p> <ol start=\"2\"> <li>Temizlik oran\u0131 nedir<\/li> <\/ol> <p>The cleaning rate is 98%, which means the final kernels are very clean.<\/p> <ol start=\"3\"> <li>Neden son pirin\u00e7te az ta\u015f var?<\/li> <\/ol> <p>R\u00fczgar hacmi k\u00fc\u00e7\u00fck ve zaman\u0131nda ayarlanmal\u0131d\u0131r.<\/p> <p><center><\/center><center><\/center><\/p>","protected":false},"excerpt":{"rendered":"<p>Rice destoner machine\u00a0is mainly used in the grain processing plant, separating the stone and other impurities from crops such as wheat, rice. Its capacity is 1t\/h and machine matches with 2.2kw motor. In most case, wheat and rice contain some stones that are not easy to remove, so this rice destoning machine solves this problem [&hellip;]<\/p>\n","protected":false},"author":1,"featured_media":1059,"parent":0,"comment_status":"closed","ping_status":"closed","template":"","tags":[2621],"product-type":[907],"class_list":["post-1054","product","type-product","status-publish","has-post-thumbnail","hentry","tag-destoner","product-type-paddy-rice-destoner"],"_links":{"self":[{"href":"https:\/\/www.agriculture-machine.com\/tr\/wp-json\/wp\/v2\/product\/1054","targetHints":{"allow":["GET"]}}],"collection":[{"href":"https:\/\/www.agriculture-machine.com\/tr\/wp-json\/wp\/v2\/product"}],"about":[{"href":"https:\/\/www.agriculture-machine.com\/tr\/wp-json\/wp\/v2\/types\/product"}],"author":[{"embeddable":true,"href":"https:\/\/www.agriculture-machine.com\/tr\/wp-json\/wp\/v2\/users\/1"}],"replies":[{"embeddable":true,"href":"https:\/\/www.agriculture-machine.com\/tr\/wp-json\/wp\/v2\/comments?post=1054"}],"wp:featuredmedia":[{"embeddable":true,"href":"https:\/\/www.agriculture-machine.com\/tr\/wp-json\/wp\/v2\/media\/1059"}],"wp:attachment":[{"href":"https:\/\/www.agriculture-machine.com\/tr\/wp-json\/wp\/v2\/media?parent=1054"}],"wp:term":[{"taxonomy":"post_tag","embeddable":true,"href":"https:\/\/www.agriculture-machine.com\/tr\/wp-json\/wp\/v2\/tags?post=1054"},{"taxonomy":"product-type","embeddable":true,"href":"https:\/\/www.agriculture-machine.com\/tr\/wp-json\/wp\/v2\/product-type?post=1054"}],"curies":[{"name":"wp","href":"https:\/\/api.w.org\/{rel}","templated":true}]}}