{"id":10553,"date":"2021-05-26T17:18:38","date_gmt":"2021-05-26T09:18:38","guid":{"rendered":"https:\/\/www.agriculture-machine.com\/?p=10553"},"modified":"2024-09-18T15:49:13","modified_gmt":"2024-09-18T07:49:13","slug":"brick-making-machine-for-sale-block-making-machine","status":"publish","type":"product","link":"https:\/\/www.agriculture-machine.com\/tr\/brick-making-machine-for-sale-block-making-machine\/","title":{"rendered":"Sat\u0131l\u0131k tu\u011fla yapma makinesi | blok yapma makinesi"},"content":{"rendered":"<h2 class=\"wp-block-heading\">Tu\u011fla yapma makinesi nedir?<\/h2>    <p>Ad\u0131ndan da anla\u015f\u0131laca\u011f\u0131 gibi, tu\u011fla makinesi, tu\u011fla \u00fcretimi i\u00e7in mekanik ekipmand\u0131r. Genellikle ta\u015f tozu, u\u00e7ucu k\u00fcl, c\u00fcruf, \u00e7ak\u0131l, kum, su vb. hammaddeleri kullan\u0131r ve yeni duvar malzemeleri \u00fcretir, \u00f6rne\u011fin otoklavl\u0131 u\u00e7ucu k\u00fcl tu\u011flalar\u0131, otoklavl\u0131 k\u00fcl kum tu\u011flalar\u0131 ve hava ile doldurulmu\u015f beton \u00fcr\u00fcnleri.<\/p>    <p>A summary is as follows: the scientific ratio of raw materials&#8212;-add water and stir&#8212;- high-pressure vibration molding&#8212;-short time drying&#8212;&#8211;the finished brick<\/p>    <figure class=\"wp-block-image aligncenter size-full wp-image-10566\"><img loading=\"lazy\" decoding=\"async\" width=\"720\" height=\"540\" src=\"https:\/\/www.agriculture-machine.com\/wp-content\/uploads\/2021\/05\/bloack-making-machine.jpg\" alt=\"blok yapma makinesi\" class=\"wp-image-10566\" srcset=\"https:\/\/www.agriculture-machine.com\/wp-content\/uploads\/2021\/05\/bloack-making-machine.jpg 720w, https:\/\/www.agriculture-machine.com\/wp-content\/uploads\/2021\/05\/bloack-making-machine-360x270.jpg 360w, https:\/\/www.agriculture-machine.com\/wp-content\/uploads\/2021\/05\/bloack-making-machine-240x180.jpg 240w\" sizes=\"auto, (max-width: 720px) 100vw, 720px\" \/><figcaption class=\"wp-element-caption\">blok yapma makinesi<\/figcaption><\/figure>    <h2 class=\"wp-block-heading\">Blok yapma makinesiyle yap\u0131lan tu\u011fla t\u00fcrleri<\/h2>    <h3 class=\"wp-block-heading\">\u00e7imento tu\u011flas\u0131<\/h3>    <p>\u00c7imento tu\u011flalar\u0131n\u0131n bile\u015fimi<\/p>    <p>\u00c7imento tu\u011flas\u0131 geni\u015f bir terim olup, \u00e7imento standart tu\u011flalar\u0131, \u00e7imento bo\u015f tu\u011flalar\u0131, \u00e7imento g\u00f6zenekli tu\u011flalar, \u00e7imento blok tu\u011flalar ve \u00e7imento renkli tu\u011flalar gibi \u00e7e\u015fitli t\u00fcrleri i\u00e7erir. Ancak, bu tu\u011flalar\u0131n \u00fcretim s\u00fcreci ve ak\u0131\u015f\u0131 ayn\u0131d\u0131r. Elbette farklar da vard\u0131r. \u00c7imento tu\u011flas\u0131 \u00fcretiminde kullan\u0131lan bir\u00e7ok hammadde vard\u0131r. \u00c7imento tu\u011flas\u0131 fabrikalar\u0131n\u0131n \u00e7o\u011fu ta\u015f, kum, u\u00e7ucu k\u00fcl, c\u00fcruf, in\u015faat at\u0131klar\u0131, seramikler vb. kullan\u0131r. Bu arada, \u00e7imento ve \u00e7imento, \u00e7imento tu\u011flalar\u0131n\u0131n \u00f6nemli bile\u015fenidir. \u00c7\u00fcnk\u00fc \u00e7imento tu\u011flas\u0131n\u0131n kal\u0131plamas\u0131 esasen \u00e7imento kullan\u0131larak yap\u0131l\u0131r.<\/p>    <figure class=\"wp-block-gallery has-nested-images columns-2 is-cropped wp-block-gallery-2 is-layout-flex wp-block-gallery-is-layout-flex\"> <figure class=\"wp-block-image size-large\"><a href=\"https:\/\/www.agriculture-machine.com\/wp-content\/uploads\/2021\/05\/cement-bricks.jpg\"><img loading=\"lazy\" decoding=\"async\" width=\"720\" height=\"540\" data-id=\"10556\" src=\"https:\/\/www.agriculture-machine.com\/wp-content\/uploads\/2021\/05\/cement-bricks.jpg\" alt=\"\u00e7imento-tu\u011flas\u0131\" class=\"wp-image-10556\" srcset=\"https:\/\/www.agriculture-machine.com\/wp-content\/uploads\/2021\/05\/cement-bricks.jpg 720w, https:\/\/www.agriculture-machine.com\/wp-content\/uploads\/2021\/05\/cement-bricks-360x270.jpg 360w, https:\/\/www.agriculture-machine.com\/wp-content\/uploads\/2021\/05\/cement-bricks-240x180.jpg 240w\" sizes=\"auto, (max-width: 720px) 100vw, 720px\" \/><\/a><figcaption class=\"wp-element-caption\">\u00e7imento-tu\u011flas\u0131<\/figcaption><\/figure>    <figure class=\"wp-block-image size-large\"><a href=\"https:\/\/www.agriculture-machine.com\/wp-content\/uploads\/2021\/05\/cement-brick.jpg\"><img loading=\"lazy\" decoding=\"async\" width=\"720\" height=\"540\" data-id=\"10555\" src=\"https:\/\/www.agriculture-machine.com\/wp-content\/uploads\/2021\/05\/cement-brick.jpg\" alt=\"\u00e7imento-tu\u011flas\u0131\" class=\"wp-image-10555\" srcset=\"https:\/\/www.agriculture-machine.com\/wp-content\/uploads\/2021\/05\/cement-brick.jpg 720w, https:\/\/www.agriculture-machine.com\/wp-content\/uploads\/2021\/05\/cement-brick-360x270.jpg 360w, https:\/\/www.agriculture-machine.com\/wp-content\/uploads\/2021\/05\/cement-brick-240x180.jpg 240w\" sizes=\"auto, (max-width: 720px) 100vw, 720px\" \/><\/a><figcaption class=\"wp-element-caption\">\u00e7imento-tu\u011flas\u0131<\/figcaption><\/figure> <\/figure>    <h3 class=\"wp-block-heading\">Kil tu\u011flas\u0131<\/h3>    <p>Kil tu\u011flalar\u0131n\u0131n bile\u015fimi<\/p>    <p>Kil tu\u011flalar\u0131, ana hammaddesi kil olan, mekanik ekstr\u00fczyonla \u015fekillendirilen ve plastik hale getirilen malzemeden yap\u0131l\u0131r. Ekstr\u00fcde edilen toprak bloklar ye\u015fil tu\u011flalar olarak adland\u0131r\u0131l\u0131r, hava kurutulduktan sonra f\u0131r\u0131na g\u00f6nderilir ve y\u00fcksek s\u0131cakl\u0131kta 900-1000\u00b0C'de pi\u015firilirler. Bu tu\u011flalar, s\u0131radan kil tu\u011flalar\u0131, \u00e7oklu-klinker kil tu\u011flalar\u0131, ham madde kil tu\u011flalar\u0131 ve y\u00fcksek silisli kil tu\u011flalar\u0131 olarak s\u0131n\u0131fland\u0131r\u0131l\u0131r. \u0130yi y\u00fcksek s\u0131cakl\u0131k performans\u0131 ve iyi \u0131s\u0131 ve \u015fok direnci \u00f6zelliklerine sahiptirler.<\/p>    <figure class=\"wp-block-gallery has-nested-images columns-2 is-cropped wp-block-gallery-3 is-layout-flex wp-block-gallery-is-layout-flex\"> <figure class=\"wp-block-image size-large\"><a href=\"https:\/\/www.agriculture-machine.com\/wp-content\/uploads\/2021\/05\/clay-brick.jpg\"><img loading=\"lazy\" decoding=\"async\" width=\"720\" height=\"540\" data-id=\"10557\" src=\"https:\/\/www.agriculture-machine.com\/wp-content\/uploads\/2021\/05\/clay-brick.jpg\" alt=\"kil-tu\u011fla\" class=\"wp-image-10557\" srcset=\"https:\/\/www.agriculture-machine.com\/wp-content\/uploads\/2021\/05\/clay-brick.jpg 720w, https:\/\/www.agriculture-machine.com\/wp-content\/uploads\/2021\/05\/clay-brick-360x270.jpg 360w, https:\/\/www.agriculture-machine.com\/wp-content\/uploads\/2021\/05\/clay-brick-240x180.jpg 240w\" sizes=\"auto, (max-width: 720px) 100vw, 720px\" \/><\/a><figcaption class=\"wp-element-caption\">kil-tu\u011fla<\/figcaption><\/figure>    <figure class=\"wp-block-image size-large\"><a href=\"https:\/\/www.agriculture-machine.com\/wp-content\/uploads\/2021\/05\/clay-bricks.jpg\"><img loading=\"lazy\" decoding=\"async\" width=\"720\" height=\"540\" data-id=\"10558\" src=\"https:\/\/www.agriculture-machine.com\/wp-content\/uploads\/2021\/05\/clay-bricks.jpg\" alt=\"kil-tu\u011fla\" class=\"wp-image-10558\" srcset=\"https:\/\/www.agriculture-machine.com\/wp-content\/uploads\/2021\/05\/clay-bricks.jpg 720w, https:\/\/www.agriculture-machine.com\/wp-content\/uploads\/2021\/05\/clay-bricks-360x270.jpg 360w, https:\/\/www.agriculture-machine.com\/wp-content\/uploads\/2021\/05\/clay-bricks-240x180.jpg 240w\" sizes=\"auto, (max-width: 720px) 100vw, 720px\" \/><\/a><figcaption class=\"wp-element-caption\">kil-tu\u011fla<\/figcaption><\/figure> <\/figure>    <h2 class=\"wp-block-heading\">Tu\u011fla yapma makinesinin g\u00fcc\u00fc<\/h2>    <p>Tu\u011fla kal\u0131plama makinemiz elektrikli ve dizel motorlu modellerde mevcuttur. Tu\u011fla yapma makinesinin g\u00fc\u00e7 modunu elektrik kayna\u011f\u0131n\u0131za g\u00f6re se\u00e7ebilirsiniz. Otomatik tu\u011fla makinesi 7.5w motorla donat\u0131lm\u0131\u015ft\u0131r. Manuel tu\u011fla makinemizin maksimum g\u00fcc\u00fc 7w olup, 8 beygirlik dizel motorla da donat\u0131labilir.<\/p>    <figure class=\"wp-block-gallery has-nested-images columns-2 is-cropped wp-block-gallery-4 is-layout-flex wp-block-gallery-is-layout-flex\"> <figure class=\"wp-block-image size-large\"><a href=\"https:\/\/www.agriculture-machine.com\/wp-content\/uploads\/2021\/05\/Diesel-engine-brick-machine.jpg\"><img loading=\"lazy\" decoding=\"async\" width=\"720\" height=\"540\" data-id=\"10559\" src=\"https:\/\/www.agriculture-machine.com\/wp-content\/uploads\/2021\/05\/Diesel-engine-brick-machine.jpg\" alt=\"Dizel-motorlu-tu\u011fla makinesi\" class=\"wp-image-10559\" srcset=\"https:\/\/www.agriculture-machine.com\/wp-content\/uploads\/2021\/05\/Diesel-engine-brick-machine.jpg 720w, https:\/\/www.agriculture-machine.com\/wp-content\/uploads\/2021\/05\/Diesel-engine-brick-machine-360x270.jpg 360w, https:\/\/www.agriculture-machine.com\/wp-content\/uploads\/2021\/05\/Diesel-engine-brick-machine-240x180.jpg 240w\" sizes=\"auto, (max-width: 720px) 100vw, 720px\" \/><\/a><figcaption class=\"wp-element-caption\">Dizel-motorlu-tu\u011fla makinesi<\/figcaption><\/figure>    <figure class=\"wp-block-image size-large\"><a href=\"https:\/\/www.agriculture-machine.com\/wp-content\/uploads\/2021\/05\/Motor-type-brick-machine.jpg\"><img loading=\"lazy\" decoding=\"async\" width=\"720\" height=\"540\" data-id=\"10560\" src=\"https:\/\/www.agriculture-machine.com\/wp-content\/uploads\/2021\/05\/Motor-type-brick-machine.jpg\" alt=\"Motor tipi-tu\u011fla makinesi\" class=\"wp-image-10560\" srcset=\"https:\/\/www.agriculture-machine.com\/wp-content\/uploads\/2021\/05\/Motor-type-brick-machine.jpg 720w, https:\/\/www.agriculture-machine.com\/wp-content\/uploads\/2021\/05\/Motor-type-brick-machine-360x270.jpg 360w, https:\/\/www.agriculture-machine.com\/wp-content\/uploads\/2021\/05\/Motor-type-brick-machine-240x180.jpg 240w\" sizes=\"auto, (max-width: 720px) 100vw, 720px\" \/><\/a><figcaption class=\"wp-element-caption\">Motor tipi-tu\u011fla makinesi<\/figcaption><\/figure> <\/figure>    <h2 class=\"wp-block-heading\">Blok yapma makinemizin \u00e7e\u015fitleri<\/h2>    <p>Otomatik blok yapma makineleri ve manuel blok yapma makineleri mevcuttur. Bunlar aras\u0131nda, manuel blok yapma makinesi bir\u00e7ok model se\u00e7ene\u011fi sunar. Her iki tu\u011fla makinesi t\u00fcr\u00fc de \u00e7imento ve kil tu\u011flas\u0131 \u00fcretebilir.<\/p>    <figure class=\"wp-block-gallery has-nested-images columns-2 is-cropped wp-block-gallery-5 is-layout-flex wp-block-gallery-is-layout-flex\"> <figure class=\"wp-block-image size-large\"><a href=\"https:\/\/www.agriculture-machine.com\/wp-content\/uploads\/2021\/05\/DF2-45-small-brick-making-machine.jpg\"><img loading=\"lazy\" decoding=\"async\" width=\"600\" height=\"540\" data-id=\"10586\" src=\"https:\/\/www.agriculture-machine.com\/wp-content\/uploads\/2021\/05\/DF2-45-small-brick-making-machine-600x540.jpg\" alt=\"DF2-45 k\u00fc\u00e7\u00fck tu\u011fla yapma makinesi\" class=\"wp-image-10586\" srcset=\"https:\/\/www.agriculture-machine.com\/wp-content\/uploads\/2021\/05\/DF2-45-small-brick-making-machine-600x540.jpg 600w, https:\/\/www.agriculture-machine.com\/wp-content\/uploads\/2021\/05\/DF2-45-small-brick-making-machine-300x270.jpg 300w, https:\/\/www.agriculture-machine.com\/wp-content\/uploads\/2021\/05\/DF2-45-small-brick-making-machine.jpg 692w\" sizes=\"auto, (max-width: 600px) 100vw, 600px\" \/><\/a><figcaption class=\"wp-element-caption\">DF2-45 k\u00fc\u00e7\u00fck tu\u011fla yapma makinesi<\/figcaption><\/figure>    <figure class=\"wp-block-image size-large\"><a href=\"https:\/\/www.agriculture-machine.com\/wp-content\/uploads\/2021\/05\/DF3-45small-brick-making-machine.jpg\"><img loading=\"lazy\" decoding=\"async\" width=\"600\" height=\"540\" data-id=\"10587\" src=\"https:\/\/www.agriculture-machine.com\/wp-content\/uploads\/2021\/05\/DF3-45small-brick-making-machine-600x540.jpg\" alt=\"DF3-45 k\u00fc\u00e7\u00fck tu\u011fla yapma makinesi\" class=\"wp-image-10587\" srcset=\"https:\/\/www.agriculture-machine.com\/wp-content\/uploads\/2021\/05\/DF3-45small-brick-making-machine-600x540.jpg 600w, https:\/\/www.agriculture-machine.com\/wp-content\/uploads\/2021\/05\/DF3-45small-brick-making-machine-300x270.jpg 300w, https:\/\/www.agriculture-machine.com\/wp-content\/uploads\/2021\/05\/DF3-45small-brick-making-machine.jpg 692w\" sizes=\"auto, (max-width: 600px) 100vw, 600px\" \/><\/a><figcaption class=\"wp-element-caption\">DF3-45 k\u00fc\u00e7\u00fck tu\u011fla yapma makinesi<\/figcaption><\/figure>    <figure class=\"wp-block-image size-large\"><a href=\"https:\/\/www.agriculture-machine.com\/wp-content\/uploads\/2021\/05\/DF-diesel-block-making-machine.jpg\"><img loading=\"lazy\" decoding=\"async\" width=\"600\" height=\"540\" data-id=\"10589\" src=\"https:\/\/www.agriculture-machine.com\/wp-content\/uploads\/2021\/05\/DF-diesel-block-making-machine-600x540.jpg\" alt=\"DF-dizel blok yapma makinesi\" class=\"wp-image-10589\" srcset=\"https:\/\/www.agriculture-machine.com\/wp-content\/uploads\/2021\/05\/DF-diesel-block-making-machine-600x540.jpg 600w, https:\/\/www.agriculture-machine.com\/wp-content\/uploads\/2021\/05\/DF-diesel-block-making-machine-300x270.jpg 300w, https:\/\/www.agriculture-machine.com\/wp-content\/uploads\/2021\/05\/DF-diesel-block-making-machine.jpg 692w\" sizes=\"auto, (max-width: 600px) 100vw, 600px\" \/><\/a><figcaption class=\"wp-element-caption\">DF-dizel blok yapma makinesi<\/figcaption><\/figure>    <figure class=\"wp-block-image size-large\"><a href=\"https:\/\/www.agriculture-machine.com\/wp-content\/uploads\/2021\/05\/DF4-35A-block-molding-machine.jpg\"><img loading=\"lazy\" decoding=\"async\" width=\"600\" height=\"540\" data-id=\"10588\" src=\"https:\/\/www.agriculture-machine.com\/wp-content\/uploads\/2021\/05\/DF4-35A-block-molding-machine-600x540.jpg\" alt=\"DF4-35A blok kal\u0131plama makinesi\" class=\"wp-image-10588\" srcset=\"https:\/\/www.agriculture-machine.com\/wp-content\/uploads\/2021\/05\/DF4-35A-block-molding-machine-600x540.jpg 600w, https:\/\/www.agriculture-machine.com\/wp-content\/uploads\/2021\/05\/DF4-35A-block-molding-machine-300x270.jpg 300w, https:\/\/www.agriculture-machine.com\/wp-content\/uploads\/2021\/05\/DF4-35A-block-molding-machine.jpg 692w\" sizes=\"auto, (max-width: 600px) 100vw, 600px\" \/><\/a><figcaption class=\"wp-element-caption\">DF4-35A blok kal\u0131plama makinesi<\/figcaption><\/figure> <\/figure>    <h2 class=\"wp-block-heading\">Tu\u011fla yap\u0131m s\u00fcreci nedir?<\/h2>    <p>T\u00fcm hammaddeler-kar\u0131\u015ft\u0131rma-kal\u0131plama-kurutma (f\u0131r\u0131nlama)-haz\u0131r \u00fcr\u00fcn<\/p>    <h3 class=\"wp-block-heading\">Hammadde se\u00e7imi<\/h3>    <p>Belki yukar\u0131da bahsedilen t\u00fcm hammaddelere sahipsiniz. Bu durumda, daha zengin ve daha ucuz olacakt\u0131r. Zengin malzemeleri ve uygun fiyatlar\u0131 se\u00e7mek maliyetinizin b\u00fcy\u00fck bir k\u0131sm\u0131n\u0131 tasarruf sa\u011flar.<\/p>    <h3 class=\"wp-block-heading\">Malzemelerin kar\u0131\u015ft\u0131r\u0131lmas\u0131<\/h3>    <p>Hammadde se\u00e7ildikten sonra, belirli miktarda \u00e7imento ve su eklenir ve malzemeler kar\u0131\u015ft\u0131r\u0131l\u0131r. Uzun kar\u0131\u015ft\u0131rma s\u00fcresi, malzemenin e\u015fit kar\u0131\u015fmas\u0131n\u0131 sa\u011flar. Kuru kar\u0131\u015ft\u0131rman\u0131n g\u00fcc\u00fc 20 dakika i\u00e7inde 10 dakikaya g\u00f6re -23 daha y\u00fcksektir. Islak kar\u0131\u015ft\u0131rma zaman\u0131, malzeme topaklanmad\u0131\u011f\u0131nda idealdir. Kar\u0131\u015f\u0131m malzemesinin saklama s\u00fcresi yakla\u015f\u0131k 2 saattir. \u00c7ok uzun veya \u00e7ok k\u0131sa s\u00fcreler, tu\u011flan\u0131n bas\u0131n\u00e7 dayan\u0131m\u0131n\u0131 azalt\u0131r.<\/p>    <h3 class=\"wp-block-heading\">Kal\u0131plama<\/h3>    <p>Kil \u00e7imento tu\u011flas\u0131 kal\u0131plarken uygulanan bas\u0131n\u00e7 tercihen 500 kg\/cm\u00b2 olmal\u0131d\u0131r. Bu bas\u0131n\u00e7 alt\u0131nda \u00fcr\u00fcnleri y\u00fcksek bas\u0131n\u00e7 dayan\u0131m\u0131 ve iyi su direnci sa\u011flar. Bas\u0131n\u00e7 \u00e7ok d\u00fc\u015f\u00fck olup kolay s\u0131k\u0131\u015fmaz.<\/p>    <h3 class=\"wp-block-heading\">k\u00fcrleme ko\u015fullar\u0131<\/h3>    <p>Clay cement bricks are generally protected by solar energy. The intensity of natural curing for 7 days is equivalent to 67 to 90% of the intensity of 28 days. Therefore, if the curing site is small, the clay cement bricks can leave the factory after 7 days of natural curing.<\/p>    <h2 class=\"wp-block-heading\">Tu\u011fla t\u00fcrleri nelerdir?<\/h2>    <p>Mevcut tu\u011fla t\u00fcrleri aras\u0131nda hafif agregal\u0131 beton k\u00fc\u00e7\u00fck bo\u015f bloklar, sinterlenmi\u015f s\u0131radan tu\u011flalar, sinterlenmi\u015f g\u00f6zenekli tu\u011flalar, otoklavl\u0131 kum-kire\u00e7 tu\u011flalar\u0131, u\u00e7ucu k\u00fcl tu\u011flalar\u0131, k\u00fc\u00e7\u00fck beton bo\u015f bloklar, bo\u015f tu\u011flalar ve otoklavl\u0131 hava ile doldurulmu\u015f beton bloklar bulunur. Yukar\u0131daki t\u00fcm tu\u011fla t\u00fcrleri, tu\u011fla yapma makinemizle \u00fcretilebilir.<\/p>    <figure class=\"wp-block-image aligncenter size-full wp-image-10564\"><img loading=\"lazy\" decoding=\"async\" width=\"720\" height=\"540\" src=\"https:\/\/www.agriculture-machine.com\/wp-content\/uploads\/2021\/05\/types-of-brick.jpg\" alt=\"tu\u011fla t\u00fcrleri\" class=\"wp-image-10564\" srcset=\"https:\/\/www.agriculture-machine.com\/wp-content\/uploads\/2021\/05\/types-of-brick.jpg 720w, https:\/\/www.agriculture-machine.com\/wp-content\/uploads\/2021\/05\/types-of-brick-360x270.jpg 360w, https:\/\/www.agriculture-machine.com\/wp-content\/uploads\/2021\/05\/types-of-brick-240x180.jpg 240w\" sizes=\"auto, (max-width: 720px) 100vw, 720px\" \/><figcaption class=\"wp-element-caption\">tu\u011fla t\u00fcrleri<\/figcaption><\/figure>    <h2 class=\"wp-block-heading\">Tu\u011fla yapma makinesi ile uyumlu ekipman<\/h2>    <h3 class=\"wp-block-heading\">K\u00fc\u00e7\u00fck kar\u0131\u015ft\u0131r\u0131c\u0131<\/h3>    <p>Tu\u011fla yapma makinemizi sat\u0131n al\u0131n, ayr\u0131ca k\u00fc\u00e7\u00fck bir kar\u0131\u015ft\u0131r\u0131c\u0131 da edinebilirsiniz. \u00c7\u00fcnk\u00fc tu\u011flalar genellikle \u00e7ok miktarda hammadde kar\u0131\u015ft\u0131rmay\u0131 gerektirir. Makinenin kar\u0131\u015ft\u0131rma etkisi manuel kar\u0131\u015ft\u0131rmadan daha homojendir, b\u00f6ylece yapt\u0131\u011f\u0131n\u0131z tu\u011flalar renk a\u00e7\u0131s\u0131ndan tutarl\u0131 ve y\u00fcksek kalitede olur. \u0130yi bir fiyatla sat\u0131lacakt\u0131r.<\/p>    <h2 class=\"wp-block-heading\">Tu\u011fla yapma makinesi fiyat\u0131 nedir?<\/h2>    <p>Yukar\u0131da bahsedildi\u011fi gibi, bir\u00e7ok tu\u011fla makinesi t\u00fcr\u00fcm\u00fcz var. En pop\u00fcler olan\u0131 manuel blok yapma makinesidir. Kullan\u0131m\u0131 basittir ve y\u00fcksek verimlidir, saatte 8000-10000 tu\u011fla \u00fcretebilir. Tu\u011fla makinesi ihtiyac\u0131n\u0131z varsa bizimle ileti\u015fime ge\u00e7ebilirsiniz. Size uygun bir tu\u011fla makinesi tan\u0131taca\u011f\u0131z.<\/p>    <figure class=\"wp-block-image aligncenter size-full wp-image-10561\"><img loading=\"lazy\" decoding=\"async\" width=\"720\" height=\"540\" src=\"https:\/\/www.agriculture-machine.com\/wp-content\/uploads\/2021\/05\/block-making-machine.jpg\" alt=\"blok-yapma-makinesi\" class=\"wp-image-10561\" srcset=\"https:\/\/www.agriculture-machine.com\/wp-content\/uploads\/2021\/05\/block-making-machine.jpg 720w, https:\/\/www.agriculture-machine.com\/wp-content\/uploads\/2021\/05\/block-making-machine-360x270.jpg 360w, https:\/\/www.agriculture-machine.com\/wp-content\/uploads\/2021\/05\/block-making-machine-240x180.jpg 240w\" sizes=\"auto, (max-width: 720px) 100vw, 720px\" \/><figcaption class=\"wp-element-caption\">blok-yapma-makinesi<\/figcaption><\/figure>    <h2 class=\"wp-block-heading\">Teknik Parametreler<\/h2>    <figure class=\"wp-block-table\"><table><tbody><tr><td>Model<\/td><td>DF2-45<\/td><td>DF3-45<\/td><td>DF-dizel<\/td><td>DF4-35A<\/td><\/tr><tr><td>G\u00fc\u00e7 ile donat\u0131lm\u0131\u015f<\/td><td>1.1kw<\/td><td>1.1kw<\/td><td>8P<\/td><td>4.8kw<\/td><\/tr><tr><td>Kal\u0131plama s\u00fcresi<\/td><td>45s<\/td><td>45s<\/td><td>45s<\/td><td>35s<\/td><\/tr><tr><td rowspan=\"2\">Tu\u011fla yapma h\u0131z\u0131<\/td><td>3600 adet  240*53*110mm (Standart Tu\u011fla)<\/td><td>8000 adet  240*53*115mm (Standart Tu\u011fla)<\/td><td>3600 adet  240*53*110mm (Standart Tu\u011fla)<\/td><td>15000 adet  240*53*110mm (Standart Tu\u011fla)<\/td><\/tr><tr><td>600 adet  390*190*190mm (Bo\u015f Tu\u011fla)<\/td><td>1000 adet  390*190*190mm (Bo\u015f Tu\u011fla)<\/td><td>600 adet  390*190*190mm (Bo\u015f Tu\u011fla)<\/td><td>2400 adet  390*190*190mm (Bo\u015f Tu\u011fla)<\/td><\/tr><tr><td>Makine boyutu<\/td><td>900*700*1100mm<\/td><td>1100*1050*1300mm<\/td><td>1900*1000*1550mm<\/td><td>1250*1350*15500mm<\/td><\/tr><tr><td>Makine a\u011f\u0131rl\u0131\u011f\u0131<\/td><td>200kg<\/td><td>300kg<\/td><td>250kg<\/td><td>750kg<\/td><\/tr><tr><td>Operat\u00f6r say\u0131s\u0131<\/td><td>1-2<\/td><td>1-2<\/td><td>1-2<\/td><td>1-2<\/td><\/tr><\/tbody><\/table><figcaption class=\"wp-element-caption\">tu\u011fla kal\u0131plama makinesi teknik verileri<\/figcaption><\/figure>    <p>E\u011fer makinelerimizle ilgileniyorsan\u0131z, herhangi bir zamanda bizimle ileti\u015fime ge\u00e7mekten \u00e7ekinmeyin, size daha detayl\u0131 bilgi ve teklif sunar\u0131z, sizinle i\u015fbirli\u011fi yapmay\u0131 d\u00f6rt g\u00f6zle bekliyoruz.<\/p>","protected":false},"excerpt":{"rendered":"<p>Bu, bir\u00e7ok tu\u011fla yapma makinesi t\u00fcr\u00fcn\u00fc g\u00f6sterdi. Ayr\u0131ca tu\u011fla t\u00fcrlerini ve tu\u011fla yapma s\u00fcrecini de g\u00f6sterdi. Daha fazla detay i\u00e7in tu\u011fla makinesi hakk\u0131nda bilgi al\u0131n.<\/p>","protected":false},"author":1,"featured_media":10567,"parent":0,"comment_status":"closed","ping_status":"closed","template":"","tags":[2608],"product-type":[1],"class_list":["post-10553","product","type-product","status-publish","has-post-thumbnail","hentry","tag-brick","product-type-other"],"_links":{"self":[{"href":"https:\/\/www.agriculture-machine.com\/tr\/wp-json\/wp\/v2\/product\/10553","targetHints":{"allow":["GET"]}}],"collection":[{"href":"https:\/\/www.agriculture-machine.com\/tr\/wp-json\/wp\/v2\/product"}],"about":[{"href":"https:\/\/www.agriculture-machine.com\/tr\/wp-json\/wp\/v2\/types\/product"}],"author":[{"embeddable":true,"href":"https:\/\/www.agriculture-machine.com\/tr\/wp-json\/wp\/v2\/users\/1"}],"replies":[{"embeddable":true,"href":"https:\/\/www.agriculture-machine.com\/tr\/wp-json\/wp\/v2\/comments?post=10553"}],"wp:featuredmedia":[{"embeddable":true,"href":"https:\/\/www.agriculture-machine.com\/tr\/wp-json\/wp\/v2\/media\/10567"}],"wp:attachment":[{"href":"https:\/\/www.agriculture-machine.com\/tr\/wp-json\/wp\/v2\/media?parent=10553"}],"wp:term":[{"taxonomy":"post_tag","embeddable":true,"href":"https:\/\/www.agriculture-machine.com\/tr\/wp-json\/wp\/v2\/tags?post=10553"},{"taxonomy":"product-type","embeddable":true,"href":"https:\/\/www.agriculture-machine.com\/tr\/wp-json\/wp\/v2\/product-type?post=10553"}],"curies":[{"name":"wp","href":"https:\/\/api.w.org\/{rel}","templated":true}]}}