{"id":10611,"date":"2021-06-04T15:46:59","date_gmt":"2021-06-04T07:46:59","guid":{"rendered":"https:\/\/www.agriculture-machine.com\/?p=10611"},"modified":"2024-10-24T14:11:33","modified_gmt":"2024-10-24T06:11:33","slug":"small-rice-destoner-blowing-gravity-destoner-machine","status":"publish","type":"product","link":"https:\/\/www.agriculture-machine.com\/tr\/small-rice-destoner-blowing-gravity-destoner-machine\/","title":{"rendered":"K\u00fc\u00e7\u00fck pirin\u00e7 ay\u0131klama | \u00fcfleme a\u011f\u0131rl\u0131k ay\u0131klama makinesi"},"content":{"rendered":"<p class=\"translation-block\">Bu k\u00fc\u00e7\u00fck pirin\u00e7 ay\u0131klama makinesi. \u00c7al\u0131\u015fma prensibi farkl\u0131 yer\u00e7ekimi kullanmak ve fanla safs\u0131zl\u0131klar\u0131 \u00fcflemektir, bu nedenle bu makine ayn\u0131 zamanda \u00fcflemeli yer\u00e7ekimi pirin\u00e7 ay\u0131klama makinesi olarak da adland\u0131r\u0131l\u0131r. Di\u011fer ta\u015f giderme makinelerinden farkl\u0131 olarak, bu makinenin yap\u0131s\u0131 k\u00fc\u00e7\u00fckt\u00fcr ve kullan\u0131m\u0131 \u00e7ok pratiktir.<\/p>    <h2 class=\"wp-block-heading\">Ucuz ve mini model pirin\u00e7 ay\u0131klama makinesi m\u00fc\u015fteriye test edilmek \u00fczere<\/h2>    <figure class=\"wp-block-embed aligncenter is-type-video is-provider-youtube wp-block-embed-youtube wp-embed-aspect-16-9 wp-has-aspect-ratio\"><div class=\"wp-block-embed__wrapper\"> <iframe loading=\"lazy\" title=\"yeni pirin\u00e7 ay\u0131klama makinesi | 400-2000kg\/h kapasiteye sahip mini ay\u0131klama makinesi\" width=\"500\" height=\"281\" src=\"https:\/\/www.youtube.com\/embed\/dK00e-AiYC8?feature=oembed\" frameborder=\"0\" allow=\"accelerometer; autoplay; clipboard-write; encrypted-media; gyroscope; picture-in-picture; web-share\" referrerpolicy=\"strict-origin-when-cross-origin\" allowfullscreen><\/iframe> <\/div><figcaption class=\"wp-element-caption\">k\u00fc\u00e7\u00fck pirin\u00e7 ay\u0131klama makinesi \u00e7al\u0131\u015fma videosu<\/figcaption><\/figure>    <h2 class=\"wp-block-heading\">Ay\u0131klama makinesinin fonksiyonlar\u0131<\/h2>    <p>Ay\u0131klama makinesinin g\u00f6revi, tah\u0131ldaki safs\u0131zl\u0131klar, tozlar, ta\u015flar ve di\u011fer safs\u0131zl\u0131klar\u0131 temizlemektir. G\u00fcn\u00fcm\u00fczde d\u00f6rt farkl\u0131 pirin\u00e7 ta\u015f giderme makinesi modeli geli\u015ftirmekteyiz. <\/p>    <p>\u00c7\u0131k\u0131\u015f kapasitesi 400-2000kg\/h aras\u0131nda olup, fonksiyonlar\u0131 da s\u00fcrekli olarak geli\u015ftirilmekte. Sadece pirin\u00e7 de\u011fil, ayn\u0131 zamanda dar\u0131, bu\u011fday, soya fasulyesi, mung fasulyesi gibi t\u00fcm tah\u0131llar\u0131 safs\u0131zl\u0131klardan ar\u0131nd\u0131rmak i\u00e7in kullan\u0131labilir.<\/p>    <figure class=\"wp-block-image aligncenter size-full wp-image-10613\"><img loading=\"lazy\" decoding=\"async\" width=\"720\" height=\"420\" src=\"https:\/\/www.agriculture-machine.com\/wp-content\/uploads\/2021\/06\/remove-impurities-in-millet-wheat-rice-soybeans-mung-beans.jpg\" alt=\"dar\u0131s\u0131, bu\u011fday, pirin\u00e7, soya fasulyesi, mung fasulyesi i\u00e7indeki safs\u0131zl\u0131klar\u0131 giderir,\" class=\"wp-image-10613\" srcset=\"https:\/\/www.agriculture-machine.com\/wp-content\/uploads\/2021\/06\/remove-impurities-in-millet-wheat-rice-soybeans-mung-beans.jpg 720w, https:\/\/www.agriculture-machine.com\/wp-content\/uploads\/2021\/06\/remove-impurities-in-millet-wheat-rice-soybeans-mung-beans-360x210.jpg 360w\" sizes=\"auto, (max-width: 720px) 100vw, 720px\" \/><figcaption class=\"wp-element-caption\">Dar\u0131, bu\u011fday, pirin\u00e7, soya fasulyesi, mung fasulyesi ve benzeri tah\u0131llardaki safs\u0131zl\u0131klar\u0131 giderir.<\/figcaption><\/figure>    <h2 class=\"wp-block-heading\">Yap\u0131 g\u00f6sterimi<\/h2>    <p>Bu k\u00fc\u00e7\u00fck pirin\u00e7 ay\u0131klama makinesi bir motor taraf\u0131ndan \u00e7al\u0131\u015ft\u0131r\u0131l\u0131r. Bir besleme giri\u015fi, bir besleme \u00e7\u0131k\u0131\u015f\u0131, bir safs\u0131zl\u0131k \u00e7\u0131k\u0131\u015f\u0131, bir fan, bir anahtar ve benzeri bile\u015fenlerden olu\u015fur.<\/p>    <figure class=\"wp-block-gallery has-nested-images columns-2 is-cropped wp-block-gallery-2 is-layout-flex wp-block-gallery-is-layout-flex\"> <figure class=\"wp-block-image size-large\"><a href=\"https:\/\/www.agriculture-machine.com\/wp-content\/uploads\/2021\/06\/Small-rice-destoner-structure-2.jpg\"><img loading=\"lazy\" decoding=\"async\" width=\"720\" height=\"540\" data-id=\"10615\" src=\"https:\/\/www.agriculture-machine.com\/wp-content\/uploads\/2021\/06\/Small-rice-destoner-structure-2.jpg\" alt=\"K\u00fc\u00e7\u00fck pirin\u00e7 ay\u0131klama yap\u0131s\u0131 2\" class=\"wp-image-10615\" srcset=\"https:\/\/www.agriculture-machine.com\/wp-content\/uploads\/2021\/06\/Small-rice-destoner-structure-2.jpg 720w, https:\/\/www.agriculture-machine.com\/wp-content\/uploads\/2021\/06\/Small-rice-destoner-structure-2-360x270.jpg 360w, https:\/\/www.agriculture-machine.com\/wp-content\/uploads\/2021\/06\/Small-rice-destoner-structure-2-240x180.jpg 240w\" sizes=\"auto, (max-width: 720px) 100vw, 720px\" \/><\/a><\/figure>    <figure class=\"wp-block-image size-large\"><a href=\"https:\/\/www.agriculture-machine.com\/wp-content\/uploads\/2021\/06\/Small-rice-destoner-structure-1.jpg\"><img loading=\"lazy\" decoding=\"async\" width=\"720\" height=\"540\" data-id=\"10614\" src=\"https:\/\/www.agriculture-machine.com\/wp-content\/uploads\/2021\/06\/Small-rice-destoner-structure-1.jpg\" alt=\"K\u00fc\u00e7\u00fck pirin\u00e7 ay\u0131klama yap\u0131s\u0131 1\" class=\"wp-image-10614\" srcset=\"https:\/\/www.agriculture-machine.com\/wp-content\/uploads\/2021\/06\/Small-rice-destoner-structure-1.jpg 720w, https:\/\/www.agriculture-machine.com\/wp-content\/uploads\/2021\/06\/Small-rice-destoner-structure-1-360x270.jpg 360w, https:\/\/www.agriculture-machine.com\/wp-content\/uploads\/2021\/06\/Small-rice-destoner-structure-1-240x180.jpg 240w\" sizes=\"auto, (max-width: 720px) 100vw, 720px\" \/><\/a><\/figure> <\/figure>    <h2 class=\"wp-block-heading\">Mini pirin\u00e7 ay\u0131klama makinesi detaylar\u0131<\/h2>    <figure class=\"wp-block-gallery has-nested-images columns-2 is-cropped wp-block-gallery-3 is-layout-flex wp-block-gallery-is-layout-flex\"> <figure class=\"wp-block-image size-large\"><a href=\"https:\/\/www.agriculture-machine.com\/wp-content\/uploads\/2021\/06\/stainless-steel.jpg\"><img loading=\"lazy\" decoding=\"async\" width=\"450\" height=\"278\" data-id=\"10619\" src=\"https:\/\/www.agriculture-machine.com\/wp-content\/uploads\/2021\/06\/stainless-steel.jpg\" alt=\"paslanmaz \u00e7elik giri\u015f\" class=\"wp-image-10619\" srcset=\"https:\/\/www.agriculture-machine.com\/wp-content\/uploads\/2021\/06\/stainless-steel.jpg 450w, https:\/\/www.agriculture-machine.com\/wp-content\/uploads\/2021\/06\/stainless-steel-360x222.jpg 360w\" sizes=\"auto, (max-width: 450px) 100vw, 450px\" \/><\/a><\/figure>    <figure class=\"wp-block-image size-large\"><a href=\"https:\/\/www.agriculture-machine.com\/wp-content\/uploads\/2021\/06\/inlet.jpg\"><img loading=\"lazy\" decoding=\"async\" width=\"450\" height=\"278\" data-id=\"10617\" src=\"https:\/\/www.agriculture-machine.com\/wp-content\/uploads\/2021\/06\/inlet.jpg\" alt=\"giri\u015f\" class=\"wp-image-10617\" srcset=\"https:\/\/www.agriculture-machine.com\/wp-content\/uploads\/2021\/06\/inlet.jpg 450w, https:\/\/www.agriculture-machine.com\/wp-content\/uploads\/2021\/06\/inlet-360x222.jpg 360w\" sizes=\"auto, (max-width: 450px) 100vw, 450px\" \/><\/a><\/figure>    <figure class=\"wp-block-image size-large\"><a href=\"https:\/\/www.agriculture-machine.com\/wp-content\/uploads\/2021\/06\/stainless-steel-discharge-hopper.jpg\"><img loading=\"lazy\" decoding=\"async\" width=\"450\" height=\"278\" data-id=\"10618\" src=\"https:\/\/www.agriculture-machine.com\/wp-content\/uploads\/2021\/06\/stainless-steel-discharge-hopper.jpg\" alt=\"paslanmaz \u00e7elik bo\u015faltma haznesi\" class=\"wp-image-10618\" srcset=\"https:\/\/www.agriculture-machine.com\/wp-content\/uploads\/2021\/06\/stainless-steel-discharge-hopper.jpg 450w, https:\/\/www.agriculture-machine.com\/wp-content\/uploads\/2021\/06\/stainless-steel-discharge-hopper-360x222.jpg 360w\" sizes=\"auto, (max-width: 450px) 100vw, 450px\" \/><\/a><\/figure>    <figure class=\"wp-block-image size-large\"><a href=\"https:\/\/www.agriculture-machine.com\/wp-content\/uploads\/2021\/06\/High-precision-sieve.jpg\"><img loading=\"lazy\" decoding=\"async\" width=\"450\" height=\"278\" data-id=\"10616\" src=\"https:\/\/www.agriculture-machine.com\/wp-content\/uploads\/2021\/06\/High-precision-sieve.jpg\" alt=\"Y\u00fcksek hassasiyetli elek\" class=\"wp-image-10616\" srcset=\"https:\/\/www.agriculture-machine.com\/wp-content\/uploads\/2021\/06\/High-precision-sieve.jpg 450w, https:\/\/www.agriculture-machine.com\/wp-content\/uploads\/2021\/06\/High-precision-sieve-360x222.jpg 360w\" sizes=\"auto, (max-width: 450px) 100vw, 450px\" \/><\/a><\/figure> <\/figure>    <ol class=\"wp-block-list\"> <li>K\u00fc\u00e7\u00fck pirin\u00e7 ay\u0131klama makinesinin giri\u015f k\u0131sm\u0131 paslanmaz \u00e7elikten yap\u0131lm\u0131\u015ft\u0131r, bu da tah\u0131l\u0131n boya ile temas etmeden daha g\u00fcvenli olmas\u0131n\u0131 sa\u011flar.<\/li>    <li>Besleme a\u011fz\u0131n\u0131 derinle\u015ftirerek, bir seferde 40 kg tah\u0131l alabilir.<\/li>    <li>Kal\u0131n paslanmaz \u00e7elik bo\u015faltma haznesi ve bo\u015faltma yeri de paslanmaz \u00e7elikten yap\u0131lm\u0131\u015f olup, hijyen standartlar\u0131n\u0131 kar\u015f\u0131lamaktad\u0131r.<\/li>    <li>Y\u00fcksek hassasiyetli elek filtrasyonu, bo\u015faltma yeri k\u0131r\u0131k pirin\u00e7, kal\u0131nt\u0131, ta\u015f tozu ve di\u011fer k\u00fc\u00e7\u00fck par\u00e7alar\u0131 filtreleyebilir.<\/li> <\/ol>    <h2 class=\"wp-block-heading\">Ucuz ve k\u00fc\u00e7\u00fck pirin\u00e7 ay\u0131klama avantajlar\u0131<\/h2>    <ul class=\"wp-block-list\"> <li>Enerji tasarrufu ve \u00e7evre koruma, hassas \u00fcretim, saf bak\u0131r motor.<\/li>    <li>Basit yap\u0131, k\u00fc\u00e7\u00fck boyut ve d\u00fc\u015f\u00fck enerji t\u00fcketimi.<\/li>    <li>Geni\u015f uygulama alan\u0131: pirin\u00e7, dar\u0131, bu\u011fday, soya fasulyesi, mung fasulyesi vb.<\/li>    <li>Ulusal standartlara uygun y\u00fcksek kaliteli so\u011fuk haddelenmi\u015f \u00e7elik kullan\u0131m\u0131.<\/li> <\/ul>    <figure class=\"wp-block-gallery has-nested-images columns-2 is-cropped wp-block-gallery-4 is-layout-flex wp-block-gallery-is-layout-flex\"> <figure class=\"wp-block-image size-large\"><a href=\"https:\/\/www.agriculture-machine.com\/wp-content\/uploads\/2021\/06\/Small-white-rice-destoner.jpg\"><img loading=\"lazy\" decoding=\"async\" width=\"720\" height=\"540\" data-id=\"10622\" src=\"https:\/\/www.agriculture-machine.com\/wp-content\/uploads\/2021\/06\/Small-white-rice-destoner.jpg\" alt=\"K\u00fc\u00e7\u00fck beyaz pirin\u00e7 ay\u0131klama makinesi\" class=\"wp-image-10622\" srcset=\"https:\/\/www.agriculture-machine.com\/wp-content\/uploads\/2021\/06\/Small-white-rice-destoner.jpg 720w, https:\/\/www.agriculture-machine.com\/wp-content\/uploads\/2021\/06\/Small-white-rice-destoner-360x270.jpg 360w, https:\/\/www.agriculture-machine.com\/wp-content\/uploads\/2021\/06\/Small-white-rice-destoner-240x180.jpg 240w\" sizes=\"auto, (max-width: 720px) 100vw, 720px\" \/><\/a><\/figure>    <figure class=\"wp-block-image size-large\"><a href=\"https:\/\/www.agriculture-machine.com\/wp-content\/uploads\/2021\/06\/blowing-gravity-destoner-machine.jpg\"><img loading=\"lazy\" decoding=\"async\" width=\"720\" height=\"540\" data-id=\"10621\" src=\"https:\/\/www.agriculture-machine.com\/wp-content\/uploads\/2021\/06\/blowing-gravity-destoner-machine.jpg\" alt=\"\u00fcflemeli yer\u00e7ekimi ay\u0131klama makinesi\" class=\"wp-image-10621\" srcset=\"https:\/\/www.agriculture-machine.com\/wp-content\/uploads\/2021\/06\/blowing-gravity-destoner-machine.jpg 720w, https:\/\/www.agriculture-machine.com\/wp-content\/uploads\/2021\/06\/blowing-gravity-destoner-machine-360x270.jpg 360w, https:\/\/www.agriculture-machine.com\/wp-content\/uploads\/2021\/06\/blowing-gravity-destoner-machine-240x180.jpg 240w\" sizes=\"auto, (max-width: 720px) 100vw, 720px\" \/><\/a><\/figure> <\/figure>    <h2 class=\"wp-block-heading\">Pirincin toz giderme makinesi m\u00fc\u015fteri vakas\u0131<\/h2>    <p>Biz Togo'ya beyaz pirin\u00e7 ay\u0131klama makineleri ihra\u00e7 ediyoruz. M\u00fc\u015fteri beyaz pirin\u00e7le ilgileniyor ve ince kum ve safs\u0131zl\u0131klar\u0131 filtrelemek istiyor. <\/p>    <p>Bu k\u00fc\u00e7\u00fck ve ucuz beyaz pirin\u00e7 ay\u0131klama makinesi Afrika'da \u00e7ok pop\u00fclerdir ve her ailenin pirin\u00e7 yeme\u011fi i\u00e7in bir tane olmas\u0131 gerekir. <\/p>    <p>Bu t\u00fcr k\u00fc\u00e7\u00fck pirin\u00e7 ay\u0131klama makinesini her ay 1000 adet g\u00f6nderiyoruz. Fabrikam\u0131z her ay 2000 set \u00fcflemeli yer\u00e7ekimi pirin\u00e7 ay\u0131klama makinesi \u00fcretmektedir.<\/p>    <figure class=\"wp-block-gallery has-nested-images columns-2 is-cropped wp-block-gallery-5 is-layout-flex wp-block-gallery-is-layout-flex\"> <figure class=\"wp-block-image size-large\"><a href=\"https:\/\/www.agriculture-machine.com\/wp-content\/uploads\/2021\/06\/pack.jpg\"><img loading=\"lazy\" decoding=\"async\" width=\"720\" height=\"540\" data-id=\"10624\" src=\"https:\/\/www.agriculture-machine.com\/wp-content\/uploads\/2021\/06\/pack.jpg\" alt=\"paketle\" class=\"wp-image-10624\" srcset=\"https:\/\/www.agriculture-machine.com\/wp-content\/uploads\/2021\/06\/pack.jpg 720w, https:\/\/www.agriculture-machine.com\/wp-content\/uploads\/2021\/06\/pack-360x270.jpg 360w, https:\/\/www.agriculture-machine.com\/wp-content\/uploads\/2021\/06\/pack-240x180.jpg 240w\" sizes=\"auto, (max-width: 720px) 100vw, 720px\" \/><\/a><\/figure>    <figure class=\"wp-block-image size-large\"><a href=\"https:\/\/www.agriculture-machine.com\/wp-content\/uploads\/2021\/06\/packaging.jpg\"><img loading=\"lazy\" decoding=\"async\" width=\"720\" height=\"540\" data-id=\"10625\" src=\"https:\/\/www.agriculture-machine.com\/wp-content\/uploads\/2021\/06\/packaging.jpg\" alt=\"\" class=\"wp-image-10625\" srcset=\"https:\/\/www.agriculture-machine.com\/wp-content\/uploads\/2021\/06\/packaging.jpg 720w, https:\/\/www.agriculture-machine.com\/wp-content\/uploads\/2021\/06\/packaging-360x270.jpg 360w, https:\/\/www.agriculture-machine.com\/wp-content\/uploads\/2021\/06\/packaging-240x180.jpg 240w\" sizes=\"auto, (max-width: 720px) 100vw, 720px\" \/><\/a><\/figure> <\/figure>    <h2 class=\"wp-block-heading\"><\/h2>    <h2 class=\"wp-block-heading\">Teknik Parametreler<\/h2>    <figure class=\"wp-block-table is-style-stripes\"><table><tbody><tr><td>Model<\/td><td>I<\/td><td>II<\/td><td>III<\/td><td>IV<\/td><\/tr><tr><td>G\u00fc\u00e7<\/td><td>250w,220v<\/td><td>370w,220v<\/td><td>&nbsp;550w,380v<\/td><td>750w,380v<\/td><\/tr><tr><td>Makine boyutu<\/td><td>67*48*63cm<\/td><td>68*50*69.5cm<\/td><td>83*59*76cm<\/td><td>95*72*82cm<\/td><\/tr><tr><td>Kapasite<\/td><td>400kg\/h<\/td><td>400kg\/h<\/td><td>1000kg\/h<\/td><td>2000kg\/h<\/td><\/tr><\/tbody><\/table><figcaption class=\"wp-element-caption\">k\u00fc\u00e7\u00fck pirin\u00e7 ay\u0131klama teknik verileri<\/figcaption><\/figure>    <h2 class=\"wp-block-heading\">Makine nas\u0131l bak\u0131m yap\u0131l\u0131r?<\/h2>    <ol class=\"wp-block-list\"> <li><strong>D\u00fczenli temizlik<\/strong>: g\u00fcnl\u00fck kullan\u0131m sonras\u0131 ay\u0131klama makinesinin i\u00e7indeki kal\u0131nt\u0131lar\u0131 temizleyin, t\u0131kan\u0131kl\u0131k ve kontaminasyonu \u00f6nlemek i\u00e7in.<\/li>    <li><strong>Ya\u011flama bak\u0131m\u0131<\/strong>: mekanik par\u00e7alar\u0131n d\u00fczg\u00fcn \u00e7al\u0131\u015fmas\u0131n\u0131 sa\u011flamak ve hizmet \u00f6mr\u00fcn\u00fc uzatmak i\u00e7in d\u00fczenli olarak ya\u011flay\u0131c\u0131 ekleyin ve kontrol edin.<\/li>    <li><strong>Ekran\u0131 kontrol edin<\/strong>: ekran\u0131n a\u015f\u0131nma ve y\u0131rt\u0131lmas\u0131n\u0131 d\u00fczenli kontrol edin, k\u0131r\u0131k veya t\u0131kal\u0131ysa zaman\u0131nda de\u011fi\u015ftirin veya temizleyin.<\/li>    <li><strong>Elektrik muayenesi:<\/strong> Motor, kablo ve kontrol sistemini d\u00fczenli olarak kontrol edin, elektrikli par\u00e7alar\u0131n g\u00fcvenli ve g\u00fcvenilir oldu\u011fundan emin olun.<\/li>    <li><strong>S\u0131kma par\u00e7alar\u0131:<\/strong> D\u00fczenli olarak t\u00fcm c\u0131vata, somun ve di\u011fer ba\u011flant\u0131 par\u00e7alar\u0131n\u0131 kontrol edin ve s\u0131k\u0131n, gev\u015femeyi \u00f6nleyerek mekanik ar\u0131zalar\u0131 engelleyin.<\/li>    <li><strong>Korozyona kar\u015f\u0131 koruma i\u015flemi<\/strong>: Uzun s\u00fcre kullan\u0131lmayan makineler anti-korozyon i\u015flemi g\u00f6rmeli ve kuru, havadar bir ortamda saklanmal\u0131d\u0131r.<\/li> <\/ol>    <p>Our company offers many types of small rice destoner machines to meet different customers&#8217; needs. Whether you need a small home machine or a large industrial machine, we can provide you with the right solution. Feel free to contact us for more machine information and quotation, we are looking forward to cooperating with you to improve your production efficiency and rice product quality.<\/p>","protected":false},"excerpt":{"rendered":"<p>Bu k\u00fc\u00e7\u00fck pirin\u00e7 ay\u0131klama makinesi. K\u00fc\u00e7\u00fck kapasite olanlar ev kullan\u0131m\u0131 i\u00e7in \u00e7ok uygundur, b\u00fcy\u00fck kapasite olanlar de\u011firmenler taraf\u0131ndan kullan\u0131labilir.<\/p>","protected":false},"author":1,"featured_media":10623,"parent":0,"comment_status":"closed","ping_status":"closed","template":"","tags":[2621],"product-type":[907,875],"class_list":["post-10611","product","type-product","status-publish","has-post-thumbnail","hentry","tag-destoner","product-type-paddy-rice-destoner","product-type-rice-mill-category"],"_links":{"self":[{"href":"https:\/\/www.agriculture-machine.com\/tr\/wp-json\/wp\/v2\/product\/10611","targetHints":{"allow":["GET"]}}],"collection":[{"href":"https:\/\/www.agriculture-machine.com\/tr\/wp-json\/wp\/v2\/product"}],"about":[{"href":"https:\/\/www.agriculture-machine.com\/tr\/wp-json\/wp\/v2\/types\/product"}],"author":[{"embeddable":true,"href":"https:\/\/www.agriculture-machine.com\/tr\/wp-json\/wp\/v2\/users\/1"}],"replies":[{"embeddable":true,"href":"https:\/\/www.agriculture-machine.com\/tr\/wp-json\/wp\/v2\/comments?post=10611"}],"wp:featuredmedia":[{"embeddable":true,"href":"https:\/\/www.agriculture-machine.com\/tr\/wp-json\/wp\/v2\/media\/10623"}],"wp:attachment":[{"href":"https:\/\/www.agriculture-machine.com\/tr\/wp-json\/wp\/v2\/media?parent=10611"}],"wp:term":[{"taxonomy":"post_tag","embeddable":true,"href":"https:\/\/www.agriculture-machine.com\/tr\/wp-json\/wp\/v2\/tags?post=10611"},{"taxonomy":"product-type","embeddable":true,"href":"https:\/\/www.agriculture-machine.com\/tr\/wp-json\/wp\/v2\/product-type?post=10611"}],"curies":[{"name":"wp","href":"https:\/\/api.w.org\/{rel}","templated":true}]}}