{"id":10672,"date":"2021-06-11T10:04:44","date_gmt":"2021-06-11T02:04:44","guid":{"rendered":"https:\/\/www.agriculture-machine.com\/?p=10672"},"modified":"2024-09-18T15:51:29","modified_gmt":"2024-09-18T07:51:29","slug":"chicken-cow-pig-horse-dung-dehydrator-manure-dehydrator","status":"publish","type":"product","link":"https:\/\/www.agriculture-machine.com\/tr\/chicken-cow-pig-horse-dung-dehydrator-manure-dehydrator\/","title":{"rendered":"Tavuk, s\u0131\u011f\u0131r, domuz, at g\u00fcbresi kurutucu | g\u00fcbre kurutucu"},"content":{"rendered":"<p>Hayvan g\u00fcbresi kurutucu, ayn\u0131 zamanda k\u00fcmes hayvan\u0131 g\u00fcbresi kurutucu olarak da adland\u0131r\u0131l\u0131r. Domuz g\u00fcbresi, s\u0131\u011f\u0131r g\u00fcbresi, tav\u015fan g\u00fcbresi, tavuk g\u00fcbresi ve b\u00fcy\u00fck ve orta \u00f6l\u00e7ekli hayvan \u00e7iftliklerinde hayvan g\u00fcbresi kurutmak i\u00e7in kullan\u0131l\u0131r. Ayr\u0131ca, baz\u0131 ki\u015filer taraf\u0131ndan kat\u0131-s\u0131v\u0131 ay\u0131r\u0131c\u0131 olarak da adland\u0131r\u0131l\u0131r, distilasyon tah\u0131llar\u0131nda, ila\u00e7 art\u0131klar\u0131, at\u0131klar, mezbaha ve kanalizasyon m\u00fchendisli\u011finde y\u00fcksek yo\u011funluklu \u00e7amuru ve s\u0131v\u0131y\u0131 ay\u0131rmak i\u00e7in kullan\u0131labilir. Bu, ideal kurutma ekipman\u0131d\u0131r.<\/p>    <div class=\"wp-block-image\"><figure class=\"aligncenter size-large\"><img loading=\"lazy\" decoding=\"async\" width=\"720\" height=\"540\" src=\"https:\/\/www.agriculture-machine.com\/wp-content\/uploads\/2021\/06\/poultry-dung-dehydrator.jpg\" alt=\"K\u00fcmes hayvan\u0131 g\u00fcbresi kurutucu\" class=\"wp-image-10676\" srcset=\"https:\/\/www.agriculture-machine.com\/wp-content\/uploads\/2021\/06\/poultry-dung-dehydrator.jpg 720w, https:\/\/www.agriculture-machine.com\/wp-content\/uploads\/2021\/06\/poultry-dung-dehydrator-360x270.jpg 360w, https:\/\/www.agriculture-machine.com\/wp-content\/uploads\/2021\/06\/poultry-dung-dehydrator-240x180.jpg 240w\" sizes=\"auto, (max-width: 720px) 100vw, 720px\" \/><figcaption>K\u00fcmes hayvan\u0131 g\u00fcbresi kurutucu<\/figcaption><\/figure><\/div>    <h2 class=\"wp-block-heading\" id=\"h-structure-composition-of-screw-extrusion-dung-dehydrator\">Vida ekstr\u00fczyonlu g\u00fcbre kurutucusunun yap\u0131sal bile\u015fimi<\/h2>    <p>Vida ekstr\u00fczyonlu kat\u0131-s\u0131v\u0131 ay\u0131r\u0131c\u0131, ana \u00fcnite, t\u0131kan\u0131kl\u0131k yapmayan pompa, kontrol paneli, boru hatlar\u0131 ve di\u011fer ekipmanlardan olu\u015fur. Ana motor g\u00f6vdesi, a\u011f ekran, ekstr\u00fczyon vida, di\u015fli motor, denge a\u011f\u0131rl\u0131\u011f\u0131 ve bo\u015faltma cihaz\u0131 par\u00e7alardan olu\u015fur.<\/p>    <div class=\"wp-block-image\"><figure class=\"aligncenter size-large\"><img loading=\"lazy\" decoding=\"async\" width=\"720\" height=\"540\" src=\"https:\/\/www.agriculture-machine.com\/wp-content\/uploads\/2021\/06\/Structure-composition-of-screw-extrusion-dehydrator.jpg\" alt=\"Vida ekstr\u00fczyonlu kurutucu yap\u0131sal bile\u015fimi\" class=\"wp-image-10674\" srcset=\"https:\/\/www.agriculture-machine.com\/wp-content\/uploads\/2021\/06\/Structure-composition-of-screw-extrusion-dehydrator.jpg 720w, https:\/\/www.agriculture-machine.com\/wp-content\/uploads\/2021\/06\/Structure-composition-of-screw-extrusion-dehydrator-360x270.jpg 360w, https:\/\/www.agriculture-machine.com\/wp-content\/uploads\/2021\/06\/Structure-composition-of-screw-extrusion-dehydrator-240x180.jpg 240w\" sizes=\"auto, (max-width: 720px) 100vw, 720px\" \/><figcaption>Vida ekstr\u00fczyonlu kurutucu yap\u0131sal bile\u015fimi<\/figcaption><\/figure><\/div>    <h2 class=\"wp-block-heading\" id=\"h-working-principle-of-the-manure-dehydrator\">G\u00fcbre kurutucusunun \u00e7al\u0131\u015fma prensibi<\/h2>    <p>\u00c7amur pompas\u0131, ham g\u00fcbri makineye g\u00f6ndermek i\u00e7in kullan\u0131l\u0131r. Kat\u0131 maddeler, ekran d\u00fczeninde bulunan vida \u015faft\u0131 s\u0131k\u0131\u015ft\u0131r\u0131larak ayr\u0131l\u0131r. D\u0131\u015fk\u0131, bir ekran taraf\u0131ndan filtrelenir ve kurutulur, ard\u0131ndan tahliye portundan bo\u015falt\u0131l\u0131r. Kurutulmu\u015f d\u0131\u015fk\u0131 do\u011frudan sat\u0131labilir veya g\u00fcbre haline getirilebilir. S\u0131v\u0131, ekran arac\u0131l\u0131\u011f\u0131yla s\u0131v\u0131 \u00e7\u0131k\u0131\u015f\u0131ndan akar ve havuza ta\u015f\u0131n\u0131r, b\u00f6ylece at\u0131klar hazineye d\u00f6n\u00fc\u015ft\u00fcr\u00fcl\u00fcr.<\/p>    <p>Ana g\u00f6vdenin \u00fcst k\u0131sm\u0131 ta\u015fma deli\u011fi ile tasarlanm\u0131\u015ft\u0131r ve tahliye deli\u011fi, bo\u015falt\u0131lan malzemenin kuru nem oran\u0131n\u0131 ayarlayabilir.<\/p>    <div class=\"wp-block-image\"><figure class=\"aligncenter size-large\"><img loading=\"lazy\" decoding=\"async\" width=\"720\" height=\"518\" src=\"https:\/\/www.agriculture-machine.com\/wp-content\/uploads\/2021\/06\/working-principle-of-the-fecal-dehydrator-720x518.jpg\" alt=\"D\u0131\u015fk\u0131 kurutucusunun \u00e7al\u0131\u015fma prensibi\" class=\"wp-image-10677\" srcset=\"https:\/\/www.agriculture-machine.com\/wp-content\/uploads\/2021\/06\/working-principle-of-the-fecal-dehydrator-720x518.jpg 720w, https:\/\/www.agriculture-machine.com\/wp-content\/uploads\/2021\/06\/working-principle-of-the-fecal-dehydrator-360x259.jpg 360w, https:\/\/www.agriculture-machine.com\/wp-content\/uploads\/2021\/06\/working-principle-of-the-fecal-dehydrator.jpg 750w\" sizes=\"auto, (max-width: 720px) 100vw, 720px\" \/><figcaption>D\u0131\u015fk\u0131 kurutucusunun \u00e7al\u0131\u015fma prensibi<\/figcaption><\/figure><\/div>    <h2 class=\"wp-block-heading\" id=\"h-advantages-of-manure-dehydrator-machine\">G\u00fcbre kurutucu makinesinin avantajlar\u0131<\/h2>    <ul class=\"wp-block-list\"><li>1. Paslanmaz \u00e7elik vida vida, makinenin tamam\u0131 paslanmaz.<\/li><li>2. Yeni tip paslanmaz \u00e7elik \u00fcst kapak, s\u00f6kmesi kolayd\u0131r.<\/li><li>3. Filtreyi kal\u0131nla\u015ft\u0131r\u0131n, temizlemesi kolay ve hasar g\u00f6rmesi zor.<\/li><li>4. Y\u00fcksek kaliteli bak\u0131r \u00e7ekirdek motor, d\u00fc\u015f\u00fck g\u00fcr\u00fclt\u00fc ve y\u00fcksek g\u00fc\u00e7 sa\u011flar.<\/li><li>5. Kanalizasyon kesme pompas\u0131, t\u0131kama olmadan pislikler pompalanabilir.<\/li><\/ul>    <div class=\"wp-block-image\"><figure class=\"aligncenter size-large\"><img loading=\"lazy\" decoding=\"async\" width=\"720\" height=\"540\" src=\"https:\/\/www.agriculture-machine.com\/wp-content\/uploads\/2021\/06\/solid-liquid-separator.jpg\" alt=\"kat\u0131-s\u0131v\u0131 ay\u0131r\u0131c\u0131\" class=\"wp-image-10675\" srcset=\"https:\/\/www.agriculture-machine.com\/wp-content\/uploads\/2021\/06\/solid-liquid-separator.jpg 720w, https:\/\/www.agriculture-machine.com\/wp-content\/uploads\/2021\/06\/solid-liquid-separator-360x270.jpg 360w, https:\/\/www.agriculture-machine.com\/wp-content\/uploads\/2021\/06\/solid-liquid-separator-240x180.jpg 240w\" sizes=\"auto, (max-width: 720px) 100vw, 720px\" \/><figcaption>kat\u0131-s\u0131v\u0131 ay\u0131r\u0131c\u0131<\/figcaption><\/figure><\/div>    <h2 class=\"wp-block-heading\" id=\"h-why-should-dung-be-dehydrated\">Neden g\u00fcbre kurutulmal\u0131?<\/h2>    <p>D\u0131\u015fk\u0131 kurutucu kullan\u0131ld\u0131ktan sonra, domuz g\u00fcbresi, \u00f6rdek g\u00fcbresi, s\u0131\u011f\u0131r g\u00fcbresi, tavuk g\u00fcbresi ve di\u011fer k\u00fcmes hayvan\u0131 g\u00fcbreleri s\u0131v\u0131 g\u00fcbre ve kat\u0131 g\u00fcbreye ayr\u0131l\u0131r. S\u0131v\u0131 g\u00fcbre do\u011frudan \u00fcr\u00fcnlere ve emilime kullan\u0131labilir. Kat\u0131 g\u00fcbre, g\u00fcbresiz alanlara ta\u015f\u0131nabilir ve kullan\u0131labilir. Ayr\u0131ca, toprak yap\u0131s\u0131n\u0131 koruyabilir. Ayn\u0131 zamanda, fermente edildikten sonra bile\u015fik g\u00fcbre haline getirilebilir.<\/p>    <div class=\"wp-block-image\"><figure class=\"aligncenter size-large\"><img loading=\"lazy\" decoding=\"async\" width=\"720\" height=\"540\" src=\"https:\/\/www.agriculture-machine.com\/wp-content\/uploads\/2021\/06\/Manure-Organic-Fertilizer.jpg\" alt=\"G\u00fcbre-Biyolojik-G\u00fcbre\" class=\"wp-image-10678\" srcset=\"https:\/\/www.agriculture-machine.com\/wp-content\/uploads\/2021\/06\/Manure-Organic-Fertilizer.jpg 720w, https:\/\/www.agriculture-machine.com\/wp-content\/uploads\/2021\/06\/Manure-Organic-Fertilizer-360x270.jpg 360w, https:\/\/www.agriculture-machine.com\/wp-content\/uploads\/2021\/06\/Manure-Organic-Fertilizer-240x180.jpg 240w\" sizes=\"auto, (max-width: 720px) 100vw, 720px\" \/><figcaption>G\u00fcbre-Biyolojik-G\u00fcbre<\/figcaption><\/figure><\/div>    <h2 class=\"wp-block-heading\" id=\"h-who-can-buy-a-fecal-dehydrator\">Kimler d\u0131\u015fk\u0131 kurutucu sat\u0131n alabilir<\/h2>    <p>1. Domuz g\u00fcbresi i\u015fleme, domuz \u00e7iftliklerinde. Domuz \u00e7iftlikleri b\u00f6yle bir g\u00fcbre kurutucu sat\u0131n alabilir. Kurutulmu\u015f domuz g\u00fcbresi, 'nin alt\u0131nda nem i\u00e7eri\u011fi ile pelet \u00fcr\u00fcnler yapmak i\u00e7in kullan\u0131labilir. Hi\u00e7bir kimyasal bile\u015fen i\u00e7ermez. Tarla i\u00e7in ideal organik g\u00fcbredir.<\/p>    <div class=\"wp-block-image\"><figure class=\"aligncenter size-large\"><img loading=\"lazy\" decoding=\"async\" width=\"720\" height=\"540\" src=\"https:\/\/www.agriculture-machine.com\/wp-content\/uploads\/2021\/06\/pellet-organic-fertilizer.jpg\" alt=\"topak organik g\u00fcbre\" class=\"wp-image-10679\" srcset=\"https:\/\/www.agriculture-machine.com\/wp-content\/uploads\/2021\/06\/pellet-organic-fertilizer.jpg 720w, https:\/\/www.agriculture-machine.com\/wp-content\/uploads\/2021\/06\/pellet-organic-fertilizer-360x270.jpg 360w, https:\/\/www.agriculture-machine.com\/wp-content\/uploads\/2021\/06\/pellet-organic-fertilizer-240x180.jpg 240w\" sizes=\"auto, (max-width: 720px) 100vw, 720px\" \/><figcaption>topak organik g\u00fcbre<\/figcaption><\/figure><\/div>    <p class=\"translation-block\">2. Ayr\u0131lan d\u0131\u015fk\u0131, <a href=\"https:\/\/www.agriculture-machine.com\/tr\/combined-chaff-cutter-and-grinder-straw-cutter-and-grain-grinder\/\">saman saman\u0131<\/a> ile kar\u0131\u015ft\u0131r\u0131labilir ve tamamen fermente edilir. Gran\u00fcle edildikten sonra, bile\u015fik organik g\u00fcbre haline getirilebilir. Ayr\u0131ca, toprak kalitesini art\u0131rabilir ve verimi do\u011frudan y\u00fckseltebilir. Ayr\u0131ca, solucan yeti\u015ftirmek, mantar yeti\u015ftirmek, bal\u0131k beslemek gibi ama\u00e7lar i\u00e7in de kullan\u0131labilir; bunlar \u00e7iftli\u011finize \u00f6nemli ek gelir sa\u011flayabilir. Bu nedenle, g\u00fcbre kurutucu tar\u0131m i\u00e7in iyi bir ara\u00e7t\u0131r.<\/p>    <div class=\"wp-block-image\"><figure class=\"aligncenter size-large\"><img loading=\"lazy\" decoding=\"async\" width=\"720\" height=\"540\" src=\"https:\/\/www.agriculture-machine.com\/wp-content\/uploads\/2021\/06\/separated-feces-can-mix-with-straw-chaff.jpg\" alt=\"ayr\u0131lan d\u0131\u015fk\u0131, saman saman\u0131 ile kar\u0131\u015ft\u0131r\u0131labilir\" class=\"wp-image-10680\" srcset=\"https:\/\/www.agriculture-machine.com\/wp-content\/uploads\/2021\/06\/separated-feces-can-mix-with-straw-chaff.jpg 720w, https:\/\/www.agriculture-machine.com\/wp-content\/uploads\/2021\/06\/separated-feces-can-mix-with-straw-chaff-360x270.jpg 360w, https:\/\/www.agriculture-machine.com\/wp-content\/uploads\/2021\/06\/separated-feces-can-mix-with-straw-chaff-240x180.jpg 240w\" sizes=\"auto, (max-width: 720px) 100vw, 720px\" \/><figcaption>ayr\u0131lan d\u0131\u015fk\u0131, saman saman\u0131 ile kar\u0131\u015ft\u0131r\u0131labilir<\/figcaption><\/figure><\/div>    <p>3. S\u0131\u011f\u0131r \u00e7iftliklerinde s\u0131\u011f\u0131r g\u00fcbresi i\u015fleme. Ayr\u0131lan s\u0131\u011f\u0131r g\u00fcbresi, s\u0131\u011f\u0131r yatak malzemesi olarak kullan\u0131labilir. Ayr\u0131ca, s\u0131\u011f\u0131r g\u00fcbresi yak\u0131t\u0131 yaparak maliyetleri azaltabilir. Ayr\u0131lan s\u0131v\u0131 g\u00fcbre do\u011frudan biyogaz biyogaz\u0131na bo\u015falt\u0131labilir ve biyogaz \u00fcretim verimlili\u011fi artar. Biyogaz biyogaz\u0131 t\u0131kanmaz, bu da biyogaz biyogaz\u0131n\u0131n hizmet \u00f6mr\u00fcn\u00fc uzat\u0131r. Kat\u0131 g\u00fcbre ta\u015f\u0131maya uygundur ve y\u00fcksek fiyatla sat\u0131labilir.<\/p>    <p>4. Biyogaz biyogaz\u0131 kullan\u0131c\u0131s\u0131. G\u00fcbre suyu biyogaz biyogaz\u0131na girmeden \u00f6nce, kat\u0131-s\u0131v\u0131 ay\u0131rma \u00f6nlemleri, domuz g\u00fcbresi biyogaz\u0131nda \u00e7\u00f6kelme sorununu \u00e7\u00f6zebilir. Ayr\u0131ca, biyogaz biyogaz\u0131 kapasitesini b\u00fcy\u00fck \u00f6l\u00e7\u00fcde art\u0131r\u0131r. Ayn\u0131 zamanda, biyogaz tanklar\u0131 ve biyokimyasal tanklar\u0131n in\u015faat alan\u0131 \u00f6nemli \u00f6l\u00e7\u00fcde azal\u0131r. Bu, in\u015faat maliyetlerini ve \u00e7evre koruma i\u00e7in arazi kullan\u0131m\u0131n\u0131 tasarruf sa\u011flar.<\/p>    <h2 class=\"wp-block-heading\" id=\"h-why-choose-us\">Neden bizi se\u00e7melisiniz?<\/h2>    <p>Biz, tar\u0131m makineleri konusunda profesyonel bir \u00fcreticiyiz. \u015eu anda, g\u00fcbre kurutucumuz Pakistan, Hindistan, Malezya, Filipinler gibi \u00fclkelere ihra\u00e7 edilmi\u015ftir. G\u00fcbre kurutucu m\u00fc\u015fterisi Pakistan'a ihra\u00e7 edilmi\u015ftir ve m\u00fc\u015fteri, \u00e7ok say\u0131da s\u0131\u011f\u0131r yeti\u015ftirdi\u011fi i\u00e7in s\u0131\u011f\u0131r g\u00fcbresini kurutmak amac\u0131yla kullan\u0131yor. Ayr\u0131ca, herhangi bir g\u00fcbreyi bo\u015fa harcamak istemedi\u011fi i\u00e7in, saatte 7 metrek\u00fcp \u00e7\u0131k\u0131\u015f sa\u011flayan bir d\u0131\u015fk\u0131 kurutucu sat\u0131n ald\u0131.<\/p>    <div class=\"wp-block-image\"><figure class=\"aligncenter size-large\"><img loading=\"lazy\" decoding=\"async\" width=\"720\" height=\"339\" src=\"https:\/\/www.agriculture-machine.com\/wp-content\/uploads\/2021\/06\/manure-dehydrator.jpg\" alt=\"g\u00fcbre kurutucu\" class=\"wp-image-10687\" srcset=\"https:\/\/www.agriculture-machine.com\/wp-content\/uploads\/2021\/06\/manure-dehydrator.jpg 720w, https:\/\/www.agriculture-machine.com\/wp-content\/uploads\/2021\/06\/manure-dehydrator-360x170.jpg 360w\" sizes=\"auto, (max-width: 720px) 100vw, 720px\" \/><figcaption>g\u00fcbre kurutucu<\/figcaption><\/figure><\/div>    <h2 class=\"wp-block-heading\" id=\"h-what-does-a-fecal-dehydrator-include\">Bir d\u0131\u015fk\u0131 kurutucu ne i\u00e7erir?<\/h2>    <p>G\u00fcbre kurutucu, ana \u00fcnite, 4 kW pompa, kontrol paneli, bir \u00e7ift dengeleme a\u011f\u0131rl\u0131\u011f\u0131, bir emi\u015f borusu seti, bir tahliye borusu seti, kullan\u0131m k\u0131lavuzu ve garanti kart\u0131n\u0131 i\u00e7erir.<\/p>    <h2 class=\"wp-block-heading\" id=\"h-technical-parameters\">Teknik Parametreler<\/h2>    <figure class=\"wp-block-table\"><table><tbody><tr><td>Model<\/td><td>180<\/td><td>200<\/td><td>300<\/td><\/tr><tr><td>G\u00fc\u00e7<\/td><td>220\/380V<\/td><td>380V<\/td><td>380V<\/td><\/tr><tr><td>Makine g\u00fcc\u00fc<\/td><td>4kw<\/td><td>5.5kw<\/td><td>7.5kw<\/td><\/tr><tr><td>Pompa g\u00fcc\u00fc<\/td><td>3kw<\/td><td>3kw<\/td><td>3kw<\/td><\/tr><tr><td>Giri\u015f<\/td><td>76mm<\/td><td>76mm<\/td><td>76mm<\/td><\/tr><tr><td>Tahliye<\/td><td>102mm<\/td><td>102mm<\/td><td>102mm<\/td><\/tr><tr><td>Malzeme<\/td><td>304 paslanmaz \u00e7elik<\/td><td>304 paslanmaz \u00e7elik<\/td><td>304 paslanmaz \u00e7elik<\/td><\/tr><tr><td>G\u00fcbre \u00e7\u0131kar\u0131c\u0131<\/td><td>20M3\/h<\/td><td>20M3\/h<\/td><td>25M3\/h<\/td><\/tr><tr><td>Kuru g\u00fcbre<\/td><td>5M3\/h<\/td><td>7M3\/h<\/td><td>15M3\/h<\/td><\/tr><tr><td>Silindirin uzunlu\u011fu<\/td><td>180*600mm<\/td><td>200*600mm<\/td><td>300*600mm<\/td><\/tr><\/tbody><\/table><\/figure>","protected":false},"excerpt":{"rendered":"<p>Livestock dung dehydrator is also called poultry manure dehydrator. It is used for dehydrating&nbsp;pig dung, cattle dung, rabbits dung, chickens dung, and large and medium-sized livestock farms to treat animal manure.&nbsp;It is also called a solid-liquid separator by some people, which can be used to separate high-concentration slag and liquid in distiller grains, medicine residue, [&hellip;]<\/p>\n","protected":false},"author":1,"featured_media":10682,"parent":0,"comment_status":"closed","ping_status":"closed","template":"","tags":[2611],"product-type":[1],"class_list":["post-10672","product","type-product","status-publish","has-post-thumbnail","hentry","tag-dehydrator","product-type-other"],"_links":{"self":[{"href":"https:\/\/www.agriculture-machine.com\/tr\/wp-json\/wp\/v2\/product\/10672","targetHints":{"allow":["GET"]}}],"collection":[{"href":"https:\/\/www.agriculture-machine.com\/tr\/wp-json\/wp\/v2\/product"}],"about":[{"href":"https:\/\/www.agriculture-machine.com\/tr\/wp-json\/wp\/v2\/types\/product"}],"author":[{"embeddable":true,"href":"https:\/\/www.agriculture-machine.com\/tr\/wp-json\/wp\/v2\/users\/1"}],"replies":[{"embeddable":true,"href":"https:\/\/www.agriculture-machine.com\/tr\/wp-json\/wp\/v2\/comments?post=10672"}],"wp:featuredmedia":[{"embeddable":true,"href":"https:\/\/www.agriculture-machine.com\/tr\/wp-json\/wp\/v2\/media\/10682"}],"wp:attachment":[{"href":"https:\/\/www.agriculture-machine.com\/tr\/wp-json\/wp\/v2\/media?parent=10672"}],"wp:term":[{"taxonomy":"post_tag","embeddable":true,"href":"https:\/\/www.agriculture-machine.com\/tr\/wp-json\/wp\/v2\/tags?post=10672"},{"taxonomy":"product-type","embeddable":true,"href":"https:\/\/www.agriculture-machine.com\/tr\/wp-json\/wp\/v2\/product-type?post=10672"}],"curies":[{"name":"wp","href":"https:\/\/api.w.org\/{rel}","templated":true}]}}