{"id":10692,"date":"2021-06-17T09:08:09","date_gmt":"2021-06-17T01:08:09","guid":{"rendered":"https:\/\/www.agriculture-machine.com\/?p=10692"},"modified":"2024-08-20T17:43:39","modified_gmt":"2024-08-20T09:43:39","slug":"portable-milking-machine-for-cows-goats","status":"publish","type":"product","link":"https:\/\/www.agriculture-machine.com\/tr\/portable-milking-machine-for-cows-goats\/","title":{"rendered":"\u0130nek sa\u011f\u0131m makinesi | Ke\u00e7i sa\u011f\u0131m makinesi | Ke\u00e7i sa\u011f\u0131mc\u0131"},"content":{"rendered":"<p>\u0130nek sa\u011f\u0131m makinesi, koyun ve ke\u00e7i sa\u011fmak i\u00e7in kullan\u0131labilir. Ke\u00e7i ve inekler i\u00e7in sa\u011f\u0131m makinelerimiz piston pompa tipi ve vakum pompa tipi olmak \u00fczere ikiye ayr\u0131l\u0131r. Vakum sa\u011f\u0131m makinesinin sa\u011f\u0131m h\u0131z\u0131 \u00e7ok y\u00fcksektir ve ifade edilen s\u00fct nispeten temiz ve hijyeniktir.<\/p>    <figure class=\"wp-block-image aligncenter size-large\"><img loading=\"lazy\" decoding=\"async\" width=\"720\" height=\"381\" src=\"https:\/\/www.agriculture-machine.com\/wp-content\/uploads\/2021\/06\/milking-machine-for-cow-cattle.jpg\" alt=\"\u0130nek ve s\u0131\u011f\u0131r sa\u011f\u0131m makinesi\" class=\"wp-image-10707\" srcset=\"https:\/\/www.agriculture-machine.com\/wp-content\/uploads\/2021\/06\/milking-machine-for-cow-cattle.jpg 720w, https:\/\/www.agriculture-machine.com\/wp-content\/uploads\/2021\/06\/milking-machine-for-cow-cattle-360x191.jpg 360w\" sizes=\"auto, (max-width: 720px) 100vw, 720px\" \/><figcaption class=\"wp-element-caption\">\u0130nek ve s\u0131\u011f\u0131r sa\u011f\u0131m makinesi<\/figcaption><\/figure>    <h2 class=\"wp-block-heading\" id=\"h-types-of-cow-milking-machine\">\u0130nek sa\u011f\u0131m makinesi t\u00fcrleri<\/h2>    <p>\u0130nek sa\u011f\u0131m ekipmanlar\u0131m\u0131z, tek namlulu sa\u011f\u0131m makinesi ve zarif \u00e7ift namlulu ke\u00e7i sa\u011f\u0131m makinesi i\u00e7erir. S\u00fct kovas\u0131 hacmi, paslanmaz \u00e7elik 25 litrelik ve \u015feffaf 32 litrelik olmak \u00fczere iki tiptir. G\u00fc\u00e7, elektrik motorlar\u0131 ve benzinli motorlarla donat\u0131labilir, elektrik motorlar\u0131n\u0131n voltaj\u0131 \u00f6zelle\u015ftirilebilir.<\/p>    <figure class=\"wp-block-gallery has-nested-images columns-2 is-cropped wp-block-gallery-2 is-layout-flex wp-block-gallery-is-layout-flex\"> <figure class=\"wp-block-image size-large\"><a href=\"https:\/\/www.agriculture-machine.com\/wp-content\/uploads\/2021\/06\/Gasoline-double-barrel-milking-machine.jpg\"><img loading=\"lazy\" decoding=\"async\" width=\"720\" height=\"540\" data-id=\"10696\" src=\"https:\/\/www.agriculture-machine.com\/wp-content\/uploads\/2021\/06\/Gasoline-double-barrel-milking-machine.jpg\" alt=\"Benzinli \u00e7ift namlulu sa\u011f\u0131m makinesi\" class=\"wp-image-10696\" srcset=\"https:\/\/www.agriculture-machine.com\/wp-content\/uploads\/2021\/06\/Gasoline-double-barrel-milking-machine.jpg 720w, https:\/\/www.agriculture-machine.com\/wp-content\/uploads\/2021\/06\/Gasoline-double-barrel-milking-machine-360x270.jpg 360w, https:\/\/www.agriculture-machine.com\/wp-content\/uploads\/2021\/06\/Gasoline-double-barrel-milking-machine-240x180.jpg 240w\" sizes=\"auto, (max-width: 720px) 100vw, 720px\" \/><\/a><figcaption class=\"wp-element-caption\">Benzinli \u00e7ift namlulu sa\u011f\u0131m makinesi<\/figcaption><\/figure>    <figure class=\"wp-block-image size-large\"><a href=\"https:\/\/www.agriculture-machine.com\/wp-content\/uploads\/2021\/06\/Piston-single-barrel-milking-machine.jpg\"><img loading=\"lazy\" decoding=\"async\" width=\"720\" height=\"540\" data-id=\"10697\" src=\"https:\/\/www.agriculture-machine.com\/wp-content\/uploads\/2021\/06\/Piston-single-barrel-milking-machine.jpg\" alt=\"Piston tek namlulu sa\u011f\u0131m makinesi\" class=\"wp-image-10697\" srcset=\"https:\/\/www.agriculture-machine.com\/wp-content\/uploads\/2021\/06\/Piston-single-barrel-milking-machine.jpg 720w, https:\/\/www.agriculture-machine.com\/wp-content\/uploads\/2021\/06\/Piston-single-barrel-milking-machine-360x270.jpg 360w, https:\/\/www.agriculture-machine.com\/wp-content\/uploads\/2021\/06\/Piston-single-barrel-milking-machine-240x180.jpg 240w\" sizes=\"auto, (max-width: 720px) 100vw, 720px\" \/><\/a><figcaption class=\"wp-element-caption\">Piston tek namlulu sa\u011f\u0131m makinesi<\/figcaption><\/figure>    <figure class=\"wp-block-image size-large\"><a href=\"https:\/\/www.agriculture-machine.com\/wp-content\/uploads\/2021\/06\/Vacuum-double-barrel-milking-machine.jpg\"><img loading=\"lazy\" decoding=\"async\" width=\"720\" height=\"540\" data-id=\"10698\" src=\"https:\/\/www.agriculture-machine.com\/wp-content\/uploads\/2021\/06\/Vacuum-double-barrel-milking-machine.jpg\" alt=\"Vakum \u00e7ift namlulu sa\u011f\u0131m makinesi\" class=\"wp-image-10698\" srcset=\"https:\/\/www.agriculture-machine.com\/wp-content\/uploads\/2021\/06\/Vacuum-double-barrel-milking-machine.jpg 720w, https:\/\/www.agriculture-machine.com\/wp-content\/uploads\/2021\/06\/Vacuum-double-barrel-milking-machine-360x270.jpg 360w, https:\/\/www.agriculture-machine.com\/wp-content\/uploads\/2021\/06\/Vacuum-double-barrel-milking-machine-240x180.jpg 240w\" sizes=\"auto, (max-width: 720px) 100vw, 720px\" \/><\/a><figcaption class=\"wp-element-caption\">Vakum \u00e7ift namlulu sa\u011f\u0131m makinesi<\/figcaption><\/figure>    <figure class=\"wp-block-image size-large\"><a href=\"https:\/\/www.agriculture-machine.com\/wp-content\/uploads\/2021\/06\/Vacuum-single-barrel-milking-machine.jpg\"><img loading=\"lazy\" decoding=\"async\" width=\"720\" height=\"540\" data-id=\"10699\" src=\"https:\/\/www.agriculture-machine.com\/wp-content\/uploads\/2021\/06\/Vacuum-single-barrel-milking-machine.jpg\" alt=\"Vakum tek namlulu sa\u011f\u0131m makinesi\" class=\"wp-image-10699\" srcset=\"https:\/\/www.agriculture-machine.com\/wp-content\/uploads\/2021\/06\/Vacuum-single-barrel-milking-machine.jpg 720w, https:\/\/www.agriculture-machine.com\/wp-content\/uploads\/2021\/06\/Vacuum-single-barrel-milking-machine-360x270.jpg 360w, https:\/\/www.agriculture-machine.com\/wp-content\/uploads\/2021\/06\/Vacuum-single-barrel-milking-machine-240x180.jpg 240w\" sizes=\"auto, (max-width: 720px) 100vw, 720px\" \/><\/a><figcaption class=\"wp-element-caption\">Vakum tek namlulu sa\u011f\u0131m makinesi<\/figcaption><\/figure> <\/figure>    <h2 class=\"wp-block-heading\" id=\"h-piston-pump-type-milking-machine-structure\">Piston pompa tipi sa\u011f\u0131m makinesi yap\u0131s\u0131<\/h2>    <p>Ta\u015f\u0131nabilir inek s\u00fct makinemiz, destek \u00e7er\u00e7evesi, s\u00fct kovas\u0131, s\u00fct kupas\u0131 grubu, ayar valfi, s\u00fct toplay\u0131c\u0131, boru hatt\u0131, vakum g\u00f6stergesi, piston pompa, tahrik cihaz\u0131, motor ve \u00e7al\u0131\u015fma lambas\u0131ndan olu\u015fur.<\/p>    <figure class=\"wp-block-image aligncenter size-large\"><img loading=\"lazy\" decoding=\"async\" width=\"720\" height=\"540\" src=\"https:\/\/www.agriculture-machine.com\/wp-content\/uploads\/2021\/06\/Piston-pump-type-milking-machine-structure.jpg\" alt=\"sa\u011f\u0131m ekipmanlar\u0131\" class=\"wp-image-10694\" srcset=\"https:\/\/www.agriculture-machine.com\/wp-content\/uploads\/2021\/06\/Piston-pump-type-milking-machine-structure.jpg 720w, https:\/\/www.agriculture-machine.com\/wp-content\/uploads\/2021\/06\/Piston-pump-type-milking-machine-structure-360x270.jpg 360w, https:\/\/www.agriculture-machine.com\/wp-content\/uploads\/2021\/06\/Piston-pump-type-milking-machine-structure-240x180.jpg 240w\" sizes=\"auto, (max-width: 720px) 100vw, 720px\" \/><figcaption class=\"wp-element-caption\">sa\u011f\u0131m ekipmanlar\u0131<\/figcaption><\/figure>    <h3 class=\"wp-block-heading\" id=\"h-technical-parameters\">\u0130nek sa\u011f\u0131m makinesi teknik parametreleri<\/h3>    <figure class=\"wp-block-table is-style-stripes\"><table><tbody><tr><td>Model<\/td><td>HL-JN01<\/td><td>HL-JN02<\/td><\/tr><tr><td>Vakum<\/td><td>50 kPa<\/td><td>50 kPa<\/td><\/tr><tr><td>Vakum pompas\u0131<\/td><td>250L\/Dak<\/td><td>250L\/Dak<\/td><\/tr><tr><td>Gerilim<\/td><td>220v\/50Hz (Motor \u00f6zelle\u015ftirilebilir)<\/td><td>220\/50Hz (Motor \u00f6zelle\u015ftirilebilir)<\/td><\/tr><tr><td>G\u00fc\u00e7<\/td><td>0.75KW<\/td><td>1.1kw<\/td><\/tr><tr><td>Paslanmaz \u00e7elik sa\u011f\u0131m kovas\u0131<\/td><td>25L (\u015feffaf s\u00fct kovas\u0131)<\/td><td>25L (\u015feffaf s\u00fct kovas\u0131)<\/td><\/tr><tr><td>Kapasite<\/td><td>10-12 inek\/saat<\/td><td>20-24 inek\/saat<\/td><\/tr><tr><td>Sa\u011f\u0131m s\u00fcresi<\/td><td>5-6 dakika\/inek<\/td><td>5-6 dakika\/inek<\/td><\/tr><tr><td>Pulse oran\u0131<\/td><td>60:40<\/td><td>60:40<\/td><\/tr><tr><td>Uygun<\/td><td>\u0130nekler, ke\u00e7iler (meme kupas\u0131 de\u011fi\u015ftirilebilir)<\/td><td>\u0130nekler, ke\u00e7iler (meme kupas\u0131 de\u011fi\u015ftirilebilir)<\/td><\/tr><tr><td>Makine a\u011f\u0131rl\u0131\u011f\u0131<\/td><td>90kg<\/td><td>100kg<\/td><\/tr><tr><td>Ambalaj boyutu (Uzunluk x Geni\u015flik x Y\u00fckseklik)<\/td><td>800*650*980mm<\/td><td>800x720x980mm<\/td><\/tr><\/tbody><\/table><figcaption class=\"wp-element-caption\">\u0130nek sa\u011f\u0131m makinesi teknik verileri<\/figcaption><\/figure>    <h2 class=\"wp-block-heading\" id=\"h-composition-of-vacuum-cow-milking-machine\">Vakumlu inek sa\u011f\u0131m makinesi bile\u015fimi<\/h2>    <p>Sa\u011f\u0131m inek destek \u00e7er\u00e7evesi i\u00e7in vakum pompas\u0131, sa\u011f\u0131m haznesi, susturucu, pulsator, s\u00fct toplay\u0131c\u0131, vakum g\u00f6stergesi, hava borusu, s\u00fct hatt\u0131, s\u00fct hortumu ve vakum pompas\u0131 i\u00e7erir.<\/p>    <figure class=\"wp-block-image aligncenter size-large\"><img loading=\"lazy\" decoding=\"async\" width=\"720\" height=\"540\" src=\"https:\/\/www.agriculture-machine.com\/wp-content\/uploads\/2021\/06\/vacuum-milking-machine.jpg\" alt=\"Vakumlu sa\u011f\u0131m makinesi\" class=\"wp-image-10695\" srcset=\"https:\/\/www.agriculture-machine.com\/wp-content\/uploads\/2021\/06\/vacuum-milking-machine.jpg 720w, https:\/\/www.agriculture-machine.com\/wp-content\/uploads\/2021\/06\/vacuum-milking-machine-360x270.jpg 360w, https:\/\/www.agriculture-machine.com\/wp-content\/uploads\/2021\/06\/vacuum-milking-machine-240x180.jpg 240w\" sizes=\"auto, (max-width: 720px) 100vw, 720px\" \/><figcaption class=\"wp-element-caption\">Vakumlu sa\u011f\u0131m makinesi <\/figcaption><\/figure>    <p>Bu ke\u00e7i sa\u011f\u0131m ekipman\u0131 vakum pompas\u0131, d\u00f6ner kanatl\u0131 vakum pompas\u0131, do\u011frudan tahrik, kompakt ve makul yap\u0131, otomatik ya\u011flama cihaz\u0131 ile ar\u0131zas\u0131z \u00e7al\u0131\u015fmay\u0131 sa\u011flar.<\/p>    <h3 class=\"wp-block-heading\" id=\"h-technical-parameters-1\">Teknik Parametreler<\/h3>    <figure class=\"wp-block-table is-style-stripes\"><table><tbody><tr><td>Model<\/td><td>HL-JN04<\/td><td>HL-JN05<\/td><\/tr><tr><td>\u0130sim<\/td><td>Tek namlulu piston sa\u011f\u0131m makinesi<\/td><td>\u00c7ift namlulu piston sa\u011f\u0131m makinesi<\/td><\/tr><tr><td>Vakum<\/td><td>50 kPa<\/td><td>50 kPa<\/td><\/tr><tr><td>Vakum pompas\u0131<\/td><td>250L\/Dak<\/td><td>250L\/Dak<\/td><\/tr><tr><td>Gerilim<\/td><td>220v\/50Hz (Motor \u00f6zelle\u015ftirilebilir)<\/td><td>220\/50Hz (Motor \u00f6zelle\u015ftirilebilir)<\/td><\/tr><tr><td>G\u00fc\u00e7<\/td><td>0.55KW<\/td><td>0.75KW<\/td><\/tr><tr><td>Paslanmaz \u00e7elik sa\u011f\u0131m kovas\u0131<\/td><td>25L (\u015feffaf s\u00fct kovas\u0131)<\/td><td>25L (\u015feffaf s\u00fct kovas\u0131)<\/td><\/tr><tr><td>Kapasite<\/td><td>10-12 inek\/saat<\/td><td>20-24 inek\/saat<\/td><\/tr><tr><td>Sa\u011f\u0131m s\u00fcresi<\/td><td>5-6 dakika\/inek<\/td><td>5-6 dakika\/inek<\/td><\/tr><tr><td>Pulse oran\u0131<\/td><td>60:40<\/td><td>60:40<\/td><\/tr><tr><td>Uygun<\/td><td>\u0130nekler, ke\u00e7iler (meme kupas\u0131 de\u011fi\u015ftirilebilir)<\/td><td>\u0130nekler, ke\u00e7iler (meme kupas\u0131 de\u011fi\u015ftirilebilir)<\/td><\/tr><tr><td>Makine a\u011f\u0131rl\u0131\u011f\u0131<\/td><td>68kg<\/td><td>98kg<\/td><\/tr><tr><td>Ambalaj boyutu (Uzunluk x Geni\u015flik x Y\u00fckseklik)<\/td><td>800x620x1000mm<\/td><td>800x650x1000mm<\/td><\/tr><\/tbody><\/table><figcaption class=\"wp-element-caption\">\u0130nek sa\u011f\u0131m makinesi hakk\u0131nda detayl\u0131 bilgi<\/figcaption><\/figure>    <p>Paslanmaz \u00e7elik vakum tank\u0131 kullan\u0131l\u0131r ve ke\u00e7i s\u00fct\u00fc, kau\u00e7uk boru arac\u0131l\u0131\u011f\u0131yla vakum tank\u0131na pompalan\u0131r. Vakum tank\u0131, vakum reg\u00fclat\u00f6r\u00fc ve pulsator ile donat\u0131lm\u0131\u015ft\u0131r. S\u00fct kovas\u0131 paslanmaz \u00e7elikten yap\u0131lm\u0131\u015f ve \u00e7al\u0131\u015fma s\u0131ras\u0131nda s\u0131zd\u0131rmazl\u0131k sa\u011flayan kau\u00e7uk conta ile donat\u0131lm\u0131\u015ft\u0131r. <\/p>    <p>Meme kab\u0131, otomatik anahtarla monte edilmi\u015ftir, bu, g\u00f6\u011fs\u00fc korumak i\u00e7in \u00f6nemli bir \u00f6nlemdir ve emme durdurma valfi ile donat\u0131lm\u0131\u015ft\u0131r. \u0130thal pulsator kullan\u0131l\u0131r, pulsasyon dalga formu son derece stabil ve g\u00fcvenilirdir.<\/p>    <h2 class=\"wp-block-heading\" id=\"h-working-of-cow-milking-machine\">\u0130nek sa\u011f\u0131m makinesi \u00fczerinde \u00e7al\u0131\u015fma<\/h2>    <p>Sa\u011f\u0131m bas\u0131nc\u0131n\u0131 kontrol edin ve makineyi \u00e7al\u0131\u015ft\u0131rd\u0131ktan sonra 2-3 dakika \u00e7al\u0131\u015ft\u0131r\u0131n. T\u00fcm hareketli par\u00e7alarda yap\u0131\u015fma veya anormal ses olmamal\u0131d\u0131r. Ard\u0131ndan, s\u00fct kab\u0131 grubunu ters \u00e7evirin (yani, s\u00fct toplay\u0131c\u0131s\u0131n\u0131n ba\u011flant\u0131 portlar\u0131 yukar\u0131 bakacak ve s\u00fct kab\u0131 a\u011fz\u0131 a\u015fa\u011f\u0131 bakacak \u015fekilde), ve vakum g\u00f6stergesinin ibresi 0.04-0.045 Mpa'ya ula\u015fmal\u0131d\u0131r. <\/p>    <p>Vakum \u00e7ok y\u00fcksek veya \u00e7ok d\u00fc\u015f\u00fck olursa, ayar valfini (saat y\u00f6n\u00fcnde) ayarlay\u0131n. D\u00f6nd\u00fcrme s\u0131ras\u0131nda vakum derecesi artar, saat y\u00f6n\u00fcn\u00fcn tersine d\u00f6nd\u00fcrerek vakum derecesi azal\u0131r) ve sa\u011f\u0131m i\u015flemi ba\u015flamadan \u00f6nce gereken sa\u011f\u0131m bas\u0131nc\u0131na ula\u015fmas\u0131n\u0131 sa\u011flay\u0131n. Bu, sa\u011f\u0131m bile\u015fenleri \u00e7al\u0131\u015ft\u0131r\u0131l\u0131rken \u00e7ok \u00f6nemlidir.<\/p>    <h3 class=\"wp-block-heading\" id=\"h-installation-of-milk-cup\">S\u00fct kab\u0131 montaj\u0131<\/h3>    <p>Sa\u011f\u0131mc\u0131, sol elinde ters \u00e7evrilmi\u015f s\u00fct kab\u0131 setiyle ine\u011fin yan\u0131na durmal\u0131 (s\u00fct toplay\u0131c\u0131 ba\u011flant\u0131 borular\u0131 yukar\u0131 bakmal\u0131 ve meme kupalar\u0131 a\u015fa\u011f\u0131 bakmal\u0131) ve meme alt\u0131na yerle\u015ftirmeli. K\u0131sa t\u00fcpleri birer birer b\u00fckerek havan\u0131n i\u00e7eri girmesini engelleyin), meme \u00fczerine h\u0131zl\u0131ca yerle\u015ftirin, k\u0131sa t\u00fcpleri gerin ve vakum meme ucunu emmeye ba\u015flar.<\/p>    <h3 class=\"wp-block-heading\" id=\"h-milk-flow-control\">S\u00fct ak\u0131\u015f\u0131n\u0131 kontrol etme<\/h3>    <p>Sa\u011f\u0131m, normal \u00e7al\u0131\u015fma vakumu alt\u0131nda yap\u0131lmal\u0131d\u0131r (genellikle 0.05Mpa'dan fazla olmamal\u0131d\u0131r). S\u00fct ak\u0131\u015f\u0131 d\u00fc\u015f\u00fckse, g\u00f6\u011fs\u00fc elle masaj yapabilirsiniz. S\u00fct ak\u0131\u015f\u0131 durursa, s\u00fct toplay\u0131c\u0131y\u0131 elle 5-10 saniye bas\u0131l\u0131 tutarak sa\u011f\u0131m\u0131 s\u00fcrd\u00fcrebilirsiniz. <\/p>    <p>Sonra, meme toplay\u0131c\u0131y\u0131 bir elinizle tutun ve di\u011fer elinizle meme ucunun a\u00e7ma noktas\u0131na bas\u0131n, havan\u0131n i\u00e7eri girmesine izin verin ve meme u\u00e7lar\u0131n\u0131 farkl\u0131 y\u00f6nlerden h\u0131zl\u0131ca hareket ettirin.<\/p>    <h3 class=\"wp-block-heading\" id=\"h-other-conditions\">Di\u011fer ko\u015fullar<\/h3>    <p>\u0130ne\u011fin ve koyunun ilk birka\u00e7 g\u00fcn d\u00fc\u015f\u00fck s\u00fct \u00fcretimi olabilir veya meme kupas\u0131 d\u00fc\u015febilir. Bu zaman manuel sa\u011f\u0131m yapmay\u0131n, aksi takdirde makineli sa\u011f\u0131m\u0131 kabul etmekte zorluk ya\u015fayabilirler. <\/p>    <p>\u0130lk kullan\u0131mdan birka\u00e7 g\u00fcn \u00f6nce, ah\u0131ra makineyi yerle\u015ftirin ve makinenin ve inek sa\u011f\u0131m makinesindeki di\u011fer \u015feylerin sesine al\u0131\u015fmas\u0131n\u0131 sa\u011flay\u0131n, yakla\u015f\u0131k 2-4 g\u00fcn. \u0130nek yava\u015f yava\u015f sa\u011f\u0131m makinesine al\u0131\u015facak ve s\u00fct \u00fcretimi normale d\u00f6necektir.<\/p>    <h2 class=\"wp-block-heading\" id=\"h-advantages-of-vacuum-pump-milking-machine\">Vakum pompas\u0131 sa\u011f\u0131m makinesinin avantajlar\u0131<\/h2>    <ul class=\"wp-block-list\"> <li>D\u00fc\u015f\u00fck g\u00fcr\u00fclt\u00fc, basit yap\u0131, esnek ve kullan\u0131\u015fl\u0131 operasyon, stabil \u00e7al\u0131\u015fma, y\u00fcksek sa\u011f\u0131m verimlili\u011fi, d\u00f6n\u00fc\u015f\u00fcml\u00fc sa\u011f\u0131m.<\/li>    <li>Pulsator ile donat\u0131lm\u0131\u015f, sa\u011f\u0131m nazik\u00e7e, meme zarar vermeden ve s\u00fct \u00fcretimini art\u0131rmaya yard\u0131mc\u0131 olur.<\/li>    <li>Vakumlu mobil koyun sa\u011f\u0131m ekipman\u0131n\u0131n stabil performans, b\u00fcy\u00fck etkili vakum tank\u0131 depolama, d\u00fc\u015f\u00fck g\u00fcr\u00fclt\u00fc ve basit kullan\u0131m avantajlar\u0131 vard\u0131r.<\/li>    <li>Sa\u011f\u0131m makinesi yatay konumda \u00e7al\u0131\u015f\u0131r ve ke\u00e7i sa\u011f\u0131m\u0131na yan taraftan itilir. Ayr\u0131ca, boru sa\u011f\u0131m\u0131 i\u00e7in vakum kayna\u011f\u0131 olarak da ba\u011flanabilir.<\/li> <\/ul>    <h2 class=\"wp-block-heading\" id=\"h-packing-and-shipping\">Ambalaj ve nakliye<\/h2>    <p>M\u00fc\u015fterilerimizden sipari\u015f verdikten sonra, hemen sevkiyat yapaca\u011f\u0131z \u00e7\u00fcnk\u00fc \u00e7e\u015fitli tipteki inek sa\u011f\u0131m makinelerimiz stokta bulunmaktad\u0131r. Ah\u015fap kutu ambalaj kullan\u0131yoruz, bu nedenle bir\u00e7ok ihra\u00e7 edilen makine m\u00fc\u015fterilerden tam not ald\u0131. M\u00fc\u015fteri makineyi iyi durumda teslim ald\u0131.<\/p>    <figure class=\"wp-block-gallery has-nested-images columns-2 is-cropped wp-block-gallery-3 is-layout-flex wp-block-gallery-is-layout-flex\"> <figure class=\"wp-block-image size-large\"><a href=\"https:\/\/www.agriculture-machine.com\/wp-content\/uploads\/2021\/06\/milking-machine-in-stock-.jpg\"><img loading=\"lazy\" decoding=\"async\" width=\"720\" height=\"540\" data-id=\"10708\" src=\"https:\/\/www.agriculture-machine.com\/wp-content\/uploads\/2021\/06\/milking-machine-in-stock-.jpg\" alt=\"Stokta sa\u011f\u0131m makinesi\" class=\"wp-image-10708\" srcset=\"https:\/\/www.agriculture-machine.com\/wp-content\/uploads\/2021\/06\/milking-machine-in-stock-.jpg 720w, https:\/\/www.agriculture-machine.com\/wp-content\/uploads\/2021\/06\/milking-machine-in-stock--360x270.jpg 360w, https:\/\/www.agriculture-machine.com\/wp-content\/uploads\/2021\/06\/milking-machine-in-stock--240x180.jpg 240w\" sizes=\"auto, (max-width: 720px) 100vw, 720px\" \/><\/a><figcaption class=\"wp-element-caption\">Stokta sa\u011f\u0131m makinesi<\/figcaption><\/figure>    <figure class=\"wp-block-image size-large\"><a href=\"https:\/\/www.agriculture-machine.com\/wp-content\/uploads\/2021\/06\/Milking-machine-in-stock.jpg\"><img loading=\"lazy\" decoding=\"async\" width=\"720\" height=\"540\" data-id=\"10709\" src=\"https:\/\/www.agriculture-machine.com\/wp-content\/uploads\/2021\/06\/Milking-machine-in-stock.jpg\" alt=\"Stokta sa\u011f\u0131m makinesi\" class=\"wp-image-10709\" srcset=\"https:\/\/www.agriculture-machine.com\/wp-content\/uploads\/2021\/06\/Milking-machine-in-stock.jpg 720w, https:\/\/www.agriculture-machine.com\/wp-content\/uploads\/2021\/06\/Milking-machine-in-stock-360x270.jpg 360w, https:\/\/www.agriculture-machine.com\/wp-content\/uploads\/2021\/06\/Milking-machine-in-stock-240x180.jpg 240w\" sizes=\"auto, (max-width: 720px) 100vw, 720px\" \/><\/a><figcaption class=\"wp-element-caption\">Stokta sa\u011f\u0131m makinesi<\/figcaption><\/figure>    <figure class=\"wp-block-image size-large\"><a href=\"https:\/\/www.agriculture-machine.com\/wp-content\/uploads\/2021\/06\/packing-of-cow-milking-machine.jpg\"><img loading=\"lazy\" decoding=\"async\" width=\"720\" height=\"540\" data-id=\"10710\" src=\"https:\/\/www.agriculture-machine.com\/wp-content\/uploads\/2021\/06\/packing-of-cow-milking-machine.jpg\" alt=\"\u0130nek sa\u011f\u0131m makinesi ambalaj\u0131\" class=\"wp-image-10710\" srcset=\"https:\/\/www.agriculture-machine.com\/wp-content\/uploads\/2021\/06\/packing-of-cow-milking-machine.jpg 720w, https:\/\/www.agriculture-machine.com\/wp-content\/uploads\/2021\/06\/packing-of-cow-milking-machine-360x270.jpg 360w, https:\/\/www.agriculture-machine.com\/wp-content\/uploads\/2021\/06\/packing-of-cow-milking-machine-240x180.jpg 240w\" sizes=\"auto, (max-width: 720px) 100vw, 720px\" \/><\/a><figcaption class=\"wp-element-caption\">\u0130nek sa\u011f\u0131m makinesi ambalaj\u0131<\/figcaption><\/figure>    <figure class=\"wp-block-image size-large\"><a href=\"https:\/\/www.agriculture-machine.com\/wp-content\/uploads\/2021\/06\/shipping-of-goat-milking-machine.jpg\"><img loading=\"lazy\" decoding=\"async\" width=\"720\" height=\"540\" data-id=\"10711\" src=\"https:\/\/www.agriculture-machine.com\/wp-content\/uploads\/2021\/06\/shipping-of-goat-milking-machine.jpg\" alt=\"Ke\u00e7i sa\u011f\u0131m makinesi sevkiyat\u0131\" class=\"wp-image-10711\" srcset=\"https:\/\/www.agriculture-machine.com\/wp-content\/uploads\/2021\/06\/shipping-of-goat-milking-machine.jpg 720w, https:\/\/www.agriculture-machine.com\/wp-content\/uploads\/2021\/06\/shipping-of-goat-milking-machine-360x270.jpg 360w, https:\/\/www.agriculture-machine.com\/wp-content\/uploads\/2021\/06\/shipping-of-goat-milking-machine-240x180.jpg 240w\" sizes=\"auto, (max-width: 720px) 100vw, 720px\" \/><\/a><figcaption class=\"wp-element-caption\">Ke\u00e7i sa\u011f\u0131m makinesi sevkiyat\u0131<\/figcaption><\/figure> <\/figure>","protected":false},"excerpt":{"rendered":"<p>Bu makale inek sa\u011f\u0131m makinesi t\u00fcrlerini g\u00f6sterir. Piston sa\u011f\u0131m makineleri, vakum sa\u011f\u0131m makineleri mevcuttur. Ke\u00e7iler, inekler vb. i\u00e7in uygundur.<\/p>","protected":false},"author":1,"featured_media":10704,"parent":0,"comment_status":"closed","ping_status":"closed","template":"","tags":[947,946],"product-type":[1],"class_list":["post-10692","product","type-product","status-publish","has-post-thumbnail","hentry","tag-cow","tag-goat","product-type-other"],"_links":{"self":[{"href":"https:\/\/www.agriculture-machine.com\/tr\/wp-json\/wp\/v2\/product\/10692","targetHints":{"allow":["GET"]}}],"collection":[{"href":"https:\/\/www.agriculture-machine.com\/tr\/wp-json\/wp\/v2\/product"}],"about":[{"href":"https:\/\/www.agriculture-machine.com\/tr\/wp-json\/wp\/v2\/types\/product"}],"author":[{"embeddable":true,"href":"https:\/\/www.agriculture-machine.com\/tr\/wp-json\/wp\/v2\/users\/1"}],"replies":[{"embeddable":true,"href":"https:\/\/www.agriculture-machine.com\/tr\/wp-json\/wp\/v2\/comments?post=10692"}],"wp:featuredmedia":[{"embeddable":true,"href":"https:\/\/www.agriculture-machine.com\/tr\/wp-json\/wp\/v2\/media\/10704"}],"wp:attachment":[{"href":"https:\/\/www.agriculture-machine.com\/tr\/wp-json\/wp\/v2\/media?parent=10692"}],"wp:term":[{"taxonomy":"post_tag","embeddable":true,"href":"https:\/\/www.agriculture-machine.com\/tr\/wp-json\/wp\/v2\/tags?post=10692"},{"taxonomy":"product-type","embeddable":true,"href":"https:\/\/www.agriculture-machine.com\/tr\/wp-json\/wp\/v2\/product-type?post=10692"}],"curies":[{"name":"wp","href":"https:\/\/api.w.org\/{rel}","templated":true}]}}